{"id":73,"date":"2016-06-14T06:15:58","date_gmt":"2016-06-14T06:15:58","guid":{"rendered":"http:\/\/sw-themes.com\/porto_dummy\/?page_id=73"},"modified":"2025-04-28T08:35:16","modified_gmt":"2025-04-28T08:35:16","slug":"kontakt-nas","status":"publish","type":"page","link":"https:\/\/narkoprasek.com\/nl\/contact-met-ons-opnemen\/","title":{"rendered":"Neem contact met ons op"},"content":{"rendered":"<div class=\"wpb-content-wrapper\"><div class=\"vc_row wpb_row top-row m-t-md porto-inner-container\"><div class=\"porto-wrap-container container\"><div class=\"row\"><div class=\"vc_column_container col-md-12\"><div class=\"wpb_wrapper vc_column-inner\"><div class=\"porto-u-heading m-b-xxl  wpb_custom_95aa9a11c17ad45cfabaf210d84ee7cc porto-u-6605\"><div class=\"porto-u-main-heading\"><h2   style=\"margin-bottom: 5px;font-size:24px;letter-spacing:-0.025em;\">Contactgegevens<\/h2><\/div><div class=\"porto-u-sub-heading\" style=\"font-size:14px;line-height:28px;letter-spacing:-0.025em;\">\"Neem contact op via WhatsApp, e-mail of ons handige contactformulier. Je kunt er zeker van zijn dat je vragen binnen 24 uur worden beantwoord, zodat je verzekerd bent van tijdige hulp en ondersteuning.\"<\/div><style>.porto-u-6605.porto-u-heading{text-align:center}<\/style><\/div><\/div><\/div><div class=\"vc_column_container col-md-6 col-xl-3 col-lg-3 col-12\"><div class=\"wpb_wrapper vc_column-inner\"><div class=\"porto-sicon-box custom-info-1  wpb_custom_6bd3ea43243bb56571d580d187f8d1d7 style_1 top-icon\"><div class=\"porto-sicon-top\"><div class=\"porto-just-icon-wrapper porto-icon none\" style=\"color:#0088cc;font-size:45px;margin-bottom:20px;\"><i class=\"Simple-Line-Icons-pointer\"><\/i><\/div><\/div><div class=\"porto-sicon-header\"><h3 class=\"porto-sicon-title\" style=\"font-weight:700;font-size:20px;line-height:22px;letter-spacing:-0.025em;\">ADRES<\/h3><p style=\"font-size:14px;line-height:22px;letter-spacing:-0.025em;\">Velk\u00fd pr\u016fhon 304, \u017dehun, Stredocesk\u00fd kraj 289 05<\/p><\/div> <!-- header --><\/div><!-- porto-sicon-box --><\/div><\/div><div class=\"vc_column_container col-md-6 col-xl-3 col-lg-3 col-12\"><div class=\"wpb_wrapper vc_column-inner\"><a class=\"porto-sicon-box-link\" href=\"https:\/\/wa.me\/+31619169100\"><div class=\"porto-sicon-box text-color-body custom-info-1  wpb_custom_6bd3ea43243bb56571d580d187f8d1d7 style_1 top-icon\"><div class=\"porto-sicon-top\"><div class=\"porto-just-icon-wrapper porto-icon none\" style=\"color:#0088cc;font-size:45px;margin-bottom:20px;\"><i class=\"fas fa-mobile-alt\"><\/i><\/div><\/div><div class=\"porto-sicon-header\"><h3 class=\"porto-sicon-title\" style=\"font-weight:700;font-size:20px;line-height:22px;letter-spacing:-0.025em;\">Whatsapp<\/h3><p style=\"font-size:14px;line-height:22px;letter-spacing:-0.025em;color:#777777;\">+49 1637137556<\/p><\/div> <!-- header --><\/div><!-- porto-sicon-box --><\/a><\/div><\/div><div class=\"vc_column_container col-md-6 col-xl-3 col-lg-3 col-12\"><div class=\"wpb_wrapper vc_column-inner\"><a class=\"porto-sicon-box-link\" href=\"mailto:porto@portotheme.com\"><div class=\"porto-sicon-box text-color-body custom-info-1  wpb_custom_6bd3ea43243bb56571d580d187f8d1d7 style_1 top-icon\"><div class=\"porto-sicon-top\"><div class=\"porto-just-icon-wrapper porto-icon none\" style=\"color:#0088cc;font-size:45px;margin-bottom:20px;\"><i class=\"far fa-envelope\"><\/i><\/div><\/div><div class=\"porto-sicon-header\"><h3 class=\"porto-sicon-title\" style=\"font-weight:700;font-size:20px;line-height:22px;letter-spacing:-0.025em;\">E-MAIL:<\/h3><p style=\"font-size:14px;line-height:22px;letter-spacing:-0.025em;color:#777777;\">kontakt@narkoprasek.com<\/p><\/div> <!-- header --><\/div><!-- porto-sicon-box --><\/a><\/div><\/div><div class=\"vc_column_container col-md-6 col-xl-3 col-lg-3 col-12\"><div class=\"wpb_wrapper vc_column-inner\"><div class=\"porto-sicon-box custom-info-1  wpb_custom_6bd3ea43243bb56571d580d187f8d1d7 style_1 top-icon\"><div class=\"porto-sicon-top\"><div class=\"porto-just-icon-wrapper porto-icon none\" style=\"color:#0088cc;font-size:45px;margin-bottom:20px;\"><i class=\"far fa-calendar-alt\"><\/i><\/div><\/div><div class=\"porto-sicon-header\"><h3 class=\"porto-sicon-title\" style=\"font-weight:700;font-size:20px;line-height:22px;letter-spacing:-0.025em;\">WERKDAGEN\/UREN:<\/h3><p style=\"font-size:14px;line-height:22px;letter-spacing:-0.025em;color:#777777;\">Ma t\/m zo \/ 9:00 - 20:00<\/p><\/div> <!-- header --><\/div><!-- porto-sicon-box --><\/div><\/div><div class=\"vc_column_container col-md-12\"><div class=\"wpb_wrapper vc_column-inner\"><div class=\"porto-separator   my-5 pb-3\"><hr class=\"separator-line  align_center\" style=\"background-image: -webkit-linear-gradient(left, transparent, #e7e7e7, transparent); background-image: linear-gradient(to right, transparent, #e7e7e7, transparent);\"><\/div><\/div><\/div><\/div><\/div><\/div><div data-vc-full-width=\"true\" data-vc-full-width-init=\"false\" data-vc-stretch-content=\"true\" class=\"vc_row wpb_row top-row porto-inner-container\"><div class=\"porto-wrap-container container\"><div class=\"row\"><div class=\"vc_column_container col-md-12\"><div class=\"wpb_wrapper vc_column-inner\"><h2 style=\"font-size: 24px\" class=\"vc_custom_heading ls-negative-1 vc_custom_1704109333783 align-left\" >Schrijf ons een bericht<\/h2><div class=\"wpb_custom_9c3b335856f670235edcfcaf561ac48b\">\n<div class=\"wpcf7 no-js\" id=\"wpcf7-f74-o1\" lang=\"en-US\" dir=\"ltr\" data-wpcf7-id=\"74\">\n<div class=\"screen-reader-response\"><p role=\"status\" aria-live=\"polite\" aria-atomic=\"true\"><\/p> <ul><\/ul><\/div>\n<form action=\"\/nl\/wp-json\/wp\/v2\/pages\/73#wpcf7-f74-o1\" method=\"post\" class=\"wpcf7-form init\" aria-label=\"Contact form\" novalidate=\"novalidate\" data-status=\"init\" data-trp-original-action=\"\/nl\/wp-json\/wp\/v2\/pages\/73#wpcf7-f74-o1\">\n<div style=\"display: none;\">\n<input type=\"hidden\" name=\"_wpcf7\" value=\"74\" \/>\n<input type=\"hidden\" name=\"_wpcf7_version\" value=\"6.0.6\" \/>\n<input type=\"hidden\" name=\"_wpcf7_locale\" value=\"en_US\" \/>\n<input type=\"hidden\" name=\"_wpcf7_unit_tag\" value=\"wpcf7-f74-o1\" \/>\n<input type=\"hidden\" name=\"_wpcf7_container_post\" value=\"0\" \/>\n<input type=\"hidden\" name=\"_wpcf7_posted_data_hash\" value=\"\" \/>\n<\/div>\n<div class=\"row\">\n\t<div class=\"col-lg-12\">\n\t\t<div class=\"form-group\">\n\t\t\t<p><label for=\"contact-name\" class=\"custom-font-family font-weight-medium\">Uw naam <span class=\"text-secondary\">*<\/span><\/label><br \/>\n<span class=\"wpcf7-form-control-wrap\" data-name=\"your-name\"><input size=\"40\" maxlength=\"400\" class=\"wpcf7-form-control wpcf7-text wpcf7-validates-as-required form-control line-height-lg\" id=\"contact-name\" aria-required=\"true\" aria-invalid=\"false\" value=\"\" type=\"text\" name=\"your-name\" \/><\/span>\n\t\t\t<\/p>\n\t\t<\/div>\n\t<\/div>\n\t<div class=\"col-lg-12\">\n\t\t<div class=\"form-group\">\n\t\t\t<p><label for=\"contact-email\" class=\"custom-font-family font-weight-medium\">Uw e-mail <span class=\"text-secondary\">*<\/span><\/label><br \/>\n<span class=\"wpcf7-form-control-wrap\" data-name=\"your-email\"><input size=\"40\" maxlength=\"400\" class=\"wpcf7-form-control wpcf7-email wpcf7-validates-as-required wpcf7-text wpcf7-validates-as-email form-control line-height-lg\" id=\"contact-email\" aria-required=\"true\" aria-invalid=\"false\" value=\"\" type=\"email\" name=\"your-email\" \/><\/span>\n\t\t\t<\/p>\n\t\t<\/div>\n\t<\/div>\n\t<div class=\"col-lg-12\">\n\t\t<div class=\"form-group\">\n\t\t\t<p><label for=\"contact-message\" class=\"custom-font-family font-weight-medium\">Uw bericht<\/label><br \/>\n<span class=\"wpcf7-form-control-wrap\" data-name=\"your-message\"><textarea cols=\"40\" rows=\"7\" maxlength=\"2000\" class=\"wpcf7-form-control wpcf7-textarea form-control\" id=\"contact-message\" aria-invalid=\"false\" name=\"your-message\"><\/textarea><\/span>\n\t\t\t<\/p>\n\t\t<\/div>\n\t<\/div>\n\t<div class=\"col-lg-12\">\n\t\t<div class=\"form-group\">\n\t\t\t<p><input class=\"wpcf7-form-control wpcf7-submit has-spinner btn btn-dark btn-lg px-5 p-t-md p-b-md\" type=\"submit\" value=\"BERICHT VERZENDEN\" \/>\n\t\t\t<\/p>\n\t\t<\/div>\n\t<\/div>\n<\/div><div class=\"wpcf7-response-output\" aria-hidden=\"true\"><\/div>\n<input type=\"hidden\" name=\"trp-form-language\" value=\"nl\"\/><\/form>\n<\/div>\n<\/div><\/div><\/div><\/div><\/div><\/div><div class=\"vc_row-full-width vc_clearfix\"><\/div>\n<\/div>","protected":false},"excerpt":{"rendered":"Kontaktn\u00ed Informace\"Zkontaktujte se prost\u0159ednictv\u00edm WhatsApp, e-mailu nebo na\u0161eho pohodln\u00e9ho kontaktn\u00edho formul\u00e1\u0159e. M\u016f\u017eete si b\u00fdt jisti, \u017ee va\u0161e dotazy budou zodpov\u011bzeny do 24 hodin, co\u017e zajist\u00ed v\u010dasnou pomoc a podporu.\"ADRESAVelk\u00fd pr\u016fhon 304, \u017dehun, Stredocesk\u00fd kraj 289 05 Whatsapp+49 1637137556 E-MAILEM:kontakt@narkoprasek.com PRACOVN\u00cd DNY\/HODINY:Po \u2013 Ne \/ 9:00 \u2013 20:00 Napi\u0161te N\u00e1m Zpr\u00e1vu Your Name * Your E-mail [...]","protected":false},"author":1,"featured_media":0,"parent":0,"menu_order":0,"comment_status":"closed","ping_status":"closed","template":"","meta":{"_joinchat":[],"footnotes":""},"class_list":["post-73","page","type-page","status-publish","hentry"],"yoast_head":"<!-- This site is optimized with the Yoast SEO plugin v23.1 - https:\/\/yoast.com\/wordpress\/plugins\/seo\/ -->\n<title>Kontakt N\u00e1s - Narko Pr\u00e1\u0161ek<\/title>\n<meta name=\"robots\" content=\"index, follow, max-snippet:-1, max-image-preview:large, max-video-preview:-1\" \/>\n<link rel=\"canonical\" href=\"https:\/\/narkoprasek.com\/nl\/contact-met-ons-opnemen\/\" \/>\n<meta property=\"og:locale\" content=\"nl_NL\" \/>\n<meta property=\"og:type\" content=\"article\" \/>\n<meta property=\"og:title\" content=\"Kontakt N\u00e1s - Narko Pr\u00e1\u0161ek\" \/>\n<meta property=\"og:url\" content=\"https:\/\/narkoprasek.com\/nl\/contact-met-ons-opnemen\/\" \/>\n<meta property=\"og:site_name\" content=\"Narko Pr\u00e1\u0161ek\" \/>\n<meta property=\"article:modified_time\" content=\"2025-04-28T08:35:16+00:00\" \/>\n<meta name=\"twitter:card\" content=\"summary_large_image\" \/>\n<meta name=\"twitter:label1\" content=\"Est. reading time\" \/>\n\t<meta name=\"twitter:data1\" content=\"1 minute\" \/>\n<script type=\"application\/ld+json\" class=\"yoast-schema-graph\">{\"@context\":\"https:\/\/schema.org\",\"@graph\":[{\"@type\":\"WebPage\",\"@id\":\"https:\/\/narkoprasek.com\/kontakt-nas\/\",\"url\":\"https:\/\/narkoprasek.com\/kontakt-nas\/\",\"name\":\"Kontakt N\u00e1s - Narko Pr\u00e1\u0161ek\",\"isPartOf\":{\"@id\":\"https:\/\/narkoprasek.com\/#website\"},\"datePublished\":\"2016-06-14T06:15:58+00:00\",\"dateModified\":\"2025-04-28T08:35:16+00:00\",\"breadcrumb\":{\"@id\":\"https:\/\/narkoprasek.com\/kontakt-nas\/#breadcrumb\"},\"inLanguage\":\"nl-NL\",\"potentialAction\":[{\"@type\":\"ReadAction\",\"target\":[\"https:\/\/narkoprasek.com\/kontakt-nas\/\"]}]},{\"@type\":\"BreadcrumbList\",\"@id\":\"https:\/\/narkoprasek.com\/kontakt-nas\/#breadcrumb\",\"itemListElement\":[{\"@type\":\"ListItem\",\"position\":1,\"name\":\"Home\",\"item\":\"https:\/\/narkoprasek.com\/\"},{\"@type\":\"ListItem\",\"position\":2,\"name\":\"Kontakt N\u00e1s\"}]},{\"@type\":\"WebSite\",\"@id\":\"https:\/\/narkoprasek.com\/#website\",\"url\":\"https:\/\/narkoprasek.com\/\",\"name\":\"Narko Pr\u00e1\u0161ek\",\"description\":\"My WordPress Blog\",\"potentialAction\":[{\"@type\":\"SearchAction\",\"target\":{\"@type\":\"EntryPoint\",\"urlTemplate\":\"https:\/\/narkoprasek.com\/?s={search_term_string}\"},\"query-input\":\"required name=search_term_string\"}],\"inLanguage\":\"nl-NL\"}]}<\/script>\n<!-- \/ Yoast SEO plugin. -->","yoast_head_json":{"title":"Kontakt N\u00e1s - Narko Pr\u00e1\u0161ek","robots":{"index":"index","follow":"follow","max-snippet":"max-snippet:-1","max-image-preview":"max-image-preview:large","max-video-preview":"max-video-preview:-1"},"canonical":"https:\/\/narkoprasek.com\/nl\/contact-met-ons-opnemen\/","og_locale":"nl_NL","og_type":"article","og_title":"Kontakt N\u00e1s - Narko Pr\u00e1\u0161ek","og_url":"https:\/\/narkoprasek.com\/nl\/contact-met-ons-opnemen\/","og_site_name":"Narko Pr\u00e1\u0161ek","article_modified_time":"2025-04-28T08:35:16+00:00","twitter_card":"summary_large_image","twitter_misc":{"Est. reading time":"1 minute"},"schema":{"@context":"https:\/\/schema.org","@graph":[{"@type":"WebPage","@id":"https:\/\/narkoprasek.com\/kontakt-nas\/","url":"https:\/\/narkoprasek.com\/kontakt-nas\/","name":"Kontakt N\u00e1s - Narko Pr\u00e1\u0161ek","isPartOf":{"@id":"https:\/\/narkoprasek.com\/#website"},"datePublished":"2016-06-14T06:15:58+00:00","dateModified":"2025-04-28T08:35:16+00:00","breadcrumb":{"@id":"https:\/\/narkoprasek.com\/kontakt-nas\/#breadcrumb"},"inLanguage":"nl-NL","potentialAction":[{"@type":"ReadAction","target":["https:\/\/narkoprasek.com\/kontakt-nas\/"]}]},{"@type":"BreadcrumbList","@id":"https:\/\/narkoprasek.com\/kontakt-nas\/#breadcrumb","itemListElement":[{"@type":"ListItem","position":1,"name":"Home","item":"https:\/\/narkoprasek.com\/"},{"@type":"ListItem","position":2,"name":"Kontakt N\u00e1s"}]},{"@type":"WebSite","@id":"https:\/\/narkoprasek.com\/#website","url":"https:\/\/narkoprasek.com\/","name":"Narko Pr\u00e1\u0161ek","description":"My WordPress Blog","potentialAction":[{"@type":"SearchAction","target":{"@type":"EntryPoint","urlTemplate":"https:\/\/narkoprasek.com\/?s={search_term_string}"},"query-input":"required name=search_term_string"}],"inLanguage":"nl-NL"}]}},"_links":{"self":[{"href":"https:\/\/narkoprasek.com\/nl\/wp-json\/wp\/v2\/pages\/73","targetHints":{"allow":["GET"]}}],"collection":[{"href":"https:\/\/narkoprasek.com\/nl\/wp-json\/wp\/v2\/pages"}],"about":[{"href":"https:\/\/narkoprasek.com\/nl\/wp-json\/wp\/v2\/types\/page"}],"author":[{"embeddable":true,"href":"https:\/\/narkoprasek.com\/nl\/wp-json\/wp\/v2\/users\/1"}],"replies":[{"embeddable":true,"href":"https:\/\/narkoprasek.com\/nl\/wp-json\/wp\/v2\/comments?post=73"}],"version-history":[{"count":4,"href":"https:\/\/narkoprasek.com\/nl\/wp-json\/wp\/v2\/pages\/73\/revisions"}],"predecessor-version":[{"id":5732,"href":"https:\/\/narkoprasek.com\/nl\/wp-json\/wp\/v2\/pages\/73\/revisions\/5732"}],"wp:attachment":[{"href":"https:\/\/narkoprasek.com\/nl\/wp-json\/wp\/v2\/media?parent=73"}],"curies":[{"name":"wp","href":"https:\/\/api.w.org\/{rel}","templated":true}]}}