{"id":848,"date":"2018-02-28T07:46:00","date_gmt":"2018-02-28T07:46:00","guid":{"rendered":"http:\/\/sw-themes.com\/porto_dummy\/?page_id=848"},"modified":"2024-01-01T12:23:08","modified_gmt":"2024-01-01T12:23:08","slug":"o-nas","status":"publish","type":"page","link":"https:\/\/narkoprasek.com\/it\/chi-siamo\/","title":{"rendered":"Chi siamo"},"content":{"rendered":"<div class=\"wpb-content-wrapper\"><div class=\"vc_row wpb_row top-row vc_custom_1657324574017 porto-inner-container\"><div class=\"porto-wrap-container container\"><div class=\"row\"><div class=\"vc_column_container col-md-12\"><div class=\"wpb_wrapper vc_column-inner\"><div class=\"porto-u-heading  wpb_custom_785f1b59862835eed400b91fbcfd8561 porto-u-1675\"><div class=\"porto-u-main-heading\"><h2   style=\"color:#21293c;margin-bottom: 10px;\">I NOSTRI MIX<\/h2><\/div><style>.porto-u-1675.porto-u-heading{text-align:left}<\/style><\/div>\n\t<div class=\"wpb_text_column wpb_content_element\" >\n\t\t<div class=\"wpb_wrapper\">\n\t\t\t<h3 style=\"color: #21293c; font-size: 18px; line-height: 27px; font-weight: 400;\">\"La nostra missione alla NarcoPowder \u00e8 quella di fornire un servizio professionale ed economico di cocaina o cocaina, eroina, ketamina e metanfetamina che viene consegnato in modo rapido ed efficiente ai nostri clienti senza che questi debbano recarsi presso la nostra struttura\".<\/h3>\n\n\t\t<\/div>\n\t<\/div>\n\n\t<div class=\"wpb_text_column wpb_content_element\" >\n\t\t<div class=\"wpb_wrapper\">\n\t\t\t<p style=\"text-align: justify;\">Utilizziamo solo i produttori pi\u00f9 affidabili e la pi\u00f9 alta qualit\u00e0 di cocaina, eroina, metanfetamina e ketamina. I nostri fornitori selezionano a mano i prodotti che offriamo. Tutti i prodotti che offriamo sono stati testati per la qualit\u00e0 e dispongono di certificati di controllo della qualit\u00e0. Monitoriamo costantemente il feedback dei clienti e ascoltiamo i consigli dei nostri consulenti esperti. Selezioniamo i prodotti migliori dai produttori di detergenti pi\u00f9 rinomati e conosciuti al mondo.<\/p>\n<p style=\"text-align: justify;\">La soddisfazione del cliente \u00e8 la nostra massima priorit\u00e0; tutti i nostri prodotti hanno prezzi ragionevoli, cos\u00ec non dovrete cercare altrove i fornitori di cocaina, eroina, ketamina e metanfetamina. Il nostro negozio online ha la pi\u00f9 ampia selezione di eroina e cocaina in polvere ai prezzi pi\u00f9 competitivi. La nostra azienda offre spedizioni veloci, acquisti sicuri, assistenza clienti dedicata e molto altro ancora!<\/p>\n\n\t\t<\/div>\n\t<\/div>\n<\/div><\/div><\/div><\/div><\/div><div class=\"vc_row wpb_row top-row vc_custom_1657324614861 vc_row-has-fill porto-inner-container\"><div class=\"porto-wrap-container container\"><div class=\"row\"><div class=\"vc_column_container col-md-12\"><div class=\"wpb_wrapper vc_column-inner\"><div class=\"porto-u-heading  wpb_custom_785f1b59862835eed400b91fbcfd8561 porto-u-3682\"><div class=\"porto-u-main-heading\"><h2   style=\"color:#21293c;margin-bottom: 10px;\">PERCH\u00c9 SCEGLIERCI<\/h2><\/div><style>.porto-u-3682.porto-u-heading{text-align:left}<\/style><\/div><div class=\"vc_row wpb_row vc_inner row\"><div class=\"vc_column_container col-md-4\"><div class=\"wpb_wrapper vc_column-inner\"><div class=\"porto-sicon-box  vc_custom_1704111045261 bg-white  wpb_custom_bcacaf36fe4b1e893a7caf1e07e874e3 style_1 top-icon\"><div class=\"porto-sicon-top\"><div class=\"porto-just-icon-wrapper porto-icon none\" style=\"color:#0088cc;font-size:55px;\"><i class=\"porto-icon-secure-payment\"><\/i><\/div><\/div><div class=\"porto-sicon-header\"><h3 class=\"porto-sicon-title\" style=\"font-weight:600;font-size:18px;line-height:20px;\">PAGAMENTI SICURI E PROTETTI<\/h3><\/div> <!-- header --><div class=\"porto-sicon-description\" style=\"font-size:15px;line-height:27px;\">Ci impegniamo a proteggere i vostri acquisti e le vostre informazioni personali e vogliamo che i nostri clienti si sentano sicuri prima, durante e dopo le loro transazioni online.<\/div> <!-- description --><\/div><!-- porto-sicon-box --><\/div><\/div><div class=\"vc_column_container col-md-4\"><div class=\"wpb_wrapper vc_column-inner\"><div class=\"porto-sicon-box  vc_custom_1704111093783 bg-white  wpb_custom_bcacaf36fe4b1e893a7caf1e07e874e3 style_1 top-icon\"><div class=\"porto-sicon-top\"><div class=\"porto-just-icon-wrapper porto-icon none\" style=\"color:#0088cc;font-size:55px;\"><i class=\"porto-icon-us-dollar\"><\/i><\/div><\/div><div class=\"porto-sicon-header\"><h3 class=\"porto-sicon-title\" style=\"font-weight:600;font-size:18px;line-height:20px;\">100% GARANZIA DI RIMBORSO<\/h3><\/div> <!-- header --><div class=\"porto-sicon-description\" style=\"font-size:15px;line-height:27px;\">Potete contare sulla nostra affidabilit\u00e0. Forniamo un servizio eccezionale e soddisfiamo tutte le esigenze dei nostri clienti. In caso di domande, contattate il nostro servizio clienti e vi aiuteremo a trovare una soluzione.<\/div> <!-- description --><\/div><!-- porto-sicon-box --><\/div><\/div><div class=\"vc_column_container col-md-4\"><div class=\"wpb_wrapper vc_column-inner\"><div class=\"porto-sicon-box  vc_custom_1704111143441 bg-white  wpb_custom_bcacaf36fe4b1e893a7caf1e07e874e3 style_1 top-icon\"><div class=\"porto-sicon-top\"><div class=\"porto-just-icon-wrapper porto-icon none\" style=\"color:#0088cc;font-size:55px;\"><i class=\"porto-icon-online-support\"><\/i><\/div><\/div><div class=\"porto-sicon-header\"><h3 class=\"porto-sicon-title\" style=\"font-weight:600;font-size:18px;line-height:20px;\">ASSISTENZA ONLINE 24\/7<\/h3><\/div> <!-- header --><div class=\"porto-sicon-description\" style=\"font-size:15px;line-height:27px;\">Forniamo un servizio di assistenza rapida per tutte le domande e le richieste dei nostri clienti. Per qualsiasi domanda, il nostro servizio clienti \u00e8 sempre a disposizione.<\/div> <!-- description --><\/div><!-- porto-sicon-box --><\/div><\/div><\/div><\/div><\/div><\/div><\/div><\/div><div class=\"vc_row wpb_row top-row vc_custom_1659143748727 porto-inner-container\"><div class=\"porto-wrap-container container\"><div class=\"row\"><div class=\"vc_column_container col-md-12\"><div class=\"wpb_wrapper vc_column-inner\"><div class=\"porto-u-heading  wpb_custom_785f1b59862835eed400b91fbcfd8561 porto-u-1521\"><div class=\"porto-u-main-heading\"><h2   style=\"color:#21293c;margin-bottom: 40px;\">CLIENTI FELICI<\/h2><\/div><style>.porto-u-1521.porto-u-heading{text-align:center}<\/style><\/div><div class=\"vc_row wpb_row vc_inner row\"><div class=\"vc_column_container col-md-6\"><div class=\"wpb_wrapper vc_column-inner\"><div class=\"porto-testimonial wpb_content_element  mb-0 pb-2  wpb_custom_eb9dc94e408eaf82a5422add67a32507\"><div class=\"testimonial testimonial-style-3\"><div class=\"testimonial-author\"><p><strong style=\"color:#2b2b2d\">Derek<\/strong><span style=\"color:#62615e\"><\/span><\/p><\/div><div class=\"testimonial-arrow-down reversed\"><\/div><blockquote style=\"color:#62615e\"><p>\u00c8 il miglior servizio disponibile. Il personale di NarkoPrasek \u00e8 cordiale e disponibile. Sono sempre disposti a rispondere alle domande. Non devo perdere tempo per andare da qualche parte perch\u00e9 NarcoPowder mi ha consegnato il prodotto in tempo.<\/p><\/blockquote><\/div><\/div><\/div><\/div><div class=\"vc_column_container col-md-6\"><div class=\"wpb_wrapper vc_column-inner\"><div class=\"porto-testimonial wpb_content_element   wpb_custom_e149af975e3798c47e07bcbc1a01c3ec\"><div class=\"testimonial testimonial-style-3\"><div class=\"testimonial-author\"><p><strong style=\"color:#2b2b2d\">Tony Butler<\/strong><span style=\"color:#62615e\"><\/span><\/p><\/div><div class=\"testimonial-arrow-down reversed\"><\/div><blockquote style=\"color:#62615e\"><p>Esperienza eccellente! La spedizione \u00e8 stata veloce e puntuale, l'ordine \u00e8 arrivato in ordine. Ottimi prodotti e adoro gli omaggi e le vendite! Grazie<\/p><\/blockquote><\/div><\/div><\/div><\/div><\/div><\/div><\/div><\/div><\/div><\/div><div class=\"vc_row wpb_row top-row vc_custom_1659143788965 vc_row-has-fill porto-inner-container\"><div class=\"porto-wrap-container container\"><div class=\"row\"><div class=\"vc_column_container col-md-1-5\"><div class=\"wpb_wrapper vc_column-inner\"><div class=\"stats-block stats-left  d-inline-block  wpb_custom_a517333ace5b1666c6af8bd4684f1de9  vc_custom_1704111520425\"><div class=\"stats-desc\"><div id=\"counter_34790405669ecc815f2965\" data-id=\"counter_34790405669ecc815f2965\" class=\"stats-number\" style=\" font-weight:800;font-size:32px;line-height:32px;color:#0087cb;\" data-speed=\"3\" data-counter-value=\"2000\" data-separator=\",\" data-decimal=\".\">0<\/div><div class=\"counter_suffix mycust\" style=\" font-weight:800;font-size:32px;line-height:32px;color:#0087cb\">+<\/div><div class=\"stats-text\" style=\"font-weight:600;font-size:14px;line-height:25px;color:#7b858a;\">CLIENTI FEDELI<\/div><\/div><\/div><\/div><\/div><div class=\"vc_column_container col-md-1-5\"><div class=\"wpb_wrapper vc_column-inner\"><div class=\"stats-block stats-left  d-inline-block  wpb_custom_a517333ace5b1666c6af8bd4684f1de9  vc_custom_1704111543749\"><div class=\"stats-desc\"><div id=\"counter_158537320869ecc815f2dd8\" data-id=\"counter_158537320869ecc815f2dd8\" class=\"stats-number\" style=\" font-weight:800;font-size:32px;line-height:32px;color:#0087cb;\" data-speed=\"3\" data-counter-value=\"30\" data-separator=\"none\" data-decimal=\".\">0<\/div><div class=\"counter_suffix mycust\" style=\" font-weight:800;font-size:32px;line-height:32px;color:#0087cb\">+<\/div><div class=\"stats-text\" style=\"font-weight:600;font-size:14px;line-height:25px;color:#7b858a;\">MEMBRI DELLA SQUADRA<\/div><\/div><\/div><\/div><\/div><div class=\"vc_column_container col-md-1-5\"><div class=\"wpb_wrapper vc_column-inner\"><div class=\"stats-block stats-left  d-inline-block  wpb_custom_a517333ace5b1666c6af8bd4684f1de9  vc_custom_1704111764536\"><div class=\"stats-desc\"><div id=\"counter_74815224969ecc815f323a\" data-id=\"counter_74815224969ecc815f323a\" class=\"stats-number\" style=\" font-weight:800;font-size:32px;line-height:32px;color:#0087cb;\" data-speed=\"3\" data-counter-value=\"4\" data-separator=\"none\" data-decimal=\".\">0<\/div><div class=\"counter_suffix mycust\" style=\" font-weight:800;font-size:32px;line-height:32px;color:#0087cb\">+<\/div><div class=\"stats-text\" style=\"font-weight:600;font-size:14px;line-height:25px;color:#7b858a;\">SUPPORTO DISPONIBILE<\/div><\/div><\/div><\/div><\/div><div class=\"vc_column_container col-md-1-5\"><div class=\"wpb_wrapper vc_column-inner\"><div class=\"stats-block stats-left  d-inline-block  wpb_custom_a517333ace5b1666c6af8bd4684f1de9  vc_custom_1704111587912\"><div class=\"stats-desc\"><div id=\"counter_116213706269ecc815f36d8\" data-id=\"counter_116213706269ecc815f36d8\" class=\"stats-number\" style=\" font-weight:800;font-size:32px;line-height:32px;color:#0087cb;\" data-speed=\"3\" data-counter-value=\"4500\" data-separator=\"none\" data-decimal=\".\">0<\/div><div class=\"counter_suffix mycust\" style=\" font-weight:800;font-size:32px;line-height:32px;color:#0087cb\">+<\/div><div class=\"stats-text\" style=\"font-weight:600;font-size:14px;line-height:25px;color:#7b858a;\">ORDINI CONSEGNATI<\/div><\/div><\/div><\/div><\/div><div class=\"vc_column_container col-md-1-5\"><div class=\"wpb_wrapper vc_column-inner\"><div class=\"stats-block stats-left  d-inline-block  wpb_custom_a517333ace5b1666c6af8bd4684f1de9  vc_custom_1704111641561\"><div class=\"stats-desc\"><div id=\"counter_199073982669ecc815f3b51\" data-id=\"counter_199073982669ecc815f3b51\" class=\"stats-number\" style=\" font-weight:800;font-size:32px;line-height:32px;color:#0087cb;\" data-speed=\"3\" data-counter-value=\"98\" data-separator=\"none\" data-decimal=\".\">0<\/div><div class=\"counter_suffix mycust\" style=\" font-weight:800;font-size:19px;line-height:32px;color:#0087cb\">%<\/div><div class=\"stats-text\" style=\"font-weight:600;font-size:14px;line-height:25px;color:#7b858a;\">RECENSIONI POSITIVE<\/div><\/div><\/div><\/div><\/div><\/div><\/div><\/div>\n<\/div>","protected":false},"excerpt":{"rendered":"NA\u0160E MISE \"Na\u0161\u00edm posl\u00e1n\u00edm v NarkoPr\u00e1\u0161ek je poskytovat profesion\u00e1ln\u00ed, n\u00e1kladov\u011b efektivn\u00ed slu\u017ebu kokainu nebo koksu, heroinu, ketaminu a pervitinu, kter\u00e1 je na\u0161im z\u00e1kazn\u00edk\u016fm dod\u00e1v\u00e1na rychle a efektivn\u011b, ani\u017e by museli nav\u0161t\u00edvit na\u0161e za\u0159\u00edzen\u00ed.\" Pou\u017e\u00edv\u00e1me pouze nejrenomovan\u011bj\u0161\u00ed v\u00fdrobce a nejkvalitn\u011bj\u0161\u00ed kokain, heroin, pervitin a ketamin. Na\u0161i dodavatel\u00e9 ru\u010dn\u011b vyb\u00edraj\u00ed produkty, kter\u00e9 nab\u00edz\u00edme. V\u0161echny n\u00e1mi nab\u00edzen\u00e9 produkty [...]","protected":false},"author":1,"featured_media":0,"parent":0,"menu_order":0,"comment_status":"closed","ping_status":"closed","template":"","meta":{"_joinchat":[],"footnotes":""},"class_list":["post-848","page","type-page","status-publish","hentry"],"yoast_head":"<!-- This site is optimized with the Yoast SEO plugin v23.1 - https:\/\/yoast.com\/wordpress\/plugins\/seo\/ -->\n<title>O N\u00e1s - Narko Pr\u00e1\u0161ek<\/title>\n<meta name=\"robots\" content=\"index, follow, max-snippet:-1, max-image-preview:large, max-video-preview:-1\" \/>\n<link rel=\"canonical\" href=\"https:\/\/narkoprasek.com\/it\/chi-siamo\/\" \/>\n<meta property=\"og:locale\" content=\"it_IT\" \/>\n<meta property=\"og:type\" content=\"article\" \/>\n<meta property=\"og:title\" content=\"O N\u00e1s - Narko Pr\u00e1\u0161ek\" \/>\n<meta property=\"og:url\" content=\"https:\/\/narkoprasek.com\/it\/chi-siamo\/\" \/>\n<meta property=\"og:site_name\" content=\"Narko Pr\u00e1\u0161ek\" \/>\n<meta property=\"article:modified_time\" content=\"2024-01-01T12:23:08+00:00\" \/>\n<meta name=\"twitter:card\" content=\"summary_large_image\" \/>\n<meta name=\"twitter:label1\" content=\"Est. reading time\" \/>\n\t<meta name=\"twitter:data1\" content=\"9 minutes\" \/>\n<script type=\"application\/ld+json\" class=\"yoast-schema-graph\">{\"@context\":\"https:\/\/schema.org\",\"@graph\":[{\"@type\":\"WebPage\",\"@id\":\"https:\/\/narkoprasek.com\/o-nas\/\",\"url\":\"https:\/\/narkoprasek.com\/o-nas\/\",\"name\":\"O N\u00e1s - Narko Pr\u00e1\u0161ek\",\"isPartOf\":{\"@id\":\"https:\/\/narkoprasek.com\/#website\"},\"datePublished\":\"2018-02-28T07:46:00+00:00\",\"dateModified\":\"2024-01-01T12:23:08+00:00\",\"breadcrumb\":{\"@id\":\"https:\/\/narkoprasek.com\/o-nas\/#breadcrumb\"},\"inLanguage\":\"it-IT\",\"potentialAction\":[{\"@type\":\"ReadAction\",\"target\":[\"https:\/\/narkoprasek.com\/o-nas\/\"]}]},{\"@type\":\"BreadcrumbList\",\"@id\":\"https:\/\/narkoprasek.com\/o-nas\/#breadcrumb\",\"itemListElement\":[{\"@type\":\"ListItem\",\"position\":1,\"name\":\"Home\",\"item\":\"https:\/\/narkoprasek.com\/\"},{\"@type\":\"ListItem\",\"position\":2,\"name\":\"O N\u00e1s\"}]},{\"@type\":\"WebSite\",\"@id\":\"https:\/\/narkoprasek.com\/#website\",\"url\":\"https:\/\/narkoprasek.com\/\",\"name\":\"Narko Pr\u00e1\u0161ek\",\"description\":\"My WordPress Blog\",\"potentialAction\":[{\"@type\":\"SearchAction\",\"target\":{\"@type\":\"EntryPoint\",\"urlTemplate\":\"https:\/\/narkoprasek.com\/?s={search_term_string}\"},\"query-input\":\"required name=search_term_string\"}],\"inLanguage\":\"it-IT\"}]}<\/script>\n<!-- \/ Yoast SEO plugin. -->","yoast_head_json":{"title":"O N\u00e1s - Narko Pr\u00e1\u0161ek","robots":{"index":"index","follow":"follow","max-snippet":"max-snippet:-1","max-image-preview":"max-image-preview:large","max-video-preview":"max-video-preview:-1"},"canonical":"https:\/\/narkoprasek.com\/it\/chi-siamo\/","og_locale":"it_IT","og_type":"article","og_title":"O N\u00e1s - Narko Pr\u00e1\u0161ek","og_url":"https:\/\/narkoprasek.com\/it\/chi-siamo\/","og_site_name":"Narko Pr\u00e1\u0161ek","article_modified_time":"2024-01-01T12:23:08+00:00","twitter_card":"summary_large_image","twitter_misc":{"Est. reading time":"9 minutes"},"schema":{"@context":"https:\/\/schema.org","@graph":[{"@type":"WebPage","@id":"https:\/\/narkoprasek.com\/o-nas\/","url":"https:\/\/narkoprasek.com\/o-nas\/","name":"O N\u00e1s - Narko Pr\u00e1\u0161ek","isPartOf":{"@id":"https:\/\/narkoprasek.com\/#website"},"datePublished":"2018-02-28T07:46:00+00:00","dateModified":"2024-01-01T12:23:08+00:00","breadcrumb":{"@id":"https:\/\/narkoprasek.com\/o-nas\/#breadcrumb"},"inLanguage":"it-IT","potentialAction":[{"@type":"ReadAction","target":["https:\/\/narkoprasek.com\/o-nas\/"]}]},{"@type":"BreadcrumbList","@id":"https:\/\/narkoprasek.com\/o-nas\/#breadcrumb","itemListElement":[{"@type":"ListItem","position":1,"name":"Home","item":"https:\/\/narkoprasek.com\/"},{"@type":"ListItem","position":2,"name":"O N\u00e1s"}]},{"@type":"WebSite","@id":"https:\/\/narkoprasek.com\/#website","url":"https:\/\/narkoprasek.com\/","name":"Narko Pr\u00e1\u0161ek","description":"My WordPress Blog","potentialAction":[{"@type":"SearchAction","target":{"@type":"EntryPoint","urlTemplate":"https:\/\/narkoprasek.com\/?s={search_term_string}"},"query-input":"required name=search_term_string"}],"inLanguage":"it-IT"}]}},"_links":{"self":[{"href":"https:\/\/narkoprasek.com\/it\/wp-json\/wp\/v2\/pages\/848","targetHints":{"allow":["GET"]}}],"collection":[{"href":"https:\/\/narkoprasek.com\/it\/wp-json\/wp\/v2\/pages"}],"about":[{"href":"https:\/\/narkoprasek.com\/it\/wp-json\/wp\/v2\/types\/page"}],"author":[{"embeddable":true,"href":"https:\/\/narkoprasek.com\/it\/wp-json\/wp\/v2\/users\/1"}],"replies":[{"embeddable":true,"href":"https:\/\/narkoprasek.com\/it\/wp-json\/wp\/v2\/comments?post=848"}],"version-history":[{"count":3,"href":"https:\/\/narkoprasek.com\/it\/wp-json\/wp\/v2\/pages\/848\/revisions"}],"predecessor-version":[{"id":5333,"href":"https:\/\/narkoprasek.com\/it\/wp-json\/wp\/v2\/pages\/848\/revisions\/5333"}],"wp:attachment":[{"href":"https:\/\/narkoprasek.com\/it\/wp-json\/wp\/v2\/media?parent=848"}],"curies":[{"name":"wp","href":"https:\/\/api.w.org\/{rel}","templated":true}]}}