{"id":848,"date":"2018-02-28T07:46:00","date_gmt":"2018-02-28T07:46:00","guid":{"rendered":"http:\/\/sw-themes.com\/porto_dummy\/?page_id=848"},"modified":"2024-01-01T12:23:08","modified_gmt":"2024-01-01T12:23:08","slug":"o-nas","status":"publish","type":"page","link":"https:\/\/narkoprasek.com\/hu\/rolunk\/","title":{"rendered":"R\u00f3lunk"},"content":{"rendered":"<div class=\"wpb-content-wrapper\"><div class=\"vc_row wpb_row top-row vc_custom_1657324574017 porto-inner-container\"><div class=\"porto-wrap-container container\"><div class=\"row\"><div class=\"vc_column_container col-md-12\"><div class=\"wpb_wrapper vc_column-inner\"><div class=\"porto-u-heading  wpb_custom_785f1b59862835eed400b91fbcfd8561 porto-u-1954\"><div class=\"porto-u-main-heading\"><h2   style=\"color:#21293c;margin-bottom: 10px;\">KEVER\u00c9KEINK<\/h2><\/div><style>.porto-u-1954.porto-u-heading{text-align:left}<\/style><\/div>\n\t<div class=\"wpb_text_column wpb_content_element\" >\n\t\t<div class=\"wpb_wrapper\">\n\t\t\t<h3 style=\"color: #21293c; font-size: 18px; line-height: 27px; font-weight: 400;\">\"A NarcoPowder k\u00fcldet\u00e9se az, hogy professzion\u00e1lis, k\u00f6lts\u00e9ghat\u00e9kony kokain- vagy kokain-, heroin-, ketamin- \u00e9s metamfetamin-szolg\u00e1ltat\u00e1st ny\u00fajtsunk, amelyet gyorsan \u00e9s hat\u00e9konyan sz\u00e1ll\u00edtunk \u00fcgyfeleinknek an\u00e9lk\u00fcl, hogy meg kellene l\u00e1togatniuk a l\u00e9tes\u00edtm\u00e9ny\u00fcnket.\"<\/h3>\n\n\t\t<\/div>\n\t<\/div>\n\n\t<div class=\"wpb_text_column wpb_content_element\" >\n\t\t<div class=\"wpb_wrapper\">\n\t\t\t<p style=\"text-align: justify;\">Kiz\u00e1r\u00f3lag a legnevesebb gy\u00e1rt\u00f3k \u00e9s a legjobb min\u0151s\u00e9g\u0171 kokain, heroin, metamfetamin \u00e9s ketamin felhaszn\u00e1l\u00e1s\u00e1val dolgozunk. Besz\u00e1ll\u00edt\u00f3ink k\u00e9zzel v\u00e1lasztj\u00e1k ki az \u00e1ltalunk k\u00edn\u00e1lt term\u00e9keket. Minden \u00e1ltalunk k\u00edn\u00e1lt term\u00e9k min\u0151s\u00e9g\u00e9t tesztelt\u00fck, \u00e9s min\u0151s\u00e9gellen\u0151rz\u00e9si tan\u00fas\u00edtv\u00e1nyokkal rendelkez\u00fcnk. Folyamatosan figyelemmel k\u00eds\u00e9rj\u00fck a v\u00e1s\u00e1rl\u00f3i visszajelz\u00e9seket, \u00e9s figyelembe vessz\u00fck szaktan\u00e1csad\u00f3ink tan\u00e1csait. A vil\u00e1g legnevesebb \u00e9s legismertebb mos\u00f3szergy\u00e1rt\u00f3it\u00f3l v\u00e1lasztjuk ki a legjobb term\u00e9keket.<\/p>\n<p style=\"text-align: justify;\">\u00dcgyfeleink el\u00e9gedetts\u00e9ge a legf\u0151bb priorit\u00e1sunk; minden term\u00e9k\u00fcnk kedvez\u0151 \u00e1r\u00fa, \u00edgy nem kell m\u00e1shol keresg\u00e9lnie kokain, heroin, ketamin \u00e9s metamfetamin sz\u00e1ll\u00edt\u00f3k ut\u00e1n. Online \u00e1ruh\u00e1zunkban a legnagyobb v\u00e1laszt\u00e9kban kaphat\u00f3 heroinpor \u00e9s kokain a legversenyk\u00e9pesebb \u00e1rakon. C\u00e9g\u00fcnk gyors sz\u00e1ll\u00edt\u00e1st, biztons\u00e1gos v\u00e1s\u00e1rl\u00e1st, elk\u00f6telezett \u00fcgyf\u00e9lszolg\u00e1latot \u00e9s m\u00e9g sok m\u00e1st biztos\u00edt!<\/p>\n\n\t\t<\/div>\n\t<\/div>\n<\/div><\/div><\/div><\/div><\/div><div class=\"vc_row wpb_row top-row vc_custom_1657324614861 vc_row-has-fill porto-inner-container\"><div class=\"porto-wrap-container container\"><div class=\"row\"><div class=\"vc_column_container col-md-12\"><div class=\"wpb_wrapper vc_column-inner\"><div class=\"porto-u-heading  wpb_custom_785f1b59862835eed400b91fbcfd8561 porto-u-1189\"><div class=\"porto-u-main-heading\"><h2   style=\"color:#21293c;margin-bottom: 10px;\">MI\u00c9RT V\u00c1LASSZON MINKET<\/h2><\/div><style>.porto-u-1189.porto-u-heading{text-align:left}<\/style><\/div><div class=\"vc_row wpb_row vc_inner row\"><div class=\"vc_column_container col-md-4\"><div class=\"wpb_wrapper vc_column-inner\"><div class=\"porto-sicon-box  vc_custom_1704111045261 bg-white  wpb_custom_bcacaf36fe4b1e893a7caf1e07e874e3 style_1 top-icon\"><div class=\"porto-sicon-top\"><div class=\"porto-just-icon-wrapper porto-icon none\" style=\"color:#0088cc;font-size:55px;\"><i class=\"porto-icon-secure-payment\"><\/i><\/div><\/div><div class=\"porto-sicon-header\"><h3 class=\"porto-sicon-title\" style=\"font-weight:600;font-size:18px;line-height:20px;\">BIZTONS\u00c1GOS \u00c9S V\u00c9DETT FIZET\u00c9SEK<\/h3><\/div> <!-- header --><div class=\"porto-sicon-description\" style=\"font-size:15px;line-height:27px;\">Elk\u00f6telezettek vagyunk v\u00e1s\u00e1rl\u00e1sa \u00e9s szem\u00e9lyes adatai v\u00e9delme ir\u00e1nt, \u00e9s azt szeretn\u00e9nk, ha \u00fcgyfeleink biztons\u00e1gban \u00e9rezn\u00e9k magukat az online tranzakci\u00f3k el\u0151tt, alatt \u00e9s ut\u00e1n.<\/div> <!-- description --><\/div><!-- porto-sicon-box --><\/div><\/div><div class=\"vc_column_container col-md-4\"><div class=\"wpb_wrapper vc_column-inner\"><div class=\"porto-sicon-box  vc_custom_1704111093783 bg-white  wpb_custom_bcacaf36fe4b1e893a7caf1e07e874e3 style_1 top-icon\"><div class=\"porto-sicon-top\"><div class=\"porto-just-icon-wrapper porto-icon none\" style=\"color:#0088cc;font-size:55px;\"><i class=\"porto-icon-us-dollar\"><\/i><\/div><\/div><div class=\"porto-sicon-header\"><h3 class=\"porto-sicon-title\" style=\"font-weight:600;font-size:18px;line-height:20px;\">100% P\u00c9NZVISSZAFIZET\u00c9SI GARANCIA<\/h3><\/div> <!-- header --><div class=\"porto-sicon-description\" style=\"font-size:15px;line-height:27px;\">Megb\u00edzhat megb\u00edzhat\u00f3s\u00e1gunkban. Kiv\u00e9teles szolg\u00e1ltat\u00e1st ny\u00fajtunk, \u00e9s \u00fcgyfeleink minden ig\u00e9ny\u00e9t kiel\u00e9g\u00edtj\u00fck. Ha b\u00e1rmilyen k\u00e9rd\u00e9se van, forduljon \u00fcgyf\u00e9lszolg\u00e1latunkhoz, \u00e9s mi egy\u00fctt dolgozunk a megold\u00e1son.<\/div> <!-- description --><\/div><!-- porto-sicon-box --><\/div><\/div><div class=\"vc_column_container col-md-4\"><div class=\"wpb_wrapper vc_column-inner\"><div class=\"porto-sicon-box  vc_custom_1704111143441 bg-white  wpb_custom_bcacaf36fe4b1e893a7caf1e07e874e3 style_1 top-icon\"><div class=\"porto-sicon-top\"><div class=\"porto-just-icon-wrapper porto-icon none\" style=\"color:#0088cc;font-size:55px;\"><i class=\"porto-icon-online-support\"><\/i><\/div><\/div><div class=\"porto-sicon-header\"><h3 class=\"porto-sicon-title\" style=\"font-weight:600;font-size:18px;line-height:20px;\">24\/7 ONLINE T\u00c1MOGAT\u00c1S<\/h3><\/div> <!-- header --><div class=\"porto-sicon-description\" style=\"font-size:15px;line-height:27px;\">Gyors \u00fcgyf\u00e9lszolg\u00e1latot biztos\u00edtunk \u00fcgyfeleink minden k\u00e9rd\u00e9s\u00e9re \u00e9s k\u00e9rd\u00e9s\u00e9re. Ha b\u00e1rmilyen k\u00e9rd\u00e9se van, \u00fcgyf\u00e9lszolg\u00e1lati csapatunk mindig k\u00e9szs\u00e9ggel \u00e1ll rendelkez\u00e9s\u00e9re.<\/div> <!-- description --><\/div><!-- porto-sicon-box --><\/div><\/div><\/div><\/div><\/div><\/div><\/div><\/div><div class=\"vc_row wpb_row top-row vc_custom_1659143748727 porto-inner-container\"><div class=\"porto-wrap-container container\"><div class=\"row\"><div class=\"vc_column_container col-md-12\"><div class=\"wpb_wrapper vc_column-inner\"><div class=\"porto-u-heading  wpb_custom_785f1b59862835eed400b91fbcfd8561 porto-u-6463\"><div class=\"porto-u-main-heading\"><h2   style=\"color:#21293c;margin-bottom: 40px;\">BOLDOG VEND\u00c9GEK<\/h2><\/div><style>.porto-u-6463.porto-u-heading{text-align:center}<\/style><\/div><div class=\"vc_row wpb_row vc_inner row\"><div class=\"vc_column_container col-md-6\"><div class=\"wpb_wrapper vc_column-inner\"><div class=\"porto-testimonial wpb_content_element  mb-0 pb-2  wpb_custom_eb9dc94e408eaf82a5422add67a32507\"><div class=\"testimonial testimonial-style-3\"><div class=\"testimonial-author\"><p><strong style=\"color:#2b2b2d\">Derek<\/strong><span style=\"color:#62615e\"><\/span><\/p><\/div><div class=\"testimonial-arrow-down reversed\"><\/div><blockquote style=\"color:#62615e\"><p>Ez a legjobb el\u00e9rhet\u0151 szolg\u00e1ltat\u00e1s. A NarkoPrasek munkat\u00e1rsai bar\u00e1ts\u00e1gosak \u00e9s seg\u00edt\u0151k\u00e9szek. Mindig k\u00e9szek v\u00e1laszolni a k\u00e9rd\u00e9sekre. Nem kell id\u0151t vesztegetnem arra, hogy elmenjek valahova, mert a NarcoPowder id\u0151ben lesz\u00e1ll\u00edtotta nekem a term\u00e9ket.<\/p><\/blockquote><\/div><\/div><\/div><\/div><div class=\"vc_column_container col-md-6\"><div class=\"wpb_wrapper vc_column-inner\"><div class=\"porto-testimonial wpb_content_element   wpb_custom_e149af975e3798c47e07bcbc1a01c3ec\"><div class=\"testimonial testimonial-style-3\"><div class=\"testimonial-author\"><p><strong style=\"color:#2b2b2d\">Tony Butler<\/strong><span style=\"color:#62615e\"><\/span><\/p><\/div><div class=\"testimonial-arrow-down reversed\"><\/div><blockquote style=\"color:#62615e\"><p>Kiv\u00e1l\u00f3 \u00e9lm\u00e9ny!!! A sz\u00e1ll\u00edt\u00e1s gyors \u00e9s pontos volt, a rendel\u00e9s rendben meg\u00e9rkezett. Nagyszer\u0171 term\u00e9kek \u00e9s szeretem az aj\u00e1nd\u00e9kokat \u00e9s az elad\u00e1sokat! K\u00f6sz\u00f6nj\u00fck!<\/p><\/blockquote><\/div><\/div><\/div><\/div><\/div><\/div><\/div><\/div><\/div><\/div><div class=\"vc_row wpb_row top-row vc_custom_1659143788965 vc_row-has-fill porto-inner-container\"><div class=\"porto-wrap-container container\"><div class=\"row\"><div class=\"vc_column_container col-md-1-5\"><div class=\"wpb_wrapper vc_column-inner\"><div class=\"stats-block stats-left  d-inline-block  wpb_custom_a517333ace5b1666c6af8bd4684f1de9  vc_custom_1704111520425\"><div class=\"stats-desc\"><div id=\"counter_82813889669e29514e2e00\" data-id=\"counter_82813889669e29514e2e00\" class=\"stats-number\" style=\" font-weight:800;font-size:32px;line-height:32px;color:#0087cb;\" data-speed=\"3\" data-counter-value=\"2000\" data-separator=\",\" data-decimal=\".\">0<\/div><div class=\"counter_suffix mycust\" style=\" font-weight:800;font-size:32px;line-height:32px;color:#0087cb\">+<\/div><div class=\"stats-text\" style=\"font-weight:600;font-size:14px;line-height:25px;color:#7b858a;\">H\u0170S\u00c9GES \u00dcGYFELEK<\/div><\/div><\/div><\/div><\/div><div class=\"vc_column_container col-md-1-5\"><div class=\"wpb_wrapper vc_column-inner\"><div class=\"stats-block stats-left  d-inline-block  wpb_custom_a517333ace5b1666c6af8bd4684f1de9  vc_custom_1704111543749\"><div class=\"stats-desc\"><div id=\"counter_96294035069e29514e30f8\" data-id=\"counter_96294035069e29514e30f8\" class=\"stats-number\" style=\" font-weight:800;font-size:32px;line-height:32px;color:#0087cb;\" data-speed=\"3\" data-counter-value=\"30\" data-separator=\"none\" data-decimal=\".\">0<\/div><div class=\"counter_suffix mycust\" style=\" font-weight:800;font-size:32px;line-height:32px;color:#0087cb\">+<\/div><div class=\"stats-text\" style=\"font-weight:600;font-size:14px;line-height:25px;color:#7b858a;\">CSAPATTAGOK<\/div><\/div><\/div><\/div><\/div><div class=\"vc_column_container col-md-1-5\"><div class=\"wpb_wrapper vc_column-inner\"><div class=\"stats-block stats-left  d-inline-block  wpb_custom_a517333ace5b1666c6af8bd4684f1de9  vc_custom_1704111764536\"><div class=\"stats-desc\"><div id=\"counter_180744565369e29514e33ea\" data-id=\"counter_180744565369e29514e33ea\" class=\"stats-number\" style=\" font-weight:800;font-size:32px;line-height:32px;color:#0087cb;\" data-speed=\"3\" data-counter-value=\"4\" data-separator=\"none\" data-decimal=\".\">0<\/div><div class=\"counter_suffix mycust\" style=\" font-weight:800;font-size:32px;line-height:32px;color:#0087cb\">+<\/div><div class=\"stats-text\" style=\"font-weight:600;font-size:14px;line-height:25px;color:#7b858a;\">RENDELKEZ\u00c9SRE \u00c1LL\u00d3 T\u00c1MOGAT\u00c1S<\/div><\/div><\/div><\/div><\/div><div class=\"vc_column_container col-md-1-5\"><div class=\"wpb_wrapper vc_column-inner\"><div class=\"stats-block stats-left  d-inline-block  wpb_custom_a517333ace5b1666c6af8bd4684f1de9  vc_custom_1704111587912\"><div class=\"stats-desc\"><div id=\"counter_65036313569e29514e36d8\" data-id=\"counter_65036313569e29514e36d8\" class=\"stats-number\" style=\" font-weight:800;font-size:32px;line-height:32px;color:#0087cb;\" data-speed=\"3\" data-counter-value=\"4500\" data-separator=\"none\" data-decimal=\".\">0<\/div><div class=\"counter_suffix mycust\" style=\" font-weight:800;font-size:32px;line-height:32px;color:#0087cb\">+<\/div><div class=\"stats-text\" style=\"font-weight:600;font-size:14px;line-height:25px;color:#7b858a;\">KISZ\u00c1LL\u00cdTOTT MEGRENDEL\u00c9SEK<\/div><\/div><\/div><\/div><\/div><div class=\"vc_column_container col-md-1-5\"><div class=\"wpb_wrapper vc_column-inner\"><div class=\"stats-block stats-left  d-inline-block  wpb_custom_a517333ace5b1666c6af8bd4684f1de9  vc_custom_1704111641561\"><div class=\"stats-desc\"><div id=\"counter_152487966769e29514e39c8\" data-id=\"counter_152487966769e29514e39c8\" class=\"stats-number\" style=\" font-weight:800;font-size:32px;line-height:32px;color:#0087cb;\" data-speed=\"3\" data-counter-value=\"98\" data-separator=\"none\" data-decimal=\".\">0<\/div><div class=\"counter_suffix mycust\" style=\" font-weight:800;font-size:19px;line-height:32px;color:#0087cb\">%<\/div><div class=\"stats-text\" style=\"font-weight:600;font-size:14px;line-height:25px;color:#7b858a;\">POZIT\u00cdV V\u00c9LEM\u00c9NYEK<\/div><\/div><\/div><\/div><\/div><\/div><\/div><\/div>\n<\/div>","protected":false},"excerpt":{"rendered":"NA\u0160E MISE \"Na\u0161\u00edm posl\u00e1n\u00edm v NarkoPr\u00e1\u0161ek je poskytovat profesion\u00e1ln\u00ed, n\u00e1kladov\u011b efektivn\u00ed slu\u017ebu kokainu nebo koksu, heroinu, ketaminu a pervitinu, kter\u00e1 je na\u0161im z\u00e1kazn\u00edk\u016fm dod\u00e1v\u00e1na rychle a efektivn\u011b, ani\u017e by museli nav\u0161t\u00edvit na\u0161e za\u0159\u00edzen\u00ed.\" Pou\u017e\u00edv\u00e1me pouze nejrenomovan\u011bj\u0161\u00ed v\u00fdrobce a nejkvalitn\u011bj\u0161\u00ed kokain, heroin, pervitin a ketamin. Na\u0161i dodavatel\u00e9 ru\u010dn\u011b vyb\u00edraj\u00ed produkty, kter\u00e9 nab\u00edz\u00edme. V\u0161echny n\u00e1mi nab\u00edzen\u00e9 produkty [...]","protected":false},"author":1,"featured_media":0,"parent":0,"menu_order":0,"comment_status":"closed","ping_status":"closed","template":"","meta":{"_joinchat":[],"footnotes":""},"class_list":["post-848","page","type-page","status-publish","hentry"],"yoast_head":"<!-- This site is optimized with the Yoast SEO plugin v23.1 - https:\/\/yoast.com\/wordpress\/plugins\/seo\/ -->\n<title>O N\u00e1s - Narko Pr\u00e1\u0161ek<\/title>\n<meta name=\"robots\" content=\"index, follow, max-snippet:-1, max-image-preview:large, max-video-preview:-1\" \/>\n<link rel=\"canonical\" href=\"https:\/\/narkoprasek.com\/hu\/rolunk\/\" \/>\n<meta property=\"og:locale\" content=\"hu_HU\" \/>\n<meta property=\"og:type\" content=\"article\" \/>\n<meta property=\"og:title\" content=\"O N\u00e1s - Narko Pr\u00e1\u0161ek\" \/>\n<meta property=\"og:url\" content=\"https:\/\/narkoprasek.com\/hu\/rolunk\/\" \/>\n<meta property=\"og:site_name\" content=\"Narko Pr\u00e1\u0161ek\" \/>\n<meta property=\"article:modified_time\" content=\"2024-01-01T12:23:08+00:00\" \/>\n<meta name=\"twitter:card\" content=\"summary_large_image\" \/>\n<meta name=\"twitter:label1\" content=\"Est. reading time\" \/>\n\t<meta name=\"twitter:data1\" content=\"9 minutes\" \/>\n<script type=\"application\/ld+json\" class=\"yoast-schema-graph\">{\"@context\":\"https:\/\/schema.org\",\"@graph\":[{\"@type\":\"WebPage\",\"@id\":\"https:\/\/narkoprasek.com\/o-nas\/\",\"url\":\"https:\/\/narkoprasek.com\/o-nas\/\",\"name\":\"O N\u00e1s - Narko Pr\u00e1\u0161ek\",\"isPartOf\":{\"@id\":\"https:\/\/narkoprasek.com\/#website\"},\"datePublished\":\"2018-02-28T07:46:00+00:00\",\"dateModified\":\"2024-01-01T12:23:08+00:00\",\"breadcrumb\":{\"@id\":\"https:\/\/narkoprasek.com\/o-nas\/#breadcrumb\"},\"inLanguage\":\"hu-HU\",\"potentialAction\":[{\"@type\":\"ReadAction\",\"target\":[\"https:\/\/narkoprasek.com\/o-nas\/\"]}]},{\"@type\":\"BreadcrumbList\",\"@id\":\"https:\/\/narkoprasek.com\/o-nas\/#breadcrumb\",\"itemListElement\":[{\"@type\":\"ListItem\",\"position\":1,\"name\":\"Home\",\"item\":\"https:\/\/narkoprasek.com\/\"},{\"@type\":\"ListItem\",\"position\":2,\"name\":\"O N\u00e1s\"}]},{\"@type\":\"WebSite\",\"@id\":\"https:\/\/narkoprasek.com\/#website\",\"url\":\"https:\/\/narkoprasek.com\/\",\"name\":\"Narko Pr\u00e1\u0161ek\",\"description\":\"My WordPress Blog\",\"potentialAction\":[{\"@type\":\"SearchAction\",\"target\":{\"@type\":\"EntryPoint\",\"urlTemplate\":\"https:\/\/narkoprasek.com\/?s={search_term_string}\"},\"query-input\":\"required name=search_term_string\"}],\"inLanguage\":\"hu-HU\"}]}<\/script>\n<!-- \/ Yoast SEO plugin. -->","yoast_head_json":{"title":"O N\u00e1s - Narko Pr\u00e1\u0161ek","robots":{"index":"index","follow":"follow","max-snippet":"max-snippet:-1","max-image-preview":"max-image-preview:large","max-video-preview":"max-video-preview:-1"},"canonical":"https:\/\/narkoprasek.com\/hu\/rolunk\/","og_locale":"hu_HU","og_type":"article","og_title":"O N\u00e1s - Narko Pr\u00e1\u0161ek","og_url":"https:\/\/narkoprasek.com\/hu\/rolunk\/","og_site_name":"Narko Pr\u00e1\u0161ek","article_modified_time":"2024-01-01T12:23:08+00:00","twitter_card":"summary_large_image","twitter_misc":{"Est. reading time":"9 minutes"},"schema":{"@context":"https:\/\/schema.org","@graph":[{"@type":"WebPage","@id":"https:\/\/narkoprasek.com\/o-nas\/","url":"https:\/\/narkoprasek.com\/o-nas\/","name":"O N\u00e1s - Narko Pr\u00e1\u0161ek","isPartOf":{"@id":"https:\/\/narkoprasek.com\/#website"},"datePublished":"2018-02-28T07:46:00+00:00","dateModified":"2024-01-01T12:23:08+00:00","breadcrumb":{"@id":"https:\/\/narkoprasek.com\/o-nas\/#breadcrumb"},"inLanguage":"hu-HU","potentialAction":[{"@type":"ReadAction","target":["https:\/\/narkoprasek.com\/o-nas\/"]}]},{"@type":"BreadcrumbList","@id":"https:\/\/narkoprasek.com\/o-nas\/#breadcrumb","itemListElement":[{"@type":"ListItem","position":1,"name":"Home","item":"https:\/\/narkoprasek.com\/"},{"@type":"ListItem","position":2,"name":"O N\u00e1s"}]},{"@type":"WebSite","@id":"https:\/\/narkoprasek.com\/#website","url":"https:\/\/narkoprasek.com\/","name":"Narko Pr\u00e1\u0161ek","description":"My WordPress Blog","potentialAction":[{"@type":"SearchAction","target":{"@type":"EntryPoint","urlTemplate":"https:\/\/narkoprasek.com\/?s={search_term_string}"},"query-input":"required name=search_term_string"}],"inLanguage":"hu-HU"}]}},"_links":{"self":[{"href":"https:\/\/narkoprasek.com\/hu\/wp-json\/wp\/v2\/pages\/848","targetHints":{"allow":["GET"]}}],"collection":[{"href":"https:\/\/narkoprasek.com\/hu\/wp-json\/wp\/v2\/pages"}],"about":[{"href":"https:\/\/narkoprasek.com\/hu\/wp-json\/wp\/v2\/types\/page"}],"author":[{"embeddable":true,"href":"https:\/\/narkoprasek.com\/hu\/wp-json\/wp\/v2\/users\/1"}],"replies":[{"embeddable":true,"href":"https:\/\/narkoprasek.com\/hu\/wp-json\/wp\/v2\/comments?post=848"}],"version-history":[{"count":3,"href":"https:\/\/narkoprasek.com\/hu\/wp-json\/wp\/v2\/pages\/848\/revisions"}],"predecessor-version":[{"id":5333,"href":"https:\/\/narkoprasek.com\/hu\/wp-json\/wp\/v2\/pages\/848\/revisions\/5333"}],"wp:attachment":[{"href":"https:\/\/narkoprasek.com\/hu\/wp-json\/wp\/v2\/media?parent=848"}],"curies":[{"name":"wp","href":"https:\/\/api.w.org\/{rel}","templated":true}]}}