{"id":848,"date":"2018-02-28T07:46:00","date_gmt":"2018-02-28T07:46:00","guid":{"rendered":"http:\/\/sw-themes.com\/porto_dummy\/?page_id=848"},"modified":"2024-01-01T12:23:08","modified_gmt":"2024-01-01T12:23:08","slug":"o-nas","status":"publish","type":"page","link":"https:\/\/narkoprasek.com\/fr\/a-propos-de-nous\/","title":{"rendered":"\u00c0 propos de nous"},"content":{"rendered":"<div class=\"wpb-content-wrapper\"><div class=\"vc_row wpb_row top-row vc_custom_1657324574017 porto-inner-container\"><div class=\"porto-wrap-container container\"><div class=\"row\"><div class=\"vc_column_container col-md-12\"><div class=\"wpb_wrapper vc_column-inner\"><div class=\"porto-u-heading  wpb_custom_785f1b59862835eed400b91fbcfd8561 porto-u-8681\"><div class=\"porto-u-main-heading\"><h2   style=\"color:#21293c;margin-bottom: 10px;\">NOS M\u00c9LANGES<\/h2><\/div><style>.porto-u-8681.porto-u-heading{text-align:left}<\/style><\/div>\n\t<div class=\"wpb_text_column wpb_content_element\" >\n\t\t<div class=\"wpb_wrapper\">\n\t\t\t<h3 style=\"color: #21293c; font-size: 18px; line-height: 27px; font-weight: 400;\">\"Notre mission \u00e0 NarcoPowder est de fournir un service professionnel et rentable pour la coca\u00efne ou la coke, l'h\u00e9ro\u00efne, la k\u00e9tamine et la m\u00e9thamph\u00e9tamine, qui est livr\u00e9 rapidement et efficacement \u00e0 nos clients sans qu'ils aient besoin de se rendre dans nos locaux\".<\/h3>\n\n\t\t<\/div>\n\t<\/div>\n\n\t<div class=\"wpb_text_column wpb_content_element\" >\n\t\t<div class=\"wpb_wrapper\">\n\t\t\t<p style=\"text-align: justify;\">Nous n'utilisons que les fabricants les plus r\u00e9put\u00e9s et la coca\u00efne, l'h\u00e9ro\u00efne, la m\u00e9thamph\u00e9tamine et la k\u00e9tamine de la plus haute qualit\u00e9. Nos fournisseurs s\u00e9lectionnent manuellement les produits que nous proposons. Tous les produits que nous proposons ont fait l'objet de tests de qualit\u00e9 et de certificats de contr\u00f4le de qualit\u00e9. Nous suivons en permanence les r\u00e9actions de nos clients et nous tenons compte des conseils de nos experts. Nous s\u00e9lectionnons les meilleurs produits aupr\u00e8s des fabricants de d\u00e9tergents les plus r\u00e9put\u00e9s et les plus connus au monde.<\/p>\n<p style=\"text-align: justify;\">La satisfaction du client est notre priorit\u00e9 absolue ; tous nos produits sont propos\u00e9s \u00e0 des prix raisonnables afin que vous n'ayez pas \u00e0 chercher ailleurs des fournisseurs de coca\u00efne, d'h\u00e9ro\u00efne, de k\u00e9tamine et de m\u00e9thamph\u00e9tamine. Notre magasin en ligne dispose de la plus grande s\u00e9lection d'h\u00e9ro\u00efne en poudre et de coca\u00efne aux prix les plus comp\u00e9titifs. Notre soci\u00e9t\u00e9 offre une livraison rapide, des achats s\u00e9curis\u00e9s, un service client\u00e8le d\u00e9vou\u00e9 et bien plus encore !<\/p>\n\n\t\t<\/div>\n\t<\/div>\n<\/div><\/div><\/div><\/div><\/div><div class=\"vc_row wpb_row top-row vc_custom_1657324614861 vc_row-has-fill porto-inner-container\"><div class=\"porto-wrap-container container\"><div class=\"row\"><div class=\"vc_column_container col-md-12\"><div class=\"wpb_wrapper vc_column-inner\"><div class=\"porto-u-heading  wpb_custom_785f1b59862835eed400b91fbcfd8561 porto-u-1367\"><div class=\"porto-u-main-heading\"><h2   style=\"color:#21293c;margin-bottom: 10px;\">POURQUOI NOUS CHOISIR<\/h2><\/div><style>.porto-u-1367.porto-u-heading{text-align:left}<\/style><\/div><div class=\"vc_row wpb_row vc_inner row\"><div class=\"vc_column_container col-md-4\"><div class=\"wpb_wrapper vc_column-inner\"><div class=\"porto-sicon-box  vc_custom_1704111045261 bg-white  wpb_custom_bcacaf36fe4b1e893a7caf1e07e874e3 style_1 top-icon\"><div class=\"porto-sicon-top\"><div class=\"porto-just-icon-wrapper porto-icon none\" style=\"color:#0088cc;font-size:55px;\"><i class=\"porto-icon-secure-payment\"><\/i><\/div><\/div><div class=\"porto-sicon-header\"><h3 class=\"porto-sicon-title\" style=\"font-weight:600;font-size:18px;line-height:20px;\">DES PAIEMENTS S\u00dbRS ET S\u00c9CURIS\u00c9S<\/h3><\/div> <!-- header --><div class=\"porto-sicon-description\" style=\"font-size:15px;line-height:27px;\">Nous nous engageons \u00e0 prot\u00e9ger vos achats et vos informations personnelles et souhaitons que nos clients se sentent en s\u00e9curit\u00e9 avant, pendant et apr\u00e8s leurs transactions en ligne.<\/div> <!-- description --><\/div><!-- porto-sicon-box --><\/div><\/div><div class=\"vc_column_container col-md-4\"><div class=\"wpb_wrapper vc_column-inner\"><div class=\"porto-sicon-box  vc_custom_1704111093783 bg-white  wpb_custom_bcacaf36fe4b1e893a7caf1e07e874e3 style_1 top-icon\"><div class=\"porto-sicon-top\"><div class=\"porto-just-icon-wrapper porto-icon none\" style=\"color:#0088cc;font-size:55px;\"><i class=\"porto-icon-us-dollar\"><\/i><\/div><\/div><div class=\"porto-sicon-header\"><h3 class=\"porto-sicon-title\" style=\"font-weight:600;font-size:18px;line-height:20px;\">100% GARANTIE DE REMBOURSEMENT<\/h3><\/div> <!-- header --><div class=\"porto-sicon-description\" style=\"font-size:15px;line-height:27px;\">Vous pouvez compter sur notre fiabilit\u00e9. Nous fournissons un service exceptionnel et r\u00e9pondons \u00e0 tous les besoins de nos clients. Si vous avez des questions, contactez notre service client\u00e8le et nous travaillerons avec vous pour trouver une solution.<\/div> <!-- description --><\/div><!-- porto-sicon-box --><\/div><\/div><div class=\"vc_column_container col-md-4\"><div class=\"wpb_wrapper vc_column-inner\"><div class=\"porto-sicon-box  vc_custom_1704111143441 bg-white  wpb_custom_bcacaf36fe4b1e893a7caf1e07e874e3 style_1 top-icon\"><div class=\"porto-sicon-top\"><div class=\"porto-just-icon-wrapper porto-icon none\" style=\"color:#0088cc;font-size:55px;\"><i class=\"porto-icon-online-support\"><\/i><\/div><\/div><div class=\"porto-sicon-header\"><h3 class=\"porto-sicon-title\" style=\"font-weight:600;font-size:18px;line-height:20px;\">ASSISTANCE EN LIGNE 24\/7<\/h3><\/div> <!-- header --><div class=\"porto-sicon-description\" style=\"font-size:15px;line-height:27px;\">Nous assurons un service client\u00e8le rapide pour toutes les questions et demandes de nos clients. Si vous avez des questions, notre \u00e9quipe de service \u00e0 la client\u00e8le est toujours disponible pour vous aider.<\/div> <!-- description --><\/div><!-- porto-sicon-box --><\/div><\/div><\/div><\/div><\/div><\/div><\/div><\/div><div class=\"vc_row wpb_row top-row vc_custom_1659143748727 porto-inner-container\"><div class=\"porto-wrap-container container\"><div class=\"row\"><div class=\"vc_column_container col-md-12\"><div class=\"wpb_wrapper vc_column-inner\"><div class=\"porto-u-heading  wpb_custom_785f1b59862835eed400b91fbcfd8561 porto-u-7098\"><div class=\"porto-u-main-heading\"><h2   style=\"color:#21293c;margin-bottom: 40px;\">CLIENTS HEUREUX<\/h2><\/div><style>.porto-u-7098.porto-u-heading{text-align:center}<\/style><\/div><div class=\"vc_row wpb_row vc_inner row\"><div class=\"vc_column_container col-md-6\"><div class=\"wpb_wrapper vc_column-inner\"><div class=\"porto-testimonial wpb_content_element  mb-0 pb-2  wpb_custom_eb9dc94e408eaf82a5422add67a32507\"><div class=\"testimonial testimonial-style-3\"><div class=\"testimonial-author\"><p><strong style=\"color:#2b2b2d\">Derek<\/strong><span style=\"color:#62615e\"><\/span><\/p><\/div><div class=\"testimonial-arrow-down reversed\"><\/div><blockquote style=\"color:#62615e\"><p>C'est le meilleur service disponible. Le personnel de NarkoPrasek est amical et serviable. Ils sont toujours pr\u00eats \u00e0 r\u00e9pondre \u00e0 vos questions. Je n'ai pas besoin de perdre mon temps \u00e0 aller quelque part parce que NarcoPowder a livr\u00e9 le produit \u00e0 temps.<\/p><\/blockquote><\/div><\/div><\/div><\/div><div class=\"vc_column_container col-md-6\"><div class=\"wpb_wrapper vc_column-inner\"><div class=\"porto-testimonial wpb_content_element   wpb_custom_e149af975e3798c47e07bcbc1a01c3ec\"><div class=\"testimonial testimonial-style-3\"><div class=\"testimonial-author\"><p><strong style=\"color:#2b2b2d\">Tony Butler<\/strong><span style=\"color:#62615e\"><\/span><\/p><\/div><div class=\"testimonial-arrow-down reversed\"><\/div><blockquote style=\"color:#62615e\"><p>Excellente exp\u00e9rience ! La livraison a \u00e9t\u00e9 rapide et \u00e0 temps, la commande est arriv\u00e9e en bon \u00e9tat. Les produits sont excellents et j'adore les cadeaux et les ventes ! Je vous remercie de votre attention.<\/p><\/blockquote><\/div><\/div><\/div><\/div><\/div><\/div><\/div><\/div><\/div><\/div><div class=\"vc_row wpb_row top-row vc_custom_1659143788965 vc_row-has-fill porto-inner-container\"><div class=\"porto-wrap-container container\"><div class=\"row\"><div class=\"vc_column_container col-md-1-5\"><div class=\"wpb_wrapper vc_column-inner\"><div class=\"stats-block stats-left  d-inline-block  wpb_custom_a517333ace5b1666c6af8bd4684f1de9  vc_custom_1704111520425\"><div class=\"stats-desc\"><div id=\"counter_182933105269e260163ed51\" data-id=\"counter_182933105269e260163ed51\" class=\"stats-number\" style=\" font-weight:800;font-size:32px;line-height:32px;color:#0087cb;\" data-speed=\"3\" data-counter-value=\"2000\" data-separator=\",\" data-decimal=\".\">0<\/div><div class=\"counter_suffix mycust\" style=\" font-weight:800;font-size:32px;line-height:32px;color:#0087cb\">+<\/div><div class=\"stats-text\" style=\"font-weight:600;font-size:14px;line-height:25px;color:#7b858a;\">CLIENTS FID\u00c8LES<\/div><\/div><\/div><\/div><\/div><div class=\"vc_column_container col-md-1-5\"><div class=\"wpb_wrapper vc_column-inner\"><div class=\"stats-block stats-left  d-inline-block  wpb_custom_a517333ace5b1666c6af8bd4684f1de9  vc_custom_1704111543749\"><div class=\"stats-desc\"><div id=\"counter_60740038669e260163f044\" data-id=\"counter_60740038669e260163f044\" class=\"stats-number\" style=\" font-weight:800;font-size:32px;line-height:32px;color:#0087cb;\" data-speed=\"3\" data-counter-value=\"30\" data-separator=\"none\" data-decimal=\".\">0<\/div><div class=\"counter_suffix mycust\" style=\" font-weight:800;font-size:32px;line-height:32px;color:#0087cb\">+<\/div><div class=\"stats-text\" style=\"font-weight:600;font-size:14px;line-height:25px;color:#7b858a;\">MEMBRES DE L'\u00c9QUIPE<\/div><\/div><\/div><\/div><\/div><div class=\"vc_column_container col-md-1-5\"><div class=\"wpb_wrapper vc_column-inner\"><div class=\"stats-block stats-left  d-inline-block  wpb_custom_a517333ace5b1666c6af8bd4684f1de9  vc_custom_1704111764536\"><div class=\"stats-desc\"><div id=\"counter_197530864869e260163f328\" data-id=\"counter_197530864869e260163f328\" class=\"stats-number\" style=\" font-weight:800;font-size:32px;line-height:32px;color:#0087cb;\" data-speed=\"3\" data-counter-value=\"4\" data-separator=\"none\" data-decimal=\".\">0<\/div><div class=\"counter_suffix mycust\" style=\" font-weight:800;font-size:32px;line-height:32px;color:#0087cb\">+<\/div><div class=\"stats-text\" style=\"font-weight:600;font-size:14px;line-height:25px;color:#7b858a;\">SOUTIEN DISPONIBLE<\/div><\/div><\/div><\/div><\/div><div class=\"vc_column_container col-md-1-5\"><div class=\"wpb_wrapper vc_column-inner\"><div class=\"stats-block stats-left  d-inline-block  wpb_custom_a517333ace5b1666c6af8bd4684f1de9  vc_custom_1704111587912\"><div class=\"stats-desc\"><div id=\"counter_82440514069e260163f61a\" data-id=\"counter_82440514069e260163f61a\" class=\"stats-number\" style=\" font-weight:800;font-size:32px;line-height:32px;color:#0087cb;\" data-speed=\"3\" data-counter-value=\"4500\" data-separator=\"none\" data-decimal=\".\">0<\/div><div class=\"counter_suffix mycust\" style=\" font-weight:800;font-size:32px;line-height:32px;color:#0087cb\">+<\/div><div class=\"stats-text\" style=\"font-weight:600;font-size:14px;line-height:25px;color:#7b858a;\">COMMANDES LIVR\u00c9ES<\/div><\/div><\/div><\/div><\/div><div class=\"vc_column_container col-md-1-5\"><div class=\"wpb_wrapper vc_column-inner\"><div class=\"stats-block stats-left  d-inline-block  wpb_custom_a517333ace5b1666c6af8bd4684f1de9  vc_custom_1704111641561\"><div class=\"stats-desc\"><div id=\"counter_187602400869e260163f900\" data-id=\"counter_187602400869e260163f900\" class=\"stats-number\" style=\" font-weight:800;font-size:32px;line-height:32px;color:#0087cb;\" data-speed=\"3\" data-counter-value=\"98\" data-separator=\"none\" data-decimal=\".\">0<\/div><div class=\"counter_suffix mycust\" style=\" font-weight:800;font-size:19px;line-height:32px;color:#0087cb\">%<\/div><div class=\"stats-text\" style=\"font-weight:600;font-size:14px;line-height:25px;color:#7b858a;\">CRITIQUES POSITIVES<\/div><\/div><\/div><\/div><\/div><\/div><\/div><\/div>\n<\/div>","protected":false},"excerpt":{"rendered":"NA\u0160E MISE \"Na\u0161\u00edm posl\u00e1n\u00edm v NarkoPr\u00e1\u0161ek je poskytovat profesion\u00e1ln\u00ed, n\u00e1kladov\u011b efektivn\u00ed slu\u017ebu kokainu nebo koksu, heroinu, ketaminu a pervitinu, kter\u00e1 je na\u0161im z\u00e1kazn\u00edk\u016fm dod\u00e1v\u00e1na rychle a efektivn\u011b, ani\u017e by museli nav\u0161t\u00edvit na\u0161e za\u0159\u00edzen\u00ed.\" Pou\u017e\u00edv\u00e1me pouze nejrenomovan\u011bj\u0161\u00ed v\u00fdrobce a nejkvalitn\u011bj\u0161\u00ed kokain, heroin, pervitin a ketamin. Na\u0161i dodavatel\u00e9 ru\u010dn\u011b vyb\u00edraj\u00ed produkty, kter\u00e9 nab\u00edz\u00edme. V\u0161echny n\u00e1mi nab\u00edzen\u00e9 produkty [...]","protected":false},"author":1,"featured_media":0,"parent":0,"menu_order":0,"comment_status":"closed","ping_status":"closed","template":"","meta":{"_joinchat":[],"footnotes":""},"class_list":["post-848","page","type-page","status-publish","hentry"],"yoast_head":"<!-- This site is optimized with the Yoast SEO plugin v23.1 - https:\/\/yoast.com\/wordpress\/plugins\/seo\/ -->\n<title>O N\u00e1s - Narko Pr\u00e1\u0161ek<\/title>\n<meta name=\"robots\" content=\"index, follow, max-snippet:-1, max-image-preview:large, max-video-preview:-1\" \/>\n<link rel=\"canonical\" href=\"https:\/\/narkoprasek.com\/fr\/a-propos-de-nous\/\" \/>\n<meta property=\"og:locale\" content=\"fr_CA\" \/>\n<meta property=\"og:type\" content=\"article\" \/>\n<meta property=\"og:title\" content=\"O N\u00e1s - Narko Pr\u00e1\u0161ek\" \/>\n<meta property=\"og:url\" content=\"https:\/\/narkoprasek.com\/fr\/a-propos-de-nous\/\" \/>\n<meta property=\"og:site_name\" content=\"Narko Pr\u00e1\u0161ek\" \/>\n<meta property=\"article:modified_time\" content=\"2024-01-01T12:23:08+00:00\" \/>\n<meta name=\"twitter:card\" content=\"summary_large_image\" \/>\n<meta name=\"twitter:label1\" content=\"Est. reading time\" \/>\n\t<meta name=\"twitter:data1\" content=\"9 minutes\" \/>\n<script type=\"application\/ld+json\" class=\"yoast-schema-graph\">{\"@context\":\"https:\/\/schema.org\",\"@graph\":[{\"@type\":\"WebPage\",\"@id\":\"https:\/\/narkoprasek.com\/o-nas\/\",\"url\":\"https:\/\/narkoprasek.com\/o-nas\/\",\"name\":\"O N\u00e1s - Narko Pr\u00e1\u0161ek\",\"isPartOf\":{\"@id\":\"https:\/\/narkoprasek.com\/#website\"},\"datePublished\":\"2018-02-28T07:46:00+00:00\",\"dateModified\":\"2024-01-01T12:23:08+00:00\",\"breadcrumb\":{\"@id\":\"https:\/\/narkoprasek.com\/o-nas\/#breadcrumb\"},\"inLanguage\":\"fr-CA\",\"potentialAction\":[{\"@type\":\"ReadAction\",\"target\":[\"https:\/\/narkoprasek.com\/o-nas\/\"]}]},{\"@type\":\"BreadcrumbList\",\"@id\":\"https:\/\/narkoprasek.com\/o-nas\/#breadcrumb\",\"itemListElement\":[{\"@type\":\"ListItem\",\"position\":1,\"name\":\"Home\",\"item\":\"https:\/\/narkoprasek.com\/\"},{\"@type\":\"ListItem\",\"position\":2,\"name\":\"O N\u00e1s\"}]},{\"@type\":\"WebSite\",\"@id\":\"https:\/\/narkoprasek.com\/#website\",\"url\":\"https:\/\/narkoprasek.com\/\",\"name\":\"Narko Pr\u00e1\u0161ek\",\"description\":\"My WordPress Blog\",\"potentialAction\":[{\"@type\":\"SearchAction\",\"target\":{\"@type\":\"EntryPoint\",\"urlTemplate\":\"https:\/\/narkoprasek.com\/?s={search_term_string}\"},\"query-input\":\"required name=search_term_string\"}],\"inLanguage\":\"fr-CA\"}]}<\/script>\n<!-- \/ Yoast SEO plugin. -->","yoast_head_json":{"title":"O N\u00e1s - Narko Pr\u00e1\u0161ek","robots":{"index":"index","follow":"follow","max-snippet":"max-snippet:-1","max-image-preview":"max-image-preview:large","max-video-preview":"max-video-preview:-1"},"canonical":"https:\/\/narkoprasek.com\/fr\/a-propos-de-nous\/","og_locale":"fr_CA","og_type":"article","og_title":"O N\u00e1s - Narko Pr\u00e1\u0161ek","og_url":"https:\/\/narkoprasek.com\/fr\/a-propos-de-nous\/","og_site_name":"Narko Pr\u00e1\u0161ek","article_modified_time":"2024-01-01T12:23:08+00:00","twitter_card":"summary_large_image","twitter_misc":{"Est. reading time":"9 minutes"},"schema":{"@context":"https:\/\/schema.org","@graph":[{"@type":"WebPage","@id":"https:\/\/narkoprasek.com\/o-nas\/","url":"https:\/\/narkoprasek.com\/o-nas\/","name":"O N\u00e1s - Narko Pr\u00e1\u0161ek","isPartOf":{"@id":"https:\/\/narkoprasek.com\/#website"},"datePublished":"2018-02-28T07:46:00+00:00","dateModified":"2024-01-01T12:23:08+00:00","breadcrumb":{"@id":"https:\/\/narkoprasek.com\/o-nas\/#breadcrumb"},"inLanguage":"fr-CA","potentialAction":[{"@type":"ReadAction","target":["https:\/\/narkoprasek.com\/o-nas\/"]}]},{"@type":"BreadcrumbList","@id":"https:\/\/narkoprasek.com\/o-nas\/#breadcrumb","itemListElement":[{"@type":"ListItem","position":1,"name":"Home","item":"https:\/\/narkoprasek.com\/"},{"@type":"ListItem","position":2,"name":"O N\u00e1s"}]},{"@type":"WebSite","@id":"https:\/\/narkoprasek.com\/#website","url":"https:\/\/narkoprasek.com\/","name":"Narko Pr\u00e1\u0161ek","description":"My WordPress Blog","potentialAction":[{"@type":"SearchAction","target":{"@type":"EntryPoint","urlTemplate":"https:\/\/narkoprasek.com\/?s={search_term_string}"},"query-input":"required name=search_term_string"}],"inLanguage":"fr-CA"}]}},"_links":{"self":[{"href":"https:\/\/narkoprasek.com\/fr\/wp-json\/wp\/v2\/pages\/848","targetHints":{"allow":["GET"]}}],"collection":[{"href":"https:\/\/narkoprasek.com\/fr\/wp-json\/wp\/v2\/pages"}],"about":[{"href":"https:\/\/narkoprasek.com\/fr\/wp-json\/wp\/v2\/types\/page"}],"author":[{"embeddable":true,"href":"https:\/\/narkoprasek.com\/fr\/wp-json\/wp\/v2\/users\/1"}],"replies":[{"embeddable":true,"href":"https:\/\/narkoprasek.com\/fr\/wp-json\/wp\/v2\/comments?post=848"}],"version-history":[{"count":3,"href":"https:\/\/narkoprasek.com\/fr\/wp-json\/wp\/v2\/pages\/848\/revisions"}],"predecessor-version":[{"id":5333,"href":"https:\/\/narkoprasek.com\/fr\/wp-json\/wp\/v2\/pages\/848\/revisions\/5333"}],"wp:attachment":[{"href":"https:\/\/narkoprasek.com\/fr\/wp-json\/wp\/v2\/media?parent=848"}],"curies":[{"name":"wp","href":"https:\/\/api.w.org\/{rel}","templated":true}]}}