{"id":61,"date":"2023-12-25T08:19:52","date_gmt":"2023-12-25T08:19:52","guid":{"rendered":"https:\/\/unkrautmarkt.com\/narco2\/?post_type=product&#038;p=61"},"modified":"2026-03-12T09:21:10","modified_gmt":"2026-03-12T09:21:10","slug":"kolumbijsky-kokain","status":"publish","type":"product","link":"https:\/\/narkoprasek.com\/de\/produkt\/kolumbianisches-kokain\/","title":{"rendered":"Kolumbijsky Kokain"},"content":{"rendered":"<h2>Kolumbianisches Kokain online kaufen<\/h2>\n<h3>Kokain aus Kolumbien online kaufen<\/h3>\n<p><a href=\"https:\/\/en.wikipedia.org\/wiki\/Cocaine\">Kolumbianisches Kokain zu verkaufen<\/a>Der kolumbianische Drogenboss gab dem Rauschmittel zu Ehren seiner Heimat den Namen \u201eKolumbianisches Kokain\u201c. Dieses Kokain z\u00e4hlt aufgrund seiner Reinheit zu den besten der modernen Geschichte. Es wird aus Kokabl\u00e4ttern gewonnen. Bestellen Sie reines Kokain aus Kolumbien online.<a href=\"https:\/\/narcopowders.com\/de\/produkt-kategorie\/kokain-online-kaufen\/\">.<\/a><\/p>\n<p>Dar\u00fcber hinaus ist kolumbianisches Kokain eine stark s\u00fcchtig machende Droge, die Energie und Wachheit steigert. Da es aus der in S\u00fcdamerika beheimateten Kokapflanze gewonnen wird, wird es oft als Stimulans bezeichnet. Es ist auch unter den Namen Coke, Snow, Rock, Blow und Crack bekannt.<\/p>\n<h3>Billiges kolumbianisches Kokain zu verkaufen \u2013 Legales und erschwingliches kolumbianisches Kokain online kaufen<\/h3>\n<p>Dar\u00fcber hinaus f\u00fchrt dieses Medikament zu einer Aussch\u00fcttung hoher Dopaminkonzentrationen \u2013 Dopamin ist der k\u00f6rpereigene Botenstoff \u2013 in die f\u00fcr das Wohlbefinden zust\u00e4ndigen Hirnareale. Die daraus resultierende extreme Energie und Wachheit wird als \u201eHigh\u201c bezeichnet.<\/p>\n<p>Kaufen Sie Kokain online und erhalten Sie eine diskrete Lieferung in jedes Land der Welt. <a href=\"https:\/\/narkoprasek.com\/de\/\">Kokain kaufen<\/a>Kaufen Sie Kokain legal. Erh\u00e4ltlich als gestrecktes und ungestrecktes, reinwei\u00dfes Pulver. Versand und Verpackung erfolgen absolut diskret. Vermeiden Sie Steuerzahlungen. Kokain aus Kolumbien zu verkaufen.<\/p>\n<p>Dar\u00fcber hinaus k\u00f6nnen Substanzen wie Kokain, auch Pulverkokain, mittlerweile online erworben werden. Wir verkaufen regelm\u00e4\u00dfig Snow, Flake, Blown, Crack und reines Kokain. Allerdings kann es f\u00fcr einige von uns weiterhin schwierig sein, Kokain zu beschaffen. Au\u00dferdem k\u00f6nnen Sie unsere Dienste nicht nutzen.<\/p>\n<h3>Warum sollten Sie Kokain aus Kolumbien bei uns kaufen?<\/h3>\n<p>Wir bieten unseren Kunden die besten Angebote und diskreten Versand an alle Orte der Welt, weil wir die besten Verk\u00e4ufer sind. <a href=\"https:\/\/narkoprasek.com\/de\/produkt\/kolumbianisches-kokain\/\">Kokain aus Kolumbien kaufen<\/a><\/p>\n<p>Au\u00dferdem: Kokain aus Kolumbien kaufen, Kokain kaufen, wo man Kokain aus Kolumbien kaufen kann, wie man Kokain kauft, echtes Kokain kaufen, bester Ort, um Kokain zu kaufen, wie man Kokain aus Kolumbien kauft, Kokain in Deutschland kaufen, Kokain im Vereinigten K\u00f6nigreich kaufen, Kokain in Australien kaufen, Vereinigtes K\u00f6nigreich, Australien, Europa, Kanada.<\/p>","protected":false},"excerpt":{"rendered":"<p>Kupte si kolumbijsk\u00fd kokain online Kupte si kokain z Kolumbie online Kolumbijsk\u00fd kokain na prodej,\u00a0 Kolumbijsk\u00fd narkobaron dal na po\u010dest sv\u00e9 vlasti narkotick\u00fd n\u00e1zev \u201ekolumbijsk\u00fd kokain\u201c. Nav\u00edc tento kokain pat\u0159\u00ed d\u00edky sv\u00e9 \u010distot\u011b k nejlep\u0161\u00edm v modern\u00ed historii. Slo\u017eka tohoto produktu poch\u00e1z\u00ed z list\u016f koky. Objednejte si \u010dist\u00fd kokain z Kolumbie online. Krom\u011b toho je [&hellip;]<\/p>","protected":false},"featured_media":280,"comment_status":"open","ping_status":"closed","template":"","meta":{"_joinchat":[]},"product_cat":[66],"product_tag":[307,304,305,309,308,302,301,303,298,299,306,300,297,296],"class_list":{"0":"post-61","1":"product","2":"type-product","3":"status-publish","4":"has-post-thumbnail","6":"product_cat-koupit-kokain-online","7":"product_tag-co-je-kolumbijsky-kokain","8":"product_tag-jak-mohu-ziskat-nejlepsi-kolumbijsky-kokain","9":"product_tag-jak-si-objednat-kolumbijsky-kokain","10":"product_tag-kde-koupit-kolumbijsky-kokain","11":"product_tag-kde-si-mohu-koupit-kolumbijsky-kokain","12":"product_tag-kolumbijska-cena-kokainu","13":"product_tag-kolumbijsky-kokain-na-prodej","14":"product_tag-kolumbijsky-velkoobchod-s-kokainem","15":"product_tag-koupit-kolumbijsky-kokain-legalne","16":"product_tag-koupit-kolumbijsky-kokain-online-v-mem-okoli","17":"product_tag-legitimni-kolumbijsky-kokain-online","18":"product_tag-levny-kolumbijsky-kokain","19":"product_tag-nejlepsi-misto-pro-objednani-kolumbijskeho-kokainu","20":"product_tag-vyhody-kolumbijskeho-kokainu","22":"first","23":"instock","24":"shipping-taxable","25":"purchasable","26":"product-type-variable"},"yoast_head":"<!-- This site is optimized with the Yoast SEO plugin v23.1 - https:\/\/yoast.com\/wordpress\/plugins\/seo\/ -->\n<title>Koupit kolumbijsk\u00fd kokain online \u2013 Kolumbijsk\u00fd na prodej<\/title>\n<meta name=\"description\" content=\"V na\u0161em Narkopraseku si m\u016f\u017eete koupit kolumbijsk\u00fd kokain za n\u00edzk\u00e9 ceny. Zde si m\u016f\u017eete koupit kolumbijsk\u00fd kokain online ve vysok\u00e9 kvalit\u011b z na\u0161eho obchodu s rychlou a bezpe\u010dnou dopravou. Objednejte si hned!\" \/>\n<meta name=\"robots\" content=\"index, follow, max-snippet:-1, max-image-preview:large, max-video-preview:-1\" \/>\n<link rel=\"canonical\" href=\"https:\/\/narkoprasek.com\/de\/produkt\/kolumbianisches-kokain\/\" \/>\n<meta property=\"og:locale\" content=\"de_DE\" \/>\n<meta property=\"og:type\" content=\"article\" \/>\n<meta property=\"og:title\" content=\"Koupit kolumbijsk\u00fd kokain online \u2013 Kolumbijsk\u00fd na prodej\" \/>\n<meta property=\"og:description\" content=\"V na\u0161em Narkopraseku si m\u016f\u017eete koupit kolumbijsk\u00fd kokain za n\u00edzk\u00e9 ceny. Zde si m\u016f\u017eete koupit kolumbijsk\u00fd kokain online ve vysok\u00e9 kvalit\u011b z na\u0161eho obchodu s rychlou a bezpe\u010dnou dopravou. Objednejte si hned!\" \/>\n<meta property=\"og:url\" content=\"https:\/\/narkoprasek.com\/de\/produkt\/kolumbianisches-kokain\/\" \/>\n<meta property=\"og:site_name\" content=\"Narko Pr\u00e1\u0161ek\" \/>\n<meta property=\"article:modified_time\" content=\"2026-03-12T09:21:10+00:00\" \/>\n<meta property=\"og:image\" content=\"https:\/\/narkoprasek.com\/wp-content\/uploads\/2023\/12\/Colombian-Cocaine.jpg\" \/>\n\t<meta property=\"og:image:width\" content=\"600\" \/>\n\t<meta property=\"og:image:height\" content=\"600\" \/>\n\t<meta property=\"og:image:type\" content=\"image\/jpeg\" \/>\n<meta name=\"twitter:card\" content=\"summary_large_image\" \/>\n<meta name=\"twitter:label1\" content=\"Gesch\u00e4tzte Lesezeit\" \/>\n\t<meta name=\"twitter:data1\" content=\"2\u00a0Minuten\" \/>\n<script type=\"application\/ld+json\" class=\"yoast-schema-graph\">{\"@context\":\"https:\/\/schema.org\",\"@graph\":[{\"@type\":\"WebPage\",\"@id\":\"https:\/\/narkoprasek.com\/produkt\/kolumbijsky-kokain\/\",\"url\":\"https:\/\/narkoprasek.com\/produkt\/kolumbijsky-kokain\/\",\"name\":\"Koupit kolumbijsk\u00fd kokain online \u2013 Kolumbijsk\u00fd na prodej\",\"isPartOf\":{\"@id\":\"https:\/\/narkoprasek.com\/#website\"},\"primaryImageOfPage\":{\"@id\":\"https:\/\/narkoprasek.com\/produkt\/kolumbijsky-kokain\/#primaryimage\"},\"image\":{\"@id\":\"https:\/\/narkoprasek.com\/produkt\/kolumbijsky-kokain\/#primaryimage\"},\"thumbnailUrl\":\"https:\/\/narkoprasek.com\/wp-content\/uploads\/2023\/12\/Colombian-Cocaine.jpg\",\"datePublished\":\"2023-12-25T08:19:52+00:00\",\"dateModified\":\"2026-03-12T09:21:10+00:00\",\"description\":\"V na\u0161em Narkopraseku si m\u016f\u017eete koupit kolumbijsk\u00fd kokain za n\u00edzk\u00e9 ceny. Zde si m\u016f\u017eete koupit kolumbijsk\u00fd kokain online ve vysok\u00e9 kvalit\u011b z na\u0161eho obchodu s rychlou a bezpe\u010dnou dopravou. Objednejte si hned!\",\"breadcrumb\":{\"@id\":\"https:\/\/narkoprasek.com\/produkt\/kolumbijsky-kokain\/#breadcrumb\"},\"inLanguage\":\"de\",\"potentialAction\":[{\"@type\":\"ReadAction\",\"target\":[\"https:\/\/narkoprasek.com\/produkt\/kolumbijsky-kokain\/\"]}]},{\"@type\":\"ImageObject\",\"inLanguage\":\"de\",\"@id\":\"https:\/\/narkoprasek.com\/produkt\/kolumbijsky-kokain\/#primaryimage\",\"url\":\"https:\/\/narkoprasek.com\/wp-content\/uploads\/2023\/12\/Colombian-Cocaine.jpg\",\"contentUrl\":\"https:\/\/narkoprasek.com\/wp-content\/uploads\/2023\/12\/Colombian-Cocaine.jpg\",\"width\":600,\"height\":600,\"caption\":\"Colombian Cocaine\"},{\"@type\":\"BreadcrumbList\",\"@id\":\"https:\/\/narkoprasek.com\/produkt\/kolumbijsky-kokain\/#breadcrumb\",\"itemListElement\":[{\"@type\":\"ListItem\",\"position\":1,\"name\":\"Home\",\"item\":\"https:\/\/narkoprasek.com\/\"},{\"@type\":\"ListItem\",\"position\":2,\"name\":\"Na\u0161e Produkty\",\"item\":\"https:\/\/narkoprasek.com\/shop\/\"},{\"@type\":\"ListItem\",\"position\":3,\"name\":\"Kolumbijsky Kokain\"}]},{\"@type\":\"WebSite\",\"@id\":\"https:\/\/narkoprasek.com\/#website\",\"url\":\"https:\/\/narkoprasek.com\/\",\"name\":\"Narko Pr\u00e1\u0161ek\",\"description\":\"My WordPress Blog\",\"potentialAction\":[{\"@type\":\"SearchAction\",\"target\":{\"@type\":\"EntryPoint\",\"urlTemplate\":\"https:\/\/narkoprasek.com\/?s={search_term_string}\"},\"query-input\":\"required name=search_term_string\"}],\"inLanguage\":\"de\"}]}<\/script>\n<!-- \/ Yoast SEO plugin. -->","yoast_head_json":{"title":"Koupit kolumbijsk\u00fd kokain online \u2013 Kolumbijsk\u00fd na prodej","description":"V na\u0161em Narkopraseku si m\u016f\u017eete koupit kolumbijsk\u00fd kokain za n\u00edzk\u00e9 ceny. Zde si m\u016f\u017eete koupit kolumbijsk\u00fd kokain online ve vysok\u00e9 kvalit\u011b z na\u0161eho obchodu s rychlou a bezpe\u010dnou dopravou. Objednejte si hned!","robots":{"index":"index","follow":"follow","max-snippet":"max-snippet:-1","max-image-preview":"max-image-preview:large","max-video-preview":"max-video-preview:-1"},"canonical":"https:\/\/narkoprasek.com\/de\/produkt\/kolumbianisches-kokain\/","og_locale":"de_DE","og_type":"article","og_title":"Koupit kolumbijsk\u00fd kokain online \u2013 Kolumbijsk\u00fd na prodej","og_description":"V na\u0161em Narkopraseku si m\u016f\u017eete koupit kolumbijsk\u00fd kokain za n\u00edzk\u00e9 ceny. Zde si m\u016f\u017eete koupit kolumbijsk\u00fd kokain online ve vysok\u00e9 kvalit\u011b z na\u0161eho obchodu s rychlou a bezpe\u010dnou dopravou. Objednejte si hned!","og_url":"https:\/\/narkoprasek.com\/de\/produkt\/kolumbianisches-kokain\/","og_site_name":"Narko Pr\u00e1\u0161ek","article_modified_time":"2026-03-12T09:21:10+00:00","og_image":[{"width":600,"height":600,"url":"https:\/\/narkoprasek.com\/wp-content\/uploads\/2023\/12\/Colombian-Cocaine.jpg","type":"image\/jpeg"}],"twitter_card":"summary_large_image","twitter_misc":{"Gesch\u00e4tzte Lesezeit":"2\u00a0Minuten"},"schema":{"@context":"https:\/\/schema.org","@graph":[{"@type":"WebPage","@id":"https:\/\/narkoprasek.com\/produkt\/kolumbijsky-kokain\/","url":"https:\/\/narkoprasek.com\/produkt\/kolumbijsky-kokain\/","name":"Koupit kolumbijsk\u00fd kokain online \u2013 Kolumbijsk\u00fd na prodej","isPartOf":{"@id":"https:\/\/narkoprasek.com\/#website"},"primaryImageOfPage":{"@id":"https:\/\/narkoprasek.com\/produkt\/kolumbijsky-kokain\/#primaryimage"},"image":{"@id":"https:\/\/narkoprasek.com\/produkt\/kolumbijsky-kokain\/#primaryimage"},"thumbnailUrl":"https:\/\/narkoprasek.com\/wp-content\/uploads\/2023\/12\/Colombian-Cocaine.jpg","datePublished":"2023-12-25T08:19:52+00:00","dateModified":"2026-03-12T09:21:10+00:00","description":"V na\u0161em Narkopraseku si m\u016f\u017eete koupit kolumbijsk\u00fd kokain za n\u00edzk\u00e9 ceny. Zde si m\u016f\u017eete koupit kolumbijsk\u00fd kokain online ve vysok\u00e9 kvalit\u011b z na\u0161eho obchodu s rychlou a bezpe\u010dnou dopravou. Objednejte si hned!","breadcrumb":{"@id":"https:\/\/narkoprasek.com\/produkt\/kolumbijsky-kokain\/#breadcrumb"},"inLanguage":"de","potentialAction":[{"@type":"ReadAction","target":["https:\/\/narkoprasek.com\/produkt\/kolumbijsky-kokain\/"]}]},{"@type":"ImageObject","inLanguage":"de","@id":"https:\/\/narkoprasek.com\/produkt\/kolumbijsky-kokain\/#primaryimage","url":"https:\/\/narkoprasek.com\/wp-content\/uploads\/2023\/12\/Colombian-Cocaine.jpg","contentUrl":"https:\/\/narkoprasek.com\/wp-content\/uploads\/2023\/12\/Colombian-Cocaine.jpg","width":600,"height":600,"caption":"Colombian Cocaine"},{"@type":"BreadcrumbList","@id":"https:\/\/narkoprasek.com\/produkt\/kolumbijsky-kokain\/#breadcrumb","itemListElement":[{"@type":"ListItem","position":1,"name":"Home","item":"https:\/\/narkoprasek.com\/"},{"@type":"ListItem","position":2,"name":"Na\u0161e Produkty","item":"https:\/\/narkoprasek.com\/shop\/"},{"@type":"ListItem","position":3,"name":"Kolumbijsky Kokain"}]},{"@type":"WebSite","@id":"https:\/\/narkoprasek.com\/#website","url":"https:\/\/narkoprasek.com\/","name":"Narko Pr\u00e1\u0161ek","description":"My WordPress Blog","potentialAction":[{"@type":"SearchAction","target":{"@type":"EntryPoint","urlTemplate":"https:\/\/narkoprasek.com\/?s={search_term_string}"},"query-input":"required name=search_term_string"}],"inLanguage":"de"}]}},"_links":{"self":[{"href":"https:\/\/narkoprasek.com\/de\/wp-json\/wp\/v2\/product\/61","targetHints":{"allow":["GET"]}}],"collection":[{"href":"https:\/\/narkoprasek.com\/de\/wp-json\/wp\/v2\/product"}],"about":[{"href":"https:\/\/narkoprasek.com\/de\/wp-json\/wp\/v2\/types\/product"}],"replies":[{"embeddable":true,"href":"https:\/\/narkoprasek.com\/de\/wp-json\/wp\/v2\/comments?post=61"}],"wp:featuredmedia":[{"embeddable":true,"href":"https:\/\/narkoprasek.com\/de\/wp-json\/wp\/v2\/media\/280"}],"wp:attachment":[{"href":"https:\/\/narkoprasek.com\/de\/wp-json\/wp\/v2\/media?parent=61"}],"wp:term":[{"taxonomy":"product_cat","embeddable":true,"href":"https:\/\/narkoprasek.com\/de\/wp-json\/wp\/v2\/product_cat?post=61"},{"taxonomy":"product_tag","embeddable":true,"href":"https:\/\/narkoprasek.com\/de\/wp-json\/wp\/v2\/product_tag?post=61"}],"curies":[{"name":"wp","href":"https:\/\/api.w.org\/{rel}","templated":true}]}}