{"id":60,"date":"2023-12-25T08:19:52","date_gmt":"2023-12-25T08:19:52","guid":{"rendered":"https:\/\/unkrautmarkt.com\/narco2\/?post_type=product&#038;p=60"},"modified":"2026-03-12T09:21:06","modified_gmt":"2026-03-12T09:21:06","slug":"kokain-z-rybich-supin","status":"publish","type":"product","link":"https:\/\/narkoprasek.com\/de\/produkt\/fischschuppen-kokain\/","title":{"rendered":"Kokain aus Fischschuppen"},"content":{"rendered":"<h2>Kokain in Fischschuppen online kaufen<\/h2>\n<h3>Kaufen Sie Fishscale 96% reines Kokain.<\/h3>\n<p>Kaufen Sie unverd\u00fcnntes Premium-Kokosnuss aus Kolumbien mit einem Reinheitsgrad von 96 % bei <a href=\"https:\/\/en.wikipedia.org\/wiki\/Fishscale\">Fischschuppen-Kokain<\/a>Wie Sie Kokain per Schiff erhalten. Diskrete Verpackung, schnelle und sichere Lieferung an jeden Ort. Wir bieten auch Expressversand f\u00fcr Kunden in den USA an. Bei gr\u00f6\u00dferen Bestellmengen gew\u00e4hren wir einen attraktiven Rabatt. <a href=\"https:\/\/narkoprasek.com\/de\/produkt\/fischschuppen-kokain\/\">Kaufen Sie reines Kokain Fischschuppen<\/a>.<\/p>\n<p>Folgen des fortgesetzten Konsums Bei langfristigem Kokainkonsum k\u00f6nnen Nebenwirkungen auftreten. auch zwischen den Konsumsitzungen. Dazu geh\u00f6ren Nasenbluten, Nasennebenh\u00f6hlenprobleme, innere Verletzungen an der Nase sowie misstrauische und paranoide Gedanken. Dies kann zu psychotischen Ausbr\u00fcchen &gt; Aggression f\u00fchren.<\/p>\n<p>(Stimmen, Halluzinationen, Wahnvorstellungen und imagin\u00e4re Objekte). crackrauchen. wie man kokain bekommt. hat besonders langfristige Folgen. Es kann zu: &gt; Kurzatmigkeit &gt; anhaltendem Husten &gt; Brustschmerzen f\u00fchren<\/p>\n<p>die Dauer der Wirkung beim Konsum Der Ansatz zur Bestimmung der Geschwindigkeit, mit der die Wirkung eintritt. Die Wirkung tritt in weniger als einer Minute pro Schnupfen, Injektion oder Rauchen ein und h\u00e4lt etwa eine bis drei Stunden an. Abh\u00e4ngigkeit Im Laufe der Zeit verursacht der Kokainkonsum fast t\u00e4glich physische und psychische Ver\u00e4nderungen im K\u00f6rper. Der regelm\u00e4\u00dfige Konsum der Droge f\u00fchrt zu einer Gew\u00f6hnung des K\u00f6rpers. Dies wird als Toleranz bezeichnet.<\/p>\n<p>Um die gleichen Ergebnisse zu erzielen, ben\u00f6tigen tolerante Menschen h\u00f6here Dosen von Medikamenten. Mit der Erh\u00f6hung der Dosis steigt jedoch auch das Risiko negativer Nebenwirkungen. \u00dcberm\u00e4\u00dfiger Gebrauch, der zu mangelnder Kontrolle f\u00fchrt, ist ein Kennzeichen der Sucht.<\/p>\n<p>Drogenabh\u00e4ngige denken w\u00e4hrend ihrer wachen Stunden viel nach: Erwerb, Konsum und Genesung vom Drogenkonsum. F\u00fcr Drogenabh\u00e4ngige ist es schwierig, den Drogenkonsum zu reduzieren oder einzustellen. selbst wenn sie sich der Probleme bewusst sind, die sich aus ihrem Drogenkonsum ergeben.<\/p>\n<h3>Reines Kokain, Kokain in Fischqualit\u00e4t und Kokain online kaufen<\/h3>\n<p>Das prim\u00e4re extreme Vergn\u00fcgen, das Kokainkonsumenten suchen, ist die Euphorie, eine einzigartige Form der intensiven Freude. Menschen, die kokains\u00fcchtig werden, tun dies in erster Linie, weil es ein angenehmes Gef\u00fchl erzeugt, das der Hirnstimulation \u00e4hnelt, die sie nach dem Erreichen eines echten Ziels erleben.<\/p>\n<p>Wenn unsere Klienten unter Kokaineinfluss stehen, k\u00f6nnen sie sich anderen \u00fcberlegen f\u00fchlen und sich selbst besser wahrnehmen als sonst. Dies wird mitunter als Gr\u00f6\u00dfenwahn bezeichnet. Menschen mit geringem Selbstwertgef\u00fchl oder solche, die in Umfeldern arbeiten, in denen ein hohes Ma\u00df an Selbstvertrauen erforderlich ist, wie beispielsweise K\u00fcnstler, k\u00f6nnen diesen Kokainrausch besonders anziehend finden. Ein weiterer verf\u00fchrerischer Effekt von Kokain ist, dass Konsumenten selbst im Rauschzustand einen Anstieg an Energie und Geselligkeit versp\u00fcren k\u00f6nnen. Dies kann Kokain f\u00fcr sch\u00fcchterne Menschen, Menschen mit sozialer Angst oder solche, denen es an Motivation mangelt, auszugehen und etwas zu unternehmen, attraktiv machen, insbesondere wenn ihre Tr\u00e4gheit auf \u2026 zur\u00fcckzuf\u00fchren ist. <a href=\"https:\/\/narkoprasek.com\/de\/\">depres\u00ed<\/a>.<\/p>","protected":false},"excerpt":{"rendered":"<p>Kupte si kokain v ryb\u00edch \u0161upin\u00e1ch online Kupte si Fishscale 96% \u010dist\u00fd kokain. Kupte si pr\u00e9miov\u00fd ne\u0159ezan\u00fd kolumbijsk\u00fd koks s 96% \u00farovn\u00ed \u010distoty u Fishscale Cocaine. Jak z\u00edskat kokain, dostupn\u00fd lod\u00ed. Pou\u017eit\u00ed skryt\u00e9ho balen\u00ed, rychl\u00e9 a bezpe\u010dn\u00e9 doru\u010den\u00ed na jak\u00e9koli m\u00edsto. Pro z\u00e1kazn\u00edky ve Spojen\u00fdch st\u00e1tech nab\u00edz\u00edme tak\u00e9 p\u0159epravu p\u0159es noc. Poskytujeme tak\u00e9 v\u00fdraznou slevu [&hellip;]<\/p>","protected":false},"featured_media":279,"comment_status":"open","ping_status":"closed","template":"","meta":{"_joinchat":[]},"product_cat":[66],"product_tag":[334,339,336,337,341,340,333,335,338,328,332,329,331,330,327,326],"class_list":{"0":"post-60","1":"product","2":"type-product","3":"status-publish","4":"has-post-thumbnail","6":"product_cat-koupit-kokain-online","7":"product_tag-cena-kokainu-z-rybich-supin","8":"product_tag-co-je-kokain-z-rybich-supin","9":"product_tag-jak-mohu-ziskat-nejlepsi-kokain-z-rybich-supin","10":"product_tag-jak-si-objednat-kokain-z-rybich-supin","11":"product_tag-kde-koupit-kokain-z-rybich-supin","12":"product_tag-kde-mohu-koupit-kokain-z-rybich-supin","13":"product_tag-kokain-z-rybich-supin-na-prodej","14":"product_tag-kokain-z-rybich-supin-velkoobchod","15":"product_tag-legalni-kokain-z-rybich-supin-online","16":"product_tag-legalni-nakup-kokainu-z-rybich-supin","17":"product_tag-levny-kokain-z-rybich-supin","18":"product_tag-nakup-kokainu-z-rybich-supin-online","19":"product_tag-nakup-kokainu-z-rybich-supin-online-usa","20":"product_tag-nakup-kokainu-z-rybich-supin-online-v-mem-okoli","21":"product_tag-nejlepsi-misto-pro-objednani-kokainu-z-rybich-supin","22":"product_tag-vyhody-kokainu-z-rybich-supin","24":"first","25":"instock","26":"shipping-taxable","27":"purchasable","28":"product-type-variable"},"yoast_head":"<!-- This site is optimized with the Yoast SEO plugin v23.1 - https:\/\/yoast.com\/wordpress\/plugins\/seo\/ -->\n<title>Koupit kokain s ryb\u00edmi \u0161upinami online | Narkoprasek<\/title>\n<meta name=\"description\" content=\"Kokain s ryb\u00edmi \u0161upinami si m\u016f\u017eete koupit online za nejlep\u0161\u00ed ceny v na\u0161em internetov\u00e9m obchod\u011b. Nab\u00edz\u00edme levn\u00fd a vysoce kvalitn\u00ed kokain s ryb\u00edmi \u0161upinami k prodeji a zaji\u0161\u0165ujeme doru\u010den\u00ed po cel\u00e9m sv\u011bt\u011b. M\u016f\u017eete si objednat kdykoli a odkudkoli.\" \/>\n<meta name=\"robots\" content=\"index, follow, max-snippet:-1, max-image-preview:large, max-video-preview:-1\" \/>\n<link rel=\"canonical\" href=\"https:\/\/narkoprasek.com\/de\/produkt\/fischschuppen-kokain\/\" \/>\n<meta property=\"og:locale\" content=\"de_DE\" \/>\n<meta property=\"og:type\" content=\"article\" \/>\n<meta property=\"og:title\" content=\"Koupit kokain s ryb\u00edmi \u0161upinami online | Narkoprasek\" \/>\n<meta property=\"og:description\" content=\"Kokain s ryb\u00edmi \u0161upinami si m\u016f\u017eete koupit online za nejlep\u0161\u00ed ceny v na\u0161em internetov\u00e9m obchod\u011b. Nab\u00edz\u00edme levn\u00fd a vysoce kvalitn\u00ed kokain s ryb\u00edmi \u0161upinami k prodeji a zaji\u0161\u0165ujeme doru\u010den\u00ed po cel\u00e9m sv\u011bt\u011b. M\u016f\u017eete si objednat kdykoli a odkudkoli.\" \/>\n<meta property=\"og:url\" content=\"https:\/\/narkoprasek.com\/de\/produkt\/fischschuppen-kokain\/\" \/>\n<meta property=\"og:site_name\" content=\"Narko Pr\u00e1\u0161ek\" \/>\n<meta property=\"article:modified_time\" content=\"2026-03-12T09:21:06+00:00\" \/>\n<meta property=\"og:image\" content=\"https:\/\/narkoprasek.com\/wp-content\/uploads\/2023\/12\/Fishscale-Cocaine.jpg\" \/>\n\t<meta property=\"og:image:width\" content=\"600\" \/>\n\t<meta property=\"og:image:height\" content=\"600\" \/>\n\t<meta property=\"og:image:type\" content=\"image\/jpeg\" \/>\n<meta name=\"twitter:card\" content=\"summary_large_image\" \/>\n<meta name=\"twitter:label1\" content=\"Gesch\u00e4tzte Lesezeit\" \/>\n\t<meta name=\"twitter:data1\" content=\"2\u00a0Minuten\" \/>\n<script type=\"application\/ld+json\" class=\"yoast-schema-graph\">{\"@context\":\"https:\/\/schema.org\",\"@graph\":[{\"@type\":\"WebPage\",\"@id\":\"https:\/\/narkoprasek.com\/produkt\/kokain-z-rybich-supin\/\",\"url\":\"https:\/\/narkoprasek.com\/produkt\/kokain-z-rybich-supin\/\",\"name\":\"Koupit kokain s ryb\u00edmi \u0161upinami online | Narkoprasek\",\"isPartOf\":{\"@id\":\"https:\/\/narkoprasek.com\/#website\"},\"primaryImageOfPage\":{\"@id\":\"https:\/\/narkoprasek.com\/produkt\/kokain-z-rybich-supin\/#primaryimage\"},\"image\":{\"@id\":\"https:\/\/narkoprasek.com\/produkt\/kokain-z-rybich-supin\/#primaryimage\"},\"thumbnailUrl\":\"https:\/\/narkoprasek.com\/wp-content\/uploads\/2023\/12\/Fishscale-Cocaine.jpg\",\"datePublished\":\"2023-12-25T08:19:52+00:00\",\"dateModified\":\"2026-03-12T09:21:06+00:00\",\"description\":\"Kokain s ryb\u00edmi \u0161upinami si m\u016f\u017eete koupit online za nejlep\u0161\u00ed ceny v na\u0161em internetov\u00e9m obchod\u011b. Nab\u00edz\u00edme levn\u00fd a vysoce kvalitn\u00ed kokain s ryb\u00edmi \u0161upinami k prodeji a zaji\u0161\u0165ujeme doru\u010den\u00ed po cel\u00e9m sv\u011bt\u011b. M\u016f\u017eete si objednat kdykoli a odkudkoli.\",\"breadcrumb\":{\"@id\":\"https:\/\/narkoprasek.com\/produkt\/kokain-z-rybich-supin\/#breadcrumb\"},\"inLanguage\":\"de\",\"potentialAction\":[{\"@type\":\"ReadAction\",\"target\":[\"https:\/\/narkoprasek.com\/produkt\/kokain-z-rybich-supin\/\"]}]},{\"@type\":\"ImageObject\",\"inLanguage\":\"de\",\"@id\":\"https:\/\/narkoprasek.com\/produkt\/kokain-z-rybich-supin\/#primaryimage\",\"url\":\"https:\/\/narkoprasek.com\/wp-content\/uploads\/2023\/12\/Fishscale-Cocaine.jpg\",\"contentUrl\":\"https:\/\/narkoprasek.com\/wp-content\/uploads\/2023\/12\/Fishscale-Cocaine.jpg\",\"width\":600,\"height\":600,\"caption\":\"Fishscale Cocaine\"},{\"@type\":\"BreadcrumbList\",\"@id\":\"https:\/\/narkoprasek.com\/produkt\/kokain-z-rybich-supin\/#breadcrumb\",\"itemListElement\":[{\"@type\":\"ListItem\",\"position\":1,\"name\":\"Home\",\"item\":\"https:\/\/narkoprasek.com\/\"},{\"@type\":\"ListItem\",\"position\":2,\"name\":\"Na\u0161e Produkty\",\"item\":\"https:\/\/narkoprasek.com\/shop\/\"},{\"@type\":\"ListItem\",\"position\":3,\"name\":\"Kokain z ryb\u00edch \u0161upin\"}]},{\"@type\":\"WebSite\",\"@id\":\"https:\/\/narkoprasek.com\/#website\",\"url\":\"https:\/\/narkoprasek.com\/\",\"name\":\"Narko Pr\u00e1\u0161ek\",\"description\":\"My WordPress Blog\",\"potentialAction\":[{\"@type\":\"SearchAction\",\"target\":{\"@type\":\"EntryPoint\",\"urlTemplate\":\"https:\/\/narkoprasek.com\/?s={search_term_string}\"},\"query-input\":\"required name=search_term_string\"}],\"inLanguage\":\"de\"}]}<\/script>\n<!-- \/ Yoast SEO plugin. -->","yoast_head_json":{"title":"Koupit kokain s ryb\u00edmi \u0161upinami online | Narkoprasek","description":"Kokain s ryb\u00edmi \u0161upinami si m\u016f\u017eete koupit online za nejlep\u0161\u00ed ceny v na\u0161em internetov\u00e9m obchod\u011b. Nab\u00edz\u00edme levn\u00fd a vysoce kvalitn\u00ed kokain s ryb\u00edmi \u0161upinami k prodeji a zaji\u0161\u0165ujeme doru\u010den\u00ed po cel\u00e9m sv\u011bt\u011b. M\u016f\u017eete si objednat kdykoli a odkudkoli.","robots":{"index":"index","follow":"follow","max-snippet":"max-snippet:-1","max-image-preview":"max-image-preview:large","max-video-preview":"max-video-preview:-1"},"canonical":"https:\/\/narkoprasek.com\/de\/produkt\/fischschuppen-kokain\/","og_locale":"de_DE","og_type":"article","og_title":"Koupit kokain s ryb\u00edmi \u0161upinami online | Narkoprasek","og_description":"Kokain s ryb\u00edmi \u0161upinami si m\u016f\u017eete koupit online za nejlep\u0161\u00ed ceny v na\u0161em internetov\u00e9m obchod\u011b. Nab\u00edz\u00edme levn\u00fd a vysoce kvalitn\u00ed kokain s ryb\u00edmi \u0161upinami k prodeji a zaji\u0161\u0165ujeme doru\u010den\u00ed po cel\u00e9m sv\u011bt\u011b. M\u016f\u017eete si objednat kdykoli a odkudkoli.","og_url":"https:\/\/narkoprasek.com\/de\/produkt\/fischschuppen-kokain\/","og_site_name":"Narko Pr\u00e1\u0161ek","article_modified_time":"2026-03-12T09:21:06+00:00","og_image":[{"width":600,"height":600,"url":"https:\/\/narkoprasek.com\/wp-content\/uploads\/2023\/12\/Fishscale-Cocaine.jpg","type":"image\/jpeg"}],"twitter_card":"summary_large_image","twitter_misc":{"Gesch\u00e4tzte Lesezeit":"2\u00a0Minuten"},"schema":{"@context":"https:\/\/schema.org","@graph":[{"@type":"WebPage","@id":"https:\/\/narkoprasek.com\/produkt\/kokain-z-rybich-supin\/","url":"https:\/\/narkoprasek.com\/produkt\/kokain-z-rybich-supin\/","name":"Koupit kokain s ryb\u00edmi \u0161upinami online | Narkoprasek","isPartOf":{"@id":"https:\/\/narkoprasek.com\/#website"},"primaryImageOfPage":{"@id":"https:\/\/narkoprasek.com\/produkt\/kokain-z-rybich-supin\/#primaryimage"},"image":{"@id":"https:\/\/narkoprasek.com\/produkt\/kokain-z-rybich-supin\/#primaryimage"},"thumbnailUrl":"https:\/\/narkoprasek.com\/wp-content\/uploads\/2023\/12\/Fishscale-Cocaine.jpg","datePublished":"2023-12-25T08:19:52+00:00","dateModified":"2026-03-12T09:21:06+00:00","description":"Kokain s ryb\u00edmi \u0161upinami si m\u016f\u017eete koupit online za nejlep\u0161\u00ed ceny v na\u0161em internetov\u00e9m obchod\u011b. Nab\u00edz\u00edme levn\u00fd a vysoce kvalitn\u00ed kokain s ryb\u00edmi \u0161upinami k prodeji a zaji\u0161\u0165ujeme doru\u010den\u00ed po cel\u00e9m sv\u011bt\u011b. M\u016f\u017eete si objednat kdykoli a odkudkoli.","breadcrumb":{"@id":"https:\/\/narkoprasek.com\/produkt\/kokain-z-rybich-supin\/#breadcrumb"},"inLanguage":"de","potentialAction":[{"@type":"ReadAction","target":["https:\/\/narkoprasek.com\/produkt\/kokain-z-rybich-supin\/"]}]},{"@type":"ImageObject","inLanguage":"de","@id":"https:\/\/narkoprasek.com\/produkt\/kokain-z-rybich-supin\/#primaryimage","url":"https:\/\/narkoprasek.com\/wp-content\/uploads\/2023\/12\/Fishscale-Cocaine.jpg","contentUrl":"https:\/\/narkoprasek.com\/wp-content\/uploads\/2023\/12\/Fishscale-Cocaine.jpg","width":600,"height":600,"caption":"Fishscale Cocaine"},{"@type":"BreadcrumbList","@id":"https:\/\/narkoprasek.com\/produkt\/kokain-z-rybich-supin\/#breadcrumb","itemListElement":[{"@type":"ListItem","position":1,"name":"Home","item":"https:\/\/narkoprasek.com\/"},{"@type":"ListItem","position":2,"name":"Na\u0161e Produkty","item":"https:\/\/narkoprasek.com\/shop\/"},{"@type":"ListItem","position":3,"name":"Kokain z ryb\u00edch \u0161upin"}]},{"@type":"WebSite","@id":"https:\/\/narkoprasek.com\/#website","url":"https:\/\/narkoprasek.com\/","name":"Narko Pr\u00e1\u0161ek","description":"My WordPress Blog","potentialAction":[{"@type":"SearchAction","target":{"@type":"EntryPoint","urlTemplate":"https:\/\/narkoprasek.com\/?s={search_term_string}"},"query-input":"required name=search_term_string"}],"inLanguage":"de"}]}},"_links":{"self":[{"href":"https:\/\/narkoprasek.com\/de\/wp-json\/wp\/v2\/product\/60","targetHints":{"allow":["GET"]}}],"collection":[{"href":"https:\/\/narkoprasek.com\/de\/wp-json\/wp\/v2\/product"}],"about":[{"href":"https:\/\/narkoprasek.com\/de\/wp-json\/wp\/v2\/types\/product"}],"replies":[{"embeddable":true,"href":"https:\/\/narkoprasek.com\/de\/wp-json\/wp\/v2\/comments?post=60"}],"wp:featuredmedia":[{"embeddable":true,"href":"https:\/\/narkoprasek.com\/de\/wp-json\/wp\/v2\/media\/279"}],"wp:attachment":[{"href":"https:\/\/narkoprasek.com\/de\/wp-json\/wp\/v2\/media?parent=60"}],"wp:term":[{"taxonomy":"product_cat","embeddable":true,"href":"https:\/\/narkoprasek.com\/de\/wp-json\/wp\/v2\/product_cat?post=60"},{"taxonomy":"product_tag","embeddable":true,"href":"https:\/\/narkoprasek.com\/de\/wp-json\/wp\/v2\/product_tag?post=60"}],"curies":[{"name":"wp","href":"https:\/\/api.w.org\/{rel}","templated":true}]}}