{"id":59,"date":"2023-12-25T08:19:52","date_gmt":"2023-12-25T08:19:52","guid":{"rendered":"https:\/\/unkrautmarkt.com\/narco2\/?post_type=product&#038;p=59"},"modified":"2026-03-20T09:10:02","modified_gmt":"2026-03-20T09:10:02","slug":"mexicky-kokain","status":"publish","type":"product","link":"https:\/\/narkoprasek.com\/de\/produkt\/mexikanisches-kokain\/","title":{"rendered":"Mexikanisches Kokain"},"content":{"rendered":"<h2>Koupit mexick\u00fd kokain online<\/h2>\n<h3>Kupte si mexick\u00fd kokain online<\/h3>\n<p><a href=\"https:\/\/narkoprasek.com\/de\/produkt\/mexikanisches-kokain\/\">Koupit mexick\u00fd kokain online<\/a>, Online n\u00e1kupy mexick\u00e9ho kokainu mohou b\u00fdt rychl\u00fdm a bezpe\u010dn\u00fdm zp\u016fsobem, jak drogu z\u00edskat, ani\u017e byste museli jednat s p\u0159ekupn\u00edky nebo na \u010dern\u00e9m trhu v sousedstv\u00ed. Proto jednodu\u0161e zadejte objedn\u00e1vku na Narco Powders a nechte si mexick\u00fd kokain doru\u010dit p\u0159\u00edmo k va\u0161im dve\u0159\u00edm, pokud si ho chcete koupit, ale nev\u00edte, kde za\u010d\u00edt<a href=\"https:\/\/narkoprasek.com\/de\/produkt-kategorie\/koupit-kokain-online\/\">.<\/a><\/p>\n<h3>Jak se vyr\u00e1b\u00ed kokain v Mexiku?<\/h3>\n<p>Existuj\u00ed dv\u011b prim\u00e1rn\u00ed odr\u016fdy kokainu: mexick\u00fd a kolumbijsk\u00fd. Kolumbijsk\u00fd kokain se z\u00edsk\u00e1v\u00e1 z list\u016f africk\u00e9ho ke\u0159e koky, zat\u00edmco mexick\u00fd kokain se vyr\u00e1b\u00ed bu\u010f z list\u016f koky nebo semen m\u00e1ku.<\/p>\n<p>Ve srovn\u00e1n\u00ed s kokainem z Kolumbie je postup v\u00fdroby kokainu z Mexika trochu slo\u017eit\u011bj\u0161\u00ed. Listy koky se nejprve su\u0161\u00ed a pot\u00e9 se melou na pr\u00e1\u0161ek. K vytvo\u0159en\u00ed ka\u0161e se tento pr\u00e1\u0161ek kombinuje s vodou a dal\u0161\u00edmi l\u00e1tkami, jako je cukr a s\u016fl. Pot\u00e9 se sm\u011bs va\u0159\u00ed, dokud nezhoustne na pastu, ze kter\u00e9 lze tvarovat bloky nebo tablety.<\/p>\n<p>Mexick\u00fd kokain se \u010dasto p\u0159ipravuje r\u016fzn\u00fdmi zp\u016fsoby. P\u0159ed injekc\u00ed nebo kou\u0159en\u00edm m\u016f\u017ee b\u00fdt mexick\u00fd kokain rozpu\u0161t\u011bn v rozpou\u0161t\u011bdlech.<\/p>\n<p>Kdy\u017e si chcete koupit mexick\u00fd kokain online od Narco Powders, postupujte podle doporu\u010den\u00fdch bezpe\u010dnostn\u00edch opat\u0159en\u00ed na webu. Vyhn\u011bte se nap\u0159\u00edklad injek\u010dn\u00edmu pod\u00e1v\u00e1n\u00ed l\u00e9k\u016f do otev\u0159en\u00fdch ran a v\u017edy pou\u017e\u00edvejte \u010dist\u00e9 jehly, proto\u017ee by to mohlo v\u00e9st k infekci a.<\/p>\n<h3>V\u00fdhody mexick\u00e9ho kokainu<\/h3>\n<p>Jedn\u00edm z nej\u010dast\u011bji pou\u017e\u00edvan\u00fdch druh\u016f kokainu na trhu je mexick\u00fd kokain. Je to nejvy\u0161\u0161\u00ed dostupn\u00e1 kvalita, m\u00e1 ide\u00e1ln\u00ed st\u0159ih a m\u00e1 siln\u00fd a trval\u00fd \u00fa\u010dinek. Nav\u00edc ve srovn\u00e1n\u00ed s jin\u00fdmi formami kokainu je u mexick\u00e9ho kokainu m\u00e9n\u011b pravd\u011bpodobn\u00e9, \u017ee obsahuje p\u0159\u00edm\u011bsi nebo ne\u010distoty. To znamen\u00e1, \u017ee je rychlej\u0161\u00ed a jednodu\u0161\u0161\u00ed na pou\u017eit\u00ed. A kone\u010dn\u011b, mexick\u00fd kokain je skv\u011blou volbou pro lidi, kte\u0159\u00ed pot\u0159ebuj\u00ed drogy na \u00fat\u011bku, proto\u017ee ho lze uchov\u00e1vat po dlouhou dobu, ani\u017e by se zhor\u0161il nebo byl nepou\u017eiteln\u00fd.<\/p>\n<h3>Kde si mohu koupit online mexick\u00fd kokain?<\/h3>\n<p>Narco Powders je nejlep\u0161\u00ed m\u00edsto, kam j\u00edt, pokud hled\u00e1te pr\u00e9miov\u00fd mexick\u00fd kokain na prodej. M\u016f\u017eete zde z\u00edskat jak\u00fdkoli druh mexick\u00e9ho kokainu, v\u010detn\u011b cracku a b\u00edl\u00e9ho pr\u00e1\u0161ku. M\u016f\u017eete si b\u00fdt jisti, \u017ee z\u00edsk\u00e1te ide\u00e1ln\u00ed kvalitu a rozmanitost kokainu s na\u0161\u00edm rozs\u00e1hl\u00fdm v\u00fdb\u011brem produkt\u016f. Krom\u011b toho poskytujeme r\u016fzn\u00e9 platebn\u00ed metody, jako jsou bitcoiny a bankovn\u00ed p\u0159evody, tak\u017ee m\u016f\u017eete nakupovat l\u00e9ky s nejvy\u0161\u0161\u00ed \u00farovn\u00ed zabezpe\u010den\u00ed a d\u016fv\u011bry.<\/p>","protected":false},"excerpt":{"rendered":"<p>Koupit mexick\u00fd kokain online Kupte si mexick\u00fd kokain online Koupit mexick\u00fd kokain online, Online n\u00e1kupy mexick\u00e9ho kokainu mohou b\u00fdt rychl\u00fdm a bezpe\u010dn\u00fdm zp\u016fsobem, jak drogu z\u00edskat, ani\u017e byste museli jednat s p\u0159ekupn\u00edky nebo na \u010dern\u00e9m trhu v sousedstv\u00ed. Proto jednodu\u0161e zadejte objedn\u00e1vku na Narco Powders a nechte si mexick\u00fd kokain doru\u010dit p\u0159\u00edmo k va\u0161im dve\u0159\u00edm, [&hellip;]<\/p>","protected":false},"featured_media":278,"comment_status":"open","ping_status":"closed","template":"","meta":{"_joinchat":[]},"product_cat":[66],"product_tag":[293,287,288,295,294,282,289,286,291,290,292,283,285,284,281,280],"class_list":{"0":"post-59","1":"product","2":"type-product","3":"status-publish","4":"has-post-thumbnail","6":"product_cat-koupit-kokain-online","7":"product_tag-co-je-mexicky-kokain","8":"product_tag-jak-mohu-ziskat-nejlepsi-mexicky-kokain","9":"product_tag-jak-objednat-mexicky-kokain","10":"product_tag-kde-koupit-mexicky-kokain","11":"product_tag-kde-mohu-koupit-mexicky-kokain","12":"product_tag-legalni-nakup-mexickeho-kokainu","13":"product_tag-legitimni-mexicky-kokain-online","14":"product_tag-levny-mexicky-kokain","15":"product_tag-mexicka-cena-kokainu","16":"product_tag-mexicky-kokain-na-prodej","17":"product_tag-mexicky-velkoobchod-s-kokainem","18":"product_tag-nakup-mexickeho-kokainu-online","19":"product_tag-nakup-mexickeho-kokainu-online-usa","20":"product_tag-nakup-mexickeho-kokainu-online-v-mem-okoli","21":"product_tag-nejlepsi-misto-pro-objednani-mexickeho-kokainu","22":"product_tag-vyhody-mexickeho-kokainu","24":"first","25":"instock","26":"featured","27":"shipping-taxable","28":"purchasable","29":"product-type-variable"},"yoast_head":"<!-- This site is optimized with the Yoast SEO plugin v23.1 - https:\/\/yoast.com\/wordpress\/plugins\/seo\/ -->\n<title>Koupit mexick\u00fd kokain online - Mexick\u00fd kokain na prodej online<\/title>\n<meta name=\"description\" content=\"Mexick\u00fd kokain si m\u016f\u017eete koupit online ve velk\u00e9m mno\u017estv\u00ed za velkoobchodn\u00ed cenu zde. Z\u00edskejte nejlep\u0161\u00ed \u010distotu mexick\u00e9ho kokainov\u00e9ho pr\u00e1\u0161ku na prodej.\" \/>\n<meta name=\"robots\" content=\"index, follow, max-snippet:-1, max-image-preview:large, max-video-preview:-1\" \/>\n<link rel=\"canonical\" href=\"https:\/\/narkoprasek.com\/de\/produkt\/mexikanisches-kokain\/\" \/>\n<meta property=\"og:locale\" content=\"de_DE\" \/>\n<meta property=\"og:type\" content=\"article\" \/>\n<meta property=\"og:title\" content=\"Koupit mexick\u00fd kokain online - Mexick\u00fd kokain na prodej online\" \/>\n<meta property=\"og:description\" content=\"Mexick\u00fd kokain si m\u016f\u017eete koupit online ve velk\u00e9m mno\u017estv\u00ed za velkoobchodn\u00ed cenu zde. Z\u00edskejte nejlep\u0161\u00ed \u010distotu mexick\u00e9ho kokainov\u00e9ho pr\u00e1\u0161ku na prodej.\" \/>\n<meta property=\"og:url\" content=\"https:\/\/narkoprasek.com\/de\/produkt\/mexikanisches-kokain\/\" \/>\n<meta property=\"og:site_name\" content=\"Narko Pr\u00e1\u0161ek\" \/>\n<meta property=\"article:modified_time\" content=\"2026-03-20T09:10:02+00:00\" \/>\n<meta property=\"og:image\" content=\"https:\/\/narkoprasek.com\/wp-content\/uploads\/2023\/12\/Mexican-Cocaine.jpg\" \/>\n\t<meta property=\"og:image:width\" content=\"600\" \/>\n\t<meta property=\"og:image:height\" content=\"600\" \/>\n\t<meta property=\"og:image:type\" content=\"image\/jpeg\" \/>\n<meta name=\"twitter:card\" content=\"summary_large_image\" \/>\n<meta name=\"twitter:label1\" content=\"Gesch\u00e4tzte Lesezeit\" \/>\n\t<meta name=\"twitter:data1\" content=\"2\u00a0Minuten\" \/>\n<script type=\"application\/ld+json\" class=\"yoast-schema-graph\">{\"@context\":\"https:\/\/schema.org\",\"@graph\":[{\"@type\":\"WebPage\",\"@id\":\"https:\/\/narkoprasek.com\/produkt\/mexicky-kokain\/\",\"url\":\"https:\/\/narkoprasek.com\/produkt\/mexicky-kokain\/\",\"name\":\"Koupit mexick\u00fd kokain online - Mexick\u00fd kokain na prodej online\",\"isPartOf\":{\"@id\":\"https:\/\/narkoprasek.com\/#website\"},\"primaryImageOfPage\":{\"@id\":\"https:\/\/narkoprasek.com\/produkt\/mexicky-kokain\/#primaryimage\"},\"image\":{\"@id\":\"https:\/\/narkoprasek.com\/produkt\/mexicky-kokain\/#primaryimage\"},\"thumbnailUrl\":\"https:\/\/narkoprasek.com\/wp-content\/uploads\/2023\/12\/Mexican-Cocaine.jpg\",\"datePublished\":\"2023-12-25T08:19:52+00:00\",\"dateModified\":\"2026-03-20T09:10:02+00:00\",\"description\":\"Mexick\u00fd kokain si m\u016f\u017eete koupit online ve velk\u00e9m mno\u017estv\u00ed za velkoobchodn\u00ed cenu zde. Z\u00edskejte nejlep\u0161\u00ed \u010distotu mexick\u00e9ho kokainov\u00e9ho pr\u00e1\u0161ku na prodej.\",\"breadcrumb\":{\"@id\":\"https:\/\/narkoprasek.com\/produkt\/mexicky-kokain\/#breadcrumb\"},\"inLanguage\":\"de\",\"potentialAction\":[{\"@type\":\"ReadAction\",\"target\":[\"https:\/\/narkoprasek.com\/produkt\/mexicky-kokain\/\"]}]},{\"@type\":\"ImageObject\",\"inLanguage\":\"de\",\"@id\":\"https:\/\/narkoprasek.com\/produkt\/mexicky-kokain\/#primaryimage\",\"url\":\"https:\/\/narkoprasek.com\/wp-content\/uploads\/2023\/12\/Mexican-Cocaine.jpg\",\"contentUrl\":\"https:\/\/narkoprasek.com\/wp-content\/uploads\/2023\/12\/Mexican-Cocaine.jpg\",\"width\":600,\"height\":600,\"caption\":\"Mexican Cocaine\"},{\"@type\":\"BreadcrumbList\",\"@id\":\"https:\/\/narkoprasek.com\/produkt\/mexicky-kokain\/#breadcrumb\",\"itemListElement\":[{\"@type\":\"ListItem\",\"position\":1,\"name\":\"Home\",\"item\":\"https:\/\/narkoprasek.com\/\"},{\"@type\":\"ListItem\",\"position\":2,\"name\":\"Na\u0161e Produkty\",\"item\":\"https:\/\/narkoprasek.com\/shop\/\"},{\"@type\":\"ListItem\",\"position\":3,\"name\":\"Mexick\u00fd kokain\"}]},{\"@type\":\"WebSite\",\"@id\":\"https:\/\/narkoprasek.com\/#website\",\"url\":\"https:\/\/narkoprasek.com\/\",\"name\":\"Narko Pr\u00e1\u0161ek\",\"description\":\"My WordPress Blog\",\"potentialAction\":[{\"@type\":\"SearchAction\",\"target\":{\"@type\":\"EntryPoint\",\"urlTemplate\":\"https:\/\/narkoprasek.com\/?s={search_term_string}\"},\"query-input\":\"required name=search_term_string\"}],\"inLanguage\":\"de\"}]}<\/script>\n<!-- \/ Yoast SEO plugin. -->","yoast_head_json":{"title":"Koupit mexick\u00fd kokain online - Mexick\u00fd kokain na prodej online","description":"Mexick\u00fd kokain si m\u016f\u017eete koupit online ve velk\u00e9m mno\u017estv\u00ed za velkoobchodn\u00ed cenu zde. Z\u00edskejte nejlep\u0161\u00ed \u010distotu mexick\u00e9ho kokainov\u00e9ho pr\u00e1\u0161ku na prodej.","robots":{"index":"index","follow":"follow","max-snippet":"max-snippet:-1","max-image-preview":"max-image-preview:large","max-video-preview":"max-video-preview:-1"},"canonical":"https:\/\/narkoprasek.com\/de\/produkt\/mexikanisches-kokain\/","og_locale":"de_DE","og_type":"article","og_title":"Koupit mexick\u00fd kokain online - Mexick\u00fd kokain na prodej online","og_description":"Mexick\u00fd kokain si m\u016f\u017eete koupit online ve velk\u00e9m mno\u017estv\u00ed za velkoobchodn\u00ed cenu zde. Z\u00edskejte nejlep\u0161\u00ed \u010distotu mexick\u00e9ho kokainov\u00e9ho pr\u00e1\u0161ku na prodej.","og_url":"https:\/\/narkoprasek.com\/de\/produkt\/mexikanisches-kokain\/","og_site_name":"Narko Pr\u00e1\u0161ek","article_modified_time":"2026-03-20T09:10:02+00:00","og_image":[{"width":600,"height":600,"url":"https:\/\/narkoprasek.com\/wp-content\/uploads\/2023\/12\/Mexican-Cocaine.jpg","type":"image\/jpeg"}],"twitter_card":"summary_large_image","twitter_misc":{"Gesch\u00e4tzte Lesezeit":"2\u00a0Minuten"},"schema":{"@context":"https:\/\/schema.org","@graph":[{"@type":"WebPage","@id":"https:\/\/narkoprasek.com\/produkt\/mexicky-kokain\/","url":"https:\/\/narkoprasek.com\/produkt\/mexicky-kokain\/","name":"Koupit mexick\u00fd kokain online - Mexick\u00fd kokain na prodej online","isPartOf":{"@id":"https:\/\/narkoprasek.com\/#website"},"primaryImageOfPage":{"@id":"https:\/\/narkoprasek.com\/produkt\/mexicky-kokain\/#primaryimage"},"image":{"@id":"https:\/\/narkoprasek.com\/produkt\/mexicky-kokain\/#primaryimage"},"thumbnailUrl":"https:\/\/narkoprasek.com\/wp-content\/uploads\/2023\/12\/Mexican-Cocaine.jpg","datePublished":"2023-12-25T08:19:52+00:00","dateModified":"2026-03-20T09:10:02+00:00","description":"Mexick\u00fd kokain si m\u016f\u017eete koupit online ve velk\u00e9m mno\u017estv\u00ed za velkoobchodn\u00ed cenu zde. Z\u00edskejte nejlep\u0161\u00ed \u010distotu mexick\u00e9ho kokainov\u00e9ho pr\u00e1\u0161ku na prodej.","breadcrumb":{"@id":"https:\/\/narkoprasek.com\/produkt\/mexicky-kokain\/#breadcrumb"},"inLanguage":"de","potentialAction":[{"@type":"ReadAction","target":["https:\/\/narkoprasek.com\/produkt\/mexicky-kokain\/"]}]},{"@type":"ImageObject","inLanguage":"de","@id":"https:\/\/narkoprasek.com\/produkt\/mexicky-kokain\/#primaryimage","url":"https:\/\/narkoprasek.com\/wp-content\/uploads\/2023\/12\/Mexican-Cocaine.jpg","contentUrl":"https:\/\/narkoprasek.com\/wp-content\/uploads\/2023\/12\/Mexican-Cocaine.jpg","width":600,"height":600,"caption":"Mexican Cocaine"},{"@type":"BreadcrumbList","@id":"https:\/\/narkoprasek.com\/produkt\/mexicky-kokain\/#breadcrumb","itemListElement":[{"@type":"ListItem","position":1,"name":"Home","item":"https:\/\/narkoprasek.com\/"},{"@type":"ListItem","position":2,"name":"Na\u0161e Produkty","item":"https:\/\/narkoprasek.com\/shop\/"},{"@type":"ListItem","position":3,"name":"Mexick\u00fd kokain"}]},{"@type":"WebSite","@id":"https:\/\/narkoprasek.com\/#website","url":"https:\/\/narkoprasek.com\/","name":"Narko Pr\u00e1\u0161ek","description":"My WordPress Blog","potentialAction":[{"@type":"SearchAction","target":{"@type":"EntryPoint","urlTemplate":"https:\/\/narkoprasek.com\/?s={search_term_string}"},"query-input":"required name=search_term_string"}],"inLanguage":"de"}]}},"_links":{"self":[{"href":"https:\/\/narkoprasek.com\/de\/wp-json\/wp\/v2\/product\/59","targetHints":{"allow":["GET"]}}],"collection":[{"href":"https:\/\/narkoprasek.com\/de\/wp-json\/wp\/v2\/product"}],"about":[{"href":"https:\/\/narkoprasek.com\/de\/wp-json\/wp\/v2\/types\/product"}],"replies":[{"embeddable":true,"href":"https:\/\/narkoprasek.com\/de\/wp-json\/wp\/v2\/comments?post=59"}],"wp:featuredmedia":[{"embeddable":true,"href":"https:\/\/narkoprasek.com\/de\/wp-json\/wp\/v2\/media\/278"}],"wp:attachment":[{"href":"https:\/\/narkoprasek.com\/de\/wp-json\/wp\/v2\/media?parent=59"}],"wp:term":[{"taxonomy":"product_cat","embeddable":true,"href":"https:\/\/narkoprasek.com\/de\/wp-json\/wp\/v2\/product_cat?post=59"},{"taxonomy":"product_tag","embeddable":true,"href":"https:\/\/narkoprasek.com\/de\/wp-json\/wp\/v2\/product_tag?post=59"}],"curies":[{"name":"wp","href":"https:\/\/api.w.org\/{rel}","templated":true}]}}