{"id":5652,"date":"2025-04-26T11:59:30","date_gmt":"2025-04-26T11:59:30","guid":{"rendered":"https:\/\/narkoprasek.com\/?post_type=product&#038;p=5652"},"modified":"2026-03-19T11:56:28","modified_gmt":"2026-03-19T11:56:28","slug":"koupit-saxendu-online","status":"publish","type":"product","link":"https:\/\/narkoprasek.com\/de\/produkt\/koupit-saxendu-online\/","title":{"rendered":"Koupit Saxendu online"},"content":{"rendered":"<h2><strong>Co je Saxenda?<\/strong><\/h2>\n<p><span style=\"font-weight: 400;\">Saxenda, neboli \u201eskinny jab\u201c, je injek\u010dn\u00ed l\u00e9\u010dba na hubnut\u00ed. Pom\u00e1h\u00e1 sni\u017eovat chu\u0165 k j\u00eddlu a regulovat v\u00e1hu.<\/span><\/p>\n<p><span style=\"font-weight: 400;\">P\u0159edepisuj\u00ed se ob\u00e9zn\u00edm pacient\u016fm s indexem t\u011blesn\u00e9 hmotnosti (BMI) 30 a v\u00edce, nebo 27 a v\u00edce, pokud ji\u017e maj\u00ed zdravotn\u00ed probl\u00e9my souvisej\u00edc\u00ed s v\u00e1hou (nap\u0159. vysok\u00fd krevn\u00ed tlak, cukrovku 2. typu, vysok\u00fd cholesterol).<\/span><\/p>\n<p><span style=\"font-weight: 400;\">Ka\u017ed\u00fd je jin\u00fd. <a href=\"https:\/\/narkoprasek.com\/de\/produkt\/koupit-saxendu-online\/\">Saxenda<\/a> by m\u011bla za\u010d\u00edt \u00fa\u010dinkovat do 11 hodin po pod\u00e1n\u00ed. Viditeln\u00e9 zm\u011bny byste v\u0161ak m\u011bli o\u010dek\u00e1vat po 2 t\u00fddnech a\u017e 9\u201312 m\u011bs\u00edc\u00edch l\u00e9\u010dby. Abyste v\u0161ak dos\u00e1hli co nejlep\u0161\u00edch v\u00fdsledk\u016f, mus\u00edte db\u00e1t na pravideln\u00fd j\u00eddeln\u00ed\u010dek a cvi\u010den\u00ed.<\/span><\/p>\n<p><span style=\"font-weight: 400;\">Kdy\u017e si Saxendu koup\u00edte online od Daily Chemist, va\u0161e objedn\u00e1vka bude obsahovat jak injek\u010dn\u00ed pera, tak i ko\u0161.<\/span><\/p>\n<h3><strong>Jak Saxenda funguje?<\/strong><\/h3>\n<p><span style=\"font-weight: 400;\">\u201eskinny jab\u201c v\u00e1m pom\u016f\u017ee zhubnout sn\u00ed\u017een\u00edm chuti k j\u00eddlu. To znamen\u00e1, \u017ee budete j\u00edst m\u00e9n\u011b a hubnout postupn\u011b. P\u0159esto je d\u016fle\u017eit\u00e9 pravideln\u011b cvi\u010dit a j\u00edst uv\u011bdom\u011ble, aby Saxenda \u00fa\u010dinkovala.<\/span><\/p>\n<p><span style=\"font-weight: 400;\">Saxenda je l\u00e9k, kter\u00fd obsahuje l\u00e9\u010divou l\u00e1tku liraglutid. Tento l\u00e9k pom\u00e1h\u00e1 zv\u00fd\u0161it hladinu hormonu zvan\u00e9ho GLP-1 v t\u011ble.<\/span><\/p>\n<p><span style=\"font-weight: 400;\">GLP-1 \u0159\u00edd\u00ed, kolik a jak \u010dasto j\u00edte. Kdy\u017e se hladiny GLP-1 zv\u00fd\u0161\u00ed, zpomal\u00ed se tr\u00e1ven\u00ed a vyprazd\u0148ov\u00e1n\u00ed \u017ealudku. To znamen\u00e1, \u017ee se d\u00e9le c\u00edt\u00edte syt\u00ed, tak\u017ee nec\u00edt\u00edte pot\u0159ebu j\u00edst tolik nebo tak \u010dasto.<\/span><\/p>\n<h3><strong>Jak\u00e9 jsou v\u00fdhody?<\/strong><\/h3>\n<p><span style=\"font-weight: 400;\">Saxenda je l\u00e9k na hubnut\u00ed, kter\u00fd pom\u00e1h\u00e1 lidem dlouhodob\u011b zdrav\u011b hubnout.<\/span><\/p>\n<p><span style=\"font-weight: 400;\">Jedna studie zjistila, \u017ee lid\u00e9, kte\u0159\u00ed u\u017e\u00edvali l\u00e9k Liraglutid (spolu se zdravou stravou a cvi\u010den\u00edm), zhubli b\u011bhem 20\u201360 t\u00fddn\u016f p\u0159ibli\u017en\u011b 4\u20136 kg. To bylo o 5\u201310 % v\u00edce ne\u017e ti, kte\u0159\u00ed u\u017e\u00edvali placebo (ne\u00fa\u010dinn\u00fd l\u00e9k).<\/span><\/p>\n<p><span style=\"font-weight: 400;\">Studie prok\u00e1zaly, \u017ee \u00fa\u010dinky Saxendy jsou dlouhodob\u00e9. Jedna studie sledovala pacienty u\u017e\u00edvaj\u00edc\u00ed Saxendu d\u00e9le ne\u017e 2 roky. Zjistili, \u017ee pacienti, kte\u0159\u00ed v u\u017e\u00edv\u00e1n\u00ed l\u00e9ku pokra\u010dovali, si udr\u017eeli \u00fabytek hmotnosti o 7,8 kg.<\/span><\/p>\n<p><span style=\"font-weight: 400;\">V\u00fdzkum tak\u00e9 zjistil, \u017ee Saxenda m\u016f\u017ee sn\u00ed\u017eit riziko cukrovky a srde\u010dn\u00edch probl\u00e9m\u016f.<\/span><\/p>\n<h3><strong>Jak se Saxenda pou\u017e\u00edv\u00e1?<\/strong><\/h3>\n<p><span style=\"font-weight: 400;\">P\u0159i u\u017e\u00edv\u00e1n\u00ed l\u00e9k\u016f je v\u017edy d\u016fle\u017eit\u00e9 \u0159\u00eddit se radami zdravotnick\u00e9ho pracovn\u00edka. P\u0159\u00edbalov\u00fd let\u00e1k (PIL) obsahuje podrobn\u00e9 informace o l\u00e9ku, v\u010detn\u011b zp\u016fsobu jeho u\u017e\u00edv\u00e1n\u00ed a mo\u017en\u00fdch ne\u017e\u00e1douc\u00edch \u00fa\u010dink\u016f.<\/span><\/p>\n<p><strong>Zde je obecn\u00fd n\u00e1vod k pou\u017e\u00edv\u00e1n\u00ed pera Saxenda:<\/strong><\/p>\n<p><span style=\"font-weight: 400;\">Tuto l\u00e9\u010dbu pou\u017e\u00edvejte jednou denn\u011b, p\u0159ibli\u017en\u011b ve stejnou dobu.<\/span><\/p>\n<p><span style=\"font-weight: 400;\">Najd\u011bte si m\u00edsto vpichu do b\u0159icha, stehna nebo horn\u00ed \u010d\u00e1sti pa\u017ee.<\/span><\/p>\n<p><span style=\"font-weight: 400;\">Injek\u010dn\u00ed jehla by m\u011bla b\u00fdt po ka\u017ed\u00e9 injekci zlikvidov\u00e1na.<\/span><\/p>\n<p><span style=\"font-weight: 400;\">Pero by m\u011blo b\u00fdt skladov\u00e1no bez jehly, aby se zabr\u00e1nilo kontaminaci.<\/span><\/p>\n<p><span style=\"font-weight: 400;\">Neaplikujte Saxendu do sval\u016f nebo \u017eil.<\/span><\/p>\n<h3><strong>Jakou d\u00e1vku Saxendy bych m\u011bl u\u017e\u00edvat?<\/strong><\/h3>\n<p><span style=\"font-weight: 400;\">Pero Saxenda m\u016f\u017ee pod\u00e1vat d\u00e1vky 0,6 mg, 1,2 mg, 1,8 mg, 2,4 mg nebo 3 mg.<\/span><\/p>\n<p><span style=\"font-weight: 400;\">Jedn\u00e1 se o denn\u00ed injekci a d\u00e1vka Saxendy se bude m\u011bnit ka\u017ed\u00fd t\u00fdden. Toto plat\u00ed, dokud nedos\u00e1hnete doporu\u010den\u00e9 denn\u00ed udr\u017eovac\u00ed d\u00e1vky (3 mg).<\/span><\/p>\n<ol>\n<li><span style=\"font-weight: 400;\"> t\u00fdden \u2013 u\u017e\u00edvejte 0,6 mg denn\u011b<\/span><\/li>\n<li><span style=\"font-weight: 400;\"> t\u00fdden \u2013 u\u017e\u00edvejte 1,2 mg denn\u011b<\/span><\/li>\n<li><span style=\"font-weight: 400;\"> t\u00fdden \u2013 u\u017e\u00edvejte 1,8 mg denn\u011b<\/span><\/li>\n<li><span style=\"font-weight: 400;\"> t\u00fdden \u2013 u\u017e\u00edvejte 2,4 mg denn\u011b<\/span><\/li>\n<li><span style=\"font-weight: 400;\"> t\u00fdden a d\u00e1le \u2013 u\u017e\u00edvejte 3 mg denn\u011b<\/span><\/li>\n<\/ol>\n<p><span style=\"font-weight: 400;\">Jakmile za\u010dnete u\u017e\u00edvat d\u00e1vku 3 mg, ka\u017ed\u00e9 pero by m\u011blo vydr\u017eet \u0161est dn\u00ed. V p\u0159\u00edbalov\u00e9m let\u00e1ku je tabulka, kter\u00e1 v\u00e1m usnadn\u00ed dodr\u017eov\u00e1n\u00ed t\u011bchto pokyn\u016f. Nebo se m\u016f\u017eete \u0159\u00eddit na\u0161\u00edm n\u00ed\u017ee uveden\u00fdm pr\u016fvodcem.<\/span><\/p>\n<p><span style=\"font-weight: 400;\">Pokud po 12 t\u00fddnech l\u00e9\u010dby d\u00e1vkou 3 mg denn\u011b nezhubnete alespo\u0148 5 % sv\u00e9 p\u016fvodn\u00ed t\u011blesn\u00e9 hmotnosti, je t\u0159eba l\u00e9\u010dbu ukon\u010dit. Pot\u00e9 byste se m\u011bli poradit se sv\u00fdm l\u00e9ka\u0159em o dal\u0161\u00edch mo\u017en\u00fdch l\u00e9\u010debn\u00fdch postupech.<\/span><\/p>","protected":false},"excerpt":{"rendered":"<p>Co je Saxenda? Saxenda, neboli \u201eskinny jab\u201c, je injek\u010dn\u00ed l\u00e9\u010dba na hubnut\u00ed. Pom\u00e1h\u00e1 sni\u017eovat chu\u0165 k j\u00eddlu a regulovat v\u00e1hu. P\u0159edepisuj\u00ed se ob\u00e9zn\u00edm pacient\u016fm s indexem t\u011blesn\u00e9 hmotnosti (BMI) 30 a v\u00edce, nebo 27 a v\u00edce, pokud ji\u017e maj\u00ed zdravotn\u00ed probl\u00e9my souvisej\u00edc\u00ed s v\u00e1hou (nap\u0159. vysok\u00fd krevn\u00ed tlak, cukrovku 2. typu, vysok\u00fd cholesterol). Ka\u017ed\u00fd je [&hellip;]<\/p>","protected":false},"featured_media":5686,"comment_status":"open","ping_status":"closed","template":"","meta":{"_joinchat":[]},"product_cat":[417],"product_tag":[],"class_list":{"0":"post-5652","1":"product","2":"type-product","3":"status-publish","4":"has-post-thumbnail","6":"product_cat-hubnuti-a-cukrovka","8":"first","9":"instock","10":"shipping-taxable","11":"purchasable","12":"product-type-variable"},"yoast_head":"<!-- This site is optimized with the Yoast SEO plugin v23.1 - https:\/\/yoast.com\/wordpress\/plugins\/seo\/ -->\n<title>Koupit Saxendu online - Saxendu na prodej | Narkoprasek<\/title>\n<meta name=\"description\" content=\"Looking to further your research? Buy 2FDCK conveniently and securely online, with a straightforward ordering process for 2FDCK for sale. Explore the possibilities and buy 2FDCK online for your research endeavors today.\" \/>\n<meta name=\"robots\" content=\"index, follow, max-snippet:-1, max-image-preview:large, max-video-preview:-1\" \/>\n<link rel=\"canonical\" href=\"https:\/\/narkoprasek.com\/de\/produkt\/koupit-saxendu-online\/\" \/>\n<meta property=\"og:locale\" content=\"de_DE\" \/>\n<meta property=\"og:type\" content=\"article\" \/>\n<meta property=\"og:title\" content=\"Koupit Saxendu online - Saxendu na prodej | Narkoprasek\" \/>\n<meta property=\"og:description\" content=\"Looking to further your research? Buy 2FDCK conveniently and securely online, with a straightforward ordering process for 2FDCK for sale. Explore the possibilities and buy 2FDCK online for your research endeavors today.\" \/>\n<meta property=\"og:url\" content=\"https:\/\/narkoprasek.com\/de\/produkt\/koupit-saxendu-online\/\" \/>\n<meta property=\"og:site_name\" content=\"Narko Pr\u00e1\u0161ek\" \/>\n<meta property=\"article:modified_time\" content=\"2026-03-19T11:56:28+00:00\" \/>\n<meta property=\"og:image\" content=\"https:\/\/narkoprasek.com\/wp-content\/uploads\/2025\/04\/Saxenda.jpg\" \/>\n\t<meta property=\"og:image:width\" content=\"600\" \/>\n\t<meta property=\"og:image:height\" content=\"600\" \/>\n\t<meta property=\"og:image:type\" content=\"image\/jpeg\" \/>\n<meta name=\"twitter:card\" content=\"summary_large_image\" \/>\n<meta name=\"twitter:label1\" content=\"Gesch\u00e4tzte Lesezeit\" \/>\n\t<meta name=\"twitter:data1\" content=\"3\u00a0Minuten\" \/>\n<script type=\"application\/ld+json\" class=\"yoast-schema-graph\">{\"@context\":\"https:\/\/schema.org\",\"@graph\":[{\"@type\":\"WebPage\",\"@id\":\"https:\/\/narkoprasek.com\/produkt\/koupit-saxendu-online\/\",\"url\":\"https:\/\/narkoprasek.com\/produkt\/koupit-saxendu-online\/\",\"name\":\"Koupit Saxendu online - Saxendu na prodej | Narkoprasek\",\"isPartOf\":{\"@id\":\"https:\/\/narkoprasek.com\/#website\"},\"primaryImageOfPage\":{\"@id\":\"https:\/\/narkoprasek.com\/produkt\/koupit-saxendu-online\/#primaryimage\"},\"image\":{\"@id\":\"https:\/\/narkoprasek.com\/produkt\/koupit-saxendu-online\/#primaryimage\"},\"thumbnailUrl\":\"https:\/\/narkoprasek.com\/wp-content\/uploads\/2025\/04\/Saxenda.jpg\",\"datePublished\":\"2025-04-26T11:59:30+00:00\",\"dateModified\":\"2026-03-19T11:56:28+00:00\",\"description\":\"Looking to further your research? Buy 2FDCK conveniently and securely online, with a straightforward ordering process for 2FDCK for sale. Explore the possibilities and buy 2FDCK online for your research endeavors today.\",\"breadcrumb\":{\"@id\":\"https:\/\/narkoprasek.com\/produkt\/koupit-saxendu-online\/#breadcrumb\"},\"inLanguage\":\"de\",\"potentialAction\":[{\"@type\":\"ReadAction\",\"target\":[\"https:\/\/narkoprasek.com\/produkt\/koupit-saxendu-online\/\"]}]},{\"@type\":\"ImageObject\",\"inLanguage\":\"de\",\"@id\":\"https:\/\/narkoprasek.com\/produkt\/koupit-saxendu-online\/#primaryimage\",\"url\":\"https:\/\/narkoprasek.com\/wp-content\/uploads\/2025\/04\/Saxenda.jpg\",\"contentUrl\":\"https:\/\/narkoprasek.com\/wp-content\/uploads\/2025\/04\/Saxenda.jpg\",\"width\":600,\"height\":600,\"caption\":\"Saxenda\"},{\"@type\":\"BreadcrumbList\",\"@id\":\"https:\/\/narkoprasek.com\/produkt\/koupit-saxendu-online\/#breadcrumb\",\"itemListElement\":[{\"@type\":\"ListItem\",\"position\":1,\"name\":\"Home\",\"item\":\"https:\/\/narkoprasek.com\/\"},{\"@type\":\"ListItem\",\"position\":2,\"name\":\"Na\u0161e Produkty\",\"item\":\"https:\/\/narkoprasek.com\/shop\/\"},{\"@type\":\"ListItem\",\"position\":3,\"name\":\"Koupit Saxendu online\"}]},{\"@type\":\"WebSite\",\"@id\":\"https:\/\/narkoprasek.com\/#website\",\"url\":\"https:\/\/narkoprasek.com\/\",\"name\":\"Narko Pr\u00e1\u0161ek\",\"description\":\"My WordPress Blog\",\"potentialAction\":[{\"@type\":\"SearchAction\",\"target\":{\"@type\":\"EntryPoint\",\"urlTemplate\":\"https:\/\/narkoprasek.com\/?s={search_term_string}\"},\"query-input\":\"required name=search_term_string\"}],\"inLanguage\":\"de\"}]}<\/script>\n<!-- \/ Yoast SEO plugin. -->","yoast_head_json":{"title":"Koupit Saxendu online - Saxendu na prodej | Narkoprasek","description":"Looking to further your research? Buy 2FDCK conveniently and securely online, with a straightforward ordering process for 2FDCK for sale. Explore the possibilities and buy 2FDCK online for your research endeavors today.","robots":{"index":"index","follow":"follow","max-snippet":"max-snippet:-1","max-image-preview":"max-image-preview:large","max-video-preview":"max-video-preview:-1"},"canonical":"https:\/\/narkoprasek.com\/de\/produkt\/koupit-saxendu-online\/","og_locale":"de_DE","og_type":"article","og_title":"Koupit Saxendu online - Saxendu na prodej | Narkoprasek","og_description":"Looking to further your research? Buy 2FDCK conveniently and securely online, with a straightforward ordering process for 2FDCK for sale. Explore the possibilities and buy 2FDCK online for your research endeavors today.","og_url":"https:\/\/narkoprasek.com\/de\/produkt\/koupit-saxendu-online\/","og_site_name":"Narko Pr\u00e1\u0161ek","article_modified_time":"2026-03-19T11:56:28+00:00","og_image":[{"width":600,"height":600,"url":"https:\/\/narkoprasek.com\/wp-content\/uploads\/2025\/04\/Saxenda.jpg","type":"image\/jpeg"}],"twitter_card":"summary_large_image","twitter_misc":{"Gesch\u00e4tzte Lesezeit":"3\u00a0Minuten"},"schema":{"@context":"https:\/\/schema.org","@graph":[{"@type":"WebPage","@id":"https:\/\/narkoprasek.com\/produkt\/koupit-saxendu-online\/","url":"https:\/\/narkoprasek.com\/produkt\/koupit-saxendu-online\/","name":"Koupit Saxendu online - Saxendu na prodej | Narkoprasek","isPartOf":{"@id":"https:\/\/narkoprasek.com\/#website"},"primaryImageOfPage":{"@id":"https:\/\/narkoprasek.com\/produkt\/koupit-saxendu-online\/#primaryimage"},"image":{"@id":"https:\/\/narkoprasek.com\/produkt\/koupit-saxendu-online\/#primaryimage"},"thumbnailUrl":"https:\/\/narkoprasek.com\/wp-content\/uploads\/2025\/04\/Saxenda.jpg","datePublished":"2025-04-26T11:59:30+00:00","dateModified":"2026-03-19T11:56:28+00:00","description":"Looking to further your research? Buy 2FDCK conveniently and securely online, with a straightforward ordering process for 2FDCK for sale. Explore the possibilities and buy 2FDCK online for your research endeavors today.","breadcrumb":{"@id":"https:\/\/narkoprasek.com\/produkt\/koupit-saxendu-online\/#breadcrumb"},"inLanguage":"de","potentialAction":[{"@type":"ReadAction","target":["https:\/\/narkoprasek.com\/produkt\/koupit-saxendu-online\/"]}]},{"@type":"ImageObject","inLanguage":"de","@id":"https:\/\/narkoprasek.com\/produkt\/koupit-saxendu-online\/#primaryimage","url":"https:\/\/narkoprasek.com\/wp-content\/uploads\/2025\/04\/Saxenda.jpg","contentUrl":"https:\/\/narkoprasek.com\/wp-content\/uploads\/2025\/04\/Saxenda.jpg","width":600,"height":600,"caption":"Saxenda"},{"@type":"BreadcrumbList","@id":"https:\/\/narkoprasek.com\/produkt\/koupit-saxendu-online\/#breadcrumb","itemListElement":[{"@type":"ListItem","position":1,"name":"Home","item":"https:\/\/narkoprasek.com\/"},{"@type":"ListItem","position":2,"name":"Na\u0161e Produkty","item":"https:\/\/narkoprasek.com\/shop\/"},{"@type":"ListItem","position":3,"name":"Koupit Saxendu online"}]},{"@type":"WebSite","@id":"https:\/\/narkoprasek.com\/#website","url":"https:\/\/narkoprasek.com\/","name":"Narko Pr\u00e1\u0161ek","description":"My WordPress Blog","potentialAction":[{"@type":"SearchAction","target":{"@type":"EntryPoint","urlTemplate":"https:\/\/narkoprasek.com\/?s={search_term_string}"},"query-input":"required name=search_term_string"}],"inLanguage":"de"}]}},"_links":{"self":[{"href":"https:\/\/narkoprasek.com\/de\/wp-json\/wp\/v2\/product\/5652","targetHints":{"allow":["GET"]}}],"collection":[{"href":"https:\/\/narkoprasek.com\/de\/wp-json\/wp\/v2\/product"}],"about":[{"href":"https:\/\/narkoprasek.com\/de\/wp-json\/wp\/v2\/types\/product"}],"replies":[{"embeddable":true,"href":"https:\/\/narkoprasek.com\/de\/wp-json\/wp\/v2\/comments?post=5652"}],"wp:featuredmedia":[{"embeddable":true,"href":"https:\/\/narkoprasek.com\/de\/wp-json\/wp\/v2\/media\/5686"}],"wp:attachment":[{"href":"https:\/\/narkoprasek.com\/de\/wp-json\/wp\/v2\/media?parent=5652"}],"wp:term":[{"taxonomy":"product_cat","embeddable":true,"href":"https:\/\/narkoprasek.com\/de\/wp-json\/wp\/v2\/product_cat?post=5652"},{"taxonomy":"product_tag","embeddable":true,"href":"https:\/\/narkoprasek.com\/de\/wp-json\/wp\/v2\/product_tag?post=5652"}],"curies":[{"name":"wp","href":"https:\/\/api.w.org\/{rel}","templated":true}]}}