{"id":5651,"date":"2025-04-26T12:01:37","date_gmt":"2025-04-26T12:01:37","guid":{"rendered":"https:\/\/narkoprasek.com\/?post_type=product&#038;p=5651"},"modified":"2026-03-19T11:57:35","modified_gmt":"2026-03-19T11:57:35","slug":"koupit-trulicity-online","status":"publish","type":"product","link":"https:\/\/narkoprasek.com\/de\/produkt\/koupit-trulicity-online\/","title":{"rendered":"Koupit Trulicity online"},"content":{"rendered":"<h2><span style=\"font-weight: 400;\">Koupit Trulicity bez l\u00e9ka\u0159sk\u00e9ho p\u0159edpisu<\/span><\/h2>\n<p><span style=\"font-weight: 400;\"><a href=\"https:\/\/narkoprasek.com\/de\/produkt\/koupit-trulicity-online\/\">Koupit Trulicity bez l\u00e9ka\u0159sk\u00e9ho p\u0159edpisu<\/a>. Tento l\u00e9k obsahuje l\u00e9\u010divou l\u00e1tku dulaglutid. Pat\u0159\u00ed do skupiny agonist\u016f GLP-1. Tyto l\u00e1tky nejen\u017ee zaji\u0161\u0165uj\u00ed sn\u00ed\u017een\u00ed hladiny cukru v krvi, ale u\u017e\u00edv\u00e1n\u00ed l\u00e9ku Trulicity tak\u00e9 zabra\u0148uje riziku kardiovaskul\u00e1rn\u00edch onemocn\u011bn\u00ed. Existuj\u00ed ji\u017e i v\u00fdzkumy, kter\u00e9 ukazuj\u00ed, \u017ee tento l\u00e9k v\u00e1m m\u016f\u017ee pomoci zhubnout. Tento l\u00e9k v\u0161ak nen\u00ed schv\u00e1len pro pacienty, kte\u0159\u00ed cht\u011bj\u00ed pouze zhubnout.<\/span><\/p>\n<p><span style=\"font-weight: 400;\">Na trhu je ji\u017e mnoho r\u016fzn\u00fdch l\u00e9k\u016f, kter\u00e9 lze pou\u017e\u00edt k l\u00e9\u010db\u011b diabetu 2. typu. Ve srovn\u00e1n\u00ed s mnoha jin\u00fdmi l\u00e9ky vynik\u00e1 Trulicity t\u00edm, \u017ee se pou\u017e\u00edv\u00e1 pouze jednou t\u00fddn\u011b. Existuj\u00ed i \u200b\u200bdal\u0161\u00ed l\u00e9ky, kter\u00e9 je t\u0159eba aplikovat ka\u017ed\u00fd den. Tak\u017ee si nemus\u00edte pl\u00e1novat denn\u00ed aplikaci a zbytek \u010dasu m\u016f\u017eete tr\u00e1vit dle libosti.<\/span><\/p>\n<h3><span style=\"font-weight: 400;\">Jak p\u0159esn\u011b l\u00e9k Trulicity funguje?<\/span><\/h3>\n<p><span style=\"font-weight: 400;\">Ve v\u011bt\u0161in\u011b p\u0159\u00edpad\u016f se diabetes 2. typu vyv\u00edj\u00ed u dosp\u011bl\u00fdch. D\u016fvodem je v\u011bt\u0161inou to, \u017ee slinivka b\u0159i\u0161n\u00ed ji\u017e nen\u00ed schopna produkovat dostatek inzul\u00ednu. To m\u016f\u017ee v\u00e9st ke zv\u00fd\u0161en\u00e9 koncentraci cukru. Pokud se diabetes 2. typu nel\u00e9\u010d\u00ed okam\u017eit\u011b, m\u016f\u017ee v\u00e9st k dlouhodob\u00fdm zdravotn\u00edm probl\u00e9m\u016fm. Z tohoto d\u016fvodu je v\u017edy velmi d\u016fle\u017eit\u00e9, abyste se pokusili rozpoznat p\u0159\u00edznaky v\u010das a nechat je vy\u0161et\u0159it. <a href=\"https:\/\/narkoprasek.com\/de\/\">Narkoprasek<\/a><\/span><\/p>\n<p><span style=\"font-weight: 400;\">Lid\u00e9, kte\u0159\u00ed trp\u00ed cukrovkou 2. typu, maj\u00ed vysokou hladinu cukru v krvi. U\u017e\u00edv\u00e1n\u00ed <a href=\"https:\/\/en.wikipedia.org\/wiki\/Tirzepatide\">Trulicity<\/a> op\u011bt sni\u017euje hladinu cukru v krvi. L\u00e9k napodobuje \u00fa\u010dinek hormonu a stimuluje slinivku b\u0159i\u0161n\u00ed k vylu\u010dov\u00e1n\u00ed inzul\u00ednu. Zv\u00fd\u0161en\u00e1 hladina inzul\u00ednu v krvi zaji\u0161\u0165uje, \u017ee se cukr z krevn\u00edho ob\u011bhu dostane do bun\u011bk. Tam se pak znovu vyu\u017e\u00edv\u00e1 jako energie.<\/span><\/p>\n<p><span style=\"font-weight: 400;\">Existuje n\u011bkolik rizikov\u00fdch faktor\u016f, kter\u00e9 mohou v\u00e9st k cukrovce 2. typu. To zahrnuje p\u0159edev\u0161\u00edm nadv\u00e1hu. Lid\u00e9, kte\u0159\u00ed trp\u00ed obezitou, jsou v\u0161ak velmi \u010dasto sou\u010dasn\u011b posti\u017eeni i cukrovkou 2. typu.<\/span><\/p>\n<p><span style=\"font-weight: 400;\">Dosud nen\u00ed zcela objasn\u011bno, jak v\u00e1m agonist\u00e9 GLP-1 mohou pomoci zhubnout. P\u0159edpokl\u00e1d\u00e1 se v\u0161ak, \u017ee potla\u010duj\u00ed chu\u0165 k j\u00eddlu. To znamen\u00e1, \u017ee u\u017e nem\u00e1te takov\u00fd hlad jako obvykle. To m\u016f\u017ee tak\u00e9 v\u00e9st k automatick\u00e9mu \u00fabytku hmotnosti.<\/span><\/p>","protected":false},"excerpt":{"rendered":"<p>Koupit Trulicity bez l\u00e9ka\u0159sk\u00e9ho p\u0159edpisu Koupit Trulicity bez l\u00e9ka\u0159sk\u00e9ho p\u0159edpisu. Tento l\u00e9k obsahuje l\u00e9\u010divou l\u00e1tku dulaglutid. Pat\u0159\u00ed do skupiny agonist\u016f GLP-1. Tyto l\u00e1tky nejen\u017ee zaji\u0161\u0165uj\u00ed sn\u00ed\u017een\u00ed hladiny cukru v krvi, ale u\u017e\u00edv\u00e1n\u00ed l\u00e9ku Trulicity tak\u00e9 zabra\u0148uje riziku kardiovaskul\u00e1rn\u00edch onemocn\u011bn\u00ed. Existuj\u00ed ji\u017e i v\u00fdzkumy, kter\u00e9 ukazuj\u00ed, \u017ee tento l\u00e9k v\u00e1m m\u016f\u017ee pomoci zhubnout. Tento l\u00e9k v\u0161ak [&hellip;]<\/p>","protected":false},"featured_media":5684,"comment_status":"open","ping_status":"closed","template":"","meta":{"_joinchat":[]},"product_cat":[417],"product_tag":[],"class_list":{"0":"post-5651","1":"product","2":"type-product","3":"status-publish","4":"has-post-thumbnail","6":"product_cat-hubnuti-a-cukrovka","8":"first","9":"instock","10":"shipping-taxable","11":"purchasable","12":"product-type-variable"},"yoast_head":"<!-- This site is optimized with the Yoast SEO plugin v23.1 - https:\/\/yoast.com\/wordpress\/plugins\/seo\/ -->\n<title>Kupte si Trulicity online - Trulicity na prodej | Narkoprasek<\/title>\n<meta name=\"description\" content=\"Kupte si trulicity na prodej od narkoprasek, jednoho z nejlep\u0161\u00edch online prodejc\u016f. Pom\u016f\u017eeme v\u00e1m koupit vysoce kvalitn\u00ed trulicity online. Objednejte si hned te\u010f a vyu\u017eijte nejnov\u011bj\u0161\u00ed slevy!\" \/>\n<meta name=\"robots\" content=\"index, follow, max-snippet:-1, max-image-preview:large, max-video-preview:-1\" \/>\n<link rel=\"canonical\" href=\"https:\/\/narkoprasek.com\/de\/produkt\/koupit-trulicity-online\/\" \/>\n<meta property=\"og:locale\" content=\"de_DE\" \/>\n<meta property=\"og:type\" content=\"article\" \/>\n<meta property=\"og:title\" content=\"Kupte si Trulicity online - Trulicity na prodej | Narkoprasek\" \/>\n<meta property=\"og:description\" content=\"Kupte si trulicity na prodej od narkoprasek, jednoho z nejlep\u0161\u00edch online prodejc\u016f. Pom\u016f\u017eeme v\u00e1m koupit vysoce kvalitn\u00ed trulicity online. Objednejte si hned te\u010f a vyu\u017eijte nejnov\u011bj\u0161\u00ed slevy!\" \/>\n<meta property=\"og:url\" content=\"https:\/\/narkoprasek.com\/de\/produkt\/koupit-trulicity-online\/\" \/>\n<meta property=\"og:site_name\" content=\"Narko Pr\u00e1\u0161ek\" \/>\n<meta property=\"article:modified_time\" content=\"2026-03-19T11:57:35+00:00\" \/>\n<meta property=\"og:image\" content=\"https:\/\/narkoprasek.com\/wp-content\/uploads\/2025\/04\/Trulicity.jpg\" \/>\n\t<meta property=\"og:image:width\" content=\"600\" \/>\n\t<meta property=\"og:image:height\" content=\"600\" \/>\n\t<meta property=\"og:image:type\" content=\"image\/jpeg\" \/>\n<meta name=\"twitter:card\" content=\"summary_large_image\" \/>\n<meta name=\"twitter:label1\" content=\"Gesch\u00e4tzte Lesezeit\" \/>\n\t<meta name=\"twitter:data1\" content=\"2\u00a0Minuten\" \/>\n<script type=\"application\/ld+json\" class=\"yoast-schema-graph\">{\"@context\":\"https:\/\/schema.org\",\"@graph\":[{\"@type\":\"WebPage\",\"@id\":\"https:\/\/narkoprasek.com\/produkt\/koupit-trulicity-online\/\",\"url\":\"https:\/\/narkoprasek.com\/produkt\/koupit-trulicity-online\/\",\"name\":\"Kupte si Trulicity online - Trulicity na prodej | Narkoprasek\",\"isPartOf\":{\"@id\":\"https:\/\/narkoprasek.com\/#website\"},\"primaryImageOfPage\":{\"@id\":\"https:\/\/narkoprasek.com\/produkt\/koupit-trulicity-online\/#primaryimage\"},\"image\":{\"@id\":\"https:\/\/narkoprasek.com\/produkt\/koupit-trulicity-online\/#primaryimage\"},\"thumbnailUrl\":\"https:\/\/narkoprasek.com\/wp-content\/uploads\/2025\/04\/Trulicity.jpg\",\"datePublished\":\"2025-04-26T12:01:37+00:00\",\"dateModified\":\"2026-03-19T11:57:35+00:00\",\"description\":\"Kupte si trulicity na prodej od narkoprasek, jednoho z nejlep\u0161\u00edch online prodejc\u016f. Pom\u016f\u017eeme v\u00e1m koupit vysoce kvalitn\u00ed trulicity online. Objednejte si hned te\u010f a vyu\u017eijte nejnov\u011bj\u0161\u00ed slevy!\",\"breadcrumb\":{\"@id\":\"https:\/\/narkoprasek.com\/produkt\/koupit-trulicity-online\/#breadcrumb\"},\"inLanguage\":\"de\",\"potentialAction\":[{\"@type\":\"ReadAction\",\"target\":[\"https:\/\/narkoprasek.com\/produkt\/koupit-trulicity-online\/\"]}]},{\"@type\":\"ImageObject\",\"inLanguage\":\"de\",\"@id\":\"https:\/\/narkoprasek.com\/produkt\/koupit-trulicity-online\/#primaryimage\",\"url\":\"https:\/\/narkoprasek.com\/wp-content\/uploads\/2025\/04\/Trulicity.jpg\",\"contentUrl\":\"https:\/\/narkoprasek.com\/wp-content\/uploads\/2025\/04\/Trulicity.jpg\",\"width\":600,\"height\":600,\"caption\":\"Trulicity\"},{\"@type\":\"BreadcrumbList\",\"@id\":\"https:\/\/narkoprasek.com\/produkt\/koupit-trulicity-online\/#breadcrumb\",\"itemListElement\":[{\"@type\":\"ListItem\",\"position\":1,\"name\":\"Home\",\"item\":\"https:\/\/narkoprasek.com\/\"},{\"@type\":\"ListItem\",\"position\":2,\"name\":\"Na\u0161e Produkty\",\"item\":\"https:\/\/narkoprasek.com\/shop\/\"},{\"@type\":\"ListItem\",\"position\":3,\"name\":\"Koupit Trulicity online\"}]},{\"@type\":\"WebSite\",\"@id\":\"https:\/\/narkoprasek.com\/#website\",\"url\":\"https:\/\/narkoprasek.com\/\",\"name\":\"Narko Pr\u00e1\u0161ek\",\"description\":\"My WordPress Blog\",\"potentialAction\":[{\"@type\":\"SearchAction\",\"target\":{\"@type\":\"EntryPoint\",\"urlTemplate\":\"https:\/\/narkoprasek.com\/?s={search_term_string}\"},\"query-input\":\"required name=search_term_string\"}],\"inLanguage\":\"de\"}]}<\/script>\n<!-- \/ Yoast SEO plugin. -->","yoast_head_json":{"title":"Kupte si Trulicity online - Trulicity na prodej | Narkoprasek","description":"Kupte si trulicity na prodej od narkoprasek, jednoho z nejlep\u0161\u00edch online prodejc\u016f. Pom\u016f\u017eeme v\u00e1m koupit vysoce kvalitn\u00ed trulicity online. Objednejte si hned te\u010f a vyu\u017eijte nejnov\u011bj\u0161\u00ed slevy!","robots":{"index":"index","follow":"follow","max-snippet":"max-snippet:-1","max-image-preview":"max-image-preview:large","max-video-preview":"max-video-preview:-1"},"canonical":"https:\/\/narkoprasek.com\/de\/produkt\/koupit-trulicity-online\/","og_locale":"de_DE","og_type":"article","og_title":"Kupte si Trulicity online - Trulicity na prodej | Narkoprasek","og_description":"Kupte si trulicity na prodej od narkoprasek, jednoho z nejlep\u0161\u00edch online prodejc\u016f. Pom\u016f\u017eeme v\u00e1m koupit vysoce kvalitn\u00ed trulicity online. Objednejte si hned te\u010f a vyu\u017eijte nejnov\u011bj\u0161\u00ed slevy!","og_url":"https:\/\/narkoprasek.com\/de\/produkt\/koupit-trulicity-online\/","og_site_name":"Narko Pr\u00e1\u0161ek","article_modified_time":"2026-03-19T11:57:35+00:00","og_image":[{"width":600,"height":600,"url":"https:\/\/narkoprasek.com\/wp-content\/uploads\/2025\/04\/Trulicity.jpg","type":"image\/jpeg"}],"twitter_card":"summary_large_image","twitter_misc":{"Gesch\u00e4tzte Lesezeit":"2\u00a0Minuten"},"schema":{"@context":"https:\/\/schema.org","@graph":[{"@type":"WebPage","@id":"https:\/\/narkoprasek.com\/produkt\/koupit-trulicity-online\/","url":"https:\/\/narkoprasek.com\/produkt\/koupit-trulicity-online\/","name":"Kupte si Trulicity online - Trulicity na prodej | Narkoprasek","isPartOf":{"@id":"https:\/\/narkoprasek.com\/#website"},"primaryImageOfPage":{"@id":"https:\/\/narkoprasek.com\/produkt\/koupit-trulicity-online\/#primaryimage"},"image":{"@id":"https:\/\/narkoprasek.com\/produkt\/koupit-trulicity-online\/#primaryimage"},"thumbnailUrl":"https:\/\/narkoprasek.com\/wp-content\/uploads\/2025\/04\/Trulicity.jpg","datePublished":"2025-04-26T12:01:37+00:00","dateModified":"2026-03-19T11:57:35+00:00","description":"Kupte si trulicity na prodej od narkoprasek, jednoho z nejlep\u0161\u00edch online prodejc\u016f. Pom\u016f\u017eeme v\u00e1m koupit vysoce kvalitn\u00ed trulicity online. Objednejte si hned te\u010f a vyu\u017eijte nejnov\u011bj\u0161\u00ed slevy!","breadcrumb":{"@id":"https:\/\/narkoprasek.com\/produkt\/koupit-trulicity-online\/#breadcrumb"},"inLanguage":"de","potentialAction":[{"@type":"ReadAction","target":["https:\/\/narkoprasek.com\/produkt\/koupit-trulicity-online\/"]}]},{"@type":"ImageObject","inLanguage":"de","@id":"https:\/\/narkoprasek.com\/produkt\/koupit-trulicity-online\/#primaryimage","url":"https:\/\/narkoprasek.com\/wp-content\/uploads\/2025\/04\/Trulicity.jpg","contentUrl":"https:\/\/narkoprasek.com\/wp-content\/uploads\/2025\/04\/Trulicity.jpg","width":600,"height":600,"caption":"Trulicity"},{"@type":"BreadcrumbList","@id":"https:\/\/narkoprasek.com\/produkt\/koupit-trulicity-online\/#breadcrumb","itemListElement":[{"@type":"ListItem","position":1,"name":"Home","item":"https:\/\/narkoprasek.com\/"},{"@type":"ListItem","position":2,"name":"Na\u0161e Produkty","item":"https:\/\/narkoprasek.com\/shop\/"},{"@type":"ListItem","position":3,"name":"Koupit Trulicity online"}]},{"@type":"WebSite","@id":"https:\/\/narkoprasek.com\/#website","url":"https:\/\/narkoprasek.com\/","name":"Narko Pr\u00e1\u0161ek","description":"My WordPress Blog","potentialAction":[{"@type":"SearchAction","target":{"@type":"EntryPoint","urlTemplate":"https:\/\/narkoprasek.com\/?s={search_term_string}"},"query-input":"required name=search_term_string"}],"inLanguage":"de"}]}},"_links":{"self":[{"href":"https:\/\/narkoprasek.com\/de\/wp-json\/wp\/v2\/product\/5651","targetHints":{"allow":["GET"]}}],"collection":[{"href":"https:\/\/narkoprasek.com\/de\/wp-json\/wp\/v2\/product"}],"about":[{"href":"https:\/\/narkoprasek.com\/de\/wp-json\/wp\/v2\/types\/product"}],"replies":[{"embeddable":true,"href":"https:\/\/narkoprasek.com\/de\/wp-json\/wp\/v2\/comments?post=5651"}],"wp:featuredmedia":[{"embeddable":true,"href":"https:\/\/narkoprasek.com\/de\/wp-json\/wp\/v2\/media\/5684"}],"wp:attachment":[{"href":"https:\/\/narkoprasek.com\/de\/wp-json\/wp\/v2\/media?parent=5651"}],"wp:term":[{"taxonomy":"product_cat","embeddable":true,"href":"https:\/\/narkoprasek.com\/de\/wp-json\/wp\/v2\/product_cat?post=5651"},{"taxonomy":"product_tag","embeddable":true,"href":"https:\/\/narkoprasek.com\/de\/wp-json\/wp\/v2\/product_tag?post=5651"}],"curies":[{"name":"wp","href":"https:\/\/api.w.org\/{rel}","templated":true}]}}