{"id":5650,"date":"2025-04-26T12:00:59","date_gmt":"2025-04-26T12:00:59","guid":{"rendered":"https:\/\/narkoprasek.com\/?post_type=product&#038;p=5650"},"modified":"2026-03-19T11:56:30","modified_gmt":"2026-03-19T11:56:30","slug":"koupit-tablety-semaglutidu-rybelsus-online","status":"publish","type":"product","link":"https:\/\/narkoprasek.com\/de\/produkt\/koupit-tablety-semaglutidu-rybelsus-online\/","title":{"rendered":"Koupit tablety Semaglutidu (Rybelsus) online"},"content":{"rendered":"<h2><span style=\"font-weight: 400;\">Koupit tablety semaglutidu bez l\u00e9ka\u0159sk\u00e9ho p\u0159edpisu<\/span><\/h2>\n<p><span style=\"font-weight: 400;\"><a href=\"https:\/\/narkoprasek.com\/de\/produkt\/koupit-tablety-semaglutidu-rybelsus-online\/\">Koupit tablety semaglutidu bez l\u00e9ka\u0159sk\u00e9ho p\u0159edpisu<\/a>. Pacienti \u010dasto d\u00e1vaj\u00ed p\u0159ednost peror\u00e1ln\u00edm l\u00e9k\u016fm, p\u0159i\u010dem\u017e uv\u00e1d\u011bj\u00ed snadnost pou\u017eit\u00ed a pohodl\u00ed. To vyvolalo ot\u00e1zky ohledn\u011b dostupnosti p\u0159\u00edpravku Ozempic ve form\u011b tablet. Ozempic nen\u00ed dostupn\u00fd ve form\u011b peror\u00e1ln\u00edch tablet. Injek\u010dn\u00ed forma z\u016fst\u00e1v\u00e1 jedin\u00fdm zp\u016fsobem pod\u00e1v\u00e1n\u00ed semaglutidu schv\u00e1len\u00fdm FDA pod n\u00e1zvem Ozempic. Existuje v\u0161ak i jin\u00e1 forma p\u0159\u00edpravku Ozempic, kter\u00e1 se dod\u00e1v\u00e1 ve form\u011b tablet, a to Rybelsus. P\u0159\u00edpravek Rybelsus je ur\u010den k peror\u00e1ln\u00edmu u\u017e\u00edv\u00e1n\u00ed a pou\u017e\u00edv\u00e1 se tak\u00e9 k l\u00e9\u010db\u011b diabetu 2. typu. Pat\u0159\u00ed do stejn\u00e9 t\u0159\u00eddy l\u00e9k\u016f jako Ozempic, ale je ur\u010den k peror\u00e1ln\u00edmu pod\u00e1n\u00ed, nikoli k injek\u010dn\u00edmu pod\u00e1n\u00ed.<\/span><\/p>\n<h3><span style=\"font-weight: 400;\">Rybelsus jako peror\u00e1ln\u00ed alternativa k Ozempicu<\/span><\/h3>\n<p><span style=\"font-weight: 400;\">Pro ty, kte\u0159\u00ed hledaj\u00ed peror\u00e1ln\u00ed alternativu k p\u0159\u00edpravku Ozempic, se Rybelsus jev\u00ed jako \u0159e\u0161en\u00ed. Rybelsus je tabletov\u00e1 forma <a href=\"https:\/\/en.wikipedia.org\/wiki\/Semaglutide\">semaglutidu<\/a> schv\u00e1len\u00e1 pro pou\u017eit\u00ed p\u0159i l\u00e9\u010db\u011b diabetu 2. typu. P\u0159esto\u017ee p\u0159\u00edpravky Rybelsus a Ozempic obsahuj\u00ed stejnou l\u00e9\u010divou l\u00e1tku, jejich zp\u016fsoby pod\u00e1n\u00ed se li\u0161\u00ed, co\u017e m\u016f\u017ee ovlivnit volbu pacienta a dodr\u017eov\u00e1n\u00ed l\u00e9\u010dby. <a href=\"https:\/\/narkoprasek.com\/de\/\">Narkoprasek<\/a><\/span><\/p>\n<h3><span style=\"font-weight: 400;\">Srovn\u00e1vac\u00ed \u00fa\u010dinnost Ozempicu a Rybelsusu<\/span><\/h3>\n<p><span style=\"font-weight: 400;\">Rybelsus a Ozempic prok\u00e1zaly podobnou \u00fa\u010dinnost p\u0159i sni\u017eov\u00e1n\u00ed hladiny cukru v krvi. Nap\u0159\u00edklad pacienti u\u017e\u00edvaj\u00edc\u00ed 1 mg p\u0159\u00edpravku Ozempic dos\u00e1hli sn\u00ed\u017een\u00ed A1C o p\u0159ibli\u017en\u011b 1,6 %, zat\u00edmco pacienti u\u017e\u00edvaj\u00edc\u00ed 14 mg p\u0159\u00edpravku Rybelsus zaznamenali sn\u00ed\u017een\u00ed o 1,4 %. Je v\u0161ak d\u016fle\u017eit\u00e9 poznamenat, \u017ee Ozempic je k dispozici ve vy\u0161\u0161\u00edch d\u00e1vk\u00e1ch, kter\u00e9 mohou v\u00e9st k v\u00fdrazn\u011bj\u0161\u00edmu sn\u00ed\u017een\u00ed hladiny cukru v krvi a \u00fabytku hmotnosti. Nap\u0159\u00edklad maxim\u00e1ln\u00ed d\u00e1vka p\u0159\u00edpravku Ozempic (2,0 mg) vedla ke sn\u00ed\u017een\u00ed A1C o 2,2 procentn\u00edho bodu a \u00fabytku hmotnosti o 15 liber, \u010deho\u017e Rybelsus p\u0159i schv\u00e1len\u00fdch d\u00e1vk\u00e1ch nedos\u00e1hl.<\/span><\/p>\n<p><span style=\"font-weight: 400;\">Oba l\u00e9ky byly u pacient\u016f spojov\u00e1ny s \u00fabytkem hmotnosti. Vy\u0161\u0161\u00ed d\u00e1vky p\u0159\u00edpravku Ozempic (2,4 mg semaglutidu), jak\u00e9 se pou\u017e\u00edvaj\u00ed v p\u0159\u00edpravku Wegovy, byly velmi \u00fa\u010dinn\u00e9 p\u0159i sni\u017eov\u00e1n\u00ed hmotnosti u lid\u00ed s obezitou. Naproti tomu Rybelsus, a\u010dkoli je \u00fa\u010dinn\u00fd pro regulaci hmotnosti a kontrolu glyk\u00e9mie, dosud nebyl v aktu\u00e1ln\u011b schv\u00e1len\u00fdch d\u00e1vk\u00e1ch testov\u00e1n jako l\u00e9k na hubnut\u00ed u lid\u00ed bez diabetu 2. typu.<\/span><\/p>\n<p><span style=\"font-weight: 400;\">Ozempic se pod\u00e1v\u00e1 jako t\u00fddenn\u00ed injekce, kterou lze u\u017e\u00edvat kdykoli b\u011bhem dne, s j\u00eddlem nebo bez j\u00eddla. Rybelsus se naopak mus\u00ed u\u017e\u00edvat nala\u010dno, 30 minut p\u0159ed j\u00eddlem nebo pit\u00edm \u010dehokoli jin\u00e9ho ne\u017e vody. Pro n\u011bkter\u00e9 pacienty to m\u016f\u017ee b\u00fdt m\u00e9n\u011b pohodln\u00e9.<\/span><\/p>\n<p><span style=\"font-weight: 400;\">Oba l\u00e9ky maj\u00ed podobn\u00fd profil vedlej\u0161\u00edch \u00fa\u010dink\u016f, p\u0159ev\u00e1\u017en\u011b gastrointestin\u00e1ln\u00ed pot\u00ed\u017ee, jako je nevolnost, bolesti b\u0159icha a pr\u016fjem. \u010cetnost t\u011bchto ne\u017e\u00e1douc\u00edch \u00fa\u010dink\u016f je v\u0161ak u obou l\u00e9k\u016f velmi podobn\u00e1.<\/span><\/p>\n<p>&nbsp;<\/p>","protected":false},"excerpt":{"rendered":"<p>Koupit tablety semaglutidu bez l\u00e9ka\u0159sk\u00e9ho p\u0159edpisu Koupit tablety semaglutidu bez l\u00e9ka\u0159sk\u00e9ho p\u0159edpisu. Pacienti \u010dasto d\u00e1vaj\u00ed p\u0159ednost peror\u00e1ln\u00edm l\u00e9k\u016fm, p\u0159i\u010dem\u017e uv\u00e1d\u011bj\u00ed snadnost pou\u017eit\u00ed a pohodl\u00ed. To vyvolalo ot\u00e1zky ohledn\u011b dostupnosti p\u0159\u00edpravku Ozempic ve form\u011b tablet. Ozempic nen\u00ed dostupn\u00fd ve form\u011b peror\u00e1ln\u00edch tablet. Injek\u010dn\u00ed forma z\u016fst\u00e1v\u00e1 jedin\u00fdm zp\u016fsobem pod\u00e1v\u00e1n\u00ed semaglutidu schv\u00e1len\u00fdm FDA pod n\u00e1zvem Ozempic. Existuje v\u0161ak [&hellip;]<\/p>","protected":false},"featured_media":5685,"comment_status":"open","ping_status":"closed","template":"","meta":{"_joinchat":[]},"product_cat":[417],"product_tag":[],"class_list":{"0":"post-5650","1":"product","2":"type-product","3":"status-publish","4":"has-post-thumbnail","6":"product_cat-hubnuti-a-cukrovka","8":"first","9":"instock","10":"shipping-taxable","11":"purchasable","12":"product-type-variable"},"yoast_head":"<!-- This site is optimized with the Yoast SEO plugin v23.1 - https:\/\/yoast.com\/wordpress\/plugins\/seo\/ -->\n<title>Semaglutidu (Rybelsus) na prodej - Kupte si Semaglutidu online<\/title>\n<meta name=\"description\" content=\"Prozkoumejte n\u00e1\u0161 internetov\u00fd obchod se semaglutidu (rybelsus) na prodej, kter\u00fd nab\u00edz\u00ed vysoce kvalitn\u00ed semaglutidu (rybelsus). Kupte si semaglutidu online bezpe\u010dn\u011b a vydejte se na svou cestu v\u00fdzkumu s d\u016fv\u011brou.\" \/>\n<meta name=\"robots\" content=\"index, follow, max-snippet:-1, max-image-preview:large, max-video-preview:-1\" \/>\n<link rel=\"canonical\" href=\"https:\/\/narkoprasek.com\/de\/produkt\/koupit-tablety-semaglutidu-rybelsus-online\/\" \/>\n<meta property=\"og:locale\" content=\"de_DE\" \/>\n<meta property=\"og:type\" content=\"article\" \/>\n<meta property=\"og:title\" content=\"Semaglutidu (Rybelsus) na prodej - Kupte si Semaglutidu online\" \/>\n<meta property=\"og:description\" content=\"Prozkoumejte n\u00e1\u0161 internetov\u00fd obchod se semaglutidu (rybelsus) na prodej, kter\u00fd nab\u00edz\u00ed vysoce kvalitn\u00ed semaglutidu (rybelsus). Kupte si semaglutidu online bezpe\u010dn\u011b a vydejte se na svou cestu v\u00fdzkumu s d\u016fv\u011brou.\" \/>\n<meta property=\"og:url\" content=\"https:\/\/narkoprasek.com\/de\/produkt\/koupit-tablety-semaglutidu-rybelsus-online\/\" \/>\n<meta property=\"og:site_name\" content=\"Narko Pr\u00e1\u0161ek\" \/>\n<meta property=\"article:modified_time\" content=\"2026-03-19T11:56:30+00:00\" \/>\n<meta property=\"og:image\" content=\"https:\/\/narkoprasek.com\/wp-content\/uploads\/2025\/04\/Semaglutid-TablettenRybelsus.jpg\" \/>\n\t<meta property=\"og:image:width\" content=\"600\" \/>\n\t<meta property=\"og:image:height\" content=\"600\" \/>\n\t<meta property=\"og:image:type\" content=\"image\/jpeg\" \/>\n<meta name=\"twitter:card\" content=\"summary_large_image\" \/>\n<meta name=\"twitter:label1\" content=\"Gesch\u00e4tzte Lesezeit\" \/>\n\t<meta name=\"twitter:data1\" content=\"2\u00a0Minuten\" \/>\n<script type=\"application\/ld+json\" class=\"yoast-schema-graph\">{\"@context\":\"https:\/\/schema.org\",\"@graph\":[{\"@type\":\"WebPage\",\"@id\":\"https:\/\/narkoprasek.com\/produkt\/koupit-tablety-semaglutidu-rybelsus-online\/\",\"url\":\"https:\/\/narkoprasek.com\/produkt\/koupit-tablety-semaglutidu-rybelsus-online\/\",\"name\":\"Semaglutidu (Rybelsus) na prodej - Kupte si Semaglutidu online\",\"isPartOf\":{\"@id\":\"https:\/\/narkoprasek.com\/#website\"},\"primaryImageOfPage\":{\"@id\":\"https:\/\/narkoprasek.com\/produkt\/koupit-tablety-semaglutidu-rybelsus-online\/#primaryimage\"},\"image\":{\"@id\":\"https:\/\/narkoprasek.com\/produkt\/koupit-tablety-semaglutidu-rybelsus-online\/#primaryimage\"},\"thumbnailUrl\":\"https:\/\/narkoprasek.com\/wp-content\/uploads\/2025\/04\/Semaglutid-TablettenRybelsus.jpg\",\"datePublished\":\"2025-04-26T12:00:59+00:00\",\"dateModified\":\"2026-03-19T11:56:30+00:00\",\"description\":\"Prozkoumejte n\u00e1\u0161 internetov\u00fd obchod se semaglutidu (rybelsus) na prodej, kter\u00fd nab\u00edz\u00ed vysoce kvalitn\u00ed semaglutidu (rybelsus). Kupte si semaglutidu online bezpe\u010dn\u011b a vydejte se na svou cestu v\u00fdzkumu s d\u016fv\u011brou.\",\"breadcrumb\":{\"@id\":\"https:\/\/narkoprasek.com\/produkt\/koupit-tablety-semaglutidu-rybelsus-online\/#breadcrumb\"},\"inLanguage\":\"de\",\"potentialAction\":[{\"@type\":\"ReadAction\",\"target\":[\"https:\/\/narkoprasek.com\/produkt\/koupit-tablety-semaglutidu-rybelsus-online\/\"]}]},{\"@type\":\"ImageObject\",\"inLanguage\":\"de\",\"@id\":\"https:\/\/narkoprasek.com\/produkt\/koupit-tablety-semaglutidu-rybelsus-online\/#primaryimage\",\"url\":\"https:\/\/narkoprasek.com\/wp-content\/uploads\/2025\/04\/Semaglutid-TablettenRybelsus.jpg\",\"contentUrl\":\"https:\/\/narkoprasek.com\/wp-content\/uploads\/2025\/04\/Semaglutid-TablettenRybelsus.jpg\",\"width\":600,\"height\":600,\"caption\":\"Semaglutid-Tabletten(Rybelsus)\"},{\"@type\":\"BreadcrumbList\",\"@id\":\"https:\/\/narkoprasek.com\/produkt\/koupit-tablety-semaglutidu-rybelsus-online\/#breadcrumb\",\"itemListElement\":[{\"@type\":\"ListItem\",\"position\":1,\"name\":\"Home\",\"item\":\"https:\/\/narkoprasek.com\/\"},{\"@type\":\"ListItem\",\"position\":2,\"name\":\"Na\u0161e Produkty\",\"item\":\"https:\/\/narkoprasek.com\/shop\/\"},{\"@type\":\"ListItem\",\"position\":3,\"name\":\"Koupit tablety Semaglutidu (Rybelsus) online\"}]},{\"@type\":\"WebSite\",\"@id\":\"https:\/\/narkoprasek.com\/#website\",\"url\":\"https:\/\/narkoprasek.com\/\",\"name\":\"Narko Pr\u00e1\u0161ek\",\"description\":\"My WordPress Blog\",\"potentialAction\":[{\"@type\":\"SearchAction\",\"target\":{\"@type\":\"EntryPoint\",\"urlTemplate\":\"https:\/\/narkoprasek.com\/?s={search_term_string}\"},\"query-input\":\"required name=search_term_string\"}],\"inLanguage\":\"de\"}]}<\/script>\n<!-- \/ Yoast SEO plugin. -->","yoast_head_json":{"title":"Semaglutidu (Rybelsus) na prodej - Kupte si Semaglutidu online","description":"Prozkoumejte n\u00e1\u0161 internetov\u00fd obchod se semaglutidu (rybelsus) na prodej, kter\u00fd nab\u00edz\u00ed vysoce kvalitn\u00ed semaglutidu (rybelsus). Kupte si semaglutidu online bezpe\u010dn\u011b a vydejte se na svou cestu v\u00fdzkumu s d\u016fv\u011brou.","robots":{"index":"index","follow":"follow","max-snippet":"max-snippet:-1","max-image-preview":"max-image-preview:large","max-video-preview":"max-video-preview:-1"},"canonical":"https:\/\/narkoprasek.com\/de\/produkt\/koupit-tablety-semaglutidu-rybelsus-online\/","og_locale":"de_DE","og_type":"article","og_title":"Semaglutidu (Rybelsus) na prodej - Kupte si Semaglutidu online","og_description":"Prozkoumejte n\u00e1\u0161 internetov\u00fd obchod se semaglutidu (rybelsus) na prodej, kter\u00fd nab\u00edz\u00ed vysoce kvalitn\u00ed semaglutidu (rybelsus). Kupte si semaglutidu online bezpe\u010dn\u011b a vydejte se na svou cestu v\u00fdzkumu s d\u016fv\u011brou.","og_url":"https:\/\/narkoprasek.com\/de\/produkt\/koupit-tablety-semaglutidu-rybelsus-online\/","og_site_name":"Narko Pr\u00e1\u0161ek","article_modified_time":"2026-03-19T11:56:30+00:00","og_image":[{"width":600,"height":600,"url":"https:\/\/narkoprasek.com\/wp-content\/uploads\/2025\/04\/Semaglutid-TablettenRybelsus.jpg","type":"image\/jpeg"}],"twitter_card":"summary_large_image","twitter_misc":{"Gesch\u00e4tzte Lesezeit":"2\u00a0Minuten"},"schema":{"@context":"https:\/\/schema.org","@graph":[{"@type":"WebPage","@id":"https:\/\/narkoprasek.com\/produkt\/koupit-tablety-semaglutidu-rybelsus-online\/","url":"https:\/\/narkoprasek.com\/produkt\/koupit-tablety-semaglutidu-rybelsus-online\/","name":"Semaglutidu (Rybelsus) na prodej - Kupte si Semaglutidu online","isPartOf":{"@id":"https:\/\/narkoprasek.com\/#website"},"primaryImageOfPage":{"@id":"https:\/\/narkoprasek.com\/produkt\/koupit-tablety-semaglutidu-rybelsus-online\/#primaryimage"},"image":{"@id":"https:\/\/narkoprasek.com\/produkt\/koupit-tablety-semaglutidu-rybelsus-online\/#primaryimage"},"thumbnailUrl":"https:\/\/narkoprasek.com\/wp-content\/uploads\/2025\/04\/Semaglutid-TablettenRybelsus.jpg","datePublished":"2025-04-26T12:00:59+00:00","dateModified":"2026-03-19T11:56:30+00:00","description":"Prozkoumejte n\u00e1\u0161 internetov\u00fd obchod se semaglutidu (rybelsus) na prodej, kter\u00fd nab\u00edz\u00ed vysoce kvalitn\u00ed semaglutidu (rybelsus). Kupte si semaglutidu online bezpe\u010dn\u011b a vydejte se na svou cestu v\u00fdzkumu s d\u016fv\u011brou.","breadcrumb":{"@id":"https:\/\/narkoprasek.com\/produkt\/koupit-tablety-semaglutidu-rybelsus-online\/#breadcrumb"},"inLanguage":"de","potentialAction":[{"@type":"ReadAction","target":["https:\/\/narkoprasek.com\/produkt\/koupit-tablety-semaglutidu-rybelsus-online\/"]}]},{"@type":"ImageObject","inLanguage":"de","@id":"https:\/\/narkoprasek.com\/produkt\/koupit-tablety-semaglutidu-rybelsus-online\/#primaryimage","url":"https:\/\/narkoprasek.com\/wp-content\/uploads\/2025\/04\/Semaglutid-TablettenRybelsus.jpg","contentUrl":"https:\/\/narkoprasek.com\/wp-content\/uploads\/2025\/04\/Semaglutid-TablettenRybelsus.jpg","width":600,"height":600,"caption":"Semaglutid-Tabletten(Rybelsus)"},{"@type":"BreadcrumbList","@id":"https:\/\/narkoprasek.com\/produkt\/koupit-tablety-semaglutidu-rybelsus-online\/#breadcrumb","itemListElement":[{"@type":"ListItem","position":1,"name":"Home","item":"https:\/\/narkoprasek.com\/"},{"@type":"ListItem","position":2,"name":"Na\u0161e Produkty","item":"https:\/\/narkoprasek.com\/shop\/"},{"@type":"ListItem","position":3,"name":"Koupit tablety Semaglutidu (Rybelsus) online"}]},{"@type":"WebSite","@id":"https:\/\/narkoprasek.com\/#website","url":"https:\/\/narkoprasek.com\/","name":"Narko Pr\u00e1\u0161ek","description":"My WordPress Blog","potentialAction":[{"@type":"SearchAction","target":{"@type":"EntryPoint","urlTemplate":"https:\/\/narkoprasek.com\/?s={search_term_string}"},"query-input":"required name=search_term_string"}],"inLanguage":"de"}]}},"_links":{"self":[{"href":"https:\/\/narkoprasek.com\/de\/wp-json\/wp\/v2\/product\/5650","targetHints":{"allow":["GET"]}}],"collection":[{"href":"https:\/\/narkoprasek.com\/de\/wp-json\/wp\/v2\/product"}],"about":[{"href":"https:\/\/narkoprasek.com\/de\/wp-json\/wp\/v2\/types\/product"}],"replies":[{"embeddable":true,"href":"https:\/\/narkoprasek.com\/de\/wp-json\/wp\/v2\/comments?post=5650"}],"wp:featuredmedia":[{"embeddable":true,"href":"https:\/\/narkoprasek.com\/de\/wp-json\/wp\/v2\/media\/5685"}],"wp:attachment":[{"href":"https:\/\/narkoprasek.com\/de\/wp-json\/wp\/v2\/media?parent=5650"}],"wp:term":[{"taxonomy":"product_cat","embeddable":true,"href":"https:\/\/narkoprasek.com\/de\/wp-json\/wp\/v2\/product_cat?post=5650"},{"taxonomy":"product_tag","embeddable":true,"href":"https:\/\/narkoprasek.com\/de\/wp-json\/wp\/v2\/product_tag?post=5650"}],"curies":[{"name":"wp","href":"https:\/\/api.w.org\/{rel}","templated":true}]}}