{"id":5590,"date":"2025-04-26T11:39:22","date_gmt":"2025-04-26T11:39:22","guid":{"rendered":"https:\/\/narkoprasek.com\/?post_type=product&#038;p=5590"},"modified":"2025-04-28T05:47:38","modified_gmt":"2025-04-28T05:47:38","slug":"koupit-o-dsmt-online","status":"publish","type":"product","link":"https:\/\/narkoprasek.com\/de\/produkt\/koupit-o-dsmt-online\/","title":{"rendered":"Koupit O-DSMT online"},"content":{"rendered":"<h2><span style=\"font-weight: 400;\">Koupit ODSMT online \u2013 Pr\u00e9miov\u00e1 v\u00fdzkumn\u00e1 chemik\u00e1lie | Medeus NarkoPeasek<\/span><\/h2>\n<h3><span style=\"font-weight: 400;\">O-DSMT na prodej<\/span><\/h3>\n<p><span style=\"font-weight: 400;\">V\u00edtejte u Medeus <a href=\"https:\/\/narkoprasek.com\/de\/\">Narkoprasek<\/a>, va\u0161eho d\u016fv\u011bryhodn\u00e9ho dodavatele pr\u00e9miov\u00e9ho O-DSMT (O-Desmethyltramadol), unik\u00e1tn\u00ed v\u00fdzkumn\u00e9 chemik\u00e1lie zn\u00e1m\u00e9 sv\u00fdmi vlastnostmi podobn\u00fdmi opioid\u016fm. Objevte potenci\u00e1ln\u00ed aplikace a v\u00fdhody O-DSMT ve v\u011bdeck\u00e9m v\u00fdzkumu a laboratorn\u00edch studi\u00edch.<\/span><\/p>\n<h3><span style=\"font-weight: 400;\">Koupit O-DSMT online<\/span><\/h3>\n<p><span style=\"font-weight: 400;\"><a href=\"https:\/\/narkoprasek.com\/de\/produkt\/koupit-o-dsmt-online\/\">Hled\u00e1te koupit O-DSMT online<\/a>? Jste na spr\u00e1vn\u00e9m m\u00edst\u011b. O-DSMT (O-Desmethyltramadol) je v\u00fdzkumn\u00e1 chemik\u00e1lie, kter\u00e1 z\u00edsk\u00e1v\u00e1 na popularit\u011b d\u00edky sv\u00fdm analgetick\u00fdm vlastnostem. A\u0165 u\u017e jste v\u00fdzkumn\u00edk nebo spot\u0159ebitel, kter\u00fd m\u00e1 z\u00e1jem o prozkoum\u00e1n\u00ed t\u00e9to slou\u010deniny, poskytujeme spolehlivou platformu pro bezpe\u010dn\u00fd n\u00e1kup O-DSMT. Zde v Medeus narkoprasek nab\u00edz\u00edme vysoce kvalitn\u00ed O-DSMT na prodej, tak\u017ee zajist\u00edme, \u017ee dostanete to, co pot\u0159ebujete, za konkurenceschopn\u00e9 ceny.\u00a0<\/span><\/p>\n<h3><span style=\"font-weight: 400;\">O-DSMT na prodej<\/span><\/h3>\n<p><span style=\"font-weight: 400;\">P\u0159i hled\u00e1n\u00ed <a href=\"https:\/\/en.wikipedia.org\/wiki\/Desmetramadol\">O-DSMT<\/a> na prodej je nezbytn\u00e9 naj\u00edt d\u016fv\u011bryhodn\u00e9ho prodejce, kter\u00fd nab\u00edz\u00ed vysoce kvalitn\u00ed produkty. O-Dsmt je siln\u00e1 chemick\u00e1 slou\u010denina a jej\u00ed n\u00e1kup od renomovan\u00e9ho prodejce v\u00e1m zaru\u010d\u00ed, \u017ee obdr\u017e\u00edte nejlep\u0161\u00ed a nejbezpe\u010dn\u011bj\u0161\u00ed dostupn\u00fd produkt. V Medeus narkoprasek se zavazujeme poskytovat na\u0161im z\u00e1kazn\u00edk\u016fm pouze ty nejvy\u0161\u0161\u00ed standardy kvality.<\/span><\/p>\n<h3><span style=\"font-weight: 400;\">O-Dsmt Legal USA<\/span><\/h3>\n<p><span style=\"font-weight: 400;\">Pr\u00e1vn\u00ed status O-Dsmt v USA je d\u016fle\u017eit\u00fdm faktorem p\u0159ed n\u00e1kupem. Legalita O-Dsmt v USA z\u00e1vis\u00ed na m\u00edstn\u00edch p\u0159edpisech, kter\u00e9 se mohou v jednotliv\u00fdch st\u00e1tech li\u0161it. Doporu\u010dujeme prozkoumat specifick\u00e9 z\u00e1kony va\u0161eho st\u00e1tu t\u00fdkaj\u00edc\u00ed se n\u00e1kupu a dr\u017een\u00ed O-Dsmt, abyste zajistili soulad s p\u0159edpisy. Uji\u0161\u0165ujeme v\u00e1s, \u017ee nab\u00edz\u00edme pouze leg\u00e1ln\u00ed l\u00e1tky k prodeji a dodr\u017eujeme nezbytn\u00e9 p\u0159edpisy.<\/span><\/p>\n<h3><span style=\"font-weight: 400;\">Prodejce O-Dsmt<\/span><\/h3>\n<p><span style=\"font-weight: 400;\">Nalezen\u00ed spolehliv\u00e9ho prodejce O-Dsmt je kl\u00ed\u010dov\u00e9 p\u0159i n\u00e1kupu jak\u00e9koli v\u00fdzkumn\u00e9 chemik\u00e1lie. Na\u0161e platforma je mnoha lidmi d\u016fv\u011b\u0159ov\u00e1na jako p\u0159edn\u00ed prodejce O-Dsmt v USA. Jsme hrd\u00ed na to, \u017ee nab\u00edz\u00edme rychl\u00e9 dod\u00e1n\u00ed, bezpe\u010dn\u00e9 transakce a profesion\u00e1ln\u00ed z\u00e1kaznick\u00fd servis. Kdy\u017e si n\u00e1s vyberete jako sv\u00e9ho prodejce O-Dsmt, vyb\u00edr\u00e1te si d\u016fv\u011bryhodn\u00e9 jm\u00e9no v oboru.<\/span><\/p>\n<h3><span style=\"font-weight: 400;\">Koupit Odsmt USA<\/span><\/h3>\n<p><span style=\"font-weight: 400;\">Pokud se nach\u00e1z\u00edte ve Spojen\u00fdch st\u00e1tech a chcete si koupit Odsmt USA, jsme tu, abychom v\u00e1m pomohli. N\u00e1\u0161 online obchod v\u00e1m usnad\u0148uje a umo\u017e\u0148uje pohodln\u011b objednat O-DSMT, a\u0165 jste kdekoli. D\u00edky rychl\u00e9 a bezpe\u010dn\u00e9 doprav\u011b po cel\u00e9 zemi zajist\u00edme, \u017ee va\u0161e v\u00fdzkumn\u00e9 materi\u00e1ly doraz\u00ed v\u010das a v perfektn\u00edm stavu.<\/span><\/p>\n<h3><span style=\"font-weight: 400;\">Pr\u016fvodce kupuj\u00edc\u00edmi l\u00e9k\u016f<\/span><\/h3>\n<p><span style=\"font-weight: 400;\">Pr\u016fvodce kupuj\u00edc\u00edmi l\u00e9k\u016f je nezbytn\u00fdm zdrojem pro ka\u017ed\u00e9ho, kdo chce koupit O-DSMT online. Poskytuje cenn\u00e9 informace o prodejc\u00edch, zaji\u0161t\u011bn\u00ed kvality a pr\u00e1vn\u00edch z\u00e1le\u017eitostech. A\u0165 u\u017e hled\u00e1te nejlep\u0161\u00ed O Dsmt k prodeji nebo v\u00e1s zaj\u00edm\u00e1 jeho pou\u017eit\u00ed, Pr\u016fvodce kupuj\u00edc\u00edmi l\u00e9k\u016f v\u00e1m m\u016f\u017ee pomoci s informovan\u00fdm rozhodnut\u00edm.<\/span><\/p>\n<h3><span style=\"font-weight: 400;\">Koupit Odsmt<\/span><\/h3>\n<p><span style=\"font-weight: 400;\">Chcete si koupit Odsmt s d\u016fv\u011brou? V Medeus narkoprasek v\u00e1m tento proces zjednodu\u0161ujeme. Na\u0161e webov\u00e9 str\u00e1nky nab\u00edzej\u00ed p\u0159\u00edmo\u010dar\u00fd n\u00e1kupn\u00ed z\u00e1\u017eitek, kde si m\u016f\u017eete bezpe\u010dn\u011b koupit Odsmt a nechat si ho doru\u010dit p\u0159\u00edmo k va\u0161im dve\u0159\u00edm. Zam\u011b\u0159ujeme se na poskytov\u00e1n\u00ed pouze vysoce kvalitn\u00edch, laboratorn\u011b testovan\u00fdch produkt\u016f, kter\u00e9 spl\u0148uj\u00ed va\u0161e pot\u0159eby.<\/span><\/p>\n<h3><span style=\"font-weight: 400;\">Pr\u016fvodce n\u00e1kupem drog<\/span><\/h3>\n<p><span style=\"font-weight: 400;\">Orientace ve sv\u011bt\u011b v\u00fdzkumn\u00fdch chemik\u00e1li\u00ed m\u016f\u017ee b\u00fdt ohromuj\u00edc\u00ed. Pr\u016fvodce n\u00e1kupem drog je vynikaj\u00edc\u00edm n\u00e1strojem pro ty, kte\u0159\u00ed cht\u011bj\u00ed koupit l\u00e1tky, jako je O-DSMT. Pom\u00e1h\u00e1 u\u017eivatel\u016fm hodnotit r\u016fzn\u00e9 produkty a dodavatele a zaji\u0161\u0165uje, \u017ee najdete d\u016fv\u011bryhodn\u00e9 dodavatele, kte\u0159\u00ed nab\u00edzej\u00ed kvalitn\u00ed l\u00e1tky.<\/span><\/p>\n<h3><span style=\"font-weight: 400;\">Test na drogy O Desmethyltramadol<\/span><\/h3>\n<p><span style=\"font-weight: 400;\">Pokud podstupujete test na drogy O Desmethyltramadol nebo zva\u017eujete d\u016fsledky O Desmethyltramadolu p\u0159i screeningu na drogy, je nezbytn\u00e9 zn\u00e1t jeho detek\u010dn\u00ed vlastnosti. O Desmethyltramadol je metabolit tramadolu a m\u016f\u017ee se objevit v n\u011bkter\u00fdch testech na drogy. P\u0159i n\u00e1kupu nebo u\u017e\u00edv\u00e1n\u00ed t\u00e9to l\u00e1tky si pe\u010dliv\u011b prov\u011b\u0159te pokyny pro testov\u00e1n\u00ed.<\/span><\/p>\n<h3><span style=\"font-weight: 400;\">Odsmt Legal USA<\/span><\/h3>\n<p><span style=\"font-weight: 400;\">Zaj\u00edm\u00e1 v\u00e1s, zda je Odsmt v USA leg\u00e1ln\u00ed? Pr\u00e1vn\u00ed status Odsmt se m\u016f\u017ee li\u0161it v z\u00e1vislosti na st\u00e1tn\u00edch z\u00e1konech. P\u0159ed n\u00e1kupem je nezbytn\u00e9 se ujistit, \u017ee l\u00e1tka nen\u00ed ve va\u0161\u00ed lokalit\u011b zak\u00e1z\u00e1na. V\u017edy se pora\u010fte s m\u00edstn\u00edmi p\u0159edpisy a vyhledejte spolehliv\u00e9 zdroje, abyste si ov\u011b\u0159ili pr\u00e1vn\u00ed status Odsmt ve va\u0161\u00ed jurisdikci.<\/span><\/p>","protected":false},"excerpt":{"rendered":"<p>Koupit ODSMT online \u2013 Pr\u00e9miov\u00e1 v\u00fdzkumn\u00e1 chemik\u00e1lie | Medeus NarkoPeasek O-DSMT na prodej V\u00edtejte u Medeus Narkoprasek, va\u0161eho d\u016fv\u011bryhodn\u00e9ho dodavatele pr\u00e9miov\u00e9ho O-DSMT (O-Desmethyltramadol), unik\u00e1tn\u00ed v\u00fdzkumn\u00e9 chemik\u00e1lie zn\u00e1m\u00e9 sv\u00fdmi vlastnostmi podobn\u00fdmi opioid\u016fm. Objevte potenci\u00e1ln\u00ed aplikace a v\u00fdhody O-DSMT ve v\u011bdeck\u00e9m v\u00fdzkumu a laboratorn\u00edch studi\u00edch. Koupit O-DSMT online Hled\u00e1te koupit O-DSMT online? Jste na spr\u00e1vn\u00e9m m\u00edst\u011b. O-DSMT [&hellip;]<\/p>","protected":false},"featured_media":5688,"comment_status":"open","ping_status":"closed","template":"","meta":{"_joinchat":[]},"product_cat":[418],"product_tag":[],"class_list":{"0":"post-5590","1":"product","2":"type-product","3":"status-publish","4":"has-post-thumbnail","6":"product_cat-vyzkumna-chemikalie","8":"first","9":"instock","10":"shipping-taxable","11":"purchasable","12":"product-type-variable"},"yoast_head":"<!-- This site is optimized with the Yoast SEO plugin v23.1 - https:\/\/yoast.com\/wordpress\/plugins\/seo\/ -->\n<title>Nejlep\u0161\u00ed O-DSMT na prodej - Koupit O-DSMT online<\/title>\n<meta name=\"description\" content=\"Hled\u00e1te spolehliv\u00fd zdroj pro n\u00e1kup o-dsmt online? Va\u0161e hled\u00e1n\u00ed kon\u010d\u00ed zde. Objednejte si o-dsmt online z na\u0161eho d\u016fv\u011bryhodn\u00e9ho obchodu a u\u017eijte si bezprobl\u00e9mov\u00fd n\u00e1kupn\u00ed proces p\u0159izp\u016fsoben\u00fd va\u0161im v\u00fdzkumn\u00fdm pot\u0159eb\u00e1m.\" \/>\n<meta name=\"robots\" content=\"index, follow, max-snippet:-1, max-image-preview:large, max-video-preview:-1\" \/>\n<link rel=\"canonical\" href=\"https:\/\/narkoprasek.com\/de\/produkt\/koupit-o-dsmt-online\/\" \/>\n<meta property=\"og:locale\" content=\"de_DE\" \/>\n<meta property=\"og:type\" content=\"article\" \/>\n<meta property=\"og:title\" content=\"Nejlep\u0161\u00ed O-DSMT na prodej - Koupit O-DSMT online\" \/>\n<meta property=\"og:description\" content=\"Hled\u00e1te spolehliv\u00fd zdroj pro n\u00e1kup o-dsmt online? Va\u0161e hled\u00e1n\u00ed kon\u010d\u00ed zde. Objednejte si o-dsmt online z na\u0161eho d\u016fv\u011bryhodn\u00e9ho obchodu a u\u017eijte si bezprobl\u00e9mov\u00fd n\u00e1kupn\u00ed proces p\u0159izp\u016fsoben\u00fd va\u0161im v\u00fdzkumn\u00fdm pot\u0159eb\u00e1m.\" \/>\n<meta property=\"og:url\" content=\"https:\/\/narkoprasek.com\/de\/produkt\/koupit-o-dsmt-online\/\" \/>\n<meta property=\"og:site_name\" content=\"Narko Pr\u00e1\u0161ek\" \/>\n<meta property=\"article:modified_time\" content=\"2025-04-28T05:47:38+00:00\" \/>\n<meta property=\"og:image\" content=\"https:\/\/narkoprasek.com\/wp-content\/uploads\/2025\/04\/O-DSMT.jpg\" \/>\n\t<meta property=\"og:image:width\" content=\"600\" \/>\n\t<meta property=\"og:image:height\" content=\"600\" \/>\n\t<meta property=\"og:image:type\" content=\"image\/jpeg\" \/>\n<meta name=\"twitter:card\" content=\"summary_large_image\" \/>\n<meta name=\"twitter:label1\" content=\"Gesch\u00e4tzte Lesezeit\" \/>\n\t<meta name=\"twitter:data1\" content=\"3\u00a0Minuten\" \/>\n<script type=\"application\/ld+json\" class=\"yoast-schema-graph\">{\"@context\":\"https:\/\/schema.org\",\"@graph\":[{\"@type\":\"WebPage\",\"@id\":\"https:\/\/narkoprasek.com\/produkt\/koupit-o-dsmt-online\/\",\"url\":\"https:\/\/narkoprasek.com\/produkt\/koupit-o-dsmt-online\/\",\"name\":\"Nejlep\u0161\u00ed O-DSMT na prodej - Koupit O-DSMT online\",\"isPartOf\":{\"@id\":\"https:\/\/narkoprasek.com\/#website\"},\"primaryImageOfPage\":{\"@id\":\"https:\/\/narkoprasek.com\/produkt\/koupit-o-dsmt-online\/#primaryimage\"},\"image\":{\"@id\":\"https:\/\/narkoprasek.com\/produkt\/koupit-o-dsmt-online\/#primaryimage\"},\"thumbnailUrl\":\"https:\/\/narkoprasek.com\/wp-content\/uploads\/2025\/04\/O-DSMT.jpg\",\"datePublished\":\"2025-04-26T11:39:22+00:00\",\"dateModified\":\"2025-04-28T05:47:38+00:00\",\"description\":\"Hled\u00e1te spolehliv\u00fd zdroj pro n\u00e1kup o-dsmt online? Va\u0161e hled\u00e1n\u00ed kon\u010d\u00ed zde. Objednejte si o-dsmt online z na\u0161eho d\u016fv\u011bryhodn\u00e9ho obchodu a u\u017eijte si bezprobl\u00e9mov\u00fd n\u00e1kupn\u00ed proces p\u0159izp\u016fsoben\u00fd va\u0161im v\u00fdzkumn\u00fdm pot\u0159eb\u00e1m.\",\"breadcrumb\":{\"@id\":\"https:\/\/narkoprasek.com\/produkt\/koupit-o-dsmt-online\/#breadcrumb\"},\"inLanguage\":\"de\",\"potentialAction\":[{\"@type\":\"ReadAction\",\"target\":[\"https:\/\/narkoprasek.com\/produkt\/koupit-o-dsmt-online\/\"]}]},{\"@type\":\"ImageObject\",\"inLanguage\":\"de\",\"@id\":\"https:\/\/narkoprasek.com\/produkt\/koupit-o-dsmt-online\/#primaryimage\",\"url\":\"https:\/\/narkoprasek.com\/wp-content\/uploads\/2025\/04\/O-DSMT.jpg\",\"contentUrl\":\"https:\/\/narkoprasek.com\/wp-content\/uploads\/2025\/04\/O-DSMT.jpg\",\"width\":600,\"height\":600,\"caption\":\"O-DSMT\"},{\"@type\":\"BreadcrumbList\",\"@id\":\"https:\/\/narkoprasek.com\/produkt\/koupit-o-dsmt-online\/#breadcrumb\",\"itemListElement\":[{\"@type\":\"ListItem\",\"position\":1,\"name\":\"Home\",\"item\":\"https:\/\/narkoprasek.com\/\"},{\"@type\":\"ListItem\",\"position\":2,\"name\":\"Na\u0161e Produkty\",\"item\":\"https:\/\/narkoprasek.com\/shop\/\"},{\"@type\":\"ListItem\",\"position\":3,\"name\":\"Koupit O-DSMT online\"}]},{\"@type\":\"WebSite\",\"@id\":\"https:\/\/narkoprasek.com\/#website\",\"url\":\"https:\/\/narkoprasek.com\/\",\"name\":\"Narko Pr\u00e1\u0161ek\",\"description\":\"My WordPress Blog\",\"potentialAction\":[{\"@type\":\"SearchAction\",\"target\":{\"@type\":\"EntryPoint\",\"urlTemplate\":\"https:\/\/narkoprasek.com\/?s={search_term_string}\"},\"query-input\":\"required name=search_term_string\"}],\"inLanguage\":\"de\"}]}<\/script>\n<!-- \/ Yoast SEO plugin. -->","yoast_head_json":{"title":"Nejlep\u0161\u00ed O-DSMT na prodej - Koupit O-DSMT online","description":"Hled\u00e1te spolehliv\u00fd zdroj pro n\u00e1kup o-dsmt online? Va\u0161e hled\u00e1n\u00ed kon\u010d\u00ed zde. Objednejte si o-dsmt online z na\u0161eho d\u016fv\u011bryhodn\u00e9ho obchodu a u\u017eijte si bezprobl\u00e9mov\u00fd n\u00e1kupn\u00ed proces p\u0159izp\u016fsoben\u00fd va\u0161im v\u00fdzkumn\u00fdm pot\u0159eb\u00e1m.","robots":{"index":"index","follow":"follow","max-snippet":"max-snippet:-1","max-image-preview":"max-image-preview:large","max-video-preview":"max-video-preview:-1"},"canonical":"https:\/\/narkoprasek.com\/de\/produkt\/koupit-o-dsmt-online\/","og_locale":"de_DE","og_type":"article","og_title":"Nejlep\u0161\u00ed O-DSMT na prodej - Koupit O-DSMT online","og_description":"Hled\u00e1te spolehliv\u00fd zdroj pro n\u00e1kup o-dsmt online? Va\u0161e hled\u00e1n\u00ed kon\u010d\u00ed zde. Objednejte si o-dsmt online z na\u0161eho d\u016fv\u011bryhodn\u00e9ho obchodu a u\u017eijte si bezprobl\u00e9mov\u00fd n\u00e1kupn\u00ed proces p\u0159izp\u016fsoben\u00fd va\u0161im v\u00fdzkumn\u00fdm pot\u0159eb\u00e1m.","og_url":"https:\/\/narkoprasek.com\/de\/produkt\/koupit-o-dsmt-online\/","og_site_name":"Narko Pr\u00e1\u0161ek","article_modified_time":"2025-04-28T05:47:38+00:00","og_image":[{"width":600,"height":600,"url":"https:\/\/narkoprasek.com\/wp-content\/uploads\/2025\/04\/O-DSMT.jpg","type":"image\/jpeg"}],"twitter_card":"summary_large_image","twitter_misc":{"Gesch\u00e4tzte Lesezeit":"3\u00a0Minuten"},"schema":{"@context":"https:\/\/schema.org","@graph":[{"@type":"WebPage","@id":"https:\/\/narkoprasek.com\/produkt\/koupit-o-dsmt-online\/","url":"https:\/\/narkoprasek.com\/produkt\/koupit-o-dsmt-online\/","name":"Nejlep\u0161\u00ed O-DSMT na prodej - Koupit O-DSMT online","isPartOf":{"@id":"https:\/\/narkoprasek.com\/#website"},"primaryImageOfPage":{"@id":"https:\/\/narkoprasek.com\/produkt\/koupit-o-dsmt-online\/#primaryimage"},"image":{"@id":"https:\/\/narkoprasek.com\/produkt\/koupit-o-dsmt-online\/#primaryimage"},"thumbnailUrl":"https:\/\/narkoprasek.com\/wp-content\/uploads\/2025\/04\/O-DSMT.jpg","datePublished":"2025-04-26T11:39:22+00:00","dateModified":"2025-04-28T05:47:38+00:00","description":"Hled\u00e1te spolehliv\u00fd zdroj pro n\u00e1kup o-dsmt online? Va\u0161e hled\u00e1n\u00ed kon\u010d\u00ed zde. Objednejte si o-dsmt online z na\u0161eho d\u016fv\u011bryhodn\u00e9ho obchodu a u\u017eijte si bezprobl\u00e9mov\u00fd n\u00e1kupn\u00ed proces p\u0159izp\u016fsoben\u00fd va\u0161im v\u00fdzkumn\u00fdm pot\u0159eb\u00e1m.","breadcrumb":{"@id":"https:\/\/narkoprasek.com\/produkt\/koupit-o-dsmt-online\/#breadcrumb"},"inLanguage":"de","potentialAction":[{"@type":"ReadAction","target":["https:\/\/narkoprasek.com\/produkt\/koupit-o-dsmt-online\/"]}]},{"@type":"ImageObject","inLanguage":"de","@id":"https:\/\/narkoprasek.com\/produkt\/koupit-o-dsmt-online\/#primaryimage","url":"https:\/\/narkoprasek.com\/wp-content\/uploads\/2025\/04\/O-DSMT.jpg","contentUrl":"https:\/\/narkoprasek.com\/wp-content\/uploads\/2025\/04\/O-DSMT.jpg","width":600,"height":600,"caption":"O-DSMT"},{"@type":"BreadcrumbList","@id":"https:\/\/narkoprasek.com\/produkt\/koupit-o-dsmt-online\/#breadcrumb","itemListElement":[{"@type":"ListItem","position":1,"name":"Home","item":"https:\/\/narkoprasek.com\/"},{"@type":"ListItem","position":2,"name":"Na\u0161e Produkty","item":"https:\/\/narkoprasek.com\/shop\/"},{"@type":"ListItem","position":3,"name":"Koupit O-DSMT online"}]},{"@type":"WebSite","@id":"https:\/\/narkoprasek.com\/#website","url":"https:\/\/narkoprasek.com\/","name":"Narko Pr\u00e1\u0161ek","description":"My WordPress Blog","potentialAction":[{"@type":"SearchAction","target":{"@type":"EntryPoint","urlTemplate":"https:\/\/narkoprasek.com\/?s={search_term_string}"},"query-input":"required name=search_term_string"}],"inLanguage":"de"}]}},"_links":{"self":[{"href":"https:\/\/narkoprasek.com\/de\/wp-json\/wp\/v2\/product\/5590","targetHints":{"allow":["GET"]}}],"collection":[{"href":"https:\/\/narkoprasek.com\/de\/wp-json\/wp\/v2\/product"}],"about":[{"href":"https:\/\/narkoprasek.com\/de\/wp-json\/wp\/v2\/types\/product"}],"replies":[{"embeddable":true,"href":"https:\/\/narkoprasek.com\/de\/wp-json\/wp\/v2\/comments?post=5590"}],"wp:featuredmedia":[{"embeddable":true,"href":"https:\/\/narkoprasek.com\/de\/wp-json\/wp\/v2\/media\/5688"}],"wp:attachment":[{"href":"https:\/\/narkoprasek.com\/de\/wp-json\/wp\/v2\/media?parent=5590"}],"wp:term":[{"taxonomy":"product_cat","embeddable":true,"href":"https:\/\/narkoprasek.com\/de\/wp-json\/wp\/v2\/product_cat?post=5590"},{"taxonomy":"product_tag","embeddable":true,"href":"https:\/\/narkoprasek.com\/de\/wp-json\/wp\/v2\/product_tag?post=5590"}],"curies":[{"name":"wp","href":"https:\/\/api.w.org\/{rel}","templated":true}]}}