{"id":5586,"date":"2025-04-26T11:28:27","date_gmt":"2025-04-26T11:28:27","guid":{"rendered":"https:\/\/narkoprasek.com\/?post_type=product&#038;p=5586"},"modified":"2026-03-17T05:28:20","modified_gmt":"2026-03-17T05:28:20","slug":"koupit-ketamin-online","status":"publish","type":"product","link":"https:\/\/narkoprasek.com\/de\/produkt\/koupit-ketamin-online\/","title":{"rendered":"Koupit Ketamin online"},"content":{"rendered":"<h2><span style=\"font-weight: 400;\">Ketamin 100 mg online kaufen. Ketamin 100 mg online bestellen. Ketamin 100 mg online. Ketamin, 100 mg\/ml, 5-ml-Ampulle<\/span><\/h2>\n<p><span style=\"font-weight: 400;\"><a href=\"https:\/\/narkoprasek.com\/de\/produkt\/koupit-ketamin-online\/\">Ketamin ist ein starkes dissoziatives An\u00e4sthetikum.<\/a>Ketamin gewinnt zunehmend an Bedeutung f\u00fcr seine therapeutischen Vorteile, insbesondere bei der Behandlung von psychischen Erkrankungen wie Depressionen, Angstzust\u00e4nden, PTBS und chronischen Schmerzen. Die 5-ml-Durchstechflasche mit 100 mg\/ml bietet eine konzentrierte Form dieses Medikaments mit 500 mg Ketamin pro Durchstechflasche und wird h\u00e4ufig sowohl in Kliniken als auch zur Behandlung zu Hause unter \u00e4rztlicher Aufsicht eingesetzt.<\/span><\/p>\n<p><strong>Produkt\u00fcbersicht:<\/strong><\/p>\n<ul>\n<li><span style=\"font-weight: 400;\">Konzentration: 100 mg\/ml<\/span><\/li>\n<li><span style=\"font-weight: 400;\">Objem: 5 ml<\/span><\/li>\n<li><span style=\"font-weight: 400;\">Celkov\u00e1 d\u00e1vka: 500 mg<\/span><\/li>\n<\/ul>\n<p><span style=\"font-weight: 400;\">Diese Darreichungsform wird typischerweise bei Patienten angewendet, die f\u00fcr eine wirksame Behandlung eine pr\u00e4zise Dosierung ben\u00f6tigen. Kaufen Sie Ketamin 100 mg online und profitieren Sie von seinen therapeutischen Vorteilen. Ketamin wirkt durch die Modulation des Neurotransmitters Glutamat im Gehirn, der eine Schl\u00fcsselrolle bei der Stimmungsregulation, der Schmerzwahrnehmung und der allgemeinen Gehirnfunktion spielt. Daher ist Ketamin (100 mg\/ml, 5 ml Ampulle) eine innovative Behandlungsm\u00f6glichkeit f\u00fcr Patienten, die auf herk\u00f6mmliche Medikamente nicht ausreichend ansprechen. <a href=\"https:\/\/narkoprasek.com\/de\/\">Narkoprasek<\/a><\/span><\/p>\n<p><strong>Therapeutische Anwendung:<\/strong><\/p>\n<p><strong>Behandlung psychischer Erkrankungen:<\/strong><\/p>\n<p><span style=\"font-weight: 400;\">Deprese: <a href=\"https:\/\/en.wikipedia.org\/wiki\/Ketamine\">Ketamin<\/a> Es hat sich bei der Behandlung therapieresistenter Depressionen als schnell und tiefgreifend erwiesen. Man geht davon aus, dass es das Wachstum neuer Synapsen im Gehirn anregt und Linderung bei Patienten verschafft, die auf andere Antidepressiva nicht angesprochen haben.<\/span><\/p>\n<p><span style=\"font-weight: 400;\">Angstzust\u00e4nde und PTBS: Es wurde festgestellt, dass Ketamin die Symptome von Angstzust\u00e4nden und posttraumatischen Belastungsst\u00f6rungen (PTBS) reduziert, indem es die Reaktion des Gehirns auf Stress und angstbasierte Erinnerungen reguliert.<\/span><\/p>\n<p><strong>Behandlung chronischer Schmerzen:<\/strong><\/p>\n<p><span style=\"font-weight: 400;\">Ketamin wird auch zur Behandlung chronischer Schmerzzust\u00e4nde wie neuropathischer Schmerzen, Fibromyalgie und des komplexen regionalen Schmerzsyndroms (CRPS) eingesetzt. Seine F\u00e4higkeit, Schmerzsignale im Gehirn und R\u00fcckenmark zu blockieren, macht es zu einem unsch\u00e4tzbaren Hilfsmittel f\u00fcr Menschen mit chronischen Schmerzen.<\/span><\/p>\n<p><strong>Vorteile der Ketamintherapie:<\/strong><\/p>\n<p><span style=\"font-weight: 400;\">Schneller Wirkungseintritt: Im Gegensatz zu herk\u00f6mmlichen Antidepressiva oder Schmerzmitteln bietet Ketamin 100 mg online eine schnelle Linderung, oft innerhalb weniger Stunden nach der Einnahme.<\/span><\/p>\n<p><span style=\"font-weight: 400;\">Geringeres Suchtrisiko: Obwohl Ketamin ein Bet\u00e4ubungsmittel ist, birgt seine therapeutische Anwendung unter \u00e4rztlicher Aufsicht ein geringeres Suchtrisiko als andere Schmerz- oder Stimmungsmedikamente.<\/span><\/p>\n<p><span style=\"font-weight: 400;\">Wirksam bei therapieresistenten Erkrankungen: F\u00fcr Menschen, deren Krankheit auf andere Behandlungen nicht angesprochen hat, bietet Ketamin eine vielversprechende Alternative.<\/span><\/p>\n<p><span style=\"font-weight: 400;\">Minimale Nebenwirkungen: Bei Verabreichung in kontrollierten Dosen hat Ketamin im Allgemeinen wenige Nebenwirkungen, zu denen leichter Schwindel oder \u00dcbelkeit geh\u00f6ren k\u00f6nnen, die jedoch in der Regel schnell wieder abklingen.<\/span><\/p>\n<p><strong>Verwaltung:<\/strong><\/p>\n<p><span style=\"font-weight: 400;\">Ketamin wird \u00fcblicherweise intraven\u00f6s oder intramuskul\u00e4r in einer Klinik verabreicht, kann aber auch online f\u00fcr die Anwendung zu Hause unter strenger \u00e4rztlicher Aufsicht bestellt werden. Die Konzentration von 100 mg\/ml erm\u00f6glicht eine pr\u00e4zise Dosierung, die auf die individuellen Bed\u00fcrfnisse des Patienten abgestimmt ist. Jede Durchstechflasche enth\u00e4lt 5 ml L\u00f6sung mit insgesamt 500 mg Ketamin, die vom behandelnden Arzt nach Bedarf angepasst werden kann.<\/span><\/p>\n<p><strong>Sicherheitsvorkehrungen:<\/strong><\/p>\n<p><span style=\"font-weight: 400;\">\u00c4rztliche \u00dcberwachung: Die Ketaminbehandlung sollte stets unter der Aufsicht eines geschulten medizinischen Fachpersonals erfolgen, um die korrekte Dosierung zu gew\u00e4hrleisten und m\u00f6gliche Nebenwirkungen zu \u00fcberwachen.<\/span><\/p>\n<p><span style=\"font-weight: 400;\">Kontrollierter Stoff: Ketamin ist in vielen L\u00e4ndern aufgrund seines Missbrauchspotenzials als kontrollierter Stoff der Anlage III eingestuft. Daher ist es unerl\u00e4sslich, die verschriebene Dosierung einzuhalten und Ketamin nicht zu Genusszwecken zu konsumieren.<\/span><\/p>\n<p><span style=\"font-weight: 400;\">Nebenwirkungen: H\u00e4ufige Nebenwirkungen sind Schwindel, \u00dcbelkeit, Verwirrtheit oder ein Gef\u00fchl der Dissoziation. Diese Effekte sind in der Regel vor\u00fcbergehend und verschwinden, sobald die Wirkung des Medikaments nachl\u00e4sst.<\/span><\/p>\n<h3><span style=\"font-weight: 400;\">Abschluss:<\/span><\/h3>\n<p><span style=\"font-weight: 400;\">Ketamin 100 mg ist online erh\u00e4ltlich und bietet eine hochwirksame Behandlungsm\u00f6glichkeit f\u00fcr Menschen mit schweren psychischen Erkrankungen oder chronischen Schmerzen. Der schnelle Wirkungseintritt und die F\u00e4higkeit, auch bei therapieresistenten Beschwerden Linderung zu verschaffen, machen Ketamin zu einem Durchbruch in der modernen Medizin. Konsultieren Sie vor Beginn einer Ketaminbehandlung immer Ihren Arzt, um sicherzustellen, dass diese f\u00fcr Ihre individuellen Bed\u00fcrfnisse geeignet ist und um die richtige Dosierung und Anwendungshinweise zu erhalten.<\/span><\/p>","protected":false},"excerpt":{"rendered":"<p>Kupte si ketamin 100 mg online. Objednejte si ketamin 100 mg online. Ketamin 100 mg online. Ketamin, 100 mg\/ml, 5ml lahvi\u010dka Ketamin je siln\u00e9 disociativn\u00ed anestetikum, kter\u00e9 si z\u00edsk\u00e1v\u00e1 st\u00e1le v\u011bt\u0161\u00ed uzn\u00e1n\u00ed pro sv\u00e9 terapeutick\u00e9 v\u00fdhody, zejm\u00e9na p\u0159i l\u00e9\u010db\u011b du\u0161evn\u00edch poruch, jako je deprese, \u00fazkost, PTSD a chronick\u00e1 bolest. Ketamin, 100 mg\/ml, 5ml lahvi\u010dka nab\u00edz\u00ed [&hellip;]<\/p>","protected":false},"featured_media":5699,"comment_status":"open","ping_status":"closed","template":"","meta":{"_joinchat":[]},"product_cat":[418],"product_tag":[],"class_list":{"0":"post-5586","1":"product","2":"type-product","3":"status-publish","4":"has-post-thumbnail","6":"product_cat-vyzkumna-chemikalie","8":"first","9":"instock","10":"shipping-taxable","11":"purchasable","12":"product-type-variable"},"yoast_head":"<!-- This site is optimized with the Yoast SEO plugin v23.1 - https:\/\/yoast.com\/wordpress\/plugins\/seo\/ -->\n<title>Koupit ketamin online - Ketamin na prodej | Narkoprasek<\/title>\n<meta name=\"description\" content=\"Ketamin si m\u016f\u017eete koupit online za nejlep\u0161\u00ed ceny v na\u0161em internetov\u00e9m obchod\u011b. Nab\u00edz\u00edme levn\u00fd a vysoce kvalitn\u00ed ketamin na prodej a zaji\u0161\u0165ujeme doru\u010den\u00ed po cel\u00e9m sv\u011bt\u011b. M\u016f\u017eete si ho objednat kdykoli a odkudkoli.\" \/>\n<meta name=\"robots\" content=\"index, follow, max-snippet:-1, max-image-preview:large, max-video-preview:-1\" \/>\n<link rel=\"canonical\" href=\"https:\/\/narkoprasek.com\/de\/produkt\/koupit-ketamin-online\/\" \/>\n<meta property=\"og:locale\" content=\"de_DE\" \/>\n<meta property=\"og:type\" content=\"article\" \/>\n<meta property=\"og:title\" content=\"Koupit ketamin online - Ketamin na prodej | Narkoprasek\" \/>\n<meta property=\"og:description\" content=\"Ketamin si m\u016f\u017eete koupit online za nejlep\u0161\u00ed ceny v na\u0161em internetov\u00e9m obchod\u011b. Nab\u00edz\u00edme levn\u00fd a vysoce kvalitn\u00ed ketamin na prodej a zaji\u0161\u0165ujeme doru\u010den\u00ed po cel\u00e9m sv\u011bt\u011b. M\u016f\u017eete si ho objednat kdykoli a odkudkoli.\" \/>\n<meta property=\"og:url\" content=\"https:\/\/narkoprasek.com\/de\/produkt\/koupit-ketamin-online\/\" \/>\n<meta property=\"og:site_name\" content=\"Narko Pr\u00e1\u0161ek\" \/>\n<meta property=\"article:modified_time\" content=\"2026-03-17T05:28:20+00:00\" \/>\n<meta property=\"og:image\" content=\"https:\/\/narkoprasek.com\/wp-content\/uploads\/2025\/04\/Ketamine.jpg\" \/>\n\t<meta property=\"og:image:width\" content=\"600\" \/>\n\t<meta property=\"og:image:height\" content=\"600\" \/>\n\t<meta property=\"og:image:type\" content=\"image\/jpeg\" \/>\n<meta name=\"twitter:card\" content=\"summary_large_image\" \/>\n<meta name=\"twitter:label1\" content=\"Gesch\u00e4tzte Lesezeit\" \/>\n\t<meta name=\"twitter:data1\" content=\"3\u00a0Minuten\" \/>\n<script type=\"application\/ld+json\" class=\"yoast-schema-graph\">{\"@context\":\"https:\/\/schema.org\",\"@graph\":[{\"@type\":\"WebPage\",\"@id\":\"https:\/\/narkoprasek.com\/produkt\/koupit-ketamin-online\/\",\"url\":\"https:\/\/narkoprasek.com\/produkt\/koupit-ketamin-online\/\",\"name\":\"Koupit ketamin online - Ketamin na prodej | Narkoprasek\",\"isPartOf\":{\"@id\":\"https:\/\/narkoprasek.com\/#website\"},\"primaryImageOfPage\":{\"@id\":\"https:\/\/narkoprasek.com\/produkt\/koupit-ketamin-online\/#primaryimage\"},\"image\":{\"@id\":\"https:\/\/narkoprasek.com\/produkt\/koupit-ketamin-online\/#primaryimage\"},\"thumbnailUrl\":\"https:\/\/narkoprasek.com\/wp-content\/uploads\/2025\/04\/Ketamine.jpg\",\"datePublished\":\"2025-04-26T11:28:27+00:00\",\"dateModified\":\"2026-03-17T05:28:20+00:00\",\"description\":\"Ketamin si m\u016f\u017eete koupit online za nejlep\u0161\u00ed ceny v na\u0161em internetov\u00e9m obchod\u011b. Nab\u00edz\u00edme levn\u00fd a vysoce kvalitn\u00ed ketamin na prodej a zaji\u0161\u0165ujeme doru\u010den\u00ed po cel\u00e9m sv\u011bt\u011b. M\u016f\u017eete si ho objednat kdykoli a odkudkoli.\",\"breadcrumb\":{\"@id\":\"https:\/\/narkoprasek.com\/produkt\/koupit-ketamin-online\/#breadcrumb\"},\"inLanguage\":\"de\",\"potentialAction\":[{\"@type\":\"ReadAction\",\"target\":[\"https:\/\/narkoprasek.com\/produkt\/koupit-ketamin-online\/\"]}]},{\"@type\":\"ImageObject\",\"inLanguage\":\"de\",\"@id\":\"https:\/\/narkoprasek.com\/produkt\/koupit-ketamin-online\/#primaryimage\",\"url\":\"https:\/\/narkoprasek.com\/wp-content\/uploads\/2025\/04\/Ketamine.jpg\",\"contentUrl\":\"https:\/\/narkoprasek.com\/wp-content\/uploads\/2025\/04\/Ketamine.jpg\",\"width\":600,\"height\":600,\"caption\":\"Ketamine\"},{\"@type\":\"BreadcrumbList\",\"@id\":\"https:\/\/narkoprasek.com\/produkt\/koupit-ketamin-online\/#breadcrumb\",\"itemListElement\":[{\"@type\":\"ListItem\",\"position\":1,\"name\":\"Home\",\"item\":\"https:\/\/narkoprasek.com\/\"},{\"@type\":\"ListItem\",\"position\":2,\"name\":\"Na\u0161e Produkty\",\"item\":\"https:\/\/narkoprasek.com\/shop\/\"},{\"@type\":\"ListItem\",\"position\":3,\"name\":\"Koupit Ketamin online\"}]},{\"@type\":\"WebSite\",\"@id\":\"https:\/\/narkoprasek.com\/#website\",\"url\":\"https:\/\/narkoprasek.com\/\",\"name\":\"Narko Pr\u00e1\u0161ek\",\"description\":\"My WordPress Blog\",\"potentialAction\":[{\"@type\":\"SearchAction\",\"target\":{\"@type\":\"EntryPoint\",\"urlTemplate\":\"https:\/\/narkoprasek.com\/?s={search_term_string}\"},\"query-input\":\"required name=search_term_string\"}],\"inLanguage\":\"de\"}]}<\/script>\n<!-- \/ Yoast SEO plugin. -->","yoast_head_json":{"title":"Koupit ketamin online - Ketamin na prodej | Narkoprasek","description":"Ketamin si m\u016f\u017eete koupit online za nejlep\u0161\u00ed ceny v na\u0161em internetov\u00e9m obchod\u011b. Nab\u00edz\u00edme levn\u00fd a vysoce kvalitn\u00ed ketamin na prodej a zaji\u0161\u0165ujeme doru\u010den\u00ed po cel\u00e9m sv\u011bt\u011b. M\u016f\u017eete si ho objednat kdykoli a odkudkoli.","robots":{"index":"index","follow":"follow","max-snippet":"max-snippet:-1","max-image-preview":"max-image-preview:large","max-video-preview":"max-video-preview:-1"},"canonical":"https:\/\/narkoprasek.com\/de\/produkt\/koupit-ketamin-online\/","og_locale":"de_DE","og_type":"article","og_title":"Koupit ketamin online - Ketamin na prodej | Narkoprasek","og_description":"Ketamin si m\u016f\u017eete koupit online za nejlep\u0161\u00ed ceny v na\u0161em internetov\u00e9m obchod\u011b. Nab\u00edz\u00edme levn\u00fd a vysoce kvalitn\u00ed ketamin na prodej a zaji\u0161\u0165ujeme doru\u010den\u00ed po cel\u00e9m sv\u011bt\u011b. M\u016f\u017eete si ho objednat kdykoli a odkudkoli.","og_url":"https:\/\/narkoprasek.com\/de\/produkt\/koupit-ketamin-online\/","og_site_name":"Narko Pr\u00e1\u0161ek","article_modified_time":"2026-03-17T05:28:20+00:00","og_image":[{"width":600,"height":600,"url":"https:\/\/narkoprasek.com\/wp-content\/uploads\/2025\/04\/Ketamine.jpg","type":"image\/jpeg"}],"twitter_card":"summary_large_image","twitter_misc":{"Gesch\u00e4tzte Lesezeit":"3\u00a0Minuten"},"schema":{"@context":"https:\/\/schema.org","@graph":[{"@type":"WebPage","@id":"https:\/\/narkoprasek.com\/produkt\/koupit-ketamin-online\/","url":"https:\/\/narkoprasek.com\/produkt\/koupit-ketamin-online\/","name":"Koupit ketamin online - Ketamin na prodej | Narkoprasek","isPartOf":{"@id":"https:\/\/narkoprasek.com\/#website"},"primaryImageOfPage":{"@id":"https:\/\/narkoprasek.com\/produkt\/koupit-ketamin-online\/#primaryimage"},"image":{"@id":"https:\/\/narkoprasek.com\/produkt\/koupit-ketamin-online\/#primaryimage"},"thumbnailUrl":"https:\/\/narkoprasek.com\/wp-content\/uploads\/2025\/04\/Ketamine.jpg","datePublished":"2025-04-26T11:28:27+00:00","dateModified":"2026-03-17T05:28:20+00:00","description":"Ketamin si m\u016f\u017eete koupit online za nejlep\u0161\u00ed ceny v na\u0161em internetov\u00e9m obchod\u011b. Nab\u00edz\u00edme levn\u00fd a vysoce kvalitn\u00ed ketamin na prodej a zaji\u0161\u0165ujeme doru\u010den\u00ed po cel\u00e9m sv\u011bt\u011b. M\u016f\u017eete si ho objednat kdykoli a odkudkoli.","breadcrumb":{"@id":"https:\/\/narkoprasek.com\/produkt\/koupit-ketamin-online\/#breadcrumb"},"inLanguage":"de","potentialAction":[{"@type":"ReadAction","target":["https:\/\/narkoprasek.com\/produkt\/koupit-ketamin-online\/"]}]},{"@type":"ImageObject","inLanguage":"de","@id":"https:\/\/narkoprasek.com\/produkt\/koupit-ketamin-online\/#primaryimage","url":"https:\/\/narkoprasek.com\/wp-content\/uploads\/2025\/04\/Ketamine.jpg","contentUrl":"https:\/\/narkoprasek.com\/wp-content\/uploads\/2025\/04\/Ketamine.jpg","width":600,"height":600,"caption":"Ketamine"},{"@type":"BreadcrumbList","@id":"https:\/\/narkoprasek.com\/produkt\/koupit-ketamin-online\/#breadcrumb","itemListElement":[{"@type":"ListItem","position":1,"name":"Home","item":"https:\/\/narkoprasek.com\/"},{"@type":"ListItem","position":2,"name":"Na\u0161e Produkty","item":"https:\/\/narkoprasek.com\/shop\/"},{"@type":"ListItem","position":3,"name":"Koupit Ketamin online"}]},{"@type":"WebSite","@id":"https:\/\/narkoprasek.com\/#website","url":"https:\/\/narkoprasek.com\/","name":"Narko Pr\u00e1\u0161ek","description":"My WordPress Blog","potentialAction":[{"@type":"SearchAction","target":{"@type":"EntryPoint","urlTemplate":"https:\/\/narkoprasek.com\/?s={search_term_string}"},"query-input":"required name=search_term_string"}],"inLanguage":"de"}]}},"_links":{"self":[{"href":"https:\/\/narkoprasek.com\/de\/wp-json\/wp\/v2\/product\/5586","targetHints":{"allow":["GET"]}}],"collection":[{"href":"https:\/\/narkoprasek.com\/de\/wp-json\/wp\/v2\/product"}],"about":[{"href":"https:\/\/narkoprasek.com\/de\/wp-json\/wp\/v2\/types\/product"}],"replies":[{"embeddable":true,"href":"https:\/\/narkoprasek.com\/de\/wp-json\/wp\/v2\/comments?post=5586"}],"wp:featuredmedia":[{"embeddable":true,"href":"https:\/\/narkoprasek.com\/de\/wp-json\/wp\/v2\/media\/5699"}],"wp:attachment":[{"href":"https:\/\/narkoprasek.com\/de\/wp-json\/wp\/v2\/media?parent=5586"}],"wp:term":[{"taxonomy":"product_cat","embeddable":true,"href":"https:\/\/narkoprasek.com\/de\/wp-json\/wp\/v2\/product_cat?post=5586"},{"taxonomy":"product_tag","embeddable":true,"href":"https:\/\/narkoprasek.com\/de\/wp-json\/wp\/v2\/product_tag?post=5586"}],"curies":[{"name":"wp","href":"https:\/\/api.w.org\/{rel}","templated":true}]}}