{"id":5585,"date":"2025-04-26T11:26:50","date_gmt":"2025-04-26T11:26:50","guid":{"rendered":"https:\/\/narkoprasek.com\/?post_type=product&#038;p=5585"},"modified":"2026-03-17T05:22:48","modified_gmt":"2026-03-17T05:22:48","slug":"koupit-heroin-online","status":"publish","type":"product","link":"https:\/\/narkoprasek.com\/de\/produkt\/koupit-heroin-online\/","title":{"rendered":"Koupit Heroin online"},"content":{"rendered":"<h2><span style=\"font-weight: 400;\">Heroin online kaufen<\/span><\/h2>\n<p><span style=\"font-weight: 400;\"><a href=\"https:\/\/narkoprasek.com\/de\/produkt\/koupit-heroin-online\/\">Heroin online kaufen<\/a> \u201eWas ist Heroin?\u201c ist ein weiteres Schl\u00fcsselwort und eine h\u00e4ufig gestellte Frage, die Kunden bei der Online-Suche nach Heroin verwenden. Wir m\u00f6chten Ihnen den sicheren, diskreten und p\u00fcnktlichen Online-Kauf von Heroin erleichtern. Doch zun\u00e4chst erkl\u00e4ren wir Ihnen, was diese Droge eigentlich ist und wie sie beim Konsum oder Gebrauch wirkt.<\/span><\/p>\n<p><span style=\"font-weight: 400;\">Heroin ist eine illegale Droge mit extrem hohem Suchtpotenzial. Es wird aus Morphin gewonnen, das aus bestimmten Mohnarten stammt. Heroin wird illegal auf der Stra\u00dfe und \u00fcber einige Online-Plattformen verkauft und erscheint als wei\u00dfes oder braunes Pulver. Um seine Reinheit zu verringern, wird Heroin \u00fcblicherweise mit anderen Substanzen gestreckt. Dies geschieht ausschlie\u00dflich, um den Profit der Drogenh\u00e4ndler zu maximieren. Als Streckmittel k\u00f6nnen St\u00e4rke, Chinin, Zucker oder andere Stoffe verwendet werden. Deshalb bieten wir Ihnen hier hochwertiges, ungestrecktes Heroin direkt vom Hersteller an. <a href=\"https:\/\/narkoprasek.com\/de\/\">Narkoprasek<\/a><\/span><\/p>\n<p><span style=\"font-weight: 400;\">Es gibt auch eine andere Heroinart, das sogenannte Schwarzteerheroin. Diese Sorte ist klebrig und hat eine Konsistenz \u00e4hnlich wie Dachpappe. Sie kann auch in harten Klumpen, vergleichbar mit Kohle, verkauft werden. Ihre dunkle Farbe deutet darauf hin, dass bei der Herstellung viele Verunreinigungen zur\u00fcckgeblieben sind.<\/span><\/p>\n<h3><span style=\"font-weight: 400;\">Heroin online kaufen (Wo kann man Heroin online kaufen?)<\/span><\/h3>\n<p><span style=\"font-weight: 400;\"><a href=\"https:\/\/en.wikipedia.org\/wiki\/Heroin\">Heroin<\/a> Heroin wird \u00fcblicherweise in Kapseln (kleine Mengen, meist ausreichend f\u00fcr eine Injektion) oder Gramm verkauft. Es ist in der Regel in Folienbeuteln (Aluminiumfolie) oder kleinen farbigen Ballons verpackt. Es kann gestreckt (mit verschiedenen Substanzen vermischt) verkauft werden, was es dem Konsumenten erschwert, die Reinheit des Inhalts zu erkennen. Diese Zusatzstoffe k\u00f6nnen selbst sch\u00e4dlich sein. Kaufen Sie Heroin online nur bei Anbietern, die das Originalprodukt nicht mischen, nur um einen h\u00f6heren Gewinn zu erzielen. Sie k\u00f6nnen auch fragen, wo man Heroin online kaufen kann, und unser Shop k\u00f6nnte sich als zuverl\u00e4ssige und sichere Bezugsquelle erweisen. Deshalb m\u00f6chten wir Sie heute informieren und Ihnen einige Tipps geben, wo Sie Heroin online kaufen k\u00f6nnen. Aufgrund der Pandemie ist es schwierig, diese Droge auf der Stra\u00dfe zu finden. Aus diesem Grund haben wir uns entschieden, nicht nur auf der Stra\u00dfe, sondern auch online Heroin anzubieten.<\/span><\/p>\n<p><span style=\"font-weight: 400;\">Um Heroin online bei uns zu kaufen, besuchen Sie einfach unsere Shopseite, w\u00e4hlen Sie die Option \u201eHeroin online kaufen\u201c, die gew\u00fcnschte Menge und gehen Sie zur Kasse. Geben Sie Ihre Daten, insbesondere die Lieferadresse, korrekt ein, um Lieferverz\u00f6gerungen zu vermeiden. Bezahlen Sie bevorzugt mit Bitcoin, senden Sie uns eine Quittung und wir liefern Ihnen Ihr hochwertiges Heroin diskret und sicher. Wir akzeptieren verschiedene Zahlungsarten, wobei Bitcoin aufgrund seiner Diskretion am beliebtesten ist, sowie Vanilla Visa MasterCard Geschenkkarten, Cash App und Zelle Pay.<\/span><\/p>\n<p><span style=\"font-weight: 400;\">Wie Sie in unserem Shop stressfrei Heroin online kaufen k\u00f6nnen. Heroin wird aus Schlafmohn hergestellt, der in vier Hauptanbaugebieten w\u00e4chst. Es ist in S\u00fcdwestasien und Mexiko weit verbreitet. Obwohl Afghanistan den Gro\u00dfteil des weltweiten Heroins produziert, ist s\u00fcdamerikanisches Heroin in den USA am weitesten verbreitet. Unser g\u00fcnstiges Online-Heroin ist von hoher Qualit\u00e4t, und wir sind sehr stolz darauf, denn wir wissen, dass es Sie begeistern wird.<\/span><\/p>\n<h3><span style=\"font-weight: 400;\">Heroinmissbrauch und seine Symptome<\/span><\/h3>\n<p><span style=\"font-weight: 400;\">Bevor wir Sucht verstehen k\u00f6nnen, ist es wichtig zu wissen, was Heroinmissbrauch ist. Heroin ist eine illegale Droge und f\u00e4llt unter das Bet\u00e4ubungsmittelgesetz (Schedule I). Heroinkonsum bedeutet nicht zwangsl\u00e4ufig, dass jemand s\u00fcchtig ist. Fortgesetzter Konsum bzw. Missbrauch f\u00fchrt jedoch unweigerlich zu einer Sucht.<\/span><\/p>\n<p><span style=\"font-weight: 400;\">Heroinmissbrauch ist dadurch gekennzeichnet, dass die Droge ohne jeglichen Zwang konsumiert wird. Die betroffene Person versp\u00fcrt keinerlei Verlangen danach. Ihr gef\u00e4llt m\u00f6glicherweise die Wirkung der Droge, aber das ist auch schon alles. Au\u00dferdem treten nach dem Absetzen keine Entzugserscheinungen auf. Der Missbrauch dieser Droge kann zu einer erneuten Heroinabh\u00e4ngigkeit f\u00fchren, und viele Menschen erleiden dieses Schicksal. Besuchen Sie uns, um zu erfahren, wie Sie Heroin online kaufen k\u00f6nnen.<\/span><\/p>\n<p>&nbsp;<\/p>","protected":false},"excerpt":{"rendered":"<p>Koupit heroin online Koupit heroin online je dal\u0161\u00ed kl\u00ed\u010dov\u00e9 slovo a \u010dast\u00e1 ot\u00e1zka, kterou v\u011bt\u0161ina z\u00e1kazn\u00edk\u016f pou\u017e\u00edv\u00e1 p\u0159i online vyhled\u00e1v\u00e1n\u00ed heroinu. Jsme tu, abychom v\u00e1m usnadnili proces bezpe\u010dn\u00e9ho, \u200b\u200bdiskr\u00e9tn\u00edho a v\u010dasn\u00e9ho n\u00e1kupu heroinu online. Nejprve si ale poj\u010fme pov\u011bd\u011bt, co tato droga skute\u010dn\u011b je a k \u010demu heroin slou\u017e\u00ed p\u0159i konzumaci nebo u\u017e\u00edv\u00e1n\u00ed. Heroin je [&hellip;]<\/p>","protected":false},"featured_media":5700,"comment_status":"open","ping_status":"closed","template":"","meta":{"_joinchat":[]},"product_cat":[418],"product_tag":[],"class_list":{"0":"post-5585","1":"product","2":"type-product","3":"status-publish","4":"has-post-thumbnail","6":"product_cat-vyzkumna-chemikalie","8":"first","9":"instock","10":"shipping-taxable","11":"purchasable","12":"product-type-variable"},"yoast_head":"<!-- This site is optimized with the Yoast SEO plugin v23.1 - https:\/\/yoast.com\/wordpress\/plugins\/seo\/ -->\n<title>Koupit heroin online - Heroin na prodej | Narkoprasek<\/title>\n<meta name=\"description\" content=\"Pokud jste heroin z na\u0161eho obchodu je\u0161t\u011b nezkou\u0161eli, o hodn\u011b p\u0159ich\u00e1z\u00edte. Pom\u016f\u017eeme v\u00e1m koupit heroin online za n\u00edzk\u00e9 ceny. Po\u0159i\u010fte si heroin na prodej je\u0161t\u011b dnes!\" \/>\n<meta name=\"robots\" content=\"index, follow, max-snippet:-1, max-image-preview:large, max-video-preview:-1\" \/>\n<link rel=\"canonical\" href=\"https:\/\/narkoprasek.com\/de\/produkt\/koupit-heroin-online\/\" \/>\n<meta property=\"og:locale\" content=\"de_DE\" \/>\n<meta property=\"og:type\" content=\"article\" \/>\n<meta property=\"og:title\" content=\"Koupit heroin online - Heroin na prodej | Narkoprasek\" \/>\n<meta property=\"og:description\" content=\"Pokud jste heroin z na\u0161eho obchodu je\u0161t\u011b nezkou\u0161eli, o hodn\u011b p\u0159ich\u00e1z\u00edte. Pom\u016f\u017eeme v\u00e1m koupit heroin online za n\u00edzk\u00e9 ceny. Po\u0159i\u010fte si heroin na prodej je\u0161t\u011b dnes!\" \/>\n<meta property=\"og:url\" content=\"https:\/\/narkoprasek.com\/de\/produkt\/koupit-heroin-online\/\" \/>\n<meta property=\"og:site_name\" content=\"Narko Pr\u00e1\u0161ek\" \/>\n<meta property=\"article:modified_time\" content=\"2026-03-17T05:22:48+00:00\" \/>\n<meta property=\"og:image\" content=\"https:\/\/narkoprasek.com\/wp-content\/uploads\/2025\/04\/Heroin.jpg\" \/>\n\t<meta property=\"og:image:width\" content=\"600\" \/>\n\t<meta property=\"og:image:height\" content=\"600\" \/>\n\t<meta property=\"og:image:type\" content=\"image\/jpeg\" \/>\n<meta name=\"twitter:card\" content=\"summary_large_image\" \/>\n<meta name=\"twitter:label1\" content=\"Gesch\u00e4tzte Lesezeit\" \/>\n\t<meta name=\"twitter:data1\" content=\"3\u00a0Minuten\" \/>\n<script type=\"application\/ld+json\" class=\"yoast-schema-graph\">{\"@context\":\"https:\/\/schema.org\",\"@graph\":[{\"@type\":\"WebPage\",\"@id\":\"https:\/\/narkoprasek.com\/produkt\/koupit-heroin-online\/\",\"url\":\"https:\/\/narkoprasek.com\/produkt\/koupit-heroin-online\/\",\"name\":\"Koupit heroin online - Heroin na prodej | Narkoprasek\",\"isPartOf\":{\"@id\":\"https:\/\/narkoprasek.com\/#website\"},\"primaryImageOfPage\":{\"@id\":\"https:\/\/narkoprasek.com\/produkt\/koupit-heroin-online\/#primaryimage\"},\"image\":{\"@id\":\"https:\/\/narkoprasek.com\/produkt\/koupit-heroin-online\/#primaryimage\"},\"thumbnailUrl\":\"https:\/\/narkoprasek.com\/wp-content\/uploads\/2025\/04\/Heroin.jpg\",\"datePublished\":\"2025-04-26T11:26:50+00:00\",\"dateModified\":\"2026-03-17T05:22:48+00:00\",\"description\":\"Pokud jste heroin z na\u0161eho obchodu je\u0161t\u011b nezkou\u0161eli, o hodn\u011b p\u0159ich\u00e1z\u00edte. Pom\u016f\u017eeme v\u00e1m koupit heroin online za n\u00edzk\u00e9 ceny. Po\u0159i\u010fte si heroin na prodej je\u0161t\u011b dnes!\",\"breadcrumb\":{\"@id\":\"https:\/\/narkoprasek.com\/produkt\/koupit-heroin-online\/#breadcrumb\"},\"inLanguage\":\"de\",\"potentialAction\":[{\"@type\":\"ReadAction\",\"target\":[\"https:\/\/narkoprasek.com\/produkt\/koupit-heroin-online\/\"]}]},{\"@type\":\"ImageObject\",\"inLanguage\":\"de\",\"@id\":\"https:\/\/narkoprasek.com\/produkt\/koupit-heroin-online\/#primaryimage\",\"url\":\"https:\/\/narkoprasek.com\/wp-content\/uploads\/2025\/04\/Heroin.jpg\",\"contentUrl\":\"https:\/\/narkoprasek.com\/wp-content\/uploads\/2025\/04\/Heroin.jpg\",\"width\":600,\"height\":600,\"caption\":\"Heroin\"},{\"@type\":\"BreadcrumbList\",\"@id\":\"https:\/\/narkoprasek.com\/produkt\/koupit-heroin-online\/#breadcrumb\",\"itemListElement\":[{\"@type\":\"ListItem\",\"position\":1,\"name\":\"Home\",\"item\":\"https:\/\/narkoprasek.com\/\"},{\"@type\":\"ListItem\",\"position\":2,\"name\":\"Na\u0161e Produkty\",\"item\":\"https:\/\/narkoprasek.com\/shop\/\"},{\"@type\":\"ListItem\",\"position\":3,\"name\":\"Koupit Heroin online\"}]},{\"@type\":\"WebSite\",\"@id\":\"https:\/\/narkoprasek.com\/#website\",\"url\":\"https:\/\/narkoprasek.com\/\",\"name\":\"Narko Pr\u00e1\u0161ek\",\"description\":\"My WordPress Blog\",\"potentialAction\":[{\"@type\":\"SearchAction\",\"target\":{\"@type\":\"EntryPoint\",\"urlTemplate\":\"https:\/\/narkoprasek.com\/?s={search_term_string}\"},\"query-input\":\"required name=search_term_string\"}],\"inLanguage\":\"de\"}]}<\/script>\n<!-- \/ Yoast SEO plugin. -->","yoast_head_json":{"title":"Koupit heroin online - Heroin na prodej | Narkoprasek","description":"Pokud jste heroin z na\u0161eho obchodu je\u0161t\u011b nezkou\u0161eli, o hodn\u011b p\u0159ich\u00e1z\u00edte. Pom\u016f\u017eeme v\u00e1m koupit heroin online za n\u00edzk\u00e9 ceny. Po\u0159i\u010fte si heroin na prodej je\u0161t\u011b dnes!","robots":{"index":"index","follow":"follow","max-snippet":"max-snippet:-1","max-image-preview":"max-image-preview:large","max-video-preview":"max-video-preview:-1"},"canonical":"https:\/\/narkoprasek.com\/de\/produkt\/koupit-heroin-online\/","og_locale":"de_DE","og_type":"article","og_title":"Koupit heroin online - Heroin na prodej | Narkoprasek","og_description":"Pokud jste heroin z na\u0161eho obchodu je\u0161t\u011b nezkou\u0161eli, o hodn\u011b p\u0159ich\u00e1z\u00edte. Pom\u016f\u017eeme v\u00e1m koupit heroin online za n\u00edzk\u00e9 ceny. Po\u0159i\u010fte si heroin na prodej je\u0161t\u011b dnes!","og_url":"https:\/\/narkoprasek.com\/de\/produkt\/koupit-heroin-online\/","og_site_name":"Narko Pr\u00e1\u0161ek","article_modified_time":"2026-03-17T05:22:48+00:00","og_image":[{"width":600,"height":600,"url":"https:\/\/narkoprasek.com\/wp-content\/uploads\/2025\/04\/Heroin.jpg","type":"image\/jpeg"}],"twitter_card":"summary_large_image","twitter_misc":{"Gesch\u00e4tzte Lesezeit":"3\u00a0Minuten"},"schema":{"@context":"https:\/\/schema.org","@graph":[{"@type":"WebPage","@id":"https:\/\/narkoprasek.com\/produkt\/koupit-heroin-online\/","url":"https:\/\/narkoprasek.com\/produkt\/koupit-heroin-online\/","name":"Koupit heroin online - Heroin na prodej | Narkoprasek","isPartOf":{"@id":"https:\/\/narkoprasek.com\/#website"},"primaryImageOfPage":{"@id":"https:\/\/narkoprasek.com\/produkt\/koupit-heroin-online\/#primaryimage"},"image":{"@id":"https:\/\/narkoprasek.com\/produkt\/koupit-heroin-online\/#primaryimage"},"thumbnailUrl":"https:\/\/narkoprasek.com\/wp-content\/uploads\/2025\/04\/Heroin.jpg","datePublished":"2025-04-26T11:26:50+00:00","dateModified":"2026-03-17T05:22:48+00:00","description":"Pokud jste heroin z na\u0161eho obchodu je\u0161t\u011b nezkou\u0161eli, o hodn\u011b p\u0159ich\u00e1z\u00edte. Pom\u016f\u017eeme v\u00e1m koupit heroin online za n\u00edzk\u00e9 ceny. Po\u0159i\u010fte si heroin na prodej je\u0161t\u011b dnes!","breadcrumb":{"@id":"https:\/\/narkoprasek.com\/produkt\/koupit-heroin-online\/#breadcrumb"},"inLanguage":"de","potentialAction":[{"@type":"ReadAction","target":["https:\/\/narkoprasek.com\/produkt\/koupit-heroin-online\/"]}]},{"@type":"ImageObject","inLanguage":"de","@id":"https:\/\/narkoprasek.com\/produkt\/koupit-heroin-online\/#primaryimage","url":"https:\/\/narkoprasek.com\/wp-content\/uploads\/2025\/04\/Heroin.jpg","contentUrl":"https:\/\/narkoprasek.com\/wp-content\/uploads\/2025\/04\/Heroin.jpg","width":600,"height":600,"caption":"Heroin"},{"@type":"BreadcrumbList","@id":"https:\/\/narkoprasek.com\/produkt\/koupit-heroin-online\/#breadcrumb","itemListElement":[{"@type":"ListItem","position":1,"name":"Home","item":"https:\/\/narkoprasek.com\/"},{"@type":"ListItem","position":2,"name":"Na\u0161e Produkty","item":"https:\/\/narkoprasek.com\/shop\/"},{"@type":"ListItem","position":3,"name":"Koupit Heroin online"}]},{"@type":"WebSite","@id":"https:\/\/narkoprasek.com\/#website","url":"https:\/\/narkoprasek.com\/","name":"Narko Pr\u00e1\u0161ek","description":"My WordPress Blog","potentialAction":[{"@type":"SearchAction","target":{"@type":"EntryPoint","urlTemplate":"https:\/\/narkoprasek.com\/?s={search_term_string}"},"query-input":"required name=search_term_string"}],"inLanguage":"de"}]}},"_links":{"self":[{"href":"https:\/\/narkoprasek.com\/de\/wp-json\/wp\/v2\/product\/5585","targetHints":{"allow":["GET"]}}],"collection":[{"href":"https:\/\/narkoprasek.com\/de\/wp-json\/wp\/v2\/product"}],"about":[{"href":"https:\/\/narkoprasek.com\/de\/wp-json\/wp\/v2\/types\/product"}],"replies":[{"embeddable":true,"href":"https:\/\/narkoprasek.com\/de\/wp-json\/wp\/v2\/comments?post=5585"}],"wp:featuredmedia":[{"embeddable":true,"href":"https:\/\/narkoprasek.com\/de\/wp-json\/wp\/v2\/media\/5700"}],"wp:attachment":[{"href":"https:\/\/narkoprasek.com\/de\/wp-json\/wp\/v2\/media?parent=5585"}],"wp:term":[{"taxonomy":"product_cat","embeddable":true,"href":"https:\/\/narkoprasek.com\/de\/wp-json\/wp\/v2\/product_cat?post=5585"},{"taxonomy":"product_tag","embeddable":true,"href":"https:\/\/narkoprasek.com\/de\/wp-json\/wp\/v2\/product_tag?post=5585"}],"curies":[{"name":"wp","href":"https:\/\/api.w.org\/{rel}","templated":true}]}}