{"id":5584,"date":"2025-04-26T11:25:43","date_gmt":"2025-04-26T11:25:43","guid":{"rendered":"https:\/\/narkoprasek.com\/?post_type=product&#038;p=5584"},"modified":"2026-03-17T05:20:08","modified_gmt":"2026-03-17T05:20:08","slug":"koupit-extaze-pilulka-mdma-online","status":"publish","type":"product","link":"https:\/\/narkoprasek.com\/de\/produkt\/koupit-extaze-pilulka-mdma-online\/","title":{"rendered":"Koupit Ext\u00e1ze (pilulka MDMA) online"},"content":{"rendered":"<h2><span style=\"font-weight: 400;\">Ecstasy-Tabletten online kaufen<\/span><\/h2>\n<h3><span style=\"font-weight: 400;\">Was ist Ecstasy?<\/span><\/h3>\n<p><span style=\"font-weight: 400;\"><a href=\"https:\/\/narkoprasek.com\/de\/produkt\/koupit-extaze-pilulka-mdma-online\/\">Ecstasy, auch bekannt als MDMA (3,4-Methylendioxy-N-methylamphetamin)<\/a>Ecstasy ist eine synthetische psychoaktive Droge mit \u00e4hnlicher Wirkung wie Amphetamine und Halluzinogene. Sie wird h\u00e4ufig auf Partys und in Clubs konsumiert, um Euphorie, ein gesteigertes Gef\u00fchl der Intimit\u00e4t und Energie hervorzurufen. Ecstasy ist \u00fcblicherweise in Tablettenform erh\u00e4ltlich, kann aber auch als Pulver eingenommen werden.<\/span><\/p>\n<h3><span style=\"font-weight: 400;\">Wo kann man Ecstasy-Tabletten online kaufen?<\/span><\/h3>\n<p><span style=\"font-weight: 400;\">Sie k\u00f6nnen Ecstasy-Tabletten sicher und diskret \u00fcber Online-Apotheken wie Psydera erwerben. Diese Plattformen bieten einen vertrauensw\u00fcrdigen Service f\u00fcr den Online-Kauf von Ecstasy-Tabletten und garantieren Produktqualit\u00e4t und schnelle Lieferung. <a href=\"https:\/\/narkoprasek.com\/de\/\">Narkoprasek<\/a><\/span><\/p>\n<h3><span style=\"font-weight: 400;\">Wirkung, Aroma und Geschmack<\/span><\/h3>\n<h3><span style=\"font-weight: 400;\">S\u00edla<\/span><\/h3>\n<p><span style=\"font-weight: 400;\">Ecstasy erzeugt ein starkes Gef\u00fchl der Euphorie, steigert das Einf\u00fchlungsverm\u00f6gen und erh\u00f6ht die k\u00f6rperliche und geistige Energie. Aufgrund dieser Wirkungen sind Ecstasy-Tabletten besonders bei geselligen Anl\u00e4ssen und Feierlichkeiten beliebt.<\/span><\/p>\n<h3><span style=\"font-weight: 400;\">v\u016fn\u011b a chu\u0165<\/span><\/h3>\n<p><span style=\"font-weight: 400;\">Da Ecstasy-Tabletten meist oral eingenommen werden, spielen Geruch und Geschmack eine weniger wichtige Rolle als bei anderen Substanzen. Die Tabletten k\u00f6nnen jedoch einen leicht bitteren Geschmack haben.<\/span><\/p>\n<p><span style=\"font-weight: 400;\">Medizinische Auswirkungen<\/span><\/p>\n<ul>\n<li><span style=\"font-weight: 400;\">Medizinische Auswirkungen<\/span><\/li>\n<li><span style=\"font-weight: 400;\">Gesteigerte Empathie und emotionale Verbundenheit<\/span><\/li>\n<li><span style=\"font-weight: 400;\">Gesteigerte Energie und Ausdauer<\/span><\/li>\n<li><span style=\"font-weight: 400;\">Pocit vnit\u0159n\u00edho klidu a spokojenosti<\/span><\/li>\n<li><span style=\"font-weight: 400;\">M\u016f\u017ee ulevit od<\/span><\/li>\n<li><span style=\"font-weight: 400;\">Soci\u00e1ln\u00edch z\u00e1bran<\/span><\/li>\n<li><span style=\"font-weight: 400;\">Pocitu \u00fazkosti a stresu<\/span><\/li>\n<li><span style=\"font-weight: 400;\">\u00danavy<\/span><\/li>\n<li><span style=\"font-weight: 400;\">U\u017e\u00edv\u00e1n\u00ed tablet ext\u00e1ze<\/span><\/li>\n<\/ul>\n<p><span style=\"font-weight: 400;\">Ecstasy wird haupts\u00e4chlich in gesellschaftlichen Kontexten wie Partys und Musikfestivals konsumiert, um die Stimmung zu heben und zwischenmenschliche Bindungen zu st\u00e4rken.<\/span><\/p>\n<h3><span style=\"font-weight: 400;\">Wie nimmt man Ecstasy-Tabletten ein?<\/span><\/h3>\n<p><span style=\"font-weight: 400;\">D\u00e1vkov\u00e1n\u00ed<\/span><\/p>\n<p><span style=\"font-weight: 400;\">Die \u00fcbliche Dosis von Ecstasy-Tabletten liegt zwischen 80 und 150 mg. <a href=\"https:\/\/en.wikipedia.org\/wiki\/MDMA\">MDMA<\/a> auf der Tablette. Es wird empfohlen, mit einer halben Tablette zu beginnen, um die Reaktion des K\u00f6rpers zu testen.<\/span><\/p>\n<h3><span style=\"font-weight: 400;\">Wie bewahrt man Ecstasy-Tabletten auf?<\/span><\/h3>\n<p><span style=\"font-weight: 400;\">Ecstasy-Tabletten sollten k\u00fchl und trocken gelagert werden, um ihre Wirkung zu erhalten. Sie sollten au\u00dferdem vor direkter Sonneneinstrahlung gesch\u00fctzt werden.<\/span><\/p>\n<h3><span style=\"font-weight: 400;\">Wie lange wirken Ecstasy-Tabletten?<\/span><\/h3>\n<p><span style=\"font-weight: 400;\">Die Wirkung von Ecstasy-Tabletten h\u00e4lt in der Regel 3 bis 6 Stunden an, abh\u00e4ngig von der Dosierung und individuellen Faktoren des Konsumenten.<\/span><\/p>\n<h3><span style=\"font-weight: 400;\">Warum sollte man Ecstasy-Tabletten von Psydera kaufen?<\/span><\/h3>\n<p><span style=\"font-weight: 400;\">Psydera bietet hochwertige Ecstasy-Tabletten, die strengen Qualit\u00e4tskontrollen unterzogen werden, um Sicherheit und Wirksamkeit zu gew\u00e4hrleisten. Kunden profitieren von einer schnellen und diskreten Lieferung.<\/span><\/p>\n<h3><span style=\"font-weight: 400;\">Rechtliche Bestimmungen bez\u00fcglich des Verkaufs von Ecstasy<\/span><\/h3>\n<p><span style=\"font-weight: 400;\">Der Verkauf und Besitz von Ecstasy-Tabletten ist in vielen L\u00e4ndern streng reguliert oder verboten. K\u00e4ufer sollten sich \u00fcber die Rechtslage in ihrem Land informieren und Ecstasy-Tabletten nur von lizenzierten Anbietern beziehen.<\/span><\/p>\n<p><span style=\"font-weight: 400;\">Entdecken Sie die stimmungsaufhellende und empathief\u00f6rdernde Wirkung von Ecstasy-Tabletten, die Sie bequem und sicher bei Psydera bestellen k\u00f6nnen. Profitieren Sie von Qualit\u00e4tsprodukten und exzellentem Kundenservice dieses vertrauensw\u00fcrdigen Online-H\u00e4ndlers.<\/span><\/p>","protected":false},"excerpt":{"rendered":"<p>Kupte si tablety ext\u00e1ze online Co je ext\u00e1ze? Ext\u00e1ze, zn\u00e1m\u00e1 jako MDMA (3,4-methylendioxy-N-methylamphetamin), je syntetick\u00e1 psychoaktivn\u00ed droga s podobn\u00fdmi \u00fa\u010dinky jako amfetaminy a halucinogeny. Ext\u00e1ze se b\u011b\u017en\u011b pou\u017e\u00edv\u00e1 na ve\u010d\u00edrc\u00edch a v klubech k navozen\u00ed euforie, zv\u00fd\u0161en\u00e9ho pocitu intimity a energie. Obvykle je k dispozici ve form\u011b tablet, ale lze ji konzumovat i jako pr\u00e1\u0161ek. [&hellip;]<\/p>","protected":false},"featured_media":5701,"comment_status":"open","ping_status":"closed","template":"","meta":{"_joinchat":[]},"product_cat":[418],"product_tag":[],"class_list":{"0":"post-5584","1":"product","2":"type-product","3":"status-publish","4":"has-post-thumbnail","6":"product_cat-vyzkumna-chemikalie","8":"first","9":"instock","10":"shipping-taxable","11":"purchasable","12":"product-type-variable"},"yoast_head":"<!-- This site is optimized with the Yoast SEO plugin v23.1 - https:\/\/yoast.com\/wordpress\/plugins\/seo\/ -->\n<title>Kupte si ext\u00e1zi (MDMA pilulku) online - Ext\u00e1ze na prodej<\/title>\n<meta name=\"description\" content=\"Pokud si chcete koupit ext\u00e1zi (MDMA pilulku), pak jsme pro v\u00e1s tou spr\u00e1vnou volbou. Na\u0161i zam\u011bstnanci v\u00e1m pomohou koupit ext\u00e1zi (MDMA pilulku) online za n\u00edzk\u00e9 ceny. Objednejte si u n\u00e1s!\" \/>\n<meta name=\"robots\" content=\"index, follow, max-snippet:-1, max-image-preview:large, max-video-preview:-1\" \/>\n<link rel=\"canonical\" href=\"https:\/\/narkoprasek.com\/de\/produkt\/koupit-extaze-pilulka-mdma-online\/\" \/>\n<meta property=\"og:locale\" content=\"de_DE\" \/>\n<meta property=\"og:type\" content=\"article\" \/>\n<meta property=\"og:title\" content=\"Kupte si ext\u00e1zi (MDMA pilulku) online - Ext\u00e1ze na prodej\" \/>\n<meta property=\"og:description\" content=\"Pokud si chcete koupit ext\u00e1zi (MDMA pilulku), pak jsme pro v\u00e1s tou spr\u00e1vnou volbou. Na\u0161i zam\u011bstnanci v\u00e1m pomohou koupit ext\u00e1zi (MDMA pilulku) online za n\u00edzk\u00e9 ceny. Objednejte si u n\u00e1s!\" \/>\n<meta property=\"og:url\" content=\"https:\/\/narkoprasek.com\/de\/produkt\/koupit-extaze-pilulka-mdma-online\/\" \/>\n<meta property=\"og:site_name\" content=\"Narko Pr\u00e1\u0161ek\" \/>\n<meta property=\"article:modified_time\" content=\"2026-03-17T05:20:08+00:00\" \/>\n<meta property=\"og:image\" content=\"https:\/\/narkoprasek.com\/wp-content\/uploads\/2025\/04\/Ecstasy-MDMA-Pillen.jpg\" \/>\n\t<meta property=\"og:image:width\" content=\"600\" \/>\n\t<meta property=\"og:image:height\" content=\"600\" \/>\n\t<meta property=\"og:image:type\" content=\"image\/jpeg\" \/>\n<meta name=\"twitter:card\" content=\"summary_large_image\" \/>\n<meta name=\"twitter:label1\" content=\"Gesch\u00e4tzte Lesezeit\" \/>\n\t<meta name=\"twitter:data1\" content=\"2\u00a0Minuten\" \/>\n<script type=\"application\/ld+json\" class=\"yoast-schema-graph\">{\"@context\":\"https:\/\/schema.org\",\"@graph\":[{\"@type\":\"WebPage\",\"@id\":\"https:\/\/narkoprasek.com\/produkt\/koupit-extaze-pilulka-mdma-online\/\",\"url\":\"https:\/\/narkoprasek.com\/produkt\/koupit-extaze-pilulka-mdma-online\/\",\"name\":\"Kupte si ext\u00e1zi (MDMA pilulku) online - Ext\u00e1ze na prodej\",\"isPartOf\":{\"@id\":\"https:\/\/narkoprasek.com\/#website\"},\"primaryImageOfPage\":{\"@id\":\"https:\/\/narkoprasek.com\/produkt\/koupit-extaze-pilulka-mdma-online\/#primaryimage\"},\"image\":{\"@id\":\"https:\/\/narkoprasek.com\/produkt\/koupit-extaze-pilulka-mdma-online\/#primaryimage\"},\"thumbnailUrl\":\"https:\/\/narkoprasek.com\/wp-content\/uploads\/2025\/04\/Ecstasy-MDMA-Pillen.jpg\",\"datePublished\":\"2025-04-26T11:25:43+00:00\",\"dateModified\":\"2026-03-17T05:20:08+00:00\",\"description\":\"Pokud si chcete koupit ext\u00e1zi (MDMA pilulku), pak jsme pro v\u00e1s tou spr\u00e1vnou volbou. Na\u0161i zam\u011bstnanci v\u00e1m pomohou koupit ext\u00e1zi (MDMA pilulku) online za n\u00edzk\u00e9 ceny. Objednejte si u n\u00e1s!\",\"breadcrumb\":{\"@id\":\"https:\/\/narkoprasek.com\/produkt\/koupit-extaze-pilulka-mdma-online\/#breadcrumb\"},\"inLanguage\":\"de\",\"potentialAction\":[{\"@type\":\"ReadAction\",\"target\":[\"https:\/\/narkoprasek.com\/produkt\/koupit-extaze-pilulka-mdma-online\/\"]}]},{\"@type\":\"ImageObject\",\"inLanguage\":\"de\",\"@id\":\"https:\/\/narkoprasek.com\/produkt\/koupit-extaze-pilulka-mdma-online\/#primaryimage\",\"url\":\"https:\/\/narkoprasek.com\/wp-content\/uploads\/2025\/04\/Ecstasy-MDMA-Pillen.jpg\",\"contentUrl\":\"https:\/\/narkoprasek.com\/wp-content\/uploads\/2025\/04\/Ecstasy-MDMA-Pillen.jpg\",\"width\":600,\"height\":600,\"caption\":\"Ecstasy-(MDMA-Pillen)\"},{\"@type\":\"BreadcrumbList\",\"@id\":\"https:\/\/narkoprasek.com\/produkt\/koupit-extaze-pilulka-mdma-online\/#breadcrumb\",\"itemListElement\":[{\"@type\":\"ListItem\",\"position\":1,\"name\":\"Home\",\"item\":\"https:\/\/narkoprasek.com\/\"},{\"@type\":\"ListItem\",\"position\":2,\"name\":\"Na\u0161e Produkty\",\"item\":\"https:\/\/narkoprasek.com\/shop\/\"},{\"@type\":\"ListItem\",\"position\":3,\"name\":\"Koupit Ext\u00e1ze (pilulka MDMA) online\"}]},{\"@type\":\"WebSite\",\"@id\":\"https:\/\/narkoprasek.com\/#website\",\"url\":\"https:\/\/narkoprasek.com\/\",\"name\":\"Narko Pr\u00e1\u0161ek\",\"description\":\"My WordPress Blog\",\"potentialAction\":[{\"@type\":\"SearchAction\",\"target\":{\"@type\":\"EntryPoint\",\"urlTemplate\":\"https:\/\/narkoprasek.com\/?s={search_term_string}\"},\"query-input\":\"required name=search_term_string\"}],\"inLanguage\":\"de\"}]}<\/script>\n<!-- \/ Yoast SEO plugin. -->","yoast_head_json":{"title":"Kupte si ext\u00e1zi (MDMA pilulku) online - Ext\u00e1ze na prodej","description":"Pokud si chcete koupit ext\u00e1zi (MDMA pilulku), pak jsme pro v\u00e1s tou spr\u00e1vnou volbou. Na\u0161i zam\u011bstnanci v\u00e1m pomohou koupit ext\u00e1zi (MDMA pilulku) online za n\u00edzk\u00e9 ceny. Objednejte si u n\u00e1s!","robots":{"index":"index","follow":"follow","max-snippet":"max-snippet:-1","max-image-preview":"max-image-preview:large","max-video-preview":"max-video-preview:-1"},"canonical":"https:\/\/narkoprasek.com\/de\/produkt\/koupit-extaze-pilulka-mdma-online\/","og_locale":"de_DE","og_type":"article","og_title":"Kupte si ext\u00e1zi (MDMA pilulku) online - Ext\u00e1ze na prodej","og_description":"Pokud si chcete koupit ext\u00e1zi (MDMA pilulku), pak jsme pro v\u00e1s tou spr\u00e1vnou volbou. Na\u0161i zam\u011bstnanci v\u00e1m pomohou koupit ext\u00e1zi (MDMA pilulku) online za n\u00edzk\u00e9 ceny. Objednejte si u n\u00e1s!","og_url":"https:\/\/narkoprasek.com\/de\/produkt\/koupit-extaze-pilulka-mdma-online\/","og_site_name":"Narko Pr\u00e1\u0161ek","article_modified_time":"2026-03-17T05:20:08+00:00","og_image":[{"width":600,"height":600,"url":"https:\/\/narkoprasek.com\/wp-content\/uploads\/2025\/04\/Ecstasy-MDMA-Pillen.jpg","type":"image\/jpeg"}],"twitter_card":"summary_large_image","twitter_misc":{"Gesch\u00e4tzte Lesezeit":"2\u00a0Minuten"},"schema":{"@context":"https:\/\/schema.org","@graph":[{"@type":"WebPage","@id":"https:\/\/narkoprasek.com\/produkt\/koupit-extaze-pilulka-mdma-online\/","url":"https:\/\/narkoprasek.com\/produkt\/koupit-extaze-pilulka-mdma-online\/","name":"Kupte si ext\u00e1zi (MDMA pilulku) online - Ext\u00e1ze na prodej","isPartOf":{"@id":"https:\/\/narkoprasek.com\/#website"},"primaryImageOfPage":{"@id":"https:\/\/narkoprasek.com\/produkt\/koupit-extaze-pilulka-mdma-online\/#primaryimage"},"image":{"@id":"https:\/\/narkoprasek.com\/produkt\/koupit-extaze-pilulka-mdma-online\/#primaryimage"},"thumbnailUrl":"https:\/\/narkoprasek.com\/wp-content\/uploads\/2025\/04\/Ecstasy-MDMA-Pillen.jpg","datePublished":"2025-04-26T11:25:43+00:00","dateModified":"2026-03-17T05:20:08+00:00","description":"Pokud si chcete koupit ext\u00e1zi (MDMA pilulku), pak jsme pro v\u00e1s tou spr\u00e1vnou volbou. Na\u0161i zam\u011bstnanci v\u00e1m pomohou koupit ext\u00e1zi (MDMA pilulku) online za n\u00edzk\u00e9 ceny. Objednejte si u n\u00e1s!","breadcrumb":{"@id":"https:\/\/narkoprasek.com\/produkt\/koupit-extaze-pilulka-mdma-online\/#breadcrumb"},"inLanguage":"de","potentialAction":[{"@type":"ReadAction","target":["https:\/\/narkoprasek.com\/produkt\/koupit-extaze-pilulka-mdma-online\/"]}]},{"@type":"ImageObject","inLanguage":"de","@id":"https:\/\/narkoprasek.com\/produkt\/koupit-extaze-pilulka-mdma-online\/#primaryimage","url":"https:\/\/narkoprasek.com\/wp-content\/uploads\/2025\/04\/Ecstasy-MDMA-Pillen.jpg","contentUrl":"https:\/\/narkoprasek.com\/wp-content\/uploads\/2025\/04\/Ecstasy-MDMA-Pillen.jpg","width":600,"height":600,"caption":"Ecstasy-(MDMA-Pillen)"},{"@type":"BreadcrumbList","@id":"https:\/\/narkoprasek.com\/produkt\/koupit-extaze-pilulka-mdma-online\/#breadcrumb","itemListElement":[{"@type":"ListItem","position":1,"name":"Home","item":"https:\/\/narkoprasek.com\/"},{"@type":"ListItem","position":2,"name":"Na\u0161e Produkty","item":"https:\/\/narkoprasek.com\/shop\/"},{"@type":"ListItem","position":3,"name":"Koupit Ext\u00e1ze (pilulka MDMA) online"}]},{"@type":"WebSite","@id":"https:\/\/narkoprasek.com\/#website","url":"https:\/\/narkoprasek.com\/","name":"Narko Pr\u00e1\u0161ek","description":"My WordPress Blog","potentialAction":[{"@type":"SearchAction","target":{"@type":"EntryPoint","urlTemplate":"https:\/\/narkoprasek.com\/?s={search_term_string}"},"query-input":"required name=search_term_string"}],"inLanguage":"de"}]}},"_links":{"self":[{"href":"https:\/\/narkoprasek.com\/de\/wp-json\/wp\/v2\/product\/5584","targetHints":{"allow":["GET"]}}],"collection":[{"href":"https:\/\/narkoprasek.com\/de\/wp-json\/wp\/v2\/product"}],"about":[{"href":"https:\/\/narkoprasek.com\/de\/wp-json\/wp\/v2\/types\/product"}],"replies":[{"embeddable":true,"href":"https:\/\/narkoprasek.com\/de\/wp-json\/wp\/v2\/comments?post=5584"}],"wp:featuredmedia":[{"embeddable":true,"href":"https:\/\/narkoprasek.com\/de\/wp-json\/wp\/v2\/media\/5701"}],"wp:attachment":[{"href":"https:\/\/narkoprasek.com\/de\/wp-json\/wp\/v2\/media?parent=5584"}],"wp:term":[{"taxonomy":"product_cat","embeddable":true,"href":"https:\/\/narkoprasek.com\/de\/wp-json\/wp\/v2\/product_cat?post=5584"},{"taxonomy":"product_tag","embeddable":true,"href":"https:\/\/narkoprasek.com\/de\/wp-json\/wp\/v2\/product_tag?post=5584"}],"curies":[{"name":"wp","href":"https:\/\/api.w.org\/{rel}","templated":true}]}}