{"id":5580,"date":"2025-04-26T11:30:38","date_gmt":"2025-04-26T11:30:38","guid":{"rendered":"https:\/\/narkoprasek.com\/?post_type=product&#038;p=5580"},"modified":"2025-11-05T07:40:03","modified_gmt":"2025-11-05T07:40:03","slug":"koupit-mdma-krystal-online","status":"publish","type":"product","link":"https:\/\/narkoprasek.com\/de\/produkt\/koupit-mdma-krystal-online\/","title":{"rendered":"Koupit MDMA krystal online"},"content":{"rendered":"<h2><span style=\"font-weight: 400;\">MDMA-KRISTALLE ONLINE KAUFEN: ALLES, WAS SIE WISSEN M\u00dcSSEN<\/span><\/h2>\n<p><span style=\"font-weight: 400;\"><a href=\"https:\/\/narkoprasek.com\/de\/produkt\/koupit-mdma-krystal-online\/\">Wenn Sie online nach MDMA-Kristallen suchen<\/a>MDMA Deals ist Ihre zuverl\u00e4ssige Quelle f\u00fcr hochwertige MDMA-Kristalle und andere MDMA-Produkte. Wir sind spezialisiert auf laborgepr\u00fcfte MDMA-Kristalle und garantieren Ihnen so ein reinstes und hochwirksames Produkt mit schneller und diskreter Lieferung. In diesem Ratgeber finden Sie alles Wissenswerte zum Online-Kauf von MDMA-Kristallen: Wo Sie kaufen k\u00f6nnen, wie der Kauf abl\u00e4uft und warum MDMA Deals Ihre beste Wahl ist.<\/span><\/p>\n<h3><span style=\"font-weight: 400;\">WAS SIND MDMA-KRISTALLE?<\/span><\/h3>\n<p><span style=\"font-weight: 400;\">MDMA-Kristalle, auch bekannt als Molly oder Ecstasy in seiner reinsten Form, sind eine starke psychoaktive Substanz, die h\u00e4ufig aufgrund ihrer euphorisierenden und empathogenen Wirkung konsumiert wird. Im Gegensatz zu gepressten MDMA-Pillen werden MDMA-Kristalle \u00fcblicherweise als Pulver verkauft, was ein konzentrierteres und reineres Erlebnis erm\u00f6glicht. <a href=\"https:\/\/en.wikipedia.org\/wiki\/MDMA\">MDMA<\/a> Crystal wird h\u00e4ufig zu Genusszwecken auf Partys, in Clubs und auf Musikfestivals konsumiert, gewinnt aber auch aufgrund seiner potenziellen therapeutischen Anwendung in kontrollierten Umgebungen zunehmend an Bedeutung. <a href=\"https:\/\/narkoprasek.com\/de\/\">Narkoprasek<\/a><\/span><\/p>\n<p><span style=\"font-weight: 400;\">Bei MDMA Deals bieten wir MDMA-Kristalle von h\u00f6chster Qualit\u00e4t an und stellen sicher, dass jedes Produkt im Labor auf Reinheit und Wirksamkeit gepr\u00fcft wird.<\/span><\/p>\n<h3><span style=\"font-weight: 400;\">WARUM SOLLTE MAN MDMA-KRISTALLE ONLINE BEI \u200b\u200bMDMA DEALS KAUFEN?<\/span><\/h3>\n<p><span style=\"font-weight: 400;\">Der Online-Kauf von MDMA-Kristallen bei MDMA Deals, einem vertrauensw\u00fcrdigen H\u00e4ndler mit Fokus auf Qualit\u00e4t und Kundenzufriedenheit, bietet viele Vorteile. Hier sind einige Gr\u00fcnde, warum Sie sich f\u00fcr uns entscheiden sollten:<\/span><\/p>\n<p><span style=\"font-weight: 400;\">Laborgepr\u00fcfte Produkte: Jede Charge MDMA-Kristalle wird strengen Tests unterzogen, um sicherzustellen, dass sie h\u00f6chsten Anspr\u00fcchen an Reinheit und Wirksamkeit gen\u00fcgt.<\/span><\/p>\n<p><span style=\"font-weight: 400;\">Schnelle und diskrete Lieferung: Wir legen Wert auf eine schnelle und sichere Lieferung und gew\u00e4hrleisten gleichzeitig Ihre Privatsph\u00e4re durch diskrete Verpackung.<\/span><\/p>\n<h3><span style=\"font-weight: 400;\">Wettbewerbsf\u00e4hige Preise: MDMA Deals bietet einige der besten Preise f\u00fcr MDMA-Kristalle, ohne Kompromisse bei der Qualit\u00e4t einzugehen.<\/span><\/h3>\n<p><span style=\"font-weight: 400;\">Bezpe\u010dn\u00e9 platebn\u00ed metody: P\u0159ij\u00edm\u00e1me r\u016fzn\u00e9 platebn\u00ed metody, v\u010detn\u011b kreditn\u00edch karet, kryptom\u011bn a dal\u0161\u00edch, abychom zajistili bezpe\u010dnou a snadnou transakci.<\/span><\/p>\n<p><span style=\"font-weight: 400;\">Kundenservice: Unser engagiertes Kundenservice-Team steht Ihnen jederzeit f\u00fcr Fragen und Anliegen zur Verf\u00fcgung.<\/span><\/p>\n<h3><span style=\"font-weight: 400;\">KDE KOUPIT KRYSTALY MDMA ONLINE?<\/span><\/h3>\n<p><span style=\"font-weight: 400;\">Pokud jde o n\u00e1kup krystal\u016f MDMA online, je nezbytn\u00e9 vybrat si renomovan\u00fd zdroj. MDMA Deals je nejlep\u0161\u00edm m\u00edstem pro n\u00e1kup krystal\u016f MDMA online d\u00edky na\u0161emu z\u00e1vazku ke kvalit\u011b produkt\u016f, z\u00e1kaznick\u00e9mu servisu a diskr\u00e9tn\u00ed doprav\u011b. Na rozd\u00edl od jin\u00fdch online zdroj\u016f, kter\u00e9 mohou nab\u00edzet netestovan\u00fd nebo pad\u011blan\u00fd MDMA, MDMA Deals zaru\u010duje, \u017ee ka\u017ed\u00fd produkt je laboratorn\u011b testov\u00e1n na \u010distotu.<\/span><\/p>\n<p><span style=\"font-weight: 400;\">MDMA Deals dod\u00e1v\u00e1 z\u00e1kazn\u00edk\u016fm po cel\u00e9m sv\u011bt\u011b, co\u017e zaji\u0161\u0165uje, \u017ee bez ohledu na to, kde se nach\u00e1z\u00edte, m\u00e1te p\u0159\u00edstup k vysoce kvalitn\u00edm krystal\u016fm MDMA. Na\u0161e webov\u00e9 str\u00e1nky se snadno ovl\u00e1daj\u00ed a n\u00e1\u0161 zabezpe\u010den\u00fd syst\u00e9m platby zaji\u0161\u0165uje, \u017ee v\u00e1\u0161 n\u00e1kup je soukrom\u00fd a bezpe\u010dn\u00fd.<\/span><\/p>\n<h3><span style=\"font-weight: 400;\">JAK KOUPIT KRYSTALY MDMA ONLINE<\/span><\/h3>\n<p><span style=\"font-weight: 400;\">N\u00e1kup krystal\u016f MDMA online od MDMA Deals je jednoduch\u00fd, bezpe\u010dn\u00fd a p\u0159\u00edmo\u010dar\u00fd. Postupujte podle t\u011bchto jednoduch\u00fdch krok\u016f pro zad\u00e1n\u00ed objedn\u00e1vky:<\/span><\/p>\n<p><span style=\"font-weight: 400;\">Prohl\u00e9dn\u011bte si v\u00fdb\u011br: Nav\u0161tivte na\u0161e webov\u00e9 str\u00e1nky a prohl\u00e9dn\u011bte si n\u00e1\u0161 \u0161irok\u00fd v\u00fdb\u011br krystal\u016f MDMA. Nab\u00edz\u00edme r\u016fzn\u00e1 mno\u017estv\u00ed a \u00farovn\u011b \u010distoty, abychom vyhov\u011bli va\u0161im pot\u0159eb\u00e1m.<\/span><\/p>\n<p><span style=\"font-weight: 400;\">P\u0159idat do ko\u0161\u00edku: Jakmile si vyberete po\u017eadovan\u00fd krystal MDMA, p\u0159idejte jej do n\u00e1kupn\u00edho ko\u0161\u00edku.<\/span><\/p>\n<p><span style=\"font-weight: 400;\">Bezpe\u010dn\u00e1 platba: Pokra\u010dujte k pokladn\u011b, kde si m\u016f\u017eete vybrat preferovan\u00fd zp\u016fsob platby. P\u0159ij\u00edm\u00e1me r\u016fzn\u00e9 platebn\u00ed mo\u017enosti, v\u010detn\u011b kreditn\u00edch karet a kryptom\u011bn.<\/span><\/p>\n<p><span style=\"font-weight: 400;\">Diskr\u00e9tn\u00ed doprava: Po dokon\u010den\u00ed objedn\u00e1vky zpracujeme v\u00e1\u0161 n\u00e1kup a diskr\u00e9tn\u011b v\u00e1m za\u0161leme v\u00e1\u0161 krystal MDMA na va\u0161i adresu.<\/span><\/p>","protected":false},"excerpt":{"rendered":"<p>KOUPIT MDMA KRYSTALY ONLINE: V\u0160E, CO POT\u0158EBUJETE V\u011aD\u011aT Pokud hled\u00e1te MDMA krystal online, MDMA Deals je va\u0161\u00edm d\u016fv\u011bryhodn\u00fdm zdrojem vysoce kvalitn\u00edch MDMA krystal\u016f a dal\u0161\u00edch forem MDMA produkt\u016f. Specializujeme se na poskytov\u00e1n\u00ed laboratorn\u011b testovan\u00fdch MDMA krystal\u016f, co\u017e v\u00e1m zaru\u010duje, \u017ee obdr\u017e\u00edte nej\u010dist\u0161\u00ed a nej\u00fa\u010dinn\u011bj\u0161\u00ed produkt s rychl\u00fdm a diskr\u00e9tn\u00edm doru\u010den\u00edm. V t\u00e9to p\u0159\u00edru\u010dce najdete v\u0161e, [&hellip;]<\/p>","protected":false},"featured_media":5697,"comment_status":"open","ping_status":"closed","template":"","meta":{"_joinchat":[]},"product_cat":[418],"product_tag":[],"class_list":{"0":"post-5580","1":"product","2":"type-product","3":"status-publish","4":"has-post-thumbnail","6":"product_cat-vyzkumna-chemikalie","8":"first","9":"instock","10":"shipping-taxable","11":"purchasable","12":"product-type-variable","13":"has-default-attributes"},"yoast_head":"<!-- This site is optimized with the Yoast SEO plugin v23.1 - https:\/\/yoast.com\/wordpress\/plugins\/seo\/ -->\n<title>Kupte si MDMA krystaly online - MDMA krystaly na prodej<\/title>\n<meta name=\"description\" content=\"V na\u0161em obchod\u011b Narkoprasek si m\u016f\u017eete koupit MDMA krystaly za n\u00edzk\u00e9 ceny. Zde si m\u016f\u017eete koupit MDMA krystaly online ve vysok\u00e9 kvalit\u011b z na\u0161eho obchodu s rychlou a bezpe\u010dnou dopravou. Objednejte si nyn\u00ed!\" \/>\n<meta name=\"robots\" content=\"index, follow, max-snippet:-1, max-image-preview:large, max-video-preview:-1\" \/>\n<link rel=\"canonical\" href=\"https:\/\/narkoprasek.com\/de\/produkt\/koupit-mdma-krystal-online\/\" \/>\n<meta property=\"og:locale\" content=\"de_DE\" \/>\n<meta property=\"og:type\" content=\"article\" \/>\n<meta property=\"og:title\" content=\"Kupte si MDMA krystaly online - MDMA krystaly na prodej\" \/>\n<meta property=\"og:description\" content=\"V na\u0161em obchod\u011b Narkoprasek si m\u016f\u017eete koupit MDMA krystaly za n\u00edzk\u00e9 ceny. Zde si m\u016f\u017eete koupit MDMA krystaly online ve vysok\u00e9 kvalit\u011b z na\u0161eho obchodu s rychlou a bezpe\u010dnou dopravou. Objednejte si nyn\u00ed!\" \/>\n<meta property=\"og:url\" content=\"https:\/\/narkoprasek.com\/de\/produkt\/koupit-mdma-krystal-online\/\" \/>\n<meta property=\"og:site_name\" content=\"Narko Pr\u00e1\u0161ek\" \/>\n<meta property=\"article:modified_time\" content=\"2025-11-05T07:40:03+00:00\" \/>\n<meta property=\"og:image\" content=\"https:\/\/narkoprasek.com\/wp-content\/uploads\/2025\/04\/MDMA-Kristalle.jpg\" \/>\n\t<meta property=\"og:image:width\" content=\"600\" \/>\n\t<meta property=\"og:image:height\" content=\"600\" \/>\n\t<meta property=\"og:image:type\" content=\"image\/jpeg\" \/>\n<meta name=\"twitter:card\" content=\"summary_large_image\" \/>\n<meta name=\"twitter:label1\" content=\"Gesch\u00e4tzte Lesezeit\" \/>\n\t<meta name=\"twitter:data1\" content=\"3\u00a0Minuten\" \/>\n<script type=\"application\/ld+json\" class=\"yoast-schema-graph\">{\"@context\":\"https:\/\/schema.org\",\"@graph\":[{\"@type\":\"WebPage\",\"@id\":\"https:\/\/narkoprasek.com\/produkt\/koupit-mdma-krystal-online\/\",\"url\":\"https:\/\/narkoprasek.com\/produkt\/koupit-mdma-krystal-online\/\",\"name\":\"Kupte si MDMA krystaly online - MDMA krystaly na prodej\",\"isPartOf\":{\"@id\":\"https:\/\/narkoprasek.com\/#website\"},\"primaryImageOfPage\":{\"@id\":\"https:\/\/narkoprasek.com\/produkt\/koupit-mdma-krystal-online\/#primaryimage\"},\"image\":{\"@id\":\"https:\/\/narkoprasek.com\/produkt\/koupit-mdma-krystal-online\/#primaryimage\"},\"thumbnailUrl\":\"https:\/\/narkoprasek.com\/wp-content\/uploads\/2025\/04\/MDMA-Kristalle.jpg\",\"datePublished\":\"2025-04-26T11:30:38+00:00\",\"dateModified\":\"2025-11-05T07:40:03+00:00\",\"description\":\"V na\u0161em obchod\u011b Narkoprasek si m\u016f\u017eete koupit MDMA krystaly za n\u00edzk\u00e9 ceny. Zde si m\u016f\u017eete koupit MDMA krystaly online ve vysok\u00e9 kvalit\u011b z na\u0161eho obchodu s rychlou a bezpe\u010dnou dopravou. Objednejte si nyn\u00ed!\",\"breadcrumb\":{\"@id\":\"https:\/\/narkoprasek.com\/produkt\/koupit-mdma-krystal-online\/#breadcrumb\"},\"inLanguage\":\"de\",\"potentialAction\":[{\"@type\":\"ReadAction\",\"target\":[\"https:\/\/narkoprasek.com\/produkt\/koupit-mdma-krystal-online\/\"]}]},{\"@type\":\"ImageObject\",\"inLanguage\":\"de\",\"@id\":\"https:\/\/narkoprasek.com\/produkt\/koupit-mdma-krystal-online\/#primaryimage\",\"url\":\"https:\/\/narkoprasek.com\/wp-content\/uploads\/2025\/04\/MDMA-Kristalle.jpg\",\"contentUrl\":\"https:\/\/narkoprasek.com\/wp-content\/uploads\/2025\/04\/MDMA-Kristalle.jpg\",\"width\":600,\"height\":600,\"caption\":\"MDMA-Kristalle\"},{\"@type\":\"BreadcrumbList\",\"@id\":\"https:\/\/narkoprasek.com\/produkt\/koupit-mdma-krystal-online\/#breadcrumb\",\"itemListElement\":[{\"@type\":\"ListItem\",\"position\":1,\"name\":\"Home\",\"item\":\"https:\/\/narkoprasek.com\/\"},{\"@type\":\"ListItem\",\"position\":2,\"name\":\"Na\u0161e Produkty\",\"item\":\"https:\/\/narkoprasek.com\/shop\/\"},{\"@type\":\"ListItem\",\"position\":3,\"name\":\"Koupit MDMA krystal online\"}]},{\"@type\":\"WebSite\",\"@id\":\"https:\/\/narkoprasek.com\/#website\",\"url\":\"https:\/\/narkoprasek.com\/\",\"name\":\"Narko Pr\u00e1\u0161ek\",\"description\":\"My WordPress Blog\",\"potentialAction\":[{\"@type\":\"SearchAction\",\"target\":{\"@type\":\"EntryPoint\",\"urlTemplate\":\"https:\/\/narkoprasek.com\/?s={search_term_string}\"},\"query-input\":\"required name=search_term_string\"}],\"inLanguage\":\"de\"}]}<\/script>\n<!-- \/ Yoast SEO plugin. -->","yoast_head_json":{"title":"Kupte si MDMA krystaly online - MDMA krystaly na prodej","description":"V na\u0161em obchod\u011b Narkoprasek si m\u016f\u017eete koupit MDMA krystaly za n\u00edzk\u00e9 ceny. Zde si m\u016f\u017eete koupit MDMA krystaly online ve vysok\u00e9 kvalit\u011b z na\u0161eho obchodu s rychlou a bezpe\u010dnou dopravou. Objednejte si nyn\u00ed!","robots":{"index":"index","follow":"follow","max-snippet":"max-snippet:-1","max-image-preview":"max-image-preview:large","max-video-preview":"max-video-preview:-1"},"canonical":"https:\/\/narkoprasek.com\/de\/produkt\/koupit-mdma-krystal-online\/","og_locale":"de_DE","og_type":"article","og_title":"Kupte si MDMA krystaly online - MDMA krystaly na prodej","og_description":"V na\u0161em obchod\u011b Narkoprasek si m\u016f\u017eete koupit MDMA krystaly za n\u00edzk\u00e9 ceny. Zde si m\u016f\u017eete koupit MDMA krystaly online ve vysok\u00e9 kvalit\u011b z na\u0161eho obchodu s rychlou a bezpe\u010dnou dopravou. Objednejte si nyn\u00ed!","og_url":"https:\/\/narkoprasek.com\/de\/produkt\/koupit-mdma-krystal-online\/","og_site_name":"Narko Pr\u00e1\u0161ek","article_modified_time":"2025-11-05T07:40:03+00:00","og_image":[{"width":600,"height":600,"url":"https:\/\/narkoprasek.com\/wp-content\/uploads\/2025\/04\/MDMA-Kristalle.jpg","type":"image\/jpeg"}],"twitter_card":"summary_large_image","twitter_misc":{"Gesch\u00e4tzte Lesezeit":"3\u00a0Minuten"},"schema":{"@context":"https:\/\/schema.org","@graph":[{"@type":"WebPage","@id":"https:\/\/narkoprasek.com\/produkt\/koupit-mdma-krystal-online\/","url":"https:\/\/narkoprasek.com\/produkt\/koupit-mdma-krystal-online\/","name":"Kupte si MDMA krystaly online - MDMA krystaly na prodej","isPartOf":{"@id":"https:\/\/narkoprasek.com\/#website"},"primaryImageOfPage":{"@id":"https:\/\/narkoprasek.com\/produkt\/koupit-mdma-krystal-online\/#primaryimage"},"image":{"@id":"https:\/\/narkoprasek.com\/produkt\/koupit-mdma-krystal-online\/#primaryimage"},"thumbnailUrl":"https:\/\/narkoprasek.com\/wp-content\/uploads\/2025\/04\/MDMA-Kristalle.jpg","datePublished":"2025-04-26T11:30:38+00:00","dateModified":"2025-11-05T07:40:03+00:00","description":"V na\u0161em obchod\u011b Narkoprasek si m\u016f\u017eete koupit MDMA krystaly za n\u00edzk\u00e9 ceny. Zde si m\u016f\u017eete koupit MDMA krystaly online ve vysok\u00e9 kvalit\u011b z na\u0161eho obchodu s rychlou a bezpe\u010dnou dopravou. Objednejte si nyn\u00ed!","breadcrumb":{"@id":"https:\/\/narkoprasek.com\/produkt\/koupit-mdma-krystal-online\/#breadcrumb"},"inLanguage":"de","potentialAction":[{"@type":"ReadAction","target":["https:\/\/narkoprasek.com\/produkt\/koupit-mdma-krystal-online\/"]}]},{"@type":"ImageObject","inLanguage":"de","@id":"https:\/\/narkoprasek.com\/produkt\/koupit-mdma-krystal-online\/#primaryimage","url":"https:\/\/narkoprasek.com\/wp-content\/uploads\/2025\/04\/MDMA-Kristalle.jpg","contentUrl":"https:\/\/narkoprasek.com\/wp-content\/uploads\/2025\/04\/MDMA-Kristalle.jpg","width":600,"height":600,"caption":"MDMA-Kristalle"},{"@type":"BreadcrumbList","@id":"https:\/\/narkoprasek.com\/produkt\/koupit-mdma-krystal-online\/#breadcrumb","itemListElement":[{"@type":"ListItem","position":1,"name":"Home","item":"https:\/\/narkoprasek.com\/"},{"@type":"ListItem","position":2,"name":"Na\u0161e Produkty","item":"https:\/\/narkoprasek.com\/shop\/"},{"@type":"ListItem","position":3,"name":"Koupit MDMA krystal online"}]},{"@type":"WebSite","@id":"https:\/\/narkoprasek.com\/#website","url":"https:\/\/narkoprasek.com\/","name":"Narko Pr\u00e1\u0161ek","description":"My WordPress Blog","potentialAction":[{"@type":"SearchAction","target":{"@type":"EntryPoint","urlTemplate":"https:\/\/narkoprasek.com\/?s={search_term_string}"},"query-input":"required name=search_term_string"}],"inLanguage":"de"}]}},"_links":{"self":[{"href":"https:\/\/narkoprasek.com\/de\/wp-json\/wp\/v2\/product\/5580","targetHints":{"allow":["GET"]}}],"collection":[{"href":"https:\/\/narkoprasek.com\/de\/wp-json\/wp\/v2\/product"}],"about":[{"href":"https:\/\/narkoprasek.com\/de\/wp-json\/wp\/v2\/types\/product"}],"replies":[{"embeddable":true,"href":"https:\/\/narkoprasek.com\/de\/wp-json\/wp\/v2\/comments?post=5580"}],"wp:featuredmedia":[{"embeddable":true,"href":"https:\/\/narkoprasek.com\/de\/wp-json\/wp\/v2\/media\/5697"}],"wp:attachment":[{"href":"https:\/\/narkoprasek.com\/de\/wp-json\/wp\/v2\/media?parent=5580"}],"wp:term":[{"taxonomy":"product_cat","embeddable":true,"href":"https:\/\/narkoprasek.com\/de\/wp-json\/wp\/v2\/product_cat?post=5580"},{"taxonomy":"product_tag","embeddable":true,"href":"https:\/\/narkoprasek.com\/de\/wp-json\/wp\/v2\/product_tag?post=5580"}],"curies":[{"name":"wp","href":"https:\/\/api.w.org\/{rel}","templated":true}]}}