{"id":5578,"date":"2025-04-26T11:33:03","date_gmt":"2025-04-26T11:33:03","guid":{"rendered":"https:\/\/narkoprasek.com\/?post_type=product&#038;p=5578"},"modified":"2025-04-28T05:49:26","modified_gmt":"2025-04-28T05:49:26","slug":"koupit-mefedron-4-mmc-online","status":"publish","type":"product","link":"https:\/\/narkoprasek.com\/de\/produkt\/koupit-mefedron-4-mmc-online\/","title":{"rendered":"Koupit mefedron (4-MMC) online"},"content":{"rendered":"<h2><span style=\"font-weight: 400;\">Kupte si 4-MMC online na Narkoprasek<\/span><\/h2>\n<p><span style=\"font-weight: 400;\"><a href=\"https:\/\/en.wikipedia.org\/wiki\/4-Methylcathinone\">4-MMC (4-methylmethcathinon)<\/a>, tak\u00e9 zn\u00e1m\u00fd jako mefedron, je syntetick\u00e1 slou\u010denina ve t\u0159\u00edd\u011b kathinon\u016f, \u0161iroce uzn\u00e1van\u00e1 pro sv\u00e9 stimula\u010dn\u00ed vlastnosti. Z\u00edskala z\u00e1jem jak pro v\u00fdzkumn\u00e9 \u00fa\u010dely, tak pro osobn\u00ed zkoum\u00e1n\u00ed. 4-MMC je zn\u00e1m\u00fd svou jedine\u010dnou chemickou strukturou, d\u00edky \u010demu\u017e je obl\u00edbenou volbou mezi v\u00fdzkumn\u00edky a jednotlivci hledaj\u00edc\u00edmi spolehliv\u00e9 slou\u010deniny pro studium nebo kontrolovan\u00e9 z\u00e1\u017eitky. V narkoprasek poskytujeme vysoce kvalitn\u00ed 4-MMC a zaji\u0161\u0165ujeme spokojenost z\u00e1kazn\u00edk\u016f s bezpe\u010dn\u00fdmi transakcemi, diskr\u00e9tn\u00edm balen\u00edm a rychl\u00fdm dod\u00e1n\u00edm. <a href=\"https:\/\/narkoprasek.com\/de\/produkt\/koupit-mefedron-4-mmc-online\/\">Kupte si 4-MMC<\/a>.<\/span><\/p>\n<h3><span style=\"font-weight: 400;\">Aplikace a pou\u017eit\u00ed 4-MMC<\/span><\/h3>\n<p><span style=\"font-weight: 400;\">V\u011bdeck\u00fd v\u00fdzkum a v\u00fdvoj<\/span><\/p>\n<p><span style=\"font-weight: 400;\">4-MMC se \u010dasto pou\u017e\u00edv\u00e1 ve v\u00fdzkumu ke studiu jeho \u00fa\u010dink\u016f, chemick\u00fdch interakc\u00ed a potenci\u00e1ln\u00edch aplikac\u00ed. Laborato\u0159e \u010dasto zkoumaj\u00ed jeho roli v rodin\u011b kathinon\u016f pro akademick\u00e9 a farmakologick\u00e9 \u00fa\u010dely. <a href=\"https:\/\/narkoprasek.com\/de\/\">Narkoprasek<\/a><\/span><\/p>\n<h3><span style=\"font-weight: 400;\">Pr\u016fzkum a senzorick\u00e9 studium<\/span><\/h3>\n<p><span style=\"font-weight: 400;\">4-MMC je obl\u00edben\u00fd pro sv\u00e9 senzorick\u00e9 vlastnosti a jednotlivci ho pou\u017e\u00edvaj\u00ed k osobn\u00edmu zkoum\u00e1n\u00ed v bezpe\u010dn\u00e9m a kontrolovan\u00e9m prost\u0159ed\u00ed.<\/span><\/p>\n<h3><span style=\"font-weight: 400;\">Akademick\u00fd a farmakologick\u00fd z\u00e1jem<\/span><\/h3>\n<p><span style=\"font-weight: 400;\">D\u00edky sv\u00e9 jedine\u010dn\u00e9 struktu\u0159e je 4-MMC zahrnut v akademick\u00fdch studi\u00edch deriv\u00e1t\u016f kathinonu a nab\u00edz\u00ed vhled do jejich vlastnost\u00ed a potenci\u00e1ln\u00edho vyu\u017eit\u00ed.<\/span><\/p>\n<h3><span style=\"font-weight: 400;\">Pro\u010d koupit 4-MMC od narkoprasek?<\/span><\/h3>\n<p><span style=\"font-weight: 400;\">V narkoprasek se zavazujeme poskytovat produkty nejvy\u0161\u0161\u00ed kvality a v\u00fdjime\u010dn\u00e9 slu\u017eby, kter\u00e9 spl\u0148uj\u00ed va\u0161e pot\u0159eby.<\/span><\/p>\n<h3><span style=\"font-weight: 400;\">Vysoce kvalitn\u00ed 4-MMC<\/span><\/h3>\n<p><span style=\"font-weight: 400;\">N\u00e1\u0161 4-MMC je z\u00edsk\u00e1v\u00e1n s p\u00e9\u010d\u00ed a testov\u00e1n na \u010distotu a konzistenci, co\u017e zaji\u0161\u0165uje jeho vhodnost pro v\u00fdzkum a osobn\u00ed zkoum\u00e1n\u00ed.<\/span><\/p>\n<h3><span style=\"font-weight: 400;\">Bezpe\u010dn\u00e9 a diskr\u00e9tn\u00ed transakce<\/span><\/h3>\n<p><span style=\"font-weight: 400;\">Up\u0159ednost\u0148ujeme soukrom\u00ed z\u00e1kazn\u00edk\u016f t\u00edm, \u017ee nab\u00edz\u00edme diskr\u00e9tn\u00ed balen\u00ed a bezpe\u010dn\u00e9 platebn\u00ed metody pro v\u0161echny objedn\u00e1vky.<\/span><\/p>\n<h3><span style=\"font-weight: 400;\">Rychl\u00e9 a spolehliv\u00e9 dod\u00e1n\u00ed<\/span><\/h3>\n<p><span style=\"font-weight: 400;\">D\u00edky na\u0161\u00ed efektivn\u00ed logistick\u00e9 s\u00edti zaji\u0161\u0165ujeme, aby byl v\u00e1\u0161 4-MMC doru\u010den v\u010das na v\u00e1mi ur\u010den\u00e9 m\u00edsto, abyste se mohli soust\u0159edit na sv\u016fj v\u00fdzkum nebo projekty.<\/span><\/p>\n<h3><span style=\"font-weight: 400;\">Cenovo dostupn\u00e9 a transparentn\u00ed ceny<\/span><\/h3>\n<p><span style=\"font-weight: 400;\">Nab\u00edz\u00edme konkurenceschopn\u00e9 ceny bez kompromis\u016f v kvalit\u011b na\u0161eho 4-MMC, co\u017e na\u0161im z\u00e1kazn\u00edk\u016fm zaji\u0161\u0165uje skv\u011blou hodnotu.<\/span><\/p>\n<h3><span style=\"font-weight: 400;\">Kupte si 4-MMC online je\u0161t\u011b dnes<\/span><\/h3>\n<p><span style=\"font-weight: 400;\">Hled\u00e1te d\u016fv\u011bryhodn\u00fd zdroj 4-MMC? V narkoprasek nab\u00edz\u00edme pr\u00e9miov\u00e9 4-MMC pro v\u00fdzkumn\u00edky i objevitele. D\u00edky rychl\u00e9mu doru\u010den\u00ed, bezpe\u010dn\u00fdm transakc\u00edm a spolehliv\u00e9 z\u00e1kaznick\u00e9 podpo\u0159e zaji\u0161\u0165ujeme bezprobl\u00e9mov\u00fd n\u00e1kup. Kupte si 4-MMC online hned te\u010f a objevte kvalitu a spolehlivost narkoprasek.<\/span><\/p>","protected":false},"excerpt":{"rendered":"<p>Kupte si 4-MMC online na Narkoprasek 4-MMC (4-methylmethcathinon), tak\u00e9 zn\u00e1m\u00fd jako mefedron, je syntetick\u00e1 slou\u010denina ve t\u0159\u00edd\u011b kathinon\u016f, \u0161iroce uzn\u00e1van\u00e1 pro sv\u00e9 stimula\u010dn\u00ed vlastnosti. Z\u00edskala z\u00e1jem jak pro v\u00fdzkumn\u00e9 \u00fa\u010dely, tak pro osobn\u00ed zkoum\u00e1n\u00ed. 4-MMC je zn\u00e1m\u00fd svou jedine\u010dnou chemickou strukturou, d\u00edky \u010demu\u017e je obl\u00edbenou volbou mezi v\u00fdzkumn\u00edky a jednotlivci hledaj\u00edc\u00edmi spolehliv\u00e9 slou\u010deniny pro studium [&hellip;]<\/p>","protected":false},"featured_media":5692,"comment_status":"open","ping_status":"closed","template":"","meta":{"_joinchat":[]},"product_cat":[418],"product_tag":[],"class_list":{"0":"post-5578","1":"product","2":"type-product","3":"status-publish","4":"has-post-thumbnail","6":"product_cat-vyzkumna-chemikalie","8":"first","9":"instock","10":"shipping-taxable","11":"purchasable","12":"product-type-variable"},"yoast_head":"<!-- This site is optimized with the Yoast SEO plugin v23.1 - https:\/\/yoast.com\/wordpress\/plugins\/seo\/ -->\n<title>Koupit mefedron (4-MMC) online - mefedron na prodej<\/title>\n<meta name=\"description\" content=\"Kde koupit mefedron (4-MMC) online za nejlep\u0161\u00ed cenu? Najd\u011bte vysoce kvalitn\u00ed mefedron na prodej v na\u0161em zabezpe\u010den\u00e9m internetov\u00e9m obchod\u011b, kter\u00fd uspokoj\u00ed va\u0161e v\u00fdzkumn\u00e9 po\u017eadavky. Objednejte si nyn\u00ed!\" \/>\n<meta name=\"robots\" content=\"index, follow, max-snippet:-1, max-image-preview:large, max-video-preview:-1\" \/>\n<link rel=\"canonical\" href=\"https:\/\/narkoprasek.com\/de\/produkt\/koupit-mefedron-4-mmc-online\/\" \/>\n<meta property=\"og:locale\" content=\"de_DE\" \/>\n<meta property=\"og:type\" content=\"article\" \/>\n<meta property=\"og:title\" content=\"Koupit mefedron (4-MMC) online - mefedron na prodej\" \/>\n<meta property=\"og:description\" content=\"Kde koupit mefedron (4-MMC) online za nejlep\u0161\u00ed cenu? Najd\u011bte vysoce kvalitn\u00ed mefedron na prodej v na\u0161em zabezpe\u010den\u00e9m internetov\u00e9m obchod\u011b, kter\u00fd uspokoj\u00ed va\u0161e v\u00fdzkumn\u00e9 po\u017eadavky. Objednejte si nyn\u00ed!\" \/>\n<meta property=\"og:url\" content=\"https:\/\/narkoprasek.com\/de\/produkt\/koupit-mefedron-4-mmc-online\/\" \/>\n<meta property=\"og:site_name\" content=\"Narko Pr\u00e1\u0161ek\" \/>\n<meta property=\"article:modified_time\" content=\"2025-04-28T05:49:26+00:00\" \/>\n<meta property=\"og:image\" content=\"https:\/\/narkoprasek.com\/wp-content\/uploads\/2025\/04\/Mephedron-4-MMC.jpg\" \/>\n\t<meta property=\"og:image:width\" content=\"600\" \/>\n\t<meta property=\"og:image:height\" content=\"600\" \/>\n\t<meta property=\"og:image:type\" content=\"image\/jpeg\" \/>\n<meta name=\"twitter:card\" content=\"summary_large_image\" \/>\n<meta name=\"twitter:label1\" content=\"Gesch\u00e4tzte Lesezeit\" \/>\n\t<meta name=\"twitter:data1\" content=\"2\u00a0Minuten\" \/>\n<script type=\"application\/ld+json\" class=\"yoast-schema-graph\">{\"@context\":\"https:\/\/schema.org\",\"@graph\":[{\"@type\":\"WebPage\",\"@id\":\"https:\/\/narkoprasek.com\/produkt\/koupit-mefedron-4-mmc-online\/\",\"url\":\"https:\/\/narkoprasek.com\/produkt\/koupit-mefedron-4-mmc-online\/\",\"name\":\"Koupit mefedron (4-MMC) online - mefedron na prodej\",\"isPartOf\":{\"@id\":\"https:\/\/narkoprasek.com\/#website\"},\"primaryImageOfPage\":{\"@id\":\"https:\/\/narkoprasek.com\/produkt\/koupit-mefedron-4-mmc-online\/#primaryimage\"},\"image\":{\"@id\":\"https:\/\/narkoprasek.com\/produkt\/koupit-mefedron-4-mmc-online\/#primaryimage\"},\"thumbnailUrl\":\"https:\/\/narkoprasek.com\/wp-content\/uploads\/2025\/04\/Mephedron-4-MMC.jpg\",\"datePublished\":\"2025-04-26T11:33:03+00:00\",\"dateModified\":\"2025-04-28T05:49:26+00:00\",\"description\":\"Kde koupit mefedron (4-MMC) online za nejlep\u0161\u00ed cenu? Najd\u011bte vysoce kvalitn\u00ed mefedron na prodej v na\u0161em zabezpe\u010den\u00e9m internetov\u00e9m obchod\u011b, kter\u00fd uspokoj\u00ed va\u0161e v\u00fdzkumn\u00e9 po\u017eadavky. Objednejte si nyn\u00ed!\",\"breadcrumb\":{\"@id\":\"https:\/\/narkoprasek.com\/produkt\/koupit-mefedron-4-mmc-online\/#breadcrumb\"},\"inLanguage\":\"de\",\"potentialAction\":[{\"@type\":\"ReadAction\",\"target\":[\"https:\/\/narkoprasek.com\/produkt\/koupit-mefedron-4-mmc-online\/\"]}]},{\"@type\":\"ImageObject\",\"inLanguage\":\"de\",\"@id\":\"https:\/\/narkoprasek.com\/produkt\/koupit-mefedron-4-mmc-online\/#primaryimage\",\"url\":\"https:\/\/narkoprasek.com\/wp-content\/uploads\/2025\/04\/Mephedron-4-MMC.jpg\",\"contentUrl\":\"https:\/\/narkoprasek.com\/wp-content\/uploads\/2025\/04\/Mephedron-4-MMC.jpg\",\"width\":600,\"height\":600,\"caption\":\"Mephedron-(4-MMC)\"},{\"@type\":\"BreadcrumbList\",\"@id\":\"https:\/\/narkoprasek.com\/produkt\/koupit-mefedron-4-mmc-online\/#breadcrumb\",\"itemListElement\":[{\"@type\":\"ListItem\",\"position\":1,\"name\":\"Home\",\"item\":\"https:\/\/narkoprasek.com\/\"},{\"@type\":\"ListItem\",\"position\":2,\"name\":\"Na\u0161e Produkty\",\"item\":\"https:\/\/narkoprasek.com\/shop\/\"},{\"@type\":\"ListItem\",\"position\":3,\"name\":\"Koupit mefedron (4-MMC) online\"}]},{\"@type\":\"WebSite\",\"@id\":\"https:\/\/narkoprasek.com\/#website\",\"url\":\"https:\/\/narkoprasek.com\/\",\"name\":\"Narko Pr\u00e1\u0161ek\",\"description\":\"My WordPress Blog\",\"potentialAction\":[{\"@type\":\"SearchAction\",\"target\":{\"@type\":\"EntryPoint\",\"urlTemplate\":\"https:\/\/narkoprasek.com\/?s={search_term_string}\"},\"query-input\":\"required name=search_term_string\"}],\"inLanguage\":\"de\"}]}<\/script>\n<!-- \/ Yoast SEO plugin. -->","yoast_head_json":{"title":"Koupit mefedron (4-MMC) online - mefedron na prodej","description":"Kde koupit mefedron (4-MMC) online za nejlep\u0161\u00ed cenu? Najd\u011bte vysoce kvalitn\u00ed mefedron na prodej v na\u0161em zabezpe\u010den\u00e9m internetov\u00e9m obchod\u011b, kter\u00fd uspokoj\u00ed va\u0161e v\u00fdzkumn\u00e9 po\u017eadavky. Objednejte si nyn\u00ed!","robots":{"index":"index","follow":"follow","max-snippet":"max-snippet:-1","max-image-preview":"max-image-preview:large","max-video-preview":"max-video-preview:-1"},"canonical":"https:\/\/narkoprasek.com\/de\/produkt\/koupit-mefedron-4-mmc-online\/","og_locale":"de_DE","og_type":"article","og_title":"Koupit mefedron (4-MMC) online - mefedron na prodej","og_description":"Kde koupit mefedron (4-MMC) online za nejlep\u0161\u00ed cenu? Najd\u011bte vysoce kvalitn\u00ed mefedron na prodej v na\u0161em zabezpe\u010den\u00e9m internetov\u00e9m obchod\u011b, kter\u00fd uspokoj\u00ed va\u0161e v\u00fdzkumn\u00e9 po\u017eadavky. Objednejte si nyn\u00ed!","og_url":"https:\/\/narkoprasek.com\/de\/produkt\/koupit-mefedron-4-mmc-online\/","og_site_name":"Narko Pr\u00e1\u0161ek","article_modified_time":"2025-04-28T05:49:26+00:00","og_image":[{"width":600,"height":600,"url":"https:\/\/narkoprasek.com\/wp-content\/uploads\/2025\/04\/Mephedron-4-MMC.jpg","type":"image\/jpeg"}],"twitter_card":"summary_large_image","twitter_misc":{"Gesch\u00e4tzte Lesezeit":"2\u00a0Minuten"},"schema":{"@context":"https:\/\/schema.org","@graph":[{"@type":"WebPage","@id":"https:\/\/narkoprasek.com\/produkt\/koupit-mefedron-4-mmc-online\/","url":"https:\/\/narkoprasek.com\/produkt\/koupit-mefedron-4-mmc-online\/","name":"Koupit mefedron (4-MMC) online - mefedron na prodej","isPartOf":{"@id":"https:\/\/narkoprasek.com\/#website"},"primaryImageOfPage":{"@id":"https:\/\/narkoprasek.com\/produkt\/koupit-mefedron-4-mmc-online\/#primaryimage"},"image":{"@id":"https:\/\/narkoprasek.com\/produkt\/koupit-mefedron-4-mmc-online\/#primaryimage"},"thumbnailUrl":"https:\/\/narkoprasek.com\/wp-content\/uploads\/2025\/04\/Mephedron-4-MMC.jpg","datePublished":"2025-04-26T11:33:03+00:00","dateModified":"2025-04-28T05:49:26+00:00","description":"Kde koupit mefedron (4-MMC) online za nejlep\u0161\u00ed cenu? Najd\u011bte vysoce kvalitn\u00ed mefedron na prodej v na\u0161em zabezpe\u010den\u00e9m internetov\u00e9m obchod\u011b, kter\u00fd uspokoj\u00ed va\u0161e v\u00fdzkumn\u00e9 po\u017eadavky. Objednejte si nyn\u00ed!","breadcrumb":{"@id":"https:\/\/narkoprasek.com\/produkt\/koupit-mefedron-4-mmc-online\/#breadcrumb"},"inLanguage":"de","potentialAction":[{"@type":"ReadAction","target":["https:\/\/narkoprasek.com\/produkt\/koupit-mefedron-4-mmc-online\/"]}]},{"@type":"ImageObject","inLanguage":"de","@id":"https:\/\/narkoprasek.com\/produkt\/koupit-mefedron-4-mmc-online\/#primaryimage","url":"https:\/\/narkoprasek.com\/wp-content\/uploads\/2025\/04\/Mephedron-4-MMC.jpg","contentUrl":"https:\/\/narkoprasek.com\/wp-content\/uploads\/2025\/04\/Mephedron-4-MMC.jpg","width":600,"height":600,"caption":"Mephedron-(4-MMC)"},{"@type":"BreadcrumbList","@id":"https:\/\/narkoprasek.com\/produkt\/koupit-mefedron-4-mmc-online\/#breadcrumb","itemListElement":[{"@type":"ListItem","position":1,"name":"Home","item":"https:\/\/narkoprasek.com\/"},{"@type":"ListItem","position":2,"name":"Na\u0161e Produkty","item":"https:\/\/narkoprasek.com\/shop\/"},{"@type":"ListItem","position":3,"name":"Koupit mefedron (4-MMC) online"}]},{"@type":"WebSite","@id":"https:\/\/narkoprasek.com\/#website","url":"https:\/\/narkoprasek.com\/","name":"Narko Pr\u00e1\u0161ek","description":"My WordPress Blog","potentialAction":[{"@type":"SearchAction","target":{"@type":"EntryPoint","urlTemplate":"https:\/\/narkoprasek.com\/?s={search_term_string}"},"query-input":"required name=search_term_string"}],"inLanguage":"de"}]}},"_links":{"self":[{"href":"https:\/\/narkoprasek.com\/de\/wp-json\/wp\/v2\/product\/5578","targetHints":{"allow":["GET"]}}],"collection":[{"href":"https:\/\/narkoprasek.com\/de\/wp-json\/wp\/v2\/product"}],"about":[{"href":"https:\/\/narkoprasek.com\/de\/wp-json\/wp\/v2\/types\/product"}],"replies":[{"embeddable":true,"href":"https:\/\/narkoprasek.com\/de\/wp-json\/wp\/v2\/comments?post=5578"}],"wp:featuredmedia":[{"embeddable":true,"href":"https:\/\/narkoprasek.com\/de\/wp-json\/wp\/v2\/media\/5692"}],"wp:attachment":[{"href":"https:\/\/narkoprasek.com\/de\/wp-json\/wp\/v2\/media?parent=5578"}],"wp:term":[{"taxonomy":"product_cat","embeddable":true,"href":"https:\/\/narkoprasek.com\/de\/wp-json\/wp\/v2\/product_cat?post=5578"},{"taxonomy":"product_tag","embeddable":true,"href":"https:\/\/narkoprasek.com\/de\/wp-json\/wp\/v2\/product_tag?post=5578"}],"curies":[{"name":"wp","href":"https:\/\/api.w.org\/{rel}","templated":true}]}}