{"id":5513,"date":"2025-04-26T10:28:41","date_gmt":"2025-04-26T10:28:41","guid":{"rendered":"https:\/\/narkoprasek.com\/?post_type=product&#038;p=5513"},"modified":"2026-03-28T08:21:50","modified_gmt":"2026-03-28T08:21:50","slug":"3-mmc","status":"publish","type":"product","link":"https:\/\/narkoprasek.com\/de\/produkt\/3-mmc\/","title":{"rendered":"Koupit 3-MMC Online"},"content":{"rendered":"<h2><span style=\"font-weight: 400;\">3-MMC online kaufen \u2013 Premium-Qualit\u00e4t von Medeus Narkoprasek<\/span><\/h2>\n<p><span style=\"font-weight: 400;\">Wenn es um hochwertige Forschungschemikalien geht, wie zum Beispiel <a href=\"https:\/\/narkoprasek.com\/de\/produkt\/3-mmc\/\">3-MMC (3-Methylmethcathinon)<\/a>Es ist entscheidend, einen zuverl\u00e4ssigen und vertrauensw\u00fcrdigen Anbieter zu finden. Medeus Narkoprasek bietet ein unkompliziertes und sicheres Einkaufserlebnis, das erstklassige Produkte, eine schnelle Lieferung und Kundenzufriedenheit gew\u00e4hrleistet. Wenn Sie 3-MMC online kaufen m\u00f6chten, sind Sie hier genau richtig.<\/span><\/p>\n<h3><span style=\"font-weight: 400;\">3-MMC online kaufen<\/span><\/h3>\n<p><span style=\"font-weight: 400;\">Suchen Sie online nach 3-MMC? Medeus Narkoprasek bietet hochwertige Produkte f\u00fcr Forschungszwecke an. Unsere zum Verkauf stehenden 3-MMC-Chemikalien stammen von vertrauensw\u00fcrdigen Herstellern und werden auf Reinheit und Konsistenz gepr\u00fcft. Kaufen Sie aus unserer limitierten Auswahl ein oder st\u00f6bern Sie durch unser breites Sortiment bei Medeus. <a href=\"https:\/\/narkoprasek.com\/de\/\">Narkoprasek<\/a>.<\/span><\/p>\n<h3><span style=\"font-weight: 400;\">3-MMC kaufen<\/span><\/h3>\n<p><span style=\"font-weight: 400;\">Einen zuverl\u00e4ssigen Anbieter f\u00fcr 3-MMC zu finden, kann eine Herausforderung sein. Medeus Narkoprasek gew\u00e4hrleistet sichere Transaktionen, eine diskrete Lieferung sowie eine au\u00dfergew\u00f6hnliche Produktqualit\u00e4t. Zudem kooperiert unser Shop mit \u201eK2 Legal High Incense\u201c und \u201eK2 Infused Paper\u201c, um Ihnen ein noch breiteres Sortiment bieten zu k\u00f6nnen. <a href=\"https:\/\/en.wikipedia.org\/wiki\/3-Methylmethcathinone\">mo\u017enost\u00ed.<\/a><\/span><\/p>\n<h3><span style=\"font-weight: 400;\">Wo man 3-MMC kaufen kann<\/span><\/h3>\n<p><span style=\"font-weight: 400;\">Sie fragen sich, wo Sie 3-MMC kaufen k\u00f6nnen? Unsere Plattform erm\u00f6glicht eine unkomplizierte Bestellung sowie eine schnelle Lieferung in Regionen wie die USA, das Vereinigte K\u00f6nigreich und Kanada. Vertrauen Sie auf Medeus Narkoprasek \u2013 f\u00fcr authentische Produkte und erstklassigen Kundenservice.<\/span><\/p>\n<h3><span style=\"font-weight: 400;\">3-MMC in Gro\u00dfbritannien zu verkaufen<\/span><\/h3>\n<p><span style=\"font-weight: 400;\">F\u00fcr im Vereinigten K\u00f6nigreich ans\u00e4ssige Forscher ist 3-MMC \u00fcber unseren Online-Shop im Vereinigten K\u00f6nigreich erh\u00e4ltlich. Medeus Narkoprasek legt gro\u00dfen Wert auf Kundenzufriedenheit, indem wir reine und sichere Forschungschemikalien liefern.<\/span><\/p>\n<h3><span style=\"font-weight: 400;\">Je 3 MMC leg\u00e1ln\u00ed?<\/span><\/h3>\n<p>Viele Forscher fragen sich, ob 3-MMC legal ist. Die Gesetzeslage bez\u00fcglich 3-MMC variiert von Land zu Land. Bitte stellen Sie sicher, dass Sie mit den \u00f6rtlichen Vorschriften vertraut sind, bevor Sie eine Bestellung aufgeben. Medeus Narkoprasek vertreibt Chemikalien ausschlie\u00dflich zu Forschungszwecken. Unsere zum Verkauf stehenden 3-MMC-Kristalle sind bei Fachleuten, die nach Produkten von hoher Reinheit suchen, \u00e4u\u00dferst begehrt. Medeus Narkoprasek garantiert kristalline Chemikalien von erstklassiger Qualit\u00e4t. F\u00fcr kanadische Forscher ist es besonders komfortabel, 3-MMC \u00fcber die benutzerfreundliche Plattform von Medeus Narkoprasek zu erwerben. Wir bieten eine breite Palette an Forschungschemikalien an, darunter auch 3-MMC in kristalliner Pulverform.<\/p>\n<p>Etsitk\u00f6 3 MMC:t\u00e4 myyt\u00e4v\u00e4ksi verkossa? Luota Medeus Narkoprasekiin, joka tarjoaa korkealaatuisia kemikaaleja, erinomaista asiakaspalvelua ja nopeaa toimitusta. Tarvitsetpa sitten 3 MMC-jauhetta tai 3 MMC-kemikaaleja myyt\u00e4v\u00e4ksi, tarjoamme tutkimustarpeisiisi r\u00e4\u00e4t\u00e4l\u00f6ityj\u00e4 tuotteita. Lis\u00e4tietoja on tuoteluettelossamme.<\/p>\n<h3><span style=\"font-weight: 400;\">Nejlevn\u011bj\u0161\u00ed 3 MMC chemik\u00e1lie<\/span><\/h3>\n<p><span style=\"font-weight: 400;\">\u00bfBusca los productos qu\u00edmicos 3-MMC m\u00e1s econ\u00f3micos sin comprometer la calidad? Medeus Narkoprasek ofrece precios competitivos en una amplia gama de productos de grado de investigaci\u00f3n.<\/span><\/p>\n<h3><span style=\"font-weight: 400;\">D\u00e1vkov\u00e1n\u00ed 3 MMC pr\u00e1\u0161ku<\/span><\/h3>\n<p>Das Verst\u00e4ndnis der Dosierung von 3-MMC-Pulver ist entscheidend f\u00fcr eine pr\u00e4zise Forschung. Medeus Narkoprasek stellt detaillierte Produktinformationen bereit, um Ihre Experimente zu unterst\u00fctzen. Wenn Sie sich f\u00fcr den Kauf von 3-MMC bei Medeus Narkoprasek entscheiden, sind Ihnen Qualit\u00e4t, Zuverl\u00e4ssigkeit und Diskretion garantiert. Unser Ruf gr\u00fcndet auf Vertrauen und Kundenzufriedenheit.<\/p>\n<h3><span style=\"font-weight: 400;\">Koupit 3-MMC (3-methylmethcathinon) online<\/span><\/h3>\n<p><span style=\"font-weight: 400;\">Bei Medeus Narkoprasek sind wir stolz darauf, hochwertiges 3-MMC-Pulver anzubieten \u2013 eine zuverl\u00e4ssige Forschungschemikalie, die in wissenschaftlichen und labortechnischen Umgebungen weit verbreitet ist. 3-MMC, oder 3-Methylmethcathinon, ist ein synthetisches Stimulans aus der Klasse der Cathinone, das f\u00fcr seine potenzielle Verwendung in pharmakologischen und chemischen Studien bekannt ist.<\/span><\/p>","protected":false},"excerpt":{"rendered":"<p>Kupte si 3 MMC online \u2013 pr\u00e9miov\u00e1 kvalita od Medeus Narkoprasek Pokud jde o vysoce kvalitn\u00ed v\u00fdzkumn\u00e9 chemik\u00e1lie, jako je 3-MMC (3-methylmethcathinon), je kl\u00ed\u010dov\u00e9 naj\u00edt spolehliv\u00e9ho a d\u016fv\u011bryhodn\u00e9ho dodavatele. Medeus Narkoprasek nab\u00edz\u00ed bezprobl\u00e9mov\u00fd a bezpe\u010dn\u00fd n\u00e1kupn\u00ed z\u00e1\u017eitek, kter\u00fd zaji\u0161\u0165uje prvot\u0159\u00eddn\u00ed produkty, rychl\u00e9 dod\u00e1n\u00ed a spokojenost z\u00e1kazn\u00edk\u016f. Pokud si chcete koupit 3 MMC online, jste na [&hellip;]<\/p>","protected":false},"featured_media":5718,"comment_status":"open","ping_status":"closed","template":"","meta":{"_joinchat":[]},"product_cat":[418],"product_tag":[],"class_list":{"0":"post-5513","1":"product","2":"type-product","3":"status-publish","4":"has-post-thumbnail","6":"product_cat-vyzkumna-chemikalie","8":"first","9":"instock","10":"shipping-taxable","11":"purchasable","12":"product-type-variable"},"yoast_head":"<!-- This site is optimized with the Yoast SEO plugin v23.1 - https:\/\/yoast.com\/wordpress\/plugins\/seo\/ -->\n<title>Koupit 3-MMC online - 3-MMC na prodej | Narkoprasek<\/title>\n<meta name=\"description\" content=\"M\u016f\u017eete kontaktovat n\u00e1\u0161 online obchod a koupit 3-mmc online. M\u00e1me 3-mmc na prodej za n\u00edzk\u00e9 ceny. Z\u00edskejte sv\u016fj ihned u v\u00e1s doma!\" \/>\n<meta name=\"robots\" content=\"index, follow, max-snippet:-1, max-image-preview:large, max-video-preview:-1\" \/>\n<link rel=\"canonical\" href=\"https:\/\/narkoprasek.com\/de\/produkt\/3-mmc\/\" \/>\n<meta property=\"og:locale\" content=\"de_DE\" \/>\n<meta property=\"og:type\" content=\"article\" \/>\n<meta property=\"og:title\" content=\"Koupit 3-MMC online - 3-MMC na prodej | Narkoprasek\" \/>\n<meta property=\"og:description\" content=\"M\u016f\u017eete kontaktovat n\u00e1\u0161 online obchod a koupit 3-mmc online. M\u00e1me 3-mmc na prodej za n\u00edzk\u00e9 ceny. Z\u00edskejte sv\u016fj ihned u v\u00e1s doma!\" \/>\n<meta property=\"og:url\" content=\"https:\/\/narkoprasek.com\/de\/produkt\/3-mmc\/\" \/>\n<meta property=\"og:site_name\" content=\"Narko Pr\u00e1\u0161ek\" \/>\n<meta property=\"article:modified_time\" content=\"2026-03-28T08:21:50+00:00\" \/>\n<meta property=\"og:image\" content=\"https:\/\/narkoprasek.com\/wp-content\/uploads\/2025\/04\/3-MMC.jpg\" \/>\n\t<meta property=\"og:image:width\" content=\"600\" \/>\n\t<meta property=\"og:image:height\" content=\"600\" \/>\n\t<meta property=\"og:image:type\" content=\"image\/jpeg\" \/>\n<meta name=\"twitter:card\" content=\"summary_large_image\" \/>\n<meta name=\"twitter:label1\" content=\"Gesch\u00e4tzte Lesezeit\" \/>\n\t<meta name=\"twitter:data1\" content=\"3\u00a0Minuten\" \/>\n<script type=\"application\/ld+json\" class=\"yoast-schema-graph\">{\"@context\":\"https:\/\/schema.org\",\"@graph\":[{\"@type\":\"WebPage\",\"@id\":\"https:\/\/narkoprasek.com\/produkt\/3-mmc\/\",\"url\":\"https:\/\/narkoprasek.com\/produkt\/3-mmc\/\",\"name\":\"Koupit 3-MMC online - 3-MMC na prodej | Narkoprasek\",\"isPartOf\":{\"@id\":\"https:\/\/narkoprasek.com\/#website\"},\"primaryImageOfPage\":{\"@id\":\"https:\/\/narkoprasek.com\/produkt\/3-mmc\/#primaryimage\"},\"image\":{\"@id\":\"https:\/\/narkoprasek.com\/produkt\/3-mmc\/#primaryimage\"},\"thumbnailUrl\":\"https:\/\/narkoprasek.com\/wp-content\/uploads\/2025\/04\/3-MMC.jpg\",\"datePublished\":\"2025-04-26T10:28:41+00:00\",\"dateModified\":\"2026-03-28T08:21:50+00:00\",\"description\":\"M\u016f\u017eete kontaktovat n\u00e1\u0161 online obchod a koupit 3-mmc online. M\u00e1me 3-mmc na prodej za n\u00edzk\u00e9 ceny. Z\u00edskejte sv\u016fj ihned u v\u00e1s doma!\",\"breadcrumb\":{\"@id\":\"https:\/\/narkoprasek.com\/produkt\/3-mmc\/#breadcrumb\"},\"inLanguage\":\"de\",\"potentialAction\":[{\"@type\":\"ReadAction\",\"target\":[\"https:\/\/narkoprasek.com\/produkt\/3-mmc\/\"]}]},{\"@type\":\"ImageObject\",\"inLanguage\":\"de\",\"@id\":\"https:\/\/narkoprasek.com\/produkt\/3-mmc\/#primaryimage\",\"url\":\"https:\/\/narkoprasek.com\/wp-content\/uploads\/2025\/04\/3-MMC.jpg\",\"contentUrl\":\"https:\/\/narkoprasek.com\/wp-content\/uploads\/2025\/04\/3-MMC.jpg\",\"width\":600,\"height\":600,\"caption\":\"3-MMC\"},{\"@type\":\"BreadcrumbList\",\"@id\":\"https:\/\/narkoprasek.com\/produkt\/3-mmc\/#breadcrumb\",\"itemListElement\":[{\"@type\":\"ListItem\",\"position\":1,\"name\":\"Home\",\"item\":\"https:\/\/narkoprasek.com\/\"},{\"@type\":\"ListItem\",\"position\":2,\"name\":\"Na\u0161e Produkty\",\"item\":\"https:\/\/narkoprasek.com\/shop\/\"},{\"@type\":\"ListItem\",\"position\":3,\"name\":\"Koupit 3-MMC Online\"}]},{\"@type\":\"WebSite\",\"@id\":\"https:\/\/narkoprasek.com\/#website\",\"url\":\"https:\/\/narkoprasek.com\/\",\"name\":\"Narko Pr\u00e1\u0161ek\",\"description\":\"My WordPress Blog\",\"potentialAction\":[{\"@type\":\"SearchAction\",\"target\":{\"@type\":\"EntryPoint\",\"urlTemplate\":\"https:\/\/narkoprasek.com\/?s={search_term_string}\"},\"query-input\":\"required name=search_term_string\"}],\"inLanguage\":\"de\"}]}<\/script>\n<!-- \/ Yoast SEO plugin. -->","yoast_head_json":{"title":"Koupit 3-MMC online - 3-MMC na prodej | Narkoprasek","description":"M\u016f\u017eete kontaktovat n\u00e1\u0161 online obchod a koupit 3-mmc online. M\u00e1me 3-mmc na prodej za n\u00edzk\u00e9 ceny. Z\u00edskejte sv\u016fj ihned u v\u00e1s doma!","robots":{"index":"index","follow":"follow","max-snippet":"max-snippet:-1","max-image-preview":"max-image-preview:large","max-video-preview":"max-video-preview:-1"},"canonical":"https:\/\/narkoprasek.com\/de\/produkt\/3-mmc\/","og_locale":"de_DE","og_type":"article","og_title":"Koupit 3-MMC online - 3-MMC na prodej | Narkoprasek","og_description":"M\u016f\u017eete kontaktovat n\u00e1\u0161 online obchod a koupit 3-mmc online. M\u00e1me 3-mmc na prodej za n\u00edzk\u00e9 ceny. Z\u00edskejte sv\u016fj ihned u v\u00e1s doma!","og_url":"https:\/\/narkoprasek.com\/de\/produkt\/3-mmc\/","og_site_name":"Narko Pr\u00e1\u0161ek","article_modified_time":"2026-03-28T08:21:50+00:00","og_image":[{"width":600,"height":600,"url":"https:\/\/narkoprasek.com\/wp-content\/uploads\/2025\/04\/3-MMC.jpg","type":"image\/jpeg"}],"twitter_card":"summary_large_image","twitter_misc":{"Gesch\u00e4tzte Lesezeit":"3\u00a0Minuten"},"schema":{"@context":"https:\/\/schema.org","@graph":[{"@type":"WebPage","@id":"https:\/\/narkoprasek.com\/produkt\/3-mmc\/","url":"https:\/\/narkoprasek.com\/produkt\/3-mmc\/","name":"Koupit 3-MMC online - 3-MMC na prodej | Narkoprasek","isPartOf":{"@id":"https:\/\/narkoprasek.com\/#website"},"primaryImageOfPage":{"@id":"https:\/\/narkoprasek.com\/produkt\/3-mmc\/#primaryimage"},"image":{"@id":"https:\/\/narkoprasek.com\/produkt\/3-mmc\/#primaryimage"},"thumbnailUrl":"https:\/\/narkoprasek.com\/wp-content\/uploads\/2025\/04\/3-MMC.jpg","datePublished":"2025-04-26T10:28:41+00:00","dateModified":"2026-03-28T08:21:50+00:00","description":"M\u016f\u017eete kontaktovat n\u00e1\u0161 online obchod a koupit 3-mmc online. M\u00e1me 3-mmc na prodej za n\u00edzk\u00e9 ceny. Z\u00edskejte sv\u016fj ihned u v\u00e1s doma!","breadcrumb":{"@id":"https:\/\/narkoprasek.com\/produkt\/3-mmc\/#breadcrumb"},"inLanguage":"de","potentialAction":[{"@type":"ReadAction","target":["https:\/\/narkoprasek.com\/produkt\/3-mmc\/"]}]},{"@type":"ImageObject","inLanguage":"de","@id":"https:\/\/narkoprasek.com\/produkt\/3-mmc\/#primaryimage","url":"https:\/\/narkoprasek.com\/wp-content\/uploads\/2025\/04\/3-MMC.jpg","contentUrl":"https:\/\/narkoprasek.com\/wp-content\/uploads\/2025\/04\/3-MMC.jpg","width":600,"height":600,"caption":"3-MMC"},{"@type":"BreadcrumbList","@id":"https:\/\/narkoprasek.com\/produkt\/3-mmc\/#breadcrumb","itemListElement":[{"@type":"ListItem","position":1,"name":"Home","item":"https:\/\/narkoprasek.com\/"},{"@type":"ListItem","position":2,"name":"Na\u0161e Produkty","item":"https:\/\/narkoprasek.com\/shop\/"},{"@type":"ListItem","position":3,"name":"Koupit 3-MMC Online"}]},{"@type":"WebSite","@id":"https:\/\/narkoprasek.com\/#website","url":"https:\/\/narkoprasek.com\/","name":"Narko Pr\u00e1\u0161ek","description":"My WordPress Blog","potentialAction":[{"@type":"SearchAction","target":{"@type":"EntryPoint","urlTemplate":"https:\/\/narkoprasek.com\/?s={search_term_string}"},"query-input":"required name=search_term_string"}],"inLanguage":"de"}]}},"_links":{"self":[{"href":"https:\/\/narkoprasek.com\/de\/wp-json\/wp\/v2\/product\/5513","targetHints":{"allow":["GET"]}}],"collection":[{"href":"https:\/\/narkoprasek.com\/de\/wp-json\/wp\/v2\/product"}],"about":[{"href":"https:\/\/narkoprasek.com\/de\/wp-json\/wp\/v2\/types\/product"}],"replies":[{"embeddable":true,"href":"https:\/\/narkoprasek.com\/de\/wp-json\/wp\/v2\/comments?post=5513"}],"wp:featuredmedia":[{"embeddable":true,"href":"https:\/\/narkoprasek.com\/de\/wp-json\/wp\/v2\/media\/5718"}],"wp:attachment":[{"href":"https:\/\/narkoprasek.com\/de\/wp-json\/wp\/v2\/media?parent=5513"}],"wp:term":[{"taxonomy":"product_cat","embeddable":true,"href":"https:\/\/narkoprasek.com\/de\/wp-json\/wp\/v2\/product_cat?post=5513"},{"taxonomy":"product_tag","embeddable":true,"href":"https:\/\/narkoprasek.com\/de\/wp-json\/wp\/v2\/product_tag?post=5513"}],"curies":[{"name":"wp","href":"https:\/\/api.w.org\/{rel}","templated":true}]}}