{"id":5512,"date":"2025-04-26T10:29:47","date_gmt":"2025-04-26T10:29:47","guid":{"rendered":"https:\/\/narkoprasek.com\/?post_type=product&#038;p=5512"},"modified":"2026-03-13T09:07:39","modified_gmt":"2026-03-13T09:07:39","slug":"4-aco-dmt","status":"publish","type":"product","link":"https:\/\/narkoprasek.com\/de\/produkt\/4-aco-dmt\/","title":{"rendered":"Koupit 4-AcO-DMT Online"},"content":{"rendered":"<p><span style=\"font-weight: 400;\"><a href=\"https:\/\/narkoprasek.com\/de\/produkt\/4-aco-dmt\/\">V\u00edtejte v DMT<\/a> Los Angeles \u2013 Ihre zuverl\u00e4ssige Quelle f\u00fcr hochwertiges 4-AcO-DMT-Pulver. Wir sind spezialisiert auf die Bereitstellung erstklassiger Produkte, die den vielf\u00e4ltigen Bed\u00fcrfnissen unserer Kunden gerecht werden. Ob Forscher, Liebhaber oder Profi: Unser 4-AcO-DMT-Pulver wird strengstens auf Reinheit und Zuverl\u00e4ssigkeit gepr\u00fcft, damit Sie nur das Beste erhalten.<\/span><\/p>\n<h2><span style=\"font-weight: 400;\">Was ist Pulver? <a href=\"https:\/\/en.wikipedia.org\/wiki\/4-Fluoromethylphenidate\">4-AcO DMT<\/a>?<\/span><\/h2>\n<p><span style=\"font-weight: 400;\">4-AcO-DMT, auch bekannt als O-Acetylpsilocin, ist eine synthetische Verbindung, die h\u00e4ufig mit Psilocybin, dem Wirkstoff halluzinogener Pilze, verglichen wird. Wissenschaftler erforschen ihr Potenzial zum Verst\u00e4ndnis ver\u00e4nderter Bewusstseinszust\u00e4nde und ihren therapeutischen Nutzen. <a href=\"https:\/\/narkoprasek.com\/de\/\">Narkoprasek<\/a><\/span><\/p>\n<h3><span style=\"font-weight: 400;\">Warum DMT Los Angeles w\u00e4hlen?<\/span><\/h3>\n<p><span style=\"font-weight: 400;\">Kompromisslose Qualit\u00e4t: Unsere <a href=\"https:\/\/en.wikipedia.org\/wiki\/4-AcO-DMT\">4-AcO DMT<\/a> Durchl\u00e4uft strenge Qualit\u00e4tspr\u00fcfungen, um maximale Reinheit und Wirksamkeit zu gew\u00e4hrleisten.<\/span><\/p>\n<p><span style=\"font-weight: 400;\">Sichere Transaktionen: Kaufen Sie vertrauensvoll auf unserer sicheren Plattform ein, die Ihre pers\u00f6nlichen Daten und Zahlungsinformationen sch\u00fctzt.<\/span><\/p>\n<p><span style=\"font-weight: 400;\">Schnelle Lieferung: Wir bieten zuverl\u00e4ssige Versanddienste an, um sicherzustellen, dass Ihre Produkte schnell und diskret bei Ihnen eintreffen.<\/span><\/p>\n<p><span style=\"font-weight: 400;\">Au\u00dfergew\u00f6hnlicher Support: Unser Team steht Ihnen bei Fragen und Problemen rund um Ihre Bestellung jederzeit zur Seite.<\/span><\/p>\n<h3><span style=\"font-weight: 400;\">Wie man 4-AcO-DMT-Pulver online bestellt<\/span><\/h3>\n<p><span style=\"font-weight: 400;\">Bestellen Sie bei DMT Los Angeles \u2013 einfach und unkompliziert. St\u00f6bern Sie in unserem Produktkatalog, w\u00e4hlen Sie die gew\u00fcnschte Menge O-Acetylpsilocin-Pulver und gehen Sie zur Kasse. Unser Team k\u00fcmmert sich mit gr\u00f6\u00dfter Sorgfalt um Ihre Bestellung und garantiert Ihre Zufriedenheit.<\/span><\/p>\n<p><strong>Produktdetails:<\/strong><\/p>\n<ul>\n<li><span style=\"font-weight: 400;\">Form: Feines, kristallines Pulver<\/span><\/li>\n<li><span style=\"font-weight: 400;\">Reinheit: Laborgepr\u00fcft<\/span><\/li>\n<li><span style=\"font-weight: 400;\">Verwendung: Nur f\u00fcr Forschungszwecke<\/span><\/li>\n<li><span style=\"font-weight: 400;\">Verf\u00fcgbarkeit: Verschiedene Mengen<\/span><\/li>\n<\/ul>\n<p><span style=\"font-weight: 400;\">Wichtiger Hinweis: 4-AcO-DMT wird ausschlie\u00dflich zu Forschungs- und Bildungszwecken verkauft. Es ist nicht f\u00fcr den menschlichen Verzehr oder den Freizeitgebrauch bestimmt. Bitte informieren Sie sich vor dem Kauf \u00fcber die geltenden lokalen Bestimmungen.<\/span><\/p>\n<p><span style=\"font-weight: 400;\">Entdecken Sie noch heute die M\u00f6glichkeiten von 4-AcO DMT von DMT Los Angeles! Bringen Sie Ihre Forschung mit einem zuverl\u00e4ssigen und vertrauensw\u00fcrdigen Anbieter, der sich der Exzellenz verschrieben hat, auf die n\u00e4chste Stufe.<\/span><\/p>\n<p>&nbsp;<\/p>","protected":false},"excerpt":{"rendered":"<p>V\u00edtejte v DMT Los Angeles, va\u0161em d\u016fv\u011bryhodn\u00e9m zdroji pr\u00e9miov\u00e9ho pr\u00e1\u0161ku 4-AcO DMT. Specializujeme se na poskytov\u00e1n\u00ed vysoce kvalitn\u00edch produkt\u016f, kter\u00e9 spl\u0148uj\u00ed rozmanit\u00e9 pot\u0159eby na\u0161ich z\u00e1kazn\u00edk\u016f. A\u0165 u\u017e jste v\u00fdzkumn\u00edk, nad\u0161enec nebo profesion\u00e1l, n\u00e1\u0161 pr\u00e1\u0161ek 4-AcO DMT je pe\u010dliv\u011b testov\u00e1n na \u010distotu a spolehlivost, abychom v\u00e1m zajistili jen to nejlep\u0161\u00ed. Co je pr\u00e1\u0161ek 4-AcO DMT? 4-AcO [&hellip;]<\/p>","protected":false},"featured_media":5717,"comment_status":"open","ping_status":"closed","template":"","meta":{"_joinchat":[]},"product_cat":[418],"product_tag":[],"class_list":{"0":"post-5512","1":"product","2":"type-product","3":"status-publish","4":"has-post-thumbnail","6":"product_cat-vyzkumna-chemikalie","8":"first","9":"instock","10":"shipping-taxable","11":"purchasable","12":"product-type-variable"},"yoast_head":"<!-- This site is optimized with the Yoast SEO plugin v23.1 - https:\/\/yoast.com\/wordpress\/plugins\/seo\/ -->\n<title>Koupit 4-AcO-DMT online - 4-AcO-DMT na prodej | Narkoprasek<\/title>\n<meta name=\"description\" content=\"Hled\u00e1te 4-AcO-DMT online za rozumnou cenu? Nav\u0161tivte n\u00e1\u0161 renomovan\u00fd online obchod s chemik\u00e1liemi a po\u0159i\u010fte si 4-AcO-DMT je\u0161t\u011b dnes. Objednejte si hned te\u010f a z\u00edskejte nejlep\u0161\u00ed cenu v na\u0161em obchod\u011b.\" \/>\n<meta name=\"robots\" content=\"index, follow, max-snippet:-1, max-image-preview:large, max-video-preview:-1\" \/>\n<link rel=\"canonical\" href=\"https:\/\/narkoprasek.com\/de\/produkt\/4-aco-dmt\/\" \/>\n<meta property=\"og:locale\" content=\"de_DE\" \/>\n<meta property=\"og:type\" content=\"article\" \/>\n<meta property=\"og:title\" content=\"Koupit 4-AcO-DMT online - 4-AcO-DMT na prodej | Narkoprasek\" \/>\n<meta property=\"og:description\" content=\"Hled\u00e1te 4-AcO-DMT online za rozumnou cenu? Nav\u0161tivte n\u00e1\u0161 renomovan\u00fd online obchod s chemik\u00e1liemi a po\u0159i\u010fte si 4-AcO-DMT je\u0161t\u011b dnes. Objednejte si hned te\u010f a z\u00edskejte nejlep\u0161\u00ed cenu v na\u0161em obchod\u011b.\" \/>\n<meta property=\"og:url\" content=\"https:\/\/narkoprasek.com\/de\/produkt\/4-aco-dmt\/\" \/>\n<meta property=\"og:site_name\" content=\"Narko Pr\u00e1\u0161ek\" \/>\n<meta property=\"article:modified_time\" content=\"2026-03-13T09:07:39+00:00\" \/>\n<meta property=\"og:image\" content=\"https:\/\/narkoprasek.com\/wp-content\/uploads\/2025\/04\/4-AcO-DMT.jpg\" \/>\n\t<meta property=\"og:image:width\" content=\"600\" \/>\n\t<meta property=\"og:image:height\" content=\"600\" \/>\n\t<meta property=\"og:image:type\" content=\"image\/jpeg\" \/>\n<meta name=\"twitter:card\" content=\"summary_large_image\" \/>\n<meta name=\"twitter:label1\" content=\"Gesch\u00e4tzte Lesezeit\" \/>\n\t<meta name=\"twitter:data1\" content=\"2\u00a0Minuten\" \/>\n<script type=\"application\/ld+json\" class=\"yoast-schema-graph\">{\"@context\":\"https:\/\/schema.org\",\"@graph\":[{\"@type\":\"WebPage\",\"@id\":\"https:\/\/narkoprasek.com\/produkt\/4-aco-dmt\/\",\"url\":\"https:\/\/narkoprasek.com\/produkt\/4-aco-dmt\/\",\"name\":\"Koupit 4-AcO-DMT online - 4-AcO-DMT na prodej | Narkoprasek\",\"isPartOf\":{\"@id\":\"https:\/\/narkoprasek.com\/#website\"},\"primaryImageOfPage\":{\"@id\":\"https:\/\/narkoprasek.com\/produkt\/4-aco-dmt\/#primaryimage\"},\"image\":{\"@id\":\"https:\/\/narkoprasek.com\/produkt\/4-aco-dmt\/#primaryimage\"},\"thumbnailUrl\":\"https:\/\/narkoprasek.com\/wp-content\/uploads\/2025\/04\/4-AcO-DMT.jpg\",\"datePublished\":\"2025-04-26T10:29:47+00:00\",\"dateModified\":\"2026-03-13T09:07:39+00:00\",\"description\":\"Hled\u00e1te 4-AcO-DMT online za rozumnou cenu? Nav\u0161tivte n\u00e1\u0161 renomovan\u00fd online obchod s chemik\u00e1liemi a po\u0159i\u010fte si 4-AcO-DMT je\u0161t\u011b dnes. Objednejte si hned te\u010f a z\u00edskejte nejlep\u0161\u00ed cenu v na\u0161em obchod\u011b.\",\"breadcrumb\":{\"@id\":\"https:\/\/narkoprasek.com\/produkt\/4-aco-dmt\/#breadcrumb\"},\"inLanguage\":\"de\",\"potentialAction\":[{\"@type\":\"ReadAction\",\"target\":[\"https:\/\/narkoprasek.com\/produkt\/4-aco-dmt\/\"]}]},{\"@type\":\"ImageObject\",\"inLanguage\":\"de\",\"@id\":\"https:\/\/narkoprasek.com\/produkt\/4-aco-dmt\/#primaryimage\",\"url\":\"https:\/\/narkoprasek.com\/wp-content\/uploads\/2025\/04\/4-AcO-DMT.jpg\",\"contentUrl\":\"https:\/\/narkoprasek.com\/wp-content\/uploads\/2025\/04\/4-AcO-DMT.jpg\",\"width\":600,\"height\":600,\"caption\":\"4-AcO-DMT\"},{\"@type\":\"BreadcrumbList\",\"@id\":\"https:\/\/narkoprasek.com\/produkt\/4-aco-dmt\/#breadcrumb\",\"itemListElement\":[{\"@type\":\"ListItem\",\"position\":1,\"name\":\"Home\",\"item\":\"https:\/\/narkoprasek.com\/\"},{\"@type\":\"ListItem\",\"position\":2,\"name\":\"Na\u0161e Produkty\",\"item\":\"https:\/\/narkoprasek.com\/shop\/\"},{\"@type\":\"ListItem\",\"position\":3,\"name\":\"Koupit 4-AcO-DMT Online\"}]},{\"@type\":\"WebSite\",\"@id\":\"https:\/\/narkoprasek.com\/#website\",\"url\":\"https:\/\/narkoprasek.com\/\",\"name\":\"Narko Pr\u00e1\u0161ek\",\"description\":\"My WordPress Blog\",\"potentialAction\":[{\"@type\":\"SearchAction\",\"target\":{\"@type\":\"EntryPoint\",\"urlTemplate\":\"https:\/\/narkoprasek.com\/?s={search_term_string}\"},\"query-input\":\"required name=search_term_string\"}],\"inLanguage\":\"de\"}]}<\/script>\n<!-- \/ Yoast SEO plugin. -->","yoast_head_json":{"title":"Koupit 4-AcO-DMT online - 4-AcO-DMT na prodej | Narkoprasek","description":"Hled\u00e1te 4-AcO-DMT online za rozumnou cenu? Nav\u0161tivte n\u00e1\u0161 renomovan\u00fd online obchod s chemik\u00e1liemi a po\u0159i\u010fte si 4-AcO-DMT je\u0161t\u011b dnes. Objednejte si hned te\u010f a z\u00edskejte nejlep\u0161\u00ed cenu v na\u0161em obchod\u011b.","robots":{"index":"index","follow":"follow","max-snippet":"max-snippet:-1","max-image-preview":"max-image-preview:large","max-video-preview":"max-video-preview:-1"},"canonical":"https:\/\/narkoprasek.com\/de\/produkt\/4-aco-dmt\/","og_locale":"de_DE","og_type":"article","og_title":"Koupit 4-AcO-DMT online - 4-AcO-DMT na prodej | Narkoprasek","og_description":"Hled\u00e1te 4-AcO-DMT online za rozumnou cenu? Nav\u0161tivte n\u00e1\u0161 renomovan\u00fd online obchod s chemik\u00e1liemi a po\u0159i\u010fte si 4-AcO-DMT je\u0161t\u011b dnes. Objednejte si hned te\u010f a z\u00edskejte nejlep\u0161\u00ed cenu v na\u0161em obchod\u011b.","og_url":"https:\/\/narkoprasek.com\/de\/produkt\/4-aco-dmt\/","og_site_name":"Narko Pr\u00e1\u0161ek","article_modified_time":"2026-03-13T09:07:39+00:00","og_image":[{"width":600,"height":600,"url":"https:\/\/narkoprasek.com\/wp-content\/uploads\/2025\/04\/4-AcO-DMT.jpg","type":"image\/jpeg"}],"twitter_card":"summary_large_image","twitter_misc":{"Gesch\u00e4tzte Lesezeit":"2\u00a0Minuten"},"schema":{"@context":"https:\/\/schema.org","@graph":[{"@type":"WebPage","@id":"https:\/\/narkoprasek.com\/produkt\/4-aco-dmt\/","url":"https:\/\/narkoprasek.com\/produkt\/4-aco-dmt\/","name":"Koupit 4-AcO-DMT online - 4-AcO-DMT na prodej | Narkoprasek","isPartOf":{"@id":"https:\/\/narkoprasek.com\/#website"},"primaryImageOfPage":{"@id":"https:\/\/narkoprasek.com\/produkt\/4-aco-dmt\/#primaryimage"},"image":{"@id":"https:\/\/narkoprasek.com\/produkt\/4-aco-dmt\/#primaryimage"},"thumbnailUrl":"https:\/\/narkoprasek.com\/wp-content\/uploads\/2025\/04\/4-AcO-DMT.jpg","datePublished":"2025-04-26T10:29:47+00:00","dateModified":"2026-03-13T09:07:39+00:00","description":"Hled\u00e1te 4-AcO-DMT online za rozumnou cenu? Nav\u0161tivte n\u00e1\u0161 renomovan\u00fd online obchod s chemik\u00e1liemi a po\u0159i\u010fte si 4-AcO-DMT je\u0161t\u011b dnes. Objednejte si hned te\u010f a z\u00edskejte nejlep\u0161\u00ed cenu v na\u0161em obchod\u011b.","breadcrumb":{"@id":"https:\/\/narkoprasek.com\/produkt\/4-aco-dmt\/#breadcrumb"},"inLanguage":"de","potentialAction":[{"@type":"ReadAction","target":["https:\/\/narkoprasek.com\/produkt\/4-aco-dmt\/"]}]},{"@type":"ImageObject","inLanguage":"de","@id":"https:\/\/narkoprasek.com\/produkt\/4-aco-dmt\/#primaryimage","url":"https:\/\/narkoprasek.com\/wp-content\/uploads\/2025\/04\/4-AcO-DMT.jpg","contentUrl":"https:\/\/narkoprasek.com\/wp-content\/uploads\/2025\/04\/4-AcO-DMT.jpg","width":600,"height":600,"caption":"4-AcO-DMT"},{"@type":"BreadcrumbList","@id":"https:\/\/narkoprasek.com\/produkt\/4-aco-dmt\/#breadcrumb","itemListElement":[{"@type":"ListItem","position":1,"name":"Home","item":"https:\/\/narkoprasek.com\/"},{"@type":"ListItem","position":2,"name":"Na\u0161e Produkty","item":"https:\/\/narkoprasek.com\/shop\/"},{"@type":"ListItem","position":3,"name":"Koupit 4-AcO-DMT Online"}]},{"@type":"WebSite","@id":"https:\/\/narkoprasek.com\/#website","url":"https:\/\/narkoprasek.com\/","name":"Narko Pr\u00e1\u0161ek","description":"My WordPress Blog","potentialAction":[{"@type":"SearchAction","target":{"@type":"EntryPoint","urlTemplate":"https:\/\/narkoprasek.com\/?s={search_term_string}"},"query-input":"required name=search_term_string"}],"inLanguage":"de"}]}},"_links":{"self":[{"href":"https:\/\/narkoprasek.com\/de\/wp-json\/wp\/v2\/product\/5512","targetHints":{"allow":["GET"]}}],"collection":[{"href":"https:\/\/narkoprasek.com\/de\/wp-json\/wp\/v2\/product"}],"about":[{"href":"https:\/\/narkoprasek.com\/de\/wp-json\/wp\/v2\/types\/product"}],"replies":[{"embeddable":true,"href":"https:\/\/narkoprasek.com\/de\/wp-json\/wp\/v2\/comments?post=5512"}],"wp:featuredmedia":[{"embeddable":true,"href":"https:\/\/narkoprasek.com\/de\/wp-json\/wp\/v2\/media\/5717"}],"wp:attachment":[{"href":"https:\/\/narkoprasek.com\/de\/wp-json\/wp\/v2\/media?parent=5512"}],"wp:term":[{"taxonomy":"product_cat","embeddable":true,"href":"https:\/\/narkoprasek.com\/de\/wp-json\/wp\/v2\/product_cat?post=5512"},{"taxonomy":"product_tag","embeddable":true,"href":"https:\/\/narkoprasek.com\/de\/wp-json\/wp\/v2\/product_tag?post=5512"}],"curies":[{"name":"wp","href":"https:\/\/api.w.org\/{rel}","templated":true}]}}