{"id":5510,"date":"2025-04-26T10:34:34","date_gmt":"2025-04-26T10:34:34","guid":{"rendered":"https:\/\/narkoprasek.com\/?post_type=product&#038;p=5510"},"modified":"2026-03-28T09:21:44","modified_gmt":"2026-03-28T09:21:44","slug":"5-meo-dmt","status":"publish","type":"product","link":"https:\/\/narkoprasek.com\/de\/produkt\/5-meo-dmt\/","title":{"rendered":"5-MeO-DMT online kaufen"},"content":{"rendered":"<h2><span style=\"font-weight: 400;\">5-MeO-DMT online kaufen<\/span><\/h2>\n<p>&nbsp;<\/p>\n<p><span style=\"font-weight: 400;\">Wichtig: Auch wenn sie <a href=\"https:\/\/narkoprasek.com\/de\/produkt\/5-meo-dmt\/\">5-MeO-DMT und DMT chemisch<\/a> Obwohl sie \u00e4hnlich sind, haben sie unterschiedliche Wirkungen und Sicherheitsprofile. Bitte ersetzen Sie DMT daher nicht durch 5-MeO-DMT. Es handelt sich um v\u00f6llig unterschiedliche Substanzen, die entsprechend behandelt werden m\u00fcssen.<\/span><\/p>\n<p><span style=\"font-weight: 400;\">5-MeO-DMT, auch als \u201eGottmolek\u00fcl\u201c bekannt, ist eine psychedelische Substanz aus der Gruppe der Tryptamine. Es kommt nat\u00fcrlich in einer Vielzahl von Pflanzenarten und in mindestens einer Kr\u00f6tenart vor, der Sonora-Kr\u00f6te (f\u00fcr weitere Informationen empfehlen wir Hamilton Morris\u2019 Brosch\u00fcre \u201eBufo alvarius: Die psychedelische Kr\u00f6te der Sonora-W\u00fcste\u201c).<\/span><\/p>\n<p><span style=\"font-weight: 400;\">Es ist eng mit DMT und 5-HO-DMT verwandt und wird traditionell als Entheogen bei Stammeszeremonien in S\u00fcdamerika verwendet.<\/span><\/p>\n<p><span style=\"font-weight: 400;\">5-MeO-DMT erfreut sich in den letzten Jahren rasant wachsender Beliebtheit, begleitet von zahlreichen Erfahrungsberichten \u00fcber sein Potenzial als Heilmittel. Selbst etablierte Medien wie Forbes haben das medizinische Potenzial der Substanz hervorgehoben.<\/span><\/p>\n<p><span style=\"font-weight: 400;\">Obwohl die Forschung <a href=\"https:\/\/en.wikipedia.org\/wiki\/5-MeO-DMT\">5-MeO-DMT<\/a> Obwohl die Datenlage begrenzt ist, st\u00fctzen einige Studien diese anekdotischen Berichte. In einer k\u00fcrzlich durchgef\u00fchrten Vorstudie berichteten 42 Teilnehmer, die 5-MeO-DMT einnahmen, von geringeren Depressions- und Angstwerten sowie von h\u00f6herer Lebenszufriedenheit und Achtsamkeit. Die Effekte hielten mindestens vier Wochen lang an, bis zu dem Zeitpunkt, an dem eine Nachuntersuchung durchgef\u00fchrt wurde.<\/span><\/p>\n<p><span style=\"font-weight: 400;\">Eine weitere Studie untersuchte 362 Personen, die 5-MeO-DMT einnahmen, und kam zu dem Ergebnis, dass 80 % der Befragten \u00fcber eine Verbesserung ihrer Angstzust\u00e4nde und Depressionen berichteten.<\/span><\/p>\n<h3><span style=\"font-weight: 400;\">Welche Wirkungen hat 5-MeO-DMT?<\/span><\/h3>\n<p><span style=\"font-weight: 400;\">Die psychedelischen Effekte von 5-MeO-DMT beruhen vermutlich prim\u00e4r auf seiner Wirksamkeit als partieller Agonist am 5-HT2A-Rezeptor. Insbesondere weist es eine hohe Bindungsaffinit\u00e4t zu den Subtypen 5-HT2A und 5-HT1A auf. Allerdings ist \u00fcber diese Wechselwirkungen wenig bekannt, weshalb unser Verst\u00e4ndnis dar\u00fcber, wie sie zum psychedelischen Erlebnis f\u00fchren, derzeit begrenzt ist. <a href=\"https:\/\/narkoprasek.com\/de\/\">Narkoprasek<\/a><\/span><\/p>\n<p><span style=\"font-weight: 400;\">Es wird angenommen, dass 5-MeO-DMT auch die Wiederaufnahme der Neurotransmitter Serotonin, Noradrenalin und Dopamin hemmt, jedoch ist die Rolle dieser Mechanismen weitgehend unbekannt. Daher wird dringend empfohlen, Kombinationen mit SSRIs, SRIs, MAO-Hemmern, RIMAs oder anderen Substanzen zu vermeiden, die als Freisetzungsmittel oder Inhibitoren der Wiederaufnahme von Monoamin-Neurotransmittern (wie Serotonin und Dopamin) wirken.<\/span><\/p>\n<p><span style=\"font-weight: 400;\">Diese Liste ist nicht vollst\u00e4ndig. Bitte informieren Sie sich daher vor Ihrer Bestellung selbst \u00fcber die Rechtslage in Ihrem Land!<\/span><\/p>","protected":false},"excerpt":{"rendered":"<p>Koupit 5-MeO-DMT Online &nbsp; D\u016fle\u017eit\u00e9: I kdy\u017e jsou si 5-MeO-DMT a DMT chemicky podobn\u00e9, maj\u00ed odli\u0161n\u00e9 \u00fa\u010dinky a bezpe\u010dnostn\u00ed profily, proto pros\u00edm nenahrazujte DMT za 5-MeO-DMT. M\u011bly by b\u00fdt pova\u017eov\u00e1ny za zcela odli\u0161n\u00e9 chemik\u00e1lie a jako takov\u00e9 by m\u011bly b\u00fdt i zach\u00e1zeny. 5-MeO-DMT, n\u011bkdy ozna\u010dovan\u00fd jako \u201eBo\u017e\u00ed molekula\u201c, je psychedelikum ze t\u0159\u00eddy tryptamin\u016f. P\u0159irozen\u011b se [&hellip;]<\/p>","protected":false},"featured_media":5715,"comment_status":"open","ping_status":"closed","template":"","meta":{"_joinchat":[]},"product_cat":[418],"product_tag":[],"class_list":{"0":"post-5510","1":"product","2":"type-product","3":"status-publish","4":"has-post-thumbnail","6":"product_cat-vyzkumna-chemikalie","8":"first","9":"instock","10":"shipping-taxable","11":"purchasable","12":"product-type-variable"},"yoast_head":"<!-- This site is optimized with the Yoast SEO plugin v23.1 - https:\/\/yoast.com\/wordpress\/plugins\/seo\/ -->\n<title>Koupit 5-MeO-DMT online - 5-MeO-DMT na prodej | Narkoprasek<\/title>\n<meta name=\"description\" content=\"N\u00e1\u0161 internetov\u00fd obchod narkoprasek nab\u00edz\u00ed 5-meo-dmt t\u00e9 nejvy\u0161\u0161\u00ed kvality na prodej. Pokud si chcete koupit 5-meo-dmt online, m\u016f\u017eeme v\u00e1m pomoci ve v\u0161ech ohledech. Objednejte si je\u0161t\u011b dnes!\" \/>\n<meta name=\"robots\" content=\"index, follow, max-snippet:-1, max-image-preview:large, max-video-preview:-1\" \/>\n<link rel=\"canonical\" href=\"https:\/\/narkoprasek.com\/de\/produkt\/5-meo-dmt\/\" \/>\n<meta property=\"og:locale\" content=\"de_DE\" \/>\n<meta property=\"og:type\" content=\"article\" \/>\n<meta property=\"og:title\" content=\"Koupit 5-MeO-DMT online - 5-MeO-DMT na prodej | Narkoprasek\" \/>\n<meta property=\"og:description\" content=\"N\u00e1\u0161 internetov\u00fd obchod narkoprasek nab\u00edz\u00ed 5-meo-dmt t\u00e9 nejvy\u0161\u0161\u00ed kvality na prodej. Pokud si chcete koupit 5-meo-dmt online, m\u016f\u017eeme v\u00e1m pomoci ve v\u0161ech ohledech. Objednejte si je\u0161t\u011b dnes!\" \/>\n<meta property=\"og:url\" content=\"https:\/\/narkoprasek.com\/de\/produkt\/5-meo-dmt\/\" \/>\n<meta property=\"og:site_name\" content=\"Narko Pr\u00e1\u0161ek\" \/>\n<meta property=\"article:modified_time\" content=\"2026-03-28T09:21:44+00:00\" \/>\n<meta property=\"og:image\" content=\"https:\/\/narkoprasek.com\/wp-content\/uploads\/2025\/04\/5-MeO-DMT.jpg\" \/>\n\t<meta property=\"og:image:width\" content=\"600\" \/>\n\t<meta property=\"og:image:height\" content=\"600\" \/>\n\t<meta property=\"og:image:type\" content=\"image\/jpeg\" \/>\n<meta name=\"twitter:card\" content=\"summary_large_image\" \/>\n<meta name=\"twitter:label1\" content=\"Gesch\u00e4tzte Lesezeit\" \/>\n\t<meta name=\"twitter:data1\" content=\"2\u00a0Minuten\" \/>\n<script type=\"application\/ld+json\" class=\"yoast-schema-graph\">{\"@context\":\"https:\/\/schema.org\",\"@graph\":[{\"@type\":\"WebPage\",\"@id\":\"https:\/\/narkoprasek.com\/produkt\/5-meo-dmt\/\",\"url\":\"https:\/\/narkoprasek.com\/produkt\/5-meo-dmt\/\",\"name\":\"Koupit 5-MeO-DMT online - 5-MeO-DMT na prodej | Narkoprasek\",\"isPartOf\":{\"@id\":\"https:\/\/narkoprasek.com\/#website\"},\"primaryImageOfPage\":{\"@id\":\"https:\/\/narkoprasek.com\/produkt\/5-meo-dmt\/#primaryimage\"},\"image\":{\"@id\":\"https:\/\/narkoprasek.com\/produkt\/5-meo-dmt\/#primaryimage\"},\"thumbnailUrl\":\"https:\/\/narkoprasek.com\/wp-content\/uploads\/2025\/04\/5-MeO-DMT.jpg\",\"datePublished\":\"2025-04-26T10:34:34+00:00\",\"dateModified\":\"2026-03-28T09:21:44+00:00\",\"description\":\"N\u00e1\u0161 internetov\u00fd obchod narkoprasek nab\u00edz\u00ed 5-meo-dmt t\u00e9 nejvy\u0161\u0161\u00ed kvality na prodej. Pokud si chcete koupit 5-meo-dmt online, m\u016f\u017eeme v\u00e1m pomoci ve v\u0161ech ohledech. Objednejte si je\u0161t\u011b dnes!\",\"breadcrumb\":{\"@id\":\"https:\/\/narkoprasek.com\/produkt\/5-meo-dmt\/#breadcrumb\"},\"inLanguage\":\"de\",\"potentialAction\":[{\"@type\":\"ReadAction\",\"target\":[\"https:\/\/narkoprasek.com\/produkt\/5-meo-dmt\/\"]}]},{\"@type\":\"ImageObject\",\"inLanguage\":\"de\",\"@id\":\"https:\/\/narkoprasek.com\/produkt\/5-meo-dmt\/#primaryimage\",\"url\":\"https:\/\/narkoprasek.com\/wp-content\/uploads\/2025\/04\/5-MeO-DMT.jpg\",\"contentUrl\":\"https:\/\/narkoprasek.com\/wp-content\/uploads\/2025\/04\/5-MeO-DMT.jpg\",\"width\":600,\"height\":600,\"caption\":\"5-MeO-DMT\"},{\"@type\":\"BreadcrumbList\",\"@id\":\"https:\/\/narkoprasek.com\/produkt\/5-meo-dmt\/#breadcrumb\",\"itemListElement\":[{\"@type\":\"ListItem\",\"position\":1,\"name\":\"Home\",\"item\":\"https:\/\/narkoprasek.com\/\"},{\"@type\":\"ListItem\",\"position\":2,\"name\":\"Na\u0161e Produkty\",\"item\":\"https:\/\/narkoprasek.com\/shop\/\"},{\"@type\":\"ListItem\",\"position\":3,\"name\":\"Koupit 5-MeO-DMT Online\"}]},{\"@type\":\"WebSite\",\"@id\":\"https:\/\/narkoprasek.com\/#website\",\"url\":\"https:\/\/narkoprasek.com\/\",\"name\":\"Narko Pr\u00e1\u0161ek\",\"description\":\"My WordPress Blog\",\"potentialAction\":[{\"@type\":\"SearchAction\",\"target\":{\"@type\":\"EntryPoint\",\"urlTemplate\":\"https:\/\/narkoprasek.com\/?s={search_term_string}\"},\"query-input\":\"required name=search_term_string\"}],\"inLanguage\":\"de\"}]}<\/script>\n<!-- \/ Yoast SEO plugin. -->","yoast_head_json":{"title":"Koupit 5-MeO-DMT online - 5-MeO-DMT na prodej | Narkoprasek","description":"N\u00e1\u0161 internetov\u00fd obchod narkoprasek nab\u00edz\u00ed 5-meo-dmt t\u00e9 nejvy\u0161\u0161\u00ed kvality na prodej. Pokud si chcete koupit 5-meo-dmt online, m\u016f\u017eeme v\u00e1m pomoci ve v\u0161ech ohledech. Objednejte si je\u0161t\u011b dnes!","robots":{"index":"index","follow":"follow","max-snippet":"max-snippet:-1","max-image-preview":"max-image-preview:large","max-video-preview":"max-video-preview:-1"},"canonical":"https:\/\/narkoprasek.com\/de\/produkt\/5-meo-dmt\/","og_locale":"de_DE","og_type":"article","og_title":"Koupit 5-MeO-DMT online - 5-MeO-DMT na prodej | Narkoprasek","og_description":"N\u00e1\u0161 internetov\u00fd obchod narkoprasek nab\u00edz\u00ed 5-meo-dmt t\u00e9 nejvy\u0161\u0161\u00ed kvality na prodej. Pokud si chcete koupit 5-meo-dmt online, m\u016f\u017eeme v\u00e1m pomoci ve v\u0161ech ohledech. Objednejte si je\u0161t\u011b dnes!","og_url":"https:\/\/narkoprasek.com\/de\/produkt\/5-meo-dmt\/","og_site_name":"Narko Pr\u00e1\u0161ek","article_modified_time":"2026-03-28T09:21:44+00:00","og_image":[{"width":600,"height":600,"url":"https:\/\/narkoprasek.com\/wp-content\/uploads\/2025\/04\/5-MeO-DMT.jpg","type":"image\/jpeg"}],"twitter_card":"summary_large_image","twitter_misc":{"Gesch\u00e4tzte Lesezeit":"2\u00a0Minuten"},"schema":{"@context":"https:\/\/schema.org","@graph":[{"@type":"WebPage","@id":"https:\/\/narkoprasek.com\/produkt\/5-meo-dmt\/","url":"https:\/\/narkoprasek.com\/produkt\/5-meo-dmt\/","name":"Koupit 5-MeO-DMT online - 5-MeO-DMT na prodej | Narkoprasek","isPartOf":{"@id":"https:\/\/narkoprasek.com\/#website"},"primaryImageOfPage":{"@id":"https:\/\/narkoprasek.com\/produkt\/5-meo-dmt\/#primaryimage"},"image":{"@id":"https:\/\/narkoprasek.com\/produkt\/5-meo-dmt\/#primaryimage"},"thumbnailUrl":"https:\/\/narkoprasek.com\/wp-content\/uploads\/2025\/04\/5-MeO-DMT.jpg","datePublished":"2025-04-26T10:34:34+00:00","dateModified":"2026-03-28T09:21:44+00:00","description":"N\u00e1\u0161 internetov\u00fd obchod narkoprasek nab\u00edz\u00ed 5-meo-dmt t\u00e9 nejvy\u0161\u0161\u00ed kvality na prodej. Pokud si chcete koupit 5-meo-dmt online, m\u016f\u017eeme v\u00e1m pomoci ve v\u0161ech ohledech. Objednejte si je\u0161t\u011b dnes!","breadcrumb":{"@id":"https:\/\/narkoprasek.com\/produkt\/5-meo-dmt\/#breadcrumb"},"inLanguage":"de","potentialAction":[{"@type":"ReadAction","target":["https:\/\/narkoprasek.com\/produkt\/5-meo-dmt\/"]}]},{"@type":"ImageObject","inLanguage":"de","@id":"https:\/\/narkoprasek.com\/produkt\/5-meo-dmt\/#primaryimage","url":"https:\/\/narkoprasek.com\/wp-content\/uploads\/2025\/04\/5-MeO-DMT.jpg","contentUrl":"https:\/\/narkoprasek.com\/wp-content\/uploads\/2025\/04\/5-MeO-DMT.jpg","width":600,"height":600,"caption":"5-MeO-DMT"},{"@type":"BreadcrumbList","@id":"https:\/\/narkoprasek.com\/produkt\/5-meo-dmt\/#breadcrumb","itemListElement":[{"@type":"ListItem","position":1,"name":"Home","item":"https:\/\/narkoprasek.com\/"},{"@type":"ListItem","position":2,"name":"Na\u0161e Produkty","item":"https:\/\/narkoprasek.com\/shop\/"},{"@type":"ListItem","position":3,"name":"Koupit 5-MeO-DMT Online"}]},{"@type":"WebSite","@id":"https:\/\/narkoprasek.com\/#website","url":"https:\/\/narkoprasek.com\/","name":"Narko Pr\u00e1\u0161ek","description":"My WordPress Blog","potentialAction":[{"@type":"SearchAction","target":{"@type":"EntryPoint","urlTemplate":"https:\/\/narkoprasek.com\/?s={search_term_string}"},"query-input":"required name=search_term_string"}],"inLanguage":"de"}]}},"_links":{"self":[{"href":"https:\/\/narkoprasek.com\/de\/wp-json\/wp\/v2\/product\/5510","targetHints":{"allow":["GET"]}}],"collection":[{"href":"https:\/\/narkoprasek.com\/de\/wp-json\/wp\/v2\/product"}],"about":[{"href":"https:\/\/narkoprasek.com\/de\/wp-json\/wp\/v2\/types\/product"}],"replies":[{"embeddable":true,"href":"https:\/\/narkoprasek.com\/de\/wp-json\/wp\/v2\/comments?post=5510"}],"wp:featuredmedia":[{"embeddable":true,"href":"https:\/\/narkoprasek.com\/de\/wp-json\/wp\/v2\/media\/5715"}],"wp:attachment":[{"href":"https:\/\/narkoprasek.com\/de\/wp-json\/wp\/v2\/media?parent=5510"}],"wp:term":[{"taxonomy":"product_cat","embeddable":true,"href":"https:\/\/narkoprasek.com\/de\/wp-json\/wp\/v2\/product_cat?post=5510"},{"taxonomy":"product_tag","embeddable":true,"href":"https:\/\/narkoprasek.com\/de\/wp-json\/wp\/v2\/product_tag?post=5510"}],"curies":[{"name":"wp","href":"https:\/\/api.w.org\/{rel}","templated":true}]}}