{"id":5509,"date":"2025-04-26T10:38:08","date_gmt":"2025-04-26T10:38:08","guid":{"rendered":"https:\/\/narkoprasek.com\/?post_type=product&#038;p=5509"},"modified":"2026-01-08T09:27:39","modified_gmt":"2026-01-08T09:27:39","slug":"adb-butinaca","status":"publish","type":"product","link":"https:\/\/narkoprasek.com\/de\/produkt\/adb-butinaca\/","title":{"rendered":"Koupit ADB-BUTINACA Online"},"content":{"rendered":"<h2><span style=\"font-weight: 400;\">Kaufen Sie ADB-B \/ ADB-BUTINACA<\/span><\/h2>\n<p><span style=\"font-weight: 400;\">ADB-Butinaca, ein hochpotentes synthetisches Cannabinoid, ist zu einer unverzichtbaren Substanz in der Cannabinoidforschung geworden. Medeus Research Chem bietet hochwertiges ADB-Butinaca f\u00fcr Ihre Forschungszwecke an. Erfahren Sie mehr \u00fcber seine Eigenschaften, Anwendungsgebiete und Sicherheitsaspekte in diesem Leitfaden.<\/span><\/p>\n<h3><span style=\"font-weight: 400;\">ADB-B \/ ADB-BUTINACA online kaufen<\/span><\/h3>\n<p><span style=\"font-weight: 400;\"><a href=\"https:\/\/narkoprasek.com\/de\/produkt\/adb-butinaca\/\">Sie suchen online nach ADB-BUTINACA.<\/a>Medeus Research Chem bietet hochwertiges ADB-BUTINACA an, ein potentes synthetisches Cannabinoid, das in der wissenschaftlichen Forschung weit verbreitet ist. Bekannt f\u00fcr seine hohe Affinit\u00e4t zu den Cannabinoidrezeptoren CB1 und CB2, ist diese Verbindung ein wertvolles Werkzeug zum Verst\u00e4ndnis der Wirkungen synthetischer Cannabinoide auf das Endocannabinoid-System.<\/span><\/p>\n<h3><span style=\"font-weight: 400;\">Entdecken Sie noch heute die besten Angebote f\u00fcr ADB-BUTINACA und andere synthetische Cannabinoide.<\/span><\/h3>\n<p><span style=\"font-weight: 400;\">ADB-BUTINACA k prodeji<\/span><\/p>\n<p><span style=\"font-weight: 400;\">Wir bieten ADB-BUTINACA in verschiedenen Formen zum Verkauf an, darunter Pulver und Kristalle. Diese Produkte eignen sich ideal f\u00fcr:<\/span><\/p>\n<p><span style=\"font-weight: 400;\">Anal\u00fdzu aktivity kanabinoidn\u00edch receptor\u016f.<\/span><\/p>\n<p><span style=\"font-weight: 400;\">Prov\u00e1d\u011bn\u00ed farmakologick\u00fdch studi\u00ed.<\/span><\/p>\n<p><span style=\"font-weight: 400;\">Zkoum\u00e1n\u00ed terapeutick\u00e9ho potenci\u00e1lu.<\/span><\/p>\n<p><span style=\"font-weight: 400;\">Bestellen Sie direkt bei Medeus Research Chem, um die Echtheit des Produkts zu garantieren.<\/span><\/p>\n<h3><span style=\"font-weight: 400;\">ADB-BUTINACA Kaiman<\/span><\/h3>\n<p><span style=\"font-weight: 400;\"><a href=\"https:\/\/en.wikipedia.org\/wiki\/ADB-BUTINACA\">ADB-BUTINACA<\/a> Cayman bezeichnet hochreine Cannabinoid-Varianten, die h\u00e4ufig in Laboren verwendet werden. Diese Verbindung wird oft mit den Standards von Cayman Chemical verglichen, um genaue Analysen und Reproduzierbarkeit in Forschungsstudien zu gew\u00e4hrleisten. ADB-B \/ ADB-BUTINACA kaufen\u00a0<\/span><\/p>\n<h3><span style=\"font-weight: 400;\">ADB-BUTINACA-Pulver kaufen<\/span><\/h3>\n<p><span style=\"font-weight: 400;\">Unser ADB-Butinaca-Pulver ist die beste Wahl f\u00fcr Forscher, die zuverl\u00e4ssige, reine und wirksame Produkte suchen. Medeus Research Chem garantiert diskreten Versand und sichere Verpackung f\u00fcr alle Bestellungen. <a href=\"https:\/\/narkoprasek.com\/de\/\">Narkoprasek<\/a><\/span><\/p>\n<p><span style=\"font-weight: 400;\">Hier finden Sie unser Angebot: ADB-BUTINACA-Produkte.<\/span><\/p>\n<h3><span style=\"font-weight: 400;\">ADB-BUTINACA Chem Connect<\/span><\/h3>\n<p><span style=\"font-weight: 400;\">Suchen Sie nach ADB-BUTINACA Chem Connect? Wir bieten Ihnen hochwertige Forschungschemikalien zu wettbewerbsf\u00e4higen Preisen und mit weltweitem Versand. Ob Pulver, Kristalle oder andere Darreichungsformen \u2013 Medeus Research Chem hat das Richtige f\u00fcr Sie.<\/span><\/p>\n<h3><span style=\"font-weight: 400;\">Massenspektrum von ADB-BUTINACA<\/span><\/h3>\n<p><span style=\"font-weight: 400;\">Die massenspektrometrische Analyse von ADB-BUTINACA offenbart dessen einzigartige chemische Struktur, die f\u00fcr die Identifizierung der Wechselwirkungen mit den CB1- und CB2-Rezeptoren unerl\u00e4sslich ist. Unsere Produkte werden auf ihre pr\u00e4zise chemische Zusammensetzung gepr\u00fcft und verifiziert.<\/span><\/p>\n<h3><span style=\"font-weight: 400;\">Rechtsvorschriften der ADB-BUTINACA<\/span><\/h3>\n<p><span style=\"font-weight: 400;\">Die Legalit\u00e4t von ADB-Butinac variiert je nach Region. Bitte informieren Sie sich vor dem Kauf \u00fcber die geltenden Bestimmungen in Ihrem Land. Medeus Research Chem gew\u00e4hrleistet die Einhaltung der regulatorischen Vorgaben und ber\u00e4t Sie zu rechtlichen Aspekten im Zusammenhang mit Forschungschemikalien.<\/span><\/p>","protected":false},"excerpt":{"rendered":"<p>Koupit ADB-B \/ ADB-BUTINACA ADB-BUTINACA, vysoce \u00fa\u010dinn\u00fd syntetick\u00fd kanabinoid, se stal nezbytnou slou\u010deninou pro v\u00fdzkum \u00fa\u010dink\u016f kanabinoid\u016f na lidsk\u00e9 t\u011blo. Medeus Research Chem nab\u00edz\u00ed k prodeji pr\u00e9miov\u00fd ADB-BUTINACA, kter\u00fd spl\u0148uje va\u0161e v\u00fdzkumn\u00e9 pot\u0159eby. Objevte jeho vlastnosti, aplikace a bezpe\u010dnostn\u00ed aspekty s touto p\u0159\u00edru\u010dkou. Koupit ADB-B \/ ADB-BUTINACA online Hled\u00e1te ADB-BUTINACA online? Medeus Research Chem nab\u00edz\u00ed [&hellip;]<\/p>","protected":false},"featured_media":5714,"comment_status":"open","ping_status":"closed","template":"","meta":{"_joinchat":[]},"product_cat":[418],"product_tag":[],"class_list":{"0":"post-5509","1":"product","2":"type-product","3":"status-publish","4":"has-post-thumbnail","6":"product_cat-vyzkumna-chemikalie","8":"first","9":"instock","10":"shipping-taxable","11":"purchasable","12":"product-type-variable"},"yoast_head":"<!-- This site is optimized with the Yoast SEO plugin v23.1 - https:\/\/yoast.com\/wordpress\/plugins\/seo\/ -->\n<title>Koupit ADB-BUTINACA online - ADB-BUTINACA na prodej<\/title>\n<meta name=\"description\" content=\"ADB-BUTINACA na prodej je nyn\u00ed snadno k dispozici v na\u0161em internetov\u00e9m obchod\u011b. M\u016f\u017eete se p\u0159\u00edmo spojit s na\u0161\u00edm obchodem narkoprasek a koupit ADB-BUTINACA online za nejlep\u0161\u00ed ceny.\" \/>\n<meta name=\"robots\" content=\"index, follow, max-snippet:-1, max-image-preview:large, max-video-preview:-1\" \/>\n<link rel=\"canonical\" href=\"https:\/\/narkoprasek.com\/de\/produkt\/adb-butinaca\/\" \/>\n<meta property=\"og:locale\" content=\"de_DE\" \/>\n<meta property=\"og:type\" content=\"article\" \/>\n<meta property=\"og:title\" content=\"Koupit ADB-BUTINACA online - ADB-BUTINACA na prodej\" \/>\n<meta property=\"og:description\" content=\"ADB-BUTINACA na prodej je nyn\u00ed snadno k dispozici v na\u0161em internetov\u00e9m obchod\u011b. M\u016f\u017eete se p\u0159\u00edmo spojit s na\u0161\u00edm obchodem narkoprasek a koupit ADB-BUTINACA online za nejlep\u0161\u00ed ceny.\" \/>\n<meta property=\"og:url\" content=\"https:\/\/narkoprasek.com\/de\/produkt\/adb-butinaca\/\" \/>\n<meta property=\"og:site_name\" content=\"Narko Pr\u00e1\u0161ek\" \/>\n<meta property=\"article:modified_time\" content=\"2026-01-08T09:27:39+00:00\" \/>\n<meta property=\"og:image\" content=\"https:\/\/narkoprasek.com\/wp-content\/uploads\/2025\/04\/ADB-BUTINACA.jpg\" \/>\n\t<meta property=\"og:image:width\" content=\"600\" \/>\n\t<meta property=\"og:image:height\" content=\"600\" \/>\n\t<meta property=\"og:image:type\" content=\"image\/jpeg\" \/>\n<meta name=\"twitter:card\" content=\"summary_large_image\" \/>\n<meta name=\"twitter:label1\" content=\"Gesch\u00e4tzte Lesezeit\" \/>\n\t<meta name=\"twitter:data1\" content=\"2\u00a0Minuten\" \/>\n<script type=\"application\/ld+json\" class=\"yoast-schema-graph\">{\"@context\":\"https:\/\/schema.org\",\"@graph\":[{\"@type\":\"WebPage\",\"@id\":\"https:\/\/narkoprasek.com\/produkt\/adb-butinaca\/\",\"url\":\"https:\/\/narkoprasek.com\/produkt\/adb-butinaca\/\",\"name\":\"Koupit ADB-BUTINACA online - ADB-BUTINACA na prodej\",\"isPartOf\":{\"@id\":\"https:\/\/narkoprasek.com\/#website\"},\"primaryImageOfPage\":{\"@id\":\"https:\/\/narkoprasek.com\/produkt\/adb-butinaca\/#primaryimage\"},\"image\":{\"@id\":\"https:\/\/narkoprasek.com\/produkt\/adb-butinaca\/#primaryimage\"},\"thumbnailUrl\":\"https:\/\/narkoprasek.com\/wp-content\/uploads\/2025\/04\/ADB-BUTINACA.jpg\",\"datePublished\":\"2025-04-26T10:38:08+00:00\",\"dateModified\":\"2026-01-08T09:27:39+00:00\",\"description\":\"ADB-BUTINACA na prodej je nyn\u00ed snadno k dispozici v na\u0161em internetov\u00e9m obchod\u011b. M\u016f\u017eete se p\u0159\u00edmo spojit s na\u0161\u00edm obchodem narkoprasek a koupit ADB-BUTINACA online za nejlep\u0161\u00ed ceny.\",\"breadcrumb\":{\"@id\":\"https:\/\/narkoprasek.com\/produkt\/adb-butinaca\/#breadcrumb\"},\"inLanguage\":\"de\",\"potentialAction\":[{\"@type\":\"ReadAction\",\"target\":[\"https:\/\/narkoprasek.com\/produkt\/adb-butinaca\/\"]}]},{\"@type\":\"ImageObject\",\"inLanguage\":\"de\",\"@id\":\"https:\/\/narkoprasek.com\/produkt\/adb-butinaca\/#primaryimage\",\"url\":\"https:\/\/narkoprasek.com\/wp-content\/uploads\/2025\/04\/ADB-BUTINACA.jpg\",\"contentUrl\":\"https:\/\/narkoprasek.com\/wp-content\/uploads\/2025\/04\/ADB-BUTINACA.jpg\",\"width\":600,\"height\":600,\"caption\":\"ADB-BUTINACA\"},{\"@type\":\"BreadcrumbList\",\"@id\":\"https:\/\/narkoprasek.com\/produkt\/adb-butinaca\/#breadcrumb\",\"itemListElement\":[{\"@type\":\"ListItem\",\"position\":1,\"name\":\"Home\",\"item\":\"https:\/\/narkoprasek.com\/\"},{\"@type\":\"ListItem\",\"position\":2,\"name\":\"Na\u0161e Produkty\",\"item\":\"https:\/\/narkoprasek.com\/shop\/\"},{\"@type\":\"ListItem\",\"position\":3,\"name\":\"Koupit ADB-BUTINACA Online\"}]},{\"@type\":\"WebSite\",\"@id\":\"https:\/\/narkoprasek.com\/#website\",\"url\":\"https:\/\/narkoprasek.com\/\",\"name\":\"Narko Pr\u00e1\u0161ek\",\"description\":\"My WordPress Blog\",\"potentialAction\":[{\"@type\":\"SearchAction\",\"target\":{\"@type\":\"EntryPoint\",\"urlTemplate\":\"https:\/\/narkoprasek.com\/?s={search_term_string}\"},\"query-input\":\"required name=search_term_string\"}],\"inLanguage\":\"de\"}]}<\/script>\n<!-- \/ Yoast SEO plugin. -->","yoast_head_json":{"title":"Koupit ADB-BUTINACA online - ADB-BUTINACA na prodej","description":"ADB-BUTINACA na prodej je nyn\u00ed snadno k dispozici v na\u0161em internetov\u00e9m obchod\u011b. M\u016f\u017eete se p\u0159\u00edmo spojit s na\u0161\u00edm obchodem narkoprasek a koupit ADB-BUTINACA online za nejlep\u0161\u00ed ceny.","robots":{"index":"index","follow":"follow","max-snippet":"max-snippet:-1","max-image-preview":"max-image-preview:large","max-video-preview":"max-video-preview:-1"},"canonical":"https:\/\/narkoprasek.com\/de\/produkt\/adb-butinaca\/","og_locale":"de_DE","og_type":"article","og_title":"Koupit ADB-BUTINACA online - ADB-BUTINACA na prodej","og_description":"ADB-BUTINACA na prodej je nyn\u00ed snadno k dispozici v na\u0161em internetov\u00e9m obchod\u011b. M\u016f\u017eete se p\u0159\u00edmo spojit s na\u0161\u00edm obchodem narkoprasek a koupit ADB-BUTINACA online za nejlep\u0161\u00ed ceny.","og_url":"https:\/\/narkoprasek.com\/de\/produkt\/adb-butinaca\/","og_site_name":"Narko Pr\u00e1\u0161ek","article_modified_time":"2026-01-08T09:27:39+00:00","og_image":[{"width":600,"height":600,"url":"https:\/\/narkoprasek.com\/wp-content\/uploads\/2025\/04\/ADB-BUTINACA.jpg","type":"image\/jpeg"}],"twitter_card":"summary_large_image","twitter_misc":{"Gesch\u00e4tzte Lesezeit":"2\u00a0Minuten"},"schema":{"@context":"https:\/\/schema.org","@graph":[{"@type":"WebPage","@id":"https:\/\/narkoprasek.com\/produkt\/adb-butinaca\/","url":"https:\/\/narkoprasek.com\/produkt\/adb-butinaca\/","name":"Koupit ADB-BUTINACA online - ADB-BUTINACA na prodej","isPartOf":{"@id":"https:\/\/narkoprasek.com\/#website"},"primaryImageOfPage":{"@id":"https:\/\/narkoprasek.com\/produkt\/adb-butinaca\/#primaryimage"},"image":{"@id":"https:\/\/narkoprasek.com\/produkt\/adb-butinaca\/#primaryimage"},"thumbnailUrl":"https:\/\/narkoprasek.com\/wp-content\/uploads\/2025\/04\/ADB-BUTINACA.jpg","datePublished":"2025-04-26T10:38:08+00:00","dateModified":"2026-01-08T09:27:39+00:00","description":"ADB-BUTINACA na prodej je nyn\u00ed snadno k dispozici v na\u0161em internetov\u00e9m obchod\u011b. M\u016f\u017eete se p\u0159\u00edmo spojit s na\u0161\u00edm obchodem narkoprasek a koupit ADB-BUTINACA online za nejlep\u0161\u00ed ceny.","breadcrumb":{"@id":"https:\/\/narkoprasek.com\/produkt\/adb-butinaca\/#breadcrumb"},"inLanguage":"de","potentialAction":[{"@type":"ReadAction","target":["https:\/\/narkoprasek.com\/produkt\/adb-butinaca\/"]}]},{"@type":"ImageObject","inLanguage":"de","@id":"https:\/\/narkoprasek.com\/produkt\/adb-butinaca\/#primaryimage","url":"https:\/\/narkoprasek.com\/wp-content\/uploads\/2025\/04\/ADB-BUTINACA.jpg","contentUrl":"https:\/\/narkoprasek.com\/wp-content\/uploads\/2025\/04\/ADB-BUTINACA.jpg","width":600,"height":600,"caption":"ADB-BUTINACA"},{"@type":"BreadcrumbList","@id":"https:\/\/narkoprasek.com\/produkt\/adb-butinaca\/#breadcrumb","itemListElement":[{"@type":"ListItem","position":1,"name":"Home","item":"https:\/\/narkoprasek.com\/"},{"@type":"ListItem","position":2,"name":"Na\u0161e Produkty","item":"https:\/\/narkoprasek.com\/shop\/"},{"@type":"ListItem","position":3,"name":"Koupit ADB-BUTINACA Online"}]},{"@type":"WebSite","@id":"https:\/\/narkoprasek.com\/#website","url":"https:\/\/narkoprasek.com\/","name":"Narko Pr\u00e1\u0161ek","description":"My WordPress Blog","potentialAction":[{"@type":"SearchAction","target":{"@type":"EntryPoint","urlTemplate":"https:\/\/narkoprasek.com\/?s={search_term_string}"},"query-input":"required name=search_term_string"}],"inLanguage":"de"}]}},"_links":{"self":[{"href":"https:\/\/narkoprasek.com\/de\/wp-json\/wp\/v2\/product\/5509","targetHints":{"allow":["GET"]}}],"collection":[{"href":"https:\/\/narkoprasek.com\/de\/wp-json\/wp\/v2\/product"}],"about":[{"href":"https:\/\/narkoprasek.com\/de\/wp-json\/wp\/v2\/types\/product"}],"replies":[{"embeddable":true,"href":"https:\/\/narkoprasek.com\/de\/wp-json\/wp\/v2\/comments?post=5509"}],"wp:featuredmedia":[{"embeddable":true,"href":"https:\/\/narkoprasek.com\/de\/wp-json\/wp\/v2\/media\/5714"}],"wp:attachment":[{"href":"https:\/\/narkoprasek.com\/de\/wp-json\/wp\/v2\/media?parent=5509"}],"wp:term":[{"taxonomy":"product_cat","embeddable":true,"href":"https:\/\/narkoprasek.com\/de\/wp-json\/wp\/v2\/product_cat?post=5509"},{"taxonomy":"product_tag","embeddable":true,"href":"https:\/\/narkoprasek.com\/de\/wp-json\/wp\/v2\/product_tag?post=5509"}],"curies":[{"name":"wp","href":"https:\/\/api.w.org\/{rel}","templated":true}]}}