{"id":5507,"date":"2025-04-26T10:39:39","date_gmt":"2025-04-26T10:39:39","guid":{"rendered":"https:\/\/narkoprasek.com\/?post_type=product&#038;p=5507"},"modified":"2025-12-29T07:51:54","modified_gmt":"2025-12-29T07:51:54","slug":"koupit-amfetamin-online","status":"publish","type":"product","link":"https:\/\/narkoprasek.com\/de\/produkt\/koupit-amfetamin-online\/","title":{"rendered":"Koupit amfetamin online"},"content":{"rendered":"<h2><span style=\"font-weight: 400;\">Amphetamin kaufen<\/span><\/h2>\n<p><span style=\"font-weight: 400;\"><a href=\"https:\/\/narkoprasek.com\/de\/produkt\/amphetamine\/\">Kupte si amfetamin<\/a>Methamphetamin ist haupts\u00e4chlich in Tablettenform oder als kristallines Pulver (Crystal oder Ice) erh\u00e4ltlich. Die Tabletten, die meist aus Asien importiert werden, enthalten in der Regel etwa 15 mg Methamphetamin und Koffein. Speed \u200b\u200bonline kaufen<\/span><\/p>\n<p><span style=\"font-weight: 400;\">Methamphetamin ist haupts\u00e4chlich in Tablettenform oder als kristallines Pulver (Crystal oder Ice) erh\u00e4ltlich. Die Tabletten, die gr\u00f6\u00dftenteils aus Asien importiert werden, enthalten \u00fcblicherweise etwa 15 mg Methamphetamin und Koffein. <a href=\"https:\/\/narkoprasek.com\/de\/\">Narkoprasek<\/a><\/span><\/p>\n<h3><span style=\"font-weight: 400;\">Ursprung von Methamphetamin<\/span><\/h3>\n<p><span style=\"font-weight: 400;\">Het kristal is voornamelijk afkomstig uit Tsjechi\u00eb en Nederland. Het heeft een hoge zuiverheidsgraad, meestal boven de 70%.<\/span><\/p>\n<p><span style=\"font-weight: 400;\">Amphetamine online kaufen \u2013 Schneller Online-Kauf | Amphetamin-Speed<\/span><\/p>\n<p><span style=\"font-weight: 400;\"><a href=\"https:\/\/en.wikipedia.org\/wiki\/Amphetamine\">Amfetaminy<\/a> Methamphetamin wird haupts\u00e4chlich geschluckt, aber auch geschnupft und insbesondere geraucht. Die intraven\u00f6se Injektion dieser Substanzen ist selten.<\/span><\/p>\n<h3><span style=\"font-weight: 400;\">Welche Auswirkungen hat das?<\/span><\/h3>\n<p><span style=\"font-weight: 400;\">Methamphetamin gilt insbesondere als Droge mit einem sehr hohen Sucht- und Gesundheitsrisiko. Dies liegt an der St\u00e4rke und langen Wirkungsdauer, aber auch an den unangenehmen Nachwirkungen. Das Rauchen von Methamphetamin verst\u00e4rkt die Wirkung und f\u00fchrt somit zu weiteren Problemen. In Deutschland ist Methamphetamin derzeit haupts\u00e4chlich in begrenzten Kreisen und Regionen im Umlauf.<\/span><\/p>\n<h3><span style=\"font-weight: 400;\">Amphetaminkonsum<\/span><\/h3>\n<p><span style=\"font-weight: 400;\">Der Konsum von Amphetaminen ist besonders auf Partys verbreitet. Amphetamine werden auch zur Leistungssteigerung eingesetzt, beispielsweise im Alltag, im Beruf oder im Studium, sowie zur Gewichtsreduktion. Kaufgeschwindigkeit<\/span><\/p>\n<h3><span style=\"font-weight: 400;\">Ursprung von Methamphetamin<\/span><\/h3>\n<p><span style=\"font-weight: 400;\">Het kristal is voornamelijk afkomstig uit Tsjechi\u00eb en Nederland. Het heeft een hoge zuiverheidsgraad, meestal boven de 70%.<\/span><\/p>\n<p><span style=\"font-weight: 400;\">Geschwindigkeit des Amphetaminkonsums<\/span><\/p>\n<p><span style=\"font-weight: 400;\">Amphetamine und Methamphetamin werden haupts\u00e4chlich geschluckt, aber auch geschnupft und, insbesondere Methamphetamin, geraucht. Die intraven\u00f6se Injektion dieser Substanzen ist selten.<\/span><\/p>","protected":false},"excerpt":{"rendered":"<p>Koupit amfetamin Kupte si amfetamin. Metamfetamin je dostupn\u00fd hlavn\u011b ve form\u011b tablet nebo jako krystalick\u00fd pr\u00e1\u0161ek (krystal nebo led). Tablety, v\u011bt\u0161inou dov\u00e1\u017een\u00e9 z Asie, obvykle obsahuj\u00ed asi 15 mg metamfetaminu a kofein. Koupit rychlost online Metamfetamin je dostupn\u00fd hlavn\u011b ve form\u011b tablet nebo jako krystalick\u00fd pr\u00e1\u0161ek (krystal nebo led). Tablety, v\u011bt\u0161inou dov\u00e1\u017een\u00e9 z Asie, obvykle [&hellip;]<\/p>","protected":false},"featured_media":5704,"comment_status":"open","ping_status":"closed","template":"","meta":{"_joinchat":[]},"product_cat":[418],"product_tag":[],"class_list":{"0":"post-5507","1":"product","2":"type-product","3":"status-publish","4":"has-post-thumbnail","6":"product_cat-vyzkumna-chemikalie","8":"first","9":"instock","10":"shipping-taxable","11":"purchasable","12":"product-type-variable"},"yoast_head":"<!-- This site is optimized with the Yoast SEO plugin v23.1 - https:\/\/yoast.com\/wordpress\/plugins\/seo\/ -->\n<title>Kupte si amfetamin online - amfetamin na prodej<\/title>\n<meta name=\"description\" content=\"V na\u0161em internetov\u00e9m obchod\u011b narkoprasek m\u00e1me amfetamin na prodej. M\u016f\u017eete si snadno koupit amfetamin online v nejvy\u0161\u0161\u00ed kvalit\u011b za nejlep\u0161\u00ed ceny. Objednejte si ho hned te\u010f!\" \/>\n<meta name=\"robots\" content=\"index, follow, max-snippet:-1, max-image-preview:large, max-video-preview:-1\" \/>\n<link rel=\"canonical\" href=\"https:\/\/narkoprasek.com\/de\/produkt\/koupit-amfetamin-online\/\" \/>\n<meta property=\"og:locale\" content=\"de_DE\" \/>\n<meta property=\"og:type\" content=\"article\" \/>\n<meta property=\"og:title\" content=\"Kupte si amfetamin online - amfetamin na prodej\" \/>\n<meta property=\"og:description\" content=\"V na\u0161em internetov\u00e9m obchod\u011b narkoprasek m\u00e1me amfetamin na prodej. M\u016f\u017eete si snadno koupit amfetamin online v nejvy\u0161\u0161\u00ed kvalit\u011b za nejlep\u0161\u00ed ceny. Objednejte si ho hned te\u010f!\" \/>\n<meta property=\"og:url\" content=\"https:\/\/narkoprasek.com\/de\/produkt\/koupit-amfetamin-online\/\" \/>\n<meta property=\"og:site_name\" content=\"Narko Pr\u00e1\u0161ek\" \/>\n<meta property=\"article:modified_time\" content=\"2025-12-29T07:51:54+00:00\" \/>\n<meta property=\"og:image\" content=\"https:\/\/narkoprasek.com\/wp-content\/uploads\/2025\/04\/Amphetamin.jpg\" \/>\n\t<meta property=\"og:image:width\" content=\"600\" \/>\n\t<meta property=\"og:image:height\" content=\"600\" \/>\n\t<meta property=\"og:image:type\" content=\"image\/jpeg\" \/>\n<meta name=\"twitter:card\" content=\"summary_large_image\" \/>\n<meta name=\"twitter:label1\" content=\"Gesch\u00e4tzte Lesezeit\" \/>\n\t<meta name=\"twitter:data1\" content=\"2\u00a0Minuten\" \/>\n<script type=\"application\/ld+json\" class=\"yoast-schema-graph\">{\"@context\":\"https:\/\/schema.org\",\"@graph\":[{\"@type\":\"WebPage\",\"@id\":\"https:\/\/narkoprasek.com\/produkt\/koupit-amfetamin-online\/\",\"url\":\"https:\/\/narkoprasek.com\/produkt\/koupit-amfetamin-online\/\",\"name\":\"Kupte si amfetamin online - amfetamin na prodej\",\"isPartOf\":{\"@id\":\"https:\/\/narkoprasek.com\/#website\"},\"primaryImageOfPage\":{\"@id\":\"https:\/\/narkoprasek.com\/produkt\/koupit-amfetamin-online\/#primaryimage\"},\"image\":{\"@id\":\"https:\/\/narkoprasek.com\/produkt\/koupit-amfetamin-online\/#primaryimage\"},\"thumbnailUrl\":\"https:\/\/narkoprasek.com\/wp-content\/uploads\/2025\/04\/Amphetamin.jpg\",\"datePublished\":\"2025-04-26T10:39:39+00:00\",\"dateModified\":\"2025-12-29T07:51:54+00:00\",\"description\":\"V na\u0161em internetov\u00e9m obchod\u011b narkoprasek m\u00e1me amfetamin na prodej. M\u016f\u017eete si snadno koupit amfetamin online v nejvy\u0161\u0161\u00ed kvalit\u011b za nejlep\u0161\u00ed ceny. Objednejte si ho hned te\u010f!\",\"breadcrumb\":{\"@id\":\"https:\/\/narkoprasek.com\/produkt\/koupit-amfetamin-online\/#breadcrumb\"},\"inLanguage\":\"de\",\"potentialAction\":[{\"@type\":\"ReadAction\",\"target\":[\"https:\/\/narkoprasek.com\/produkt\/koupit-amfetamin-online\/\"]}]},{\"@type\":\"ImageObject\",\"inLanguage\":\"de\",\"@id\":\"https:\/\/narkoprasek.com\/produkt\/koupit-amfetamin-online\/#primaryimage\",\"url\":\"https:\/\/narkoprasek.com\/wp-content\/uploads\/2025\/04\/Amphetamin.jpg\",\"contentUrl\":\"https:\/\/narkoprasek.com\/wp-content\/uploads\/2025\/04\/Amphetamin.jpg\",\"width\":600,\"height\":600,\"caption\":\"Amphetamin\"},{\"@type\":\"BreadcrumbList\",\"@id\":\"https:\/\/narkoprasek.com\/produkt\/koupit-amfetamin-online\/#breadcrumb\",\"itemListElement\":[{\"@type\":\"ListItem\",\"position\":1,\"name\":\"Home\",\"item\":\"https:\/\/narkoprasek.com\/\"},{\"@type\":\"ListItem\",\"position\":2,\"name\":\"Na\u0161e Produkty\",\"item\":\"https:\/\/narkoprasek.com\/shop\/\"},{\"@type\":\"ListItem\",\"position\":3,\"name\":\"Koupit amfetamin online\"}]},{\"@type\":\"WebSite\",\"@id\":\"https:\/\/narkoprasek.com\/#website\",\"url\":\"https:\/\/narkoprasek.com\/\",\"name\":\"Narko Pr\u00e1\u0161ek\",\"description\":\"My WordPress Blog\",\"potentialAction\":[{\"@type\":\"SearchAction\",\"target\":{\"@type\":\"EntryPoint\",\"urlTemplate\":\"https:\/\/narkoprasek.com\/?s={search_term_string}\"},\"query-input\":\"required name=search_term_string\"}],\"inLanguage\":\"de\"}]}<\/script>\n<!-- \/ Yoast SEO plugin. -->","yoast_head_json":{"title":"Kupte si amfetamin online - amfetamin na prodej","description":"V na\u0161em internetov\u00e9m obchod\u011b narkoprasek m\u00e1me amfetamin na prodej. M\u016f\u017eete si snadno koupit amfetamin online v nejvy\u0161\u0161\u00ed kvalit\u011b za nejlep\u0161\u00ed ceny. Objednejte si ho hned te\u010f!","robots":{"index":"index","follow":"follow","max-snippet":"max-snippet:-1","max-image-preview":"max-image-preview:large","max-video-preview":"max-video-preview:-1"},"canonical":"https:\/\/narkoprasek.com\/de\/produkt\/koupit-amfetamin-online\/","og_locale":"de_DE","og_type":"article","og_title":"Kupte si amfetamin online - amfetamin na prodej","og_description":"V na\u0161em internetov\u00e9m obchod\u011b narkoprasek m\u00e1me amfetamin na prodej. M\u016f\u017eete si snadno koupit amfetamin online v nejvy\u0161\u0161\u00ed kvalit\u011b za nejlep\u0161\u00ed ceny. Objednejte si ho hned te\u010f!","og_url":"https:\/\/narkoprasek.com\/de\/produkt\/koupit-amfetamin-online\/","og_site_name":"Narko Pr\u00e1\u0161ek","article_modified_time":"2025-12-29T07:51:54+00:00","og_image":[{"width":600,"height":600,"url":"https:\/\/narkoprasek.com\/wp-content\/uploads\/2025\/04\/Amphetamin.jpg","type":"image\/jpeg"}],"twitter_card":"summary_large_image","twitter_misc":{"Gesch\u00e4tzte Lesezeit":"2\u00a0Minuten"},"schema":{"@context":"https:\/\/schema.org","@graph":[{"@type":"WebPage","@id":"https:\/\/narkoprasek.com\/produkt\/koupit-amfetamin-online\/","url":"https:\/\/narkoprasek.com\/produkt\/koupit-amfetamin-online\/","name":"Kupte si amfetamin online - amfetamin na prodej","isPartOf":{"@id":"https:\/\/narkoprasek.com\/#website"},"primaryImageOfPage":{"@id":"https:\/\/narkoprasek.com\/produkt\/koupit-amfetamin-online\/#primaryimage"},"image":{"@id":"https:\/\/narkoprasek.com\/produkt\/koupit-amfetamin-online\/#primaryimage"},"thumbnailUrl":"https:\/\/narkoprasek.com\/wp-content\/uploads\/2025\/04\/Amphetamin.jpg","datePublished":"2025-04-26T10:39:39+00:00","dateModified":"2025-12-29T07:51:54+00:00","description":"V na\u0161em internetov\u00e9m obchod\u011b narkoprasek m\u00e1me amfetamin na prodej. M\u016f\u017eete si snadno koupit amfetamin online v nejvy\u0161\u0161\u00ed kvalit\u011b za nejlep\u0161\u00ed ceny. Objednejte si ho hned te\u010f!","breadcrumb":{"@id":"https:\/\/narkoprasek.com\/produkt\/koupit-amfetamin-online\/#breadcrumb"},"inLanguage":"de","potentialAction":[{"@type":"ReadAction","target":["https:\/\/narkoprasek.com\/produkt\/koupit-amfetamin-online\/"]}]},{"@type":"ImageObject","inLanguage":"de","@id":"https:\/\/narkoprasek.com\/produkt\/koupit-amfetamin-online\/#primaryimage","url":"https:\/\/narkoprasek.com\/wp-content\/uploads\/2025\/04\/Amphetamin.jpg","contentUrl":"https:\/\/narkoprasek.com\/wp-content\/uploads\/2025\/04\/Amphetamin.jpg","width":600,"height":600,"caption":"Amphetamin"},{"@type":"BreadcrumbList","@id":"https:\/\/narkoprasek.com\/produkt\/koupit-amfetamin-online\/#breadcrumb","itemListElement":[{"@type":"ListItem","position":1,"name":"Home","item":"https:\/\/narkoprasek.com\/"},{"@type":"ListItem","position":2,"name":"Na\u0161e Produkty","item":"https:\/\/narkoprasek.com\/shop\/"},{"@type":"ListItem","position":3,"name":"Koupit amfetamin online"}]},{"@type":"WebSite","@id":"https:\/\/narkoprasek.com\/#website","url":"https:\/\/narkoprasek.com\/","name":"Narko Pr\u00e1\u0161ek","description":"My WordPress Blog","potentialAction":[{"@type":"SearchAction","target":{"@type":"EntryPoint","urlTemplate":"https:\/\/narkoprasek.com\/?s={search_term_string}"},"query-input":"required name=search_term_string"}],"inLanguage":"de"}]}},"_links":{"self":[{"href":"https:\/\/narkoprasek.com\/de\/wp-json\/wp\/v2\/product\/5507","targetHints":{"allow":["GET"]}}],"collection":[{"href":"https:\/\/narkoprasek.com\/de\/wp-json\/wp\/v2\/product"}],"about":[{"href":"https:\/\/narkoprasek.com\/de\/wp-json\/wp\/v2\/types\/product"}],"replies":[{"embeddable":true,"href":"https:\/\/narkoprasek.com\/de\/wp-json\/wp\/v2\/comments?post=5507"}],"wp:featuredmedia":[{"embeddable":true,"href":"https:\/\/narkoprasek.com\/de\/wp-json\/wp\/v2\/media\/5704"}],"wp:attachment":[{"href":"https:\/\/narkoprasek.com\/de\/wp-json\/wp\/v2\/media?parent=5507"}],"wp:term":[{"taxonomy":"product_cat","embeddable":true,"href":"https:\/\/narkoprasek.com\/de\/wp-json\/wp\/v2\/product_cat?post=5507"},{"taxonomy":"product_tag","embeddable":true,"href":"https:\/\/narkoprasek.com\/de\/wp-json\/wp\/v2\/product_tag?post=5507"}],"curies":[{"name":"wp","href":"https:\/\/api.w.org\/{rel}","templated":true}]}}