{"id":5506,"date":"2025-04-26T10:40:29","date_gmt":"2025-04-26T10:40:29","guid":{"rendered":"https:\/\/narkoprasek.com\/?post_type=product&#038;p=5506"},"modified":"2026-03-14T07:40:26","modified_gmt":"2026-03-14T07:40:26","slug":"koupit-bromazolam-online","status":"publish","type":"product","link":"https:\/\/narkoprasek.com\/de\/produkt\/koupit-bromazolam-online\/","title":{"rendered":"Koupit bromazolam online"},"content":{"rendered":"<h2><span style=\"font-weight: 400;\">Bromazolam 3mg Pelety<\/span><\/h2>\n<p><span style=\"font-weight: 400;\"><a href=\"https:\/\/narkoprasek.com\/de\/produkt\/bromazolam\/\">Bromazolam 3mg Pelety<\/a>, tak\u00e9 zn\u00e1m\u00e9 jako XLI-268, jsou triazolobenzodiazepiny (TBZD), kter\u00e9 byly poprv\u00e9 syntetizov\u00e1ny v roce 1976, ale nikdy nebyly uvedeny na trh. Bromazolam je bromov\u00fd, nikoli chlorov\u00fd analog alprazolamu a m\u00e1 podobn\u00e9 sedativn\u00ed a anxiolytick\u00e9 \u00fa\u010dinky jako on a dal\u0161\u00ed benzodiazepiny. Je to neselektivn\u00ed agonista benzodiazepinov\u00e9ho m\u00edsta receptor\u016f GABAA s vazebnou afinitou 2,81 nM u podtypu \u03b11, 0,69 nM u \u03b12 a 0,62 nM u \u03b15.<\/span><\/p>\n<h3><span style=\"font-weight: 400;\">Dostupnost bromazolamu.<\/span><\/h3>\n<p><span style=\"font-weight: 400;\">Zde si m\u016f\u017eete koupit bromazolam 3mg Pelety v nejvy\u0161\u0161\u00ed kvalit\u011b. Vyberte si mno\u017estv\u00ed, kter\u00e9 v\u00e1s zaj\u00edm\u00e1, mezi 10 jednotkami, 25 jednotkami, 50 jednotkami, 100 jednotkami a 250 jednotkami. <a href=\"https:\/\/narkoprasek.com\/de\/\">Narkoprasek<\/a><\/span><\/p>\n<h3><span style=\"font-weight: 400;\">Podm\u00ednky skladov\u00e1n\u00ed.<\/span><\/h3>\n<p><span style=\"font-weight: 400;\">Jakmile obdr\u017e\u00edte svou polo\u017eku, nezapome\u0148te ji skladovat mimo dosah slune\u010dn\u00edho z\u00e1\u0159en\u00ed, na such\u00e9m m\u00edst\u011b a p\u0159i pokojov\u00e9 teplot\u011b maxim\u00e1ln\u011b 20\u201325 \u00b0C. Pokud chcete zachovat vysokou kvalitu pelet Bromazolam 3 mg, Rschemszone v\u00e1m doporu\u010duje po\u0159\u00eddit si vakuov\u00fd balic\u00ed stroj. Nezapome\u0148te se n\u00e1s zeptat, pokud m\u00e1te jak\u00e9koli pochybnosti nebo dotazy.<\/span><\/p>\n<h3><span style=\"font-weight: 400;\">Manipulace s peletami Bromazolam 3 mg.<\/span><\/h3>\n<p><span style=\"font-weight: 400;\">D\u016frazn\u011b doporu\u010dujeme, abyste p\u0159i manipulaci s peletami <a href=\"https:\/\/en.wikipedia.org\/wiki\/Bromazolam\">Bromazolam<\/a> 3 mg dodr\u017eovali zvl\u00e1\u0161tn\u00ed bezpe\u010dnostn\u00ed opat\u0159en\u00ed, jako je no\u0161en\u00ed rou\u0161ky nebo rukavic.<\/span><\/p>\n<h3><span style=\"font-weight: 400;\">Kde koupit pelety 3 mg?<\/span><\/h3>\n<p><span style=\"font-weight: 400;\">V\u00fdzkumn\u00e9 chemik\u00e1lie v\u010detn\u011b pelet Bromazolam 3 mg si m\u016f\u017eete zakoupit na na\u0161ich webov\u00fdch str\u00e1nk\u00e1ch Rschemszone. V\u0161echny na\u0161e v\u00fdzkumn\u00e9 chemik\u00e1lie jsou p\u0159ed uveden\u00edm do prodeje testov\u00e1ny a analyzov\u00e1ny. Je to jedin\u00fd zp\u016fsob, jak potvrdit na\u0161i \u0161pi\u010dkovou kvalitu pelet. Pokud pot\u0159ebujete v\u00fdsledky nebo dal\u0161\u00ed pomoc, nev\u00e1hejte n\u00e1s kontaktovat. Je k dispozici pouze ve form\u011b pelet, ale m\u00e1me i n\u011bkter\u00e9 dal\u0161\u00ed v\u00fdzkumn\u00e9 chemik\u00e1lie ve form\u011b sav\u00e9ho pap\u00edru a pr\u00e1\u0161ku.<\/span><\/p>\n<h3><span style=\"font-weight: 400;\">Pro\u010d nakupovat od Narkoprasek?<\/span><\/h3>\n<p><span style=\"font-weight: 400;\">Jsme jedn\u00edm ze schv\u00e1len\u00fdch prodejc\u016f Lizard Labs a Rschemszone je vlastn\u011bna a provozov\u00e1na spole\u010dnost\u00ed Lizard Labs. S v\u00edce ne\u017e 10 lety zku\u0161enost\u00ed v tomto odv\u011btv\u00ed garantujeme bezchybn\u00fd servis a vysoce kvalitn\u00ed v\u00fdzkumn\u00e9 chemik\u00e1lie za jedny z nejni\u017e\u0161\u00edch cen na trhu.<\/span><\/p>\n<h3><span style=\"font-weight: 400;\">Speci\u00e1ln\u00ed podm\u00ednky pro n\u00e1kup pelet Bromazolam 3mg.<\/span><\/h3>\n<p><span style=\"font-weight: 400;\">Pelety Bromazolam 3mg si m\u016f\u017eete koupit online zde, ale mus\u00edte b\u00fdt star\u0161\u00ed 18 let a rozum\u011bt v\u0161em podm\u00ednk\u00e1m uveden\u00fdm na na\u0161ich webov\u00fdch str\u00e1nk\u00e1ch a b\u011bhem procesu platby. V\u0161echny na\u0161e v\u00fdzkumn\u00e9 chemik\u00e1lie jsou tak\u00e9 prod\u00e1v\u00e1ny v\u00fdhradn\u011b pro laboratorn\u00ed a analytick\u00e9 \u00fa\u010dely. Pokud spl\u0148ujete v\u0161echny tyto podm\u00ednky, sta\u010d\u00ed pou\u017e\u00edt registra\u010dn\u00ed formul\u00e1\u0159, zadat svou prvn\u00ed dodac\u00ed adresu a za\u010d\u00edt nakupovat!<\/span><\/p>\n<p>&nbsp;<\/p>","protected":false},"excerpt":{"rendered":"<p>Bromazolam 3mg Pelety Bromazolam 3mg Pelety, tak\u00e9 zn\u00e1m\u00e9 jako XLI-268, jsou triazolobenzodiazepiny (TBZD), kter\u00e9 byly poprv\u00e9 syntetizov\u00e1ny v roce 1976, ale nikdy nebyly uvedeny na trh. Bromazolam je bromov\u00fd, nikoli chlorov\u00fd analog alprazolamu a m\u00e1 podobn\u00e9 sedativn\u00ed a anxiolytick\u00e9 \u00fa\u010dinky jako on a dal\u0161\u00ed benzodiazepiny. Je to neselektivn\u00ed agonista benzodiazepinov\u00e9ho m\u00edsta receptor\u016f GABAA s vazebnou [&hellip;]<\/p>","protected":false},"featured_media":5703,"comment_status":"open","ping_status":"closed","template":"","meta":{"_joinchat":[]},"product_cat":[418],"product_tag":[],"class_list":{"0":"post-5506","1":"product","2":"type-product","3":"status-publish","4":"has-post-thumbnail","6":"product_cat-vyzkumna-chemikalie","8":"first","9":"instock","10":"shipping-taxable","11":"purchasable","12":"product-type-variable"},"yoast_head":"<!-- This site is optimized with the Yoast SEO plugin v23.1 - https:\/\/yoast.com\/wordpress\/plugins\/seo\/ -->\n<title>Kupte si Bromazolam online - Bromazolam na prodej<\/title>\n<meta name=\"description\" content=\"Pokud v\u00e1s bromazolam zaj\u00edm\u00e1, pak je n\u00e1\u0161 obchod nejlep\u0161\u00edm m\u00edstem pro n\u00e1kup bromazolamu online. Bromazolam m\u016f\u017eete m\u00edt na prodej za nejni\u017e\u0161\u00ed cenu. Objednejte si ho hned te\u010f a brzy ho obdr\u017e\u00edte!\" \/>\n<meta name=\"robots\" content=\"index, follow, max-snippet:-1, max-image-preview:large, max-video-preview:-1\" \/>\n<link rel=\"canonical\" href=\"https:\/\/narkoprasek.com\/de\/produkt\/koupit-bromazolam-online\/\" \/>\n<meta property=\"og:locale\" content=\"de_DE\" \/>\n<meta property=\"og:type\" content=\"article\" \/>\n<meta property=\"og:title\" content=\"Kupte si Bromazolam online - Bromazolam na prodej\" \/>\n<meta property=\"og:description\" content=\"Pokud v\u00e1s bromazolam zaj\u00edm\u00e1, pak je n\u00e1\u0161 obchod nejlep\u0161\u00edm m\u00edstem pro n\u00e1kup bromazolamu online. Bromazolam m\u016f\u017eete m\u00edt na prodej za nejni\u017e\u0161\u00ed cenu. Objednejte si ho hned te\u010f a brzy ho obdr\u017e\u00edte!\" \/>\n<meta property=\"og:url\" content=\"https:\/\/narkoprasek.com\/de\/produkt\/koupit-bromazolam-online\/\" \/>\n<meta property=\"og:site_name\" content=\"Narko Pr\u00e1\u0161ek\" \/>\n<meta property=\"article:modified_time\" content=\"2026-03-14T07:40:26+00:00\" \/>\n<meta property=\"og:image\" content=\"https:\/\/narkoprasek.com\/wp-content\/uploads\/2025\/04\/Bromazolam.jpg\" \/>\n\t<meta property=\"og:image:width\" content=\"600\" \/>\n\t<meta property=\"og:image:height\" content=\"600\" \/>\n\t<meta property=\"og:image:type\" content=\"image\/jpeg\" \/>\n<meta name=\"twitter:card\" content=\"summary_large_image\" \/>\n<meta name=\"twitter:label1\" content=\"Gesch\u00e4tzte Lesezeit\" \/>\n\t<meta name=\"twitter:data1\" content=\"2\u00a0Minuten\" \/>\n<script type=\"application\/ld+json\" class=\"yoast-schema-graph\">{\"@context\":\"https:\/\/schema.org\",\"@graph\":[{\"@type\":\"WebPage\",\"@id\":\"https:\/\/narkoprasek.com\/produkt\/koupit-bromazolam-online\/\",\"url\":\"https:\/\/narkoprasek.com\/produkt\/koupit-bromazolam-online\/\",\"name\":\"Kupte si Bromazolam online - Bromazolam na prodej\",\"isPartOf\":{\"@id\":\"https:\/\/narkoprasek.com\/#website\"},\"primaryImageOfPage\":{\"@id\":\"https:\/\/narkoprasek.com\/produkt\/koupit-bromazolam-online\/#primaryimage\"},\"image\":{\"@id\":\"https:\/\/narkoprasek.com\/produkt\/koupit-bromazolam-online\/#primaryimage\"},\"thumbnailUrl\":\"https:\/\/narkoprasek.com\/wp-content\/uploads\/2025\/04\/Bromazolam.jpg\",\"datePublished\":\"2025-04-26T10:40:29+00:00\",\"dateModified\":\"2026-03-14T07:40:26+00:00\",\"description\":\"Pokud v\u00e1s bromazolam zaj\u00edm\u00e1, pak je n\u00e1\u0161 obchod nejlep\u0161\u00edm m\u00edstem pro n\u00e1kup bromazolamu online. Bromazolam m\u016f\u017eete m\u00edt na prodej za nejni\u017e\u0161\u00ed cenu. Objednejte si ho hned te\u010f a brzy ho obdr\u017e\u00edte!\",\"breadcrumb\":{\"@id\":\"https:\/\/narkoprasek.com\/produkt\/koupit-bromazolam-online\/#breadcrumb\"},\"inLanguage\":\"de\",\"potentialAction\":[{\"@type\":\"ReadAction\",\"target\":[\"https:\/\/narkoprasek.com\/produkt\/koupit-bromazolam-online\/\"]}]},{\"@type\":\"ImageObject\",\"inLanguage\":\"de\",\"@id\":\"https:\/\/narkoprasek.com\/produkt\/koupit-bromazolam-online\/#primaryimage\",\"url\":\"https:\/\/narkoprasek.com\/wp-content\/uploads\/2025\/04\/Bromazolam.jpg\",\"contentUrl\":\"https:\/\/narkoprasek.com\/wp-content\/uploads\/2025\/04\/Bromazolam.jpg\",\"width\":600,\"height\":600,\"caption\":\"Bromazolam\"},{\"@type\":\"BreadcrumbList\",\"@id\":\"https:\/\/narkoprasek.com\/produkt\/koupit-bromazolam-online\/#breadcrumb\",\"itemListElement\":[{\"@type\":\"ListItem\",\"position\":1,\"name\":\"Home\",\"item\":\"https:\/\/narkoprasek.com\/\"},{\"@type\":\"ListItem\",\"position\":2,\"name\":\"Na\u0161e Produkty\",\"item\":\"https:\/\/narkoprasek.com\/shop\/\"},{\"@type\":\"ListItem\",\"position\":3,\"name\":\"Koupit bromazolam online\"}]},{\"@type\":\"WebSite\",\"@id\":\"https:\/\/narkoprasek.com\/#website\",\"url\":\"https:\/\/narkoprasek.com\/\",\"name\":\"Narko Pr\u00e1\u0161ek\",\"description\":\"My WordPress Blog\",\"potentialAction\":[{\"@type\":\"SearchAction\",\"target\":{\"@type\":\"EntryPoint\",\"urlTemplate\":\"https:\/\/narkoprasek.com\/?s={search_term_string}\"},\"query-input\":\"required name=search_term_string\"}],\"inLanguage\":\"de\"}]}<\/script>\n<!-- \/ Yoast SEO plugin. -->","yoast_head_json":{"title":"Kupte si Bromazolam online - Bromazolam na prodej","description":"Pokud v\u00e1s bromazolam zaj\u00edm\u00e1, pak je n\u00e1\u0161 obchod nejlep\u0161\u00edm m\u00edstem pro n\u00e1kup bromazolamu online. Bromazolam m\u016f\u017eete m\u00edt na prodej za nejni\u017e\u0161\u00ed cenu. Objednejte si ho hned te\u010f a brzy ho obdr\u017e\u00edte!","robots":{"index":"index","follow":"follow","max-snippet":"max-snippet:-1","max-image-preview":"max-image-preview:large","max-video-preview":"max-video-preview:-1"},"canonical":"https:\/\/narkoprasek.com\/de\/produkt\/koupit-bromazolam-online\/","og_locale":"de_DE","og_type":"article","og_title":"Kupte si Bromazolam online - Bromazolam na prodej","og_description":"Pokud v\u00e1s bromazolam zaj\u00edm\u00e1, pak je n\u00e1\u0161 obchod nejlep\u0161\u00edm m\u00edstem pro n\u00e1kup bromazolamu online. Bromazolam m\u016f\u017eete m\u00edt na prodej za nejni\u017e\u0161\u00ed cenu. Objednejte si ho hned te\u010f a brzy ho obdr\u017e\u00edte!","og_url":"https:\/\/narkoprasek.com\/de\/produkt\/koupit-bromazolam-online\/","og_site_name":"Narko Pr\u00e1\u0161ek","article_modified_time":"2026-03-14T07:40:26+00:00","og_image":[{"width":600,"height":600,"url":"https:\/\/narkoprasek.com\/wp-content\/uploads\/2025\/04\/Bromazolam.jpg","type":"image\/jpeg"}],"twitter_card":"summary_large_image","twitter_misc":{"Gesch\u00e4tzte Lesezeit":"2\u00a0Minuten"},"schema":{"@context":"https:\/\/schema.org","@graph":[{"@type":"WebPage","@id":"https:\/\/narkoprasek.com\/produkt\/koupit-bromazolam-online\/","url":"https:\/\/narkoprasek.com\/produkt\/koupit-bromazolam-online\/","name":"Kupte si Bromazolam online - Bromazolam na prodej","isPartOf":{"@id":"https:\/\/narkoprasek.com\/#website"},"primaryImageOfPage":{"@id":"https:\/\/narkoprasek.com\/produkt\/koupit-bromazolam-online\/#primaryimage"},"image":{"@id":"https:\/\/narkoprasek.com\/produkt\/koupit-bromazolam-online\/#primaryimage"},"thumbnailUrl":"https:\/\/narkoprasek.com\/wp-content\/uploads\/2025\/04\/Bromazolam.jpg","datePublished":"2025-04-26T10:40:29+00:00","dateModified":"2026-03-14T07:40:26+00:00","description":"Pokud v\u00e1s bromazolam zaj\u00edm\u00e1, pak je n\u00e1\u0161 obchod nejlep\u0161\u00edm m\u00edstem pro n\u00e1kup bromazolamu online. Bromazolam m\u016f\u017eete m\u00edt na prodej za nejni\u017e\u0161\u00ed cenu. Objednejte si ho hned te\u010f a brzy ho obdr\u017e\u00edte!","breadcrumb":{"@id":"https:\/\/narkoprasek.com\/produkt\/koupit-bromazolam-online\/#breadcrumb"},"inLanguage":"de","potentialAction":[{"@type":"ReadAction","target":["https:\/\/narkoprasek.com\/produkt\/koupit-bromazolam-online\/"]}]},{"@type":"ImageObject","inLanguage":"de","@id":"https:\/\/narkoprasek.com\/produkt\/koupit-bromazolam-online\/#primaryimage","url":"https:\/\/narkoprasek.com\/wp-content\/uploads\/2025\/04\/Bromazolam.jpg","contentUrl":"https:\/\/narkoprasek.com\/wp-content\/uploads\/2025\/04\/Bromazolam.jpg","width":600,"height":600,"caption":"Bromazolam"},{"@type":"BreadcrumbList","@id":"https:\/\/narkoprasek.com\/produkt\/koupit-bromazolam-online\/#breadcrumb","itemListElement":[{"@type":"ListItem","position":1,"name":"Home","item":"https:\/\/narkoprasek.com\/"},{"@type":"ListItem","position":2,"name":"Na\u0161e Produkty","item":"https:\/\/narkoprasek.com\/shop\/"},{"@type":"ListItem","position":3,"name":"Koupit bromazolam online"}]},{"@type":"WebSite","@id":"https:\/\/narkoprasek.com\/#website","url":"https:\/\/narkoprasek.com\/","name":"Narko Pr\u00e1\u0161ek","description":"My WordPress Blog","potentialAction":[{"@type":"SearchAction","target":{"@type":"EntryPoint","urlTemplate":"https:\/\/narkoprasek.com\/?s={search_term_string}"},"query-input":"required name=search_term_string"}],"inLanguage":"de"}]}},"_links":{"self":[{"href":"https:\/\/narkoprasek.com\/de\/wp-json\/wp\/v2\/product\/5506","targetHints":{"allow":["GET"]}}],"collection":[{"href":"https:\/\/narkoprasek.com\/de\/wp-json\/wp\/v2\/product"}],"about":[{"href":"https:\/\/narkoprasek.com\/de\/wp-json\/wp\/v2\/types\/product"}],"replies":[{"embeddable":true,"href":"https:\/\/narkoprasek.com\/de\/wp-json\/wp\/v2\/comments?post=5506"}],"wp:featuredmedia":[{"embeddable":true,"href":"https:\/\/narkoprasek.com\/de\/wp-json\/wp\/v2\/media\/5703"}],"wp:attachment":[{"href":"https:\/\/narkoprasek.com\/de\/wp-json\/wp\/v2\/media?parent=5506"}],"wp:term":[{"taxonomy":"product_cat","embeddable":true,"href":"https:\/\/narkoprasek.com\/de\/wp-json\/wp\/v2\/product_cat?post=5506"},{"taxonomy":"product_tag","embeddable":true,"href":"https:\/\/narkoprasek.com\/de\/wp-json\/wp\/v2\/product_tag?post=5506"}],"curies":[{"name":"wp","href":"https:\/\/api.w.org\/{rel}","templated":true}]}}