{"id":5504,"date":"2025-04-26T10:42:59","date_gmt":"2025-04-26T10:42:59","guid":{"rendered":"https:\/\/narkoprasek.com\/?post_type=product&#038;p=5504"},"modified":"2026-03-17T05:19:55","modified_gmt":"2026-03-17T05:19:55","slug":"koupit-dmt-nn-dimethyltryptamin-online","status":"publish","type":"product","link":"https:\/\/narkoprasek.com\/de\/produkt\/koupit-dmt-nn-dimethyltryptamin-online\/","title":{"rendered":"Koupit DMT (N,N-dimethyltryptamin) online"},"content":{"rendered":"<h2><span style=\"font-weight: 400;\">N,N-Dimethyltryptamin (DMT)<\/span><\/h2>\n<p><span style=\"font-weight: 400;\"><a href=\"https:\/\/narkoprasek.com\/de\/produkt\/dmt-nn-dimethyltryptamin\/\">Koupit N,N-Dimethyltryptamin<\/a>. Tento N,N-Dimethyltryptamin (DMT), \u010dasto ozna\u010dovan\u00fd jako \u201emolekula ducha\u201c, je p\u0159irozen\u011b se vyskytuj\u00edc\u00ed psychedelick\u00e1 slou\u010denina uct\u00edvan\u00e1 pro svou hlubokou schopnost vyvol\u00e1vat transformativn\u00ed a transcendentn\u00ed z\u00e1\u017eitky. DMT, kter\u00e9 se nach\u00e1z\u00ed v r\u016fzn\u00fdch rostlin\u00e1ch a \u017eivo\u010di\u0161\u00edch, se po stalet\u00ed pou\u017e\u00edv\u00e1 v duchovn\u00edch ritu\u00e1lech a praktik\u00e1ch roz\u0161i\u0159uj\u00edc\u00edch v\u011bdom\u00ed. A\u0165 u\u017e ho zkoum\u00e1te pro osobn\u00ed vhled, tv\u016fr\u010d\u00ed inspiraci nebo v\u011bdeck\u00fd v\u00fdzkum, <a href=\"https:\/\/en.wikipedia.org\/wiki\/N,N-Dimethyltryptamine\">DMT<\/a> nab\u00edz\u00ed jedine\u010dnou br\u00e1nu do zm\u011bn\u011bn\u00fdch stav\u016f v\u011bdom\u00ed.<\/span><\/p>\n<p><span style=\"font-weight: 400;\">N,N-Dimethyltryptamin<\/span><\/p>\n<h3><span style=\"font-weight: 400;\">Psychedelick\u00e1 slou\u010denina DMT<\/span><\/h3>\n<ul>\n<li><span style=\"font-weight: 400;\">\u010cist\u00fd DMT na prodej<\/span><\/li>\n<li><span style=\"font-weight: 400;\">K \u010demu se pou\u017e\u00edv\u00e1 N,N-Dimethyltryptamin?<\/span><\/li>\n<li><span style=\"font-weight: 400;\">V\u00fdhody u\u017e\u00edv\u00e1n\u00ed DMT pro duchovn\u00ed probuzen\u00ed<\/span><\/li>\n<li><span style=\"font-weight: 400;\">Jak bezpe\u010dn\u011b vaporizovat DMT<\/span><\/li>\n<li><span style=\"font-weight: 400;\">\u00da\u010dinky N,N-Dimethyltryptaminu na mysl<\/span><\/li>\n<\/ul>\n<h3><span style=\"font-weight: 400;\">Co je N,N-Dimethyltryptamin?<\/span><\/h3>\n<p><span style=\"font-weight: 400;\">DMT je siln\u00e1 psychedelick\u00e1 tryptaminov\u00e1 slou\u010denina, kter\u00e1 vytv\u00e1\u0159\u00ed \u017eiv\u00e9, pohlcuj\u00edc\u00ed a \u017eivot m\u011bn\u00edc\u00ed z\u00e1\u017eitky. Interaguje se serotoninov\u00fdmi receptory v mozku, co\u017e vede ke zv\u00fd\u0161en\u00e9mu vn\u00edm\u00e1n\u00ed, intenzivn\u00edm vizu\u00e1ln\u00edm projev\u016fm a pocit\u016fm univerz\u00e1ln\u00edho propojen\u00ed. DMT, zn\u00e1m\u00e9 pro sv\u00e9 kr\u00e1tk\u00e9, ale intenzivn\u00ed \u00fa\u010dinky, je obl\u00edbenou volbou pro ty, kte\u0159\u00ed hledaj\u00ed duchovn\u00ed r\u016fst a sebepozn\u00e1n\u00ed. <a href=\"https:\/\/narkoprasek.com\/de\/\">Narkoprasek<\/a><\/span><\/p>\n<h3><span style=\"font-weight: 400;\">Kl\u00ed\u010dov\u00e9 vlastnosti N,N-dimethyltryptaminu (DMT):<\/span><\/h3>\n<p><span style=\"font-weight: 400;\">Vysok\u00e1 \u010distota a \u00fa\u010dinnost: Pr\u00e9miov\u00fd N,N-DMT pro konzistentn\u00ed a spolehliv\u00e9 \u00fa\u010dinky.<\/span><\/p>\n<p><span style=\"font-weight: 400;\">V\u0161estrann\u00e9 pou\u017eit\u00ed: Vhodn\u00e9 pro vaporizaci, or\u00e1ln\u00ed po\u017eit\u00ed (s MAOI) nebo pro v\u00fdzkumn\u00e9 \u00fa\u010dely.<\/span><\/p>\n<p><span style=\"font-weight: 400;\">Transforma\u010dn\u00ed \u00fa\u010dinky: Usnad\u0148uje duchovn\u00ed probuzen\u00ed, emo\u010dn\u00ed uzdraven\u00ed a kreativn\u00ed vhledy.<\/span><\/p>\n<p><span style=\"font-weight: 400;\">P\u0159\u00edrodn\u00ed zdroj: Z\u00edsk\u00e1v\u00e1 se z rostlinn\u00fdch nebo syntetizovan\u00fdch zdroj\u016f, co\u017e zaji\u0161\u0165uje etickou v\u00fdrobu.<\/span><\/p>\n<p><span style=\"font-weight: 400;\">Kr\u00e1tkodob\u00fd \u00fa\u010dinek: Po vaporizaci obvykle trv\u00e1 5\u201315 minut s hlubok\u00fdmi n\u00e1sledky.<\/span><\/p>\n<h3><span style=\"font-weight: 400;\">Potenci\u00e1ln\u00ed vyu\u017eit\u00ed N,N-dimethyltryptaminu (DMT):<\/span><\/h3>\n<p><span style=\"font-weight: 400;\">Duchovn\u00ed zkoum\u00e1n\u00ed: Zp\u0159\u00edstupn\u011bte zm\u011bn\u011bn\u00e9 stavy v\u011bdom\u00ed a spojte se s univerz\u00e1ln\u00edmi energiemi.<\/span><\/p>\n<p><span style=\"font-weight: 400;\">Emo\u010dn\u00ed l\u00e9\u010den\u00ed: Uvoln\u011bte potla\u010den\u00e9 emoce a p\u0159ehodno\u0165te negativn\u00ed my\u0161lenkov\u00e9 vzorce.<\/span><\/p>\n<p><span style=\"font-weight: 400;\">Terapeutick\u00fd potenci\u00e1l: Nov\u00e9 v\u00fdzkumy zd\u016fraz\u0148uj\u00ed jeho vyu\u017eit\u00ed pro \u00falevu od PTSD, deprese a \u00fazkosti.<\/span><\/p>\n<p><span style=\"font-weight: 400;\">V\u00fdzkum v\u011bdom\u00ed: Obl\u00edben\u00fd mezi psychonauty a v\u00fdzkumn\u00edky studuj\u00edc\u00edmi z\u00e1hady mysli.<\/span><\/p>\n<p><span style=\"font-weight: 400;\">Kreativn\u00ed vylep\u0161en\u00ed: Inspirujte inovativn\u00ed my\u0161len\u00ed a nov\u00e9 perspektivy.<\/span><\/p>\n<h3><span style=\"font-weight: 400;\">Jak pou\u017e\u00edvat N,N-dimethyltryptamin<\/span><\/h3>\n<p><span style=\"font-weight: 400;\">Vaporizace: Nejb\u011b\u017en\u011bj\u0161\u00ed a nej\u00fa\u010dinn\u011bj\u0161\u00ed metoda DMT, kter\u00e1 nab\u00edz\u00ed rychle p\u016fsob\u00edc\u00ed a intenzivn\u00ed z\u00e1\u017eitky.<\/span><\/p>\n<p><span style=\"font-weight: 400;\">Peror\u00e1ln\u00ed konzumace (Ayahuasca): Pro aktivaci vy\u017eaduje kombinaci DMT s inhibitorem MAO (inhibitor monoaminooxid\u00e1zy).<\/span><\/p>\n<p><span style=\"font-weight: 400;\">Bezpe\u010dn\u00e9 d\u00e1vkov\u00e1n\u00ed: Za\u010dn\u011bte s n\u00edzkou d\u00e1vkou, abyste pochopili svou citlivost, a postupn\u011b ji upravujte pro dosa\u017een\u00ed po\u017eadovan\u00fdch \u00fa\u010dink\u016f.<\/span><\/p>\n<h3><span style=\"font-weight: 400;\">Pro\u010d si vybrat n\u00e1\u0161 N,N-dimethyltryptamin?<\/span><\/h3>\n<p><span style=\"font-weight: 400;\">Bezkonkuren\u010dn\u00ed kvalita: Ka\u017ed\u00e1 \u0161ar\u017ee je d\u016fkladn\u011b testov\u00e1na na \u010distotu a \u00fa\u010dinnost.<\/span><\/p>\n<p><span style=\"font-weight: 400;\">Etick\u00e9 z\u00edsk\u00e1v\u00e1n\u00ed: Z\u00edsk\u00e1v\u00e1no z udr\u017eiteln\u00fdch, p\u0159\u00edrodn\u00edch zdroj\u016f s vyu\u017eit\u00edm ekologicky \u0161etrn\u00fdch postup\u016f.<\/span><\/p>\n<p><span style=\"font-weight: 400;\">D\u016fv\u011bra nad\u0161enc\u016f: Vysoce hodnoceno psychonauty pro konzistentn\u00ed a spolehliv\u00e9 \u00fa\u010dinky.<\/span><\/p>\n<p><span style=\"font-weight: 400;\">Diskr\u00e9tn\u00ed balen\u00ed: Ochrana va\u0161eho soukrom\u00ed d\u00edky bezpe\u010dn\u00fdm a diskr\u00e9tn\u00edm mo\u017enostem dopravy.<\/span><\/p>\n<p>&nbsp;<\/p>","protected":false},"excerpt":{"rendered":"<p>N,N-Dimethyltryptamin (DMT) Koupit N,N-Dimethyltryptamin. Tento N,N-Dimethyltryptamin (DMT), \u010dasto ozna\u010dovan\u00fd jako \u201emolekula ducha\u201c, je p\u0159irozen\u011b se vyskytuj\u00edc\u00ed psychedelick\u00e1 slou\u010denina uct\u00edvan\u00e1 pro svou hlubokou schopnost vyvol\u00e1vat transformativn\u00ed a transcendentn\u00ed z\u00e1\u017eitky. DMT, kter\u00e9 se nach\u00e1z\u00ed v r\u016fzn\u00fdch rostlin\u00e1ch a \u017eivo\u010di\u0161\u00edch, se po stalet\u00ed pou\u017e\u00edv\u00e1 v duchovn\u00edch ritu\u00e1lech a praktik\u00e1ch roz\u0161i\u0159uj\u00edc\u00edch v\u011bdom\u00ed. A\u0165 u\u017e ho zkoum\u00e1te pro osobn\u00ed vhled, [&hellip;]<\/p>","protected":false},"featured_media":5702,"comment_status":"open","ping_status":"closed","template":"","meta":{"_joinchat":[]},"product_cat":[418],"product_tag":[],"class_list":{"0":"post-5504","1":"product","2":"type-product","3":"status-publish","4":"has-post-thumbnail","6":"product_cat-vyzkumna-chemikalie","8":"first","9":"instock","10":"shipping-taxable","11":"purchasable","12":"product-type-variable"},"yoast_head":"<!-- This site is optimized with the Yoast SEO plugin v23.1 - https:\/\/yoast.com\/wordpress\/plugins\/seo\/ -->\n<title>Kupte si DMT (N,N-dimethyltryptamin) online - DMT na prodej<\/title>\n<meta name=\"description\" content=\"Nenechte si uj\u00edt \u017e\u00e1dnou p\u0159\u00edle\u017eitost koupit DMT (N,N-dimethyltryptamin) online z na\u0161eho obchodu. Zab\u00fdv\u00e1me se v\u00fdhradn\u011b prodejem DMT (N,N-dimethyltryptaminu) za n\u00edzk\u00e9 ceny. Jsme tu, abychom v\u00e1m pomohli. Objednejte si hned!\" \/>\n<meta name=\"robots\" content=\"index, follow, max-snippet:-1, max-image-preview:large, max-video-preview:-1\" \/>\n<link rel=\"canonical\" href=\"https:\/\/narkoprasek.com\/de\/produkt\/koupit-dmt-nn-dimethyltryptamin-online\/\" \/>\n<meta property=\"og:locale\" content=\"de_DE\" \/>\n<meta property=\"og:type\" content=\"article\" \/>\n<meta property=\"og:title\" content=\"Kupte si DMT (N,N-dimethyltryptamin) online - DMT na prodej\" \/>\n<meta property=\"og:description\" content=\"Nenechte si uj\u00edt \u017e\u00e1dnou p\u0159\u00edle\u017eitost koupit DMT (N,N-dimethyltryptamin) online z na\u0161eho obchodu. Zab\u00fdv\u00e1me se v\u00fdhradn\u011b prodejem DMT (N,N-dimethyltryptaminu) za n\u00edzk\u00e9 ceny. Jsme tu, abychom v\u00e1m pomohli. Objednejte si hned!\" \/>\n<meta property=\"og:url\" content=\"https:\/\/narkoprasek.com\/de\/produkt\/koupit-dmt-nn-dimethyltryptamin-online\/\" \/>\n<meta property=\"og:site_name\" content=\"Narko Pr\u00e1\u0161ek\" \/>\n<meta property=\"article:modified_time\" content=\"2026-03-17T05:19:55+00:00\" \/>\n<meta property=\"og:image\" content=\"https:\/\/narkoprasek.com\/wp-content\/uploads\/2025\/04\/DMT-NN-Dimethyltryptamin.jpg\" \/>\n\t<meta property=\"og:image:width\" content=\"600\" \/>\n\t<meta property=\"og:image:height\" content=\"600\" \/>\n\t<meta property=\"og:image:type\" content=\"image\/jpeg\" \/>\n<meta name=\"twitter:card\" content=\"summary_large_image\" \/>\n<meta name=\"twitter:label1\" content=\"Gesch\u00e4tzte Lesezeit\" \/>\n\t<meta name=\"twitter:data1\" content=\"2\u00a0Minuten\" \/>\n<script type=\"application\/ld+json\" class=\"yoast-schema-graph\">{\"@context\":\"https:\/\/schema.org\",\"@graph\":[{\"@type\":\"WebPage\",\"@id\":\"https:\/\/narkoprasek.com\/produkt\/koupit-dmt-nn-dimethyltryptamin-online\/\",\"url\":\"https:\/\/narkoprasek.com\/produkt\/koupit-dmt-nn-dimethyltryptamin-online\/\",\"name\":\"Kupte si DMT (N,N-dimethyltryptamin) online - DMT na prodej\",\"isPartOf\":{\"@id\":\"https:\/\/narkoprasek.com\/#website\"},\"primaryImageOfPage\":{\"@id\":\"https:\/\/narkoprasek.com\/produkt\/koupit-dmt-nn-dimethyltryptamin-online\/#primaryimage\"},\"image\":{\"@id\":\"https:\/\/narkoprasek.com\/produkt\/koupit-dmt-nn-dimethyltryptamin-online\/#primaryimage\"},\"thumbnailUrl\":\"https:\/\/narkoprasek.com\/wp-content\/uploads\/2025\/04\/DMT-NN-Dimethyltryptamin.jpg\",\"datePublished\":\"2025-04-26T10:42:59+00:00\",\"dateModified\":\"2026-03-17T05:19:55+00:00\",\"description\":\"Nenechte si uj\u00edt \u017e\u00e1dnou p\u0159\u00edle\u017eitost koupit DMT (N,N-dimethyltryptamin) online z na\u0161eho obchodu. Zab\u00fdv\u00e1me se v\u00fdhradn\u011b prodejem DMT (N,N-dimethyltryptaminu) za n\u00edzk\u00e9 ceny. Jsme tu, abychom v\u00e1m pomohli. Objednejte si hned!\",\"breadcrumb\":{\"@id\":\"https:\/\/narkoprasek.com\/produkt\/koupit-dmt-nn-dimethyltryptamin-online\/#breadcrumb\"},\"inLanguage\":\"de\",\"potentialAction\":[{\"@type\":\"ReadAction\",\"target\":[\"https:\/\/narkoprasek.com\/produkt\/koupit-dmt-nn-dimethyltryptamin-online\/\"]}]},{\"@type\":\"ImageObject\",\"inLanguage\":\"de\",\"@id\":\"https:\/\/narkoprasek.com\/produkt\/koupit-dmt-nn-dimethyltryptamin-online\/#primaryimage\",\"url\":\"https:\/\/narkoprasek.com\/wp-content\/uploads\/2025\/04\/DMT-NN-Dimethyltryptamin.jpg\",\"contentUrl\":\"https:\/\/narkoprasek.com\/wp-content\/uploads\/2025\/04\/DMT-NN-Dimethyltryptamin.jpg\",\"width\":600,\"height\":600,\"caption\":\"DMT-(N,N-Dimethyltryptamin)\"},{\"@type\":\"BreadcrumbList\",\"@id\":\"https:\/\/narkoprasek.com\/produkt\/koupit-dmt-nn-dimethyltryptamin-online\/#breadcrumb\",\"itemListElement\":[{\"@type\":\"ListItem\",\"position\":1,\"name\":\"Home\",\"item\":\"https:\/\/narkoprasek.com\/\"},{\"@type\":\"ListItem\",\"position\":2,\"name\":\"Na\u0161e Produkty\",\"item\":\"https:\/\/narkoprasek.com\/shop\/\"},{\"@type\":\"ListItem\",\"position\":3,\"name\":\"Koupit DMT (N,N-dimethyltryptamin) online\"}]},{\"@type\":\"WebSite\",\"@id\":\"https:\/\/narkoprasek.com\/#website\",\"url\":\"https:\/\/narkoprasek.com\/\",\"name\":\"Narko Pr\u00e1\u0161ek\",\"description\":\"My WordPress Blog\",\"potentialAction\":[{\"@type\":\"SearchAction\",\"target\":{\"@type\":\"EntryPoint\",\"urlTemplate\":\"https:\/\/narkoprasek.com\/?s={search_term_string}\"},\"query-input\":\"required name=search_term_string\"}],\"inLanguage\":\"de\"}]}<\/script>\n<!-- \/ Yoast SEO plugin. -->","yoast_head_json":{"title":"Kupte si DMT (N,N-dimethyltryptamin) online - DMT na prodej","description":"Nenechte si uj\u00edt \u017e\u00e1dnou p\u0159\u00edle\u017eitost koupit DMT (N,N-dimethyltryptamin) online z na\u0161eho obchodu. Zab\u00fdv\u00e1me se v\u00fdhradn\u011b prodejem DMT (N,N-dimethyltryptaminu) za n\u00edzk\u00e9 ceny. Jsme tu, abychom v\u00e1m pomohli. Objednejte si hned!","robots":{"index":"index","follow":"follow","max-snippet":"max-snippet:-1","max-image-preview":"max-image-preview:large","max-video-preview":"max-video-preview:-1"},"canonical":"https:\/\/narkoprasek.com\/de\/produkt\/koupit-dmt-nn-dimethyltryptamin-online\/","og_locale":"de_DE","og_type":"article","og_title":"Kupte si DMT (N,N-dimethyltryptamin) online - DMT na prodej","og_description":"Nenechte si uj\u00edt \u017e\u00e1dnou p\u0159\u00edle\u017eitost koupit DMT (N,N-dimethyltryptamin) online z na\u0161eho obchodu. Zab\u00fdv\u00e1me se v\u00fdhradn\u011b prodejem DMT (N,N-dimethyltryptaminu) za n\u00edzk\u00e9 ceny. Jsme tu, abychom v\u00e1m pomohli. Objednejte si hned!","og_url":"https:\/\/narkoprasek.com\/de\/produkt\/koupit-dmt-nn-dimethyltryptamin-online\/","og_site_name":"Narko Pr\u00e1\u0161ek","article_modified_time":"2026-03-17T05:19:55+00:00","og_image":[{"width":600,"height":600,"url":"https:\/\/narkoprasek.com\/wp-content\/uploads\/2025\/04\/DMT-NN-Dimethyltryptamin.jpg","type":"image\/jpeg"}],"twitter_card":"summary_large_image","twitter_misc":{"Gesch\u00e4tzte Lesezeit":"2\u00a0Minuten"},"schema":{"@context":"https:\/\/schema.org","@graph":[{"@type":"WebPage","@id":"https:\/\/narkoprasek.com\/produkt\/koupit-dmt-nn-dimethyltryptamin-online\/","url":"https:\/\/narkoprasek.com\/produkt\/koupit-dmt-nn-dimethyltryptamin-online\/","name":"Kupte si DMT (N,N-dimethyltryptamin) online - DMT na prodej","isPartOf":{"@id":"https:\/\/narkoprasek.com\/#website"},"primaryImageOfPage":{"@id":"https:\/\/narkoprasek.com\/produkt\/koupit-dmt-nn-dimethyltryptamin-online\/#primaryimage"},"image":{"@id":"https:\/\/narkoprasek.com\/produkt\/koupit-dmt-nn-dimethyltryptamin-online\/#primaryimage"},"thumbnailUrl":"https:\/\/narkoprasek.com\/wp-content\/uploads\/2025\/04\/DMT-NN-Dimethyltryptamin.jpg","datePublished":"2025-04-26T10:42:59+00:00","dateModified":"2026-03-17T05:19:55+00:00","description":"Nenechte si uj\u00edt \u017e\u00e1dnou p\u0159\u00edle\u017eitost koupit DMT (N,N-dimethyltryptamin) online z na\u0161eho obchodu. Zab\u00fdv\u00e1me se v\u00fdhradn\u011b prodejem DMT (N,N-dimethyltryptaminu) za n\u00edzk\u00e9 ceny. Jsme tu, abychom v\u00e1m pomohli. Objednejte si hned!","breadcrumb":{"@id":"https:\/\/narkoprasek.com\/produkt\/koupit-dmt-nn-dimethyltryptamin-online\/#breadcrumb"},"inLanguage":"de","potentialAction":[{"@type":"ReadAction","target":["https:\/\/narkoprasek.com\/produkt\/koupit-dmt-nn-dimethyltryptamin-online\/"]}]},{"@type":"ImageObject","inLanguage":"de","@id":"https:\/\/narkoprasek.com\/produkt\/koupit-dmt-nn-dimethyltryptamin-online\/#primaryimage","url":"https:\/\/narkoprasek.com\/wp-content\/uploads\/2025\/04\/DMT-NN-Dimethyltryptamin.jpg","contentUrl":"https:\/\/narkoprasek.com\/wp-content\/uploads\/2025\/04\/DMT-NN-Dimethyltryptamin.jpg","width":600,"height":600,"caption":"DMT-(N,N-Dimethyltryptamin)"},{"@type":"BreadcrumbList","@id":"https:\/\/narkoprasek.com\/produkt\/koupit-dmt-nn-dimethyltryptamin-online\/#breadcrumb","itemListElement":[{"@type":"ListItem","position":1,"name":"Home","item":"https:\/\/narkoprasek.com\/"},{"@type":"ListItem","position":2,"name":"Na\u0161e Produkty","item":"https:\/\/narkoprasek.com\/shop\/"},{"@type":"ListItem","position":3,"name":"Koupit DMT (N,N-dimethyltryptamin) online"}]},{"@type":"WebSite","@id":"https:\/\/narkoprasek.com\/#website","url":"https:\/\/narkoprasek.com\/","name":"Narko Pr\u00e1\u0161ek","description":"My WordPress Blog","potentialAction":[{"@type":"SearchAction","target":{"@type":"EntryPoint","urlTemplate":"https:\/\/narkoprasek.com\/?s={search_term_string}"},"query-input":"required name=search_term_string"}],"inLanguage":"de"}]}},"_links":{"self":[{"href":"https:\/\/narkoprasek.com\/de\/wp-json\/wp\/v2\/product\/5504","targetHints":{"allow":["GET"]}}],"collection":[{"href":"https:\/\/narkoprasek.com\/de\/wp-json\/wp\/v2\/product"}],"about":[{"href":"https:\/\/narkoprasek.com\/de\/wp-json\/wp\/v2\/types\/product"}],"replies":[{"embeddable":true,"href":"https:\/\/narkoprasek.com\/de\/wp-json\/wp\/v2\/comments?post=5504"}],"wp:featuredmedia":[{"embeddable":true,"href":"https:\/\/narkoprasek.com\/de\/wp-json\/wp\/v2\/media\/5702"}],"wp:attachment":[{"href":"https:\/\/narkoprasek.com\/de\/wp-json\/wp\/v2\/media?parent=5504"}],"wp:term":[{"taxonomy":"product_cat","embeddable":true,"href":"https:\/\/narkoprasek.com\/de\/wp-json\/wp\/v2\/product_cat?post=5504"},{"taxonomy":"product_tag","embeddable":true,"href":"https:\/\/narkoprasek.com\/de\/wp-json\/wp\/v2\/product_tag?post=5504"}],"curies":[{"name":"wp","href":"https:\/\/api.w.org\/{rel}","templated":true}]}}