{"id":5503,"date":"2025-04-26T10:27:34","date_gmt":"2025-04-26T10:27:34","guid":{"rendered":"https:\/\/narkoprasek.com\/?post_type=product&#038;p=5503"},"modified":"2026-03-13T09:07:25","modified_gmt":"2026-03-13T09:07:25","slug":"3-fpm","status":"publish","type":"product","link":"https:\/\/narkoprasek.com\/de\/produkt\/3-fpm\/","title":{"rendered":"Koupit 3-FPM Online"},"content":{"rendered":"<h2><span style=\"font-weight: 400;\">Kaufen Sie 3-FPM online: Die beste Adresse f\u00fcr Ihre Recherchebed\u00fcrfnisse<\/span><\/h2>\n<p><span style=\"font-weight: 400;\"><a href=\"https:\/\/narkoprasek.com\/de\/produkt\/3-fpm\/\">Wenn Sie online nach 3-FPM (3-Fluorphenmetrazin) suchen<\/a>Sie sind hier genau richtig. Medeus Narkoprasek bietet hochwertiges 3-FPM-Pulver zu wettbewerbsf\u00e4higen Preisen an. Ob Sie akademischer Forscher oder Psychonaut sind, wir haben eine Auswahl an Premium-Forschungschemikalien f\u00fcr Ihre Bed\u00fcrfnisse. Unsere 3-FPM-Forschungschemikalie stammt von vertrauensw\u00fcrdigen Lieferanten und garantiert somit Reinheit und Zuverl\u00e4ssigkeit.<\/span><\/p>\n<p><span style=\"font-weight: 400;\">Kaufen <a href=\"https:\/\/en.wikipedia.org\/wiki\/3-Fluorophenmetrazine\">3-FPM<\/a> Bestellen Sie online und erhalten Sie Chemikalien schnell und diskret direkt nach Hause. Unsere benutzerfreundliche Plattform erm\u00f6glicht Ihnen den unkomplizierten Bezug hochwertiger Chemikalien. Entdecken Sie noch heute unser Sortiment und starten Sie Ihr n\u00e4chstes Forschungsprojekt.<\/span><\/p>\n<h3><span style=\"font-weight: 400;\">Entdecken Sie unsere Sammlung fluorierter Chemikalien<\/span><\/h3>\n<p><span style=\"font-weight: 400;\">3-FPM-Betrug: So erkennen Sie betr\u00fcgerische Verk\u00e4ufer<\/span><\/p>\n<p><span style=\"font-weight: 400;\">Beim Online-Kauf von 3-FPM ist es unerl\u00e4sslich, Betrug zu vermeiden. Leider bieten viele Verk\u00e4ufer aufgrund der steigenden Beliebtheit von Forschungschemikalien gef\u00e4lschte oder minderwertige Substanzen an, die gef\u00e4hrlich sein k\u00f6nnen. Bei Medeus Narkoprasek stellen wir sicher, dass jede Charge 3-FPM gr\u00fcndlich gepr\u00fcft und qualit\u00e4tszertifiziert wird. Wir garantieren Transparenz bei jeder Transaktion, sichere Zahlungsmethoden und einen zuverl\u00e4ssigen Kundenservice. <a href=\"https:\/\/narkoprasek.com\/de\/\">Narkoprasek<\/a><\/span><\/p>\n<p><span style=\"font-weight: 400;\">Kaufen Sie ausschlie\u00dflich bei vertrauensw\u00fcrdigen Anbietern wie Medeus Narkoprasek, um nicht Opfer eines 3-FPM-Betrugs zu werden. Unsere Website bietet Ihnen \u00fcbersichtliche Produktinformationen und Kundenbewertungen, damit Sie fundierte Entscheidungen treffen k\u00f6nnen.<\/span><\/p>\n<h3><span style=\"font-weight: 400;\">3F-Phenmetrazin: Was macht es so einzigartig?<\/span><\/h3>\n<p><span style=\"font-weight: 400;\">3F-Phenmetrazin ist ein fluoriertes Derivat von Phenmetrazin, einer stimulierenden Substanz, die h\u00e4ufig in der Forschung zur Untersuchung ihrer psychoaktiven und pharmakologischen Wirkungen eingesetzt wird. Als Forschungschemikalie ist 3F-Phenmetrazin aufgrund seiner stimulierenden Eigenschaften gesch\u00e4tzt und daher eine beliebte Wahl f\u00fcr Wissenschaftler, die das zentrale Nervensystem erforschen.<\/span><\/p>\n<p><span style=\"font-weight: 400;\">Sie k\u00f6nnen 3F-Phenmetrazin online bei Medeus Narkoprasek kaufen. Wir bieten es Ihnen sowohl als Pulver als auch in kristalliner Form an. Unsere hochwertigen Produkte eignen sich ideal f\u00fcr Anwender in Bereichen wie Pharmakologie, Neurowissenschaften oder Psychopharmakologie.<\/span><\/p>\n<h3><span style=\"font-weight: 400;\">3-FPM zu verkaufen: Kaufen Sie mit Vertrauen<\/span><\/h3>\n<p><span style=\"font-weight: 400;\">Medeus Narkoprasek bietet 3-FPM in verschiedenen Mengen zum Verkauf an, um den Bedarf von Forschern weltweit zu decken. Ob Sie eine kleine Probe f\u00fcr Vorversuche oder eine gr\u00f6\u00dfere Menge f\u00fcr laufende Projekte ben\u00f6tigen \u2013 wir garantieren die sorgf\u00e4ltige Bearbeitung jeder Bestellung. Wenn Sie 3-FPM online bei uns kaufen, entscheiden Sie sich f\u00fcr hochwertige Chemikalien in Forschungsqualit\u00e4t.<\/span><\/p>\n<h3><span style=\"font-weight: 400;\">Kaufen Sie 3-FPM-Pulver online f\u00fcr Ihre Forschungsprojekte<\/span><\/h3>\n<p><span style=\"font-weight: 400;\">F\u00fcr Forscher, die 3-FPM-Pulver online suchen, ist Medeus Narkoprasek die richtige Adresse. Unser 3-FPM-Pulver eignet sich ideal f\u00fcr wissenschaftliche Experimente und ist zu wettbewerbsf\u00e4higen Preisen erh\u00e4ltlich. Dank schneller und sicherer Lieferoptionen erhalten Sie die ben\u00f6tigten Chemikalien im Handumdrehen.<\/span><\/p>\n<h3><span style=\"font-weight: 400;\">3-Methoxyphenmetrazin: Vergleich mit 3-FPM<\/span><\/h3>\n<p><span style=\"font-weight: 400;\">Eine weitere erw\u00e4genswerte Option ist 3-Methoxyphenmetrazin, eine mit 3-FPM eng verwandte Chemikalie. Obwohl beide Verbindungen \u00e4hnliche Eigenschaften aufweisen, kann 3-Methoxyphenmetrazin leicht abweichende Wirkungen entfalten. Wissenschaftler vergleichen diese Verbindungen h\u00e4ufig, um ihre unterschiedlichen Eigenschaften und potenziellen Anwendungsgebiete besser zu verstehen.<\/span><\/p>\n<p><span style=\"font-weight: 400;\">Entdecken Sie unseren kompletten Katalog an fluorierten Chemikalien, einschlie\u00dflich 3-Methoxyphenmetrazin, und beginnen Sie Ihre Recherche mit dem Besten, was auf dem Markt erh\u00e4ltlich ist.<\/span><\/p>\n<p><span style=\"font-weight: 400;\">Kaufen Sie 3-FPM (3-Fluorphenmetrazin) online mit schneller Lieferung<\/span><\/p>\n<p><span style=\"font-weight: 400;\">U Medeus <strong>Narkoprasek<\/strong> Sie k\u00f6nnen 3-FPM (3-Fluorphenmetrazin) online mit Qualit\u00e4tsgarantie und schneller Lieferung kaufen. Unser optimierter Bestellprozess gew\u00e4hrleistet eine effiziente Bearbeitung Ihrer Bestellung, und wir bieten weltweit zuverl\u00e4ssige und diskrete Versandoptionen.<\/span><\/p>\n<h3><span style=\"font-weight: 400;\">Kauf von 3-FPM in Kanada: Zugang zu hochwertigen Chemikalien<\/span><\/h3>\n<p><span style=\"font-weight: 400;\">Forscher in Kanada k\u00f6nnen 3-FPM problemlos beziehen. Medeus Narkoprasek bietet schnellen Versand nach Kanada und stellt so sicher, dass Sie jederzeit Zugriff auf die ben\u00f6tigten 3-FPM-Forschungschemikalien haben. Dank unserer benutzerfreundlichen Plattform war der Kauf von 3-FPM in Kanada noch nie so einfach.<\/span><\/p>\n<h3><span style=\"font-weight: 400;\">3-Phenylmorpholin: Ein enger Verwandter von 3-FPM<\/span><\/h3>\n<p><span style=\"font-weight: 400;\">Eine weitere Forschungschemikalie, die mit 3-FPM verwandt ist, ist 3-Phenylmorpholin. Obwohl es nicht identisch ist, bietet diese Verbindung \u00e4hnliche stimulierende Wirkungen und wird in pharmakologischen Studien h\u00e4ufig mit 3-FPM verglichen. Forscher, die das Potenzial von Morpholinderivaten untersuchen, betrachten 3-Phenylmorpholin oft als wertvollen Vergleichsstoff.<\/span><\/p>\n<h3><span style=\"font-weight: 400;\">Forschungschemikalien zu verkaufen<\/span><\/h3>\n<p><span style=\"font-weight: 400;\">Bei Medeus Narkoprasek bieten wir eine breite Palette an Forschungschemikalien zum Kauf an, darunter 3-FPM, 2-FPM, 3FPM und weitere. Wir beliefern Forscher, die zuverl\u00e4ssige Substanzen f\u00fcr ihre Studien ben\u00f6tigen, und bieten eine Vielzahl von Verbindungen zu wettbewerbsf\u00e4higen Preisen an. Wenn Sie 3-FPM in einem Online-Shop suchen, bieten wir Ihnen ein unkompliziertes Einkaufserlebnis von Anfang bis Ende.<\/span><\/p>\n<p>&nbsp;<\/p>","protected":false},"excerpt":{"rendered":"<p>Kupte si 3-FPM online: Nejlep\u0161\u00ed m\u00edsto pro va\u0161e v\u00fdzkumn\u00e9 pot\u0159eby Pokud hled\u00e1te 3-FPM (3-fluorfenmetrazin) online, jste na spr\u00e1vn\u00e9m m\u00edst\u011b. Medeus Narkoprasek nab\u00edz\u00ed vysoce kvalitn\u00ed pr\u00e1\u0161ek 3-FPM k prodeji za konkurenceschopn\u00e9 ceny. A\u0165 u\u017e jste akademick\u00fd v\u00fdzkumn\u00edk nebo psychonaut, m\u00e1me v\u00fdb\u011br pr\u00e9miov\u00fdch v\u00fdzkumn\u00fdch chemik\u00e1li\u00ed, kter\u00e9 uspokoj\u00ed va\u0161e pot\u0159eby. Na\u0161e v\u00fdzkumn\u00e1 chemik\u00e1lie 3-FPM poch\u00e1z\u00ed od d\u016fv\u011bryhodn\u00fdch dodavatel\u016f, [&hellip;]<\/p>","protected":false},"featured_media":5719,"comment_status":"open","ping_status":"closed","template":"","meta":{"_joinchat":[]},"product_cat":[418],"product_tag":[],"class_list":{"0":"post-5503","1":"product","2":"type-product","3":"status-publish","4":"has-post-thumbnail","6":"product_cat-vyzkumna-chemikalie","8":"first","9":"instock","10":"shipping-taxable","11":"purchasable","12":"product-type-variable"},"yoast_head":"<!-- This site is optimized with the Yoast SEO plugin v23.1 - https:\/\/yoast.com\/wordpress\/plugins\/seo\/ -->\n<title>Koupit 3-FPM online - Objednat 3-FPM na prodej | Narkoprasek<\/title>\n<meta name=\"description\" content=\"Objevte \u0161pi\u010dkov\u00fd nb-dmt na prodej v na\u0161em online obchod\u011b. Kupte si 3-fpm pohodln\u011b a bezpe\u010dn\u011b pro podpo\u0159en\u00ed va\u0161eho v\u00fdzkumu. Prozkoumejte a kupte si 3-fpm online a snadno podpo\u0159te sv\u00e9 v\u011bdeck\u00e9 \u00fasil\u00ed. Objednejte si hned!\" \/>\n<meta name=\"robots\" content=\"index, follow, max-snippet:-1, max-image-preview:large, max-video-preview:-1\" \/>\n<link rel=\"canonical\" href=\"https:\/\/narkoprasek.com\/de\/produkt\/3-fpm\/\" \/>\n<meta property=\"og:locale\" content=\"de_DE\" \/>\n<meta property=\"og:type\" content=\"article\" \/>\n<meta property=\"og:title\" content=\"Koupit 3-FPM online - Objednat 3-FPM na prodej | Narkoprasek\" \/>\n<meta property=\"og:description\" content=\"Objevte \u0161pi\u010dkov\u00fd nb-dmt na prodej v na\u0161em online obchod\u011b. Kupte si 3-fpm pohodln\u011b a bezpe\u010dn\u011b pro podpo\u0159en\u00ed va\u0161eho v\u00fdzkumu. Prozkoumejte a kupte si 3-fpm online a snadno podpo\u0159te sv\u00e9 v\u011bdeck\u00e9 \u00fasil\u00ed. Objednejte si hned!\" \/>\n<meta property=\"og:url\" content=\"https:\/\/narkoprasek.com\/de\/produkt\/3-fpm\/\" \/>\n<meta property=\"og:site_name\" content=\"Narko Pr\u00e1\u0161ek\" \/>\n<meta property=\"article:modified_time\" content=\"2026-03-13T09:07:25+00:00\" \/>\n<meta property=\"og:image\" content=\"https:\/\/narkoprasek.com\/wp-content\/uploads\/2025\/04\/3-FPM.jpg\" \/>\n\t<meta property=\"og:image:width\" content=\"600\" \/>\n\t<meta property=\"og:image:height\" content=\"600\" \/>\n\t<meta property=\"og:image:type\" content=\"image\/jpeg\" \/>\n<meta name=\"twitter:card\" content=\"summary_large_image\" \/>\n<meta name=\"twitter:label1\" content=\"Gesch\u00e4tzte Lesezeit\" \/>\n\t<meta name=\"twitter:data1\" content=\"4\u00a0Minuten\" \/>\n<script type=\"application\/ld+json\" class=\"yoast-schema-graph\">{\"@context\":\"https:\/\/schema.org\",\"@graph\":[{\"@type\":\"WebPage\",\"@id\":\"https:\/\/narkoprasek.com\/produkt\/3-fpm\/\",\"url\":\"https:\/\/narkoprasek.com\/produkt\/3-fpm\/\",\"name\":\"Koupit 3-FPM online - Objednat 3-FPM na prodej | Narkoprasek\",\"isPartOf\":{\"@id\":\"https:\/\/narkoprasek.com\/#website\"},\"primaryImageOfPage\":{\"@id\":\"https:\/\/narkoprasek.com\/produkt\/3-fpm\/#primaryimage\"},\"image\":{\"@id\":\"https:\/\/narkoprasek.com\/produkt\/3-fpm\/#primaryimage\"},\"thumbnailUrl\":\"https:\/\/narkoprasek.com\/wp-content\/uploads\/2025\/04\/3-FPM.jpg\",\"datePublished\":\"2025-04-26T10:27:34+00:00\",\"dateModified\":\"2026-03-13T09:07:25+00:00\",\"description\":\"Objevte \u0161pi\u010dkov\u00fd nb-dmt na prodej v na\u0161em online obchod\u011b. Kupte si 3-fpm pohodln\u011b a bezpe\u010dn\u011b pro podpo\u0159en\u00ed va\u0161eho v\u00fdzkumu. Prozkoumejte a kupte si 3-fpm online a snadno podpo\u0159te sv\u00e9 v\u011bdeck\u00e9 \u00fasil\u00ed. Objednejte si hned!\",\"breadcrumb\":{\"@id\":\"https:\/\/narkoprasek.com\/produkt\/3-fpm\/#breadcrumb\"},\"inLanguage\":\"de\",\"potentialAction\":[{\"@type\":\"ReadAction\",\"target\":[\"https:\/\/narkoprasek.com\/produkt\/3-fpm\/\"]}]},{\"@type\":\"ImageObject\",\"inLanguage\":\"de\",\"@id\":\"https:\/\/narkoprasek.com\/produkt\/3-fpm\/#primaryimage\",\"url\":\"https:\/\/narkoprasek.com\/wp-content\/uploads\/2025\/04\/3-FPM.jpg\",\"contentUrl\":\"https:\/\/narkoprasek.com\/wp-content\/uploads\/2025\/04\/3-FPM.jpg\",\"width\":600,\"height\":600,\"caption\":\"3-FPM\"},{\"@type\":\"BreadcrumbList\",\"@id\":\"https:\/\/narkoprasek.com\/produkt\/3-fpm\/#breadcrumb\",\"itemListElement\":[{\"@type\":\"ListItem\",\"position\":1,\"name\":\"Home\",\"item\":\"https:\/\/narkoprasek.com\/\"},{\"@type\":\"ListItem\",\"position\":2,\"name\":\"Na\u0161e Produkty\",\"item\":\"https:\/\/narkoprasek.com\/shop\/\"},{\"@type\":\"ListItem\",\"position\":3,\"name\":\"Koupit 3-FPM Online\"}]},{\"@type\":\"WebSite\",\"@id\":\"https:\/\/narkoprasek.com\/#website\",\"url\":\"https:\/\/narkoprasek.com\/\",\"name\":\"Narko Pr\u00e1\u0161ek\",\"description\":\"My WordPress Blog\",\"potentialAction\":[{\"@type\":\"SearchAction\",\"target\":{\"@type\":\"EntryPoint\",\"urlTemplate\":\"https:\/\/narkoprasek.com\/?s={search_term_string}\"},\"query-input\":\"required name=search_term_string\"}],\"inLanguage\":\"de\"}]}<\/script>\n<!-- \/ Yoast SEO plugin. -->","yoast_head_json":{"title":"Koupit 3-FPM online - Objednat 3-FPM na prodej | Narkoprasek","description":"Objevte \u0161pi\u010dkov\u00fd nb-dmt na prodej v na\u0161em online obchod\u011b. Kupte si 3-fpm pohodln\u011b a bezpe\u010dn\u011b pro podpo\u0159en\u00ed va\u0161eho v\u00fdzkumu. Prozkoumejte a kupte si 3-fpm online a snadno podpo\u0159te sv\u00e9 v\u011bdeck\u00e9 \u00fasil\u00ed. Objednejte si hned!","robots":{"index":"index","follow":"follow","max-snippet":"max-snippet:-1","max-image-preview":"max-image-preview:large","max-video-preview":"max-video-preview:-1"},"canonical":"https:\/\/narkoprasek.com\/de\/produkt\/3-fpm\/","og_locale":"de_DE","og_type":"article","og_title":"Koupit 3-FPM online - Objednat 3-FPM na prodej | Narkoprasek","og_description":"Objevte \u0161pi\u010dkov\u00fd nb-dmt na prodej v na\u0161em online obchod\u011b. Kupte si 3-fpm pohodln\u011b a bezpe\u010dn\u011b pro podpo\u0159en\u00ed va\u0161eho v\u00fdzkumu. Prozkoumejte a kupte si 3-fpm online a snadno podpo\u0159te sv\u00e9 v\u011bdeck\u00e9 \u00fasil\u00ed. Objednejte si hned!","og_url":"https:\/\/narkoprasek.com\/de\/produkt\/3-fpm\/","og_site_name":"Narko Pr\u00e1\u0161ek","article_modified_time":"2026-03-13T09:07:25+00:00","og_image":[{"width":600,"height":600,"url":"https:\/\/narkoprasek.com\/wp-content\/uploads\/2025\/04\/3-FPM.jpg","type":"image\/jpeg"}],"twitter_card":"summary_large_image","twitter_misc":{"Gesch\u00e4tzte Lesezeit":"4\u00a0Minuten"},"schema":{"@context":"https:\/\/schema.org","@graph":[{"@type":"WebPage","@id":"https:\/\/narkoprasek.com\/produkt\/3-fpm\/","url":"https:\/\/narkoprasek.com\/produkt\/3-fpm\/","name":"Koupit 3-FPM online - Objednat 3-FPM na prodej | Narkoprasek","isPartOf":{"@id":"https:\/\/narkoprasek.com\/#website"},"primaryImageOfPage":{"@id":"https:\/\/narkoprasek.com\/produkt\/3-fpm\/#primaryimage"},"image":{"@id":"https:\/\/narkoprasek.com\/produkt\/3-fpm\/#primaryimage"},"thumbnailUrl":"https:\/\/narkoprasek.com\/wp-content\/uploads\/2025\/04\/3-FPM.jpg","datePublished":"2025-04-26T10:27:34+00:00","dateModified":"2026-03-13T09:07:25+00:00","description":"Objevte \u0161pi\u010dkov\u00fd nb-dmt na prodej v na\u0161em online obchod\u011b. Kupte si 3-fpm pohodln\u011b a bezpe\u010dn\u011b pro podpo\u0159en\u00ed va\u0161eho v\u00fdzkumu. Prozkoumejte a kupte si 3-fpm online a snadno podpo\u0159te sv\u00e9 v\u011bdeck\u00e9 \u00fasil\u00ed. Objednejte si hned!","breadcrumb":{"@id":"https:\/\/narkoprasek.com\/produkt\/3-fpm\/#breadcrumb"},"inLanguage":"de","potentialAction":[{"@type":"ReadAction","target":["https:\/\/narkoprasek.com\/produkt\/3-fpm\/"]}]},{"@type":"ImageObject","inLanguage":"de","@id":"https:\/\/narkoprasek.com\/produkt\/3-fpm\/#primaryimage","url":"https:\/\/narkoprasek.com\/wp-content\/uploads\/2025\/04\/3-FPM.jpg","contentUrl":"https:\/\/narkoprasek.com\/wp-content\/uploads\/2025\/04\/3-FPM.jpg","width":600,"height":600,"caption":"3-FPM"},{"@type":"BreadcrumbList","@id":"https:\/\/narkoprasek.com\/produkt\/3-fpm\/#breadcrumb","itemListElement":[{"@type":"ListItem","position":1,"name":"Home","item":"https:\/\/narkoprasek.com\/"},{"@type":"ListItem","position":2,"name":"Na\u0161e Produkty","item":"https:\/\/narkoprasek.com\/shop\/"},{"@type":"ListItem","position":3,"name":"Koupit 3-FPM Online"}]},{"@type":"WebSite","@id":"https:\/\/narkoprasek.com\/#website","url":"https:\/\/narkoprasek.com\/","name":"Narko Pr\u00e1\u0161ek","description":"My WordPress Blog","potentialAction":[{"@type":"SearchAction","target":{"@type":"EntryPoint","urlTemplate":"https:\/\/narkoprasek.com\/?s={search_term_string}"},"query-input":"required name=search_term_string"}],"inLanguage":"de"}]}},"_links":{"self":[{"href":"https:\/\/narkoprasek.com\/de\/wp-json\/wp\/v2\/product\/5503","targetHints":{"allow":["GET"]}}],"collection":[{"href":"https:\/\/narkoprasek.com\/de\/wp-json\/wp\/v2\/product"}],"about":[{"href":"https:\/\/narkoprasek.com\/de\/wp-json\/wp\/v2\/types\/product"}],"replies":[{"embeddable":true,"href":"https:\/\/narkoprasek.com\/de\/wp-json\/wp\/v2\/comments?post=5503"}],"wp:featuredmedia":[{"embeddable":true,"href":"https:\/\/narkoprasek.com\/de\/wp-json\/wp\/v2\/media\/5719"}],"wp:attachment":[{"href":"https:\/\/narkoprasek.com\/de\/wp-json\/wp\/v2\/media?parent=5503"}],"wp:term":[{"taxonomy":"product_cat","embeddable":true,"href":"https:\/\/narkoprasek.com\/de\/wp-json\/wp\/v2\/product_cat?post=5503"},{"taxonomy":"product_tag","embeddable":true,"href":"https:\/\/narkoprasek.com\/de\/wp-json\/wp\/v2\/product_tag?post=5503"}],"curies":[{"name":"wp","href":"https:\/\/api.w.org\/{rel}","templated":true}]}}