{"id":5502,"date":"2025-04-26T10:21:47","date_gmt":"2025-04-26T10:21:47","guid":{"rendered":"https:\/\/narkoprasek.com\/?post_type=product&#038;p=5502"},"modified":"2026-03-28T06:21:47","modified_gmt":"2026-03-28T06:21:47","slug":"2c-b-fly","status":"publish","type":"product","link":"https:\/\/narkoprasek.com\/de\/produkt\/2c-b-fly\/","title":{"rendered":"Koupit 2C-B-FLY Online"},"content":{"rendered":"<h2><span style=\"font-weight: 400;\">Koupit 2C-B-FLY Online<\/span><\/h2>\n<h3><strong>Was sind 2C-B-FLY 10 mg Pellets?<\/strong><\/h3>\n<p><span style=\"font-weight: 400;\">Diese Pellets enthalten pr\u00e4zise <a href=\"https:\/\/narkoprasek.com\/de\/produkt\/2c-b-fly\/\">Menge 10 mg 2C-B-FLY<\/a>Wir glauben, dass dies 2C-B-FLY im Vergleich zu HCL, das in bestimmten Umgebungen schwierig richtig abzuwiegen sein kann, zu einer bequemeren und sichereren Methode f\u00fcr die Durchf\u00fchrung von Forschungen macht.<\/span><\/p>\n<h3><strong>Was ist 2C-B-FLY?<\/strong><\/h3>\n<p><span style=\"font-weight: 400;\"><a href=\"https:\/\/en.wikipedia.org\/wiki\/2C-B-FLY\">2C-B-FLY<\/a> 2C-B-FLY-Hydrochlorid und 8-Brom-2,3,6,7-benzo-dihydro-difuran-ethylamin geh\u00f6ren zur Gruppe der Phenethylamine. Es ist eng mit 2C-B verwandt und stellt ein atypisches Phenethylamin dar, das \u00e4hnliche stimulierende und psychedelische Eigenschaften wie 2C-B, 3-FEA und 5-MAPB aufweist. Durch den Einbau zweier Methoxygruppen in die F\u00fcnfringe wird eine optimale Bindungsstelle an den Rezeptor geschaffen, was zu einer h\u00f6heren Wirkst\u00e4rke im Vergleich zu 2C-B f\u00fchrt. <a href=\"https:\/\/narkoprasek.com\/de\/\">Narkoprasek<\/a><\/span><\/p>\n<h3><strong>Chemische Eigenschaften von 2C-B-FLY<\/strong><\/h3>\n<p><span style=\"font-weight: 400;\">2C-B-FLY geh\u00f6rt zu einer Gruppe von Phenethylaminderivaten, die als FLY-Verbindungen bezeichnet werden und ihren Namen ihrem insektenartigen Aussehen verdanken, das aus zwei \"gefl\u00fcgelten\" Tetrahydrofuranringen besteht, die an gegen\u00fcberliegenden Seiten eines zentralen Benzolrings miteinander verschmolzen sind.<\/span><\/p>\n<p><span style=\"font-weight: 400;\">2C-B-FLY ist ein substituiertes Molek\u00fcl aus der Gruppe der Phenethylamine und Dihydrobenzofurane. Es besitzt einen Phenylring, der \u00fcber eine Ethylkette mit einer Aminogruppe (NH\u2082) verbunden ist, und ein Bromatom am Kohlenstoffatom R4 des Phenylrings. Die an R2 und R5 gebundenen Methoxygruppen von 2C-B sind in f\u00fcnfgliedrige Dihydrofuranringe eingebaut, die an einen zentralen Benzolring kondensiert sind.<\/span><\/p>\n<h3><strong>Welche Wirkungen hat 2C-B-FLY?<\/strong><\/h3>\n<p><span style=\"font-weight: 400;\">Berichten zufolge bewirkt 2C-B-FLY HCL im Vergleich zu 2-CB ein deutlich ausgepr\u00e4gteres K\u00f6rpergef\u00fchl, st\u00e4rkere visuelle Effekte, komplexere geometrische Wahrnehmungen und tiefere innere Halluzinationen, wodurch es in h\u00f6heren Dosen eher mit Meskalin, 2C-E oder MDA vergleichbar ist. Berichte \u00fcber niedrigere Dosen zeigen jedoch im Gegensatz zu klassischen psychedelischen Wirkungen eine empathischere und emotionalere Reaktion.<\/span><\/p>\n<h3><strong>Zu den am h\u00e4ufigsten berichteten Wirkungen von 2C-B-FLY geh\u00f6ren:<\/strong><\/h3>\n<ul>\n<li><span style=\"font-weight: 400;\">K\u00f6rperliche und geistige Euphorie<\/span><\/li>\n<li><span style=\"font-weight: 400;\">Stimulation<\/span><\/li>\n<li><span style=\"font-weight: 400;\">Gesteigerte Libido<\/span><\/li>\n<li><span style=\"font-weight: 400;\">Verst\u00e4rkte Emotionen und Empathie<\/span><\/li>\n<\/ul>\n<p><strong>2C-B-FLY wird in folgenden Gebieten als illegal eingestuft:<\/strong><\/p>\n<ul>\n<li><span style=\"font-weight: 400;\">Deutschland<\/span><\/li>\n<li><span style=\"font-weight: 400;\">Vereinigtes K\u00f6nigreich<\/span><\/li>\n<li><span style=\"font-weight: 400;\">Truthahn<\/span><\/li>\n<li><span style=\"font-weight: 400;\">\u00d6sterreich<\/span><\/li>\n<\/ul>\n<p><span style=\"font-weight: 400;\">Diese Liste ist nicht vollst\u00e4ndig. Bitte informieren Sie sich daher vor Ihrer Bestellung selbst \u00fcber die Rechtslage in Ihrem Land!<\/span><\/p>\n<h3><strong>Wie man 2C-B-FLY 10 mg Pellets kauft<\/strong><\/h3>\n<p><span style=\"font-weight: 400;\">Sie k\u00f6nnen 2C-B-FLY 10 mg Pellets und andere Phenethylamine wie 3-FEA-HCl und 5-MAPB-HCl hier bei Narkoprasek.com kaufen.<\/span><\/p>","protected":false},"excerpt":{"rendered":"<p>Koupit 2C-B-FLY Online Co jsou pelety 2C-B-FLY 10 mg? Tyto pelety obsahuj\u00ed p\u0159esn\u00e9 mno\u017estv\u00ed 10 mg 2C-B-FLY. V\u011b\u0159\u00edme, \u017ee d\u00edky tomu jsou 2C-B-FLY pohodln\u011bj\u0161\u00edm a bezpe\u010dn\u011bj\u0161\u00edm zp\u016fsobem v\u00fdzkumu ve srovn\u00e1n\u00ed s HCL, jeho\u017e spr\u00e1vn\u00e9 nav\u00e1\u017een\u00ed m\u016f\u017ee b\u00fdt v ur\u010dit\u00fdch prost\u0159ed\u00edch obt\u00ed\u017en\u00e9. Co je 2C-B-FLY? 2C-B-FLY \u2013 jinak zn\u00e1m\u00fd jako 2C-B-FLY hydrochlorid a 8-brom-2,3,6,7-benzo-dihydro-difuran-ethylamin, je chemick\u00e1 [&hellip;]<\/p>","protected":false},"featured_media":5720,"comment_status":"open","ping_status":"closed","template":"","meta":{"_joinchat":[]},"product_cat":[418],"product_tag":[],"class_list":{"0":"post-5502","1":"product","2":"type-product","3":"status-publish","4":"has-post-thumbnail","6":"product_cat-vyzkumna-chemikalie","8":"first","9":"instock","10":"shipping-taxable","11":"purchasable","12":"product-type-variable"},"yoast_head":"<!-- This site is optimized with the Yoast SEO plugin v23.1 - https:\/\/yoast.com\/wordpress\/plugins\/seo\/ -->\n<title>Koupit 2C-B-FLY online \u2013 2C-B-FLY na prodej | Narkoprasek<\/title>\n<meta name=\"description\" content=\"Nyn\u00ed si m\u016f\u017eete po\u0159\u00eddit 2C-B-FLY na prodej v na\u0161em nejlep\u0161\u00edm obchod\u011b Narkoprasek. N\u00e1\u0161 person\u00e1l v\u00e1m pom\u016f\u017ee koupit tablety xanax online za nejlep\u0161\u00ed ceny. Objednejte si 2C-B-FLY online je\u0161t\u011b dnes s celosv\u011btovou dopravou!\" \/>\n<meta name=\"robots\" content=\"index, follow, max-snippet:-1, max-image-preview:large, max-video-preview:-1\" \/>\n<link rel=\"canonical\" href=\"https:\/\/narkoprasek.com\/de\/produkt\/2c-b-fly\/\" \/>\n<meta property=\"og:locale\" content=\"de_DE\" \/>\n<meta property=\"og:type\" content=\"article\" \/>\n<meta property=\"og:title\" content=\"Koupit 2C-B-FLY online \u2013 2C-B-FLY na prodej | Narkoprasek\" \/>\n<meta property=\"og:description\" content=\"Nyn\u00ed si m\u016f\u017eete po\u0159\u00eddit 2C-B-FLY na prodej v na\u0161em nejlep\u0161\u00edm obchod\u011b Narkoprasek. N\u00e1\u0161 person\u00e1l v\u00e1m pom\u016f\u017ee koupit tablety xanax online za nejlep\u0161\u00ed ceny. Objednejte si 2C-B-FLY online je\u0161t\u011b dnes s celosv\u011btovou dopravou!\" \/>\n<meta property=\"og:url\" content=\"https:\/\/narkoprasek.com\/de\/produkt\/2c-b-fly\/\" \/>\n<meta property=\"og:site_name\" content=\"Narko Pr\u00e1\u0161ek\" \/>\n<meta property=\"article:modified_time\" content=\"2026-03-28T06:21:47+00:00\" \/>\n<meta property=\"og:image\" content=\"https:\/\/narkoprasek.com\/wp-content\/uploads\/2025\/04\/2C-B-FLY.jpg\" \/>\n\t<meta property=\"og:image:width\" content=\"600\" \/>\n\t<meta property=\"og:image:height\" content=\"600\" \/>\n\t<meta property=\"og:image:type\" content=\"image\/jpeg\" \/>\n<meta name=\"twitter:card\" content=\"summary_large_image\" \/>\n<meta name=\"twitter:label1\" content=\"Gesch\u00e4tzte Lesezeit\" \/>\n\t<meta name=\"twitter:data1\" content=\"2\u00a0Minuten\" \/>\n<script type=\"application\/ld+json\" class=\"yoast-schema-graph\">{\"@context\":\"https:\/\/schema.org\",\"@graph\":[{\"@type\":\"WebPage\",\"@id\":\"https:\/\/narkoprasek.com\/produkt\/2c-b-fly\/\",\"url\":\"https:\/\/narkoprasek.com\/produkt\/2c-b-fly\/\",\"name\":\"Koupit 2C-B-FLY online \u2013 2C-B-FLY na prodej | Narkoprasek\",\"isPartOf\":{\"@id\":\"https:\/\/narkoprasek.com\/#website\"},\"primaryImageOfPage\":{\"@id\":\"https:\/\/narkoprasek.com\/produkt\/2c-b-fly\/#primaryimage\"},\"image\":{\"@id\":\"https:\/\/narkoprasek.com\/produkt\/2c-b-fly\/#primaryimage\"},\"thumbnailUrl\":\"https:\/\/narkoprasek.com\/wp-content\/uploads\/2025\/04\/2C-B-FLY.jpg\",\"datePublished\":\"2025-04-26T10:21:47+00:00\",\"dateModified\":\"2026-03-28T06:21:47+00:00\",\"description\":\"Nyn\u00ed si m\u016f\u017eete po\u0159\u00eddit 2C-B-FLY na prodej v na\u0161em nejlep\u0161\u00edm obchod\u011b Narkoprasek. N\u00e1\u0161 person\u00e1l v\u00e1m pom\u016f\u017ee koupit tablety xanax online za nejlep\u0161\u00ed ceny. Objednejte si 2C-B-FLY online je\u0161t\u011b dnes s celosv\u011btovou dopravou!\",\"breadcrumb\":{\"@id\":\"https:\/\/narkoprasek.com\/produkt\/2c-b-fly\/#breadcrumb\"},\"inLanguage\":\"de\",\"potentialAction\":[{\"@type\":\"ReadAction\",\"target\":[\"https:\/\/narkoprasek.com\/produkt\/2c-b-fly\/\"]}]},{\"@type\":\"ImageObject\",\"inLanguage\":\"de\",\"@id\":\"https:\/\/narkoprasek.com\/produkt\/2c-b-fly\/#primaryimage\",\"url\":\"https:\/\/narkoprasek.com\/wp-content\/uploads\/2025\/04\/2C-B-FLY.jpg\",\"contentUrl\":\"https:\/\/narkoprasek.com\/wp-content\/uploads\/2025\/04\/2C-B-FLY.jpg\",\"width\":600,\"height\":600,\"caption\":\"2C-B-FLY\"},{\"@type\":\"BreadcrumbList\",\"@id\":\"https:\/\/narkoprasek.com\/produkt\/2c-b-fly\/#breadcrumb\",\"itemListElement\":[{\"@type\":\"ListItem\",\"position\":1,\"name\":\"Home\",\"item\":\"https:\/\/narkoprasek.com\/\"},{\"@type\":\"ListItem\",\"position\":2,\"name\":\"Na\u0161e Produkty\",\"item\":\"https:\/\/narkoprasek.com\/shop\/\"},{\"@type\":\"ListItem\",\"position\":3,\"name\":\"Koupit 2C-B-FLY Online\"}]},{\"@type\":\"WebSite\",\"@id\":\"https:\/\/narkoprasek.com\/#website\",\"url\":\"https:\/\/narkoprasek.com\/\",\"name\":\"Narko Pr\u00e1\u0161ek\",\"description\":\"My WordPress Blog\",\"potentialAction\":[{\"@type\":\"SearchAction\",\"target\":{\"@type\":\"EntryPoint\",\"urlTemplate\":\"https:\/\/narkoprasek.com\/?s={search_term_string}\"},\"query-input\":\"required name=search_term_string\"}],\"inLanguage\":\"de\"}]}<\/script>\n<!-- \/ Yoast SEO plugin. -->","yoast_head_json":{"title":"Koupit 2C-B-FLY online \u2013 2C-B-FLY na prodej | Narkoprasek","description":"Nyn\u00ed si m\u016f\u017eete po\u0159\u00eddit 2C-B-FLY na prodej v na\u0161em nejlep\u0161\u00edm obchod\u011b Narkoprasek. N\u00e1\u0161 person\u00e1l v\u00e1m pom\u016f\u017ee koupit tablety xanax online za nejlep\u0161\u00ed ceny. Objednejte si 2C-B-FLY online je\u0161t\u011b dnes s celosv\u011btovou dopravou!","robots":{"index":"index","follow":"follow","max-snippet":"max-snippet:-1","max-image-preview":"max-image-preview:large","max-video-preview":"max-video-preview:-1"},"canonical":"https:\/\/narkoprasek.com\/de\/produkt\/2c-b-fly\/","og_locale":"de_DE","og_type":"article","og_title":"Koupit 2C-B-FLY online \u2013 2C-B-FLY na prodej | Narkoprasek","og_description":"Nyn\u00ed si m\u016f\u017eete po\u0159\u00eddit 2C-B-FLY na prodej v na\u0161em nejlep\u0161\u00edm obchod\u011b Narkoprasek. N\u00e1\u0161 person\u00e1l v\u00e1m pom\u016f\u017ee koupit tablety xanax online za nejlep\u0161\u00ed ceny. Objednejte si 2C-B-FLY online je\u0161t\u011b dnes s celosv\u011btovou dopravou!","og_url":"https:\/\/narkoprasek.com\/de\/produkt\/2c-b-fly\/","og_site_name":"Narko Pr\u00e1\u0161ek","article_modified_time":"2026-03-28T06:21:47+00:00","og_image":[{"width":600,"height":600,"url":"https:\/\/narkoprasek.com\/wp-content\/uploads\/2025\/04\/2C-B-FLY.jpg","type":"image\/jpeg"}],"twitter_card":"summary_large_image","twitter_misc":{"Gesch\u00e4tzte Lesezeit":"2\u00a0Minuten"},"schema":{"@context":"https:\/\/schema.org","@graph":[{"@type":"WebPage","@id":"https:\/\/narkoprasek.com\/produkt\/2c-b-fly\/","url":"https:\/\/narkoprasek.com\/produkt\/2c-b-fly\/","name":"Koupit 2C-B-FLY online \u2013 2C-B-FLY na prodej | Narkoprasek","isPartOf":{"@id":"https:\/\/narkoprasek.com\/#website"},"primaryImageOfPage":{"@id":"https:\/\/narkoprasek.com\/produkt\/2c-b-fly\/#primaryimage"},"image":{"@id":"https:\/\/narkoprasek.com\/produkt\/2c-b-fly\/#primaryimage"},"thumbnailUrl":"https:\/\/narkoprasek.com\/wp-content\/uploads\/2025\/04\/2C-B-FLY.jpg","datePublished":"2025-04-26T10:21:47+00:00","dateModified":"2026-03-28T06:21:47+00:00","description":"Nyn\u00ed si m\u016f\u017eete po\u0159\u00eddit 2C-B-FLY na prodej v na\u0161em nejlep\u0161\u00edm obchod\u011b Narkoprasek. N\u00e1\u0161 person\u00e1l v\u00e1m pom\u016f\u017ee koupit tablety xanax online za nejlep\u0161\u00ed ceny. Objednejte si 2C-B-FLY online je\u0161t\u011b dnes s celosv\u011btovou dopravou!","breadcrumb":{"@id":"https:\/\/narkoprasek.com\/produkt\/2c-b-fly\/#breadcrumb"},"inLanguage":"de","potentialAction":[{"@type":"ReadAction","target":["https:\/\/narkoprasek.com\/produkt\/2c-b-fly\/"]}]},{"@type":"ImageObject","inLanguage":"de","@id":"https:\/\/narkoprasek.com\/produkt\/2c-b-fly\/#primaryimage","url":"https:\/\/narkoprasek.com\/wp-content\/uploads\/2025\/04\/2C-B-FLY.jpg","contentUrl":"https:\/\/narkoprasek.com\/wp-content\/uploads\/2025\/04\/2C-B-FLY.jpg","width":600,"height":600,"caption":"2C-B-FLY"},{"@type":"BreadcrumbList","@id":"https:\/\/narkoprasek.com\/produkt\/2c-b-fly\/#breadcrumb","itemListElement":[{"@type":"ListItem","position":1,"name":"Home","item":"https:\/\/narkoprasek.com\/"},{"@type":"ListItem","position":2,"name":"Na\u0161e Produkty","item":"https:\/\/narkoprasek.com\/shop\/"},{"@type":"ListItem","position":3,"name":"Koupit 2C-B-FLY Online"}]},{"@type":"WebSite","@id":"https:\/\/narkoprasek.com\/#website","url":"https:\/\/narkoprasek.com\/","name":"Narko Pr\u00e1\u0161ek","description":"My WordPress Blog","potentialAction":[{"@type":"SearchAction","target":{"@type":"EntryPoint","urlTemplate":"https:\/\/narkoprasek.com\/?s={search_term_string}"},"query-input":"required name=search_term_string"}],"inLanguage":"de"}]}},"_links":{"self":[{"href":"https:\/\/narkoprasek.com\/de\/wp-json\/wp\/v2\/product\/5502","targetHints":{"allow":["GET"]}}],"collection":[{"href":"https:\/\/narkoprasek.com\/de\/wp-json\/wp\/v2\/product"}],"about":[{"href":"https:\/\/narkoprasek.com\/de\/wp-json\/wp\/v2\/types\/product"}],"replies":[{"embeddable":true,"href":"https:\/\/narkoprasek.com\/de\/wp-json\/wp\/v2\/comments?post=5502"}],"wp:featuredmedia":[{"embeddable":true,"href":"https:\/\/narkoprasek.com\/de\/wp-json\/wp\/v2\/media\/5720"}],"wp:attachment":[{"href":"https:\/\/narkoprasek.com\/de\/wp-json\/wp\/v2\/media?parent=5502"}],"wp:term":[{"taxonomy":"product_cat","embeddable":true,"href":"https:\/\/narkoprasek.com\/de\/wp-json\/wp\/v2\/product_cat?post=5502"},{"taxonomy":"product_tag","embeddable":true,"href":"https:\/\/narkoprasek.com\/de\/wp-json\/wp\/v2\/product_tag?post=5502"}],"curies":[{"name":"wp","href":"https:\/\/api.w.org\/{rel}","templated":true}]}}