{"id":5354,"date":"2024-01-04T06:37:06","date_gmt":"2024-01-04T06:37:06","guid":{"rendered":"https:\/\/narkoprasek.com\/?post_type=product&#038;p=5354"},"modified":"2026-03-12T09:34:35","modified_gmt":"2026-03-12T09:34:35","slug":"banana-kush","status":"publish","type":"product","link":"https:\/\/narkoprasek.com\/de\/produkt\/banana-kush\/","title":{"rendered":"Banane Kush"},"content":{"rendered":"<h2>Wo in Irland kann ich Moon Rocks online kaufen?<\/h2>\n<p>Zun\u00e4chst einmal: Mit einem Geschmack und Aroma, das an einen Korb frischer Bananen erinnert, vereint diese legend\u00e4re Westk\u00fcsten-Sorte Ghost OG mit Skunk Haze zu einem Indica-dominanten Hybrid.<\/p>\n<p>Zweitens erzeugt Banana Kush typischerweise ein ruhiges High und ein Gef\u00fchl entspannter Gl\u00fcckseligkeit. Neben der F\u00f6rderung der Kommunikationsf\u00e4higkeit in sozialen Situationen und der Anregung der Kreativit\u00e4t ist Banana Kush eine ausgezeichnete Wahl, wenn man unter Stress oder Verzweiflung leidet. <a href=\"https:\/\/en.wikipedia.org\/wiki\/Kush_(cannabis)\">Jetzt Blissfull Wizard kaufen!<\/a><\/p>\n<p>Drittens: Dies ist eine bananen\u00e4hnliche Hybrid-Sorte, die aus zwei legend\u00e4ren Sorten gez\u00fcchtet wurde: Skunk Haze und OG Kush von der Westk\u00fcste. Diese seidig-weiche Hybrid-Sorte hat ein Indica:Sativa-Verh\u00e4ltnis von 60:40 und ist somit \u00fcberwiegend Indica. Irish Banana Kush online kaufen, schwedisches Marihuana online kaufen, europ\u00e4isches Banana Kush kaufen, Bananen kaufen, Banana Kush kaufen, THC-Gras in Asien kaufen, Kush in Frankreich bestellen, THC-Gras in Italien bestellen, europ\u00e4isches Gelato online kaufen<\/p>\n<p>Banana Kush hat einen THC-Gehalt von 18\u201325 % und einen CBD-Gehalt von \u00fcber 0,1 %. Geschmacklich ist diese Sorte aus Kalifornien ein Pionier. <a href=\"https:\/\/narkoprasek.com\/de\/\">Narkoprasek<\/a><\/p>\n<h3>Kaufen Sie die Goldene Ziege online<\/h3>\n<p>Obwohl die Indica-Wirkung stark schlaff\u00f6rdernd ist und ein beeindruckendes High hervorrufen kann, wird der Konsum abends empfohlen. Die meisten Menschen haben nach dem Konsum von Banana Kush gro\u00dfe Schwierigkeiten, lange wach zu bleiben. Irish Weed Shop<\/p>\n<p>Daher empfiehlt es sich, das Produkt eine Stunde vor dem Schlafengehen einzunehmen. Aufgrund seiner beruhigenden Wirkung bietet diese Sorte viele Vorteile, unter anderem die Behandlung von Schlaflosigkeit und Schlafst\u00f6rungen. Super Sour Diesel ist online erh\u00e4ltlich.<\/p>\n<p>Es wird aber auch Menschen angeboten, die unter Stress leiden oder sich in unangenehmen Situationen befinden. Im Gegenteil, es hat vielen Menschen mit Essst\u00f6rungen, Glaukom und Muskelverspannungen das Leben gerettet.<\/p>\n<h3>Es duftet s\u00fc\u00dflich nach Bananen und hat einen wunderbar fruchtigen Geschmack.<\/h3>\n<p>THC-haltiges Cannabis in Italien kaufen<\/p>\n<p>Banana Kush-Cannabis erzeugt sowohl ein bet\u00e4ubendes K\u00f6rpergef\u00fchl als auch ein anregendes High. Es reduziert Stress, beruhigt den K\u00f6rper, lindert Depressionen und steigert den Appetit. Es kann zu Couch-Lock f\u00fchren. Es hilft bei Schmerzen und Schlaflosigkeit und f\u00f6rdert den Schlaf.<a href=\"https:\/\/narkoprasek.com\/de\/produkt\/banana-kush\/\">Banana Kush in Tschechien kaufen<\/a>.<\/p>","protected":false},"excerpt":{"rendered":"<p>Kde v Irsku mohu z\u00edskat Moon Rocks online? Pro za\u010d\u00e1tek S chut\u00ed a v\u016fn\u00ed p\u0159ipom\u00ednaj\u00edc\u00ed bu\u0161l \u010derstv\u00fdch ban\u00e1n\u016f, tato legend\u00e1rn\u00ed odr\u016fda ze z\u00e1padn\u00edho pob\u0159e\u017e\u00ed m\u00eds\u00ed Ghost OG se Skunk Haze a vytv\u00e1\u0159\u00ed hybrid s dominantn\u00edm indikou. Za druh\u00e9, Banana Kush obvykle vytv\u00e1\u0159\u00ed klidn\u00fd high spolu s uvoln\u011bn\u00fdm pocitem bla\u017eenosti. Krom\u011b toho, \u017ee v\u00e1m pom\u016f\u017ee z\u016fstat [&hellip;]<\/p>","protected":false},"featured_media":5360,"comment_status":"open","ping_status":"closed","template":"","meta":{"_joinchat":[]},"product_cat":[416],"product_tag":[],"class_list":{"0":"post-5354","1":"product","2":"type-product","3":"status-publish","4":"has-post-thumbnail","6":"product_cat-marihuana","8":"first","9":"instock","10":"shipping-taxable","11":"product-type-simple"},"yoast_head":"<!-- This site is optimized with the Yoast SEO plugin v23.1 - https:\/\/yoast.com\/wordpress\/plugins\/seo\/ -->\n<title>Koupit Banana Kush online \u2013 Banana Kush na prodej<\/title>\n<meta name=\"description\" content=\"Prozkoumejte n\u00e1\u0161 internetov\u00fd obchod pro ban\u00e1nov\u00fd kush na prodej, kter\u00fd nab\u00edz\u00ed vysoce kvalitn\u00ed pr\u00e1\u0161ek Flubromazepam. Kupte si ban\u00e1nov\u00fd kush online bezpe\u010dn\u011b a vydejte se s d\u016fv\u011brou na svou v\u00fdzkumnou cestu.\" \/>\n<meta name=\"robots\" content=\"index, follow, max-snippet:-1, max-image-preview:large, max-video-preview:-1\" \/>\n<link rel=\"canonical\" href=\"https:\/\/narkoprasek.com\/de\/produkt\/banana-kush\/\" \/>\n<meta property=\"og:locale\" content=\"de_DE\" \/>\n<meta property=\"og:type\" content=\"article\" \/>\n<meta property=\"og:title\" content=\"Koupit Banana Kush online \u2013 Banana Kush na prodej\" \/>\n<meta property=\"og:description\" content=\"Prozkoumejte n\u00e1\u0161 internetov\u00fd obchod pro ban\u00e1nov\u00fd kush na prodej, kter\u00fd nab\u00edz\u00ed vysoce kvalitn\u00ed pr\u00e1\u0161ek Flubromazepam. Kupte si ban\u00e1nov\u00fd kush online bezpe\u010dn\u011b a vydejte se s d\u016fv\u011brou na svou v\u00fdzkumnou cestu.\" \/>\n<meta property=\"og:url\" content=\"https:\/\/narkoprasek.com\/de\/produkt\/banana-kush\/\" \/>\n<meta property=\"og:site_name\" content=\"Narko Pr\u00e1\u0161ek\" \/>\n<meta property=\"article:modified_time\" content=\"2026-03-12T09:34:35+00:00\" \/>\n<meta property=\"og:image\" content=\"https:\/\/narkoprasek.com\/wp-content\/uploads\/2024\/01\/Banana-Kush.jpg\" \/>\n\t<meta property=\"og:image:width\" content=\"600\" \/>\n\t<meta property=\"og:image:height\" content=\"600\" \/>\n\t<meta property=\"og:image:type\" content=\"image\/jpeg\" \/>\n<meta name=\"twitter:card\" content=\"summary_large_image\" \/>\n<meta name=\"twitter:label1\" content=\"Gesch\u00e4tzte Lesezeit\" \/>\n\t<meta name=\"twitter:data1\" content=\"2\u00a0Minuten\" \/>\n<script type=\"application\/ld+json\" class=\"yoast-schema-graph\">{\"@context\":\"https:\/\/schema.org\",\"@graph\":[{\"@type\":\"WebPage\",\"@id\":\"https:\/\/narkoprasek.com\/produkt\/banana-kush\/\",\"url\":\"https:\/\/narkoprasek.com\/produkt\/banana-kush\/\",\"name\":\"Koupit Banana Kush online \u2013 Banana Kush na prodej\",\"isPartOf\":{\"@id\":\"https:\/\/narkoprasek.com\/#website\"},\"primaryImageOfPage\":{\"@id\":\"https:\/\/narkoprasek.com\/produkt\/banana-kush\/#primaryimage\"},\"image\":{\"@id\":\"https:\/\/narkoprasek.com\/produkt\/banana-kush\/#primaryimage\"},\"thumbnailUrl\":\"https:\/\/narkoprasek.com\/wp-content\/uploads\/2024\/01\/Banana-Kush.jpg\",\"datePublished\":\"2024-01-04T06:37:06+00:00\",\"dateModified\":\"2026-03-12T09:34:35+00:00\",\"description\":\"Prozkoumejte n\u00e1\u0161 internetov\u00fd obchod pro ban\u00e1nov\u00fd kush na prodej, kter\u00fd nab\u00edz\u00ed vysoce kvalitn\u00ed pr\u00e1\u0161ek Flubromazepam. Kupte si ban\u00e1nov\u00fd kush online bezpe\u010dn\u011b a vydejte se s d\u016fv\u011brou na svou v\u00fdzkumnou cestu.\",\"breadcrumb\":{\"@id\":\"https:\/\/narkoprasek.com\/produkt\/banana-kush\/#breadcrumb\"},\"inLanguage\":\"de\",\"potentialAction\":[{\"@type\":\"ReadAction\",\"target\":[\"https:\/\/narkoprasek.com\/produkt\/banana-kush\/\"]}]},{\"@type\":\"ImageObject\",\"inLanguage\":\"de\",\"@id\":\"https:\/\/narkoprasek.com\/produkt\/banana-kush\/#primaryimage\",\"url\":\"https:\/\/narkoprasek.com\/wp-content\/uploads\/2024\/01\/Banana-Kush.jpg\",\"contentUrl\":\"https:\/\/narkoprasek.com\/wp-content\/uploads\/2024\/01\/Banana-Kush.jpg\",\"width\":600,\"height\":600},{\"@type\":\"BreadcrumbList\",\"@id\":\"https:\/\/narkoprasek.com\/produkt\/banana-kush\/#breadcrumb\",\"itemListElement\":[{\"@type\":\"ListItem\",\"position\":1,\"name\":\"Home\",\"item\":\"https:\/\/narkoprasek.com\/\"},{\"@type\":\"ListItem\",\"position\":2,\"name\":\"Na\u0161e Produkty\",\"item\":\"https:\/\/narkoprasek.com\/shop\/\"},{\"@type\":\"ListItem\",\"position\":3,\"name\":\"Banana Kush\"}]},{\"@type\":\"WebSite\",\"@id\":\"https:\/\/narkoprasek.com\/#website\",\"url\":\"https:\/\/narkoprasek.com\/\",\"name\":\"Narko Pr\u00e1\u0161ek\",\"description\":\"My WordPress Blog\",\"potentialAction\":[{\"@type\":\"SearchAction\",\"target\":{\"@type\":\"EntryPoint\",\"urlTemplate\":\"https:\/\/narkoprasek.com\/?s={search_term_string}\"},\"query-input\":\"required name=search_term_string\"}],\"inLanguage\":\"de\"}]}<\/script>\n<!-- \/ Yoast SEO plugin. -->","yoast_head_json":{"title":"Koupit Banana Kush online \u2013 Banana Kush na prodej","description":"Prozkoumejte n\u00e1\u0161 internetov\u00fd obchod pro ban\u00e1nov\u00fd kush na prodej, kter\u00fd nab\u00edz\u00ed vysoce kvalitn\u00ed pr\u00e1\u0161ek Flubromazepam. Kupte si ban\u00e1nov\u00fd kush online bezpe\u010dn\u011b a vydejte se s d\u016fv\u011brou na svou v\u00fdzkumnou cestu.","robots":{"index":"index","follow":"follow","max-snippet":"max-snippet:-1","max-image-preview":"max-image-preview:large","max-video-preview":"max-video-preview:-1"},"canonical":"https:\/\/narkoprasek.com\/de\/produkt\/banana-kush\/","og_locale":"de_DE","og_type":"article","og_title":"Koupit Banana Kush online \u2013 Banana Kush na prodej","og_description":"Prozkoumejte n\u00e1\u0161 internetov\u00fd obchod pro ban\u00e1nov\u00fd kush na prodej, kter\u00fd nab\u00edz\u00ed vysoce kvalitn\u00ed pr\u00e1\u0161ek Flubromazepam. Kupte si ban\u00e1nov\u00fd kush online bezpe\u010dn\u011b a vydejte se s d\u016fv\u011brou na svou v\u00fdzkumnou cestu.","og_url":"https:\/\/narkoprasek.com\/de\/produkt\/banana-kush\/","og_site_name":"Narko Pr\u00e1\u0161ek","article_modified_time":"2026-03-12T09:34:35+00:00","og_image":[{"width":600,"height":600,"url":"https:\/\/narkoprasek.com\/wp-content\/uploads\/2024\/01\/Banana-Kush.jpg","type":"image\/jpeg"}],"twitter_card":"summary_large_image","twitter_misc":{"Gesch\u00e4tzte Lesezeit":"2\u00a0Minuten"},"schema":{"@context":"https:\/\/schema.org","@graph":[{"@type":"WebPage","@id":"https:\/\/narkoprasek.com\/produkt\/banana-kush\/","url":"https:\/\/narkoprasek.com\/produkt\/banana-kush\/","name":"Koupit Banana Kush online \u2013 Banana Kush na prodej","isPartOf":{"@id":"https:\/\/narkoprasek.com\/#website"},"primaryImageOfPage":{"@id":"https:\/\/narkoprasek.com\/produkt\/banana-kush\/#primaryimage"},"image":{"@id":"https:\/\/narkoprasek.com\/produkt\/banana-kush\/#primaryimage"},"thumbnailUrl":"https:\/\/narkoprasek.com\/wp-content\/uploads\/2024\/01\/Banana-Kush.jpg","datePublished":"2024-01-04T06:37:06+00:00","dateModified":"2026-03-12T09:34:35+00:00","description":"Prozkoumejte n\u00e1\u0161 internetov\u00fd obchod pro ban\u00e1nov\u00fd kush na prodej, kter\u00fd nab\u00edz\u00ed vysoce kvalitn\u00ed pr\u00e1\u0161ek Flubromazepam. Kupte si ban\u00e1nov\u00fd kush online bezpe\u010dn\u011b a vydejte se s d\u016fv\u011brou na svou v\u00fdzkumnou cestu.","breadcrumb":{"@id":"https:\/\/narkoprasek.com\/produkt\/banana-kush\/#breadcrumb"},"inLanguage":"de","potentialAction":[{"@type":"ReadAction","target":["https:\/\/narkoprasek.com\/produkt\/banana-kush\/"]}]},{"@type":"ImageObject","inLanguage":"de","@id":"https:\/\/narkoprasek.com\/produkt\/banana-kush\/#primaryimage","url":"https:\/\/narkoprasek.com\/wp-content\/uploads\/2024\/01\/Banana-Kush.jpg","contentUrl":"https:\/\/narkoprasek.com\/wp-content\/uploads\/2024\/01\/Banana-Kush.jpg","width":600,"height":600},{"@type":"BreadcrumbList","@id":"https:\/\/narkoprasek.com\/produkt\/banana-kush\/#breadcrumb","itemListElement":[{"@type":"ListItem","position":1,"name":"Home","item":"https:\/\/narkoprasek.com\/"},{"@type":"ListItem","position":2,"name":"Na\u0161e Produkty","item":"https:\/\/narkoprasek.com\/shop\/"},{"@type":"ListItem","position":3,"name":"Banana Kush"}]},{"@type":"WebSite","@id":"https:\/\/narkoprasek.com\/#website","url":"https:\/\/narkoprasek.com\/","name":"Narko Pr\u00e1\u0161ek","description":"My WordPress Blog","potentialAction":[{"@type":"SearchAction","target":{"@type":"EntryPoint","urlTemplate":"https:\/\/narkoprasek.com\/?s={search_term_string}"},"query-input":"required name=search_term_string"}],"inLanguage":"de"}]}},"_links":{"self":[{"href":"https:\/\/narkoprasek.com\/de\/wp-json\/wp\/v2\/product\/5354","targetHints":{"allow":["GET"]}}],"collection":[{"href":"https:\/\/narkoprasek.com\/de\/wp-json\/wp\/v2\/product"}],"about":[{"href":"https:\/\/narkoprasek.com\/de\/wp-json\/wp\/v2\/types\/product"}],"replies":[{"embeddable":true,"href":"https:\/\/narkoprasek.com\/de\/wp-json\/wp\/v2\/comments?post=5354"}],"wp:featuredmedia":[{"embeddable":true,"href":"https:\/\/narkoprasek.com\/de\/wp-json\/wp\/v2\/media\/5360"}],"wp:attachment":[{"href":"https:\/\/narkoprasek.com\/de\/wp-json\/wp\/v2\/media?parent=5354"}],"wp:term":[{"taxonomy":"product_cat","embeddable":true,"href":"https:\/\/narkoprasek.com\/de\/wp-json\/wp\/v2\/product_cat?post=5354"},{"taxonomy":"product_tag","embeddable":true,"href":"https:\/\/narkoprasek.com\/de\/wp-json\/wp\/v2\/product_tag?post=5354"}],"curies":[{"name":"wp","href":"https:\/\/api.w.org\/{rel}","templated":true}]}}