{"id":5350,"date":"2024-01-04T06:36:46","date_gmt":"2024-01-04T06:36:46","guid":{"rendered":"https:\/\/narkoprasek.com\/?post_type=product&#038;p=5350"},"modified":"2026-03-19T11:56:48","modified_gmt":"2026-03-19T11:56:48","slug":"koupit-white-widow-weed-strain-czech","status":"publish","type":"product","link":"https:\/\/narkoprasek.com\/de\/produkt\/koupit-white-widow-weed-strain-czech\/","title":{"rendered":"Koupit White Widow Weed Strain Czech"},"content":{"rendered":"<h2>Koupit White Widow Weed Strain Czech<\/h2>\n<p><a href=\"https:\/\/narkoprasek.com\/de\/produkt\/koupit-white-widow-weed-strain-czech\/\">Koupit White Widow Weed Strain Czech Online<\/a> V\u00fddejna: Narkoprasek je vynikaj\u00edc\u00edm zdrojem pro kmeny White Widow. V tomto oboru se pohybujeme velmi dlouho. Velmi tvrd\u011b pracujeme na tom, abychom uspokojili pot\u0159eby na\u0161ich z\u00e1kazn\u00edk\u016f. N\u00e1\u0161 internetov\u00fd obchod v\u011bnuje pozornost ka\u017ed\u00e9mu detailu. S velmi mal\u00fdmi pen\u011bzi si m\u016f\u017eete koupit kmen White widow na prodej v na\u0161em internetov\u00e9m obchod\u011b. N\u00e1kup White widow online v \u010de\u0161tin\u011b z tohoto webu nevy\u017eaduje vyplacen\u00ed banky.<\/p>\n<p>Nejjednodu\u0161\u0161\u00ed v\u011bc, kterou m\u016f\u017eete ud\u011blat, je z\u00edskat kmen White Widow online, pokud \u017eijete v \u010cesk\u00e9 republice nebo Irsku. T\u011bmto a dal\u0161\u00edm zem\u00edm v na\u0161em panelu poskytujeme v\u011bt\u0161inu na\u0161ich slu\u017eeb. Aby klient bal\u00edk obdr\u017eel, nab\u00edz\u00edme doru\u010den\u00ed a\u017e dom\u016f.<\/p>\n<h2>Pro\u010d bych si m\u011bl koupit feminizovan\u00e9 plevele White Widow?<\/h2>\n<p>Konop\u00ed Legal White Widow je bezpe\u010dn\u00e9, snadno se p\u011bstuje v jak\u00e9koli p\u016fd\u011b a je vysoce konzistentn\u00ed.<\/p>\n<p>Je uzn\u00e1v\u00e1n jako jeden z nejsiln\u011bj\u0161\u00edch kmen\u016f, kter\u00e9 byly kdy vyvinuty d\u00edky sv\u00e9 extr\u00e9mn\u00ed potenci a s\u00edle. Pupeny jsou kompaktn\u00ed a tuh\u00e9, s hustou vrstvou b\u00edl\u00fdch trichom\u016f pokr\u00fdvaj\u00edc\u00edch cel\u00fd povrch. Pokud hled\u00e1te origin\u00e1ln\u00ed White Widow z 80. a 90. let, jste na spr\u00e1vn\u00e9m m\u00edst\u011b. Na\u0161i spot\u0159ebitel\u00e9 se k t\u00e9to odr\u016fd\u011b vracej\u00ed znovu a znovu, proto\u017ee m\u00e1 realistickou chu\u0165, v\u016fni a velmi siln\u00fd \u00fa\u010dinek. White widow m\u00e1 pikantn\u00ed, citrusovou v\u016fni s n\u00e1dechem ko\u0159en\u00ed a borovice.<\/p>\n<p>Kl\u00ed\u010dovou vlastnost\u00ed White Widow jsou jej\u00ed siln\u00e1 celob\u00edl\u00e1 poupata, kter\u00e1 vyd\u00e1vaj\u00ed siln\u00e9 vysok\u00e9. Velmi siln\u00fd. Charakteristiky v\u016fn\u011b a chuti White Widow jsou nejl\u00e9pe charakterizov\u00e1ny jako pep\u0159ov\u00e9 a piniov\u00e9, s r\u016fzn\u00fdmi z\u00e1kladn\u00edmi nuancemi, kter\u00e9 zesiluj\u00ed aroma. To bude m\u00edt citrusov\u00fd podt\u00f3n s kyselou, sv\u011b\u017e\u00ed a ovocnou p\u0159\u00edchut\u00ed u ur\u010dit\u00fdch genotyp\u016f.<\/p>\n<h3>Kde najdu nejv\u011bt\u0161\u00ed online obchod s konop\u00edm, kde se\u017eenu kmen White Widow?<\/h3>\n<p>Pokud jste ochotni koupit tr\u00e1vu b\u00edl\u00e9 vdovy online, m\u016f\u017eete n\u00e1s uv\u00e9st jako sv\u00e9ho nejlep\u0161\u00edho internetov\u00e9ho prodejce. Tento kmen m\u016f\u017eete zakoupit zde za rozumnou cenu. Ujist\u011bte se, \u017ee jste p\u0159esn\u011b vyplnili v\u0161echna pole. Objednejte nyn\u00ed a brzy byste ji m\u011bli obdr\u017eet!<\/p>","protected":false},"excerpt":{"rendered":"<p>Koupit White Widow Weed Strain Czech Koupit White Widow Weed Strain Czech Online V\u00fddejna: Narkoprasek je vynikaj\u00edc\u00edm zdrojem pro kmeny White Widow. V tomto oboru se pohybujeme velmi dlouho. Velmi tvrd\u011b pracujeme na tom, abychom uspokojili pot\u0159eby na\u0161ich z\u00e1kazn\u00edk\u016f. N\u00e1\u0161 internetov\u00fd obchod v\u011bnuje pozornost ka\u017ed\u00e9mu detailu. S velmi mal\u00fdmi pen\u011bzi si m\u016f\u017eete koupit kmen White [&hellip;]<\/p>","protected":false},"featured_media":5356,"comment_status":"open","ping_status":"closed","template":"","meta":{"_joinchat":[]},"product_cat":[416],"product_tag":[],"class_list":{"0":"post-5350","1":"product","2":"type-product","3":"status-publish","4":"has-post-thumbnail","6":"product_cat-marihuana","8":"first","9":"instock","10":"shipping-taxable","11":"product-type-simple"},"yoast_head":"<!-- This site is optimized with the Yoast SEO plugin v23.1 - https:\/\/yoast.com\/wordpress\/plugins\/seo\/ -->\n<title>Koupit White Widow Weed Strain Czech Online | Narkoprasek<\/title>\n<meta name=\"description\" content=\"Prozkoumejte n\u00e1\u0161 internetov\u00fd obchod s nab\u00eddkou vysoce kvalitn\u00edho pr\u00e1\u0161ku flubromazepamu White Widow v \u010de\u0161tin\u011b. Kupte si bezpe\u010dn\u011b \u010deskou verzi White Widow online a vydejte se na svou v\u00fdzkumnou cestu s d\u016fv\u011brou.\" \/>\n<meta name=\"robots\" content=\"index, follow, max-snippet:-1, max-image-preview:large, max-video-preview:-1\" \/>\n<link rel=\"canonical\" href=\"https:\/\/narkoprasek.com\/de\/produkt\/koupit-white-widow-weed-strain-czech\/\" \/>\n<meta property=\"og:locale\" content=\"de_DE\" \/>\n<meta property=\"og:type\" content=\"article\" \/>\n<meta property=\"og:title\" content=\"Koupit White Widow Weed Strain Czech Online | Narkoprasek\" \/>\n<meta property=\"og:description\" content=\"Prozkoumejte n\u00e1\u0161 internetov\u00fd obchod s nab\u00eddkou vysoce kvalitn\u00edho pr\u00e1\u0161ku flubromazepamu White Widow v \u010de\u0161tin\u011b. Kupte si bezpe\u010dn\u011b \u010deskou verzi White Widow online a vydejte se na svou v\u00fdzkumnou cestu s d\u016fv\u011brou.\" \/>\n<meta property=\"og:url\" content=\"https:\/\/narkoprasek.com\/de\/produkt\/koupit-white-widow-weed-strain-czech\/\" \/>\n<meta property=\"og:site_name\" content=\"Narko Pr\u00e1\u0161ek\" \/>\n<meta property=\"article:modified_time\" content=\"2026-03-19T11:56:48+00:00\" \/>\n<meta property=\"og:image\" content=\"https:\/\/narkoprasek.com\/wp-content\/uploads\/2024\/01\/buy-white-widow-weed-strain.jpg\" \/>\n\t<meta property=\"og:image:width\" content=\"600\" \/>\n\t<meta property=\"og:image:height\" content=\"600\" \/>\n\t<meta property=\"og:image:type\" content=\"image\/jpeg\" \/>\n<meta name=\"twitter:card\" content=\"summary_large_image\" \/>\n<meta name=\"twitter:label1\" content=\"Gesch\u00e4tzte Lesezeit\" \/>\n\t<meta name=\"twitter:data1\" content=\"2\u00a0Minuten\" \/>\n<script type=\"application\/ld+json\" class=\"yoast-schema-graph\">{\"@context\":\"https:\/\/schema.org\",\"@graph\":[{\"@type\":\"WebPage\",\"@id\":\"https:\/\/narkoprasek.com\/produkt\/koupit-white-widow-weed-strain-czech\/\",\"url\":\"https:\/\/narkoprasek.com\/produkt\/koupit-white-widow-weed-strain-czech\/\",\"name\":\"Koupit White Widow Weed Strain Czech Online | Narkoprasek\",\"isPartOf\":{\"@id\":\"https:\/\/narkoprasek.com\/#website\"},\"primaryImageOfPage\":{\"@id\":\"https:\/\/narkoprasek.com\/produkt\/koupit-white-widow-weed-strain-czech\/#primaryimage\"},\"image\":{\"@id\":\"https:\/\/narkoprasek.com\/produkt\/koupit-white-widow-weed-strain-czech\/#primaryimage\"},\"thumbnailUrl\":\"https:\/\/narkoprasek.com\/wp-content\/uploads\/2024\/01\/buy-white-widow-weed-strain.jpg\",\"datePublished\":\"2024-01-04T06:36:46+00:00\",\"dateModified\":\"2026-03-19T11:56:48+00:00\",\"description\":\"Prozkoumejte n\u00e1\u0161 internetov\u00fd obchod s nab\u00eddkou vysoce kvalitn\u00edho pr\u00e1\u0161ku flubromazepamu White Widow v \u010de\u0161tin\u011b. Kupte si bezpe\u010dn\u011b \u010deskou verzi White Widow online a vydejte se na svou v\u00fdzkumnou cestu s d\u016fv\u011brou.\",\"breadcrumb\":{\"@id\":\"https:\/\/narkoprasek.com\/produkt\/koupit-white-widow-weed-strain-czech\/#breadcrumb\"},\"inLanguage\":\"de\",\"potentialAction\":[{\"@type\":\"ReadAction\",\"target\":[\"https:\/\/narkoprasek.com\/produkt\/koupit-white-widow-weed-strain-czech\/\"]}]},{\"@type\":\"ImageObject\",\"inLanguage\":\"de\",\"@id\":\"https:\/\/narkoprasek.com\/produkt\/koupit-white-widow-weed-strain-czech\/#primaryimage\",\"url\":\"https:\/\/narkoprasek.com\/wp-content\/uploads\/2024\/01\/buy-white-widow-weed-strain.jpg\",\"contentUrl\":\"https:\/\/narkoprasek.com\/wp-content\/uploads\/2024\/01\/buy-white-widow-weed-strain.jpg\",\"width\":600,\"height\":600},{\"@type\":\"BreadcrumbList\",\"@id\":\"https:\/\/narkoprasek.com\/produkt\/koupit-white-widow-weed-strain-czech\/#breadcrumb\",\"itemListElement\":[{\"@type\":\"ListItem\",\"position\":1,\"name\":\"Home\",\"item\":\"https:\/\/narkoprasek.com\/\"},{\"@type\":\"ListItem\",\"position\":2,\"name\":\"Na\u0161e Produkty\",\"item\":\"https:\/\/narkoprasek.com\/shop\/\"},{\"@type\":\"ListItem\",\"position\":3,\"name\":\"Koupit White Widow Weed Strain Czech\"}]},{\"@type\":\"WebSite\",\"@id\":\"https:\/\/narkoprasek.com\/#website\",\"url\":\"https:\/\/narkoprasek.com\/\",\"name\":\"Narko Pr\u00e1\u0161ek\",\"description\":\"My WordPress Blog\",\"potentialAction\":[{\"@type\":\"SearchAction\",\"target\":{\"@type\":\"EntryPoint\",\"urlTemplate\":\"https:\/\/narkoprasek.com\/?s={search_term_string}\"},\"query-input\":\"required name=search_term_string\"}],\"inLanguage\":\"de\"}]}<\/script>\n<!-- \/ Yoast SEO plugin. -->","yoast_head_json":{"title":"Koupit White Widow Weed Strain Czech Online | Narkoprasek","description":"Prozkoumejte n\u00e1\u0161 internetov\u00fd obchod s nab\u00eddkou vysoce kvalitn\u00edho pr\u00e1\u0161ku flubromazepamu White Widow v \u010de\u0161tin\u011b. Kupte si bezpe\u010dn\u011b \u010deskou verzi White Widow online a vydejte se na svou v\u00fdzkumnou cestu s d\u016fv\u011brou.","robots":{"index":"index","follow":"follow","max-snippet":"max-snippet:-1","max-image-preview":"max-image-preview:large","max-video-preview":"max-video-preview:-1"},"canonical":"https:\/\/narkoprasek.com\/de\/produkt\/koupit-white-widow-weed-strain-czech\/","og_locale":"de_DE","og_type":"article","og_title":"Koupit White Widow Weed Strain Czech Online | Narkoprasek","og_description":"Prozkoumejte n\u00e1\u0161 internetov\u00fd obchod s nab\u00eddkou vysoce kvalitn\u00edho pr\u00e1\u0161ku flubromazepamu White Widow v \u010de\u0161tin\u011b. Kupte si bezpe\u010dn\u011b \u010deskou verzi White Widow online a vydejte se na svou v\u00fdzkumnou cestu s d\u016fv\u011brou.","og_url":"https:\/\/narkoprasek.com\/de\/produkt\/koupit-white-widow-weed-strain-czech\/","og_site_name":"Narko Pr\u00e1\u0161ek","article_modified_time":"2026-03-19T11:56:48+00:00","og_image":[{"width":600,"height":600,"url":"https:\/\/narkoprasek.com\/wp-content\/uploads\/2024\/01\/buy-white-widow-weed-strain.jpg","type":"image\/jpeg"}],"twitter_card":"summary_large_image","twitter_misc":{"Gesch\u00e4tzte Lesezeit":"2\u00a0Minuten"},"schema":{"@context":"https:\/\/schema.org","@graph":[{"@type":"WebPage","@id":"https:\/\/narkoprasek.com\/produkt\/koupit-white-widow-weed-strain-czech\/","url":"https:\/\/narkoprasek.com\/produkt\/koupit-white-widow-weed-strain-czech\/","name":"Koupit White Widow Weed Strain Czech Online | Narkoprasek","isPartOf":{"@id":"https:\/\/narkoprasek.com\/#website"},"primaryImageOfPage":{"@id":"https:\/\/narkoprasek.com\/produkt\/koupit-white-widow-weed-strain-czech\/#primaryimage"},"image":{"@id":"https:\/\/narkoprasek.com\/produkt\/koupit-white-widow-weed-strain-czech\/#primaryimage"},"thumbnailUrl":"https:\/\/narkoprasek.com\/wp-content\/uploads\/2024\/01\/buy-white-widow-weed-strain.jpg","datePublished":"2024-01-04T06:36:46+00:00","dateModified":"2026-03-19T11:56:48+00:00","description":"Prozkoumejte n\u00e1\u0161 internetov\u00fd obchod s nab\u00eddkou vysoce kvalitn\u00edho pr\u00e1\u0161ku flubromazepamu White Widow v \u010de\u0161tin\u011b. Kupte si bezpe\u010dn\u011b \u010deskou verzi White Widow online a vydejte se na svou v\u00fdzkumnou cestu s d\u016fv\u011brou.","breadcrumb":{"@id":"https:\/\/narkoprasek.com\/produkt\/koupit-white-widow-weed-strain-czech\/#breadcrumb"},"inLanguage":"de","potentialAction":[{"@type":"ReadAction","target":["https:\/\/narkoprasek.com\/produkt\/koupit-white-widow-weed-strain-czech\/"]}]},{"@type":"ImageObject","inLanguage":"de","@id":"https:\/\/narkoprasek.com\/produkt\/koupit-white-widow-weed-strain-czech\/#primaryimage","url":"https:\/\/narkoprasek.com\/wp-content\/uploads\/2024\/01\/buy-white-widow-weed-strain.jpg","contentUrl":"https:\/\/narkoprasek.com\/wp-content\/uploads\/2024\/01\/buy-white-widow-weed-strain.jpg","width":600,"height":600},{"@type":"BreadcrumbList","@id":"https:\/\/narkoprasek.com\/produkt\/koupit-white-widow-weed-strain-czech\/#breadcrumb","itemListElement":[{"@type":"ListItem","position":1,"name":"Home","item":"https:\/\/narkoprasek.com\/"},{"@type":"ListItem","position":2,"name":"Na\u0161e Produkty","item":"https:\/\/narkoprasek.com\/shop\/"},{"@type":"ListItem","position":3,"name":"Koupit White Widow Weed Strain Czech"}]},{"@type":"WebSite","@id":"https:\/\/narkoprasek.com\/#website","url":"https:\/\/narkoprasek.com\/","name":"Narko Pr\u00e1\u0161ek","description":"My WordPress Blog","potentialAction":[{"@type":"SearchAction","target":{"@type":"EntryPoint","urlTemplate":"https:\/\/narkoprasek.com\/?s={search_term_string}"},"query-input":"required name=search_term_string"}],"inLanguage":"de"}]}},"_links":{"self":[{"href":"https:\/\/narkoprasek.com\/de\/wp-json\/wp\/v2\/product\/5350","targetHints":{"allow":["GET"]}}],"collection":[{"href":"https:\/\/narkoprasek.com\/de\/wp-json\/wp\/v2\/product"}],"about":[{"href":"https:\/\/narkoprasek.com\/de\/wp-json\/wp\/v2\/types\/product"}],"replies":[{"embeddable":true,"href":"https:\/\/narkoprasek.com\/de\/wp-json\/wp\/v2\/comments?post=5350"}],"wp:featuredmedia":[{"embeddable":true,"href":"https:\/\/narkoprasek.com\/de\/wp-json\/wp\/v2\/media\/5356"}],"wp:attachment":[{"href":"https:\/\/narkoprasek.com\/de\/wp-json\/wp\/v2\/media?parent=5350"}],"wp:term":[{"taxonomy":"product_cat","embeddable":true,"href":"https:\/\/narkoprasek.com\/de\/wp-json\/wp\/v2\/product_cat?post=5350"},{"taxonomy":"product_tag","embeddable":true,"href":"https:\/\/narkoprasek.com\/de\/wp-json\/wp\/v2\/product_tag?post=5350"}],"curies":[{"name":"wp","href":"https:\/\/api.w.org\/{rel}","templated":true}]}}