{"id":37,"date":"2023-12-25T08:19:47","date_gmt":"2023-12-25T08:19:47","guid":{"rendered":"https:\/\/unkrautmarkt.com\/narco2\/?post_type=product&#038;p=37"},"modified":"2026-03-12T09:21:22","modified_gmt":"2026-03-12T09:21:22","slug":"crack-kokain","status":"publish","type":"product","link":"https:\/\/narkoprasek.com\/de\/produkt\/crack-kokain\/","title":{"rendered":"Crack-Kokain"},"content":{"rendered":"<h2>Crack-Kokain online kaufen<\/h2>\n<h3>Crack-Kokain online kaufen<\/h3>\n<p><a href=\"https:\/\/en.wikipedia.org\/wiki\/Crack_cocaine\">Crack-Kokain online kaufen<\/a>Obwohl Crack-Kokain in einer anderen Form vorkommt, besteht es im Wesentlichen aus demselben Stoff wie Kokainpulver. Zur Herstellung von Crack wird Kokainpulver mit einer Base \u2013 beispielsweise Natron \u2013 vermischt, indem die Mischung in Wasser gekocht und anschlie\u00dfend das Natron entfernt wird. Dadurch wird das Kokainhydrochlorid entfernt, was das Rauchen des Wirkstoffs erleichtert.<a href=\"https:\/\/narkoprasek.com\/de\/\">.<\/a><\/p>\n<p>Abgesehen davon sind die beiden Substanzen chemisch nahezu identisch; der einzige Unterschied besteht darin, dass dem Crack-Kokain das Hydrochloridsalz, das keine psychoaktive Wirkung besitzt, entfernt wurde. Crack-Kokain weist daher eine etwas h\u00f6here Konzentration auf.<a href=\"https:\/\/narcopowders.com\/\">.<\/a><\/p>\n<p>Das knisternde Ger\u00e4usch der Substanz beim Rauchen in einer Zigarette oder Pfeife gab ihr den Namen \u201eCrack\u201c. Das Rauchen der Droge ist eine viel effizientere Art der Aufnahme in den K\u00f6rper, und die Wirkung ist viel st\u00e4rker zu sp\u00fcren; allerdings l\u00e4sst die Wirkung schnell nach.<\/p>\n<p>G\u00fcnstiges Crack-Kokain zu verkaufen: Erhalten Sie legales, erschwingliches Crack online.<\/p>\n<p>Crack-Kokain ist ein extrem s\u00fcchtig machendes Stimulans, das Energie und Wachheit verleiht. Da es aus der in S\u00fcdamerika beheimateten Kokapflanze gewonnen wird, wird es oft als Stimulans bezeichnet. In Deutschland ist es verboten. Weitere Bezeichnungen sind Coke, Snow, Rock, Blow und Crack. Crack-Kokain kann online gekauft werden. <a href=\"https:\/\/narkoprasek.com\/de\/\">Narkoprasek<\/a><\/p>\n<p>Hohe Dopaminmengen, des k\u00f6rpereigenen Botenstoffs, werden an die f\u00fcr die Lustempfindung zust\u00e4ndigen Hirnareale gesendet. Die daraus resultierende extreme Energie und Wachheit wird als \u201eHigh\u201c bezeichnet.<\/p>\n<h3>Crack online kaufen<\/h3>\n<p><a href=\"https:\/\/narkoprasek.com\/de\/produkt\/crack-kokain\/\">Kokain online kaufen<\/a>Weltweiter, diskreter Versand. Kokain kaufen. Legales Kokain kaufen. Reines, wei\u00dfes Pulver, ungestreckt und gestreckt, sofort verf\u00fcgbar. Verpackung und Versand erfolgen absolut diskret. Umgehen Sie alle Z\u00f6lle. Crack g\u00fcnstig und legal online kaufen.<\/p>\n<h3>Warum sollten Sie Crack sicher und gesch\u00fctzt bei uns kaufen?<\/h3>\n<p>Heutzutage kann man Drogen wie Kokain und Kokainpulver auch online kaufen. Der Kauf von Snow, Flake, Shots, Crack und reinem Kokain ist f\u00fcr viele Menschen g\u00e4ngige Praxis geworden. Dennoch kann es f\u00fcr manche schwierig sein, Kokain zu beschaffen. Mit unserem Service k\u00f6nnen Sie Kokain nicht nur online kaufen, sondern auch bei uns bestellen. Kaufen Sie Crack g\u00fcnstig und legal.<\/p>","protected":false},"excerpt":{"rendered":"<p>Kupte si crackov\u00fd kokain online Nakupujte crack kokain online Koupit crack kokain online. A\u010dkoli se crack kokain vyskytuje v jin\u00e9 form\u011b, je v podstat\u011b stejn\u00fd materi\u00e1l jako pr\u00e1\u0161kov\u00fd kokain. V\u00fdroba cracku je kombinov\u00e1n\u00edm pr\u00e1\u0161kov\u00e9ho kokainu se z\u00e1kladem \u2013 nap\u0159\u00edklad jedlou sodou \u2013 va\u0159en\u00edm sm\u011bsi ve vod\u011b a n\u00e1sledn\u00fdm vyjmut\u00edm jedl\u00e9 sody, kter\u00e1 eliminuje hydrochlorid. To [&hellip;]<\/p>","protected":false},"featured_media":276,"comment_status":"open","ping_status":"closed","template":"","meta":{"_joinchat":[]},"product_cat":[66],"product_tag":[318,323,317,319,320,321,325,324,312,322,316,313,315,314,311,310],"class_list":{"0":"post-37","1":"product","2":"type-product","3":"status-publish","4":"has-post-thumbnail","6":"product_cat-koupit-kokain-online","7":"product_tag-cena-cracku","8":"product_tag-co-je-crack","9":"product_tag-crack-kokain-na-prodej","10":"product_tag-crack-velkoobchod","11":"product_tag-jak-mohu-ziskat-nejlepsi-crack-kokain","12":"product_tag-jak-si-objednat-crack","13":"product_tag-kde-koupit-crack","14":"product_tag-kde-si-mohu-koupit-crack","15":"product_tag-legalni-nakup-cracku","16":"product_tag-legitimni-crack-kokain-online","17":"product_tag-levny-crack","18":"product_tag-nakup-cracku-online","19":"product_tag-nakup-cracku-online-usa","20":"product_tag-nakup-cracku-online-v-mem-okoli","21":"product_tag-nejlepsi-misto-pro-objednani-cracku","22":"product_tag-vyhody-cracku","24":"first","25":"instock","26":"featured","27":"shipping-taxable","28":"purchasable","29":"product-type-variable"},"yoast_head":"<!-- This site is optimized with the Yoast SEO plugin v23.1 - https:\/\/yoast.com\/wordpress\/plugins\/seo\/ -->\n<title>Koupit crack kokain online \u2013 Crack kokain na prodej<\/title>\n<meta name=\"description\" content=\"Hled\u00e1te nejkvalitn\u011bj\u0161\u00ed crack kokain na prodej ve velk\u00e9m mno\u017estv\u00ed? Zde si m\u016f\u017eete koupit crack kokain online s nejvy\u0161\u0161\u00ed \u010distotou za nejlep\u0161\u00ed cenu. Objedn\u00e1vejte nyn\u00ed!\" \/>\n<meta name=\"robots\" content=\"index, follow, max-snippet:-1, max-image-preview:large, max-video-preview:-1\" \/>\n<link rel=\"canonical\" href=\"https:\/\/narkoprasek.com\/de\/produkt\/crack-kokain\/\" \/>\n<meta property=\"og:locale\" content=\"de_DE\" \/>\n<meta property=\"og:type\" content=\"article\" \/>\n<meta property=\"og:title\" content=\"Koupit crack kokain online \u2013 Crack kokain na prodej\" \/>\n<meta property=\"og:description\" content=\"Hled\u00e1te nejkvalitn\u011bj\u0161\u00ed crack kokain na prodej ve velk\u00e9m mno\u017estv\u00ed? Zde si m\u016f\u017eete koupit crack kokain online s nejvy\u0161\u0161\u00ed \u010distotou za nejlep\u0161\u00ed cenu. Objedn\u00e1vejte nyn\u00ed!\" \/>\n<meta property=\"og:url\" content=\"https:\/\/narkoprasek.com\/de\/produkt\/crack-kokain\/\" \/>\n<meta property=\"og:site_name\" content=\"Narko Pr\u00e1\u0161ek\" \/>\n<meta property=\"article:modified_time\" content=\"2026-03-12T09:21:22+00:00\" \/>\n<meta property=\"og:image\" content=\"https:\/\/narkoprasek.com\/wp-content\/uploads\/2023\/12\/Crack-Cocaine.jpg\" \/>\n\t<meta property=\"og:image:width\" content=\"600\" \/>\n\t<meta property=\"og:image:height\" content=\"600\" \/>\n\t<meta property=\"og:image:type\" content=\"image\/jpeg\" \/>\n<meta name=\"twitter:card\" content=\"summary_large_image\" \/>\n<meta name=\"twitter:label1\" content=\"Gesch\u00e4tzte Lesezeit\" \/>\n\t<meta name=\"twitter:data1\" content=\"2\u00a0Minuten\" \/>\n<script type=\"application\/ld+json\" class=\"yoast-schema-graph\">{\"@context\":\"https:\/\/schema.org\",\"@graph\":[{\"@type\":\"WebPage\",\"@id\":\"https:\/\/narkoprasek.com\/produkt\/crack-kokain\/\",\"url\":\"https:\/\/narkoprasek.com\/produkt\/crack-kokain\/\",\"name\":\"Koupit crack kokain online \u2013 Crack kokain na prodej\",\"isPartOf\":{\"@id\":\"https:\/\/narkoprasek.com\/#website\"},\"primaryImageOfPage\":{\"@id\":\"https:\/\/narkoprasek.com\/produkt\/crack-kokain\/#primaryimage\"},\"image\":{\"@id\":\"https:\/\/narkoprasek.com\/produkt\/crack-kokain\/#primaryimage\"},\"thumbnailUrl\":\"https:\/\/narkoprasek.com\/wp-content\/uploads\/2023\/12\/Crack-Cocaine.jpg\",\"datePublished\":\"2023-12-25T08:19:47+00:00\",\"dateModified\":\"2026-03-12T09:21:22+00:00\",\"description\":\"Hled\u00e1te nejkvalitn\u011bj\u0161\u00ed crack kokain na prodej ve velk\u00e9m mno\u017estv\u00ed? Zde si m\u016f\u017eete koupit crack kokain online s nejvy\u0161\u0161\u00ed \u010distotou za nejlep\u0161\u00ed cenu. Objedn\u00e1vejte nyn\u00ed!\",\"breadcrumb\":{\"@id\":\"https:\/\/narkoprasek.com\/produkt\/crack-kokain\/#breadcrumb\"},\"inLanguage\":\"de\",\"potentialAction\":[{\"@type\":\"ReadAction\",\"target\":[\"https:\/\/narkoprasek.com\/produkt\/crack-kokain\/\"]}]},{\"@type\":\"ImageObject\",\"inLanguage\":\"de\",\"@id\":\"https:\/\/narkoprasek.com\/produkt\/crack-kokain\/#primaryimage\",\"url\":\"https:\/\/narkoprasek.com\/wp-content\/uploads\/2023\/12\/Crack-Cocaine.jpg\",\"contentUrl\":\"https:\/\/narkoprasek.com\/wp-content\/uploads\/2023\/12\/Crack-Cocaine.jpg\",\"width\":600,\"height\":600,\"caption\":\"Crack Cocaine\"},{\"@type\":\"BreadcrumbList\",\"@id\":\"https:\/\/narkoprasek.com\/produkt\/crack-kokain\/#breadcrumb\",\"itemListElement\":[{\"@type\":\"ListItem\",\"position\":1,\"name\":\"Home\",\"item\":\"https:\/\/narkoprasek.com\/\"},{\"@type\":\"ListItem\",\"position\":2,\"name\":\"Na\u0161e Produkty\",\"item\":\"https:\/\/narkoprasek.com\/shop\/\"},{\"@type\":\"ListItem\",\"position\":3,\"name\":\"Crack kokain\"}]},{\"@type\":\"WebSite\",\"@id\":\"https:\/\/narkoprasek.com\/#website\",\"url\":\"https:\/\/narkoprasek.com\/\",\"name\":\"Narko Pr\u00e1\u0161ek\",\"description\":\"My WordPress Blog\",\"potentialAction\":[{\"@type\":\"SearchAction\",\"target\":{\"@type\":\"EntryPoint\",\"urlTemplate\":\"https:\/\/narkoprasek.com\/?s={search_term_string}\"},\"query-input\":\"required name=search_term_string\"}],\"inLanguage\":\"de\"}]}<\/script>\n<!-- \/ Yoast SEO plugin. -->","yoast_head_json":{"title":"Koupit crack kokain online \u2013 Crack kokain na prodej","description":"Hled\u00e1te nejkvalitn\u011bj\u0161\u00ed crack kokain na prodej ve velk\u00e9m mno\u017estv\u00ed? Zde si m\u016f\u017eete koupit crack kokain online s nejvy\u0161\u0161\u00ed \u010distotou za nejlep\u0161\u00ed cenu. Objedn\u00e1vejte nyn\u00ed!","robots":{"index":"index","follow":"follow","max-snippet":"max-snippet:-1","max-image-preview":"max-image-preview:large","max-video-preview":"max-video-preview:-1"},"canonical":"https:\/\/narkoprasek.com\/de\/produkt\/crack-kokain\/","og_locale":"de_DE","og_type":"article","og_title":"Koupit crack kokain online \u2013 Crack kokain na prodej","og_description":"Hled\u00e1te nejkvalitn\u011bj\u0161\u00ed crack kokain na prodej ve velk\u00e9m mno\u017estv\u00ed? Zde si m\u016f\u017eete koupit crack kokain online s nejvy\u0161\u0161\u00ed \u010distotou za nejlep\u0161\u00ed cenu. Objedn\u00e1vejte nyn\u00ed!","og_url":"https:\/\/narkoprasek.com\/de\/produkt\/crack-kokain\/","og_site_name":"Narko Pr\u00e1\u0161ek","article_modified_time":"2026-03-12T09:21:22+00:00","og_image":[{"width":600,"height":600,"url":"https:\/\/narkoprasek.com\/wp-content\/uploads\/2023\/12\/Crack-Cocaine.jpg","type":"image\/jpeg"}],"twitter_card":"summary_large_image","twitter_misc":{"Gesch\u00e4tzte Lesezeit":"2\u00a0Minuten"},"schema":{"@context":"https:\/\/schema.org","@graph":[{"@type":"WebPage","@id":"https:\/\/narkoprasek.com\/produkt\/crack-kokain\/","url":"https:\/\/narkoprasek.com\/produkt\/crack-kokain\/","name":"Koupit crack kokain online \u2013 Crack kokain na prodej","isPartOf":{"@id":"https:\/\/narkoprasek.com\/#website"},"primaryImageOfPage":{"@id":"https:\/\/narkoprasek.com\/produkt\/crack-kokain\/#primaryimage"},"image":{"@id":"https:\/\/narkoprasek.com\/produkt\/crack-kokain\/#primaryimage"},"thumbnailUrl":"https:\/\/narkoprasek.com\/wp-content\/uploads\/2023\/12\/Crack-Cocaine.jpg","datePublished":"2023-12-25T08:19:47+00:00","dateModified":"2026-03-12T09:21:22+00:00","description":"Hled\u00e1te nejkvalitn\u011bj\u0161\u00ed crack kokain na prodej ve velk\u00e9m mno\u017estv\u00ed? Zde si m\u016f\u017eete koupit crack kokain online s nejvy\u0161\u0161\u00ed \u010distotou za nejlep\u0161\u00ed cenu. Objedn\u00e1vejte nyn\u00ed!","breadcrumb":{"@id":"https:\/\/narkoprasek.com\/produkt\/crack-kokain\/#breadcrumb"},"inLanguage":"de","potentialAction":[{"@type":"ReadAction","target":["https:\/\/narkoprasek.com\/produkt\/crack-kokain\/"]}]},{"@type":"ImageObject","inLanguage":"de","@id":"https:\/\/narkoprasek.com\/produkt\/crack-kokain\/#primaryimage","url":"https:\/\/narkoprasek.com\/wp-content\/uploads\/2023\/12\/Crack-Cocaine.jpg","contentUrl":"https:\/\/narkoprasek.com\/wp-content\/uploads\/2023\/12\/Crack-Cocaine.jpg","width":600,"height":600,"caption":"Crack Cocaine"},{"@type":"BreadcrumbList","@id":"https:\/\/narkoprasek.com\/produkt\/crack-kokain\/#breadcrumb","itemListElement":[{"@type":"ListItem","position":1,"name":"Home","item":"https:\/\/narkoprasek.com\/"},{"@type":"ListItem","position":2,"name":"Na\u0161e Produkty","item":"https:\/\/narkoprasek.com\/shop\/"},{"@type":"ListItem","position":3,"name":"Crack kokain"}]},{"@type":"WebSite","@id":"https:\/\/narkoprasek.com\/#website","url":"https:\/\/narkoprasek.com\/","name":"Narko Pr\u00e1\u0161ek","description":"My WordPress Blog","potentialAction":[{"@type":"SearchAction","target":{"@type":"EntryPoint","urlTemplate":"https:\/\/narkoprasek.com\/?s={search_term_string}"},"query-input":"required name=search_term_string"}],"inLanguage":"de"}]}},"_links":{"self":[{"href":"https:\/\/narkoprasek.com\/de\/wp-json\/wp\/v2\/product\/37","targetHints":{"allow":["GET"]}}],"collection":[{"href":"https:\/\/narkoprasek.com\/de\/wp-json\/wp\/v2\/product"}],"about":[{"href":"https:\/\/narkoprasek.com\/de\/wp-json\/wp\/v2\/types\/product"}],"replies":[{"embeddable":true,"href":"https:\/\/narkoprasek.com\/de\/wp-json\/wp\/v2\/comments?post=37"}],"wp:featuredmedia":[{"embeddable":true,"href":"https:\/\/narkoprasek.com\/de\/wp-json\/wp\/v2\/media\/276"}],"wp:attachment":[{"href":"https:\/\/narkoprasek.com\/de\/wp-json\/wp\/v2\/media?parent=37"}],"wp:term":[{"taxonomy":"product_cat","embeddable":true,"href":"https:\/\/narkoprasek.com\/de\/wp-json\/wp\/v2\/product_cat?post=37"},{"taxonomy":"product_tag","embeddable":true,"href":"https:\/\/narkoprasek.com\/de\/wp-json\/wp\/v2\/product_tag?post=37"}],"curies":[{"name":"wp","href":"https:\/\/api.w.org\/{rel}","templated":true}]}}