{"id":30,"date":"2023-12-25T08:19:47","date_gmt":"2023-12-25T08:19:47","guid":{"rendered":"https:\/\/unkrautmarkt.com\/narco2\/?post_type=product&#038;p=30"},"modified":"2026-03-12T09:21:01","modified_gmt":"2026-03-12T09:21:01","slug":"heroin-v-hnedem-prasku","status":"publish","type":"product","link":"https:\/\/narkoprasek.com\/de\/produkt\/brown-pulver-heroin\/","title":{"rendered":"Heroin in braunem Pulver"},"content":{"rendered":"<h2>Braunes Heroinpulver online kaufen<\/h2>\n<p>G\u00dcNSTIGES, HOCHWERTIGES BRAUNES HEROINPULVER ONLINE KAUFEN - LABORGEPR\u00dcFTE REINHEIT UND G\u00dcNSTIGE PREISE<\/p>\n<p>Herzliche Gr\u00fc\u00dfe von unserem gr\u00f6\u00dften Online-Shop f\u00fcr Black Tar Heroin. In unserem Shop bieten wir hochwertiges Black Tar Heroin zu g\u00fcnstigen Preisen an. Unser Sortiment ist vielf\u00e4ltig und bietet f\u00fcr jeden Geschmack etwas. <a href=\"https:\/\/narkoprasek.com\/de\/produkt\/brown-pulver-heroin\/\">Black Tar Heroin online z jak\u00e9hokoli m\u00edsta<\/a>.<\/p>\n<h3>Warum Heroin in braunem Pulver online kaufen?<\/h3>\n<p>Der Online-Kauf von billigem Heroin in braunem Pulver bietet eine private und bequeme M\u00f6glichkeit, diese Transaktion durchzuf\u00fchren. Unser Online-Shop bietet eine gro\u00dfe Auswahl an Produkten zu erschwinglichen Preisen, einschlie\u00dflich Black Tar Heroin. Wenn Sie Schwarzer Teer Heroin online kaufen, k\u00f6nnen Sie sicher sein, dass unser Gesch\u00e4ft die besten Artikel, diskrete Verpackung und schnelle, zuverl\u00e4ssige Lieferung bietet.<\/p>\n<p>Unser Shop ist der beste Ort, um Black Tar Heroin online in Gro\u00dfbritannien zu kaufen. Unsere Artikel sind von bestem Kaliber und wir liefern schnell und zuverl\u00e4ssig an jeden Ort im Vereinigten K\u00f6nigreich. St\u00f6bern Sie auf unserer Website, w\u00e4hlen Sie die gew\u00fcnschten Artikel aus und bestellen Sie dann Ihr Brown Tar Heroin Pulver. Wir verwenden eine Reihe von Zahlungsoptionen, einschlie\u00dflich Bitcoin, Bank\u00fcberweisungen und Kreditkarten.<\/p>\n<h3>Braunes Heroinpulver hat Vorteile.<\/h3>\n<p><a href=\"https:\/\/en.wikipedia.org\/wiki\/Black_tar_heroin\">BPH<\/a> Brown Heroin (BPH) ist die Abk\u00fcrzung f\u00fcr Beta-Adrenozeptor-Blocker. Es wirkt stark und ist leicht erh\u00e4ltlich. Brauner Zucker, Kaffee und Backpulver sind die Hauptbestandteile von Brown Heroin. Sowohl Codein als auch Morphin sind in hochwertigem Heroin wie BPH enthalten. Es eignet sich hervorragend zur Linderung starker Schmerzen. Zudem wird BPH weltweit schnell versendet und ist daher ideal f\u00fcr dringende Drogenbestellungen. Konsumenten, die hochwertige Drogen zu einem erschwinglichen Preis suchen, werden feststellen, dass Brown Heroin g\u00fcnstiger ist als Heroin aus anderen Quellen.<\/p>\n<h3>Wie man Black Tar Heroin online kauft: Ein umfassender Leitfaden<\/h3>\n<p>G\u00fcnstiges braunes Pulver-Heroin online zu bestellen ist einfach. Beginnen Sie damit, unseren Online-Shop zu durchst\u00f6bern und w\u00e4hlen Sie die Artikel aus, die Sie kaufen m\u00f6chten. Sobald Sie die Produkte in Ihren Warenkorb gelegt haben, gehen Sie zur Kasse. An der Kasse werden Sie nach Ihren Liefer- und Zahlungsdaten gefragt. Sobald Sie diese Daten eingegeben haben, schlie\u00dfen Sie Ihre Bestellung ab und verfolgen die Lieferung Ihrer Waren.<\/p>\n<h3>Preis von braunem Pulver f\u00fcr Heroin: Wie hoch ist der Preis?<\/h3>\n<p>Die Menge und die Qualit\u00e4t des Produkts k\u00f6nnen den Preis von Brown Heroin Powder beeinflussen. Auch wenn wir einen niedrigen Preis und eine Qualit\u00e4tsgarantie anbieten, verkaufen wir braunes Heroinpulver. Wir sind uns bewusst, dass unsere Kunden faire Preise brauchen, und es ist uns eine Ehre, ihnen diese zu bieten. Wir bieten verschiedene Gr\u00f6\u00dfen an, um Ihren Anforderungen zu entsprechen, und Sie k\u00f6nnen Geld sparen, indem Sie in gro\u00dfen Mengen kaufen.<\/p>\n<h3>Ist es sicher, Heroin in braunem Pulver online zu kaufen?<\/h3>\n<p>Wenn Sie braunes Heroinpulver von einem zuverl\u00e4ssigen Verk\u00e4ufer kaufen, kann der Online-Kauf sicher sein. Wir garantieren, dass Ihre Bestellung diskret abgewickelt wird und dass unsere Website einfach und sicher zu bedienen ist.<\/p>\n<p>Um Ihnen das bestm\u00f6gliche Produkt zu garantieren, lassen wir unser braunes Heroinpulver im Labor auf Reinheit und Wirksamkeit pr\u00fcfen. Wir bieten Ihnen beste Qualit\u00e4t zu fairen Preisen und nehmen Ihre Sicherheit sehr ernst. Kaufen Sie braunes Heroinpulver am besten bei unserem vertrauensw\u00fcrdigen Online-H\u00e4ndler. Wir bieten Premium-Produkte zu erschwinglichen Preisen mit schneller und zuverl\u00e4ssiger Lieferung. Alles, was Sie f\u00fcr Ihren Kauf ben\u00f6tigen, finden Sie in unserem Shop \u2013 egal, ob Sie in Gro\u00dfbritannien oder anderswo auf der Welt sind. Sicher und gesch\u00fctzt lagern. <a href=\"https:\/\/narkoprasek.com\/de\/\">Schwarzer Teer Heroin<\/a>Warum also nicht warten? Um jetzt Heroinpulver (braun) online zu kaufen, besuchen Sie unsere Website.<\/p>","protected":false},"excerpt":{"rendered":"<p>Kupte si hn\u011bd\u00fd pr\u00e1\u0161ek Heroin online Z\u00cdSKEJTE LEVN\u00dd, KVALITN\u00cd HN\u011aD\u00dd PR\u00c1\u0160KOV\u00dd HEROIN ONLINE \u2013 LABORATORN\u011a TESTOVAN\u00c1 \u010cISTOTA A ROZUMN\u00c9 CENY Zdrav\u00edme v\u00e1s z nejv\u011bt\u0161\u00ed str\u00e1nky, kde m\u016f\u017eete z\u00edskat Black Tar Heroin, n\u00e1\u0161 internetov\u00fd obchod. V na\u0161em obchod\u011b prod\u00e1v\u00e1me pr\u00e9miov\u00fd Black Tar Heroin za rozumn\u00e9 n\u00e1klady. Na\u0161e polo\u017eky jsou rozmanit\u00e9 a klienti mohou z\u00edskat Black Tar [&hellip;]<\/p>","protected":false},"featured_media":274,"comment_status":"open","ping_status":"closed","template":"","meta":{"_joinchat":[]},"product_cat":[17],"product_tag":[236,226,225,227,233,234,238,237,228,229,231,230,235,232,224,223],"class_list":{"0":"post-30","1":"product","2":"type-product","3":"status-publish","4":"has-post-thumbnail","6":"product_cat-koupit-heroin-online","7":"product_tag-co-je-hnedy-praskovy-heroin","8":"product_tag-hnedy-praskovy-heroin-cena","9":"product_tag-hnedy-praskovy-heroin-na-prodej","10":"product_tag-hnedy-praskovy-heroin-velkoobchod","11":"product_tag-jak-mohu-ziskat-nejlepsi-hnedy-praskovy-heroin","12":"product_tag-jak-si-objednat-hnedy-praskovy-heroin","13":"product_tag-kde-koupit-hnedy-praskovy-heroin","14":"product_tag-kde-mohu-koupit-hnedy-praskovy-heroin","15":"product_tag-koupit-hnedy-praskovy-heroin-legalne","16":"product_tag-koupit-hnedy-praskovy-heroin-online","17":"product_tag-koupit-hnedy-praskovy-heroin-online-usa","18":"product_tag-koupit-hnedy-praskovy-heroin-online-v-me-blizkosti","19":"product_tag-legitimni-hnedy-praskovy-heroin-online","20":"product_tag-levny-hnedy-praskovy-heroin","21":"product_tag-nejlepsi-misto-pro-objednani-hnedy-praskovy-heroin","22":"product_tag-vyhody-hnedeho-praskoveho-heroinu","24":"first","25":"instock","26":"featured","27":"shipping-taxable","28":"purchasable","29":"product-type-variable"},"yoast_head":"<!-- This site is optimized with the Yoast SEO plugin v23.1 - https:\/\/yoast.com\/wordpress\/plugins\/seo\/ -->\n<title>Koupit hn\u011bd\u00fd heroin v pr\u00e1\u0161ku online | Narkoprasek<\/title>\n<meta name=\"description\" content=\"Z\u00edskejte hn\u011bd\u00fd heroin v pr\u00e1\u0161ku k prodeji v jednom z nejlep\u0161\u00edch internetov\u00fdch obchod\u016f Narkoprasek. Pom\u016f\u017eeme v\u00e1m koupit hn\u011bd\u00fd pr\u00e1\u0161ek online ve vysok\u00e9 kvalit\u011b. Nev\u00e1hejte s objedn\u00e1vkou a vyu\u017eijte nejnov\u011bj\u0161\u00ed slevy!\" \/>\n<meta name=\"robots\" content=\"index, follow, max-snippet:-1, max-image-preview:large, max-video-preview:-1\" \/>\n<link rel=\"canonical\" href=\"https:\/\/narkoprasek.com\/de\/produkt\/brown-pulver-heroin\/\" \/>\n<meta property=\"og:locale\" content=\"de_DE\" \/>\n<meta property=\"og:type\" content=\"article\" \/>\n<meta property=\"og:title\" content=\"Koupit hn\u011bd\u00fd heroin v pr\u00e1\u0161ku online | Narkoprasek\" \/>\n<meta property=\"og:description\" content=\"Z\u00edskejte hn\u011bd\u00fd heroin v pr\u00e1\u0161ku k prodeji v jednom z nejlep\u0161\u00edch internetov\u00fdch obchod\u016f Narkoprasek. Pom\u016f\u017eeme v\u00e1m koupit hn\u011bd\u00fd pr\u00e1\u0161ek online ve vysok\u00e9 kvalit\u011b. Nev\u00e1hejte s objedn\u00e1vkou a vyu\u017eijte nejnov\u011bj\u0161\u00ed slevy!\" \/>\n<meta property=\"og:url\" content=\"https:\/\/narkoprasek.com\/de\/produkt\/brown-pulver-heroin\/\" \/>\n<meta property=\"og:site_name\" content=\"Narko Pr\u00e1\u0161ek\" \/>\n<meta property=\"article:modified_time\" content=\"2026-03-12T09:21:01+00:00\" \/>\n<meta property=\"og:image\" content=\"https:\/\/narkoprasek.com\/wp-content\/uploads\/2023\/12\/Brown-Powder-Heroin.jpg\" \/>\n\t<meta property=\"og:image:width\" content=\"600\" \/>\n\t<meta property=\"og:image:height\" content=\"600\" \/>\n\t<meta property=\"og:image:type\" content=\"image\/jpeg\" \/>\n<meta name=\"twitter:card\" content=\"summary_large_image\" \/>\n<meta name=\"twitter:label1\" content=\"Gesch\u00e4tzte Lesezeit\" \/>\n\t<meta name=\"twitter:data1\" content=\"3\u00a0Minuten\" \/>\n<script type=\"application\/ld+json\" class=\"yoast-schema-graph\">{\"@context\":\"https:\/\/schema.org\",\"@graph\":[{\"@type\":\"WebPage\",\"@id\":\"https:\/\/narkoprasek.com\/produkt\/heroin-v-hnedem-prasku\/\",\"url\":\"https:\/\/narkoprasek.com\/produkt\/heroin-v-hnedem-prasku\/\",\"name\":\"Koupit hn\u011bd\u00fd heroin v pr\u00e1\u0161ku online | Narkoprasek\",\"isPartOf\":{\"@id\":\"https:\/\/narkoprasek.com\/#website\"},\"primaryImageOfPage\":{\"@id\":\"https:\/\/narkoprasek.com\/produkt\/heroin-v-hnedem-prasku\/#primaryimage\"},\"image\":{\"@id\":\"https:\/\/narkoprasek.com\/produkt\/heroin-v-hnedem-prasku\/#primaryimage\"},\"thumbnailUrl\":\"https:\/\/narkoprasek.com\/wp-content\/uploads\/2023\/12\/Brown-Powder-Heroin.jpg\",\"datePublished\":\"2023-12-25T08:19:47+00:00\",\"dateModified\":\"2026-03-12T09:21:01+00:00\",\"description\":\"Z\u00edskejte hn\u011bd\u00fd heroin v pr\u00e1\u0161ku k prodeji v jednom z nejlep\u0161\u00edch internetov\u00fdch obchod\u016f Narkoprasek. Pom\u016f\u017eeme v\u00e1m koupit hn\u011bd\u00fd pr\u00e1\u0161ek online ve vysok\u00e9 kvalit\u011b. Nev\u00e1hejte s objedn\u00e1vkou a vyu\u017eijte nejnov\u011bj\u0161\u00ed slevy!\",\"breadcrumb\":{\"@id\":\"https:\/\/narkoprasek.com\/produkt\/heroin-v-hnedem-prasku\/#breadcrumb\"},\"inLanguage\":\"de\",\"potentialAction\":[{\"@type\":\"ReadAction\",\"target\":[\"https:\/\/narkoprasek.com\/produkt\/heroin-v-hnedem-prasku\/\"]}]},{\"@type\":\"ImageObject\",\"inLanguage\":\"de\",\"@id\":\"https:\/\/narkoprasek.com\/produkt\/heroin-v-hnedem-prasku\/#primaryimage\",\"url\":\"https:\/\/narkoprasek.com\/wp-content\/uploads\/2023\/12\/Brown-Powder-Heroin.jpg\",\"contentUrl\":\"https:\/\/narkoprasek.com\/wp-content\/uploads\/2023\/12\/Brown-Powder-Heroin.jpg\",\"width\":600,\"height\":600,\"caption\":\"Brown Powder Heroin\"},{\"@type\":\"BreadcrumbList\",\"@id\":\"https:\/\/narkoprasek.com\/produkt\/heroin-v-hnedem-prasku\/#breadcrumb\",\"itemListElement\":[{\"@type\":\"ListItem\",\"position\":1,\"name\":\"Home\",\"item\":\"https:\/\/narkoprasek.com\/\"},{\"@type\":\"ListItem\",\"position\":2,\"name\":\"Na\u0161e Produkty\",\"item\":\"https:\/\/narkoprasek.com\/shop\/\"},{\"@type\":\"ListItem\",\"position\":3,\"name\":\"Heroin v hn\u011bd\u00e9m pr\u00e1\u0161ku\"}]},{\"@type\":\"WebSite\",\"@id\":\"https:\/\/narkoprasek.com\/#website\",\"url\":\"https:\/\/narkoprasek.com\/\",\"name\":\"Narko Pr\u00e1\u0161ek\",\"description\":\"My WordPress Blog\",\"potentialAction\":[{\"@type\":\"SearchAction\",\"target\":{\"@type\":\"EntryPoint\",\"urlTemplate\":\"https:\/\/narkoprasek.com\/?s={search_term_string}\"},\"query-input\":\"required name=search_term_string\"}],\"inLanguage\":\"de\"}]}<\/script>\n<!-- \/ Yoast SEO plugin. -->","yoast_head_json":{"title":"Koupit hn\u011bd\u00fd heroin v pr\u00e1\u0161ku online | Narkoprasek","description":"Z\u00edskejte hn\u011bd\u00fd heroin v pr\u00e1\u0161ku k prodeji v jednom z nejlep\u0161\u00edch internetov\u00fdch obchod\u016f Narkoprasek. Pom\u016f\u017eeme v\u00e1m koupit hn\u011bd\u00fd pr\u00e1\u0161ek online ve vysok\u00e9 kvalit\u011b. Nev\u00e1hejte s objedn\u00e1vkou a vyu\u017eijte nejnov\u011bj\u0161\u00ed slevy!","robots":{"index":"index","follow":"follow","max-snippet":"max-snippet:-1","max-image-preview":"max-image-preview:large","max-video-preview":"max-video-preview:-1"},"canonical":"https:\/\/narkoprasek.com\/de\/produkt\/brown-pulver-heroin\/","og_locale":"de_DE","og_type":"article","og_title":"Koupit hn\u011bd\u00fd heroin v pr\u00e1\u0161ku online | Narkoprasek","og_description":"Z\u00edskejte hn\u011bd\u00fd heroin v pr\u00e1\u0161ku k prodeji v jednom z nejlep\u0161\u00edch internetov\u00fdch obchod\u016f Narkoprasek. Pom\u016f\u017eeme v\u00e1m koupit hn\u011bd\u00fd pr\u00e1\u0161ek online ve vysok\u00e9 kvalit\u011b. Nev\u00e1hejte s objedn\u00e1vkou a vyu\u017eijte nejnov\u011bj\u0161\u00ed slevy!","og_url":"https:\/\/narkoprasek.com\/de\/produkt\/brown-pulver-heroin\/","og_site_name":"Narko Pr\u00e1\u0161ek","article_modified_time":"2026-03-12T09:21:01+00:00","og_image":[{"width":600,"height":600,"url":"https:\/\/narkoprasek.com\/wp-content\/uploads\/2023\/12\/Brown-Powder-Heroin.jpg","type":"image\/jpeg"}],"twitter_card":"summary_large_image","twitter_misc":{"Gesch\u00e4tzte Lesezeit":"3\u00a0Minuten"},"schema":{"@context":"https:\/\/schema.org","@graph":[{"@type":"WebPage","@id":"https:\/\/narkoprasek.com\/produkt\/heroin-v-hnedem-prasku\/","url":"https:\/\/narkoprasek.com\/produkt\/heroin-v-hnedem-prasku\/","name":"Koupit hn\u011bd\u00fd heroin v pr\u00e1\u0161ku online | Narkoprasek","isPartOf":{"@id":"https:\/\/narkoprasek.com\/#website"},"primaryImageOfPage":{"@id":"https:\/\/narkoprasek.com\/produkt\/heroin-v-hnedem-prasku\/#primaryimage"},"image":{"@id":"https:\/\/narkoprasek.com\/produkt\/heroin-v-hnedem-prasku\/#primaryimage"},"thumbnailUrl":"https:\/\/narkoprasek.com\/wp-content\/uploads\/2023\/12\/Brown-Powder-Heroin.jpg","datePublished":"2023-12-25T08:19:47+00:00","dateModified":"2026-03-12T09:21:01+00:00","description":"Z\u00edskejte hn\u011bd\u00fd heroin v pr\u00e1\u0161ku k prodeji v jednom z nejlep\u0161\u00edch internetov\u00fdch obchod\u016f Narkoprasek. Pom\u016f\u017eeme v\u00e1m koupit hn\u011bd\u00fd pr\u00e1\u0161ek online ve vysok\u00e9 kvalit\u011b. Nev\u00e1hejte s objedn\u00e1vkou a vyu\u017eijte nejnov\u011bj\u0161\u00ed slevy!","breadcrumb":{"@id":"https:\/\/narkoprasek.com\/produkt\/heroin-v-hnedem-prasku\/#breadcrumb"},"inLanguage":"de","potentialAction":[{"@type":"ReadAction","target":["https:\/\/narkoprasek.com\/produkt\/heroin-v-hnedem-prasku\/"]}]},{"@type":"ImageObject","inLanguage":"de","@id":"https:\/\/narkoprasek.com\/produkt\/heroin-v-hnedem-prasku\/#primaryimage","url":"https:\/\/narkoprasek.com\/wp-content\/uploads\/2023\/12\/Brown-Powder-Heroin.jpg","contentUrl":"https:\/\/narkoprasek.com\/wp-content\/uploads\/2023\/12\/Brown-Powder-Heroin.jpg","width":600,"height":600,"caption":"Brown Powder Heroin"},{"@type":"BreadcrumbList","@id":"https:\/\/narkoprasek.com\/produkt\/heroin-v-hnedem-prasku\/#breadcrumb","itemListElement":[{"@type":"ListItem","position":1,"name":"Home","item":"https:\/\/narkoprasek.com\/"},{"@type":"ListItem","position":2,"name":"Na\u0161e Produkty","item":"https:\/\/narkoprasek.com\/shop\/"},{"@type":"ListItem","position":3,"name":"Heroin v hn\u011bd\u00e9m pr\u00e1\u0161ku"}]},{"@type":"WebSite","@id":"https:\/\/narkoprasek.com\/#website","url":"https:\/\/narkoprasek.com\/","name":"Narko Pr\u00e1\u0161ek","description":"My WordPress Blog","potentialAction":[{"@type":"SearchAction","target":{"@type":"EntryPoint","urlTemplate":"https:\/\/narkoprasek.com\/?s={search_term_string}"},"query-input":"required name=search_term_string"}],"inLanguage":"de"}]}},"_links":{"self":[{"href":"https:\/\/narkoprasek.com\/de\/wp-json\/wp\/v2\/product\/30","targetHints":{"allow":["GET"]}}],"collection":[{"href":"https:\/\/narkoprasek.com\/de\/wp-json\/wp\/v2\/product"}],"about":[{"href":"https:\/\/narkoprasek.com\/de\/wp-json\/wp\/v2\/types\/product"}],"replies":[{"embeddable":true,"href":"https:\/\/narkoprasek.com\/de\/wp-json\/wp\/v2\/comments?post=30"}],"wp:featuredmedia":[{"embeddable":true,"href":"https:\/\/narkoprasek.com\/de\/wp-json\/wp\/v2\/media\/274"}],"wp:attachment":[{"href":"https:\/\/narkoprasek.com\/de\/wp-json\/wp\/v2\/media?parent=30"}],"wp:term":[{"taxonomy":"product_cat","embeddable":true,"href":"https:\/\/narkoprasek.com\/de\/wp-json\/wp\/v2\/product_cat?post=30"},{"taxonomy":"product_tag","embeddable":true,"href":"https:\/\/narkoprasek.com\/de\/wp-json\/wp\/v2\/product_tag?post=30"}],"curies":[{"name":"wp","href":"https:\/\/api.w.org\/{rel}","templated":true}]}}