{"id":241,"date":"2023-12-25T08:20:30","date_gmt":"2023-12-25T08:20:30","guid":{"rendered":"https:\/\/unkrautmarkt.com\/narco2\/?post_type=product&#038;p=241"},"modified":"2026-03-12T09:23:10","modified_gmt":"2026-03-12T09:23:10","slug":"2c-b-ruzovy-kokain","status":"publish","type":"product","link":"https:\/\/narkoprasek.com\/de\/produkt\/2c-b-rosa-kokain-kaufen\/","title":{"rendered":"2C-B rosa Kokain"},"content":{"rendered":"<h2>2C-B Pink Cocaine online kaufen<\/h2>\n<h3><strong>Pinkes Kokain: Was ist das?<\/strong><\/h3>\n<p>Phenylethylamin <a href=\"https:\/\/narkoprasek.com\/de\/\">2C-B<\/a> Es wurde Anfang der 1970er-Jahre von dem Harvard-Chemiker Alexander Shulgin entwickelt, der f\u00fcr seine Arbeit mit Methylendioxymethamphetamin (MDMA oder Ecstasy) bekannt ist. Phenylethylamin 2C-B, auch bekannt als Performax oder Erox, wurde als Libido-Steigerer und Mittel gegen Erektionsst\u00f6rungen vermarktet. 1995 wurde es von der US-amerikanischen Drogenbek\u00e4mpfungsbeh\u00f6rde (DEA) als Bet\u00e4ubungsmittel der Liste I eingestuft, nachdem festgestellt worden war, dass es keinen legitimen medizinischen Nutzen hatte und ein erhebliches Missbrauchspotenzial aufwies.<\/p>\n<p><a href=\"https:\/\/narkoprasek.com\/de\/produkt\/2c-b-rosa-kokain-kaufen\/\">Fenylethylamine 2C-B<\/a>Die Droge, die auch als rosa Kokain oder Bromo bekannt ist, tauchte erstmals in der Clubszene S\u00fcd- und Mittelamerikas auf und erlebte im letzten Jahrzehnt als Partydroge ein Comeback. Pharmaunternehmen stellen ihre Produkte \u00fcblicherweise in Tablettenform her.<\/p>\n<h3><strong>Pinkes Kokain: Was ist das?<\/strong><\/h3>\n<p>Phenylethylamin 2C-B wurde Anfang der 1970er Jahre von dem Harvard-Chemiker Alexander Shulgin entwickelt, der f\u00fcr seine Arbeit mit Methylendioxymethamphetamin (MDMA oder Ecstasy) bekannt ist. Phenylethylamin 2C-B, das manchmal auch als Performax oder Erox bezeichnet wird, wurde als libidosteigerndes Mittel und zur Behandlung von Erektionsst\u00f6rungen vermarktet und verkauft. Die Droge wurde 1995 von der U.S. Drug Enforcement Agency als kontrollierte Substanz der Liste 1 eingestuft, nachdem festgestellt worden war, dass sie keinen legitimen medizinischen Nutzen hat und ein erhebliches Missbrauchspotenzial aufweist.<\/p>\n<p>Phenylethylamin 2C-B, manchmal auch als Pink Cocaine oder Bromo bezeichnet, tauchte zuerst in der Clubszene in S\u00fcd- und Mittelamerika auf und erlebte in den letzten zehn Jahren ein Comeback als Freizeit-Partydroge. Normalerweise stellen Pharmaunternehmen ihre Produkte in Pillenform her. Krampfanf\u00e4lle oder schwere Erkrankungen, die als erregtes Delirium bekannt sind und zu Herzstillstand und Unterk\u00fchlung f\u00fchren k\u00f6nnen.<\/p>\n<p>Es ist unter Umst\u00e4nden nicht m\u00f6glich, die genaue Dosis zu bestimmen, die Sie einnehmen, da es h\u00e4ufig in illegalen Labors hergestellt wird und nicht der FDA-Regulierung unterliegt. Pinkes Kokain kann vom Hersteller durch den Einsatz nicht identifizierter Chemikalien oder Medikamente, die die Nebenwirkungen verst\u00e4rken k\u00f6nnen, reduziert werden.<\/p>\n<h3><strong>Was unterscheidet Kokain von rosa Kokain?<\/strong><\/h3>\n<p>Es gibt einige Parallelen zwischen Pink und herk\u00f6mmlichem Kokain, z. B. das Suchtpotenzial und die chemische Abh\u00e4ngigkeit.<\/p>\n<p>Kokainhydrochlorid ist eine konzentrierte, raffinierte Form der Kokapflanze, die gemeinhin als Kokain bezeichnet wird. Da es sowohl stimulierende als auch bet\u00e4ubende Eigenschaften hat, wird Kokain in den Vereinigten Staaten als Schedule-II-Droge eingestuft und hat bestimmte medizinische Anwendungen. <a href=\"https:\/\/en.wikipedia.org\/wiki\/2C-B\">Narkoprasek<\/a><\/p>\n<p>Pink Cocaine hingegen ist eine synthetische Droge, die aus Phenylethylamin hergestellt wird und durch Interaktion mit dem Serotoninweg im K\u00f6rper eine psychoaktive Wirkung erzeugt.<\/p>","protected":false},"excerpt":{"rendered":"<p>Koupit 2C-B r\u016f\u017eov\u00fd kokain online R\u016f\u017eov\u00fd kokain: co to je? Fenylethylamin 2C-B byl poprv\u00e9 vytvo\u0159en na po\u010d\u00e1tku 70. let 20. stolet\u00ed harvardsk\u00fdm chemick\u00fdm chemikem Alexanderem Shulginem, kter\u00fd je zn\u00e1m\u00fd svou prac\u00ed s methylendioxymetamfetaminem (MDMA nebo ext\u00e1ze). Fenylethylamin 2C-B, n\u011bkdy zn\u00e1m\u00fd jako Performax nebo Erox, byl prod\u00e1v\u00e1n a prod\u00e1v\u00e1n jako l\u00e9k na podporu libida a na [&hellip;]<\/p>","protected":false},"featured_media":248,"comment_status":"open","ping_status":"closed","template":"","meta":{"_joinchat":[]},"product_cat":[66],"product_tag":[183,185,184,186,188,190,189,187],"class_list":{"0":"post-241","1":"product","2":"type-product","3":"status-publish","4":"has-post-thumbnail","6":"product_cat-koupit-kokain-online","7":"product_tag-2c-b-ruzovy-kokain-na-prodej","8":"product_tag-2c-b-ruzovy-kokainovy-prasek-na-prodej","9":"product_tag-2c-b-ruzovy-kokainovy-prasek-na-prodej-v-evrope","10":"product_tag-2c-ruzovy-kokainovy-prasek-na-prodej","11":"product_tag-kupte-2c-b-ruzovy-praskovy-kokain","12":"product_tag-kupte-si-2c-b-pink-kokain","13":"product_tag-kupte-si-2c-ruzovy-kokainovy-prasek","14":"product_tag-prodam-2c-b-ruzovy-kokain","16":"first","17":"instock","18":"featured","19":"shipping-taxable","20":"purchasable","21":"product-type-variable"},"yoast_head":"<!-- This site is optimized with the Yoast SEO plugin v23.1 - https:\/\/yoast.com\/wordpress\/plugins\/seo\/ -->\n<title>Koupit 2C-B \u201er\u016f\u017eov\u00fd kokain online \u2013 2C-B \u201er\u016f\u017eov\u00fd kokain na prodej<\/title>\n<meta name=\"description\" content=\"Pokud si chcete koupit 2c-b r\u016f\u017eov\u00fd kokain online a hled\u00e1te spolehliv\u00fd internetov\u00fd obchod, nakupujte zde. Nab\u00edz\u00edme pouze vysoce kvalitn\u00ed 2c-b r\u016f\u017eov\u00fd kokain na prodej za dostupnou cenu. Objednejte si 2c-b r\u016f\u017eov\u00fd kokain hned te\u010f!\" \/>\n<meta name=\"robots\" content=\"index, follow, max-snippet:-1, max-image-preview:large, max-video-preview:-1\" \/>\n<link rel=\"canonical\" href=\"https:\/\/narkoprasek.com\/de\/produkt\/2c-b-rosa-kokain-kaufen\/\" \/>\n<meta property=\"og:locale\" content=\"de_DE\" \/>\n<meta property=\"og:type\" content=\"article\" \/>\n<meta property=\"og:title\" content=\"Koupit 2C-B \u201er\u016f\u017eov\u00fd kokain online \u2013 2C-B \u201er\u016f\u017eov\u00fd kokain na prodej\" \/>\n<meta property=\"og:description\" content=\"Pokud si chcete koupit 2c-b r\u016f\u017eov\u00fd kokain online a hled\u00e1te spolehliv\u00fd internetov\u00fd obchod, nakupujte zde. Nab\u00edz\u00edme pouze vysoce kvalitn\u00ed 2c-b r\u016f\u017eov\u00fd kokain na prodej za dostupnou cenu. Objednejte si 2c-b r\u016f\u017eov\u00fd kokain hned te\u010f!\" \/>\n<meta property=\"og:url\" content=\"https:\/\/narkoprasek.com\/de\/produkt\/2c-b-rosa-kokain-kaufen\/\" \/>\n<meta property=\"og:site_name\" content=\"Narko Pr\u00e1\u0161ek\" \/>\n<meta property=\"article:modified_time\" content=\"2026-03-12T09:23:10+00:00\" \/>\n<meta property=\"og:image\" content=\"https:\/\/narkoprasek.com\/wp-content\/uploads\/2023\/12\/2C-B-Pink-Cocaine-1.jpg\" \/>\n\t<meta property=\"og:image:width\" content=\"600\" \/>\n\t<meta property=\"og:image:height\" content=\"600\" \/>\n\t<meta property=\"og:image:type\" content=\"image\/jpeg\" \/>\n<meta name=\"twitter:card\" content=\"summary_large_image\" \/>\n<meta name=\"twitter:label1\" content=\"Gesch\u00e4tzte Lesezeit\" \/>\n\t<meta name=\"twitter:data1\" content=\"2\u00a0Minuten\" \/>\n<script type=\"application\/ld+json\" class=\"yoast-schema-graph\">{\"@context\":\"https:\/\/schema.org\",\"@graph\":[{\"@type\":\"WebPage\",\"@id\":\"https:\/\/narkoprasek.com\/produkt\/2c-b-ruzovy-kokain\/\",\"url\":\"https:\/\/narkoprasek.com\/produkt\/2c-b-ruzovy-kokain\/\",\"name\":\"Koupit 2C-B \u201er\u016f\u017eov\u00fd kokain online \u2013 2C-B \u201er\u016f\u017eov\u00fd kokain na prodej\",\"isPartOf\":{\"@id\":\"https:\/\/narkoprasek.com\/#website\"},\"primaryImageOfPage\":{\"@id\":\"https:\/\/narkoprasek.com\/produkt\/2c-b-ruzovy-kokain\/#primaryimage\"},\"image\":{\"@id\":\"https:\/\/narkoprasek.com\/produkt\/2c-b-ruzovy-kokain\/#primaryimage\"},\"thumbnailUrl\":\"https:\/\/narkoprasek.com\/wp-content\/uploads\/2023\/12\/2C-B-Pink-Cocaine-1.jpg\",\"datePublished\":\"2023-12-25T08:20:30+00:00\",\"dateModified\":\"2026-03-12T09:23:10+00:00\",\"description\":\"Pokud si chcete koupit 2c-b r\u016f\u017eov\u00fd kokain online a hled\u00e1te spolehliv\u00fd internetov\u00fd obchod, nakupujte zde. Nab\u00edz\u00edme pouze vysoce kvalitn\u00ed 2c-b r\u016f\u017eov\u00fd kokain na prodej za dostupnou cenu. Objednejte si 2c-b r\u016f\u017eov\u00fd kokain hned te\u010f!\",\"breadcrumb\":{\"@id\":\"https:\/\/narkoprasek.com\/produkt\/2c-b-ruzovy-kokain\/#breadcrumb\"},\"inLanguage\":\"de\",\"potentialAction\":[{\"@type\":\"ReadAction\",\"target\":[\"https:\/\/narkoprasek.com\/produkt\/2c-b-ruzovy-kokain\/\"]}]},{\"@type\":\"ImageObject\",\"inLanguage\":\"de\",\"@id\":\"https:\/\/narkoprasek.com\/produkt\/2c-b-ruzovy-kokain\/#primaryimage\",\"url\":\"https:\/\/narkoprasek.com\/wp-content\/uploads\/2023\/12\/2C-B-Pink-Cocaine-1.jpg\",\"contentUrl\":\"https:\/\/narkoprasek.com\/wp-content\/uploads\/2023\/12\/2C-B-Pink-Cocaine-1.jpg\",\"width\":600,\"height\":600},{\"@type\":\"BreadcrumbList\",\"@id\":\"https:\/\/narkoprasek.com\/produkt\/2c-b-ruzovy-kokain\/#breadcrumb\",\"itemListElement\":[{\"@type\":\"ListItem\",\"position\":1,\"name\":\"Home\",\"item\":\"https:\/\/narkoprasek.com\/\"},{\"@type\":\"ListItem\",\"position\":2,\"name\":\"Na\u0161e Produkty\",\"item\":\"https:\/\/narkoprasek.com\/shop\/\"},{\"@type\":\"ListItem\",\"position\":3,\"name\":\"2C-B r\u016f\u017eov\u00fd kokain\"}]},{\"@type\":\"WebSite\",\"@id\":\"https:\/\/narkoprasek.com\/#website\",\"url\":\"https:\/\/narkoprasek.com\/\",\"name\":\"Narko Pr\u00e1\u0161ek\",\"description\":\"My WordPress Blog\",\"potentialAction\":[{\"@type\":\"SearchAction\",\"target\":{\"@type\":\"EntryPoint\",\"urlTemplate\":\"https:\/\/narkoprasek.com\/?s={search_term_string}\"},\"query-input\":\"required name=search_term_string\"}],\"inLanguage\":\"de\"}]}<\/script>\n<!-- \/ Yoast SEO plugin. -->","yoast_head_json":{"title":"Koupit 2C-B \u201er\u016f\u017eov\u00fd kokain online \u2013 2C-B \u201er\u016f\u017eov\u00fd kokain na prodej","description":"Pokud si chcete koupit 2c-b r\u016f\u017eov\u00fd kokain online a hled\u00e1te spolehliv\u00fd internetov\u00fd obchod, nakupujte zde. Nab\u00edz\u00edme pouze vysoce kvalitn\u00ed 2c-b r\u016f\u017eov\u00fd kokain na prodej za dostupnou cenu. Objednejte si 2c-b r\u016f\u017eov\u00fd kokain hned te\u010f!","robots":{"index":"index","follow":"follow","max-snippet":"max-snippet:-1","max-image-preview":"max-image-preview:large","max-video-preview":"max-video-preview:-1"},"canonical":"https:\/\/narkoprasek.com\/de\/produkt\/2c-b-rosa-kokain-kaufen\/","og_locale":"de_DE","og_type":"article","og_title":"Koupit 2C-B \u201er\u016f\u017eov\u00fd kokain online \u2013 2C-B \u201er\u016f\u017eov\u00fd kokain na prodej","og_description":"Pokud si chcete koupit 2c-b r\u016f\u017eov\u00fd kokain online a hled\u00e1te spolehliv\u00fd internetov\u00fd obchod, nakupujte zde. Nab\u00edz\u00edme pouze vysoce kvalitn\u00ed 2c-b r\u016f\u017eov\u00fd kokain na prodej za dostupnou cenu. Objednejte si 2c-b r\u016f\u017eov\u00fd kokain hned te\u010f!","og_url":"https:\/\/narkoprasek.com\/de\/produkt\/2c-b-rosa-kokain-kaufen\/","og_site_name":"Narko Pr\u00e1\u0161ek","article_modified_time":"2026-03-12T09:23:10+00:00","og_image":[{"width":600,"height":600,"url":"https:\/\/narkoprasek.com\/wp-content\/uploads\/2023\/12\/2C-B-Pink-Cocaine-1.jpg","type":"image\/jpeg"}],"twitter_card":"summary_large_image","twitter_misc":{"Gesch\u00e4tzte Lesezeit":"2\u00a0Minuten"},"schema":{"@context":"https:\/\/schema.org","@graph":[{"@type":"WebPage","@id":"https:\/\/narkoprasek.com\/produkt\/2c-b-ruzovy-kokain\/","url":"https:\/\/narkoprasek.com\/produkt\/2c-b-ruzovy-kokain\/","name":"Koupit 2C-B \u201er\u016f\u017eov\u00fd kokain online \u2013 2C-B \u201er\u016f\u017eov\u00fd kokain na prodej","isPartOf":{"@id":"https:\/\/narkoprasek.com\/#website"},"primaryImageOfPage":{"@id":"https:\/\/narkoprasek.com\/produkt\/2c-b-ruzovy-kokain\/#primaryimage"},"image":{"@id":"https:\/\/narkoprasek.com\/produkt\/2c-b-ruzovy-kokain\/#primaryimage"},"thumbnailUrl":"https:\/\/narkoprasek.com\/wp-content\/uploads\/2023\/12\/2C-B-Pink-Cocaine-1.jpg","datePublished":"2023-12-25T08:20:30+00:00","dateModified":"2026-03-12T09:23:10+00:00","description":"Pokud si chcete koupit 2c-b r\u016f\u017eov\u00fd kokain online a hled\u00e1te spolehliv\u00fd internetov\u00fd obchod, nakupujte zde. Nab\u00edz\u00edme pouze vysoce kvalitn\u00ed 2c-b r\u016f\u017eov\u00fd kokain na prodej za dostupnou cenu. Objednejte si 2c-b r\u016f\u017eov\u00fd kokain hned te\u010f!","breadcrumb":{"@id":"https:\/\/narkoprasek.com\/produkt\/2c-b-ruzovy-kokain\/#breadcrumb"},"inLanguage":"de","potentialAction":[{"@type":"ReadAction","target":["https:\/\/narkoprasek.com\/produkt\/2c-b-ruzovy-kokain\/"]}]},{"@type":"ImageObject","inLanguage":"de","@id":"https:\/\/narkoprasek.com\/produkt\/2c-b-ruzovy-kokain\/#primaryimage","url":"https:\/\/narkoprasek.com\/wp-content\/uploads\/2023\/12\/2C-B-Pink-Cocaine-1.jpg","contentUrl":"https:\/\/narkoprasek.com\/wp-content\/uploads\/2023\/12\/2C-B-Pink-Cocaine-1.jpg","width":600,"height":600},{"@type":"BreadcrumbList","@id":"https:\/\/narkoprasek.com\/produkt\/2c-b-ruzovy-kokain\/#breadcrumb","itemListElement":[{"@type":"ListItem","position":1,"name":"Home","item":"https:\/\/narkoprasek.com\/"},{"@type":"ListItem","position":2,"name":"Na\u0161e Produkty","item":"https:\/\/narkoprasek.com\/shop\/"},{"@type":"ListItem","position":3,"name":"2C-B r\u016f\u017eov\u00fd kokain"}]},{"@type":"WebSite","@id":"https:\/\/narkoprasek.com\/#website","url":"https:\/\/narkoprasek.com\/","name":"Narko Pr\u00e1\u0161ek","description":"My WordPress Blog","potentialAction":[{"@type":"SearchAction","target":{"@type":"EntryPoint","urlTemplate":"https:\/\/narkoprasek.com\/?s={search_term_string}"},"query-input":"required name=search_term_string"}],"inLanguage":"de"}]}},"_links":{"self":[{"href":"https:\/\/narkoprasek.com\/de\/wp-json\/wp\/v2\/product\/241","targetHints":{"allow":["GET"]}}],"collection":[{"href":"https:\/\/narkoprasek.com\/de\/wp-json\/wp\/v2\/product"}],"about":[{"href":"https:\/\/narkoprasek.com\/de\/wp-json\/wp\/v2\/types\/product"}],"replies":[{"embeddable":true,"href":"https:\/\/narkoprasek.com\/de\/wp-json\/wp\/v2\/comments?post=241"}],"wp:featuredmedia":[{"embeddable":true,"href":"https:\/\/narkoprasek.com\/de\/wp-json\/wp\/v2\/media\/248"}],"wp:attachment":[{"href":"https:\/\/narkoprasek.com\/de\/wp-json\/wp\/v2\/media?parent=241"}],"wp:term":[{"taxonomy":"product_cat","embeddable":true,"href":"https:\/\/narkoprasek.com\/de\/wp-json\/wp\/v2\/product_cat?post=241"},{"taxonomy":"product_tag","embeddable":true,"href":"https:\/\/narkoprasek.com\/de\/wp-json\/wp\/v2\/product_tag?post=241"}],"curies":[{"name":"wp","href":"https:\/\/api.w.org\/{rel}","templated":true}]}}