{"id":233,"date":"2023-12-25T08:20:30","date_gmt":"2023-12-25T08:20:30","guid":{"rendered":"https:\/\/unkrautmarkt.com\/narco2\/?post_type=product&#038;p=233"},"modified":"2026-03-20T09:21:47","modified_gmt":"2026-03-20T09:21:47","slug":"kupte-si-ketanir-ketamin-500mg-10","status":"publish","type":"product","link":"https:\/\/narkoprasek.com\/de\/produkt\/kaufen-ketanir-ketamin-500mg-10\/","title":{"rendered":"Ketanir Ketamin 500mg\/10 kaufen"},"content":{"rendered":"<h2>Ketanir Ketamin 500 mg\/10 online kaufen<\/h2>\n<p>Jedn\u00edm z l\u00e9k\u016f, kter\u00e9 se v\u011bt\u0161inou pou\u017e\u00edvaj\u00ed v anestezii, je <a href=\"https:\/\/narkoprasek.com\/de\/produkt\/kaufen-ketanir-ketamin-500mg-10\/\">ketamin HCL<\/a>. Dal\u0161\u00ed pou\u017eit\u00ed zahrnuj\u00ed sedaci v kritick\u00e9 p\u00e9\u010di a p\u0159etrv\u00e1vaj\u00edc\u00ed bolest.<\/p>\n<p>Der durch Ketamin hervorgerufene pl\u00f6tzliche Anstieg h\u00e4lt etwa eine Stunde an. Er beginnt zwei bis f\u00fcnf Minuten nach dem Rauchen oder der Einnahme einer Dosis. Bei einer Injektion tritt er etwa 30 Sekunden nach der Injektion ein.<\/p>\n<p>Das \u00fcberw\u00e4ltigende Gef\u00fchl der Entspannung, das der Konsument anfangs w\u00e4hrend des Rausches erlebt, wird oft als \"Ganzk\u00f6rperrausch\" bezeichnet. Manche Konsumenten beschreiben es sogar als ein Gef\u00fchl, als w\u00fcrden sie au\u00dferhalb ihres K\u00f6rpers schweben. Viele Menschen haben Halluzinationen, die l\u00e4nger anhalten als die Wirkung einer Narkose.<\/p>\n<p>H\u00f6here Dosen k\u00f6nnen zu st\u00e4rkeren Wirkungen f\u00fchren; Personen haben beschrieben, dass sie sich vollst\u00e4ndig von ihrem K\u00f6rper gel\u00f6st haben. Menschen, die Nahtoderfahrungen gemacht haben, haben vergleichbare Gef\u00fchle wie die des \"K-Lochs\" beschrieben.<\/p>\n<p>Ketanir Ketamin 500 mg\/10 ml ist preisg\u00fcnstig online erh\u00e4ltlich.<\/p>\n<h3>Zpr\u00e1vy pacient\u016f:<\/h3>\n<p>Ketamin \u010dasto zp\u016fsobuje euforii a pocity \u0161t\u011bst\u00ed, proto\u017ee je to omamn\u00e1 l\u00e1tka.<\/p>\n<p>Pacienti uv\u00e1d\u011bj\u00ed, \u017ee maj\u00ed halucinace a \u201espl\u00fdvaj\u00ed s okol\u00edm\u201c.<\/p>\n<p>Barvy a okol\u00ed vid\u00edte jasn\u011bji.<\/p>\n<p>Pacienti popisuj\u00ed pocit lehkosti a lep\u0161\u00ed fyzick\u00e9 zdrav\u00ed.<\/p>\n<p>Hlubok\u00e9, p\u0159\u00edjemn\u00e9 my\u0161lenky a pocit mimo t\u011blo.<\/p>\n<p>Pacienti pova\u017eovali \u00fa\u010dinek p\u0159\u00edpravku za obecn\u011b mimo\u0159\u00e1dn\u011b p\u0159\u00edzniv\u00fd.<\/p>\n<p>Chcete si koupit ketamin nebo jak\u00fdkoli jin\u00fd stimulant bez l\u00e9ka\u0159sk\u00e9ho p\u0159edpisu? U n\u00e1s je to opravdu jednoduch\u00e9. Pokud si vyberete jednu z na\u0161ich bezpe\u010dn\u00fdch platebn\u00edch mo\u017enost\u00ed, z\u00e1silku ode\u0161leme do 48 hodin od p\u0159ijet\u00ed platby. Vyu\u017e\u00edv\u00e1me pouze ty nejlep\u0161\u00ed dopravce a standardn\u00ed doprava je zdarma.<\/p>","protected":false},"excerpt":{"rendered":"<p>Koupit Ketanir Ketamin 500 mg\/10 online Jedn\u00edm z l\u00e9k\u016f, kter\u00e9 se v\u011bt\u0161inou pou\u017e\u00edvaj\u00ed v anestezii, je ketamin HCL. Dal\u0161\u00ed pou\u017eit\u00ed zahrnuj\u00ed sedaci v kritick\u00e9 p\u00e9\u010di a p\u0159etrv\u00e1vaj\u00edc\u00ed bolest. N\u00e1hl\u00e9 zv\u00fd\u0161en\u00ed zp\u016fsoben\u00e9 ketaminem trv\u00e1 p\u0159ibli\u017en\u011b hodinu. Za\u010d\u00edn\u00e1 dv\u011b a\u017e p\u011bt minut po kou\u0159en\u00ed nebo po\u017eit\u00ed d\u00e1vky. P\u0159i aplikaci injekce k tomu doch\u00e1z\u00ed asi 30 sekund po [&hellip;]<\/p>","protected":false},"featured_media":249,"comment_status":"open","ping_status":"closed","template":"","meta":{"_joinchat":[]},"product_cat":[174],"product_tag":[],"class_list":{"0":"post-233","1":"product","2":"type-product","3":"status-publish","4":"has-post-thumbnail","6":"product_cat-koupit-ketamin-online","8":"first","9":"instock","10":"featured","11":"shipping-taxable","12":"purchasable","13":"product-type-variable"},"yoast_head":"<!-- This site is optimized with the Yoast SEO plugin v23.1 - https:\/\/yoast.com\/wordpress\/plugins\/seo\/ -->\n<title>Koupit Ketanir Ketamin 500 mg\/10 online - Ketamin na prodej<\/title>\n<meta name=\"description\" content=\"Your order for ketanir ketamin 500 mg\/10 for sale is our responsibility. We will take your order to buy ketanir ketamin into consideration and reach you in a short period. Place bulk orders now!\" \/>\n<meta name=\"robots\" content=\"index, follow, max-snippet:-1, max-image-preview:large, max-video-preview:-1\" \/>\n<link rel=\"canonical\" href=\"https:\/\/narkoprasek.com\/de\/produkt\/kaufen-ketanir-ketamin-500mg-10\/\" \/>\n<meta property=\"og:locale\" content=\"de_DE\" \/>\n<meta property=\"og:type\" content=\"article\" \/>\n<meta property=\"og:title\" content=\"Koupit Ketanir Ketamin 500 mg\/10 online - Ketamin na prodej\" \/>\n<meta property=\"og:description\" content=\"Your order for ketanir ketamin 500 mg\/10 for sale is our responsibility. We will take your order to buy ketanir ketamin into consideration and reach you in a short period. Place bulk orders now!\" \/>\n<meta property=\"og:url\" content=\"https:\/\/narkoprasek.com\/de\/produkt\/kaufen-ketanir-ketamin-500mg-10\/\" \/>\n<meta property=\"og:site_name\" content=\"Narko Pr\u00e1\u0161ek\" \/>\n<meta property=\"article:modified_time\" content=\"2026-03-20T09:21:47+00:00\" \/>\n<meta property=\"og:image\" content=\"https:\/\/narkoprasek.com\/wp-content\/uploads\/2023\/12\/Buy-Ketanir-Ketamine-500mg-10.jpg\" \/>\n\t<meta property=\"og:image:width\" content=\"600\" \/>\n\t<meta property=\"og:image:height\" content=\"600\" \/>\n\t<meta property=\"og:image:type\" content=\"image\/jpeg\" \/>\n<meta name=\"twitter:card\" content=\"summary_large_image\" \/>\n<meta name=\"twitter:label1\" content=\"Gesch\u00e4tzte Lesezeit\" \/>\n\t<meta name=\"twitter:data1\" content=\"2\u00a0Minuten\" \/>\n<script type=\"application\/ld+json\" class=\"yoast-schema-graph\">{\"@context\":\"https:\/\/schema.org\",\"@graph\":[{\"@type\":\"WebPage\",\"@id\":\"https:\/\/narkoprasek.com\/produkt\/kupte-si-ketanir-ketamin-500mg-10\/\",\"url\":\"https:\/\/narkoprasek.com\/produkt\/kupte-si-ketanir-ketamin-500mg-10\/\",\"name\":\"Koupit Ketanir Ketamin 500 mg\/10 online - Ketamin na prodej\",\"isPartOf\":{\"@id\":\"https:\/\/narkoprasek.com\/#website\"},\"primaryImageOfPage\":{\"@id\":\"https:\/\/narkoprasek.com\/produkt\/kupte-si-ketanir-ketamin-500mg-10\/#primaryimage\"},\"image\":{\"@id\":\"https:\/\/narkoprasek.com\/produkt\/kupte-si-ketanir-ketamin-500mg-10\/#primaryimage\"},\"thumbnailUrl\":\"https:\/\/narkoprasek.com\/wp-content\/uploads\/2023\/12\/Buy-Ketanir-Ketamine-500mg-10.jpg\",\"datePublished\":\"2023-12-25T08:20:30+00:00\",\"dateModified\":\"2026-03-20T09:21:47+00:00\",\"description\":\"Your order for ketanir ketamin 500 mg\/10 for sale is our responsibility. We will take your order to buy ketanir ketamin into consideration and reach you in a short period. Place bulk orders now!\",\"breadcrumb\":{\"@id\":\"https:\/\/narkoprasek.com\/produkt\/kupte-si-ketanir-ketamin-500mg-10\/#breadcrumb\"},\"inLanguage\":\"de\",\"potentialAction\":[{\"@type\":\"ReadAction\",\"target\":[\"https:\/\/narkoprasek.com\/produkt\/kupte-si-ketanir-ketamin-500mg-10\/\"]}]},{\"@type\":\"ImageObject\",\"inLanguage\":\"de\",\"@id\":\"https:\/\/narkoprasek.com\/produkt\/kupte-si-ketanir-ketamin-500mg-10\/#primaryimage\",\"url\":\"https:\/\/narkoprasek.com\/wp-content\/uploads\/2023\/12\/Buy-Ketanir-Ketamine-500mg-10.jpg\",\"contentUrl\":\"https:\/\/narkoprasek.com\/wp-content\/uploads\/2023\/12\/Buy-Ketanir-Ketamine-500mg-10.jpg\",\"width\":600,\"height\":600,\"caption\":\"Buy Ketanir Ketamine Online\"},{\"@type\":\"BreadcrumbList\",\"@id\":\"https:\/\/narkoprasek.com\/produkt\/kupte-si-ketanir-ketamin-500mg-10\/#breadcrumb\",\"itemListElement\":[{\"@type\":\"ListItem\",\"position\":1,\"name\":\"Home\",\"item\":\"https:\/\/narkoprasek.com\/\"},{\"@type\":\"ListItem\",\"position\":2,\"name\":\"Na\u0161e Produkty\",\"item\":\"https:\/\/narkoprasek.com\/shop\/\"},{\"@type\":\"ListItem\",\"position\":3,\"name\":\"Kupte si Ketanir Ketamin 500mg\/10\"}]},{\"@type\":\"WebSite\",\"@id\":\"https:\/\/narkoprasek.com\/#website\",\"url\":\"https:\/\/narkoprasek.com\/\",\"name\":\"Narko Pr\u00e1\u0161ek\",\"description\":\"My WordPress Blog\",\"potentialAction\":[{\"@type\":\"SearchAction\",\"target\":{\"@type\":\"EntryPoint\",\"urlTemplate\":\"https:\/\/narkoprasek.com\/?s={search_term_string}\"},\"query-input\":\"required name=search_term_string\"}],\"inLanguage\":\"de\"}]}<\/script>\n<!-- \/ Yoast SEO plugin. -->","yoast_head_json":{"title":"Koupit Ketanir Ketamin 500 mg\/10 online - Ketamin na prodej","description":"Your order for ketanir ketamin 500 mg\/10 for sale is our responsibility. We will take your order to buy ketanir ketamin into consideration and reach you in a short period. Place bulk orders now!","robots":{"index":"index","follow":"follow","max-snippet":"max-snippet:-1","max-image-preview":"max-image-preview:large","max-video-preview":"max-video-preview:-1"},"canonical":"https:\/\/narkoprasek.com\/de\/produkt\/kaufen-ketanir-ketamin-500mg-10\/","og_locale":"de_DE","og_type":"article","og_title":"Koupit Ketanir Ketamin 500 mg\/10 online - Ketamin na prodej","og_description":"Your order for ketanir ketamin 500 mg\/10 for sale is our responsibility. We will take your order to buy ketanir ketamin into consideration and reach you in a short period. Place bulk orders now!","og_url":"https:\/\/narkoprasek.com\/de\/produkt\/kaufen-ketanir-ketamin-500mg-10\/","og_site_name":"Narko Pr\u00e1\u0161ek","article_modified_time":"2026-03-20T09:21:47+00:00","og_image":[{"width":600,"height":600,"url":"https:\/\/narkoprasek.com\/wp-content\/uploads\/2023\/12\/Buy-Ketanir-Ketamine-500mg-10.jpg","type":"image\/jpeg"}],"twitter_card":"summary_large_image","twitter_misc":{"Gesch\u00e4tzte Lesezeit":"2\u00a0Minuten"},"schema":{"@context":"https:\/\/schema.org","@graph":[{"@type":"WebPage","@id":"https:\/\/narkoprasek.com\/produkt\/kupte-si-ketanir-ketamin-500mg-10\/","url":"https:\/\/narkoprasek.com\/produkt\/kupte-si-ketanir-ketamin-500mg-10\/","name":"Koupit Ketanir Ketamin 500 mg\/10 online - Ketamin na prodej","isPartOf":{"@id":"https:\/\/narkoprasek.com\/#website"},"primaryImageOfPage":{"@id":"https:\/\/narkoprasek.com\/produkt\/kupte-si-ketanir-ketamin-500mg-10\/#primaryimage"},"image":{"@id":"https:\/\/narkoprasek.com\/produkt\/kupte-si-ketanir-ketamin-500mg-10\/#primaryimage"},"thumbnailUrl":"https:\/\/narkoprasek.com\/wp-content\/uploads\/2023\/12\/Buy-Ketanir-Ketamine-500mg-10.jpg","datePublished":"2023-12-25T08:20:30+00:00","dateModified":"2026-03-20T09:21:47+00:00","description":"Your order for ketanir ketamin 500 mg\/10 for sale is our responsibility. We will take your order to buy ketanir ketamin into consideration and reach you in a short period. Place bulk orders now!","breadcrumb":{"@id":"https:\/\/narkoprasek.com\/produkt\/kupte-si-ketanir-ketamin-500mg-10\/#breadcrumb"},"inLanguage":"de","potentialAction":[{"@type":"ReadAction","target":["https:\/\/narkoprasek.com\/produkt\/kupte-si-ketanir-ketamin-500mg-10\/"]}]},{"@type":"ImageObject","inLanguage":"de","@id":"https:\/\/narkoprasek.com\/produkt\/kupte-si-ketanir-ketamin-500mg-10\/#primaryimage","url":"https:\/\/narkoprasek.com\/wp-content\/uploads\/2023\/12\/Buy-Ketanir-Ketamine-500mg-10.jpg","contentUrl":"https:\/\/narkoprasek.com\/wp-content\/uploads\/2023\/12\/Buy-Ketanir-Ketamine-500mg-10.jpg","width":600,"height":600,"caption":"Buy Ketanir Ketamine Online"},{"@type":"BreadcrumbList","@id":"https:\/\/narkoprasek.com\/produkt\/kupte-si-ketanir-ketamin-500mg-10\/#breadcrumb","itemListElement":[{"@type":"ListItem","position":1,"name":"Home","item":"https:\/\/narkoprasek.com\/"},{"@type":"ListItem","position":2,"name":"Na\u0161e Produkty","item":"https:\/\/narkoprasek.com\/shop\/"},{"@type":"ListItem","position":3,"name":"Kupte si Ketanir Ketamin 500mg\/10"}]},{"@type":"WebSite","@id":"https:\/\/narkoprasek.com\/#website","url":"https:\/\/narkoprasek.com\/","name":"Narko Pr\u00e1\u0161ek","description":"My WordPress Blog","potentialAction":[{"@type":"SearchAction","target":{"@type":"EntryPoint","urlTemplate":"https:\/\/narkoprasek.com\/?s={search_term_string}"},"query-input":"required name=search_term_string"}],"inLanguage":"de"}]}},"_links":{"self":[{"href":"https:\/\/narkoprasek.com\/de\/wp-json\/wp\/v2\/product\/233","targetHints":{"allow":["GET"]}}],"collection":[{"href":"https:\/\/narkoprasek.com\/de\/wp-json\/wp\/v2\/product"}],"about":[{"href":"https:\/\/narkoprasek.com\/de\/wp-json\/wp\/v2\/types\/product"}],"replies":[{"embeddable":true,"href":"https:\/\/narkoprasek.com\/de\/wp-json\/wp\/v2\/comments?post=233"}],"wp:featuredmedia":[{"embeddable":true,"href":"https:\/\/narkoprasek.com\/de\/wp-json\/wp\/v2\/media\/249"}],"wp:attachment":[{"href":"https:\/\/narkoprasek.com\/de\/wp-json\/wp\/v2\/media?parent=233"}],"wp:term":[{"taxonomy":"product_cat","embeddable":true,"href":"https:\/\/narkoprasek.com\/de\/wp-json\/wp\/v2\/product_cat?post=233"},{"taxonomy":"product_tag","embeddable":true,"href":"https:\/\/narkoprasek.com\/de\/wp-json\/wp\/v2\/product_tag?post=233"}],"curies":[{"name":"wp","href":"https:\/\/api.w.org\/{rel}","templated":true}]}}