{"id":203,"date":"2023-12-25T08:20:23","date_gmt":"2023-12-25T08:20:23","guid":{"rendered":"https:\/\/unkrautmarkt.com\/narco2\/?post_type=product&#038;p=203"},"modified":"2026-03-17T05:29:17","modified_gmt":"2026-03-17T05:29:17","slug":"koupit-ketamin-rotex-50mg-1ml","status":"publish","type":"product","link":"https:\/\/narkoprasek.com\/de\/produkt\/ketamin-rotex-50mg-1ml-kaufen\/","title":{"rendered":"Ketamin Rotex 50mg\/1ml kaufen"},"content":{"rendered":"<h2>Ketamin Rotex 50mg\/1ml online kaufen<\/h2>\n<h3>Ketamin Rotex online kaufen<\/h3>\n<p><a href=\"https:\/\/narkoprasek.com\/de\/produkt\/ketamin-rotex-50mg-1ml-kaufen\/\">Ketamin HCL<\/a> Es handelt sich um ein Medikament, das haupts\u00e4chlich in der An\u00e4sthesie eingesetzt wird. Weitere Anwendungsgebiete sind die Behandlung chronischer Schmerzen und die Sedierung auf Intensivstationen.<\/p>\n<p>Der durch Ketamin hervorgerufene pl\u00f6tzliche Anstieg h\u00e4lt etwa eine Stunde an. Er beginnt zwei bis f\u00fcnf Minuten nach dem Rauchen oder der Einnahme einer Dosis. Bei einer Injektion tritt er etwa 30 Sekunden nach der Injektion ein.<\/p>\n<p>Das \u00fcberw\u00e4ltigende Gef\u00fchl der Entspannung, das der Konsument anfangs w\u00e4hrend des Rausches erlebt, wird oft als \"Ganzk\u00f6rperrausch\" bezeichnet. Manche Konsumenten beschreiben es sogar als ein Gef\u00fchl, als w\u00fcrden sie au\u00dferhalb ihres K\u00f6rpers schweben. Viele Menschen haben Halluzinationen, die l\u00e4nger anhalten als die Wirkung einer Narkose. <a href=\"https:\/\/narkoprasek.com\/de\/\">Narkoprasek<\/a><\/p>\n<p>H\u00f6here Dosen k\u00f6nnen zu st\u00e4rkeren Wirkungen f\u00fchren; Personen haben beschrieben, dass sie sich vollst\u00e4ndig von ihrem K\u00f6rper gel\u00f6st haben. Die Symptome sind vergleichbar mit dem, was viele, die Nahtoderfahrungen gemacht haben, beschrieben haben, und man sagt, dass sie sich im \"K-Loch\" befinden.<\/p>\n<p>Du kannst <a href=\"https:\/\/en.wikipedia.org\/wiki\/Ketamine\">Ketamin Rotex 50 mg\/10 ml online kaufen<\/a> levn\u011b.<\/p>","protected":false},"excerpt":{"rendered":"<p>Koupit Ketamin Rotex 50mg\/1ml online Koupit Ketamin Rotex online Ketamin HCL je l\u00e9k pou\u017e\u00edvan\u00fd p\u0159edev\u0161\u00edm v anestezii. Mezi dal\u0161\u00ed aplikace pat\u0159\u00ed chronick\u00e1 bolest a sedace v intenzivn\u00ed p\u00e9\u010di. N\u00e1hl\u00e9 zv\u00fd\u0161en\u00ed zp\u016fsoben\u00e9 ketaminem trv\u00e1 p\u0159ibli\u017en\u011b hodinu. Za\u010d\u00edn\u00e1 dv\u011b a\u017e p\u011bt minut po kou\u0159en\u00ed nebo po\u017eit\u00ed d\u00e1vky. P\u0159i aplikaci injekce k tomu doch\u00e1z\u00ed asi 30 sekund po [&hellip;]<\/p>","protected":false},"featured_media":251,"comment_status":"open","ping_status":"closed","template":"","meta":{"_joinchat":[]},"product_cat":[174],"product_tag":[],"class_list":{"0":"post-203","1":"product","2":"type-product","3":"status-publish","4":"has-post-thumbnail","6":"product_cat-koupit-ketamin-online","8":"first","9":"instock","10":"featured","11":"shipping-taxable","12":"purchasable","13":"product-type-variable"},"yoast_head":"<!-- This site is optimized with the Yoast SEO plugin v23.1 - https:\/\/yoast.com\/wordpress\/plugins\/seo\/ -->\n<title>Koupit Ketamin Rotex 50mg\/1ml online - Ketamin Rotex na prodej<\/title>\n<meta name=\"description\" content=\"V na\u0161em obchod\u011b Narkoprasek si m\u016f\u017eete koupit Ketamin Rotex 50mg\/1ml za n\u00edzk\u00e9 ceny. Obchodujeme pouze s produkty nejvy\u0161\u0161\u00ed kvality. Kupte si Ketamin Rotex online v na\u0161em obchod\u011b nyn\u00ed s rychlou a bezpe\u010dnou dopravou.\" \/>\n<meta name=\"robots\" content=\"index, follow, max-snippet:-1, max-image-preview:large, max-video-preview:-1\" \/>\n<link rel=\"canonical\" href=\"https:\/\/narkoprasek.com\/de\/produkt\/ketamin-rotex-50mg-1ml-kaufen\/\" \/>\n<meta property=\"og:locale\" content=\"de_DE\" \/>\n<meta property=\"og:type\" content=\"article\" \/>\n<meta property=\"og:title\" content=\"Koupit Ketamin Rotex 50mg\/1ml online - Ketamin Rotex na prodej\" \/>\n<meta property=\"og:description\" content=\"V na\u0161em obchod\u011b Narkoprasek si m\u016f\u017eete koupit Ketamin Rotex 50mg\/1ml za n\u00edzk\u00e9 ceny. Obchodujeme pouze s produkty nejvy\u0161\u0161\u00ed kvality. Kupte si Ketamin Rotex online v na\u0161em obchod\u011b nyn\u00ed s rychlou a bezpe\u010dnou dopravou.\" \/>\n<meta property=\"og:url\" content=\"https:\/\/narkoprasek.com\/de\/produkt\/ketamin-rotex-50mg-1ml-kaufen\/\" \/>\n<meta property=\"og:site_name\" content=\"Narko Pr\u00e1\u0161ek\" \/>\n<meta property=\"article:modified_time\" content=\"2026-03-17T05:29:17+00:00\" \/>\n<meta property=\"og:image\" content=\"https:\/\/narkoprasek.com\/wp-content\/uploads\/2023\/12\/Buy-Ketamine-Rotex-50mg-1ml.jpg\" \/>\n\t<meta property=\"og:image:width\" content=\"600\" \/>\n\t<meta property=\"og:image:height\" content=\"600\" \/>\n\t<meta property=\"og:image:type\" content=\"image\/jpeg\" \/>\n<meta name=\"twitter:card\" content=\"summary_large_image\" \/>\n<meta name=\"twitter:label1\" content=\"Gesch\u00e4tzte Lesezeit\" \/>\n\t<meta name=\"twitter:data1\" content=\"1\u00a0Minute\" \/>\n<script type=\"application\/ld+json\" class=\"yoast-schema-graph\">{\"@context\":\"https:\/\/schema.org\",\"@graph\":[{\"@type\":\"WebPage\",\"@id\":\"https:\/\/narkoprasek.com\/produkt\/koupit-ketamin-rotex-50mg-1ml\/\",\"url\":\"https:\/\/narkoprasek.com\/produkt\/koupit-ketamin-rotex-50mg-1ml\/\",\"name\":\"Koupit Ketamin Rotex 50mg\/1ml online - Ketamin Rotex na prodej\",\"isPartOf\":{\"@id\":\"https:\/\/narkoprasek.com\/#website\"},\"primaryImageOfPage\":{\"@id\":\"https:\/\/narkoprasek.com\/produkt\/koupit-ketamin-rotex-50mg-1ml\/#primaryimage\"},\"image\":{\"@id\":\"https:\/\/narkoprasek.com\/produkt\/koupit-ketamin-rotex-50mg-1ml\/#primaryimage\"},\"thumbnailUrl\":\"https:\/\/narkoprasek.com\/wp-content\/uploads\/2023\/12\/Buy-Ketamine-Rotex-50mg-1ml.jpg\",\"datePublished\":\"2023-12-25T08:20:23+00:00\",\"dateModified\":\"2026-03-17T05:29:17+00:00\",\"description\":\"V na\u0161em obchod\u011b Narkoprasek si m\u016f\u017eete koupit Ketamin Rotex 50mg\/1ml za n\u00edzk\u00e9 ceny. Obchodujeme pouze s produkty nejvy\u0161\u0161\u00ed kvality. Kupte si Ketamin Rotex online v na\u0161em obchod\u011b nyn\u00ed s rychlou a bezpe\u010dnou dopravou.\",\"breadcrumb\":{\"@id\":\"https:\/\/narkoprasek.com\/produkt\/koupit-ketamin-rotex-50mg-1ml\/#breadcrumb\"},\"inLanguage\":\"de\",\"potentialAction\":[{\"@type\":\"ReadAction\",\"target\":[\"https:\/\/narkoprasek.com\/produkt\/koupit-ketamin-rotex-50mg-1ml\/\"]}]},{\"@type\":\"ImageObject\",\"inLanguage\":\"de\",\"@id\":\"https:\/\/narkoprasek.com\/produkt\/koupit-ketamin-rotex-50mg-1ml\/#primaryimage\",\"url\":\"https:\/\/narkoprasek.com\/wp-content\/uploads\/2023\/12\/Buy-Ketamine-Rotex-50mg-1ml.jpg\",\"contentUrl\":\"https:\/\/narkoprasek.com\/wp-content\/uploads\/2023\/12\/Buy-Ketamine-Rotex-50mg-1ml.jpg\",\"width\":600,\"height\":600},{\"@type\":\"BreadcrumbList\",\"@id\":\"https:\/\/narkoprasek.com\/produkt\/koupit-ketamin-rotex-50mg-1ml\/#breadcrumb\",\"itemListElement\":[{\"@type\":\"ListItem\",\"position\":1,\"name\":\"Home\",\"item\":\"https:\/\/narkoprasek.com\/\"},{\"@type\":\"ListItem\",\"position\":2,\"name\":\"Na\u0161e Produkty\",\"item\":\"https:\/\/narkoprasek.com\/shop\/\"},{\"@type\":\"ListItem\",\"position\":3,\"name\":\"Koupit Ketamin Rotex 50mg\/1ml\"}]},{\"@type\":\"WebSite\",\"@id\":\"https:\/\/narkoprasek.com\/#website\",\"url\":\"https:\/\/narkoprasek.com\/\",\"name\":\"Narko Pr\u00e1\u0161ek\",\"description\":\"My WordPress Blog\",\"potentialAction\":[{\"@type\":\"SearchAction\",\"target\":{\"@type\":\"EntryPoint\",\"urlTemplate\":\"https:\/\/narkoprasek.com\/?s={search_term_string}\"},\"query-input\":\"required name=search_term_string\"}],\"inLanguage\":\"de\"}]}<\/script>\n<!-- \/ Yoast SEO plugin. -->","yoast_head_json":{"title":"Koupit Ketamin Rotex 50mg\/1ml online - Ketamin Rotex na prodej","description":"V na\u0161em obchod\u011b Narkoprasek si m\u016f\u017eete koupit Ketamin Rotex 50mg\/1ml za n\u00edzk\u00e9 ceny. Obchodujeme pouze s produkty nejvy\u0161\u0161\u00ed kvality. Kupte si Ketamin Rotex online v na\u0161em obchod\u011b nyn\u00ed s rychlou a bezpe\u010dnou dopravou.","robots":{"index":"index","follow":"follow","max-snippet":"max-snippet:-1","max-image-preview":"max-image-preview:large","max-video-preview":"max-video-preview:-1"},"canonical":"https:\/\/narkoprasek.com\/de\/produkt\/ketamin-rotex-50mg-1ml-kaufen\/","og_locale":"de_DE","og_type":"article","og_title":"Koupit Ketamin Rotex 50mg\/1ml online - Ketamin Rotex na prodej","og_description":"V na\u0161em obchod\u011b Narkoprasek si m\u016f\u017eete koupit Ketamin Rotex 50mg\/1ml za n\u00edzk\u00e9 ceny. Obchodujeme pouze s produkty nejvy\u0161\u0161\u00ed kvality. Kupte si Ketamin Rotex online v na\u0161em obchod\u011b nyn\u00ed s rychlou a bezpe\u010dnou dopravou.","og_url":"https:\/\/narkoprasek.com\/de\/produkt\/ketamin-rotex-50mg-1ml-kaufen\/","og_site_name":"Narko Pr\u00e1\u0161ek","article_modified_time":"2026-03-17T05:29:17+00:00","og_image":[{"width":600,"height":600,"url":"https:\/\/narkoprasek.com\/wp-content\/uploads\/2023\/12\/Buy-Ketamine-Rotex-50mg-1ml.jpg","type":"image\/jpeg"}],"twitter_card":"summary_large_image","twitter_misc":{"Gesch\u00e4tzte Lesezeit":"1\u00a0Minute"},"schema":{"@context":"https:\/\/schema.org","@graph":[{"@type":"WebPage","@id":"https:\/\/narkoprasek.com\/produkt\/koupit-ketamin-rotex-50mg-1ml\/","url":"https:\/\/narkoprasek.com\/produkt\/koupit-ketamin-rotex-50mg-1ml\/","name":"Koupit Ketamin Rotex 50mg\/1ml online - Ketamin Rotex na prodej","isPartOf":{"@id":"https:\/\/narkoprasek.com\/#website"},"primaryImageOfPage":{"@id":"https:\/\/narkoprasek.com\/produkt\/koupit-ketamin-rotex-50mg-1ml\/#primaryimage"},"image":{"@id":"https:\/\/narkoprasek.com\/produkt\/koupit-ketamin-rotex-50mg-1ml\/#primaryimage"},"thumbnailUrl":"https:\/\/narkoprasek.com\/wp-content\/uploads\/2023\/12\/Buy-Ketamine-Rotex-50mg-1ml.jpg","datePublished":"2023-12-25T08:20:23+00:00","dateModified":"2026-03-17T05:29:17+00:00","description":"V na\u0161em obchod\u011b Narkoprasek si m\u016f\u017eete koupit Ketamin Rotex 50mg\/1ml za n\u00edzk\u00e9 ceny. Obchodujeme pouze s produkty nejvy\u0161\u0161\u00ed kvality. Kupte si Ketamin Rotex online v na\u0161em obchod\u011b nyn\u00ed s rychlou a bezpe\u010dnou dopravou.","breadcrumb":{"@id":"https:\/\/narkoprasek.com\/produkt\/koupit-ketamin-rotex-50mg-1ml\/#breadcrumb"},"inLanguage":"de","potentialAction":[{"@type":"ReadAction","target":["https:\/\/narkoprasek.com\/produkt\/koupit-ketamin-rotex-50mg-1ml\/"]}]},{"@type":"ImageObject","inLanguage":"de","@id":"https:\/\/narkoprasek.com\/produkt\/koupit-ketamin-rotex-50mg-1ml\/#primaryimage","url":"https:\/\/narkoprasek.com\/wp-content\/uploads\/2023\/12\/Buy-Ketamine-Rotex-50mg-1ml.jpg","contentUrl":"https:\/\/narkoprasek.com\/wp-content\/uploads\/2023\/12\/Buy-Ketamine-Rotex-50mg-1ml.jpg","width":600,"height":600},{"@type":"BreadcrumbList","@id":"https:\/\/narkoprasek.com\/produkt\/koupit-ketamin-rotex-50mg-1ml\/#breadcrumb","itemListElement":[{"@type":"ListItem","position":1,"name":"Home","item":"https:\/\/narkoprasek.com\/"},{"@type":"ListItem","position":2,"name":"Na\u0161e Produkty","item":"https:\/\/narkoprasek.com\/shop\/"},{"@type":"ListItem","position":3,"name":"Koupit Ketamin Rotex 50mg\/1ml"}]},{"@type":"WebSite","@id":"https:\/\/narkoprasek.com\/#website","url":"https:\/\/narkoprasek.com\/","name":"Narko Pr\u00e1\u0161ek","description":"My WordPress Blog","potentialAction":[{"@type":"SearchAction","target":{"@type":"EntryPoint","urlTemplate":"https:\/\/narkoprasek.com\/?s={search_term_string}"},"query-input":"required name=search_term_string"}],"inLanguage":"de"}]}},"_links":{"self":[{"href":"https:\/\/narkoprasek.com\/de\/wp-json\/wp\/v2\/product\/203","targetHints":{"allow":["GET"]}}],"collection":[{"href":"https:\/\/narkoprasek.com\/de\/wp-json\/wp\/v2\/product"}],"about":[{"href":"https:\/\/narkoprasek.com\/de\/wp-json\/wp\/v2\/types\/product"}],"replies":[{"embeddable":true,"href":"https:\/\/narkoprasek.com\/de\/wp-json\/wp\/v2\/comments?post=203"}],"wp:featuredmedia":[{"embeddable":true,"href":"https:\/\/narkoprasek.com\/de\/wp-json\/wp\/v2\/media\/251"}],"wp:attachment":[{"href":"https:\/\/narkoprasek.com\/de\/wp-json\/wp\/v2\/media?parent=203"}],"wp:term":[{"taxonomy":"product_cat","embeddable":true,"href":"https:\/\/narkoprasek.com\/de\/wp-json\/wp\/v2\/product_cat?post=203"},{"taxonomy":"product_tag","embeddable":true,"href":"https:\/\/narkoprasek.com\/de\/wp-json\/wp\/v2\/product_tag?post=203"}],"curies":[{"name":"wp","href":"https:\/\/api.w.org\/{rel}","templated":true}]}}