{"id":169,"date":"2023-12-25T08:20:17","date_gmt":"2023-12-25T08:20:17","guid":{"rendered":"https:\/\/unkrautmarkt.com\/narco2\/?post_type=product&#038;p=169"},"modified":"2026-03-17T05:24:47","modified_gmt":"2026-03-17T05:24:47","slug":"koupit-ketamin-crystal-rock","status":"publish","type":"product","link":"https:\/\/narkoprasek.com\/de\/produkt\/ketamin-crystal-rock-kaufen\/","title":{"rendered":"Ketamin Crystal Rock kaufen"},"content":{"rendered":"<h2>Ketamin Crystal Rock online kaufen<\/h2>\n<h3>Ketamin Crystal Rock online kaufen<\/h3>\n<p>Die Hauptanwendung von Ketaminkristallen ist die An\u00e4sthesie. Weitere Anwendungsgebiete sind die Sedierung in der Intensivmedizin und die Behandlung chronischer Schmerzen.<\/p>\n<p>Der durch Ketamin HCL verursachte pl\u00f6tzliche Anstieg h\u00e4lt etwa eine Stunde lang an. Er beginnt zwei bis f\u00fcnf Minuten nach dem Rauchen oder der Einnahme einer Dosis. Bei einer Injektion tritt er etwa 30 Sekunden nach der Injektion ein.<\/p>\n<p>Das \u00fcberw\u00e4ltigende Gef\u00fchl der Entspannung, das der Konsument anfangs w\u00e4hrend des Rausches erlebt, wird oft als \"Ganzk\u00f6rperrausch\" bezeichnet. Manche Konsumenten beschreiben es sogar als ein Gef\u00fchl, als w\u00fcrden sie au\u00dferhalb ihres K\u00f6rpers schweben. Viele Menschen haben Halluzinationen, die l\u00e4nger anhalten als die Wirkung einer Narkose. <a href=\"https:\/\/narkoprasek.com\/de\/produkt\/ketamin-crystal-rock-kaufen\/\">Ketaminkristalle kaufen<\/a>.<\/p>\n<p>J\u00fcngste Fortschritte in der Ketaminforschung unterstreichen die positive Wirkung von Ketamin auf Menschen, die unter Depressionen leiden. Dies gilt insbesondere f\u00fcr diejenigen, die andere Antidepressiva ausprobiert haben und damit gescheitert sind. Ketamin wirkt im Gehirn anders als SSRI, die normalerweise zur Behandlung von Depressionen empfohlen werden. Sobald Ketamin unter Kontrolle ist, wirkt es schnell.<\/p>\n<p>Stimulierende Wirkung <a href=\"https:\/\/en.wikipedia.org\/wiki\/Ketamine\">ketaminu<\/a> Eine Wirkung kann vierzig Minuten nach der Verabreichung einer Dosis nachgewiesen werden. In einem k\u00fcrzlich erschienenen Artikel wird \u00fcber kontrollierte Studien berichtet, die eine \u201edeutliche Verbesserung der belastenden Nebenwirkungen bereits 24 Stunden nach der Ketamin-Gabe im Vergleich zu einer Scheinbehandlung\u201c belegen.<\/p>\n<p>Intranasal verabreichtes Ketamin zeigte nur sehr geringe Auswirkungen auf psychotomimetisches oder dissoziatives Verhalten. <a href=\"https:\/\/narkoprasek.com\/de\/\">Narkoprasek.com<\/a><\/p>\n<p>Wird Ketamin nach dem gesetzlich vorgeschriebenen Protokoll verabreicht, kann diese Droge dem Gehirn helfen, neue Verbindungen zwischen den Neuronen herzustellen und eine langfristige Linderung zu erzielen.<\/p>","protected":false},"excerpt":{"rendered":"<p>Koupit Ketamin Crystal Rock online Kupte si Ketamin Crystal Rock online Hlavn\u00ed aplikac\u00ed l\u00e9\u010diva ketamin ov\u00e9ho krystalu je anestezie. Dal\u0161\u00ed pou\u017eit\u00ed zahrnuj\u00ed sedaci v kritick\u00e9 p\u00e9\u010di a p\u0159etrv\u00e1vaj\u00edc\u00ed bolest. N\u00e1hl\u00e9 zv\u00fd\u0161en\u00ed zp\u016fsoben\u00e9 ketaminem HCL trv\u00e1 p\u0159ibli\u017en\u011b hodinu. Za\u010d\u00edn\u00e1 dv\u011b a\u017e p\u011bt minut po kou\u0159en\u00ed nebo po\u017eit\u00ed d\u00e1vky. P\u0159i aplikaci injekce k tomu doch\u00e1z\u00ed asi 30 [&hellip;]<\/p>","protected":false},"featured_media":257,"comment_status":"open","ping_status":"closed","template":"","meta":{"_joinchat":[]},"product_cat":[174],"product_tag":[],"class_list":{"0":"post-169","1":"product","2":"type-product","3":"status-publish","4":"has-post-thumbnail","6":"product_cat-koupit-ketamin-online","8":"first","9":"instock","10":"shipping-taxable","11":"purchasable","12":"product-type-variable"},"yoast_head":"<!-- This site is optimized with the Yoast SEO plugin v23.1 - https:\/\/yoast.com\/wordpress\/plugins\/seo\/ -->\n<title>Koupit ketamin krystalick\u00fd rock online - Ketamin krystalick\u00fd na prodej<\/title>\n<meta name=\"description\" content=\"Pokud si chcete koupit ketaminovou krystalickou horninu online, nav\u0161tivte n\u00e1\u0161 internetov\u00fd obchod narkoprasek. Nab\u00edz\u00edme k prodeji vysoce kvalitn\u00ed produkty, jako je ketaminov\u00e1 krystalick\u00e1 hornina. Objednejte si hned te\u010f!\" \/>\n<meta name=\"robots\" content=\"index, follow, max-snippet:-1, max-image-preview:large, max-video-preview:-1\" \/>\n<link rel=\"canonical\" href=\"https:\/\/narkoprasek.com\/de\/produkt\/ketamin-crystal-rock-kaufen\/\" \/>\n<meta property=\"og:locale\" content=\"de_DE\" \/>\n<meta property=\"og:type\" content=\"article\" \/>\n<meta property=\"og:title\" content=\"Koupit ketamin krystalick\u00fd rock online - Ketamin krystalick\u00fd na prodej\" \/>\n<meta property=\"og:description\" content=\"Pokud si chcete koupit ketaminovou krystalickou horninu online, nav\u0161tivte n\u00e1\u0161 internetov\u00fd obchod narkoprasek. Nab\u00edz\u00edme k prodeji vysoce kvalitn\u00ed produkty, jako je ketaminov\u00e1 krystalick\u00e1 hornina. Objednejte si hned te\u010f!\" \/>\n<meta property=\"og:url\" content=\"https:\/\/narkoprasek.com\/de\/produkt\/ketamin-crystal-rock-kaufen\/\" \/>\n<meta property=\"og:site_name\" content=\"Narko Pr\u00e1\u0161ek\" \/>\n<meta property=\"article:modified_time\" content=\"2026-03-17T05:24:47+00:00\" \/>\n<meta property=\"og:image\" content=\"https:\/\/narkoprasek.com\/wp-content\/uploads\/2023\/12\/Buy-Ketamine-Crystal-Rock.jpg\" \/>\n\t<meta property=\"og:image:width\" content=\"600\" \/>\n\t<meta property=\"og:image:height\" content=\"600\" \/>\n\t<meta property=\"og:image:type\" content=\"image\/jpeg\" \/>\n<meta name=\"twitter:card\" content=\"summary_large_image\" \/>\n<meta name=\"twitter:label1\" content=\"Gesch\u00e4tzte Lesezeit\" \/>\n\t<meta name=\"twitter:data1\" content=\"2\u00a0Minuten\" \/>\n<script type=\"application\/ld+json\" class=\"yoast-schema-graph\">{\"@context\":\"https:\/\/schema.org\",\"@graph\":[{\"@type\":\"WebPage\",\"@id\":\"https:\/\/narkoprasek.com\/produkt\/koupit-ketamin-crystal-rock\/\",\"url\":\"https:\/\/narkoprasek.com\/produkt\/koupit-ketamin-crystal-rock\/\",\"name\":\"Koupit ketamin krystalick\u00fd rock online - Ketamin krystalick\u00fd na prodej\",\"isPartOf\":{\"@id\":\"https:\/\/narkoprasek.com\/#website\"},\"primaryImageOfPage\":{\"@id\":\"https:\/\/narkoprasek.com\/produkt\/koupit-ketamin-crystal-rock\/#primaryimage\"},\"image\":{\"@id\":\"https:\/\/narkoprasek.com\/produkt\/koupit-ketamin-crystal-rock\/#primaryimage\"},\"thumbnailUrl\":\"https:\/\/narkoprasek.com\/wp-content\/uploads\/2023\/12\/Buy-Ketamine-Crystal-Rock.jpg\",\"datePublished\":\"2023-12-25T08:20:17+00:00\",\"dateModified\":\"2026-03-17T05:24:47+00:00\",\"description\":\"Pokud si chcete koupit ketaminovou krystalickou horninu online, nav\u0161tivte n\u00e1\u0161 internetov\u00fd obchod narkoprasek. Nab\u00edz\u00edme k prodeji vysoce kvalitn\u00ed produkty, jako je ketaminov\u00e1 krystalick\u00e1 hornina. Objednejte si hned te\u010f!\",\"breadcrumb\":{\"@id\":\"https:\/\/narkoprasek.com\/produkt\/koupit-ketamin-crystal-rock\/#breadcrumb\"},\"inLanguage\":\"de\",\"potentialAction\":[{\"@type\":\"ReadAction\",\"target\":[\"https:\/\/narkoprasek.com\/produkt\/koupit-ketamin-crystal-rock\/\"]}]},{\"@type\":\"ImageObject\",\"inLanguage\":\"de\",\"@id\":\"https:\/\/narkoprasek.com\/produkt\/koupit-ketamin-crystal-rock\/#primaryimage\",\"url\":\"https:\/\/narkoprasek.com\/wp-content\/uploads\/2023\/12\/Buy-Ketamine-Crystal-Rock.jpg\",\"contentUrl\":\"https:\/\/narkoprasek.com\/wp-content\/uploads\/2023\/12\/Buy-Ketamine-Crystal-Rock.jpg\",\"width\":600,\"height\":600},{\"@type\":\"BreadcrumbList\",\"@id\":\"https:\/\/narkoprasek.com\/produkt\/koupit-ketamin-crystal-rock\/#breadcrumb\",\"itemListElement\":[{\"@type\":\"ListItem\",\"position\":1,\"name\":\"Home\",\"item\":\"https:\/\/narkoprasek.com\/\"},{\"@type\":\"ListItem\",\"position\":2,\"name\":\"Na\u0161e Produkty\",\"item\":\"https:\/\/narkoprasek.com\/shop\/\"},{\"@type\":\"ListItem\",\"position\":3,\"name\":\"Koupit Ketamin Crystal Rock\"}]},{\"@type\":\"WebSite\",\"@id\":\"https:\/\/narkoprasek.com\/#website\",\"url\":\"https:\/\/narkoprasek.com\/\",\"name\":\"Narko Pr\u00e1\u0161ek\",\"description\":\"My WordPress Blog\",\"potentialAction\":[{\"@type\":\"SearchAction\",\"target\":{\"@type\":\"EntryPoint\",\"urlTemplate\":\"https:\/\/narkoprasek.com\/?s={search_term_string}\"},\"query-input\":\"required name=search_term_string\"}],\"inLanguage\":\"de\"}]}<\/script>\n<!-- \/ Yoast SEO plugin. -->","yoast_head_json":{"title":"Koupit ketamin krystalick\u00fd rock online - Ketamin krystalick\u00fd na prodej","description":"Pokud si chcete koupit ketaminovou krystalickou horninu online, nav\u0161tivte n\u00e1\u0161 internetov\u00fd obchod narkoprasek. Nab\u00edz\u00edme k prodeji vysoce kvalitn\u00ed produkty, jako je ketaminov\u00e1 krystalick\u00e1 hornina. Objednejte si hned te\u010f!","robots":{"index":"index","follow":"follow","max-snippet":"max-snippet:-1","max-image-preview":"max-image-preview:large","max-video-preview":"max-video-preview:-1"},"canonical":"https:\/\/narkoprasek.com\/de\/produkt\/ketamin-crystal-rock-kaufen\/","og_locale":"de_DE","og_type":"article","og_title":"Koupit ketamin krystalick\u00fd rock online - Ketamin krystalick\u00fd na prodej","og_description":"Pokud si chcete koupit ketaminovou krystalickou horninu online, nav\u0161tivte n\u00e1\u0161 internetov\u00fd obchod narkoprasek. Nab\u00edz\u00edme k prodeji vysoce kvalitn\u00ed produkty, jako je ketaminov\u00e1 krystalick\u00e1 hornina. Objednejte si hned te\u010f!","og_url":"https:\/\/narkoprasek.com\/de\/produkt\/ketamin-crystal-rock-kaufen\/","og_site_name":"Narko Pr\u00e1\u0161ek","article_modified_time":"2026-03-17T05:24:47+00:00","og_image":[{"width":600,"height":600,"url":"https:\/\/narkoprasek.com\/wp-content\/uploads\/2023\/12\/Buy-Ketamine-Crystal-Rock.jpg","type":"image\/jpeg"}],"twitter_card":"summary_large_image","twitter_misc":{"Gesch\u00e4tzte Lesezeit":"2\u00a0Minuten"},"schema":{"@context":"https:\/\/schema.org","@graph":[{"@type":"WebPage","@id":"https:\/\/narkoprasek.com\/produkt\/koupit-ketamin-crystal-rock\/","url":"https:\/\/narkoprasek.com\/produkt\/koupit-ketamin-crystal-rock\/","name":"Koupit ketamin krystalick\u00fd rock online - Ketamin krystalick\u00fd na prodej","isPartOf":{"@id":"https:\/\/narkoprasek.com\/#website"},"primaryImageOfPage":{"@id":"https:\/\/narkoprasek.com\/produkt\/koupit-ketamin-crystal-rock\/#primaryimage"},"image":{"@id":"https:\/\/narkoprasek.com\/produkt\/koupit-ketamin-crystal-rock\/#primaryimage"},"thumbnailUrl":"https:\/\/narkoprasek.com\/wp-content\/uploads\/2023\/12\/Buy-Ketamine-Crystal-Rock.jpg","datePublished":"2023-12-25T08:20:17+00:00","dateModified":"2026-03-17T05:24:47+00:00","description":"Pokud si chcete koupit ketaminovou krystalickou horninu online, nav\u0161tivte n\u00e1\u0161 internetov\u00fd obchod narkoprasek. Nab\u00edz\u00edme k prodeji vysoce kvalitn\u00ed produkty, jako je ketaminov\u00e1 krystalick\u00e1 hornina. Objednejte si hned te\u010f!","breadcrumb":{"@id":"https:\/\/narkoprasek.com\/produkt\/koupit-ketamin-crystal-rock\/#breadcrumb"},"inLanguage":"de","potentialAction":[{"@type":"ReadAction","target":["https:\/\/narkoprasek.com\/produkt\/koupit-ketamin-crystal-rock\/"]}]},{"@type":"ImageObject","inLanguage":"de","@id":"https:\/\/narkoprasek.com\/produkt\/koupit-ketamin-crystal-rock\/#primaryimage","url":"https:\/\/narkoprasek.com\/wp-content\/uploads\/2023\/12\/Buy-Ketamine-Crystal-Rock.jpg","contentUrl":"https:\/\/narkoprasek.com\/wp-content\/uploads\/2023\/12\/Buy-Ketamine-Crystal-Rock.jpg","width":600,"height":600},{"@type":"BreadcrumbList","@id":"https:\/\/narkoprasek.com\/produkt\/koupit-ketamin-crystal-rock\/#breadcrumb","itemListElement":[{"@type":"ListItem","position":1,"name":"Home","item":"https:\/\/narkoprasek.com\/"},{"@type":"ListItem","position":2,"name":"Na\u0161e Produkty","item":"https:\/\/narkoprasek.com\/shop\/"},{"@type":"ListItem","position":3,"name":"Koupit Ketamin Crystal Rock"}]},{"@type":"WebSite","@id":"https:\/\/narkoprasek.com\/#website","url":"https:\/\/narkoprasek.com\/","name":"Narko Pr\u00e1\u0161ek","description":"My WordPress Blog","potentialAction":[{"@type":"SearchAction","target":{"@type":"EntryPoint","urlTemplate":"https:\/\/narkoprasek.com\/?s={search_term_string}"},"query-input":"required name=search_term_string"}],"inLanguage":"de"}]}},"_links":{"self":[{"href":"https:\/\/narkoprasek.com\/de\/wp-json\/wp\/v2\/product\/169","targetHints":{"allow":["GET"]}}],"collection":[{"href":"https:\/\/narkoprasek.com\/de\/wp-json\/wp\/v2\/product"}],"about":[{"href":"https:\/\/narkoprasek.com\/de\/wp-json\/wp\/v2\/types\/product"}],"replies":[{"embeddable":true,"href":"https:\/\/narkoprasek.com\/de\/wp-json\/wp\/v2\/comments?post=169"}],"wp:featuredmedia":[{"embeddable":true,"href":"https:\/\/narkoprasek.com\/de\/wp-json\/wp\/v2\/media\/257"}],"wp:attachment":[{"href":"https:\/\/narkoprasek.com\/de\/wp-json\/wp\/v2\/media?parent=169"}],"wp:term":[{"taxonomy":"product_cat","embeddable":true,"href":"https:\/\/narkoprasek.com\/de\/wp-json\/wp\/v2\/product_cat?post=169"},{"taxonomy":"product_tag","embeddable":true,"href":"https:\/\/narkoprasek.com\/de\/wp-json\/wp\/v2\/product_tag?post=169"}],"curies":[{"name":"wp","href":"https:\/\/api.w.org\/{rel}","templated":true}]}}