{"id":16,"date":"2023-12-25T08:19:46","date_gmt":"2023-12-25T08:19:46","guid":{"rendered":"https:\/\/unkrautmarkt.com\/narco2\/?post_type=product&#038;p=16"},"modified":"2026-03-12T09:21:04","modified_gmt":"2026-03-12T09:21:04","slug":"heroin-z-cerneho-dehtu","status":"publish","type":"product","link":"https:\/\/narkoprasek.com\/de\/produkt\/schwarz-teer-heroin\/","title":{"rendered":"Schwarzer Teer Heroin"},"content":{"rendered":"<h2>Schwarzes Tar-Heroin online kaufen<\/h2>\n<p>Kaufen Sie Black Taru Heroin online: Dies ist der beste Shop f\u00fcr wirksame Produkte.<\/p>\n<p><a href=\"https:\/\/narkoprasek.com\/de\/\"><strong>Narkoprasek.com,<\/strong><\/a> Gr\u00fc\u00dfe von der gr\u00f6\u00dften Website, wo Sie Black Tar Heroin bekommen k\u00f6nnen, unser Online-Shop. In unserem Shop verkaufen wir Premium Black Tar Heroin zu vern\u00fcnftigen Kosten. Unsere Artikel sind vielf\u00e4ltig und Kunden k\u00f6nnen Black Tar Heroin online von jedem Ort zu bekommen.<\/p>\n<h3>Warum sollte man Black Tar Heroin online kaufen?<\/h3>\n<p>Online-Shopping ist eine diskrete und bequeme M\u00f6glichkeit, Black Tar Heroin zu beschaffen. <a href=\"https:\/\/en.wikipedia.org\/wiki\/Black_tar_heroin\">V<\/a> Unser Online-Shop bietet eine gro\u00dfe Auswahl an Produkten, darunter auch Black Tar Heroin zu einem sehr g\u00fcnstigen Preis. Wenn Sie Black Tar Heroin online kaufen, k\u00f6nnen Sie sich auf beste Qualit\u00e4t, diskrete Verpackung und schnellen, zuverl\u00e4ssigen Versand verlassen.<\/p>\n<p>Unser Shop ist die beste Adresse f\u00fcr den Online-Kauf von Black Tar Heroin in Gro\u00dfbritannien. Wir bieten Produkte h\u00f6chster Qualit\u00e4t und liefern schnell und zuverl\u00e4ssig an jeden Ort in Gro\u00dfbritannien. St\u00f6bern Sie auf unserer Website, w\u00e4hlen Sie die gew\u00fcnschten Artikel aus und bestellen Sie Black Tar Heroin online in Gro\u00dfbritannien. Wir akzeptieren verschiedene Zahlungsmethoden, darunter Bitcoin, Bank\u00fcberweisung und Kreditkarten.<\/p>\n<p>Black Tar Heroin zu bestellen ist einfach und kann \u00fcber unsere Website erfolgen. St\u00f6bern Sie zun\u00e4chst in unserem Online-Sortiment und w\u00e4hlen Sie das gew\u00fcnschte Black Tar Heroin aus. Nachdem Sie die Produkte in Ihren Warenkorb gelegt haben, gehen Sie zur Kasse. Dort werden Sie nach Ihren Versand- und Zahlungsdaten gefragt. Sobald Sie diese eingegeben haben, schlie\u00dfen Sie Ihre Bestellung ab und verfolgen Sie die Lieferung.<\/p>\n<h3>Wo man Black Tar Heroin kaufen kann: Seri\u00f6se und zuverl\u00e4ssige Verk\u00e4ufer<\/h3>\n<p>Bei der Suche nach der besten Bezugsquelle f\u00fcr Black Tar Heroin ist es entscheidend, nur seri\u00f6se und zuverl\u00e4ssige Anbieter zu w\u00e4hlen. Wir bieten in unserem Online-Shop seit Jahren erstklassige Produkte und exzellenten Kundenservice. Dank diskreter Verpackung erreichen Sie Ihre Produkte sicher und unversehrt, denn wir nehmen die Privatsph\u00e4re und Sicherheit unserer Kunden sehr ernst.<\/p>\n<p>Der beste Ort, <a href=\"https:\/\/narkoprasek.com\/de\/produkt\/schwarz-teer-heroin\/\">Wo kann man Black Tar Heroin online kaufen?<\/a>ist unser Shop. Wir bieten Premium-Produkte zu erschwinglichen Preisen mit schneller und zuverl\u00e4ssiger Lieferung. Alles, was Sie f\u00fcr den sicheren Kauf von Black Tar Heroin ben\u00f6tigen, finden Sie in unserem Shop \u2013 egal, ob Sie in Gro\u00dfbritannien oder irgendwo anders auf der Welt sind. Worauf warten Sie noch? Bestellen Sie Black Tar Heroin jetzt online auf unserer Website.<\/p>","protected":false},"excerpt":{"rendered":"<p>Kupte si Black Tar Heroin online KOUPIT HEROIN BLACK TARU ONLINE: TOTO JE NEJLEP\u0160\u00cd OBCHOD, KDE Z\u00cdSK\u00c1TE POLO\u017dKY PRACOVN\u00cd T\u0158\u00cdDY Narkoprasek.com, Zdrav\u00edme v\u00e1s z nejv\u011bt\u0161\u00ed str\u00e1nky, kde m\u016f\u017eete z\u00edskat Black Tar Heroin, n\u00e1\u0161 internetov\u00fd obchod. V na\u0161em obchod\u011b prod\u00e1v\u00e1me pr\u00e9miov\u00fd Black Tar Heroin za rozumn\u00e9 n\u00e1klady. Na\u0161e polo\u017eky jsou rozmanit\u00e9 a klienti mohou z\u00edskat Black [&hellip;]<\/p>","protected":false},"featured_media":271,"comment_status":"open","ping_status":"closed","template":"","meta":{"_joinchat":[]},"product_cat":[17],"product_tag":[194,193,204,201,202,206,205,199,203,196,200,197,198,192,195,191],"class_list":{"0":"post-16","1":"product","2":"type-product","3":"status-publish","4":"has-post-thumbnail","6":"product_cat-koupit-heroin-online","7":"product_tag-cerneho-dehtoveho-heroinu","8":"product_tag-cerneho-dehtoveho-heroinu-na-prodej","9":"product_tag-co-je-cerny-dehtovy-heroin","10":"product_tag-jak-mohu-ziskat-nejlepsi-cerny-dehtovy-heroin","11":"product_tag-jak-si-objednat-cerny-dehtovy-heroin","12":"product_tag-kde-koupit-cerny-dehtovy-heroin","13":"product_tag-kde-mohu-koupit-cerny-dehtovy-heroin","14":"product_tag-koupit-cerny-dehtovy-heroin-online-usa","15":"product_tag-legalni-cerny-dehtovy-heroin-online","16":"product_tag-legalni-nakup-cerneho-dehtoveho-heroinu","17":"product_tag-levny-cerny-dehtovy-heroin","18":"product_tag-nakupu-cerneho-dehtoveho-heroinu-online","19":"product_tag-nakupu-cerneho-dehtoveho-heroinu-online-v-mem-okoli","20":"product_tag-nejlepsi-misto-pro-objednani-cerneho-dehtoveho-heroinu","21":"product_tag-velkoobchodniho-prodeje-cerneho-dehtoveho-heroinu","22":"product_tag-vyhody-cerneho-dehtoveho-heroinu","24":"first","25":"instock","26":"shipping-taxable","27":"purchasable","28":"product-type-variable"},"yoast_head":"<!-- This site is optimized with the Yoast SEO plugin v23.1 - https:\/\/yoast.com\/wordpress\/plugins\/seo\/ -->\n<title>Koupit Black Tar Heroin online \u2013 Black Tar Heroin na prodej<\/title>\n<meta name=\"description\" content=\"Kde koupit black tar Heroin online za nejlep\u0161\u00ed cenu? Najd\u011bte vysoce kvalitn\u00ed black tar Heroin k prodeji v na\u0161em zabezpe\u010den\u00e9m internetov\u00e9m obchod\u011b, kter\u00fd uspokoj\u00ed va\u0161e v\u00fdzkumn\u00e9 po\u017eadavky. Objednejte si hned!\" \/>\n<meta name=\"robots\" content=\"index, follow, max-snippet:-1, max-image-preview:large, max-video-preview:-1\" \/>\n<link rel=\"canonical\" href=\"https:\/\/narkoprasek.com\/de\/produkt\/schwarz-teer-heroin\/\" \/>\n<meta property=\"og:locale\" content=\"de_DE\" \/>\n<meta property=\"og:type\" content=\"article\" \/>\n<meta property=\"og:title\" content=\"Koupit Black Tar Heroin online \u2013 Black Tar Heroin na prodej\" \/>\n<meta property=\"og:description\" content=\"Kde koupit black tar Heroin online za nejlep\u0161\u00ed cenu? Najd\u011bte vysoce kvalitn\u00ed black tar Heroin k prodeji v na\u0161em zabezpe\u010den\u00e9m internetov\u00e9m obchod\u011b, kter\u00fd uspokoj\u00ed va\u0161e v\u00fdzkumn\u00e9 po\u017eadavky. Objednejte si hned!\" \/>\n<meta property=\"og:url\" content=\"https:\/\/narkoprasek.com\/de\/produkt\/schwarz-teer-heroin\/\" \/>\n<meta property=\"og:site_name\" content=\"Narko Pr\u00e1\u0161ek\" \/>\n<meta property=\"article:modified_time\" content=\"2026-03-12T09:21:04+00:00\" \/>\n<meta property=\"og:image\" content=\"https:\/\/narkoprasek.com\/wp-content\/uploads\/2023\/12\/Black-Tar-Heroin.jpg\" \/>\n\t<meta property=\"og:image:width\" content=\"600\" \/>\n\t<meta property=\"og:image:height\" content=\"600\" \/>\n\t<meta property=\"og:image:type\" content=\"image\/jpeg\" \/>\n<meta name=\"twitter:card\" content=\"summary_large_image\" \/>\n<meta name=\"twitter:label1\" content=\"Gesch\u00e4tzte Lesezeit\" \/>\n\t<meta name=\"twitter:data1\" content=\"2\u00a0Minuten\" \/>\n<script type=\"application\/ld+json\" class=\"yoast-schema-graph\">{\"@context\":\"https:\/\/schema.org\",\"@graph\":[{\"@type\":\"WebPage\",\"@id\":\"https:\/\/narkoprasek.com\/produkt\/heroin-z-cerneho-dehtu\/\",\"url\":\"https:\/\/narkoprasek.com\/produkt\/heroin-z-cerneho-dehtu\/\",\"name\":\"Koupit Black Tar Heroin online \u2013 Black Tar Heroin na prodej\",\"isPartOf\":{\"@id\":\"https:\/\/narkoprasek.com\/#website\"},\"primaryImageOfPage\":{\"@id\":\"https:\/\/narkoprasek.com\/produkt\/heroin-z-cerneho-dehtu\/#primaryimage\"},\"image\":{\"@id\":\"https:\/\/narkoprasek.com\/produkt\/heroin-z-cerneho-dehtu\/#primaryimage\"},\"thumbnailUrl\":\"https:\/\/narkoprasek.com\/wp-content\/uploads\/2023\/12\/Black-Tar-Heroin.jpg\",\"datePublished\":\"2023-12-25T08:19:46+00:00\",\"dateModified\":\"2026-03-12T09:21:04+00:00\",\"description\":\"Kde koupit black tar Heroin online za nejlep\u0161\u00ed cenu? Najd\u011bte vysoce kvalitn\u00ed black tar Heroin k prodeji v na\u0161em zabezpe\u010den\u00e9m internetov\u00e9m obchod\u011b, kter\u00fd uspokoj\u00ed va\u0161e v\u00fdzkumn\u00e9 po\u017eadavky. Objednejte si hned!\",\"breadcrumb\":{\"@id\":\"https:\/\/narkoprasek.com\/produkt\/heroin-z-cerneho-dehtu\/#breadcrumb\"},\"inLanguage\":\"de\",\"potentialAction\":[{\"@type\":\"ReadAction\",\"target\":[\"https:\/\/narkoprasek.com\/produkt\/heroin-z-cerneho-dehtu\/\"]}]},{\"@type\":\"ImageObject\",\"inLanguage\":\"de\",\"@id\":\"https:\/\/narkoprasek.com\/produkt\/heroin-z-cerneho-dehtu\/#primaryimage\",\"url\":\"https:\/\/narkoprasek.com\/wp-content\/uploads\/2023\/12\/Black-Tar-Heroin.jpg\",\"contentUrl\":\"https:\/\/narkoprasek.com\/wp-content\/uploads\/2023\/12\/Black-Tar-Heroin.jpg\",\"width\":600,\"height\":600,\"caption\":\"Black Tar Heroin\"},{\"@type\":\"BreadcrumbList\",\"@id\":\"https:\/\/narkoprasek.com\/produkt\/heroin-z-cerneho-dehtu\/#breadcrumb\",\"itemListElement\":[{\"@type\":\"ListItem\",\"position\":1,\"name\":\"Home\",\"item\":\"https:\/\/narkoprasek.com\/\"},{\"@type\":\"ListItem\",\"position\":2,\"name\":\"Na\u0161e Produkty\",\"item\":\"https:\/\/narkoprasek.com\/shop\/\"},{\"@type\":\"ListItem\",\"position\":3,\"name\":\"Heroin z \u010dern\u00e9ho dehtu\"}]},{\"@type\":\"WebSite\",\"@id\":\"https:\/\/narkoprasek.com\/#website\",\"url\":\"https:\/\/narkoprasek.com\/\",\"name\":\"Narko Pr\u00e1\u0161ek\",\"description\":\"My WordPress Blog\",\"potentialAction\":[{\"@type\":\"SearchAction\",\"target\":{\"@type\":\"EntryPoint\",\"urlTemplate\":\"https:\/\/narkoprasek.com\/?s={search_term_string}\"},\"query-input\":\"required name=search_term_string\"}],\"inLanguage\":\"de\"}]}<\/script>\n<!-- \/ Yoast SEO plugin. -->","yoast_head_json":{"title":"Koupit Black Tar Heroin online \u2013 Black Tar Heroin na prodej","description":"Kde koupit black tar Heroin online za nejlep\u0161\u00ed cenu? Najd\u011bte vysoce kvalitn\u00ed black tar Heroin k prodeji v na\u0161em zabezpe\u010den\u00e9m internetov\u00e9m obchod\u011b, kter\u00fd uspokoj\u00ed va\u0161e v\u00fdzkumn\u00e9 po\u017eadavky. Objednejte si hned!","robots":{"index":"index","follow":"follow","max-snippet":"max-snippet:-1","max-image-preview":"max-image-preview:large","max-video-preview":"max-video-preview:-1"},"canonical":"https:\/\/narkoprasek.com\/de\/produkt\/schwarz-teer-heroin\/","og_locale":"de_DE","og_type":"article","og_title":"Koupit Black Tar Heroin online \u2013 Black Tar Heroin na prodej","og_description":"Kde koupit black tar Heroin online za nejlep\u0161\u00ed cenu? Najd\u011bte vysoce kvalitn\u00ed black tar Heroin k prodeji v na\u0161em zabezpe\u010den\u00e9m internetov\u00e9m obchod\u011b, kter\u00fd uspokoj\u00ed va\u0161e v\u00fdzkumn\u00e9 po\u017eadavky. Objednejte si hned!","og_url":"https:\/\/narkoprasek.com\/de\/produkt\/schwarz-teer-heroin\/","og_site_name":"Narko Pr\u00e1\u0161ek","article_modified_time":"2026-03-12T09:21:04+00:00","og_image":[{"width":600,"height":600,"url":"https:\/\/narkoprasek.com\/wp-content\/uploads\/2023\/12\/Black-Tar-Heroin.jpg","type":"image\/jpeg"}],"twitter_card":"summary_large_image","twitter_misc":{"Gesch\u00e4tzte Lesezeit":"2\u00a0Minuten"},"schema":{"@context":"https:\/\/schema.org","@graph":[{"@type":"WebPage","@id":"https:\/\/narkoprasek.com\/produkt\/heroin-z-cerneho-dehtu\/","url":"https:\/\/narkoprasek.com\/produkt\/heroin-z-cerneho-dehtu\/","name":"Koupit Black Tar Heroin online \u2013 Black Tar Heroin na prodej","isPartOf":{"@id":"https:\/\/narkoprasek.com\/#website"},"primaryImageOfPage":{"@id":"https:\/\/narkoprasek.com\/produkt\/heroin-z-cerneho-dehtu\/#primaryimage"},"image":{"@id":"https:\/\/narkoprasek.com\/produkt\/heroin-z-cerneho-dehtu\/#primaryimage"},"thumbnailUrl":"https:\/\/narkoprasek.com\/wp-content\/uploads\/2023\/12\/Black-Tar-Heroin.jpg","datePublished":"2023-12-25T08:19:46+00:00","dateModified":"2026-03-12T09:21:04+00:00","description":"Kde koupit black tar Heroin online za nejlep\u0161\u00ed cenu? Najd\u011bte vysoce kvalitn\u00ed black tar Heroin k prodeji v na\u0161em zabezpe\u010den\u00e9m internetov\u00e9m obchod\u011b, kter\u00fd uspokoj\u00ed va\u0161e v\u00fdzkumn\u00e9 po\u017eadavky. Objednejte si hned!","breadcrumb":{"@id":"https:\/\/narkoprasek.com\/produkt\/heroin-z-cerneho-dehtu\/#breadcrumb"},"inLanguage":"de","potentialAction":[{"@type":"ReadAction","target":["https:\/\/narkoprasek.com\/produkt\/heroin-z-cerneho-dehtu\/"]}]},{"@type":"ImageObject","inLanguage":"de","@id":"https:\/\/narkoprasek.com\/produkt\/heroin-z-cerneho-dehtu\/#primaryimage","url":"https:\/\/narkoprasek.com\/wp-content\/uploads\/2023\/12\/Black-Tar-Heroin.jpg","contentUrl":"https:\/\/narkoprasek.com\/wp-content\/uploads\/2023\/12\/Black-Tar-Heroin.jpg","width":600,"height":600,"caption":"Black Tar Heroin"},{"@type":"BreadcrumbList","@id":"https:\/\/narkoprasek.com\/produkt\/heroin-z-cerneho-dehtu\/#breadcrumb","itemListElement":[{"@type":"ListItem","position":1,"name":"Home","item":"https:\/\/narkoprasek.com\/"},{"@type":"ListItem","position":2,"name":"Na\u0161e Produkty","item":"https:\/\/narkoprasek.com\/shop\/"},{"@type":"ListItem","position":3,"name":"Heroin z \u010dern\u00e9ho dehtu"}]},{"@type":"WebSite","@id":"https:\/\/narkoprasek.com\/#website","url":"https:\/\/narkoprasek.com\/","name":"Narko Pr\u00e1\u0161ek","description":"My WordPress Blog","potentialAction":[{"@type":"SearchAction","target":{"@type":"EntryPoint","urlTemplate":"https:\/\/narkoprasek.com\/?s={search_term_string}"},"query-input":"required name=search_term_string"}],"inLanguage":"de"}]}},"_links":{"self":[{"href":"https:\/\/narkoprasek.com\/de\/wp-json\/wp\/v2\/product\/16","targetHints":{"allow":["GET"]}}],"collection":[{"href":"https:\/\/narkoprasek.com\/de\/wp-json\/wp\/v2\/product"}],"about":[{"href":"https:\/\/narkoprasek.com\/de\/wp-json\/wp\/v2\/types\/product"}],"replies":[{"embeddable":true,"href":"https:\/\/narkoprasek.com\/de\/wp-json\/wp\/v2\/comments?post=16"}],"wp:featuredmedia":[{"embeddable":true,"href":"https:\/\/narkoprasek.com\/de\/wp-json\/wp\/v2\/media\/271"}],"wp:attachment":[{"href":"https:\/\/narkoprasek.com\/de\/wp-json\/wp\/v2\/media?parent=16"}],"wp:term":[{"taxonomy":"product_cat","embeddable":true,"href":"https:\/\/narkoprasek.com\/de\/wp-json\/wp\/v2\/product_cat?post=16"},{"taxonomy":"product_tag","embeddable":true,"href":"https:\/\/narkoprasek.com\/de\/wp-json\/wp\/v2\/product_tag?post=16"}],"curies":[{"name":"wp","href":"https:\/\/api.w.org\/{rel}","templated":true}]}}