{"id":153,"date":"2023-12-25T08:20:12","date_gmt":"2023-12-25T08:20:12","guid":{"rendered":"https:\/\/unkrautmarkt.com\/narco2\/?post_type=product&#038;p=153"},"modified":"2026-03-17T05:23:43","modified_gmt":"2026-03-17T05:23:43","slug":"koupit-ketamin-anasket-powder","status":"publish","type":"product","link":"https:\/\/narkoprasek.com\/de\/produkt\/kaufen-ketamin-anasket-pulver\/","title":{"rendered":"Ketamin Anasket Pulver kaufen"},"content":{"rendered":"<h2>Ketamin-Anasket-Pulver online kaufen<\/h2>\n<h3>Ketaminpulver von Anasket kaufen<\/h3>\n<p><a href=\"https:\/\/en.wikipedia.org\/wiki\/Ketamine\">Premium Anesket online kaufen<\/a>Ich verkaufe Anesket 1000 mg\/10 ml.<\/p>\n<p>Ketamin-Pulver-An\u00e4sthetikum: Der Verkauf von An\u00e4sthetika geh\u00f6rt zu unseren Kernkompetenzen. Daher bieten wir Anesket mit und ohne Rezept an. Kunden weltweit k\u00f6nnen Anesket online mit oder ohne Rezept erwerben. Dieses Medikament wirkt \u00e4hnlich wie Ketamin und wird zur Narkose bei schwierigen Eingriffen eingesetzt. Es f\u00e4llt somit in denselben medizinischen Bereich wie die An\u00e4sthesie.<\/p>\n<p>Das Medikament ist aufgrund seiner sedierenden und halluzinogenen Wirkung sehr potent und wird in einer farblosen Flasche angeboten. Anesket wird in den meisten L\u00e4ndern der Welt h\u00e4ufig als Muskelrelaxans eingesetzt. Es dient als Beruhigungsmittel oder An\u00e4sthetikum, kann aber auch bei der Behandlung von Schmerzen, Depressionen und einer Reihe anderer Beschwerden hilfreich sein. An\u00e4sthesie-Injektionen sind rezeptfrei erh\u00e4ltlich.<\/p>\n<p>Anesket-Injektion, rezeptfrei | <a href=\"https:\/\/narkoprasek.com\/de\/produkt\/kaufen-ketamin-anasket-pulver\/\">Anesket 1000 mg-10 ml L\u00f6sung<\/a> | Versteckter Online-Ketaminkauf in meiner N\u00e4he<\/p>\n<h3>Unser Ziel ist es, die beste Qualit\u00e4t der ANESKET 1000MG-10ML L\u00d6SUNG zu liefern.<\/h3>\n<p>Die au\u00dfergew\u00f6hnliche Qualit\u00e4t unserer ANESKET 1000MG-10ML L\u00d6SUNG hat es uns erm\u00f6glicht, einen einzigartigen Platz in der Branche zu erobern.<\/p>\n<p>Injektionsan\u00e4sthesie kann allein oder in Kombination mit anderen Medikamenten zur Einleitung einer Bewusstlosigkeit vor, w\u00e4hrend und nach Operationen oder anderen medizinischen Eingriffen eingesetzt werden. Sie geh\u00f6rt zur Gruppe der Allgemeinan\u00e4sthetika. Legale An\u00e4sthesie, 1000 mg\/10 ml. Ketamin-Injektion zu verkaufen. Kaufen <a href=\"https:\/\/narkoprasek.com\/de\/\">pulverf\u00f6rmiges Ketamin-An\u00e4sthetikum<\/a>.<\/p>\n<p>Narkosemittel d\u00fcrfen nur von qualifiziertem medizinischem Personal und unter dessen Aufsicht verabreicht werden. Falls Sie w\u00e4hrend einer Operation Anesket ben\u00f6tigen, wird Ihnen Ihr Arzt oder An\u00e4sthesist das Medikament verabreichen und Ihren Heilungsprozess engmaschig \u00fcberwachen. (Legale Narkose, 1000 mg\/10 ml.) Ketamin-Pulvernarkosemittel erh\u00e4ltlich.<\/p>","protected":false},"excerpt":{"rendered":"<p>Koupit Ketamin Anasket Powder online Kupte si ketaminov\u00fd pr\u00e1\u0161ek Anasket Koupit Premium Anesket online, 1000 mg\/10 ml. Prod\u00e1m Anesket 1000 mg\/10 ml. Z\u00edskejte pr\u00e1\u0161kov\u00e9 ketaminov\u00e9 anestetikum Prodej anestetik je jednou z na\u0161ich prim\u00e1rn\u00edch \u010dinnost\u00ed. V d\u016fsledku toho poskytujeme nebo prod\u00e1v\u00e1me anesket na p\u0159edpis nebo bez n\u011bj. Anesket si mohou z\u00e1kazn\u00edci z cel\u00e9ho sv\u011bta koupit online [&hellip;]<\/p>","protected":false},"featured_media":259,"comment_status":"open","ping_status":"closed","template":"","meta":{"_joinchat":[]},"product_cat":[174],"product_tag":[],"class_list":{"0":"post-153","1":"product","2":"type-product","3":"status-publish","4":"has-post-thumbnail","6":"product_cat-koupit-ketamin-online","8":"first","9":"instock","10":"shipping-taxable","11":"purchasable","12":"product-type-variable"},"yoast_head":"<!-- This site is optimized with the Yoast SEO plugin v23.1 - https:\/\/yoast.com\/wordpress\/plugins\/seo\/ -->\n<title>Koupit Ketamin Anasket Powder online - Ketamine Anasket na prodej<\/title>\n<meta name=\"description\" content=\"Hled\u00e1te ketamin anasket pr\u00e1\u0161ek online za rozumnou cenu? Nav\u0161tivte n\u00e1\u0161 renomovan\u00fd online obchod s chemik\u00e1liemi a po\u0159i\u010fte si ketamin anasket pr\u00e1\u0161ek je\u0161t\u011b dnes. Objednejte si nyn\u00ed a z\u00edskejte nejlep\u0161\u00ed cenu v na\u0161em obchod\u011b.\" \/>\n<meta name=\"robots\" content=\"index, follow, max-snippet:-1, max-image-preview:large, max-video-preview:-1\" \/>\n<link rel=\"canonical\" href=\"https:\/\/narkoprasek.com\/de\/produkt\/kaufen-ketamin-anasket-pulver\/\" \/>\n<meta property=\"og:locale\" content=\"de_DE\" \/>\n<meta property=\"og:type\" content=\"article\" \/>\n<meta property=\"og:title\" content=\"Koupit Ketamin Anasket Powder online - Ketamine Anasket na prodej\" \/>\n<meta property=\"og:description\" content=\"Hled\u00e1te ketamin anasket pr\u00e1\u0161ek online za rozumnou cenu? Nav\u0161tivte n\u00e1\u0161 renomovan\u00fd online obchod s chemik\u00e1liemi a po\u0159i\u010fte si ketamin anasket pr\u00e1\u0161ek je\u0161t\u011b dnes. Objednejte si nyn\u00ed a z\u00edskejte nejlep\u0161\u00ed cenu v na\u0161em obchod\u011b.\" \/>\n<meta property=\"og:url\" content=\"https:\/\/narkoprasek.com\/de\/produkt\/kaufen-ketamin-anasket-pulver\/\" \/>\n<meta property=\"og:site_name\" content=\"Narko Pr\u00e1\u0161ek\" \/>\n<meta property=\"article:modified_time\" content=\"2026-03-17T05:23:43+00:00\" \/>\n<meta property=\"og:image\" content=\"https:\/\/narkoprasek.com\/wp-content\/uploads\/2023\/12\/Buy-Ketamine-Anasket-Powder.jpg\" \/>\n\t<meta property=\"og:image:width\" content=\"600\" \/>\n\t<meta property=\"og:image:height\" content=\"600\" \/>\n\t<meta property=\"og:image:type\" content=\"image\/jpeg\" \/>\n<meta name=\"twitter:card\" content=\"summary_large_image\" \/>\n<meta name=\"twitter:label1\" content=\"Gesch\u00e4tzte Lesezeit\" \/>\n\t<meta name=\"twitter:data1\" content=\"2\u00a0Minuten\" \/>\n<script type=\"application\/ld+json\" class=\"yoast-schema-graph\">{\"@context\":\"https:\/\/schema.org\",\"@graph\":[{\"@type\":\"WebPage\",\"@id\":\"https:\/\/narkoprasek.com\/produkt\/koupit-ketamin-anasket-powder\/\",\"url\":\"https:\/\/narkoprasek.com\/produkt\/koupit-ketamin-anasket-powder\/\",\"name\":\"Koupit Ketamin Anasket Powder online - Ketamine Anasket na prodej\",\"isPartOf\":{\"@id\":\"https:\/\/narkoprasek.com\/#website\"},\"primaryImageOfPage\":{\"@id\":\"https:\/\/narkoprasek.com\/produkt\/koupit-ketamin-anasket-powder\/#primaryimage\"},\"image\":{\"@id\":\"https:\/\/narkoprasek.com\/produkt\/koupit-ketamin-anasket-powder\/#primaryimage\"},\"thumbnailUrl\":\"https:\/\/narkoprasek.com\/wp-content\/uploads\/2023\/12\/Buy-Ketamine-Anasket-Powder.jpg\",\"datePublished\":\"2023-12-25T08:20:12+00:00\",\"dateModified\":\"2026-03-17T05:23:43+00:00\",\"description\":\"Hled\u00e1te ketamin anasket pr\u00e1\u0161ek online za rozumnou cenu? Nav\u0161tivte n\u00e1\u0161 renomovan\u00fd online obchod s chemik\u00e1liemi a po\u0159i\u010fte si ketamin anasket pr\u00e1\u0161ek je\u0161t\u011b dnes. Objednejte si nyn\u00ed a z\u00edskejte nejlep\u0161\u00ed cenu v na\u0161em obchod\u011b.\",\"breadcrumb\":{\"@id\":\"https:\/\/narkoprasek.com\/produkt\/koupit-ketamin-anasket-powder\/#breadcrumb\"},\"inLanguage\":\"de\",\"potentialAction\":[{\"@type\":\"ReadAction\",\"target\":[\"https:\/\/narkoprasek.com\/produkt\/koupit-ketamin-anasket-powder\/\"]}]},{\"@type\":\"ImageObject\",\"inLanguage\":\"de\",\"@id\":\"https:\/\/narkoprasek.com\/produkt\/koupit-ketamin-anasket-powder\/#primaryimage\",\"url\":\"https:\/\/narkoprasek.com\/wp-content\/uploads\/2023\/12\/Buy-Ketamine-Anasket-Powder.jpg\",\"contentUrl\":\"https:\/\/narkoprasek.com\/wp-content\/uploads\/2023\/12\/Buy-Ketamine-Anasket-Powder.jpg\",\"width\":600,\"height\":600,\"caption\":\"Buy Ketamine Anasket Powder\"},{\"@type\":\"BreadcrumbList\",\"@id\":\"https:\/\/narkoprasek.com\/produkt\/koupit-ketamin-anasket-powder\/#breadcrumb\",\"itemListElement\":[{\"@type\":\"ListItem\",\"position\":1,\"name\":\"Home\",\"item\":\"https:\/\/narkoprasek.com\/\"},{\"@type\":\"ListItem\",\"position\":2,\"name\":\"Na\u0161e Produkty\",\"item\":\"https:\/\/narkoprasek.com\/shop\/\"},{\"@type\":\"ListItem\",\"position\":3,\"name\":\"Koupit Ketamin Anasket Powder\"}]},{\"@type\":\"WebSite\",\"@id\":\"https:\/\/narkoprasek.com\/#website\",\"url\":\"https:\/\/narkoprasek.com\/\",\"name\":\"Narko Pr\u00e1\u0161ek\",\"description\":\"My WordPress Blog\",\"potentialAction\":[{\"@type\":\"SearchAction\",\"target\":{\"@type\":\"EntryPoint\",\"urlTemplate\":\"https:\/\/narkoprasek.com\/?s={search_term_string}\"},\"query-input\":\"required name=search_term_string\"}],\"inLanguage\":\"de\"}]}<\/script>\n<!-- \/ Yoast SEO plugin. -->","yoast_head_json":{"title":"Koupit Ketamin Anasket Powder online - Ketamine Anasket na prodej","description":"Hled\u00e1te ketamin anasket pr\u00e1\u0161ek online za rozumnou cenu? Nav\u0161tivte n\u00e1\u0161 renomovan\u00fd online obchod s chemik\u00e1liemi a po\u0159i\u010fte si ketamin anasket pr\u00e1\u0161ek je\u0161t\u011b dnes. Objednejte si nyn\u00ed a z\u00edskejte nejlep\u0161\u00ed cenu v na\u0161em obchod\u011b.","robots":{"index":"index","follow":"follow","max-snippet":"max-snippet:-1","max-image-preview":"max-image-preview:large","max-video-preview":"max-video-preview:-1"},"canonical":"https:\/\/narkoprasek.com\/de\/produkt\/kaufen-ketamin-anasket-pulver\/","og_locale":"de_DE","og_type":"article","og_title":"Koupit Ketamin Anasket Powder online - Ketamine Anasket na prodej","og_description":"Hled\u00e1te ketamin anasket pr\u00e1\u0161ek online za rozumnou cenu? Nav\u0161tivte n\u00e1\u0161 renomovan\u00fd online obchod s chemik\u00e1liemi a po\u0159i\u010fte si ketamin anasket pr\u00e1\u0161ek je\u0161t\u011b dnes. Objednejte si nyn\u00ed a z\u00edskejte nejlep\u0161\u00ed cenu v na\u0161em obchod\u011b.","og_url":"https:\/\/narkoprasek.com\/de\/produkt\/kaufen-ketamin-anasket-pulver\/","og_site_name":"Narko Pr\u00e1\u0161ek","article_modified_time":"2026-03-17T05:23:43+00:00","og_image":[{"width":600,"height":600,"url":"https:\/\/narkoprasek.com\/wp-content\/uploads\/2023\/12\/Buy-Ketamine-Anasket-Powder.jpg","type":"image\/jpeg"}],"twitter_card":"summary_large_image","twitter_misc":{"Gesch\u00e4tzte Lesezeit":"2\u00a0Minuten"},"schema":{"@context":"https:\/\/schema.org","@graph":[{"@type":"WebPage","@id":"https:\/\/narkoprasek.com\/produkt\/koupit-ketamin-anasket-powder\/","url":"https:\/\/narkoprasek.com\/produkt\/koupit-ketamin-anasket-powder\/","name":"Koupit Ketamin Anasket Powder online - Ketamine Anasket na prodej","isPartOf":{"@id":"https:\/\/narkoprasek.com\/#website"},"primaryImageOfPage":{"@id":"https:\/\/narkoprasek.com\/produkt\/koupit-ketamin-anasket-powder\/#primaryimage"},"image":{"@id":"https:\/\/narkoprasek.com\/produkt\/koupit-ketamin-anasket-powder\/#primaryimage"},"thumbnailUrl":"https:\/\/narkoprasek.com\/wp-content\/uploads\/2023\/12\/Buy-Ketamine-Anasket-Powder.jpg","datePublished":"2023-12-25T08:20:12+00:00","dateModified":"2026-03-17T05:23:43+00:00","description":"Hled\u00e1te ketamin anasket pr\u00e1\u0161ek online za rozumnou cenu? Nav\u0161tivte n\u00e1\u0161 renomovan\u00fd online obchod s chemik\u00e1liemi a po\u0159i\u010fte si ketamin anasket pr\u00e1\u0161ek je\u0161t\u011b dnes. Objednejte si nyn\u00ed a z\u00edskejte nejlep\u0161\u00ed cenu v na\u0161em obchod\u011b.","breadcrumb":{"@id":"https:\/\/narkoprasek.com\/produkt\/koupit-ketamin-anasket-powder\/#breadcrumb"},"inLanguage":"de","potentialAction":[{"@type":"ReadAction","target":["https:\/\/narkoprasek.com\/produkt\/koupit-ketamin-anasket-powder\/"]}]},{"@type":"ImageObject","inLanguage":"de","@id":"https:\/\/narkoprasek.com\/produkt\/koupit-ketamin-anasket-powder\/#primaryimage","url":"https:\/\/narkoprasek.com\/wp-content\/uploads\/2023\/12\/Buy-Ketamine-Anasket-Powder.jpg","contentUrl":"https:\/\/narkoprasek.com\/wp-content\/uploads\/2023\/12\/Buy-Ketamine-Anasket-Powder.jpg","width":600,"height":600,"caption":"Buy Ketamine Anasket Powder"},{"@type":"BreadcrumbList","@id":"https:\/\/narkoprasek.com\/produkt\/koupit-ketamin-anasket-powder\/#breadcrumb","itemListElement":[{"@type":"ListItem","position":1,"name":"Home","item":"https:\/\/narkoprasek.com\/"},{"@type":"ListItem","position":2,"name":"Na\u0161e Produkty","item":"https:\/\/narkoprasek.com\/shop\/"},{"@type":"ListItem","position":3,"name":"Koupit Ketamin Anasket Powder"}]},{"@type":"WebSite","@id":"https:\/\/narkoprasek.com\/#website","url":"https:\/\/narkoprasek.com\/","name":"Narko Pr\u00e1\u0161ek","description":"My WordPress Blog","potentialAction":[{"@type":"SearchAction","target":{"@type":"EntryPoint","urlTemplate":"https:\/\/narkoprasek.com\/?s={search_term_string}"},"query-input":"required name=search_term_string"}],"inLanguage":"de"}]}},"_links":{"self":[{"href":"https:\/\/narkoprasek.com\/de\/wp-json\/wp\/v2\/product\/153","targetHints":{"allow":["GET"]}}],"collection":[{"href":"https:\/\/narkoprasek.com\/de\/wp-json\/wp\/v2\/product"}],"about":[{"href":"https:\/\/narkoprasek.com\/de\/wp-json\/wp\/v2\/types\/product"}],"replies":[{"embeddable":true,"href":"https:\/\/narkoprasek.com\/de\/wp-json\/wp\/v2\/comments?post=153"}],"wp:featuredmedia":[{"embeddable":true,"href":"https:\/\/narkoprasek.com\/de\/wp-json\/wp\/v2\/media\/259"}],"wp:attachment":[{"href":"https:\/\/narkoprasek.com\/de\/wp-json\/wp\/v2\/media?parent=153"}],"wp:term":[{"taxonomy":"product_cat","embeddable":true,"href":"https:\/\/narkoprasek.com\/de\/wp-json\/wp\/v2\/product_cat?post=153"},{"taxonomy":"product_tag","embeddable":true,"href":"https:\/\/narkoprasek.com\/de\/wp-json\/wp\/v2\/product_tag?post=153"}],"curies":[{"name":"wp","href":"https:\/\/api.w.org\/{rel}","templated":true}]}}