{"id":15,"date":"2023-12-25T08:19:46","date_gmt":"2023-12-25T08:19:46","guid":{"rendered":"https:\/\/unkrautmarkt.com\/narco2\/?post_type=product&#038;p=15"},"modified":"2026-03-12T09:21:56","modified_gmt":"2026-03-12T09:21:56","slug":"bily-prasek-heroin","status":"publish","type":"product","link":"https:\/\/narkoprasek.com\/de\/produkt\/weises-pulver-heroin\/","title":{"rendered":"Wei\u00dfes Puder Heroin"},"content":{"rendered":"<h2>Heroin als wei\u00dfes Pulver online kaufen<\/h2>\n<h3>Etablierter Lieferant von exzellenten wei\u00dfen Pulverprodukten<\/h3>\n<p>Wir sind spezialisiert auf hochwertiges wei\u00dfes Heroinpulver f\u00fcr vielf\u00e4ltige Anwendungsbereiche. Dank unserer langj\u00e4hrigen Branchenerfahrung haben wir uns als zuverl\u00e4ssiger Lieferant von Premium-Heroinpulver etabliert, das strengsten Sicherheits-, Reinheits- und Wirkstoffanforderungen gen\u00fcgt. Wenn Sie hochwertiges Heroinpulver online kaufen m\u00f6chten, entdecken Sie noch heute unser Sortiment und \u00fcberzeugen Sie sich selbst von der Exzellenz und Zuverl\u00e4ssigkeit, die uns zu einem f\u00fchrenden Unternehmen in diesem Sektor gemacht haben. <a href=\"https:\/\/narkoprasek.com\/de\/\">Narkoprasek.com<\/a><\/p>\n<p><a href=\"https:\/\/narkoprasek.com\/de\/produkt\/weises-pulver-heroin\/\">Wie Heroin in wei\u00dfem Pulver<\/a> Neben der Verwendung als Rauschmittel und zur Schmerzbehandlung gewinnt wei\u00dfes Heroinpulver auch bei Konsumenten, die einen starken Rausch suchen, immer mehr an Beliebtheit. Dank LegitPowders.com k\u00f6nnen Sie wei\u00dfes Heroinpulver jetzt online bestellen und seine starke Wirkung selbst erleben. Bei uns erhalten Sie die Droge in ihrer reinsten Form. Das bedeutet, dass Ihr Rausch im Vergleich zu anderen Heroinsorten st\u00e4rker ist und l\u00e4nger anh\u00e4lt. Ideal also f\u00fcr alle, die einen intensiven Rausch suchen. Wei\u00dfes Heroinpulver ist g\u00fcnstig und wird schnell geliefert. Probieren Sie es doch einfach mal aus! Bestellen Sie jetzt eine gr\u00f6\u00dfere Menge.<\/p>\n<h3>Wir bieten Ihnen die M\u00f6glichkeit, wei\u00dfes Heroinpulver bequem online zu kaufen.<\/h3>\n<p>Der Kauf von Heroinpulver ist in unserem Online-Shop ganz einfach. Bestellen Sie bequem und lassen Sie sich Ihr g\u00fcnstiges Heroinpulver mit wenigen Klicks direkt nach Hause liefern. Unsere benutzerfreundliche Plattform vereinfacht Ihren Einkauf, damit Sie sich auf das Wesentliche konzentrieren k\u00f6nnen. Wir bieten schnellen und zuverl\u00e4ssigen Versand in ganz Gro\u00dfbritannien. Ob Sie Heroinpulver f\u00fcr gesch\u00e4ftliche oder private Zwecke kaufen m\u00f6chten \u2013 wir bieten eine Auswahl an hochwertigen Produkten, die Ihren Bed\u00fcrfnissen entsprechen. Qualit\u00e4t steht bei uns an erster Stelle. Deshalb verkaufen wir ausschlie\u00dflich Produkte, die unseren hohen Anspr\u00fcchen an Wirkstoffgehalt und Reinheit gen\u00fcgen. Dank unserer g\u00fcnstigen Preise k\u00f6nnen Sie sich Ihr Wunsch-Heroinpulver leisten.<\/p>\n<p><a href=\"https:\/\/en.wikipedia.org\/wiki\/Heroin\">Heroin in wei\u00dfem Pulver online<\/a> Bestellen ist jetzt einfacher denn je. W\u00e4hlen Sie einfach den gew\u00fcnschten Artikel aus, legen Sie ihn in den Warenkorb und schlie\u00dfen Sie die Bestellung ab. Wir bieten schnellen Versand und sichere Zahlungsmethoden, damit Sie Ihr gew\u00fcnschtes Wei\u00dfpulver schnell und unkompliziert erhalten. Suchen Sie nach einem unschlagbaren Angebot f\u00fcr Wei\u00dfpulver? Entdecken Sie unser Sortiment an g\u00fcnstigem Wei\u00dfpulver \u2013 wir bieten Ihnen die gleiche Premium-Qualit\u00e4t zum reduzierten Preis. Unabh\u00e4ngig vom Preis sollte jeder Zugang zu diesem unverzichtbaren Produkt haben.<\/p>\n<h3>Vorteile des Kaufs von Wei\u00dfpulver bei einem zuverl\u00e4ssigen Online-H\u00e4ndler<\/h3>\n<p>Suchen Sie nicht weiter! In unserem Online-Shop finden Sie die beste Adresse f\u00fcr wei\u00dfes Pulver. Wir bieten eine gro\u00dfe Auswahl an Premiumprodukten zu fairen Preisen und sind damit Ihr Komplettanbieter f\u00fcr alle Ihre Bed\u00fcrfnisse rund um wei\u00dfes Pulver. Unser Ziel ist es, Ihnen das bestm\u00f6gliche Online-Shopping-Erlebnis zu bieten. Von unseren erstklassigen Produkten bis hin zu unserem schnellen und zuverl\u00e4ssigen Versand \u2013 Ihre Zufriedenheit steht bei uns an erster Stelle. Worauf warten Sie noch? Entdecken Sie unser aktuelles Sortiment und finden Sie den besten Online-H\u00e4ndler f\u00fcr wei\u00dfes Pulver.<\/p>","protected":false},"excerpt":{"rendered":"<p>Koupit Heroin v b\u00edl\u00e9m pr\u00e1\u0161ku online ZAVEDEN\u00dd DODAVATEL V\u00ddBORN\u00c9HO B\u00cdL\u00c9HO PR\u00c1\u0160KOV\u00c9HO ZBO\u017d\u00cd Na\u0161\u00ed specialitou je nab\u00eddka pr\u00e9miov\u00fdch b\u00edl\u00fdch pr\u00e1\u0161k\u016f pro \u0159adu pou\u017eit\u00ed. S dlouholet\u00fdmi zku\u0161enostmi v oboru jsme se etablovali jako spolehliv\u00fd dodavatel pr\u00e9miov\u00e9ho b\u00edl\u00e9ho pr\u00e1\u0161ku heroinu, kter\u00fd spl\u0148uje nejp\u0159\u00edsn\u011bj\u0161\u00ed po\u017eadavky na bezpe\u010dnost, \u010distotu a potenci. Bez ohledu na to, zda se sna\u017e\u00edte z\u00edskat pr\u00e9miov\u00fd [&hellip;]<\/p>","protected":false},"featured_media":272,"comment_status":"open","ping_status":"closed","template":"","meta":{"_joinchat":[]},"product_cat":[17],"product_tag":[279,278,277,274,271,272,276,275,266,267,269,268,273,270,265,264],"class_list":{"0":"post-15","1":"product","2":"type-product","3":"status-publish","4":"has-post-thumbnail","6":"product_cat-koupit-heroin-online","7":"product_tag-bily-prasek-s-kokainem-velkoobchod","8":"product_tag-bily-praskovy-kokain-cena","9":"product_tag-bily-praskovy-kokain-na-prodej","10":"product_tag-co-je-bily-praskovy-kokain","11":"product_tag-jak-mohu-ziskat-nejlepsi-bily-praskovy-kokain","12":"product_tag-jak-si-objednat-bily-praskovy-kokain","13":"product_tag-kde-koupit-bily-praskovy-kokain","14":"product_tag-kde-mohu-koupit-bily-praskovy-kokain","15":"product_tag-koupit-bily-praskovy-kokain-legalne","16":"product_tag-koupit-bily-praskovy-kokain-online","17":"product_tag-koupit-bily-praskovy-kokain-online-usa","18":"product_tag-koupit-bily-praskovy-kokain-online-v-mem-okoli","19":"product_tag-legalni-bily-praskovy-kokain-online","20":"product_tag-levny-bily-praskovy-kokain","21":"product_tag-nejlepsi-misto-pro-objednani-bileho-praskoveho-kokainu","22":"product_tag-vyhody-bileho-praskoveho-kokainu","24":"first","25":"instock","26":"shipping-taxable","27":"purchasable","28":"product-type-variable"},"yoast_head":"<!-- This site is optimized with the Yoast SEO plugin v23.1 - https:\/\/yoast.com\/wordpress\/plugins\/seo\/ -->\n<title>Koupit B\u00edl\u00fd pr\u00e1\u0161ek Heroin online \u2013 B\u00edl\u00fd pr\u00e1\u0161ek Heroin na prodej<\/title>\n<meta name=\"description\" content=\"Najd\u011bte pr\u00e9miov\u00fd B\u00edl\u00fd pr\u00e1\u0161ek Heroin na prodej v na\u0161em internetov\u00e9m obchod\u011b, kter\u00fd poskytuje bezpe\u010dnou platformu pro snadn\u00fd n\u00e1kup B\u00edl\u00fd pr\u00e1\u0161ek Heroin online a uspokoj\u00ed va\u0161e pot\u0159eby v\u00fdzkumu.\" \/>\n<meta name=\"robots\" content=\"index, follow, max-snippet:-1, max-image-preview:large, max-video-preview:-1\" \/>\n<link rel=\"canonical\" href=\"https:\/\/narkoprasek.com\/de\/produkt\/weises-pulver-heroin\/\" \/>\n<meta property=\"og:locale\" content=\"de_DE\" \/>\n<meta property=\"og:type\" content=\"article\" \/>\n<meta property=\"og:title\" content=\"Koupit B\u00edl\u00fd pr\u00e1\u0161ek Heroin online \u2013 B\u00edl\u00fd pr\u00e1\u0161ek Heroin na prodej\" \/>\n<meta property=\"og:description\" content=\"Najd\u011bte pr\u00e9miov\u00fd B\u00edl\u00fd pr\u00e1\u0161ek Heroin na prodej v na\u0161em internetov\u00e9m obchod\u011b, kter\u00fd poskytuje bezpe\u010dnou platformu pro snadn\u00fd n\u00e1kup B\u00edl\u00fd pr\u00e1\u0161ek Heroin online a uspokoj\u00ed va\u0161e pot\u0159eby v\u00fdzkumu.\" \/>\n<meta property=\"og:url\" content=\"https:\/\/narkoprasek.com\/de\/produkt\/weises-pulver-heroin\/\" \/>\n<meta property=\"og:site_name\" content=\"Narko Pr\u00e1\u0161ek\" \/>\n<meta property=\"article:modified_time\" content=\"2026-03-12T09:21:56+00:00\" \/>\n<meta property=\"og:image\" content=\"https:\/\/narkoprasek.com\/wp-content\/uploads\/2023\/12\/White-Powder-Heroin.jpg\" \/>\n\t<meta property=\"og:image:width\" content=\"600\" \/>\n\t<meta property=\"og:image:height\" content=\"600\" \/>\n\t<meta property=\"og:image:type\" content=\"image\/jpeg\" \/>\n<meta name=\"twitter:card\" content=\"summary_large_image\" \/>\n<meta name=\"twitter:label1\" content=\"Gesch\u00e4tzte Lesezeit\" \/>\n\t<meta name=\"twitter:data1\" content=\"3\u00a0Minuten\" \/>\n<script type=\"application\/ld+json\" class=\"yoast-schema-graph\">{\"@context\":\"https:\/\/schema.org\",\"@graph\":[{\"@type\":\"WebPage\",\"@id\":\"https:\/\/narkoprasek.com\/produkt\/bily-prasek-heroin\/\",\"url\":\"https:\/\/narkoprasek.com\/produkt\/bily-prasek-heroin\/\",\"name\":\"Koupit B\u00edl\u00fd pr\u00e1\u0161ek Heroin online \u2013 B\u00edl\u00fd pr\u00e1\u0161ek Heroin na prodej\",\"isPartOf\":{\"@id\":\"https:\/\/narkoprasek.com\/#website\"},\"primaryImageOfPage\":{\"@id\":\"https:\/\/narkoprasek.com\/produkt\/bily-prasek-heroin\/#primaryimage\"},\"image\":{\"@id\":\"https:\/\/narkoprasek.com\/produkt\/bily-prasek-heroin\/#primaryimage\"},\"thumbnailUrl\":\"https:\/\/narkoprasek.com\/wp-content\/uploads\/2023\/12\/White-Powder-Heroin.jpg\",\"datePublished\":\"2023-12-25T08:19:46+00:00\",\"dateModified\":\"2026-03-12T09:21:56+00:00\",\"description\":\"Najd\u011bte pr\u00e9miov\u00fd B\u00edl\u00fd pr\u00e1\u0161ek Heroin na prodej v na\u0161em internetov\u00e9m obchod\u011b, kter\u00fd poskytuje bezpe\u010dnou platformu pro snadn\u00fd n\u00e1kup B\u00edl\u00fd pr\u00e1\u0161ek Heroin online a uspokoj\u00ed va\u0161e pot\u0159eby v\u00fdzkumu.\",\"breadcrumb\":{\"@id\":\"https:\/\/narkoprasek.com\/produkt\/bily-prasek-heroin\/#breadcrumb\"},\"inLanguage\":\"de\",\"potentialAction\":[{\"@type\":\"ReadAction\",\"target\":[\"https:\/\/narkoprasek.com\/produkt\/bily-prasek-heroin\/\"]}]},{\"@type\":\"ImageObject\",\"inLanguage\":\"de\",\"@id\":\"https:\/\/narkoprasek.com\/produkt\/bily-prasek-heroin\/#primaryimage\",\"url\":\"https:\/\/narkoprasek.com\/wp-content\/uploads\/2023\/12\/White-Powder-Heroin.jpg\",\"contentUrl\":\"https:\/\/narkoprasek.com\/wp-content\/uploads\/2023\/12\/White-Powder-Heroin.jpg\",\"width\":600,\"height\":600,\"caption\":\"White Powder Heroin\"},{\"@type\":\"BreadcrumbList\",\"@id\":\"https:\/\/narkoprasek.com\/produkt\/bily-prasek-heroin\/#breadcrumb\",\"itemListElement\":[{\"@type\":\"ListItem\",\"position\":1,\"name\":\"Home\",\"item\":\"https:\/\/narkoprasek.com\/\"},{\"@type\":\"ListItem\",\"position\":2,\"name\":\"Na\u0161e Produkty\",\"item\":\"https:\/\/narkoprasek.com\/shop\/\"},{\"@type\":\"ListItem\",\"position\":3,\"name\":\"B\u00edl\u00fd pr\u00e1\u0161ek Heroin\"}]},{\"@type\":\"WebSite\",\"@id\":\"https:\/\/narkoprasek.com\/#website\",\"url\":\"https:\/\/narkoprasek.com\/\",\"name\":\"Narko Pr\u00e1\u0161ek\",\"description\":\"My WordPress Blog\",\"potentialAction\":[{\"@type\":\"SearchAction\",\"target\":{\"@type\":\"EntryPoint\",\"urlTemplate\":\"https:\/\/narkoprasek.com\/?s={search_term_string}\"},\"query-input\":\"required name=search_term_string\"}],\"inLanguage\":\"de\"}]}<\/script>\n<!-- \/ Yoast SEO plugin. -->","yoast_head_json":{"title":"Koupit B\u00edl\u00fd pr\u00e1\u0161ek Heroin online \u2013 B\u00edl\u00fd pr\u00e1\u0161ek Heroin na prodej","description":"Najd\u011bte pr\u00e9miov\u00fd B\u00edl\u00fd pr\u00e1\u0161ek Heroin na prodej v na\u0161em internetov\u00e9m obchod\u011b, kter\u00fd poskytuje bezpe\u010dnou platformu pro snadn\u00fd n\u00e1kup B\u00edl\u00fd pr\u00e1\u0161ek Heroin online a uspokoj\u00ed va\u0161e pot\u0159eby v\u00fdzkumu.","robots":{"index":"index","follow":"follow","max-snippet":"max-snippet:-1","max-image-preview":"max-image-preview:large","max-video-preview":"max-video-preview:-1"},"canonical":"https:\/\/narkoprasek.com\/de\/produkt\/weises-pulver-heroin\/","og_locale":"de_DE","og_type":"article","og_title":"Koupit B\u00edl\u00fd pr\u00e1\u0161ek Heroin online \u2013 B\u00edl\u00fd pr\u00e1\u0161ek Heroin na prodej","og_description":"Najd\u011bte pr\u00e9miov\u00fd B\u00edl\u00fd pr\u00e1\u0161ek Heroin na prodej v na\u0161em internetov\u00e9m obchod\u011b, kter\u00fd poskytuje bezpe\u010dnou platformu pro snadn\u00fd n\u00e1kup B\u00edl\u00fd pr\u00e1\u0161ek Heroin online a uspokoj\u00ed va\u0161e pot\u0159eby v\u00fdzkumu.","og_url":"https:\/\/narkoprasek.com\/de\/produkt\/weises-pulver-heroin\/","og_site_name":"Narko Pr\u00e1\u0161ek","article_modified_time":"2026-03-12T09:21:56+00:00","og_image":[{"width":600,"height":600,"url":"https:\/\/narkoprasek.com\/wp-content\/uploads\/2023\/12\/White-Powder-Heroin.jpg","type":"image\/jpeg"}],"twitter_card":"summary_large_image","twitter_misc":{"Gesch\u00e4tzte Lesezeit":"3\u00a0Minuten"},"schema":{"@context":"https:\/\/schema.org","@graph":[{"@type":"WebPage","@id":"https:\/\/narkoprasek.com\/produkt\/bily-prasek-heroin\/","url":"https:\/\/narkoprasek.com\/produkt\/bily-prasek-heroin\/","name":"Koupit B\u00edl\u00fd pr\u00e1\u0161ek Heroin online \u2013 B\u00edl\u00fd pr\u00e1\u0161ek Heroin na prodej","isPartOf":{"@id":"https:\/\/narkoprasek.com\/#website"},"primaryImageOfPage":{"@id":"https:\/\/narkoprasek.com\/produkt\/bily-prasek-heroin\/#primaryimage"},"image":{"@id":"https:\/\/narkoprasek.com\/produkt\/bily-prasek-heroin\/#primaryimage"},"thumbnailUrl":"https:\/\/narkoprasek.com\/wp-content\/uploads\/2023\/12\/White-Powder-Heroin.jpg","datePublished":"2023-12-25T08:19:46+00:00","dateModified":"2026-03-12T09:21:56+00:00","description":"Najd\u011bte pr\u00e9miov\u00fd B\u00edl\u00fd pr\u00e1\u0161ek Heroin na prodej v na\u0161em internetov\u00e9m obchod\u011b, kter\u00fd poskytuje bezpe\u010dnou platformu pro snadn\u00fd n\u00e1kup B\u00edl\u00fd pr\u00e1\u0161ek Heroin online a uspokoj\u00ed va\u0161e pot\u0159eby v\u00fdzkumu.","breadcrumb":{"@id":"https:\/\/narkoprasek.com\/produkt\/bily-prasek-heroin\/#breadcrumb"},"inLanguage":"de","potentialAction":[{"@type":"ReadAction","target":["https:\/\/narkoprasek.com\/produkt\/bily-prasek-heroin\/"]}]},{"@type":"ImageObject","inLanguage":"de","@id":"https:\/\/narkoprasek.com\/produkt\/bily-prasek-heroin\/#primaryimage","url":"https:\/\/narkoprasek.com\/wp-content\/uploads\/2023\/12\/White-Powder-Heroin.jpg","contentUrl":"https:\/\/narkoprasek.com\/wp-content\/uploads\/2023\/12\/White-Powder-Heroin.jpg","width":600,"height":600,"caption":"White Powder Heroin"},{"@type":"BreadcrumbList","@id":"https:\/\/narkoprasek.com\/produkt\/bily-prasek-heroin\/#breadcrumb","itemListElement":[{"@type":"ListItem","position":1,"name":"Home","item":"https:\/\/narkoprasek.com\/"},{"@type":"ListItem","position":2,"name":"Na\u0161e Produkty","item":"https:\/\/narkoprasek.com\/shop\/"},{"@type":"ListItem","position":3,"name":"B\u00edl\u00fd pr\u00e1\u0161ek Heroin"}]},{"@type":"WebSite","@id":"https:\/\/narkoprasek.com\/#website","url":"https:\/\/narkoprasek.com\/","name":"Narko Pr\u00e1\u0161ek","description":"My WordPress Blog","potentialAction":[{"@type":"SearchAction","target":{"@type":"EntryPoint","urlTemplate":"https:\/\/narkoprasek.com\/?s={search_term_string}"},"query-input":"required name=search_term_string"}],"inLanguage":"de"}]}},"_links":{"self":[{"href":"https:\/\/narkoprasek.com\/de\/wp-json\/wp\/v2\/product\/15","targetHints":{"allow":["GET"]}}],"collection":[{"href":"https:\/\/narkoprasek.com\/de\/wp-json\/wp\/v2\/product"}],"about":[{"href":"https:\/\/narkoprasek.com\/de\/wp-json\/wp\/v2\/types\/product"}],"replies":[{"embeddable":true,"href":"https:\/\/narkoprasek.com\/de\/wp-json\/wp\/v2\/comments?post=15"}],"wp:featuredmedia":[{"embeddable":true,"href":"https:\/\/narkoprasek.com\/de\/wp-json\/wp\/v2\/media\/272"}],"wp:attachment":[{"href":"https:\/\/narkoprasek.com\/de\/wp-json\/wp\/v2\/media?parent=15"}],"wp:term":[{"taxonomy":"product_cat","embeddable":true,"href":"https:\/\/narkoprasek.com\/de\/wp-json\/wp\/v2\/product_cat?post=15"},{"taxonomy":"product_tag","embeddable":true,"href":"https:\/\/narkoprasek.com\/de\/wp-json\/wp\/v2\/product_tag?post=15"}],"curies":[{"name":"wp","href":"https:\/\/api.w.org\/{rel}","templated":true}]}}