{"id":137,"date":"2023-12-25T08:20:11","date_gmt":"2023-12-25T08:20:11","guid":{"rendered":"https:\/\/unkrautmarkt.com\/narco2\/?post_type=product&#038;p=137"},"modified":"2026-03-20T09:25:37","modified_gmt":"2026-03-20T09:25:37","slug":"po-anasket-1000-mg-10-ml","status":"publish","type":"product","link":"https:\/\/narkoprasek.com\/de\/produkt\/kaufen-anasket-1000mg-10ml\/","title":{"rendered":"Nach Anasket 1000 mg\/10 ml"},"content":{"rendered":"<h2>Koupit Anasket 1000 mg\/10 ml online<\/h2>\n<h3>1000 mg\/10 ml anesket &#8211; Koupit pr\u00e9miov\u00fd anesket online &#8211; Anesket na prodej<\/h3>\n<p><a href=\"https:\/\/narkoprasek.com\/de\/produkt\/kaufen-anasket-1000mg-10ml\/\">Nesket for Sale<\/a> pat\u0159\u00ed mezi hlavn\u00ed \u00fakoly, kter\u00e9 zde prov\u00e1d\u00edme. Z tohoto d\u016fvodu m\u016f\u017eeme poskytnout nebo prodat anesket se skriptem nebo bez n\u011bj. Glob\u00e1ln\u00ed z\u00e1kazn\u00edci si mohou koupit Anesket online na p\u0159edpis nebo bez n\u011bj. P\u0159esto tato droga funguje podobn\u011b jako ketamin. Slou\u017e\u00ed k usp\u00e1v\u00e1n\u00ed pacient\u016f p\u0159i n\u00e1ro\u010dn\u00fdch z\u00e1kroc\u00edch. V d\u016fsledku toho je \u010dlenem stejn\u00e9 l\u00e9ka\u0159sk\u00e9 skupiny (anestetikum). Kv\u016fli sv\u00fdm sedativn\u00edm a halucinogenn\u00edm vlastnostem se droga dod\u00e1v\u00e1 v bezbarv\u00e9 lahvi\u010dce, kter\u00e1 je injek\u010dn\u011b a extr\u00e9mn\u011b \u00fa\u010dinn\u00e1. V\u011bt\u0161ina n\u00e1rod\u016f na sv\u011bt\u011b vyu\u017e\u00edv\u00e1 anesket zna\u010dn\u011b jako svalov\u00fd relaxant. Krom\u011b sv\u00fdch potenci\u00e1ln\u00edch aplikac\u00ed jako sedativa nebo anestetika prok\u00e1zal tento l\u00e9k pozoruhodnou \u00fa\u010dinnost p\u0159i l\u00e9\u010db\u011b utrpen\u00ed a deprese. Seznam je nekone\u010dn\u00fd. Bez p\u0159edpisu Anesket Injection<\/p>\n<h3>Anesket 1000 mg-10 ml Roztok | Anesket Injection, voln\u011b prodejn\u00fd | Kupte si ketamin online tajn\u011b v m\u00e9 bl\u00edzkosti<\/h3>\n<p>Nab\u00edz\u00edme nejlep\u0161\u00ed kvalitu ANESKET 1000MG-10ML SOLUTION je to, co d\u011bl\u00e1me.<\/p>\n<p>V t\u00e9to oblasti jsme vybudovali v\u00fdznamnou pozici nab\u00eddkou v\u00fdjime\u010dn\u00e9ho ROZTOKU ANESKET 1000MG-10ML.<\/p>\n<p>Injekce anestetika se pou\u017e\u00edv\u00e1 bu\u010f samostatn\u011b, nebo ve spojen\u00ed s jin\u00fdmi l\u00e9ky k vyvol\u00e1n\u00ed bezv\u011bdom\u00ed p\u0159ed a b\u011bhem operace nebo jin\u00fdch l\u00e9ka\u0159sk\u00fdch z\u00e1krok\u016f. Je \u010dlenem skupiny l\u00e9k\u016f zn\u00e1m\u00fdch jako celkov\u00e1 anestetika. Anesket 1000 mg\/10 ml leg\u00e1ln\u011b. Ketaminov\u00e9 injekce lze zakoupit<\/p>\n<p>Pod\u00e1v\u00e1n\u00ed anestetika vy\u017eaduje p\u0159\u00edtomnost zdravotnick\u00e9ho pracovn\u00edka, kter\u00fd pro\u0161el nezbytn\u00fdm \u0161kolen\u00edm. B\u011bhem operace, pokud anesteziolog nebo l\u00e9ka\u0159 bude pod\u00e1vat Anesket, v\u00e1m podejte l\u00e9k a pe\u010dliv\u011b sledujte v\u00e1\u0161 postup. Leg\u00e1ln\u00ed Anesket 1000 mg\/10 ml.<\/p>\n<h3>Kde mohu koupit roztok Anesket 1000 mg-10 ml?<\/h3>\n<p>D\u011bl\u00e1me to nejlep\u0161\u00ed roztok Anesket 1000 mg-10 ml.<br \/>\nNab\u00eddkou vysoce kvalitn\u00edho roztoku Anesket 1000 mg-10 ml jsme si v tomto oboru vybudovali jedine\u010dnou pozici.<\/p>\n<p>Injekce Anesketu se pou\u017e\u00edvaj\u00ed bu\u010f samostatn\u011b, nebo v kombinaci s jin\u00fdmi l\u00e9ky k navozen\u00ed bezv\u011bdom\u00ed p\u0159ed a b\u011bhem operace nebo jin\u00fdch l\u00e9ka\u0159sk\u00fdch z\u00e1krok\u016f. Pat\u0159\u00ed do skupiny l\u00e9k\u016f zn\u00e1m\u00fdch jako celkov\u00e1 anestetika. Anesket 1000 mg\/10 ml je leg\u00e1ln\u00ed. Injek\u010dn\u00ed ketamin k prodeji.<br \/>\nAnesket se pod\u00e1v\u00e1 pouze l\u00e9ka\u0159em, kter\u00fd absolvoval pot\u0159ebn\u00e9 \u0161kolen\u00ed, nebo pod jeho p\u0159\u00edm\u00fdm dohledem. V\u00e1\u0161 l\u00e9ka\u0159 nebo anesteziolog v\u00e1m poskytne Anesket a bude pe\u010dliv\u011b sledovat v\u00e1\u0161 pr\u016fb\u011bh, pokud jej budete dost\u00e1vat b\u011bhem operace. 1000 mg\/10 ml leg\u00e1ln\u00edho Anesketu.<\/p>\n<h3>Online prodej Anesketu | Co je Anesket?<\/h3>\n<p>Je vyroben z ketamin hydrochloridu. L\u00e9ka\u0159i ho pou\u017e\u00edvaj\u00ed k mnoha r\u016fzn\u00fdm \u00fa\u010del\u016fm po cel\u00e9m sv\u011bt\u011b, proto\u017ee je to l\u00e9k, kter\u00fd je t\u0159eba porazit. Pure Anesket 1000 mg\/10 ml se prod\u00e1v\u00e1 jako injek\u010dn\u00ed roztok. Anestetick\u00e1 t\u0159\u00edda zahrnuje farmakologickou t\u0159\u00eddu.<\/p>\n<h3>Co je 1000 mg\/10 ml Pure Anesket? | Ketamin Anesket<\/h3>\n<p>Tento kl\u00ed\u010dov\u00fd l\u00e9k se pou\u017e\u00edv\u00e1 po cel\u00e9m sv\u011bt\u011b. V\u011bt\u0161ina chirurgick\u00fdch operac\u00ed, v\u0161eobecn\u00e1 praxe, l\u00e9ky proti bolesti a bolesti jsou j\u00edm charakterizov\u00e1ny. Anesket je k dispozici v generick\u00e9 form\u011b.<\/p>\n<h3>Jak\u00e9 m\u00e1 ne\u017e\u00e1douc\u00ed \u00fa\u010dinky?<\/h3>\n<p>Jeho vedlej\u0161\u00ed \u00fa\u010dinky jsou enormn\u00ed a hojn\u00e9, zejm\u00e9na p\u0159i zneu\u017e\u00edv\u00e1n\u00ed. Pat\u0159\u00ed mezi n\u011b zvracen\u00ed, z\u00e1vrat\u011b, dvojit\u00e9 vid\u011bn\u00ed, ospalost, halucinace atd. V n\u011bkter\u00fdch p\u0159\u00edpadech m\u016f\u017ee b\u00fdt p\u0159i zneu\u017e\u00edv\u00e1n\u00ed i smrteln\u011b \u0161kodliv\u00fd.<\/p>","protected":false},"excerpt":{"rendered":"<p>Koupit Anasket 1000 mg\/10 ml online 1000 mg\/10 ml anesket &#8211; Koupit pr\u00e9miov\u00fd anesket online &#8211; Anesket na prodej Nesket for Sale pat\u0159\u00ed mezi hlavn\u00ed \u00fakoly, kter\u00e9 zde prov\u00e1d\u00edme. Z tohoto d\u016fvodu m\u016f\u017eeme poskytnout nebo prodat anesket se skriptem nebo bez n\u011bj. Glob\u00e1ln\u00ed z\u00e1kazn\u00edci si mohou koupit Anesket online na p\u0159edpis nebo bez n\u011bj. P\u0159esto [&hellip;]<\/p>","protected":false},"featured_media":260,"comment_status":"open","ping_status":"closed","template":"","meta":{"_joinchat":[]},"product_cat":[174],"product_tag":[],"class_list":{"0":"post-137","1":"product","2":"type-product","3":"status-publish","4":"has-post-thumbnail","6":"product_cat-koupit-ketamin-online","8":"first","9":"instock","10":"shipping-taxable","11":"purchasable","12":"product-type-variable"},"yoast_head":"<!-- This site is optimized with the Yoast SEO plugin v23.1 - https:\/\/yoast.com\/wordpress\/plugins\/seo\/ -->\n<title>Koupit Anasket 1000 mg\/10 ml online - Anasket na prodej<\/title>\n<meta name=\"description\" content=\"Koupit Anasket 1000mg\/10ml, roztok Anesket 1000mg-10ml | Anesket injekce, bez l\u00e9ka\u0159sk\u00e9ho p\u0159edpisu | Koupit ketamin online k prodeji v m\u00e9 bl\u00edzkosti diskr\u00e9tn\u011b.\" \/>\n<meta name=\"robots\" content=\"index, follow, max-snippet:-1, max-image-preview:large, max-video-preview:-1\" \/>\n<link rel=\"canonical\" href=\"https:\/\/narkoprasek.com\/de\/produkt\/kaufen-anasket-1000mg-10ml\/\" \/>\n<meta property=\"og:locale\" content=\"de_DE\" \/>\n<meta property=\"og:type\" content=\"article\" \/>\n<meta property=\"og:title\" content=\"Koupit Anasket 1000 mg\/10 ml online - Anasket na prodej\" \/>\n<meta property=\"og:description\" content=\"Koupit Anasket 1000mg\/10ml, roztok Anesket 1000mg-10ml | Anesket injekce, bez l\u00e9ka\u0159sk\u00e9ho p\u0159edpisu | Koupit ketamin online k prodeji v m\u00e9 bl\u00edzkosti diskr\u00e9tn\u011b.\" \/>\n<meta property=\"og:url\" content=\"https:\/\/narkoprasek.com\/de\/produkt\/kaufen-anasket-1000mg-10ml\/\" \/>\n<meta property=\"og:site_name\" content=\"Narko Pr\u00e1\u0161ek\" \/>\n<meta property=\"article:modified_time\" content=\"2026-03-20T09:25:37+00:00\" \/>\n<meta property=\"og:image\" content=\"https:\/\/narkoprasek.com\/wp-content\/uploads\/2023\/12\/Buy-Anesket-1000mg-10ml.jpg\" \/>\n\t<meta property=\"og:image:width\" content=\"600\" \/>\n\t<meta property=\"og:image:height\" content=\"600\" \/>\n\t<meta property=\"og:image:type\" content=\"image\/jpeg\" \/>\n<meta name=\"twitter:card\" content=\"summary_large_image\" \/>\n<meta name=\"twitter:label1\" content=\"Gesch\u00e4tzte Lesezeit\" \/>\n\t<meta name=\"twitter:data1\" content=\"3\u00a0Minuten\" \/>\n<script type=\"application\/ld+json\" class=\"yoast-schema-graph\">{\"@context\":\"https:\/\/schema.org\",\"@graph\":[{\"@type\":\"WebPage\",\"@id\":\"https:\/\/narkoprasek.com\/produkt\/po-anasket-1000-mg-10-ml\/\",\"url\":\"https:\/\/narkoprasek.com\/produkt\/po-anasket-1000-mg-10-ml\/\",\"name\":\"Koupit Anasket 1000 mg\/10 ml online - Anasket na prodej\",\"isPartOf\":{\"@id\":\"https:\/\/narkoprasek.com\/#website\"},\"primaryImageOfPage\":{\"@id\":\"https:\/\/narkoprasek.com\/produkt\/po-anasket-1000-mg-10-ml\/#primaryimage\"},\"image\":{\"@id\":\"https:\/\/narkoprasek.com\/produkt\/po-anasket-1000-mg-10-ml\/#primaryimage\"},\"thumbnailUrl\":\"https:\/\/narkoprasek.com\/wp-content\/uploads\/2023\/12\/Buy-Anesket-1000mg-10ml.jpg\",\"datePublished\":\"2023-12-25T08:20:11+00:00\",\"dateModified\":\"2026-03-20T09:25:37+00:00\",\"description\":\"Koupit Anasket 1000mg\/10ml, roztok Anesket 1000mg-10ml | Anesket injekce, bez l\u00e9ka\u0159sk\u00e9ho p\u0159edpisu | Koupit ketamin online k prodeji v m\u00e9 bl\u00edzkosti diskr\u00e9tn\u011b.\",\"breadcrumb\":{\"@id\":\"https:\/\/narkoprasek.com\/produkt\/po-anasket-1000-mg-10-ml\/#breadcrumb\"},\"inLanguage\":\"de\",\"potentialAction\":[{\"@type\":\"ReadAction\",\"target\":[\"https:\/\/narkoprasek.com\/produkt\/po-anasket-1000-mg-10-ml\/\"]}]},{\"@type\":\"ImageObject\",\"inLanguage\":\"de\",\"@id\":\"https:\/\/narkoprasek.com\/produkt\/po-anasket-1000-mg-10-ml\/#primaryimage\",\"url\":\"https:\/\/narkoprasek.com\/wp-content\/uploads\/2023\/12\/Buy-Anesket-1000mg-10ml.jpg\",\"contentUrl\":\"https:\/\/narkoprasek.com\/wp-content\/uploads\/2023\/12\/Buy-Anesket-1000mg-10ml.jpg\",\"width\":600,\"height\":600,\"caption\":\"Buy Anasket 1000mg\/10ml\"},{\"@type\":\"BreadcrumbList\",\"@id\":\"https:\/\/narkoprasek.com\/produkt\/po-anasket-1000-mg-10-ml\/#breadcrumb\",\"itemListElement\":[{\"@type\":\"ListItem\",\"position\":1,\"name\":\"Home\",\"item\":\"https:\/\/narkoprasek.com\/\"},{\"@type\":\"ListItem\",\"position\":2,\"name\":\"Na\u0161e Produkty\",\"item\":\"https:\/\/narkoprasek.com\/shop\/\"},{\"@type\":\"ListItem\",\"position\":3,\"name\":\"Po Anasket 1000 mg\/10 ml\"}]},{\"@type\":\"WebSite\",\"@id\":\"https:\/\/narkoprasek.com\/#website\",\"url\":\"https:\/\/narkoprasek.com\/\",\"name\":\"Narko Pr\u00e1\u0161ek\",\"description\":\"My WordPress Blog\",\"potentialAction\":[{\"@type\":\"SearchAction\",\"target\":{\"@type\":\"EntryPoint\",\"urlTemplate\":\"https:\/\/narkoprasek.com\/?s={search_term_string}\"},\"query-input\":\"required name=search_term_string\"}],\"inLanguage\":\"de\"}]}<\/script>\n<!-- \/ Yoast SEO plugin. -->","yoast_head_json":{"title":"Koupit Anasket 1000 mg\/10 ml online - Anasket na prodej","description":"Koupit Anasket 1000mg\/10ml, roztok Anesket 1000mg-10ml | Anesket injekce, bez l\u00e9ka\u0159sk\u00e9ho p\u0159edpisu | Koupit ketamin online k prodeji v m\u00e9 bl\u00edzkosti diskr\u00e9tn\u011b.","robots":{"index":"index","follow":"follow","max-snippet":"max-snippet:-1","max-image-preview":"max-image-preview:large","max-video-preview":"max-video-preview:-1"},"canonical":"https:\/\/narkoprasek.com\/de\/produkt\/kaufen-anasket-1000mg-10ml\/","og_locale":"de_DE","og_type":"article","og_title":"Koupit Anasket 1000 mg\/10 ml online - Anasket na prodej","og_description":"Koupit Anasket 1000mg\/10ml, roztok Anesket 1000mg-10ml | Anesket injekce, bez l\u00e9ka\u0159sk\u00e9ho p\u0159edpisu | Koupit ketamin online k prodeji v m\u00e9 bl\u00edzkosti diskr\u00e9tn\u011b.","og_url":"https:\/\/narkoprasek.com\/de\/produkt\/kaufen-anasket-1000mg-10ml\/","og_site_name":"Narko Pr\u00e1\u0161ek","article_modified_time":"2026-03-20T09:25:37+00:00","og_image":[{"width":600,"height":600,"url":"https:\/\/narkoprasek.com\/wp-content\/uploads\/2023\/12\/Buy-Anesket-1000mg-10ml.jpg","type":"image\/jpeg"}],"twitter_card":"summary_large_image","twitter_misc":{"Gesch\u00e4tzte Lesezeit":"3\u00a0Minuten"},"schema":{"@context":"https:\/\/schema.org","@graph":[{"@type":"WebPage","@id":"https:\/\/narkoprasek.com\/produkt\/po-anasket-1000-mg-10-ml\/","url":"https:\/\/narkoprasek.com\/produkt\/po-anasket-1000-mg-10-ml\/","name":"Koupit Anasket 1000 mg\/10 ml online - Anasket na prodej","isPartOf":{"@id":"https:\/\/narkoprasek.com\/#website"},"primaryImageOfPage":{"@id":"https:\/\/narkoprasek.com\/produkt\/po-anasket-1000-mg-10-ml\/#primaryimage"},"image":{"@id":"https:\/\/narkoprasek.com\/produkt\/po-anasket-1000-mg-10-ml\/#primaryimage"},"thumbnailUrl":"https:\/\/narkoprasek.com\/wp-content\/uploads\/2023\/12\/Buy-Anesket-1000mg-10ml.jpg","datePublished":"2023-12-25T08:20:11+00:00","dateModified":"2026-03-20T09:25:37+00:00","description":"Koupit Anasket 1000mg\/10ml, roztok Anesket 1000mg-10ml | Anesket injekce, bez l\u00e9ka\u0159sk\u00e9ho p\u0159edpisu | Koupit ketamin online k prodeji v m\u00e9 bl\u00edzkosti diskr\u00e9tn\u011b.","breadcrumb":{"@id":"https:\/\/narkoprasek.com\/produkt\/po-anasket-1000-mg-10-ml\/#breadcrumb"},"inLanguage":"de","potentialAction":[{"@type":"ReadAction","target":["https:\/\/narkoprasek.com\/produkt\/po-anasket-1000-mg-10-ml\/"]}]},{"@type":"ImageObject","inLanguage":"de","@id":"https:\/\/narkoprasek.com\/produkt\/po-anasket-1000-mg-10-ml\/#primaryimage","url":"https:\/\/narkoprasek.com\/wp-content\/uploads\/2023\/12\/Buy-Anesket-1000mg-10ml.jpg","contentUrl":"https:\/\/narkoprasek.com\/wp-content\/uploads\/2023\/12\/Buy-Anesket-1000mg-10ml.jpg","width":600,"height":600,"caption":"Buy Anasket 1000mg\/10ml"},{"@type":"BreadcrumbList","@id":"https:\/\/narkoprasek.com\/produkt\/po-anasket-1000-mg-10-ml\/#breadcrumb","itemListElement":[{"@type":"ListItem","position":1,"name":"Home","item":"https:\/\/narkoprasek.com\/"},{"@type":"ListItem","position":2,"name":"Na\u0161e Produkty","item":"https:\/\/narkoprasek.com\/shop\/"},{"@type":"ListItem","position":3,"name":"Po Anasket 1000 mg\/10 ml"}]},{"@type":"WebSite","@id":"https:\/\/narkoprasek.com\/#website","url":"https:\/\/narkoprasek.com\/","name":"Narko Pr\u00e1\u0161ek","description":"My WordPress Blog","potentialAction":[{"@type":"SearchAction","target":{"@type":"EntryPoint","urlTemplate":"https:\/\/narkoprasek.com\/?s={search_term_string}"},"query-input":"required name=search_term_string"}],"inLanguage":"de"}]}},"_links":{"self":[{"href":"https:\/\/narkoprasek.com\/de\/wp-json\/wp\/v2\/product\/137","targetHints":{"allow":["GET"]}}],"collection":[{"href":"https:\/\/narkoprasek.com\/de\/wp-json\/wp\/v2\/product"}],"about":[{"href":"https:\/\/narkoprasek.com\/de\/wp-json\/wp\/v2\/types\/product"}],"replies":[{"embeddable":true,"href":"https:\/\/narkoprasek.com\/de\/wp-json\/wp\/v2\/comments?post=137"}],"wp:featuredmedia":[{"embeddable":true,"href":"https:\/\/narkoprasek.com\/de\/wp-json\/wp\/v2\/media\/260"}],"wp:attachment":[{"href":"https:\/\/narkoprasek.com\/de\/wp-json\/wp\/v2\/media?parent=137"}],"wp:term":[{"taxonomy":"product_cat","embeddable":true,"href":"https:\/\/narkoprasek.com\/de\/wp-json\/wp\/v2\/product_cat?post=137"},{"taxonomy":"product_tag","embeddable":true,"href":"https:\/\/narkoprasek.com\/de\/wp-json\/wp\/v2\/product_tag?post=137"}],"curies":[{"name":"wp","href":"https:\/\/api.w.org\/{rel}","templated":true}]}}