{"id":128,"date":"2023-12-25T08:20:06","date_gmt":"2023-12-25T08:20:06","guid":{"rendered":"https:\/\/unkrautmarkt.com\/narco2\/?post_type=product&#038;p=128"},"modified":"2026-03-17T05:19:41","modified_gmt":"2026-03-17T05:19:41","slug":"koupit-crystal-meth-online","status":"publish","type":"product","link":"https:\/\/narkoprasek.com\/de\/produkt\/crystal-meth-online-kaufen\/","title":{"rendered":"Crystal Meth online kaufen"},"content":{"rendered":"<h2>Crystal Meth online kaufen<\/h2>\n<h3>Einf\u00fchrung von Crystal Meth: Eine hervorragende Erg\u00e4nzung zur Steigerung der Potenz<\/h3>\n<p>Gr\u00fc\u00dfe von Example.com, Ihrer vertrauensw\u00fcrdigen Online-Quelle f\u00fcr hochwertige pharmazeutische Produkte. Wir freuen uns, Ihnen Crystal Meth vorstellen zu k\u00f6nnen, eine hochmoderne Droge, die Ihre Leistung verbessert und Ihnen ein unvergleichliches Erlebnis bescheren wird.<\/p>\n<h3>Was ist Crystal Meth?<\/h3>\n<p>Methamphetamin, oder Crystal Meth, wie es offiziell genannt wird, ist ein starkes synthetisches Stimulans, das die Motivation, Energie und Konzentration steigert. Da seine Wirksamkeit durch seine kristalline Struktur verst\u00e4rkt wird, ist es eine beliebte Wahl f\u00fcr Menschen, die mehr leisten und produktiver sein wollen. Kaufen Sie Crystal Meth bei uns, denn es wird sorgf\u00e4ltig nach modernsten Methoden hergestellt, die Reinheit, Qualit\u00e4t und Sicherheit garantieren.<\/p>\n<h3>Sicherung der Qualit\u00e4t<\/h3>\n<p>Hier bei example.com stehen Ihre Sicherheit und Ihr Wohlbefinden an erster Stelle. Wir gew\u00e4hrleisten die Reinheit und Wirksamkeit aller unserer Produkte, einschlie\u00dflich Crystal Meth zum Verkauf, indem wir sie strengen Qualit\u00e4tskontrollverfahren unterziehen. Unsere Zusammenarbeit mit zuverl\u00e4ssigen Lieferanten und Herstellern, die sich an strenge Industrierichtlinien halten, gew\u00e4hrleistet, dass Sie ein erstklassiges Produkt erhalten, das Ihren Erwartungen entspricht.<\/p>\n<p>Die wichtigsten Vorteile von Crystal Meth Enhanced Energy: Crystal Meth gibt dir einen Energieschub, der dich l\u00e4nger wach und konzentriert h\u00e4lt.<\/p>\n<p>Gesteigerte Produktivit\u00e4t: Durch erh\u00f6hte Motivation, geistige Klarheit und Konzentration k\u00f6nnen Sie Ihre Arbeit schneller erledigen.<\/p>\n<p>Verbesserte Leistung: Crystal Meth kann die k\u00f6rperliche Ausdauer und Leistung steigern, was es zu einer guten Wahl f\u00fcr Sportler und Menschen macht, die anstrengende Aktivit\u00e4ten aus\u00fcben.<\/p>\n<p>gehobene Stimmung: Die Nutzer beschreiben h\u00e4ufig, dass sie eine euphorische Stimmung erleben, die ihr allgemeines Wohlbefinden verbessert.<\/p>\n<p>Nutzung von example.com ausschlie\u00dflich zur Nutzung und Sicherheit<\/p>\n<p>Beim Konsum von Crystal Meth ist Vorsicht geboten, und die empfohlenen Konsumregeln sollten befolgt werden. Aufgrund seiner starken Wirkung ist es wichtig, mit kleinen Dosen zu beginnen und diese je nach Bedarf schrittweise zu erh\u00f6hen. Es ist jedoch wichtig, daran zu denken, dass Crystal Meth, wenn es missbraucht wird, s\u00fcchtig machen und negative Auswirkungen auf die Gesundheit haben kann. Wir empfehlen dringend, vor der Einnahme von Crystal Meth mit einem Arzt oder einer \u00c4rztin zu sprechen, um sicherzustellen, dass es f\u00fcr Sie geeignet ist.<\/p>\n<h3>Kaufen Sie Crystal Meth online bei example.com.<\/h3>\n<p>Crystal Meth zu bekommen ist einfach und sicher mit Example.com. Um Ihre Privatsph\u00e4re zu sch\u00fctzen, bieten wir einen diskreten und vertrauensw\u00fcrdigen Lieferservice. Besuchen Sie einfach example.com und st\u00f6bern Sie in unserer gro\u00dfen Auswahl an qualitativ hochwertigen Produkten. Unsere Kundenbetreuer stehen Ihnen rund um die Uhr zur Verf\u00fcgung, um Ihnen bei Fragen oder Problemen zu helfen.<\/p>\n<p>Bei example.com legen wir gro\u00dfen Wert auf einen verantwortungsvollen Umgang mit unseren Produkten. Kaufen Sie Meth online unter der Aufsicht eines Arztes. Wir bef\u00fcrworten oder unterst\u00fctzen keine illegalen Aktivit\u00e4ten. Respektieren Sie unbedingt die Regeln und Gesetze in Ihrem Land.<\/p>","protected":false},"excerpt":{"rendered":"<p>Koupit Crystal Meth online P\u0159edstavujeme Crystal Meth: Vynikaj\u00edc\u00ed dopln\u011bk pro zv\u00fd\u0161enou potenci Zdrav\u00ed v\u00e1s Example.com, v\u00e1\u0161 spolehliv\u00fd online zdroj vysoce kvalitn\u00edch farmaceutick\u00fdch pot\u0159eb. Jsme r\u00e1di, \u017ee v\u00e1m m\u016f\u017eeme p\u0159edstavit Crystal Meth, nejmodern\u011bj\u0161\u00ed l\u00e9k, kter\u00fd zlep\u0161\u00ed v\u00e1\u0161 v\u00fdkon a poskytne v\u00e1m bezkonkuren\u010dn\u00ed z\u00e1\u017eitek. Co je to krystalick\u00fd pervitin? Metamfetamin nebo krystalick\u00fd pervitin, jak se mu form\u00e1ln\u011b [&hellip;]<\/p>","protected":false},"featured_media":262,"comment_status":"open","ping_status":"closed","template":"","meta":{"_joinchat":[]},"product_cat":[161],"product_tag":[247,244,243,246,164,242,239,240,165,241,245],"class_list":{"0":"post-128","1":"product","2":"type-product","3":"status-publish","4":"has-post-thumbnail","6":"product_cat-koupit-krystal-meth-online","7":"product_tag-co-je-kristalova-metoda","8":"product_tag-co-je-krystal","9":"product_tag-co-je-krystal-meth","10":"product_tag-co-je-rotacni-krystal-metoda","11":"product_tag-crystal-meth-blue","12":"product_tag-jak-vypada-crystal-meth-jako-kvizlet","13":"product_tag-koupit-crystal-meth-online","14":"product_tag-koupit-crystal-methamfetamine-online","15":"product_tag-methonline","16":"product_tag-nekategorizovany","17":"product_tag-wthrytrythatny-hyd","19":"first","20":"instock","21":"featured","22":"shipping-taxable","23":"purchasable","24":"product-type-variable"},"yoast_head":"<!-- This site is optimized with the Yoast SEO plugin v23.1 - https:\/\/yoast.com\/wordpress\/plugins\/seo\/ -->\n<title>Koupit krystalick\u00fd pervitin online - Krystalick\u00fd pervitin na prodej<\/title>\n<meta name=\"description\" content=\"Hled\u00e1te krystalick\u00fd pervitin online za rozumnou cenu? Nav\u0161tivte n\u00e1\u0161 renomovan\u00fd online obchod s narkoprasek a po\u0159i\u010fte si krystalick\u00fd pervitin je\u0161t\u011b dnes. Objednejte si nyn\u00ed a z\u00edskejte v na\u0161em obchod\u011b nejlep\u0161\u00ed cenu.\" \/>\n<meta name=\"robots\" content=\"index, follow, max-snippet:-1, max-image-preview:large, max-video-preview:-1\" \/>\n<link rel=\"canonical\" href=\"https:\/\/narkoprasek.com\/de\/produkt\/crystal-meth-online-kaufen\/\" \/>\n<meta property=\"og:locale\" content=\"de_DE\" \/>\n<meta property=\"og:type\" content=\"article\" \/>\n<meta property=\"og:title\" content=\"Koupit krystalick\u00fd pervitin online - Krystalick\u00fd pervitin na prodej\" \/>\n<meta property=\"og:description\" content=\"Hled\u00e1te krystalick\u00fd pervitin online za rozumnou cenu? Nav\u0161tivte n\u00e1\u0161 renomovan\u00fd online obchod s narkoprasek a po\u0159i\u010fte si krystalick\u00fd pervitin je\u0161t\u011b dnes. Objednejte si nyn\u00ed a z\u00edskejte v na\u0161em obchod\u011b nejlep\u0161\u00ed cenu.\" \/>\n<meta property=\"og:url\" content=\"https:\/\/narkoprasek.com\/de\/produkt\/crystal-meth-online-kaufen\/\" \/>\n<meta property=\"og:site_name\" content=\"Narko Pr\u00e1\u0161ek\" \/>\n<meta property=\"article:modified_time\" content=\"2026-03-17T05:19:41+00:00\" \/>\n<meta property=\"og:image\" content=\"https:\/\/narkoprasek.com\/wp-content\/uploads\/2023\/12\/Buy-Crystal-Meth-online.jpg\" \/>\n\t<meta property=\"og:image:width\" content=\"600\" \/>\n\t<meta property=\"og:image:height\" content=\"600\" \/>\n\t<meta property=\"og:image:type\" content=\"image\/jpeg\" \/>\n<meta name=\"twitter:card\" content=\"summary_large_image\" \/>\n<meta name=\"twitter:label1\" content=\"Gesch\u00e4tzte Lesezeit\" \/>\n\t<meta name=\"twitter:data1\" content=\"2\u00a0Minuten\" \/>\n<script type=\"application\/ld+json\" class=\"yoast-schema-graph\">{\"@context\":\"https:\/\/schema.org\",\"@graph\":[{\"@type\":\"WebPage\",\"@id\":\"https:\/\/narkoprasek.com\/produkt\/koupit-crystal-meth-online\/\",\"url\":\"https:\/\/narkoprasek.com\/produkt\/koupit-crystal-meth-online\/\",\"name\":\"Koupit krystalick\u00fd pervitin online - Krystalick\u00fd pervitin na prodej\",\"isPartOf\":{\"@id\":\"https:\/\/narkoprasek.com\/#website\"},\"primaryImageOfPage\":{\"@id\":\"https:\/\/narkoprasek.com\/produkt\/koupit-crystal-meth-online\/#primaryimage\"},\"image\":{\"@id\":\"https:\/\/narkoprasek.com\/produkt\/koupit-crystal-meth-online\/#primaryimage\"},\"thumbnailUrl\":\"https:\/\/narkoprasek.com\/wp-content\/uploads\/2023\/12\/Buy-Crystal-Meth-online.jpg\",\"datePublished\":\"2023-12-25T08:20:06+00:00\",\"dateModified\":\"2026-03-17T05:19:41+00:00\",\"description\":\"Hled\u00e1te krystalick\u00fd pervitin online za rozumnou cenu? Nav\u0161tivte n\u00e1\u0161 renomovan\u00fd online obchod s narkoprasek a po\u0159i\u010fte si krystalick\u00fd pervitin je\u0161t\u011b dnes. Objednejte si nyn\u00ed a z\u00edskejte v na\u0161em obchod\u011b nejlep\u0161\u00ed cenu.\",\"breadcrumb\":{\"@id\":\"https:\/\/narkoprasek.com\/produkt\/koupit-crystal-meth-online\/#breadcrumb\"},\"inLanguage\":\"de\",\"potentialAction\":[{\"@type\":\"ReadAction\",\"target\":[\"https:\/\/narkoprasek.com\/produkt\/koupit-crystal-meth-online\/\"]}]},{\"@type\":\"ImageObject\",\"inLanguage\":\"de\",\"@id\":\"https:\/\/narkoprasek.com\/produkt\/koupit-crystal-meth-online\/#primaryimage\",\"url\":\"https:\/\/narkoprasek.com\/wp-content\/uploads\/2023\/12\/Buy-Crystal-Meth-online.jpg\",\"contentUrl\":\"https:\/\/narkoprasek.com\/wp-content\/uploads\/2023\/12\/Buy-Crystal-Meth-online.jpg\",\"width\":600,\"height\":600,\"caption\":\"Buy Crystal Meth online\"},{\"@type\":\"BreadcrumbList\",\"@id\":\"https:\/\/narkoprasek.com\/produkt\/koupit-crystal-meth-online\/#breadcrumb\",\"itemListElement\":[{\"@type\":\"ListItem\",\"position\":1,\"name\":\"Home\",\"item\":\"https:\/\/narkoprasek.com\/\"},{\"@type\":\"ListItem\",\"position\":2,\"name\":\"Na\u0161e Produkty\",\"item\":\"https:\/\/narkoprasek.com\/shop\/\"},{\"@type\":\"ListItem\",\"position\":3,\"name\":\"Koupit Crystal Meth online\"}]},{\"@type\":\"WebSite\",\"@id\":\"https:\/\/narkoprasek.com\/#website\",\"url\":\"https:\/\/narkoprasek.com\/\",\"name\":\"Narko Pr\u00e1\u0161ek\",\"description\":\"My WordPress Blog\",\"potentialAction\":[{\"@type\":\"SearchAction\",\"target\":{\"@type\":\"EntryPoint\",\"urlTemplate\":\"https:\/\/narkoprasek.com\/?s={search_term_string}\"},\"query-input\":\"required name=search_term_string\"}],\"inLanguage\":\"de\"}]}<\/script>\n<!-- \/ Yoast SEO plugin. -->","yoast_head_json":{"title":"Koupit krystalick\u00fd pervitin online - Krystalick\u00fd pervitin na prodej","description":"Hled\u00e1te krystalick\u00fd pervitin online za rozumnou cenu? Nav\u0161tivte n\u00e1\u0161 renomovan\u00fd online obchod s narkoprasek a po\u0159i\u010fte si krystalick\u00fd pervitin je\u0161t\u011b dnes. Objednejte si nyn\u00ed a z\u00edskejte v na\u0161em obchod\u011b nejlep\u0161\u00ed cenu.","robots":{"index":"index","follow":"follow","max-snippet":"max-snippet:-1","max-image-preview":"max-image-preview:large","max-video-preview":"max-video-preview:-1"},"canonical":"https:\/\/narkoprasek.com\/de\/produkt\/crystal-meth-online-kaufen\/","og_locale":"de_DE","og_type":"article","og_title":"Koupit krystalick\u00fd pervitin online - Krystalick\u00fd pervitin na prodej","og_description":"Hled\u00e1te krystalick\u00fd pervitin online za rozumnou cenu? Nav\u0161tivte n\u00e1\u0161 renomovan\u00fd online obchod s narkoprasek a po\u0159i\u010fte si krystalick\u00fd pervitin je\u0161t\u011b dnes. Objednejte si nyn\u00ed a z\u00edskejte v na\u0161em obchod\u011b nejlep\u0161\u00ed cenu.","og_url":"https:\/\/narkoprasek.com\/de\/produkt\/crystal-meth-online-kaufen\/","og_site_name":"Narko Pr\u00e1\u0161ek","article_modified_time":"2026-03-17T05:19:41+00:00","og_image":[{"width":600,"height":600,"url":"https:\/\/narkoprasek.com\/wp-content\/uploads\/2023\/12\/Buy-Crystal-Meth-online.jpg","type":"image\/jpeg"}],"twitter_card":"summary_large_image","twitter_misc":{"Gesch\u00e4tzte Lesezeit":"2\u00a0Minuten"},"schema":{"@context":"https:\/\/schema.org","@graph":[{"@type":"WebPage","@id":"https:\/\/narkoprasek.com\/produkt\/koupit-crystal-meth-online\/","url":"https:\/\/narkoprasek.com\/produkt\/koupit-crystal-meth-online\/","name":"Koupit krystalick\u00fd pervitin online - Krystalick\u00fd pervitin na prodej","isPartOf":{"@id":"https:\/\/narkoprasek.com\/#website"},"primaryImageOfPage":{"@id":"https:\/\/narkoprasek.com\/produkt\/koupit-crystal-meth-online\/#primaryimage"},"image":{"@id":"https:\/\/narkoprasek.com\/produkt\/koupit-crystal-meth-online\/#primaryimage"},"thumbnailUrl":"https:\/\/narkoprasek.com\/wp-content\/uploads\/2023\/12\/Buy-Crystal-Meth-online.jpg","datePublished":"2023-12-25T08:20:06+00:00","dateModified":"2026-03-17T05:19:41+00:00","description":"Hled\u00e1te krystalick\u00fd pervitin online za rozumnou cenu? Nav\u0161tivte n\u00e1\u0161 renomovan\u00fd online obchod s narkoprasek a po\u0159i\u010fte si krystalick\u00fd pervitin je\u0161t\u011b dnes. Objednejte si nyn\u00ed a z\u00edskejte v na\u0161em obchod\u011b nejlep\u0161\u00ed cenu.","breadcrumb":{"@id":"https:\/\/narkoprasek.com\/produkt\/koupit-crystal-meth-online\/#breadcrumb"},"inLanguage":"de","potentialAction":[{"@type":"ReadAction","target":["https:\/\/narkoprasek.com\/produkt\/koupit-crystal-meth-online\/"]}]},{"@type":"ImageObject","inLanguage":"de","@id":"https:\/\/narkoprasek.com\/produkt\/koupit-crystal-meth-online\/#primaryimage","url":"https:\/\/narkoprasek.com\/wp-content\/uploads\/2023\/12\/Buy-Crystal-Meth-online.jpg","contentUrl":"https:\/\/narkoprasek.com\/wp-content\/uploads\/2023\/12\/Buy-Crystal-Meth-online.jpg","width":600,"height":600,"caption":"Buy Crystal Meth online"},{"@type":"BreadcrumbList","@id":"https:\/\/narkoprasek.com\/produkt\/koupit-crystal-meth-online\/#breadcrumb","itemListElement":[{"@type":"ListItem","position":1,"name":"Home","item":"https:\/\/narkoprasek.com\/"},{"@type":"ListItem","position":2,"name":"Na\u0161e Produkty","item":"https:\/\/narkoprasek.com\/shop\/"},{"@type":"ListItem","position":3,"name":"Koupit Crystal Meth online"}]},{"@type":"WebSite","@id":"https:\/\/narkoprasek.com\/#website","url":"https:\/\/narkoprasek.com\/","name":"Narko Pr\u00e1\u0161ek","description":"My WordPress Blog","potentialAction":[{"@type":"SearchAction","target":{"@type":"EntryPoint","urlTemplate":"https:\/\/narkoprasek.com\/?s={search_term_string}"},"query-input":"required name=search_term_string"}],"inLanguage":"de"}]}},"_links":{"self":[{"href":"https:\/\/narkoprasek.com\/de\/wp-json\/wp\/v2\/product\/128","targetHints":{"allow":["GET"]}}],"collection":[{"href":"https:\/\/narkoprasek.com\/de\/wp-json\/wp\/v2\/product"}],"about":[{"href":"https:\/\/narkoprasek.com\/de\/wp-json\/wp\/v2\/types\/product"}],"replies":[{"embeddable":true,"href":"https:\/\/narkoprasek.com\/de\/wp-json\/wp\/v2\/comments?post=128"}],"wp:featuredmedia":[{"embeddable":true,"href":"https:\/\/narkoprasek.com\/de\/wp-json\/wp\/v2\/media\/262"}],"wp:attachment":[{"href":"https:\/\/narkoprasek.com\/de\/wp-json\/wp\/v2\/media?parent=128"}],"wp:term":[{"taxonomy":"product_cat","embeddable":true,"href":"https:\/\/narkoprasek.com\/de\/wp-json\/wp\/v2\/product_cat?post=128"},{"taxonomy":"product_tag","embeddable":true,"href":"https:\/\/narkoprasek.com\/de\/wp-json\/wp\/v2\/product_tag?post=128"}],"curies":[{"name":"wp","href":"https:\/\/api.w.org\/{rel}","templated":true}]}}