{"id":105,"date":"2023-12-25T08:20:04","date_gmt":"2023-12-25T08:20:04","guid":{"rendered":"https:\/\/unkrautmarkt.com\/narco2\/?post_type=product&#038;p=105"},"modified":"2026-03-20T09:10:05","modified_gmt":"2026-03-20T09:10:05","slug":"nestrihany-heroin","status":"publish","type":"product","link":"https:\/\/narkoprasek.com\/de\/produkt\/ungeschnitten-heroin\/","title":{"rendered":"Ungeschnittenes Heroin"},"content":{"rendered":"<h2>Ungeschnittenes Heroin online kaufen<\/h2>\n<h3>UNGESCHNITTENES HEROIN ONLINE KAUFEN, UM DIE BESTM\u00d6GLICHE QUALIT\u00c4T UND BEQUEMLICHKEIT ZU ERHALTEN<\/h3>\n<p>Zdrav\u00edme v\u00e1s z na\u0161eho spolehliv\u00e9ho webu, kde poskytujeme nest\u0159\u00edhan\u00fd heroin nejvy\u0161\u0161\u00edho kalibru za nejni\u017e\u0161\u00ed mo\u017enou cenu. <a href=\"https:\/\/narkoprasek.com\/de\/produkt\/ungeschnitten-heroin\/\">Pokud hled\u00e1te pr\u00e9miov\u00fd nesest\u0159\u00edhan\u00fd heroin<\/a>, jste na perfektn\u00edm m\u00edst\u011b. Pouze u n\u00e1s m\u016f\u017eete z\u00edskat Uncut Heroin online. Jsme d\u016fv\u011bryhodn\u00fd online prodejce s levn\u00fdm ne\u0159ezan\u00fdm heroinem, kter\u00fd lze zakoupit ve Spojen\u00e9m kr\u00e1lovstv\u00ed a dal\u0161\u00edch zem\u00edch. Na\u0161e polo\u017eky z\u00edsk\u00e1v\u00e1me od nejuzn\u00e1van\u011bj\u0161\u00edch prodejc\u016f a zaru\u010dujeme kvalitu a \u010distotu ka\u017ed\u00e9ho z nich.<\/p>\n<h3>Vorteile des unverschnittenen Heroinkonsums<\/h3>\n<p>Wenn Sie ein h\u00f6heres Niveau als andere erleben wollen, kaufen Sie Uncut Heroin. Uncut Heroin ist potenter und reiner als andere Sorten und bietet eine l\u00e4nger anhaltende Wirkung und \u00fcberlegene Leistung. Au\u00dferdem kann es an die Bed\u00fcrfnisse des Konsumenten angepasst werden, so dass er Cocktails herstellen kann, die ihm mehr Kontrolle \u00fcber die Potenz und Qualit\u00e4t der Droge bieten. Es ist auch sicherer, ungeschnittenes Heroin zu verwenden, das online in einer kontrollierten Umgebung gekauft wurde. Die Gefahr einer \u00dcberdosierung ist geringer, da die Droge st\u00e4rker ist. Au\u00dferdem hat ungeschnittenes Heroin im Vergleich zu anderen Formen von Heroin ein geringeres Potenzial f\u00fcr Sucht und negative Auswirkungen. Einige Konsumenten haben sogar behauptet, dass es einfacher ist, reines, starkes ungeschnittenes Heroin zu einem unglaublichen Preis zu finden.<\/p>\n<h3>Warum sollten Sie sich f\u00fcr unser unzensiertes Heroin entscheiden?<\/h3>\n<p>Sie k\u00f6nnen sicher sein, dass Sie das beste Produkt erhalten, wenn Sie Uncut Heroin in unserem Online Shop kaufen. Um zu garantieren, dass unsere Kunden nur das reinste und st\u00e4rkste Uncut Heroin erhalten, arbeiten wir mit den vertrauensw\u00fcrdigsten Lieferanten zusammen. Wir testen alle unsere Produkte gr\u00fcndlich, um sicherzustellen, dass sie unseren anspruchsvollen Standards f\u00fcr Reinheit und Qualit\u00e4t entsprechen.<\/p>\n<p>Hier sind Sie richtig, wenn Sie Uncut Heroin online kaufen m\u00f6chten. Wir vertreiben unsere Produkte weltweit und bieten einen einfachen und sicheren Online-Einkauf. Um Ihre Privatsph\u00e4re zu sch\u00fctzen, verpacken wir diskret und bieten schnelle und zuverl\u00e4ssige Versandoptionen. Wir k\u00f6nnen ungeschnittenes Heroin direkt zu Ihnen nach Hause bringen, egal wo Sie wohnen - in Gro\u00dfbritannien, den USA oder anderswo. Wir bieten auch verschiedene Zahlungsmethoden an, einschlie\u00dflich Bitcoin, um sicherzustellen, dass der Kauf von ungeschnittenem Heroin so einfach wie m\u00f6glich ist.<\/p>\n<h3>Einfacher und unkomplizierter Online-Kauf von Heroin<\/h3>\n<p>Der Online-Kauf von unverschnittenem Heroin hat mehrere Vorteile. Zun\u00e4chst einmal ist es diskret und bequem. Ungeschnittenes Heroin ist online erh\u00e4ltlich und kann direkt zu Ihnen nach Hause geliefert werden. Au\u00dferdem k\u00f6nnen Sie beim Online-Kauf Produkte und Preise vergleichen, um sicherzustellen, dass Sie das beste Uncut Heroin zum bestm\u00f6glichen Preis erhalten. Wir sind sehr stolz darauf, einige der hochwertigsten ungeschnittenen Heroinsorten anbieten zu k\u00f6nnen.<\/p>\n<h3>Wo kann man rohes Heroin kaufen?<\/h3>\n<p>Um herauszufinden, wo Sie Uncut Heroin online kaufen k\u00f6nnen, brauchen Sie nicht weiter zu suchen als unseren Online-Shop. Wir verkaufen nur das beste Uncut Heroin und wir versenden unsere Waren in die ganze Welt. Sie k\u00f6nnen mit Vertrauen einkaufen, denn wir garantieren, dass unsere Produkte rein und wirksam sind.<\/p>","protected":false},"excerpt":{"rendered":"<p>Koupit nesest\u0159\u00edhan\u00fd heroin online Z\u00cdSKEJTE NESKUTEN\u00dd HEROIN ONLINE PRO NEJLEP\u0160\u00cd MO\u017dNOU KVALITU A POHODL\u00cd Zdrav\u00edme v\u00e1s z na\u0161eho spolehliv\u00e9ho webu, kde poskytujeme nest\u0159\u00edhan\u00fd heroin nejvy\u0161\u0161\u00edho kalibru za nejni\u017e\u0161\u00ed mo\u017enou cenu. Pokud hled\u00e1te pr\u00e9miov\u00fd nesest\u0159\u00edhan\u00fd heroin, jste na perfektn\u00edm m\u00edst\u011b. Pouze u n\u00e1s m\u016f\u017eete z\u00edskat Uncut Heroin online. Jsme d\u016fv\u011bryhodn\u00fd online prodejce s levn\u00fdm ne\u0159ezan\u00fdm heroinem, [&hellip;]<\/p>","protected":false},"featured_media":267,"comment_status":"open","ping_status":"closed","template":"","meta":{"_joinchat":[]},"product_cat":[17],"product_tag":[],"class_list":{"0":"post-105","1":"product","2":"type-product","3":"status-publish","4":"has-post-thumbnail","6":"product_cat-koupit-heroin-online","8":"first","9":"instock","10":"featured","11":"shipping-taxable","12":"purchasable","13":"product-type-variable"},"yoast_head":"<!-- This site is optimized with the Yoast SEO plugin v23.1 - https:\/\/yoast.com\/wordpress\/plugins\/seo\/ -->\n<title>Koupit nesest\u0159\u00edhan\u00fd heroin online - nesest\u0159\u00edhan\u00fd heroin na prodej<\/title>\n<meta name=\"description\" content=\"Pokud hled\u00e1te ne\u0159e\u017een\u00fd heroin online za nejlep\u0161\u00ed cenu, jsme spolehliv\u00fdm zdrojem, kde si m\u016f\u017eete po\u0159\u00eddit vysoce \u010dist\u00fd ne\u0159e\u017een\u00fd heroin. Objednejte si hned!\" \/>\n<meta name=\"robots\" content=\"index, follow, max-snippet:-1, max-image-preview:large, max-video-preview:-1\" \/>\n<link rel=\"canonical\" href=\"https:\/\/narkoprasek.com\/de\/produkt\/ungeschnitten-heroin\/\" \/>\n<meta property=\"og:locale\" content=\"de_DE\" \/>\n<meta property=\"og:type\" content=\"article\" \/>\n<meta property=\"og:title\" content=\"Koupit nesest\u0159\u00edhan\u00fd heroin online - nesest\u0159\u00edhan\u00fd heroin na prodej\" \/>\n<meta property=\"og:description\" content=\"Pokud hled\u00e1te ne\u0159e\u017een\u00fd heroin online za nejlep\u0161\u00ed cenu, jsme spolehliv\u00fdm zdrojem, kde si m\u016f\u017eete po\u0159\u00eddit vysoce \u010dist\u00fd ne\u0159e\u017een\u00fd heroin. Objednejte si hned!\" \/>\n<meta property=\"og:url\" content=\"https:\/\/narkoprasek.com\/de\/produkt\/ungeschnitten-heroin\/\" \/>\n<meta property=\"og:site_name\" content=\"Narko Pr\u00e1\u0161ek\" \/>\n<meta property=\"article:modified_time\" content=\"2026-03-20T09:10:05+00:00\" \/>\n<meta property=\"og:image\" content=\"https:\/\/narkoprasek.com\/wp-content\/uploads\/2023\/12\/Uncut-Heroin-1.jpg\" \/>\n\t<meta property=\"og:image:width\" content=\"600\" \/>\n\t<meta property=\"og:image:height\" content=\"600\" \/>\n\t<meta property=\"og:image:type\" content=\"image\/jpeg\" \/>\n<meta name=\"twitter:card\" content=\"summary_large_image\" \/>\n<meta name=\"twitter:label1\" content=\"Gesch\u00e4tzte Lesezeit\" \/>\n\t<meta name=\"twitter:data1\" content=\"3\u00a0Minuten\" \/>\n<script type=\"application\/ld+json\" class=\"yoast-schema-graph\">{\"@context\":\"https:\/\/schema.org\",\"@graph\":[{\"@type\":\"WebPage\",\"@id\":\"https:\/\/narkoprasek.com\/produkt\/nestrihany-heroin\/\",\"url\":\"https:\/\/narkoprasek.com\/produkt\/nestrihany-heroin\/\",\"name\":\"Koupit nesest\u0159\u00edhan\u00fd heroin online - nesest\u0159\u00edhan\u00fd heroin na prodej\",\"isPartOf\":{\"@id\":\"https:\/\/narkoprasek.com\/#website\"},\"primaryImageOfPage\":{\"@id\":\"https:\/\/narkoprasek.com\/produkt\/nestrihany-heroin\/#primaryimage\"},\"image\":{\"@id\":\"https:\/\/narkoprasek.com\/produkt\/nestrihany-heroin\/#primaryimage\"},\"thumbnailUrl\":\"https:\/\/narkoprasek.com\/wp-content\/uploads\/2023\/12\/Uncut-Heroin-1.jpg\",\"datePublished\":\"2023-12-25T08:20:04+00:00\",\"dateModified\":\"2026-03-20T09:10:05+00:00\",\"description\":\"Pokud hled\u00e1te ne\u0159e\u017een\u00fd heroin online za nejlep\u0161\u00ed cenu, jsme spolehliv\u00fdm zdrojem, kde si m\u016f\u017eete po\u0159\u00eddit vysoce \u010dist\u00fd ne\u0159e\u017een\u00fd heroin. Objednejte si hned!\",\"breadcrumb\":{\"@id\":\"https:\/\/narkoprasek.com\/produkt\/nestrihany-heroin\/#breadcrumb\"},\"inLanguage\":\"de\",\"potentialAction\":[{\"@type\":\"ReadAction\",\"target\":[\"https:\/\/narkoprasek.com\/produkt\/nestrihany-heroin\/\"]}]},{\"@type\":\"ImageObject\",\"inLanguage\":\"de\",\"@id\":\"https:\/\/narkoprasek.com\/produkt\/nestrihany-heroin\/#primaryimage\",\"url\":\"https:\/\/narkoprasek.com\/wp-content\/uploads\/2023\/12\/Uncut-Heroin-1.jpg\",\"contentUrl\":\"https:\/\/narkoprasek.com\/wp-content\/uploads\/2023\/12\/Uncut-Heroin-1.jpg\",\"width\":600,\"height\":600,\"caption\":\"Uncut Heroin\"},{\"@type\":\"BreadcrumbList\",\"@id\":\"https:\/\/narkoprasek.com\/produkt\/nestrihany-heroin\/#breadcrumb\",\"itemListElement\":[{\"@type\":\"ListItem\",\"position\":1,\"name\":\"Home\",\"item\":\"https:\/\/narkoprasek.com\/\"},{\"@type\":\"ListItem\",\"position\":2,\"name\":\"Na\u0161e Produkty\",\"item\":\"https:\/\/narkoprasek.com\/shop\/\"},{\"@type\":\"ListItem\",\"position\":3,\"name\":\"Nest\u0159\u00edhan\u00fd heroin\"}]},{\"@type\":\"WebSite\",\"@id\":\"https:\/\/narkoprasek.com\/#website\",\"url\":\"https:\/\/narkoprasek.com\/\",\"name\":\"Narko Pr\u00e1\u0161ek\",\"description\":\"My WordPress Blog\",\"potentialAction\":[{\"@type\":\"SearchAction\",\"target\":{\"@type\":\"EntryPoint\",\"urlTemplate\":\"https:\/\/narkoprasek.com\/?s={search_term_string}\"},\"query-input\":\"required name=search_term_string\"}],\"inLanguage\":\"de\"}]}<\/script>\n<!-- \/ Yoast SEO plugin. -->","yoast_head_json":{"title":"Koupit nesest\u0159\u00edhan\u00fd heroin online - nesest\u0159\u00edhan\u00fd heroin na prodej","description":"Pokud hled\u00e1te ne\u0159e\u017een\u00fd heroin online za nejlep\u0161\u00ed cenu, jsme spolehliv\u00fdm zdrojem, kde si m\u016f\u017eete po\u0159\u00eddit vysoce \u010dist\u00fd ne\u0159e\u017een\u00fd heroin. Objednejte si hned!","robots":{"index":"index","follow":"follow","max-snippet":"max-snippet:-1","max-image-preview":"max-image-preview:large","max-video-preview":"max-video-preview:-1"},"canonical":"https:\/\/narkoprasek.com\/de\/produkt\/ungeschnitten-heroin\/","og_locale":"de_DE","og_type":"article","og_title":"Koupit nesest\u0159\u00edhan\u00fd heroin online - nesest\u0159\u00edhan\u00fd heroin na prodej","og_description":"Pokud hled\u00e1te ne\u0159e\u017een\u00fd heroin online za nejlep\u0161\u00ed cenu, jsme spolehliv\u00fdm zdrojem, kde si m\u016f\u017eete po\u0159\u00eddit vysoce \u010dist\u00fd ne\u0159e\u017een\u00fd heroin. Objednejte si hned!","og_url":"https:\/\/narkoprasek.com\/de\/produkt\/ungeschnitten-heroin\/","og_site_name":"Narko Pr\u00e1\u0161ek","article_modified_time":"2026-03-20T09:10:05+00:00","og_image":[{"width":600,"height":600,"url":"https:\/\/narkoprasek.com\/wp-content\/uploads\/2023\/12\/Uncut-Heroin-1.jpg","type":"image\/jpeg"}],"twitter_card":"summary_large_image","twitter_misc":{"Gesch\u00e4tzte Lesezeit":"3\u00a0Minuten"},"schema":{"@context":"https:\/\/schema.org","@graph":[{"@type":"WebPage","@id":"https:\/\/narkoprasek.com\/produkt\/nestrihany-heroin\/","url":"https:\/\/narkoprasek.com\/produkt\/nestrihany-heroin\/","name":"Koupit nesest\u0159\u00edhan\u00fd heroin online - nesest\u0159\u00edhan\u00fd heroin na prodej","isPartOf":{"@id":"https:\/\/narkoprasek.com\/#website"},"primaryImageOfPage":{"@id":"https:\/\/narkoprasek.com\/produkt\/nestrihany-heroin\/#primaryimage"},"image":{"@id":"https:\/\/narkoprasek.com\/produkt\/nestrihany-heroin\/#primaryimage"},"thumbnailUrl":"https:\/\/narkoprasek.com\/wp-content\/uploads\/2023\/12\/Uncut-Heroin-1.jpg","datePublished":"2023-12-25T08:20:04+00:00","dateModified":"2026-03-20T09:10:05+00:00","description":"Pokud hled\u00e1te ne\u0159e\u017een\u00fd heroin online za nejlep\u0161\u00ed cenu, jsme spolehliv\u00fdm zdrojem, kde si m\u016f\u017eete po\u0159\u00eddit vysoce \u010dist\u00fd ne\u0159e\u017een\u00fd heroin. Objednejte si hned!","breadcrumb":{"@id":"https:\/\/narkoprasek.com\/produkt\/nestrihany-heroin\/#breadcrumb"},"inLanguage":"de","potentialAction":[{"@type":"ReadAction","target":["https:\/\/narkoprasek.com\/produkt\/nestrihany-heroin\/"]}]},{"@type":"ImageObject","inLanguage":"de","@id":"https:\/\/narkoprasek.com\/produkt\/nestrihany-heroin\/#primaryimage","url":"https:\/\/narkoprasek.com\/wp-content\/uploads\/2023\/12\/Uncut-Heroin-1.jpg","contentUrl":"https:\/\/narkoprasek.com\/wp-content\/uploads\/2023\/12\/Uncut-Heroin-1.jpg","width":600,"height":600,"caption":"Uncut Heroin"},{"@type":"BreadcrumbList","@id":"https:\/\/narkoprasek.com\/produkt\/nestrihany-heroin\/#breadcrumb","itemListElement":[{"@type":"ListItem","position":1,"name":"Home","item":"https:\/\/narkoprasek.com\/"},{"@type":"ListItem","position":2,"name":"Na\u0161e Produkty","item":"https:\/\/narkoprasek.com\/shop\/"},{"@type":"ListItem","position":3,"name":"Nest\u0159\u00edhan\u00fd heroin"}]},{"@type":"WebSite","@id":"https:\/\/narkoprasek.com\/#website","url":"https:\/\/narkoprasek.com\/","name":"Narko Pr\u00e1\u0161ek","description":"My WordPress Blog","potentialAction":[{"@type":"SearchAction","target":{"@type":"EntryPoint","urlTemplate":"https:\/\/narkoprasek.com\/?s={search_term_string}"},"query-input":"required name=search_term_string"}],"inLanguage":"de"}]}},"_links":{"self":[{"href":"https:\/\/narkoprasek.com\/de\/wp-json\/wp\/v2\/product\/105","targetHints":{"allow":["GET"]}}],"collection":[{"href":"https:\/\/narkoprasek.com\/de\/wp-json\/wp\/v2\/product"}],"about":[{"href":"https:\/\/narkoprasek.com\/de\/wp-json\/wp\/v2\/types\/product"}],"replies":[{"embeddable":true,"href":"https:\/\/narkoprasek.com\/de\/wp-json\/wp\/v2\/comments?post=105"}],"wp:featuredmedia":[{"embeddable":true,"href":"https:\/\/narkoprasek.com\/de\/wp-json\/wp\/v2\/media\/267"}],"wp:attachment":[{"href":"https:\/\/narkoprasek.com\/de\/wp-json\/wp\/v2\/media?parent=105"}],"wp:term":[{"taxonomy":"product_cat","embeddable":true,"href":"https:\/\/narkoprasek.com\/de\/wp-json\/wp\/v2\/product_cat?post=105"},{"taxonomy":"product_tag","embeddable":true,"href":"https:\/\/narkoprasek.com\/de\/wp-json\/wp\/v2\/product_tag?post=105"}],"curies":[{"name":"wp","href":"https:\/\/api.w.org\/{rel}","templated":true}]}}