{"id":104,"date":"2023-12-25T08:20:00","date_gmt":"2023-12-25T08:20:00","guid":{"rendered":"https:\/\/unkrautmarkt.com\/narco2\/?post_type=product&#038;p=104"},"modified":"2026-03-12T09:21:40","modified_gmt":"2026-03-12T09:21:40","slug":"cina-bily-heroin","status":"publish","type":"product","link":"https:\/\/narkoprasek.com\/de\/produkt\/china-weises-heroin\/","title":{"rendered":"China wei\u00dfes Heroin"},"content":{"rendered":"<h2>Chinesisches wei\u00dfes Heroin online kaufen<\/h2>\n<h3>Sicher und gesch\u00fctzt chinesisches wei\u00dfes Heroin \u00fcber das Internet beziehen<\/h3>\n<p>Willkommen auf unserer Website, die eine zuverl\u00e4ssige und sichere Online-Bestellplattform f\u00fcr China White Heroin bietet. Wir verstehen, dass Sucht ein komplexes Thema ist. Wir bieten Ihnen eine diskrete und bequeme Alternative zum Online-Kauf von China White Heroin und vermeiden so die Gefahren, die mit dem Kauf aus dubiosen Quellen verbunden sind. Wir legen Wert darauf, unseren Kunden qualitativ hochwertige Produkte zu fairen Preisen anzubieten, denn ihre Sicherheit und ihr Wohlbefinden liegen uns am Herzen.<\/p>\n<h3>Wei\u00dfes Heroin aus China: Was ist das?<\/h3>\n<p>Eines der st\u00e4rksten Opiate auf dem Markt ist China White Heroin, eine extrem reine und raffinierte Heroinform. Es stammt \u00fcblicherweise aus S\u00fcdostasien und ist als Brocken oder Pulver erh\u00e4ltlich. Aufgrund seiner hohen St\u00e4rke kann China White Heroin, das im Handel erh\u00e4ltlich ist, t\u00f6dlich sein und f\u00fchrt leicht zu Abh\u00e4ngigkeit.<\/p>\n<h3>Vorteile von chinesischem wei\u00dfen Heroin<\/h3>\n<p>Jedin\u00fdm m\u00edstem, <a href=\"https:\/\/narkoprasek.com\/de\/produkt\/china-weises-heroin\/\">Wo man chinesisches wei\u00dfes Heroin online kaufen kann<\/a>Bei LegitPowders.com erhalten Sie hochreines Premium-Heroin. Im Gegensatz zu anderen Heroinarten, die mit anderen Substanzen gemischt werden k\u00f6nnen, um die Wirkung zu verst\u00e4rken und andere Drogen herzustellen, ist chinesisches wei\u00dfes Heroin rein und von gleichbleibender Qualit\u00e4t. Seine Wirkung wird nicht durch andere Substanzen im K\u00f6rper verst\u00e4rkt.<\/p>\n<p><a href=\"https:\/\/en.wikipedia.org\/wiki\/China_white\">Chinesisches wei\u00dfes Heroin<\/a> ist eine fantastische Wahl, wenn Sie einen starken Rausch ohne die Risiken und unangenehmen Nebenwirkungen anderer Opioide wie Morphin oder Fentanyl erleben m\u00f6chten. Besuchen Sie uns, wenn Sie chinesisches wei\u00dfes Heroin kaufen m\u00f6chten.<\/p>\n<h3>Seri\u00f6se und zuverl\u00e4ssige Bezugsquellen f\u00fcr Schwarzteerheroin<\/h3>\n<p>Es ist wichtig, braunes Heroinpulver nur von seri\u00f6sen und vertrauensw\u00fcrdigen Anbietern zu beziehen. Wir bieten in unserem Online-Shop seit Jahren erstklassige Produkte und exzellenten Kundenservice. Wir verwenden diskrete Verpackungen, um die sichere Zustellung Ihrer Produkte zu gew\u00e4hrleisten, denn wir nehmen die Privatsph\u00e4re und Sicherheit unserer Kunden sehr ernst. Wenn Sie in Gro\u00dfbritannien wei\u00dfes Heroin aus China online kaufen m\u00f6chten, sind Sie bei uns genau richtig. Unsere Website bietet allen, die dieses starke Opioid erwerben m\u00f6chten, eine sichere und benutzerfreundliche Plattform. Sie k\u00f6nnen sich darauf verlassen, dass Ihr Kauf in guten H\u00e4nden ist, denn wir legen gr\u00f6\u00dften Wert auf die Sicherheit jeder Transaktion.<\/p>\n<p>Kunden in Gro\u00dfbritannien k\u00f6nnen \u00fcber unsere Website g\u00fcnstiges chinesisches wei\u00dfes Heroin bestellen und sich liefern lassen. Wir liefern Ihr chinesisches wei\u00dfes Heroin diskret verpackt und schnell direkt zu Ihnen nach Hause. Wir bieten chinesisches wei\u00dfes Heroin zu einem fairen Preis an. Um sicherzustellen, dass Sie das beste Produkt f\u00fcr Ihr Geld erhalten, w\u00e4hlt unser Team Premiumprodukte aus. Unabh\u00e4ngig von Ihrem Konsumverhalten \u2013 vom Gelegenheitskonsumenten bis zum Dauerkonsumenten \u2013 bieten wir verschiedene Mengen an. <a href=\"https:\/\/narkoprasek.com\/de\/\">die Ihren Bed\u00fcrfnissen entsprechen<\/a>.<\/p>","protected":false},"excerpt":{"rendered":"<p>Koupit \u010d\u00ednsk\u00fd b\u00edl\u00fd heroin online Z\u00cdSKEJTE \u010c\u00cdNSK\u00dd B\u00cdL\u00dd HEROIN P\u0158ES INTERNET BEZPE\u010cN\u011a A BEZPE\u010cN\u011a Zdrav\u00edme v\u00e1s z na\u0161\u00ed webov\u00e9 str\u00e1nky, kter\u00e1 nab\u00edz\u00ed spolehlivou a bezpe\u010dnou online objedn\u00e1vkovou platformu pro \u010d\u00ednsk\u00fd b\u00edl\u00fd heroin. Jsme si v\u011bdomi, \u017ee z\u00e1vislost je komplikovan\u00fd probl\u00e9m. Poskytujeme skrytou a praktickou alternativu k n\u00e1kupu China White Heroin online a vyh\u00fdb\u00e1me se nebezpe\u010d\u00edm [&hellip;]<\/p>","protected":false},"featured_media":268,"comment_status":"open","ping_status":"closed","template":"","meta":{"_joinchat":[]},"product_cat":[17],"product_tag":[],"class_list":{"0":"post-104","1":"product","2":"type-product","3":"status-publish","4":"has-post-thumbnail","6":"product_cat-koupit-heroin-online","8":"first","9":"instock","10":"shipping-taxable","11":"purchasable","12":"product-type-variable"},"yoast_head":"<!-- This site is optimized with the Yoast SEO plugin v23.1 - https:\/\/yoast.com\/wordpress\/plugins\/seo\/ -->\n<title>Koupit China White Heroin Online - China White Heroin na prodej<\/title>\n<meta name=\"description\" content=\"Chcete koupit crack kokain online? Objevte v na\u0161em internetov\u00e9m obchod\u011b bezprobl\u00e9movou platformu, kde si m\u016f\u017eete koupit crack v pr\u00e1\u0161ku, kter\u00e1 v\u00e1m zajist\u00ed \u0161pi\u010dkovou kvalitu pro va\u0161e v\u00fdzkumn\u00e9 pot\u0159eby.\" \/>\n<meta name=\"robots\" content=\"index, follow, max-snippet:-1, max-image-preview:large, max-video-preview:-1\" \/>\n<link rel=\"canonical\" href=\"https:\/\/narkoprasek.com\/de\/produkt\/china-weises-heroin\/\" \/>\n<meta property=\"og:locale\" content=\"de_DE\" \/>\n<meta property=\"og:type\" content=\"article\" \/>\n<meta property=\"og:title\" content=\"Koupit China White Heroin Online - China White Heroin na prodej\" \/>\n<meta property=\"og:description\" content=\"Chcete koupit crack kokain online? Objevte v na\u0161em internetov\u00e9m obchod\u011b bezprobl\u00e9movou platformu, kde si m\u016f\u017eete koupit crack v pr\u00e1\u0161ku, kter\u00e1 v\u00e1m zajist\u00ed \u0161pi\u010dkovou kvalitu pro va\u0161e v\u00fdzkumn\u00e9 pot\u0159eby.\" \/>\n<meta property=\"og:url\" content=\"https:\/\/narkoprasek.com\/de\/produkt\/china-weises-heroin\/\" \/>\n<meta property=\"og:site_name\" content=\"Narko Pr\u00e1\u0161ek\" \/>\n<meta property=\"article:modified_time\" content=\"2026-03-12T09:21:40+00:00\" \/>\n<meta property=\"og:image\" content=\"https:\/\/narkoprasek.com\/wp-content\/uploads\/2023\/12\/China-White-Heroin.jpg\" \/>\n\t<meta property=\"og:image:width\" content=\"600\" \/>\n\t<meta property=\"og:image:height\" content=\"600\" \/>\n\t<meta property=\"og:image:type\" content=\"image\/jpeg\" \/>\n<meta name=\"twitter:card\" content=\"summary_large_image\" \/>\n<meta name=\"twitter:label1\" content=\"Gesch\u00e4tzte Lesezeit\" \/>\n\t<meta name=\"twitter:data1\" content=\"3\u00a0Minuten\" \/>\n<script type=\"application\/ld+json\" class=\"yoast-schema-graph\">{\"@context\":\"https:\/\/schema.org\",\"@graph\":[{\"@type\":\"WebPage\",\"@id\":\"https:\/\/narkoprasek.com\/produkt\/cina-bily-heroin\/\",\"url\":\"https:\/\/narkoprasek.com\/produkt\/cina-bily-heroin\/\",\"name\":\"Koupit China White Heroin Online - China White Heroin na prodej\",\"isPartOf\":{\"@id\":\"https:\/\/narkoprasek.com\/#website\"},\"primaryImageOfPage\":{\"@id\":\"https:\/\/narkoprasek.com\/produkt\/cina-bily-heroin\/#primaryimage\"},\"image\":{\"@id\":\"https:\/\/narkoprasek.com\/produkt\/cina-bily-heroin\/#primaryimage\"},\"thumbnailUrl\":\"https:\/\/narkoprasek.com\/wp-content\/uploads\/2023\/12\/China-White-Heroin.jpg\",\"datePublished\":\"2023-12-25T08:20:00+00:00\",\"dateModified\":\"2026-03-12T09:21:40+00:00\",\"description\":\"Chcete koupit crack kokain online? Objevte v na\u0161em internetov\u00e9m obchod\u011b bezprobl\u00e9movou platformu, kde si m\u016f\u017eete koupit crack v pr\u00e1\u0161ku, kter\u00e1 v\u00e1m zajist\u00ed \u0161pi\u010dkovou kvalitu pro va\u0161e v\u00fdzkumn\u00e9 pot\u0159eby.\",\"breadcrumb\":{\"@id\":\"https:\/\/narkoprasek.com\/produkt\/cina-bily-heroin\/#breadcrumb\"},\"inLanguage\":\"de\",\"potentialAction\":[{\"@type\":\"ReadAction\",\"target\":[\"https:\/\/narkoprasek.com\/produkt\/cina-bily-heroin\/\"]}]},{\"@type\":\"ImageObject\",\"inLanguage\":\"de\",\"@id\":\"https:\/\/narkoprasek.com\/produkt\/cina-bily-heroin\/#primaryimage\",\"url\":\"https:\/\/narkoprasek.com\/wp-content\/uploads\/2023\/12\/China-White-Heroin.jpg\",\"contentUrl\":\"https:\/\/narkoprasek.com\/wp-content\/uploads\/2023\/12\/China-White-Heroin.jpg\",\"width\":600,\"height\":600,\"caption\":\"China White Heroin\"},{\"@type\":\"BreadcrumbList\",\"@id\":\"https:\/\/narkoprasek.com\/produkt\/cina-bily-heroin\/#breadcrumb\",\"itemListElement\":[{\"@type\":\"ListItem\",\"position\":1,\"name\":\"Home\",\"item\":\"https:\/\/narkoprasek.com\/\"},{\"@type\":\"ListItem\",\"position\":2,\"name\":\"Na\u0161e Produkty\",\"item\":\"https:\/\/narkoprasek.com\/shop\/\"},{\"@type\":\"ListItem\",\"position\":3,\"name\":\"\u010c\u00edna b\u00edl\u00fd heroin\"}]},{\"@type\":\"WebSite\",\"@id\":\"https:\/\/narkoprasek.com\/#website\",\"url\":\"https:\/\/narkoprasek.com\/\",\"name\":\"Narko Pr\u00e1\u0161ek\",\"description\":\"My WordPress Blog\",\"potentialAction\":[{\"@type\":\"SearchAction\",\"target\":{\"@type\":\"EntryPoint\",\"urlTemplate\":\"https:\/\/narkoprasek.com\/?s={search_term_string}\"},\"query-input\":\"required name=search_term_string\"}],\"inLanguage\":\"de\"}]}<\/script>\n<!-- \/ Yoast SEO plugin. -->","yoast_head_json":{"title":"Koupit China White Heroin Online - China White Heroin na prodej","description":"Chcete koupit crack kokain online? Objevte v na\u0161em internetov\u00e9m obchod\u011b bezprobl\u00e9movou platformu, kde si m\u016f\u017eete koupit crack v pr\u00e1\u0161ku, kter\u00e1 v\u00e1m zajist\u00ed \u0161pi\u010dkovou kvalitu pro va\u0161e v\u00fdzkumn\u00e9 pot\u0159eby.","robots":{"index":"index","follow":"follow","max-snippet":"max-snippet:-1","max-image-preview":"max-image-preview:large","max-video-preview":"max-video-preview:-1"},"canonical":"https:\/\/narkoprasek.com\/de\/produkt\/china-weises-heroin\/","og_locale":"de_DE","og_type":"article","og_title":"Koupit China White Heroin Online - China White Heroin na prodej","og_description":"Chcete koupit crack kokain online? Objevte v na\u0161em internetov\u00e9m obchod\u011b bezprobl\u00e9movou platformu, kde si m\u016f\u017eete koupit crack v pr\u00e1\u0161ku, kter\u00e1 v\u00e1m zajist\u00ed \u0161pi\u010dkovou kvalitu pro va\u0161e v\u00fdzkumn\u00e9 pot\u0159eby.","og_url":"https:\/\/narkoprasek.com\/de\/produkt\/china-weises-heroin\/","og_site_name":"Narko Pr\u00e1\u0161ek","article_modified_time":"2026-03-12T09:21:40+00:00","og_image":[{"width":600,"height":600,"url":"https:\/\/narkoprasek.com\/wp-content\/uploads\/2023\/12\/China-White-Heroin.jpg","type":"image\/jpeg"}],"twitter_card":"summary_large_image","twitter_misc":{"Gesch\u00e4tzte Lesezeit":"3\u00a0Minuten"},"schema":{"@context":"https:\/\/schema.org","@graph":[{"@type":"WebPage","@id":"https:\/\/narkoprasek.com\/produkt\/cina-bily-heroin\/","url":"https:\/\/narkoprasek.com\/produkt\/cina-bily-heroin\/","name":"Koupit China White Heroin Online - China White Heroin na prodej","isPartOf":{"@id":"https:\/\/narkoprasek.com\/#website"},"primaryImageOfPage":{"@id":"https:\/\/narkoprasek.com\/produkt\/cina-bily-heroin\/#primaryimage"},"image":{"@id":"https:\/\/narkoprasek.com\/produkt\/cina-bily-heroin\/#primaryimage"},"thumbnailUrl":"https:\/\/narkoprasek.com\/wp-content\/uploads\/2023\/12\/China-White-Heroin.jpg","datePublished":"2023-12-25T08:20:00+00:00","dateModified":"2026-03-12T09:21:40+00:00","description":"Chcete koupit crack kokain online? Objevte v na\u0161em internetov\u00e9m obchod\u011b bezprobl\u00e9movou platformu, kde si m\u016f\u017eete koupit crack v pr\u00e1\u0161ku, kter\u00e1 v\u00e1m zajist\u00ed \u0161pi\u010dkovou kvalitu pro va\u0161e v\u00fdzkumn\u00e9 pot\u0159eby.","breadcrumb":{"@id":"https:\/\/narkoprasek.com\/produkt\/cina-bily-heroin\/#breadcrumb"},"inLanguage":"de","potentialAction":[{"@type":"ReadAction","target":["https:\/\/narkoprasek.com\/produkt\/cina-bily-heroin\/"]}]},{"@type":"ImageObject","inLanguage":"de","@id":"https:\/\/narkoprasek.com\/produkt\/cina-bily-heroin\/#primaryimage","url":"https:\/\/narkoprasek.com\/wp-content\/uploads\/2023\/12\/China-White-Heroin.jpg","contentUrl":"https:\/\/narkoprasek.com\/wp-content\/uploads\/2023\/12\/China-White-Heroin.jpg","width":600,"height":600,"caption":"China White Heroin"},{"@type":"BreadcrumbList","@id":"https:\/\/narkoprasek.com\/produkt\/cina-bily-heroin\/#breadcrumb","itemListElement":[{"@type":"ListItem","position":1,"name":"Home","item":"https:\/\/narkoprasek.com\/"},{"@type":"ListItem","position":2,"name":"Na\u0161e Produkty","item":"https:\/\/narkoprasek.com\/shop\/"},{"@type":"ListItem","position":3,"name":"\u010c\u00edna b\u00edl\u00fd heroin"}]},{"@type":"WebSite","@id":"https:\/\/narkoprasek.com\/#website","url":"https:\/\/narkoprasek.com\/","name":"Narko Pr\u00e1\u0161ek","description":"My WordPress Blog","potentialAction":[{"@type":"SearchAction","target":{"@type":"EntryPoint","urlTemplate":"https:\/\/narkoprasek.com\/?s={search_term_string}"},"query-input":"required name=search_term_string"}],"inLanguage":"de"}]}},"_links":{"self":[{"href":"https:\/\/narkoprasek.com\/de\/wp-json\/wp\/v2\/product\/104","targetHints":{"allow":["GET"]}}],"collection":[{"href":"https:\/\/narkoprasek.com\/de\/wp-json\/wp\/v2\/product"}],"about":[{"href":"https:\/\/narkoprasek.com\/de\/wp-json\/wp\/v2\/types\/product"}],"replies":[{"embeddable":true,"href":"https:\/\/narkoprasek.com\/de\/wp-json\/wp\/v2\/comments?post=104"}],"wp:featuredmedia":[{"embeddable":true,"href":"https:\/\/narkoprasek.com\/de\/wp-json\/wp\/v2\/media\/268"}],"wp:attachment":[{"href":"https:\/\/narkoprasek.com\/de\/wp-json\/wp\/v2\/media?parent=104"}],"wp:term":[{"taxonomy":"product_cat","embeddable":true,"href":"https:\/\/narkoprasek.com\/de\/wp-json\/wp\/v2\/product_cat?post=104"},{"taxonomy":"product_tag","embeddable":true,"href":"https:\/\/narkoprasek.com\/de\/wp-json\/wp\/v2\/product_tag?post=104"}],"curies":[{"name":"wp","href":"https:\/\/api.w.org\/{rel}","templated":true}]}}