{"id":103,"date":"2023-12-25T08:20:00","date_gmt":"2023-12-25T08:20:00","guid":{"rendered":"https:\/\/unkrautmarkt.com\/narco2\/?post_type=product&#038;p=103"},"modified":"2026-03-12T09:23:08","modified_gmt":"2026-03-12T09:23:08","slug":"afghansky-heroin","status":"publish","type":"product","link":"https:\/\/narkoprasek.com\/de\/produkt\/afghanisches-heroin\/","title":{"rendered":"Afghanisches Heroin"},"content":{"rendered":"<h2>Afghanisches Heroin online kaufen<\/h2>\n<h3>AFGHANISCHES HEROIN ONLINE KAUFEN: DIE ULTIMATIVE RECHERCHEM\u00d6GLICHKEIT F\u00dcR ECHTES AFGHANISCHES HEROIN<\/h3>\n<p><a href=\"https:\/\/en.wikipedia.org\/wiki\/Heroin\">Gr\u00fc\u00dfe vom Online-Kauf von afghanischem Heroin<\/a>Der beste Ort, um echtes afghanisches Heroin zu bekommen. Unsere Spezialit\u00e4t ist es, unseren Kunden das beste und g\u00fcnstigste afghanische Heroin anzubieten.<\/p>\n<p>direkt aus Afghanistan bezogen. Mit jahrelanger Erfahrung in der Branche haben wir uns einen Namen als einer der zuverl\u00e4ssigsten und ehrlichsten afghanischen Heroinlieferanten gemacht.<\/p>\n<h3>Vorteile von afghanischem Heroin<\/h3>\n<p>Online-Shopping f\u00fcr afghanisches Heroin ist die beste Option, wenn Sie einen starken und angenehmen Rausch erleben wollen. Die gro\u00dfartige Wirkung macht dieses afghanische Heroin zum Verkauf sehr beliebt. Aufgrund der weiten Verbreitung von Opioidabh\u00e4ngigkeit und chronischen Schmerzen in der heutigen Gesellschaft wird afghanisches Heroin oft zur Behandlung dieser Krankheiten empfohlen. <a href=\"https:\/\/narkoprasek.com\/de\/\">Narkoprasek<\/a><\/p>\n<h3>Wie wird das afghanische Heroin hergestellt?<\/h3>\n<p>Nur auf unserer Website k\u00f6nnen Sie afghanisches Heroin online in Gro\u00dfbritannien kaufen. Afghanisches Heroin wird aus Opium gewonnen. Morphin und Codein werden auf nat\u00fcrliche Weise von der Mohnpflanze produziert. Afghanisches Heroin wird hergestellt, indem Opium gekocht wird, bis es zu einem klebrigen schwarzen Teer wird, und dann durch ein d\u00fcnnes Tuch gefiltert wird, um Verunreinigungen zu entfernen. Dieser schwarze Teer wird getrocknet und zu einem Pulver gemahlen, bevor er zur Herstellung von Ziegeln oder Pillen verwendet wird.<\/p>\n<p><a href=\"https:\/\/narkoprasek.com\/de\/produkt\/afghanisches-heroin\/\">Afghanisches Heroin kaufen<\/a>Es gibt verschiedene Formen und Wirkungen von afghanischem Heroin. Die am weitesten verbreitete Variante ist das sogenannte \u201eRohopium\u201c oder wei\u00dfe Heroin, das in der Regel von geringerer Qualit\u00e4t ist. Braunes Heroin, das aus teilweise getrocknetem schwarzem Teer hergestellt wird, ist aufgrund seiner h\u00f6heren Wirkungsst\u00e4rke verbreiteter. Dunkelbraunes Heroin hat zwar die st\u00e4rkste Wirkung, birgt aber auch das gr\u00f6\u00dfte Missbrauchspotenzial, da es aus vollst\u00e4ndig getrocknetem schwarzem Teer besteht.<\/p>\n<h3>Wie wird das afghanische Heroin hergestellt?<\/h3>\n<p>Nur auf unserer Website k\u00f6nnen Sie afghanisches Heroin online in Gro\u00dfbritannien kaufen. Afghanisches Heroin wird aus Opium gewonnen. Morphin und Codein werden auf nat\u00fcrliche Weise von der Mohnpflanze produziert. Afghanisches Heroin wird hergestellt, indem Opium gekocht wird, bis es zu einem klebrigen schwarzen Teer wird, und dann durch ein d\u00fcnnes Tuch gefiltert wird, um Verunreinigungen zu entfernen. Dieser schwarze Teer wird getrocknet und zu einem Pulver gemahlen, bevor er zur Herstellung von Ziegeln oder Pillen verwendet wird.<\/p>\n<p>Kaufen Sie afghanisches Heroin, das verschiedene Formen und Funktionen hat. Die am weitesten verbreitete Form des afghanischen Heroins wird als \"Rohopium\" oder wei\u00dfes Heroin bezeichnet und ist in der Regel von geringerer Qualit\u00e4t. Braunes Heroin, das aus teilweise getrocknetem schwarzen Teer hergestellt wird, ist aufgrund seiner Potenz weiter verbreitet. Dunkelbraunes Heroin hat zwar die h\u00f6chste Potenz, birgt aber auch das gr\u00f6\u00dfte Missbrauchspotenzial, da es aus vollst\u00e4ndig getrocknetem schwarzem Teer hergestellt wird.<\/p>\n<h3>wegen seiner Probleme mit der Verwaltung des dosaWarum sollte man afghanisches Heroin online kaufen?<\/h3>\n<p>Wir sind uns bewusst, dass die Suche nach einem vertrauensw\u00fcrdigen Anbieter von billigem afghanischem Heroin schwierig und einsch\u00fcchternd sein kann. Es kann eine Herausforderung sein, zu wissen, wem man vertrauen kann, wenn es so viele gef\u00e4lschte Waren und dubiose Verk\u00e4ufer gibt. Wir von Buy Afghan Heroin Online m\u00f6chten, dass unsere Kunden ein einfaches und sicheres Kauferlebnis haben, deshalb bieten wir die folgenden Vorteile:<\/p>\n<h3>Echtes afghanisches Heroin zu einem erschwinglichen Preis zu verkaufen<\/h3>\n<p>Um Ihnen das beste verf\u00fcgbare Heroin anbieten zu k\u00f6nnen, arbeiten wir direkt mit zuverl\u00e4ssigen Quellen in Afghanistan zusammen. Wir versichern Ihnen, dass unsere Waren rein und stark sind und 100% legitim sind. Unsere Produkte sind preislich konkurrenzf\u00e4hig und wir sind der Meinung, dass jeder Zugang zu erstklassigem Heroin zu einem erschwinglichen Preis haben sollte.<\/p>","protected":false},"excerpt":{"rendered":"<p>Kupte si afgh\u00e1nsk\u00fd heroin online Z\u00cdSKEJTE AFGH\u00c1NSK\u00dd HEROIN ONLINE: KONE\u010cN\u00dd V\u00ddZKUM MO\u017dN\u00dd PRO SKUTE\u010cN\u00dd AFGH\u00c1NSK\u00dd HEROIN Pozdravy z Buy Afghan Heroin Online, nejlep\u0161\u00ed m\u00edsto, kde z\u00edskat skute\u010dn\u00fd afgh\u00e1nsk\u00fd heroin. Na\u0161\u00ed specialitou je nab\u00edzet na\u0161im klient\u016fm ten nejlep\u0161\u00ed levn\u00fd afgh\u00e1nsk\u00fd heroin. z\u00edskan\u00e9 p\u0159\u00edmo z Afgh\u00e1nist\u00e1nu. D\u00edky dlouholet\u00fdm zku\u0161enostem v oboru jsme si ud\u011blali jm\u00e9no jako jeden [&hellip;]<\/p>","protected":false},"featured_media":269,"comment_status":"open","ping_status":"closed","template":"","meta":{"_joinchat":[]},"product_cat":[17],"product_tag":[],"class_list":{"0":"post-103","1":"product","2":"type-product","3":"status-publish","4":"has-post-thumbnail","6":"product_cat-koupit-heroin-online","8":"first","9":"instock","10":"featured","11":"shipping-taxable","12":"purchasable","13":"product-type-variable"},"yoast_head":"<!-- This site is optimized with the Yoast SEO plugin v23.1 - https:\/\/yoast.com\/wordpress\/plugins\/seo\/ -->\n<title>Koupit Afgh\u00e1nsk\u00fd heroin online \u2013 Afgh\u00e1nsk\u00fd heroin na prodej<\/title>\n<meta name=\"description\" content=\"Chcete prohloubit sv\u016fj v\u00fdzkum? Kupte si Afgh\u00e1nsk\u00fd heroin pohodln\u011b a bezpe\u010dn\u011b online s jednoduch\u00fdm objedn\u00e1vkov\u00fdm procesem. Prozkoumejte mo\u017enosti a kupte si Afgh\u00e1nsk\u00fd heroin online pro sv\u00e9 v\u00fdzkumn\u00e9 \u00fasil\u00ed je\u0161t\u011b dnes.\" \/>\n<meta name=\"robots\" content=\"index, follow, max-snippet:-1, max-image-preview:large, max-video-preview:-1\" \/>\n<link rel=\"canonical\" href=\"https:\/\/narkoprasek.com\/de\/produkt\/afghanisches-heroin\/\" \/>\n<meta property=\"og:locale\" content=\"de_DE\" \/>\n<meta property=\"og:type\" content=\"article\" \/>\n<meta property=\"og:title\" content=\"Koupit Afgh\u00e1nsk\u00fd heroin online \u2013 Afgh\u00e1nsk\u00fd heroin na prodej\" \/>\n<meta property=\"og:description\" content=\"Chcete prohloubit sv\u016fj v\u00fdzkum? Kupte si Afgh\u00e1nsk\u00fd heroin pohodln\u011b a bezpe\u010dn\u011b online s jednoduch\u00fdm objedn\u00e1vkov\u00fdm procesem. Prozkoumejte mo\u017enosti a kupte si Afgh\u00e1nsk\u00fd heroin online pro sv\u00e9 v\u00fdzkumn\u00e9 \u00fasil\u00ed je\u0161t\u011b dnes.\" \/>\n<meta property=\"og:url\" content=\"https:\/\/narkoprasek.com\/de\/produkt\/afghanisches-heroin\/\" \/>\n<meta property=\"og:site_name\" content=\"Narko Pr\u00e1\u0161ek\" \/>\n<meta property=\"article:modified_time\" content=\"2026-03-12T09:23:08+00:00\" \/>\n<meta property=\"og:image\" content=\"https:\/\/narkoprasek.com\/wp-content\/uploads\/2023\/12\/Afghan-Heroin-white.jpg\" \/>\n\t<meta property=\"og:image:width\" content=\"600\" \/>\n\t<meta property=\"og:image:height\" content=\"600\" \/>\n\t<meta property=\"og:image:type\" content=\"image\/jpeg\" \/>\n<meta name=\"twitter:card\" content=\"summary_large_image\" \/>\n<meta name=\"twitter:label1\" content=\"Gesch\u00e4tzte Lesezeit\" \/>\n\t<meta name=\"twitter:data1\" content=\"3\u00a0Minuten\" \/>\n<script type=\"application\/ld+json\" class=\"yoast-schema-graph\">{\"@context\":\"https:\/\/schema.org\",\"@graph\":[{\"@type\":\"WebPage\",\"@id\":\"https:\/\/narkoprasek.com\/produkt\/afghansky-heroin\/\",\"url\":\"https:\/\/narkoprasek.com\/produkt\/afghansky-heroin\/\",\"name\":\"Koupit Afgh\u00e1nsk\u00fd heroin online \u2013 Afgh\u00e1nsk\u00fd heroin na prodej\",\"isPartOf\":{\"@id\":\"https:\/\/narkoprasek.com\/#website\"},\"primaryImageOfPage\":{\"@id\":\"https:\/\/narkoprasek.com\/produkt\/afghansky-heroin\/#primaryimage\"},\"image\":{\"@id\":\"https:\/\/narkoprasek.com\/produkt\/afghansky-heroin\/#primaryimage\"},\"thumbnailUrl\":\"https:\/\/narkoprasek.com\/wp-content\/uploads\/2023\/12\/Afghan-Heroin-white.jpg\",\"datePublished\":\"2023-12-25T08:20:00+00:00\",\"dateModified\":\"2026-03-12T09:23:08+00:00\",\"description\":\"Chcete prohloubit sv\u016fj v\u00fdzkum? Kupte si Afgh\u00e1nsk\u00fd heroin pohodln\u011b a bezpe\u010dn\u011b online s jednoduch\u00fdm objedn\u00e1vkov\u00fdm procesem. Prozkoumejte mo\u017enosti a kupte si Afgh\u00e1nsk\u00fd heroin online pro sv\u00e9 v\u00fdzkumn\u00e9 \u00fasil\u00ed je\u0161t\u011b dnes.\",\"breadcrumb\":{\"@id\":\"https:\/\/narkoprasek.com\/produkt\/afghansky-heroin\/#breadcrumb\"},\"inLanguage\":\"de\",\"potentialAction\":[{\"@type\":\"ReadAction\",\"target\":[\"https:\/\/narkoprasek.com\/produkt\/afghansky-heroin\/\"]}]},{\"@type\":\"ImageObject\",\"inLanguage\":\"de\",\"@id\":\"https:\/\/narkoprasek.com\/produkt\/afghansky-heroin\/#primaryimage\",\"url\":\"https:\/\/narkoprasek.com\/wp-content\/uploads\/2023\/12\/Afghan-Heroin-white.jpg\",\"contentUrl\":\"https:\/\/narkoprasek.com\/wp-content\/uploads\/2023\/12\/Afghan-Heroin-white.jpg\",\"width\":600,\"height\":600,\"caption\":\"Afghan Heroin\"},{\"@type\":\"BreadcrumbList\",\"@id\":\"https:\/\/narkoprasek.com\/produkt\/afghansky-heroin\/#breadcrumb\",\"itemListElement\":[{\"@type\":\"ListItem\",\"position\":1,\"name\":\"Home\",\"item\":\"https:\/\/narkoprasek.com\/\"},{\"@type\":\"ListItem\",\"position\":2,\"name\":\"Na\u0161e Produkty\",\"item\":\"https:\/\/narkoprasek.com\/shop\/\"},{\"@type\":\"ListItem\",\"position\":3,\"name\":\"Afgh\u00e1nsk\u00fd heroin\"}]},{\"@type\":\"WebSite\",\"@id\":\"https:\/\/narkoprasek.com\/#website\",\"url\":\"https:\/\/narkoprasek.com\/\",\"name\":\"Narko Pr\u00e1\u0161ek\",\"description\":\"My WordPress Blog\",\"potentialAction\":[{\"@type\":\"SearchAction\",\"target\":{\"@type\":\"EntryPoint\",\"urlTemplate\":\"https:\/\/narkoprasek.com\/?s={search_term_string}\"},\"query-input\":\"required name=search_term_string\"}],\"inLanguage\":\"de\"}]}<\/script>\n<!-- \/ Yoast SEO plugin. -->","yoast_head_json":{"title":"Koupit Afgh\u00e1nsk\u00fd heroin online \u2013 Afgh\u00e1nsk\u00fd heroin na prodej","description":"Chcete prohloubit sv\u016fj v\u00fdzkum? Kupte si Afgh\u00e1nsk\u00fd heroin pohodln\u011b a bezpe\u010dn\u011b online s jednoduch\u00fdm objedn\u00e1vkov\u00fdm procesem. Prozkoumejte mo\u017enosti a kupte si Afgh\u00e1nsk\u00fd heroin online pro sv\u00e9 v\u00fdzkumn\u00e9 \u00fasil\u00ed je\u0161t\u011b dnes.","robots":{"index":"index","follow":"follow","max-snippet":"max-snippet:-1","max-image-preview":"max-image-preview:large","max-video-preview":"max-video-preview:-1"},"canonical":"https:\/\/narkoprasek.com\/de\/produkt\/afghanisches-heroin\/","og_locale":"de_DE","og_type":"article","og_title":"Koupit Afgh\u00e1nsk\u00fd heroin online \u2013 Afgh\u00e1nsk\u00fd heroin na prodej","og_description":"Chcete prohloubit sv\u016fj v\u00fdzkum? Kupte si Afgh\u00e1nsk\u00fd heroin pohodln\u011b a bezpe\u010dn\u011b online s jednoduch\u00fdm objedn\u00e1vkov\u00fdm procesem. Prozkoumejte mo\u017enosti a kupte si Afgh\u00e1nsk\u00fd heroin online pro sv\u00e9 v\u00fdzkumn\u00e9 \u00fasil\u00ed je\u0161t\u011b dnes.","og_url":"https:\/\/narkoprasek.com\/de\/produkt\/afghanisches-heroin\/","og_site_name":"Narko Pr\u00e1\u0161ek","article_modified_time":"2026-03-12T09:23:08+00:00","og_image":[{"width":600,"height":600,"url":"https:\/\/narkoprasek.com\/wp-content\/uploads\/2023\/12\/Afghan-Heroin-white.jpg","type":"image\/jpeg"}],"twitter_card":"summary_large_image","twitter_misc":{"Gesch\u00e4tzte Lesezeit":"3\u00a0Minuten"},"schema":{"@context":"https:\/\/schema.org","@graph":[{"@type":"WebPage","@id":"https:\/\/narkoprasek.com\/produkt\/afghansky-heroin\/","url":"https:\/\/narkoprasek.com\/produkt\/afghansky-heroin\/","name":"Koupit Afgh\u00e1nsk\u00fd heroin online \u2013 Afgh\u00e1nsk\u00fd heroin na prodej","isPartOf":{"@id":"https:\/\/narkoprasek.com\/#website"},"primaryImageOfPage":{"@id":"https:\/\/narkoprasek.com\/produkt\/afghansky-heroin\/#primaryimage"},"image":{"@id":"https:\/\/narkoprasek.com\/produkt\/afghansky-heroin\/#primaryimage"},"thumbnailUrl":"https:\/\/narkoprasek.com\/wp-content\/uploads\/2023\/12\/Afghan-Heroin-white.jpg","datePublished":"2023-12-25T08:20:00+00:00","dateModified":"2026-03-12T09:23:08+00:00","description":"Chcete prohloubit sv\u016fj v\u00fdzkum? Kupte si Afgh\u00e1nsk\u00fd heroin pohodln\u011b a bezpe\u010dn\u011b online s jednoduch\u00fdm objedn\u00e1vkov\u00fdm procesem. Prozkoumejte mo\u017enosti a kupte si Afgh\u00e1nsk\u00fd heroin online pro sv\u00e9 v\u00fdzkumn\u00e9 \u00fasil\u00ed je\u0161t\u011b dnes.","breadcrumb":{"@id":"https:\/\/narkoprasek.com\/produkt\/afghansky-heroin\/#breadcrumb"},"inLanguage":"de","potentialAction":[{"@type":"ReadAction","target":["https:\/\/narkoprasek.com\/produkt\/afghansky-heroin\/"]}]},{"@type":"ImageObject","inLanguage":"de","@id":"https:\/\/narkoprasek.com\/produkt\/afghansky-heroin\/#primaryimage","url":"https:\/\/narkoprasek.com\/wp-content\/uploads\/2023\/12\/Afghan-Heroin-white.jpg","contentUrl":"https:\/\/narkoprasek.com\/wp-content\/uploads\/2023\/12\/Afghan-Heroin-white.jpg","width":600,"height":600,"caption":"Afghan Heroin"},{"@type":"BreadcrumbList","@id":"https:\/\/narkoprasek.com\/produkt\/afghansky-heroin\/#breadcrumb","itemListElement":[{"@type":"ListItem","position":1,"name":"Home","item":"https:\/\/narkoprasek.com\/"},{"@type":"ListItem","position":2,"name":"Na\u0161e Produkty","item":"https:\/\/narkoprasek.com\/shop\/"},{"@type":"ListItem","position":3,"name":"Afgh\u00e1nsk\u00fd heroin"}]},{"@type":"WebSite","@id":"https:\/\/narkoprasek.com\/#website","url":"https:\/\/narkoprasek.com\/","name":"Narko Pr\u00e1\u0161ek","description":"My WordPress Blog","potentialAction":[{"@type":"SearchAction","target":{"@type":"EntryPoint","urlTemplate":"https:\/\/narkoprasek.com\/?s={search_term_string}"},"query-input":"required name=search_term_string"}],"inLanguage":"de"}]}},"_links":{"self":[{"href":"https:\/\/narkoprasek.com\/de\/wp-json\/wp\/v2\/product\/103","targetHints":{"allow":["GET"]}}],"collection":[{"href":"https:\/\/narkoprasek.com\/de\/wp-json\/wp\/v2\/product"}],"about":[{"href":"https:\/\/narkoprasek.com\/de\/wp-json\/wp\/v2\/types\/product"}],"replies":[{"embeddable":true,"href":"https:\/\/narkoprasek.com\/de\/wp-json\/wp\/v2\/comments?post=103"}],"wp:featuredmedia":[{"embeddable":true,"href":"https:\/\/narkoprasek.com\/de\/wp-json\/wp\/v2\/media\/269"}],"wp:attachment":[{"href":"https:\/\/narkoprasek.com\/de\/wp-json\/wp\/v2\/media?parent=103"}],"wp:term":[{"taxonomy":"product_cat","embeddable":true,"href":"https:\/\/narkoprasek.com\/de\/wp-json\/wp\/v2\/product_cat?post=103"},{"taxonomy":"product_tag","embeddable":true,"href":"https:\/\/narkoprasek.com\/de\/wp-json\/wp\/v2\/product_tag?post=103"}],"curies":[{"name":"wp","href":"https:\/\/api.w.org\/{rel}","templated":true}]}}