{"id":848,"date":"2018-02-28T07:46:00","date_gmt":"2018-02-28T07:46:00","guid":{"rendered":"http:\/\/sw-themes.com\/porto_dummy\/?page_id=848"},"modified":"2024-01-01T12:23:08","modified_gmt":"2024-01-01T12:23:08","slug":"o-nas","status":"publish","type":"page","link":"https:\/\/narkoprasek.com\/de\/o-nas\/","title":{"rendered":"\u00dcber uns"},"content":{"rendered":"<div class=\"wpb-content-wrapper\"><div class=\"vc_row wpb_row top-row vc_custom_1657324574017 porto-inner-container\"><div class=\"porto-wrap-container container\"><div class=\"row\"><div class=\"vc_column_container col-md-12\"><div class=\"wpb_wrapper vc_column-inner\"><div class=\"porto-u-heading  wpb_custom_785f1b59862835eed400b91fbcfd8561 porto-u-6940\"><div class=\"porto-u-main-heading\"><h2   style=\"color:#21293c;margin-bottom: 10px;\">NA\u0160E MISE<\/h2><\/div><style>.porto-u-6940.porto-u-heading{text-align:left}<\/style><\/div>\n\t<div class=\"wpb_text_column wpb_content_element\" >\n\t\t<div class=\"wpb_wrapper\">\n\t\t\t<h3 style=\"color: #21293c; font-size: 18px; line-height: 27px; font-weight: 400;\">&#8222;Na\u0161\u00edm posl\u00e1n\u00edm v NarkoPr\u00e1\u0161ek je poskytovat profesion\u00e1ln\u00ed, n\u00e1kladov\u011b efektivn\u00ed slu\u017ebu kokainu nebo koksu, heroinu, ketaminu a pervitinu, kter\u00e1 je na\u0161im z\u00e1kazn\u00edk\u016fm dod\u00e1v\u00e1na rychle a efektivn\u011b, ani\u017e by museli nav\u0161t\u00edvit na\u0161e za\u0159\u00edzen\u00ed.&#8220;<\/h3>\n\n\t\t<\/div>\n\t<\/div>\n\n\t<div class=\"wpb_text_column wpb_content_element\" >\n\t\t<div class=\"wpb_wrapper\">\n\t\t\t<p style=\"text-align: justify;\">Pou\u017e\u00edv\u00e1me pouze nejrenomovan\u011bj\u0161\u00ed v\u00fdrobce a nejkvalitn\u011bj\u0161\u00ed kokain, heroin, pervitin a ketamin. Na\u0161i dodavatel\u00e9 ru\u010dn\u011b vyb\u00edraj\u00ed produkty, kter\u00e9 nab\u00edz\u00edme. V\u0161echny n\u00e1mi nab\u00edzen\u00e9 produkty byly testov\u00e1ny na kvalitu a maj\u00ed certifik\u00e1ty kontroly kvality. Neust\u00e1le sledujeme ohlasy z\u00e1kazn\u00edk\u016f a db\u00e1me na rady na\u0161ich odborn\u00fdch poradc\u016f. Vyb\u00edr\u00e1me ty nejlep\u0161\u00ed produkty od nejuzn\u00e1van\u011bj\u0161\u00edch a nejzn\u00e1m\u011bj\u0161\u00edch v\u00fdrobc\u016f prac\u00edch prost\u0159edk\u016f po cel\u00e9m sv\u011bt\u011b.<\/p>\n<p style=\"text-align: justify;\">Spokojenost z\u00e1kazn\u00edka je na\u0161\u00ed nejvy\u0161\u0161\u00ed prioritou; v\u0161echny na\u0161e produkty jsou za rozumn\u00e9 ceny, tak\u017ee nemus\u00edte hledat jinde dodavatele kokainu, heroinu, ketaminu a pervitinu. N\u00e1\u0161 internetov\u00fd obchod m\u00e1 nejv\u011bt\u0161\u00ed v\u00fdb\u011br pr\u00e1\u0161kov\u00e9ho heroinu a kokainu za nejv\u00fdhodn\u011bj\u0161\u00ed ceny. Na\u0161e spole\u010dnost poskytuje rychl\u00e9 odesl\u00e1n\u00ed, bezpe\u010dn\u00e9 nakupov\u00e1n\u00ed, specializovanou z\u00e1kaznickou podporu a mnoho dal\u0161\u00edho!<\/p>\n\n\t\t<\/div>\n\t<\/div>\n<\/div><\/div><\/div><\/div><\/div><div class=\"vc_row wpb_row top-row vc_custom_1657324614861 vc_row-has-fill porto-inner-container\"><div class=\"porto-wrap-container container\"><div class=\"row\"><div class=\"vc_column_container col-md-12\"><div class=\"wpb_wrapper vc_column-inner\"><div class=\"porto-u-heading  wpb_custom_785f1b59862835eed400b91fbcfd8561 porto-u-4040\"><div class=\"porto-u-main-heading\"><h2   style=\"color:#21293c;margin-bottom: 10px;\">PRO\u010c N\u00c1S VYBRAT<\/h2><\/div><style>.porto-u-4040.porto-u-heading{text-align:left}<\/style><\/div><div class=\"vc_row wpb_row vc_inner row\"><div class=\"vc_column_container col-md-4\"><div class=\"wpb_wrapper vc_column-inner\"><div class=\"porto-sicon-box  vc_custom_1704111045261 bg-white  wpb_custom_bcacaf36fe4b1e893a7caf1e07e874e3 style_1 top-icon\"><div class=\"porto-sicon-top\"><div class=\"porto-just-icon-wrapper porto-icon none\" style=\"color:#0088cc;font-size:55px;\"><i class=\"porto-icon-secure-payment\"><\/i><\/div><\/div><div class=\"porto-sicon-header\"><h3 class=\"porto-sicon-title\" style=\"font-weight:600;font-size:18px;line-height:20px;\">BEZPE\u010cN\u00c9 A ZABEZPE\u010cEN\u00c9 PLATBY<\/h3><\/div> <!-- header --><div class=\"porto-sicon-description\" style=\"font-size:15px;line-height:27px;\">Zavazujeme se chr\u00e1nit v\u00e1\u0161 n\u00e1kup a\u00a0va\u0161e osobn\u00ed \u00fadaje a\u00a0chceme, aby se na\u0161i z\u00e1kazn\u00edci c\u00edtili bezpe\u010dn\u011b p\u0159ed online transakcemi, b\u011bhem nich i\u00a0po nich.<\/div> <!-- description --><\/div><!-- porto-sicon-box --><\/div><\/div><div class=\"vc_column_container col-md-4\"><div class=\"wpb_wrapper vc_column-inner\"><div class=\"porto-sicon-box  vc_custom_1704111093783 bg-white  wpb_custom_bcacaf36fe4b1e893a7caf1e07e874e3 style_1 top-icon\"><div class=\"porto-sicon-top\"><div class=\"porto-just-icon-wrapper porto-icon none\" style=\"color:#0088cc;font-size:55px;\"><i class=\"porto-icon-us-dollar\"><\/i><\/div><\/div><div class=\"porto-sicon-header\"><h3 class=\"porto-sicon-title\" style=\"font-weight:600;font-size:18px;line-height:20px;\">100% Z\u00c1RUKA VR\u00c1CEN\u00cd PEN\u011aZ<\/h3><\/div> <!-- header --><div class=\"porto-sicon-description\" style=\"font-size:15px;line-height:27px;\">Na na\u0161i spolehlivost se m\u016f\u017eete spolehnout. Poskytujeme v\u00fdjime\u010dn\u00e9 slu\u017eby a uspokojujeme v\u0161echny pot\u0159eby na\u0161ich klient\u016f. M\u00e1te-li jak\u00e9koli dotazy, kontaktujte n\u00e1\u0161 t\u00fdm z\u00e1kaznick\u00fdch slu\u017eeb a my s v\u00e1mi budeme spolupracovat na nalezen\u00ed \u0159e\u0161en\u00ed.<\/div> <!-- description --><\/div><!-- porto-sicon-box --><\/div><\/div><div class=\"vc_column_container col-md-4\"><div class=\"wpb_wrapper vc_column-inner\"><div class=\"porto-sicon-box  vc_custom_1704111143441 bg-white  wpb_custom_bcacaf36fe4b1e893a7caf1e07e874e3 style_1 top-icon\"><div class=\"porto-sicon-top\"><div class=\"porto-just-icon-wrapper porto-icon none\" style=\"color:#0088cc;font-size:55px;\"><i class=\"porto-icon-online-support\"><\/i><\/div><\/div><div class=\"porto-sicon-header\"><h3 class=\"porto-sicon-title\" style=\"font-weight:600;font-size:18px;line-height:20px;\">24\/7 ONLINE-UNTERST\u00dcTZUNG<\/h3><\/div> <!-- header --><div class=\"porto-sicon-description\" style=\"font-size:15px;line-height:27px;\">Poskytujeme rychl\u00fd z\u00e1kaznick\u00fd servis pro v\u0161echny dotazy a dotazy na\u0161ich z\u00e1kazn\u00edk\u016f. M\u00e1te-li jak\u00e9koli dotazy, n\u00e1\u0161 t\u00fdm z\u00e1kaznick\u00fdch slu\u017eeb je v\u017edy k dispozici, aby v\u00e1m pomohl.<\/div> <!-- description --><\/div><!-- porto-sicon-box --><\/div><\/div><\/div><\/div><\/div><\/div><\/div><\/div><div class=\"vc_row wpb_row top-row vc_custom_1659143748727 porto-inner-container\"><div class=\"porto-wrap-container container\"><div class=\"row\"><div class=\"vc_column_container col-md-12\"><div class=\"wpb_wrapper vc_column-inner\"><div class=\"porto-u-heading  wpb_custom_785f1b59862835eed400b91fbcfd8561 porto-u-6424\"><div class=\"porto-u-main-heading\"><h2   style=\"color:#21293c;margin-bottom: 40px;\">\u0160\u0164ASTN\u00cd KLIENTI<\/h2><\/div><style>.porto-u-6424.porto-u-heading{text-align:center}<\/style><\/div><div class=\"vc_row wpb_row vc_inner row\"><div class=\"vc_column_container col-md-6\"><div class=\"wpb_wrapper vc_column-inner\"><div class=\"porto-testimonial wpb_content_element  mb-0 pb-2  wpb_custom_eb9dc94e408eaf82a5422add67a32507\"><div class=\"testimonial testimonial-style-3\"><div class=\"testimonial-author\"><p><strong style=\"color:#2b2b2d\">Derek<\/strong><span style=\"color:#62615e\"><\/span><\/p><\/div><div class=\"testimonial-arrow-down reversed\"><\/div><blockquote style=\"color:#62615e\"><p>Toto je nejlep\u0161\u00ed dostupn\u00e1 slu\u017eba. Lid\u00e9 v NarkoPr\u00e1\u0161ek jsou p\u0159\u00e1tel\u0161t\u00ed a ochotn\u00ed. V\u017edy jsou ochotni zodpov\u011bd\u011bt va\u0161e dotazy. Nemus\u00edm ztr\u00e1cet \u010das n\u011bkam chodit, proto\u017ee NarkoPr\u00e1\u0161ek mi produkt dodal v\u010das.<\/p><\/blockquote><\/div><\/div><\/div><\/div><div class=\"vc_column_container col-md-6\"><div class=\"wpb_wrapper vc_column-inner\"><div class=\"porto-testimonial wpb_content_element   wpb_custom_e149af975e3798c47e07bcbc1a01c3ec\"><div class=\"testimonial testimonial-style-3\"><div class=\"testimonial-author\"><p><strong style=\"color:#2b2b2d\">Tony Butler<\/strong><span style=\"color:#62615e\"><\/span><\/p><\/div><div class=\"testimonial-arrow-down reversed\"><\/div><blockquote style=\"color:#62615e\"><p>V\u00fdborn\u00e1 zku\u0161enost!! Odesl\u00e1n\u00ed bylo rychl\u00e9 a v\u010das, objedn\u00e1vka dorazila v po\u0159\u00e1dku. Skv\u011bl\u00e9 produkty a miluji d\u00e1rky a v\u00fdprodeje! D\u011bkuji<\/p><\/blockquote><\/div><\/div><\/div><\/div><\/div><\/div><\/div><\/div><\/div><\/div><div class=\"vc_row wpb_row top-row vc_custom_1659143788965 vc_row-has-fill porto-inner-container\"><div class=\"porto-wrap-container container\"><div class=\"row\"><div class=\"vc_column_container col-md-1-5\"><div class=\"wpb_wrapper vc_column-inner\"><div class=\"stats-block stats-left  d-inline-block  wpb_custom_a517333ace5b1666c6af8bd4684f1de9  vc_custom_1704111520425\"><div class=\"stats-desc\"><div id=\"counter_108392250069f5c954009d4\" data-id=\"counter_108392250069f5c954009d4\" class=\"stats-number\" style=\" font-weight:800;font-size:32px;line-height:32px;color:#0087cb;\" data-speed=\"3\" data-counter-value=\"2000\" data-separator=\",\" data-decimal=\".\">0<\/div><div class=\"counter_suffix mycust\" style=\" font-weight:800;font-size:32px;line-height:32px;color:#0087cb\">+<\/div><div class=\"stats-text\" style=\"font-weight:600;font-size:14px;line-height:25px;color:#7b858a;\">V\u011aRN\u00cd Z\u00c1KAZN\u00cdCI<\/div><\/div><\/div><\/div><\/div><div class=\"vc_column_container col-md-1-5\"><div class=\"wpb_wrapper vc_column-inner\"><div class=\"stats-block stats-left  d-inline-block  wpb_custom_a517333ace5b1666c6af8bd4684f1de9  vc_custom_1704111543749\"><div class=\"stats-desc\"><div id=\"counter_182661186069f5c95401b41\" data-id=\"counter_182661186069f5c95401b41\" class=\"stats-number\" style=\" font-weight:800;font-size:32px;line-height:32px;color:#0087cb;\" data-speed=\"3\" data-counter-value=\"30\" data-separator=\"none\" data-decimal=\".\">0<\/div><div class=\"counter_suffix mycust\" style=\" font-weight:800;font-size:32px;line-height:32px;color:#0087cb\">+<\/div><div class=\"stats-text\" style=\"font-weight:600;font-size:14px;line-height:25px;color:#7b858a;\">\u010cLENOV\u00c9 T\u00ddMU<\/div><\/div><\/div><\/div><\/div><div class=\"vc_column_container col-md-1-5\"><div class=\"wpb_wrapper vc_column-inner\"><div class=\"stats-block stats-left  d-inline-block  wpb_custom_a517333ace5b1666c6af8bd4684f1de9  vc_custom_1704111764536\"><div class=\"stats-desc\"><div id=\"counter_136401226569f5c954029d7\" data-id=\"counter_136401226569f5c954029d7\" class=\"stats-number\" style=\" font-weight:800;font-size:32px;line-height:32px;color:#0087cb;\" data-speed=\"3\" data-counter-value=\"4\" data-separator=\"none\" data-decimal=\".\">0<\/div><div class=\"counter_suffix mycust\" style=\" font-weight:800;font-size:32px;line-height:32px;color:#0087cb\">+<\/div><div class=\"stats-text\" style=\"font-weight:600;font-size:14px;line-height:25px;color:#7b858a;\">PODPORA K DISPOZICI<\/div><\/div><\/div><\/div><\/div><div class=\"vc_column_container col-md-1-5\"><div class=\"wpb_wrapper vc_column-inner\"><div class=\"stats-block stats-left  d-inline-block  wpb_custom_a517333ace5b1666c6af8bd4684f1de9  vc_custom_1704111587912\"><div class=\"stats-desc\"><div id=\"counter_65323453269f5c954035c1\" data-id=\"counter_65323453269f5c954035c1\" class=\"stats-number\" style=\" font-weight:800;font-size:32px;line-height:32px;color:#0087cb;\" data-speed=\"3\" data-counter-value=\"4500\" data-separator=\"none\" data-decimal=\".\">0<\/div><div class=\"counter_suffix mycust\" style=\" font-weight:800;font-size:32px;line-height:32px;color:#0087cb\">+<\/div><div class=\"stats-text\" style=\"font-weight:600;font-size:14px;line-height:25px;color:#7b858a;\">OBJEDN\u00c1VKY DORU\u010cENY<\/div><\/div><\/div><\/div><\/div><div class=\"vc_column_container col-md-1-5\"><div class=\"wpb_wrapper vc_column-inner\"><div class=\"stats-block stats-left  d-inline-block  wpb_custom_a517333ace5b1666c6af8bd4684f1de9  vc_custom_1704111641561\"><div class=\"stats-desc\"><div id=\"counter_179135405469f5c954041a9\" data-id=\"counter_179135405469f5c954041a9\" class=\"stats-number\" style=\" font-weight:800;font-size:32px;line-height:32px;color:#0087cb;\" data-speed=\"3\" data-counter-value=\"98\" data-separator=\"none\" data-decimal=\".\">0<\/div><div class=\"counter_suffix mycust\" style=\" font-weight:800;font-size:19px;line-height:32px;color:#0087cb\">%<\/div><div class=\"stats-text\" style=\"font-weight:600;font-size:14px;line-height:25px;color:#7b858a;\">POZITIVN\u00cd RECENZE<\/div><\/div><\/div><\/div><\/div><\/div><\/div><\/div>\n<\/div>","protected":false},"excerpt":{"rendered":"NA\u0160E MISE \"Na\u0161\u00edm posl\u00e1n\u00edm v NarkoPr\u00e1\u0161ek je poskytovat profesion\u00e1ln\u00ed, n\u00e1kladov\u011b efektivn\u00ed slu\u017ebu kokainu nebo koksu, heroinu, ketaminu a pervitinu, kter\u00e1 je na\u0161im z\u00e1kazn\u00edk\u016fm dod\u00e1v\u00e1na rychle a efektivn\u011b, ani\u017e by museli nav\u0161t\u00edvit na\u0161e za\u0159\u00edzen\u00ed.\" Pou\u017e\u00edv\u00e1me pouze nejrenomovan\u011bj\u0161\u00ed v\u00fdrobce a nejkvalitn\u011bj\u0161\u00ed kokain, heroin, pervitin a ketamin. Na\u0161i dodavatel\u00e9 ru\u010dn\u011b vyb\u00edraj\u00ed produkty, kter\u00e9 nab\u00edz\u00edme. V\u0161echny n\u00e1mi nab\u00edzen\u00e9 produkty [...]","protected":false},"author":1,"featured_media":0,"parent":0,"menu_order":0,"comment_status":"closed","ping_status":"closed","template":"","meta":{"_joinchat":[],"footnotes":""},"class_list":["post-848","page","type-page","status-publish","hentry"],"yoast_head":"<!-- This site is optimized with the Yoast SEO plugin v23.1 - https:\/\/yoast.com\/wordpress\/plugins\/seo\/ -->\n<title>O N\u00e1s - Narko Pr\u00e1\u0161ek<\/title>\n<meta name=\"robots\" content=\"index, follow, max-snippet:-1, max-image-preview:large, max-video-preview:-1\" \/>\n<link rel=\"canonical\" href=\"https:\/\/narkoprasek.com\/de\/o-nas\/\" \/>\n<meta property=\"og:locale\" content=\"de_DE\" \/>\n<meta property=\"og:type\" content=\"article\" \/>\n<meta property=\"og:title\" content=\"O N\u00e1s - Narko Pr\u00e1\u0161ek\" \/>\n<meta property=\"og:url\" content=\"https:\/\/narkoprasek.com\/de\/o-nas\/\" \/>\n<meta property=\"og:site_name\" content=\"Narko Pr\u00e1\u0161ek\" \/>\n<meta property=\"article:modified_time\" content=\"2024-01-01T12:23:08+00:00\" \/>\n<meta name=\"twitter:card\" content=\"summary_large_image\" \/>\n<meta name=\"twitter:label1\" content=\"Gesch\u00e4tzte Lesezeit\" \/>\n\t<meta name=\"twitter:data1\" content=\"9\u00a0Minuten\" \/>\n<script type=\"application\/ld+json\" class=\"yoast-schema-graph\">{\"@context\":\"https:\/\/schema.org\",\"@graph\":[{\"@type\":\"WebPage\",\"@id\":\"https:\/\/narkoprasek.com\/o-nas\/\",\"url\":\"https:\/\/narkoprasek.com\/o-nas\/\",\"name\":\"O N\u00e1s - Narko Pr\u00e1\u0161ek\",\"isPartOf\":{\"@id\":\"https:\/\/narkoprasek.com\/#website\"},\"datePublished\":\"2018-02-28T07:46:00+00:00\",\"dateModified\":\"2024-01-01T12:23:08+00:00\",\"breadcrumb\":{\"@id\":\"https:\/\/narkoprasek.com\/o-nas\/#breadcrumb\"},\"inLanguage\":\"de\",\"potentialAction\":[{\"@type\":\"ReadAction\",\"target\":[\"https:\/\/narkoprasek.com\/o-nas\/\"]}]},{\"@type\":\"BreadcrumbList\",\"@id\":\"https:\/\/narkoprasek.com\/o-nas\/#breadcrumb\",\"itemListElement\":[{\"@type\":\"ListItem\",\"position\":1,\"name\":\"Home\",\"item\":\"https:\/\/narkoprasek.com\/\"},{\"@type\":\"ListItem\",\"position\":2,\"name\":\"O N\u00e1s\"}]},{\"@type\":\"WebSite\",\"@id\":\"https:\/\/narkoprasek.com\/#website\",\"url\":\"https:\/\/narkoprasek.com\/\",\"name\":\"Narko Pr\u00e1\u0161ek\",\"description\":\"My WordPress Blog\",\"potentialAction\":[{\"@type\":\"SearchAction\",\"target\":{\"@type\":\"EntryPoint\",\"urlTemplate\":\"https:\/\/narkoprasek.com\/?s={search_term_string}\"},\"query-input\":\"required name=search_term_string\"}],\"inLanguage\":\"de\"}]}<\/script>\n<!-- \/ Yoast SEO plugin. -->","yoast_head_json":{"title":"O N\u00e1s - Narko Pr\u00e1\u0161ek","robots":{"index":"index","follow":"follow","max-snippet":"max-snippet:-1","max-image-preview":"max-image-preview:large","max-video-preview":"max-video-preview:-1"},"canonical":"https:\/\/narkoprasek.com\/de\/o-nas\/","og_locale":"de_DE","og_type":"article","og_title":"O N\u00e1s - Narko Pr\u00e1\u0161ek","og_url":"https:\/\/narkoprasek.com\/de\/o-nas\/","og_site_name":"Narko Pr\u00e1\u0161ek","article_modified_time":"2024-01-01T12:23:08+00:00","twitter_card":"summary_large_image","twitter_misc":{"Gesch\u00e4tzte Lesezeit":"9\u00a0Minuten"},"schema":{"@context":"https:\/\/schema.org","@graph":[{"@type":"WebPage","@id":"https:\/\/narkoprasek.com\/o-nas\/","url":"https:\/\/narkoprasek.com\/o-nas\/","name":"O N\u00e1s - Narko Pr\u00e1\u0161ek","isPartOf":{"@id":"https:\/\/narkoprasek.com\/#website"},"datePublished":"2018-02-28T07:46:00+00:00","dateModified":"2024-01-01T12:23:08+00:00","breadcrumb":{"@id":"https:\/\/narkoprasek.com\/o-nas\/#breadcrumb"},"inLanguage":"de","potentialAction":[{"@type":"ReadAction","target":["https:\/\/narkoprasek.com\/o-nas\/"]}]},{"@type":"BreadcrumbList","@id":"https:\/\/narkoprasek.com\/o-nas\/#breadcrumb","itemListElement":[{"@type":"ListItem","position":1,"name":"Home","item":"https:\/\/narkoprasek.com\/"},{"@type":"ListItem","position":2,"name":"O N\u00e1s"}]},{"@type":"WebSite","@id":"https:\/\/narkoprasek.com\/#website","url":"https:\/\/narkoprasek.com\/","name":"Narko Pr\u00e1\u0161ek","description":"My WordPress Blog","potentialAction":[{"@type":"SearchAction","target":{"@type":"EntryPoint","urlTemplate":"https:\/\/narkoprasek.com\/?s={search_term_string}"},"query-input":"required name=search_term_string"}],"inLanguage":"de"}]}},"_links":{"self":[{"href":"https:\/\/narkoprasek.com\/de\/wp-json\/wp\/v2\/pages\/848","targetHints":{"allow":["GET"]}}],"collection":[{"href":"https:\/\/narkoprasek.com\/de\/wp-json\/wp\/v2\/pages"}],"about":[{"href":"https:\/\/narkoprasek.com\/de\/wp-json\/wp\/v2\/types\/page"}],"author":[{"embeddable":true,"href":"https:\/\/narkoprasek.com\/de\/wp-json\/wp\/v2\/users\/1"}],"replies":[{"embeddable":true,"href":"https:\/\/narkoprasek.com\/de\/wp-json\/wp\/v2\/comments?post=848"}],"version-history":[{"count":3,"href":"https:\/\/narkoprasek.com\/de\/wp-json\/wp\/v2\/pages\/848\/revisions"}],"predecessor-version":[{"id":5333,"href":"https:\/\/narkoprasek.com\/de\/wp-json\/wp\/v2\/pages\/848\/revisions\/5333"}],"wp:attachment":[{"href":"https:\/\/narkoprasek.com\/de\/wp-json\/wp\/v2\/media?parent=848"}],"curies":[{"name":"wp","href":"https:\/\/api.w.org\/{rel}","templated":true}]}}