{"id":848,"date":"2018-02-28T07:46:00","date_gmt":"2018-02-28T07:46:00","guid":{"rendered":"http:\/\/sw-themes.com\/porto_dummy\/?page_id=848"},"modified":"2024-01-01T12:23:08","modified_gmt":"2024-01-01T12:23:08","slug":"o-nas","status":"publish","type":"page","link":"https:\/\/narkoprasek.com\/da\/om-os\/","title":{"rendered":"Om os"},"content":{"rendered":"<div class=\"wpb-content-wrapper\"><div class=\"vc_row wpb_row top-row vc_custom_1657324574017 porto-inner-container\"><div class=\"porto-wrap-container container\"><div class=\"row\"><div class=\"vc_column_container col-md-12\"><div class=\"wpb_wrapper vc_column-inner\"><div class=\"porto-u-heading  wpb_custom_785f1b59862835eed400b91fbcfd8561 porto-u-1030\"><div class=\"porto-u-main-heading\"><h2   style=\"color:#21293c;margin-bottom: 10px;\">VORES MIX<\/h2><\/div><style>.porto-u-1030.porto-u-heading{text-align:left}<\/style><\/div>\n\t<div class=\"wpb_text_column wpb_content_element\" >\n\t\t<div class=\"wpb_wrapper\">\n\t\t\t<h3 style=\"color: #21293c; font-size: 18px; line-height: 27px; font-weight: 400;\">\"Vores mission hos NarcoPowder er at levere en professionel, omkostningseffektiv kokain- eller coke-, heroin-, ketamin- og meth-service, der leveres hurtigt og effektivt til vores kunder, uden at de beh\u00f8ver at bes\u00f8ge vores anl\u00e6g.\"<\/h3>\n\n\t\t<\/div>\n\t<\/div>\n\n\t<div class=\"wpb_text_column wpb_content_element\" >\n\t\t<div class=\"wpb_wrapper\">\n\t\t\t<p style=\"text-align: justify;\">Vi bruger kun de mest velrenommerede producenter og kokain, heroin, meth og ketamin af h\u00f8jeste kvalitet. Vores leverand\u00f8rer h\u00e5ndplukker de produkter, vi tilbyder. Alle de produkter, vi tilbyder, er blevet testet for kvalitet og har kvalitetskontrolcertifikater. Vi overv\u00e5ger konstant kundernes feedback og f\u00f8lger r\u00e5dene fra vores ekspertr\u00e5dgivere. Vi udv\u00e6lger de bedste produkter fra de mest velrenommerede og kendte producenter af reng\u00f8ringsmidler i hele verden.<\/p>\n<p style=\"text-align: justify;\">Kundetilfredshed er vores h\u00f8jeste prioritet; alle vores produkter er til rimelige priser, s\u00e5 du ikke beh\u00f8ver at lede andre steder efter leverand\u00f8rer af kokain, heroin, ketamin og meth. Vores onlinebutik har det st\u00f8rste udvalg af pulveriseret heroin og kokain til de mest konkurrencedygtige priser. Vores firma tilbyder hurtig forsendelse, sikker shopping, dedikeret kundesupport og meget mere!<\/p>\n\n\t\t<\/div>\n\t<\/div>\n<\/div><\/div><\/div><\/div><\/div><div class=\"vc_row wpb_row top-row vc_custom_1657324614861 vc_row-has-fill porto-inner-container\"><div class=\"porto-wrap-container container\"><div class=\"row\"><div class=\"vc_column_container col-md-12\"><div class=\"wpb_wrapper vc_column-inner\"><div class=\"porto-u-heading  wpb_custom_785f1b59862835eed400b91fbcfd8561 porto-u-4159\"><div class=\"porto-u-main-heading\"><h2   style=\"color:#21293c;margin-bottom: 10px;\">HVORFOR V\u00c6LGE OS<\/h2><\/div><style>.porto-u-4159.porto-u-heading{text-align:left}<\/style><\/div><div class=\"vc_row wpb_row vc_inner row\"><div class=\"vc_column_container col-md-4\"><div class=\"wpb_wrapper vc_column-inner\"><div class=\"porto-sicon-box  vc_custom_1704111045261 bg-white  wpb_custom_bcacaf36fe4b1e893a7caf1e07e874e3 style_1 top-icon\"><div class=\"porto-sicon-top\"><div class=\"porto-just-icon-wrapper porto-icon none\" style=\"color:#0088cc;font-size:55px;\"><i class=\"porto-icon-secure-payment\"><\/i><\/div><\/div><div class=\"porto-sicon-header\"><h3 class=\"porto-sicon-title\" style=\"font-weight:600;font-size:18px;line-height:20px;\">SIKRE OG TRYGGE BETALINGER<\/h3><\/div> <!-- header --><div class=\"porto-sicon-description\" style=\"font-size:15px;line-height:27px;\">Vi er forpligtet til at beskytte dit k\u00f8b og dine personlige oplysninger og \u00f8nsker, at vores kunder skal f\u00f8le sig trygge f\u00f8r, under og efter deres onlinetransaktioner.<\/div> <!-- description --><\/div><!-- porto-sicon-box --><\/div><\/div><div class=\"vc_column_container col-md-4\"><div class=\"wpb_wrapper vc_column-inner\"><div class=\"porto-sicon-box  vc_custom_1704111093783 bg-white  wpb_custom_bcacaf36fe4b1e893a7caf1e07e874e3 style_1 top-icon\"><div class=\"porto-sicon-top\"><div class=\"porto-just-icon-wrapper porto-icon none\" style=\"color:#0088cc;font-size:55px;\"><i class=\"porto-icon-us-dollar\"><\/i><\/div><\/div><div class=\"porto-sicon-header\"><h3 class=\"porto-sicon-title\" style=\"font-weight:600;font-size:18px;line-height:20px;\">100% PENGENE TILBAGE GARANTI<\/h3><\/div> <!-- header --><div class=\"porto-sicon-description\" style=\"font-size:15px;line-height:27px;\">Du kan stole p\u00e5 vores p\u00e5lidelighed. Vi yder enest\u00e5ende service og opfylder alle vores kunders behov. Hvis du har sp\u00f8rgsm\u00e5l, kan du kontakte vores kundeserviceteam, s\u00e5 finder vi en l\u00f8sning sammen med dig.<\/div> <!-- description --><\/div><!-- porto-sicon-box --><\/div><\/div><div class=\"vc_column_container col-md-4\"><div class=\"wpb_wrapper vc_column-inner\"><div class=\"porto-sicon-box  vc_custom_1704111143441 bg-white  wpb_custom_bcacaf36fe4b1e893a7caf1e07e874e3 style_1 top-icon\"><div class=\"porto-sicon-top\"><div class=\"porto-just-icon-wrapper porto-icon none\" style=\"color:#0088cc;font-size:55px;\"><i class=\"porto-icon-online-support\"><\/i><\/div><\/div><div class=\"porto-sicon-header\"><h3 class=\"porto-sicon-title\" style=\"font-weight:600;font-size:18px;line-height:20px;\">24\/7 ONLINE SUPPORT<\/h3><\/div> <!-- header --><div class=\"porto-sicon-description\" style=\"font-size:15px;line-height:27px;\">Vi yder hurtig kundeservice til alle vores kunders sp\u00f8rgsm\u00e5l og foresp\u00f8rgsler. Hvis du har sp\u00f8rgsm\u00e5l, st\u00e5r vores kundeserviceteam altid klar til at hj\u00e6lpe.<\/div> <!-- description --><\/div><!-- porto-sicon-box --><\/div><\/div><\/div><\/div><\/div><\/div><\/div><\/div><div class=\"vc_row wpb_row top-row vc_custom_1659143748727 porto-inner-container\"><div class=\"porto-wrap-container container\"><div class=\"row\"><div class=\"vc_column_container col-md-12\"><div class=\"wpb_wrapper vc_column-inner\"><div class=\"porto-u-heading  wpb_custom_785f1b59862835eed400b91fbcfd8561 porto-u-3489\"><div class=\"porto-u-main-heading\"><h2   style=\"color:#21293c;margin-bottom: 40px;\">LYKKELIGE KUNDER<\/h2><\/div><style>.porto-u-3489.porto-u-heading{text-align:center}<\/style><\/div><div class=\"vc_row wpb_row vc_inner row\"><div class=\"vc_column_container col-md-6\"><div class=\"wpb_wrapper vc_column-inner\"><div class=\"porto-testimonial wpb_content_element  mb-0 pb-2  wpb_custom_eb9dc94e408eaf82a5422add67a32507\"><div class=\"testimonial testimonial-style-3\"><div class=\"testimonial-author\"><p><strong style=\"color:#2b2b2d\">Derek<\/strong><span style=\"color:#62615e\"><\/span><\/p><\/div><div class=\"testimonial-arrow-down reversed\"><\/div><blockquote style=\"color:#62615e\"><p>Det er den bedste service, der findes. Folkene hos NarkoPrasek er venlige og hj\u00e6lpsomme. De er altid villige til at besvare dine sp\u00f8rgsm\u00e5l. Jeg beh\u00f8ver ikke at spilde tid p\u00e5 at tage et sted hen, fordi NarcoPowder leverede produktet til mig til tiden.<\/p><\/blockquote><\/div><\/div><\/div><\/div><div class=\"vc_column_container col-md-6\"><div class=\"wpb_wrapper vc_column-inner\"><div class=\"porto-testimonial wpb_content_element   wpb_custom_e149af975e3798c47e07bcbc1a01c3ec\"><div class=\"testimonial testimonial-style-3\"><div class=\"testimonial-author\"><p><strong style=\"color:#2b2b2d\">Tony Butler<\/strong><span style=\"color:#62615e\"><\/span><\/p><\/div><div class=\"testimonial-arrow-down reversed\"><\/div><blockquote style=\"color:#62615e\"><p>Fremragende oplevelse!!! Forsendelsen var hurtig og til tiden, ordren ankom i orden. Fantastiske produkter og elsker giveaways og salg! Tak skal du have<\/p><\/blockquote><\/div><\/div><\/div><\/div><\/div><\/div><\/div><\/div><\/div><\/div><div class=\"vc_row wpb_row top-row vc_custom_1659143788965 vc_row-has-fill porto-inner-container\"><div class=\"porto-wrap-container container\"><div class=\"row\"><div class=\"vc_column_container col-md-1-5\"><div class=\"wpb_wrapper vc_column-inner\"><div class=\"stats-block stats-left  d-inline-block  wpb_custom_a517333ace5b1666c6af8bd4684f1de9  vc_custom_1704111520425\"><div class=\"stats-desc\"><div id=\"counter_183193566369ecac616e164\" data-id=\"counter_183193566369ecac616e164\" class=\"stats-number\" style=\" font-weight:800;font-size:32px;line-height:32px;color:#0087cb;\" data-speed=\"3\" data-counter-value=\"2000\" data-separator=\",\" data-decimal=\".\">0<\/div><div class=\"counter_suffix mycust\" style=\" font-weight:800;font-size:32px;line-height:32px;color:#0087cb\">+<\/div><div class=\"stats-text\" style=\"font-weight:600;font-size:14px;line-height:25px;color:#7b858a;\">LOYALE KUNDER<\/div><\/div><\/div><\/div><\/div><div class=\"vc_column_container col-md-1-5\"><div class=\"wpb_wrapper vc_column-inner\"><div class=\"stats-block stats-left  d-inline-block  wpb_custom_a517333ace5b1666c6af8bd4684f1de9  vc_custom_1704111543749\"><div class=\"stats-desc\"><div id=\"counter_41965882669ecac616e3f4\" data-id=\"counter_41965882669ecac616e3f4\" class=\"stats-number\" style=\" font-weight:800;font-size:32px;line-height:32px;color:#0087cb;\" data-speed=\"3\" data-counter-value=\"30\" data-separator=\"none\" data-decimal=\".\">0<\/div><div class=\"counter_suffix mycust\" style=\" font-weight:800;font-size:32px;line-height:32px;color:#0087cb\">+<\/div><div class=\"stats-text\" style=\"font-weight:600;font-size:14px;line-height:25px;color:#7b858a;\">TEAMMEDLEMMER<\/div><\/div><\/div><\/div><\/div><div class=\"vc_column_container col-md-1-5\"><div class=\"wpb_wrapper vc_column-inner\"><div class=\"stats-block stats-left  d-inline-block  wpb_custom_a517333ace5b1666c6af8bd4684f1de9  vc_custom_1704111764536\"><div class=\"stats-desc\"><div id=\"counter_86748147969ecac616e67f\" data-id=\"counter_86748147969ecac616e67f\" class=\"stats-number\" style=\" font-weight:800;font-size:32px;line-height:32px;color:#0087cb;\" data-speed=\"3\" data-counter-value=\"4\" data-separator=\"none\" data-decimal=\".\">0<\/div><div class=\"counter_suffix mycust\" style=\" font-weight:800;font-size:32px;line-height:32px;color:#0087cb\">+<\/div><div class=\"stats-text\" style=\"font-weight:600;font-size:14px;line-height:25px;color:#7b858a;\">SUPPORT TIL R\u00c5DIGHED<\/div><\/div><\/div><\/div><\/div><div class=\"vc_column_container col-md-1-5\"><div class=\"wpb_wrapper vc_column-inner\"><div class=\"stats-block stats-left  d-inline-block  wpb_custom_a517333ace5b1666c6af8bd4684f1de9  vc_custom_1704111587912\"><div class=\"stats-desc\"><div id=\"counter_118858839469ecac616e912\" data-id=\"counter_118858839469ecac616e912\" class=\"stats-number\" style=\" font-weight:800;font-size:32px;line-height:32px;color:#0087cb;\" data-speed=\"3\" data-counter-value=\"4500\" data-separator=\"none\" data-decimal=\".\">0<\/div><div class=\"counter_suffix mycust\" style=\" font-weight:800;font-size:32px;line-height:32px;color:#0087cb\">+<\/div><div class=\"stats-text\" style=\"font-weight:600;font-size:14px;line-height:25px;color:#7b858a;\">LEVEREDE ORDRER<\/div><\/div><\/div><\/div><\/div><div class=\"vc_column_container col-md-1-5\"><div class=\"wpb_wrapper vc_column-inner\"><div class=\"stats-block stats-left  d-inline-block  wpb_custom_a517333ace5b1666c6af8bd4684f1de9  vc_custom_1704111641561\"><div class=\"stats-desc\"><div id=\"counter_200254169969ecac616eb95\" data-id=\"counter_200254169969ecac616eb95\" class=\"stats-number\" style=\" font-weight:800;font-size:32px;line-height:32px;color:#0087cb;\" data-speed=\"3\" data-counter-value=\"98\" data-separator=\"none\" data-decimal=\".\">0<\/div><div class=\"counter_suffix mycust\" style=\" font-weight:800;font-size:19px;line-height:32px;color:#0087cb\">%<\/div><div class=\"stats-text\" style=\"font-weight:600;font-size:14px;line-height:25px;color:#7b858a;\">POSITIVE ANMELDELSER<\/div><\/div><\/div><\/div><\/div><\/div><\/div><\/div>\n<\/div>","protected":false},"excerpt":{"rendered":"NA\u0160E MISE \"Na\u0161\u00edm posl\u00e1n\u00edm v NarkoPr\u00e1\u0161ek je poskytovat profesion\u00e1ln\u00ed, n\u00e1kladov\u011b efektivn\u00ed slu\u017ebu kokainu nebo koksu, heroinu, ketaminu a pervitinu, kter\u00e1 je na\u0161im z\u00e1kazn\u00edk\u016fm dod\u00e1v\u00e1na rychle a efektivn\u011b, ani\u017e by museli nav\u0161t\u00edvit na\u0161e za\u0159\u00edzen\u00ed.\" Pou\u017e\u00edv\u00e1me pouze nejrenomovan\u011bj\u0161\u00ed v\u00fdrobce a nejkvalitn\u011bj\u0161\u00ed kokain, heroin, pervitin a ketamin. Na\u0161i dodavatel\u00e9 ru\u010dn\u011b vyb\u00edraj\u00ed produkty, kter\u00e9 nab\u00edz\u00edme. V\u0161echny n\u00e1mi nab\u00edzen\u00e9 produkty [...]","protected":false},"author":1,"featured_media":0,"parent":0,"menu_order":0,"comment_status":"closed","ping_status":"closed","template":"","meta":{"_joinchat":[],"footnotes":""},"class_list":["post-848","page","type-page","status-publish","hentry"],"yoast_head":"<!-- This site is optimized with the Yoast SEO plugin v23.1 - https:\/\/yoast.com\/wordpress\/plugins\/seo\/ -->\n<title>O N\u00e1s - Narko Pr\u00e1\u0161ek<\/title>\n<meta name=\"robots\" content=\"index, follow, max-snippet:-1, max-image-preview:large, max-video-preview:-1\" \/>\n<link rel=\"canonical\" href=\"https:\/\/narkoprasek.com\/da\/om-os\/\" \/>\n<meta property=\"og:locale\" content=\"da_DK\" \/>\n<meta property=\"og:type\" content=\"article\" \/>\n<meta property=\"og:title\" content=\"O N\u00e1s - Narko Pr\u00e1\u0161ek\" \/>\n<meta property=\"og:url\" content=\"https:\/\/narkoprasek.com\/da\/om-os\/\" \/>\n<meta property=\"og:site_name\" content=\"Narko Pr\u00e1\u0161ek\" \/>\n<meta property=\"article:modified_time\" content=\"2024-01-01T12:23:08+00:00\" \/>\n<meta name=\"twitter:card\" content=\"summary_large_image\" \/>\n<meta name=\"twitter:label1\" content=\"Est. reading time\" \/>\n\t<meta name=\"twitter:data1\" content=\"9 minutes\" \/>\n<script type=\"application\/ld+json\" class=\"yoast-schema-graph\">{\"@context\":\"https:\/\/schema.org\",\"@graph\":[{\"@type\":\"WebPage\",\"@id\":\"https:\/\/narkoprasek.com\/o-nas\/\",\"url\":\"https:\/\/narkoprasek.com\/o-nas\/\",\"name\":\"O N\u00e1s - Narko Pr\u00e1\u0161ek\",\"isPartOf\":{\"@id\":\"https:\/\/narkoprasek.com\/#website\"},\"datePublished\":\"2018-02-28T07:46:00+00:00\",\"dateModified\":\"2024-01-01T12:23:08+00:00\",\"breadcrumb\":{\"@id\":\"https:\/\/narkoprasek.com\/o-nas\/#breadcrumb\"},\"inLanguage\":\"da-DK\",\"potentialAction\":[{\"@type\":\"ReadAction\",\"target\":[\"https:\/\/narkoprasek.com\/o-nas\/\"]}]},{\"@type\":\"BreadcrumbList\",\"@id\":\"https:\/\/narkoprasek.com\/o-nas\/#breadcrumb\",\"itemListElement\":[{\"@type\":\"ListItem\",\"position\":1,\"name\":\"Home\",\"item\":\"https:\/\/narkoprasek.com\/\"},{\"@type\":\"ListItem\",\"position\":2,\"name\":\"O N\u00e1s\"}]},{\"@type\":\"WebSite\",\"@id\":\"https:\/\/narkoprasek.com\/#website\",\"url\":\"https:\/\/narkoprasek.com\/\",\"name\":\"Narko Pr\u00e1\u0161ek\",\"description\":\"My WordPress Blog\",\"potentialAction\":[{\"@type\":\"SearchAction\",\"target\":{\"@type\":\"EntryPoint\",\"urlTemplate\":\"https:\/\/narkoprasek.com\/?s={search_term_string}\"},\"query-input\":\"required name=search_term_string\"}],\"inLanguage\":\"da-DK\"}]}<\/script>\n<!-- \/ Yoast SEO plugin. -->","yoast_head_json":{"title":"O N\u00e1s - Narko Pr\u00e1\u0161ek","robots":{"index":"index","follow":"follow","max-snippet":"max-snippet:-1","max-image-preview":"max-image-preview:large","max-video-preview":"max-video-preview:-1"},"canonical":"https:\/\/narkoprasek.com\/da\/om-os\/","og_locale":"da_DK","og_type":"article","og_title":"O N\u00e1s - Narko Pr\u00e1\u0161ek","og_url":"https:\/\/narkoprasek.com\/da\/om-os\/","og_site_name":"Narko Pr\u00e1\u0161ek","article_modified_time":"2024-01-01T12:23:08+00:00","twitter_card":"summary_large_image","twitter_misc":{"Est. reading time":"9 minutes"},"schema":{"@context":"https:\/\/schema.org","@graph":[{"@type":"WebPage","@id":"https:\/\/narkoprasek.com\/o-nas\/","url":"https:\/\/narkoprasek.com\/o-nas\/","name":"O N\u00e1s - Narko Pr\u00e1\u0161ek","isPartOf":{"@id":"https:\/\/narkoprasek.com\/#website"},"datePublished":"2018-02-28T07:46:00+00:00","dateModified":"2024-01-01T12:23:08+00:00","breadcrumb":{"@id":"https:\/\/narkoprasek.com\/o-nas\/#breadcrumb"},"inLanguage":"da-DK","potentialAction":[{"@type":"ReadAction","target":["https:\/\/narkoprasek.com\/o-nas\/"]}]},{"@type":"BreadcrumbList","@id":"https:\/\/narkoprasek.com\/o-nas\/#breadcrumb","itemListElement":[{"@type":"ListItem","position":1,"name":"Home","item":"https:\/\/narkoprasek.com\/"},{"@type":"ListItem","position":2,"name":"O N\u00e1s"}]},{"@type":"WebSite","@id":"https:\/\/narkoprasek.com\/#website","url":"https:\/\/narkoprasek.com\/","name":"Narko Pr\u00e1\u0161ek","description":"My WordPress Blog","potentialAction":[{"@type":"SearchAction","target":{"@type":"EntryPoint","urlTemplate":"https:\/\/narkoprasek.com\/?s={search_term_string}"},"query-input":"required name=search_term_string"}],"inLanguage":"da-DK"}]}},"_links":{"self":[{"href":"https:\/\/narkoprasek.com\/da\/wp-json\/wp\/v2\/pages\/848","targetHints":{"allow":["GET"]}}],"collection":[{"href":"https:\/\/narkoprasek.com\/da\/wp-json\/wp\/v2\/pages"}],"about":[{"href":"https:\/\/narkoprasek.com\/da\/wp-json\/wp\/v2\/types\/page"}],"author":[{"embeddable":true,"href":"https:\/\/narkoprasek.com\/da\/wp-json\/wp\/v2\/users\/1"}],"replies":[{"embeddable":true,"href":"https:\/\/narkoprasek.com\/da\/wp-json\/wp\/v2\/comments?post=848"}],"version-history":[{"count":3,"href":"https:\/\/narkoprasek.com\/da\/wp-json\/wp\/v2\/pages\/848\/revisions"}],"predecessor-version":[{"id":5333,"href":"https:\/\/narkoprasek.com\/da\/wp-json\/wp\/v2\/pages\/848\/revisions\/5333"}],"wp:attachment":[{"href":"https:\/\/narkoprasek.com\/da\/wp-json\/wp\/v2\/media?parent=848"}],"curies":[{"name":"wp","href":"https:\/\/api.w.org\/{rel}","templated":true}]}}